{"id":713,"date":"2021-04-10T12:06:44","date_gmt":"2021-04-10T12:06:44","guid":{"rendered":"https:\/\/pidzaama-ee.vserver.zonevs.eu\/muugitingimused\/"},"modified":"2022-10-25T17:02:54","modified_gmt":"2022-10-25T17:02:54","slug":"muugitingimused","status":"publish","type":"page","link":"https:\/\/pidzaama.ee\/en\/muugitingimused\/","title":{"rendered":"TERMS &#038; CONDITIONS"},"content":{"rendered":"<p style=\"font-weight: 400;\"><strong>M\u00dc\u00dcGITINGIMUSED<\/strong><\/p>\n<p style=\"font-weight: 400;\">Veebipoe PIDZAAMA HOUSE (edaspidi Veebipood) omanik on NKT O\u00dc (registrikood 16028012), asukohaga P\u00e4evalille tee 52, Maardu, Eesti 74117.<\/p>\n<p style=\"font-weight: 400;\"><strong>M\u00fc\u00fcgilepingu kehtivus, kauba- ja hinnainfo<\/strong><\/p>\n<p style=\"font-weight: 400;\">M\u00fc\u00fcgitingimused kehtivad\u00a0Veebipoest kaupade ostmisel.<\/p>\n<p style=\"font-weight: 400;\">Veebipoes m\u00fc\u00fcdavate toodete hinnad on m\u00e4rgitud toodete juurde. Hinnale lisandub tasu kauba k\u00e4ttetoimetamise eest. K\u00f5ik veebipoes m\u00fc\u00fcdavate kaupade hinnad on eurodes.<\/p>\n<p style=\"font-weight: 400;\">Teave kauba kohta on esitatud Veebipoes vahetult kauba juures.<\/p>\n<p style=\"font-weight: 400;\"><strong>Tellimuse vormistamine<\/strong><\/p>\n<p style=\"font-weight: 400;\">Kauba tellimiseks tuleb lisada soovitud tooted ostukorvi,\u00a0klikkides nupul \u201cLisa ostukorvi\u201d. Tellimuse vormistamiseks tuleb t\u00e4ita n\u00f5utud andmev\u00e4ljad ning valida sobiv toodete kohaletoimetamise viis. Seej\u00e4rel kuvatakse ekraanile tasu suurus, mille saab tasuda turvaliselt l\u00e4bi j\u00e4rgnevate makseviiside:<\/p>\n<ul>\n<li style=\"font-weight: 400;\">Eesti pangalingid: Swedbank, SEB, Luminor, LHV, Coop Pank, Pocopay<\/li>\n<\/ul>\n<p style=\"font-weight: 400;\">NB! Pangalingiga tasumisel vajutada kindlasti panga lehel nupule \u201eTagasi kaupmehe juurde\u201c.<\/p>\n<p style=\"font-weight: 400;\">Makseid vahendab\u00a0<a href=\"http:\/\/www.maksekeskus.ee\/\">Maksekeskus AS<\/a>. Tasumine toimub v\u00e4ljaspool Veebipoodi turvalises keskkonnas \u2013 pangalingiga tasumisel vastava panga turvalises keskkonnas. M\u00fc\u00fcjal puudub ligip\u00e4\u00e4s kliendi panga. Leping j\u00f5ustub alates tasumisele kuuluva summa laekumisest Veebipoe arvelduskontole.<\/p>\n<p style=\"font-weight: 400;\">Veebipoe omanik on isikuandmete vastutav t\u00f6\u00f6tleja ning edastab maksete teostamiseks vajalikud isikuandmed volitatud t\u00f6\u00f6tleja Maksekeskus AS-le.<\/p>\n<p style=\"font-weight: 400;\">P\u00e4rast Toote eest tasumist saadab Veebipood Kliendi e-postile tellimuse kinnituse.<\/p>\n<p>Klient kohustub tellimuse vormistamisel esitama tellimuse t\u00e4itmiseks vajalikud, t\u00f5esed andmed.<\/p>\n<p>Veebipood ei vastuta tellimuse t\u00e4itmisel Kliendi poolt esitatud ebakorrektsetest andmetest tingitud t\u00e4itmise v\u00f5imatuse v\u00f5i mistahes sellest tulenevate tagaj\u00e4rgede eest.<\/p>\n<p>M\u00fc\u00fcjal on \u00f5igus loobuda tellimuse t\u00e4itmisest kui tekib kahtlus M\u00fc\u00fcjale esitatud andmete \u00f5igsuses ja headele tavadele mittevastava k\u00e4itumise puhul.<\/p>\n<p style=\"font-weight: 400;\">Kui tellitud kaupa ei ole v\u00f5imalik tarnida seoses kauba l\u00f5ppemisega v\u00f5i muul p\u00f5hjusel, teavitatakse sellest ostjat esimesel v\u00f5imalusel ning tagastatakse tasutud raha (sh kauba k\u00e4ttetoimetamise kulud) viivitamata, kuid mitte hiljem kui 14 p\u00e4eva jooksul teate saatmisest.<\/p>\n<p style=\"font-weight: 400;\"><strong>Kohaletoimetamine<\/strong><\/p>\n<p style=\"font-weight: 400;\">Kaupu saadetakse j\u00e4rgmistesse riikidesse:\u00a0Eesti<\/p>\n<p style=\"font-weight: 400;\">Kauba k\u00e4ttesaamiseks on ostjal j\u00e4rgnevad valikud:\u00a0Omniva AS\u00a0pakiautomaat, v\u00f5i kulleriga<\/p>\n<p style=\"font-weight: 400;\">Kauba saatmiskulud kannab ostja ning vastav hinnainfo on kuvatud saatmisviisi juures.<\/p>\n<p style=\"font-weight: 400;\">Eestisisesed saadetised j\u00f5uavad \u00fcldjuhul ostja m\u00e4\u00e4ratud sihtpunkti\u00a01-3t\u00f6\u00f6p\u00e4eva jooksul alates m\u00fc\u00fcgilepingu j\u00f5ustumisest.<\/p>\n<p style=\"font-weight: 400;\">Erandlikel juhtumitel on \u00f5igus kaup kohale toimetada kuni 30 kalendrip\u00e4eva jooksul.<\/p>\n<p style=\"font-weight: 400;\"><strong>Taganemis\u00f5igus<\/strong><\/p>\n<p style=\"font-weight: 400;\">P\u00e4rast tellimuse k\u00e4ttesaamist on ostjal \u00f5igus e-poes s\u00f5lmitud lepingust taganeda 14 p\u00e4eva jooksul.<\/p>\n<p style=\"font-weight: 400;\">Taganemis\u00f5igus ei kohaldu, kui ostjaks on juriidiline isik.<\/p>\n<p style=\"font-weight: 400;\">\u00a0\u00a0\u00a0\u00a0\u00a0Kauba tagastamiseks peavad olema t\u00e4idetud j\u00e4rgmised tingimused:<\/p>\n<ul>\n<li style=\"font-weight: 400;\">kaupei tohi olla kantud ega kuidagi moodi kasutatud;<\/li>\n<li style=\"font-weight: 400;\">kauppeab olema t\u00e4iesti\u00a0\u00a0samasugune ning sama v\u00e4\u00e4rtusega, nagu k\u00e4tte saades;<\/li>\n<li style=\"font-weight: 400;\">kauppeab olema originaalses pakendis ning kaubandusliku v\u00e4limusega;<\/li>\n<li style=\"font-weight: 400;\">kaubalpeavad alles olema k\u00f5ik sildid;<\/li>\n<li style=\"font-weight: 400;\">kaup on ostetud t\u00e4ishinnaga, ilma soodustuseta.<\/li>\n<\/ul>\n<p style=\"font-weight: 400;\">Kauba tagastamiseks tuleb esitada kauba ostmisest taganemise avaldus, mille vormi leiab siit:\u00a0<em>taganemisavaldus<\/em>\u00a0ning saata see e-posti aadressile\u00a0<a href=\"mailto:pidzaama@gmail.com\">pidzaama@gmail.com<\/a>\u00a0hiljemalt 14 p\u00e4eva jooksul kauba k\u00e4ttesaamisest.<\/p>\n<p style=\"font-weight: 400;\">Kauba tagastamise kulud kannab ostja, v\u00e4lja arvatud juhul, kui tagastamise p\u00f5hjus seisneb asjaolus, et tagastamisele kuuluv toode ei vasta tellitule (nt vale v\u00f5i defektiga toode).<\/p>\n<p style=\"font-weight: 400;\">Ostja peab kauba tagastama avalduse esitamisele j\u00e4rgneva 14 p\u00e4eva jooksul v\u00f5i esitama t\u00f5endi, et ta on eelnimetatud perioodi jooksul kauba \u00fcle andnud kauba vedajale.<\/p>\n<p style=\"font-weight: 400;\">Veebipood tagastab tagastatava kauba k\u00e4ttesaamisel ostjale viivitamata, kuid mitte hiljem kui 14 p\u00e4eva m\u00f6\u00f6dumisel arvates taganemisavalduse saamisest, k\u00f5ik ostjalt lepingu alusel saadud tasud.<\/p>\n<p style=\"font-weight: 400;\">Veebipood v\u00f5ib keelduda tagasimaksete tegemisest seni, kuni on lepingu esemeks oleva asja tagasi saanud v\u00f5i kuni ostja on esitanud t\u00f5endid, et on asja tagasi saatnud, s\u00f5ltuvalt sellest, kumb toimub varem.<\/p>\n<p style=\"font-weight: 400;\">Kui ostja on s\u00f5naselgelt valinud Veebipoe pakutud k\u00f5ige odavamast tavap\u00e4rasest asja k\u00e4ttetoimetamise viisist erineva k\u00e4ttetoimetamise viisi, ei pea Veebipood tarbijale tagastama kulu, mis \u00fcletab tavap\u00e4rase k\u00e4ttetoimetamise viisiga seotud kulu.<\/p>\n<p style=\"font-weight: 400;\">Veebipoel on \u00f5igus taganeda m\u00fc\u00fcgitehingust ning n\u00f5uda ostjalt tagasi kaup, kui kauba hind veebipoes on eksituse t\u00f5ttu m\u00e4rgitud oluliselt alla kauba turuhinna.<\/p>\n<p style=\"font-weight: 400;\">Toode tuleb tagastada Omniva pakiautomaati,\u00a0Muugasse. Pakiautomaadi nimi:\u00a0<strong>Muuga Maxima pakiautomaat<\/strong><\/p>\n<p style=\"font-weight: 400;\">Saaja numbriks on:\u00a0+372\u00a05567 3751<br \/>\nPaki saatmise juhised leiate j\u00e4rgmiselt\u00a0lingilt:\u00a0<a href=\"https:\/\/www.omniva.ee\/era\/pakk\/kuidas_pakki_saata\">https:\/\/www.omniva.ee\/era\/pakk\/kuidas_pakki_saata<\/a><\/p>\n<p style=\"font-weight: 400;\"><strong>Otseturustus ja isikuandmete t\u00f6\u00f6tlemine<\/strong><\/p>\n<p style=\"font-weight: 400;\">Veebipood kasutab ostja poolt sisestatud isikuandmeid ainult tellimuse t\u00f6\u00f6tlemiseks ning kauba ostjale saatmiseks. Veebipood edastab isikuandmeid veoteenust pakkuvale ettev\u00f5tetele selleks, et kohale toimetada kaupa.<\/p>\n<p style=\"font-weight: 400;\">Veebipood saadab ostjale uudiskirju ning pakkumisi ostja e-maili aadressile ainult juhul, kui ostja on selleks avaldanud soovi sisestades veebilehel e-kirja aadressi ning andnud teada oma soovist otsepostituse teadete saamiseks.<\/p>\n<p style=\"font-weight: 400;\">Ostjal on igal ajal v\u00f5imalik loobuda e-postile saadetavatest pakkumistest ja uudiskirjadest andes sellest meile teada e-kirja teel v\u00f5i j\u00e4rgides pakkumisi sisaldava e-kirjas toodud juhiseid.<\/p>\n<p style=\"font-weight: 400;\"><strong>Vaidluste lahendamine<\/strong><\/p>\n<p style=\"font-weight: 400;\">Kui ostjal on Veebipoe osas pretensioone, tuleb need saata e-kirja aadressile\u00a0<a href=\"mailto:pidzaama@gmail.com\">pidzaama@gmail.com<\/a>\u00a0v\u00f5i helistada telefonil:\u00a0+372 5567 3751.Kui ostja ja Veebipood ei suuda lahendada vaidlust kokkuleppe teel, siis on ostjal v\u00f5imalik p\u00f6\u00f6rduda Tarbijavaidluste komisjoni poole.<\/p>\n<p style=\"font-weight: 400;\">K\u00f5iki veebipoest kaupade ostmisel tekkivaid \u00f5igussuhteid reguleerivad Eesti Vabariigi v\u00f5la\u00f5igusseadus, tarbijakaitseseadus ja muud \u00f5igusaktid.<\/p>\n","protected":false},"excerpt":{"rendered":"<p>M\u00dc\u00dcGITINGIMUSED Veebipoe PIDZAAMA HOUSE (edaspidi Veebipood) omanik on NKT O\u00dc (registrikood 16028012), asukohaga P\u00e4evalille tee 52, Maardu, Eesti 74117. M\u00fc\u00fcgilepingu kehtivus, kauba- ja hinnainfo M\u00fc\u00fcgitingimused kehtivad\u00a0Veebipoest kaupade ostmisel. Veebipoes m\u00fc\u00fcdavate toodete hinnad on m\u00e4rgitud toodete juurde. Hinnale lisandub tasu kauba k\u00e4ttetoimetamise eest. K\u00f5ik veebipoes m\u00fc\u00fcdavate kaupade hinnad on eurodes. Teave kauba kohta on esitatud Veebipoes [&hellip;]<\/p>\n","protected":false},"author":1,"featured_media":0,"parent":0,"menu_order":0,"comment_status":"closed","ping_status":"closed","template":"","meta":{"footnotes":""},"class_list":["post-713","page","type-page","status-publish","hentry"],"yoast_head":"<!-- This site is optimized with the Yoast SEO plugin v27.3 - https:\/\/yoast.com\/product\/yoast-seo-wordpress\/ -->\n<title>TERMS &amp; CONDITIONS - Pidzaama<\/title>\n<meta name=\"robots\" content=\"index, follow, max-snippet:-1, max-image-preview:large, max-video-preview:-1\" \/>\n<link rel=\"canonical\" href=\"https:\/\/pidzaama.ee\/en\/muugitingimused\/\" \/>\n<meta property=\"og:locale\" content=\"en_US\" \/>\n<meta property=\"og:type\" content=\"article\" \/>\n<meta property=\"og:title\" content=\"TERMS &amp; CONDITIONS - Pidzaama\" \/>\n<meta property=\"og:description\" content=\"M\u00dc\u00dcGITINGIMUSED Veebipoe PIDZAAMA HOUSE (edaspidi Veebipood) omanik on NKT O\u00dc (registrikood 16028012), asukohaga P\u00e4evalille tee 52, Maardu, Eesti 74117. M\u00fc\u00fcgilepingu kehtivus, kauba- ja hinnainfo M\u00fc\u00fcgitingimused kehtivad\u00a0Veebipoest kaupade ostmisel. Veebipoes m\u00fc\u00fcdavate toodete hinnad on m\u00e4rgitud toodete juurde. Hinnale lisandub tasu kauba k\u00e4ttetoimetamise eest. K\u00f5ik veebipoes m\u00fc\u00fcdavate kaupade hinnad on eurodes. Teave kauba kohta on esitatud Veebipoes [&hellip;]\" \/>\n<meta property=\"og:url\" content=\"https:\/\/pidzaama.ee\/en\/muugitingimused\/\" \/>\n<meta property=\"og:site_name\" content=\"Pidzaama\" \/>\n<meta property=\"article:modified_time\" content=\"2022-10-25T17:02:54+00:00\" \/>\n<meta name=\"twitter:card\" content=\"summary_large_image\" \/>\n<meta name=\"twitter:label1\" content=\"Est. reading time\" \/>\n\t<meta name=\"twitter:data1\" content=\"4 minutes\" \/>\n<script type=\"application\/ld+json\" class=\"yoast-schema-graph\">{\"@context\":\"https:\\\/\\\/schema.org\",\"@graph\":[{\"@type\":\"WebPage\",\"@id\":\"https:\\\/\\\/pidzaama.ee\\\/en\\\/muugitingimused\\\/\",\"url\":\"https:\\\/\\\/pidzaama.ee\\\/en\\\/muugitingimused\\\/\",\"name\":\"TERMS & CONDITIONS - Pidzaama\",\"isPartOf\":{\"@id\":\"https:\\\/\\\/pidzaama.ee\\\/en\\\/#website\"},\"datePublished\":\"2021-04-10T12:06:44+00:00\",\"dateModified\":\"2022-10-25T17:02:54+00:00\",\"breadcrumb\":{\"@id\":\"https:\\\/\\\/pidzaama.ee\\\/en\\\/muugitingimused\\\/#breadcrumb\"},\"inLanguage\":\"en-US\",\"potentialAction\":[{\"@type\":\"ReadAction\",\"target\":[\"https:\\\/\\\/pidzaama.ee\\\/en\\\/muugitingimused\\\/\"]}]},{\"@type\":\"BreadcrumbList\",\"@id\":\"https:\\\/\\\/pidzaama.ee\\\/en\\\/muugitingimused\\\/#breadcrumb\",\"itemListElement\":[{\"@type\":\"ListItem\",\"position\":1,\"name\":\"Home\",\"item\":\"https:\\\/\\\/pidzaama.ee\\\/en\\\/home\\\/\"},{\"@type\":\"ListItem\",\"position\":2,\"name\":\"TERMS &#038; CONDITIONS\"}]},{\"@type\":\"WebSite\",\"@id\":\"https:\\\/\\\/pidzaama.ee\\\/en\\\/#website\",\"url\":\"https:\\\/\\\/pidzaama.ee\\\/en\\\/\",\"name\":\"Pidzaama\",\"description\":\"T\u00e4iendame pidevalt meie sortimendi ning suurusi!\",\"potentialAction\":[{\"@type\":\"SearchAction\",\"target\":{\"@type\":\"EntryPoint\",\"urlTemplate\":\"https:\\\/\\\/pidzaama.ee\\\/en\\\/?s={search_term_string}\"},\"query-input\":{\"@type\":\"PropertyValueSpecification\",\"valueRequired\":true,\"valueName\":\"search_term_string\"}}],\"inLanguage\":\"en-US\"}]}<\/script>\n<!-- \/ Yoast SEO plugin. -->","yoast_head_json":{"title":"TERMS & CONDITIONS - Pidzaama","robots":{"index":"index","follow":"follow","max-snippet":"max-snippet:-1","max-image-preview":"max-image-preview:large","max-video-preview":"max-video-preview:-1"},"canonical":"https:\/\/pidzaama.ee\/en\/muugitingimused\/","og_locale":"en_US","og_type":"article","og_title":"TERMS & CONDITIONS - Pidzaama","og_description":"M\u00dc\u00dcGITINGIMUSED Veebipoe PIDZAAMA HOUSE (edaspidi Veebipood) omanik on NKT O\u00dc (registrikood 16028012), asukohaga P\u00e4evalille tee 52, Maardu, Eesti 74117. M\u00fc\u00fcgilepingu kehtivus, kauba- ja hinnainfo M\u00fc\u00fcgitingimused kehtivad\u00a0Veebipoest kaupade ostmisel. Veebipoes m\u00fc\u00fcdavate toodete hinnad on m\u00e4rgitud toodete juurde. Hinnale lisandub tasu kauba k\u00e4ttetoimetamise eest. K\u00f5ik veebipoes m\u00fc\u00fcdavate kaupade hinnad on eurodes. Teave kauba kohta on esitatud Veebipoes [&hellip;]","og_url":"https:\/\/pidzaama.ee\/en\/muugitingimused\/","og_site_name":"Pidzaama","article_modified_time":"2022-10-25T17:02:54+00:00","twitter_card":"summary_large_image","twitter_misc":{"Est. reading time":"4 minutes"},"schema":{"@context":"https:\/\/schema.org","@graph":[{"@type":"WebPage","@id":"https:\/\/pidzaama.ee\/en\/muugitingimused\/","url":"https:\/\/pidzaama.ee\/en\/muugitingimused\/","name":"TERMS & CONDITIONS - Pidzaama","isPartOf":{"@id":"https:\/\/pidzaama.ee\/en\/#website"},"datePublished":"2021-04-10T12:06:44+00:00","dateModified":"2022-10-25T17:02:54+00:00","breadcrumb":{"@id":"https:\/\/pidzaama.ee\/en\/muugitingimused\/#breadcrumb"},"inLanguage":"en-US","potentialAction":[{"@type":"ReadAction","target":["https:\/\/pidzaama.ee\/en\/muugitingimused\/"]}]},{"@type":"BreadcrumbList","@id":"https:\/\/pidzaama.ee\/en\/muugitingimused\/#breadcrumb","itemListElement":[{"@type":"ListItem","position":1,"name":"Home","item":"https:\/\/pidzaama.ee\/en\/home\/"},{"@type":"ListItem","position":2,"name":"TERMS &#038; CONDITIONS"}]},{"@type":"WebSite","@id":"https:\/\/pidzaama.ee\/en\/#website","url":"https:\/\/pidzaama.ee\/en\/","name":"Pidzaama","description":"T\u00e4iendame pidevalt meie sortimendi ning suurusi!","potentialAction":[{"@type":"SearchAction","target":{"@type":"EntryPoint","urlTemplate":"https:\/\/pidzaama.ee\/en\/?s={search_term_string}"},"query-input":{"@type":"PropertyValueSpecification","valueRequired":true,"valueName":"search_term_string"}}],"inLanguage":"en-US"}]}},"_links":{"self":[{"href":"https:\/\/pidzaama.ee\/en\/wp-json\/wp\/v2\/pages\/713","targetHints":{"allow":["GET"]}}],"collection":[{"href":"https:\/\/pidzaama.ee\/en\/wp-json\/wp\/v2\/pages"}],"about":[{"href":"https:\/\/pidzaama.ee\/en\/wp-json\/wp\/v2\/types\/page"}],"author":[{"embeddable":true,"href":"https:\/\/pidzaama.ee\/en\/wp-json\/wp\/v2\/users\/1"}],"replies":[{"embeddable":true,"href":"https:\/\/pidzaama.ee\/en\/wp-json\/wp\/v2\/comments?post=713"}],"version-history":[{"count":3,"href":"https:\/\/pidzaama.ee\/en\/wp-json\/wp\/v2\/pages\/713\/revisions"}],"predecessor-version":[{"id":9679,"href":"https:\/\/pidzaama.ee\/en\/wp-json\/wp\/v2\/pages\/713\/revisions\/9679"}],"wp:attachment":[{"href":"https:\/\/pidzaama.ee\/en\/wp-json\/wp\/v2\/media?parent=713"}],"curies":[{"name":"wp","href":"https:\/\/api.w.org\/{rel}","templated":true}]}}