{"id":715,"date":"2021-03-30T17:48:49","date_gmt":"2021-03-30T17:48:49","guid":{"rendered":"https:\/\/pidzaama-ee.vserver.zonevs.eu\/privaatsuspolitika\/"},"modified":"2024-03-05T10:17:19","modified_gmt":"2024-03-05T10:17:19","slug":"privacy-policy","status":"publish","type":"page","link":"https:\/\/pidzaama.ee\/en\/privacy-policy\/","title":{"rendered":"PRIVACY POLICY"},"content":{"rendered":"\r\n<p><b>PRIVACY POLICY<\/b><\/p>\r\n<p><b>General provisions<\/b><\/p>\r\n<p><span style=\"font-weight: 400;\">1.1. This Privacy Policy governs the principles on the basis of which the collection, processing and storage of personal data in the PIDZAAMA HOUSE online store takes place. Personal data is collected, processed and stored by the owner of the online store NKT O\u00dc.<\/span><\/p>\r\n<p><span style=\"font-weight: 400;\">1.2. A data subject, according to the Privacy Policy, is a client or another natural person whose personal data is processed by NKT O\u00dc.<\/span><\/p>\r\n<p><span style=\"font-weight: 400;\">1.3. A client in the understanding of this Privacy Policy is any adult individual who purchases goods or services on the NKT O\u00dc website.<\/span><\/p>\r\n<p><span style=\"font-weight: 400;\">1.4. NKT O\u00dc follows the principles of data processing provided by law. In particular, NKT O\u00dc processes personal data in a lawful, fair and secure manner. NKT O\u00dc can confirm that personal data has been processed in accordance with the law.<\/span><\/p>\r\n<p><b>Collection, processing and storage of personal data<\/b><\/p>\r\n<p><span style=\"font-weight: 400;\">2.1. The personal data collected, processed and stored by NKT O\u00dc is collected electronically, via the website and email.<\/span><\/p>\r\n<p><span style=\"font-weight: 400;\">2.2. By providing his personal data, the Client grants NKT O\u00dc the right to collect, organize, use and manage personal data for the purposes specified in the Privacy Policy, which the Client shares directly or indirectly with NKT O\u00dc when purchasing goods or services on the website.<\/span><\/p>\r\n<p><span style=\"font-weight: 400;\">2.3. The client is responsible for ensuring the accuracy, correctness and completeness of the data provided by him. Deliberately providing false information is considered a violation of our Privacy Policy. The client is obliged to immediately notify NKT O\u00dc of any changes in the submitted data.<\/span><\/p>\r\n<p><span style=\"font-weight: 400;\">2.4. NKT O\u00dc is not liable for damage caused to the Client or to third parties caused by the provision of false data by the Client.<\/span><\/p>\r\n<p><b>Processing of personal data of clients<\/b><\/p>\r\n<p><span style=\"font-weight: 400;\">3.1. NKT O\u00dc can process the following personal data of the Client:<\/span><\/p>\r\n<p><span style=\"font-weight: 400;\">3.1.1. Name and surname;<\/span><\/p>\r\n<p><span style=\"font-weight: 400;\">3.1.2. Date of Birth;<\/span><\/p>\r\n<p><span style=\"font-weight: 400;\">3.1.3. Phone number;<\/span><\/p>\r\n<p><span style=\"font-weight: 400;\">3.1.4. E-mail address;<\/span><\/p>\r\n<p><span style=\"font-weight: 400;\">3.1.5. Delivery address;<\/span><\/p>\r\n<p><span style=\"font-weight: 400;\">3.1.6. Current account number;<\/span><\/p>\r\n<p><span style=\"font-weight: 400;\">3.2. In addition to the above, NKT O\u00dc has the right to collect customer data that is available in public registers.<\/span><\/p>\r\n<p><span style=\"font-weight: 400;\">3.3. The legal basis for the processing of personal data is \u00a7 6 (1) a), b), c) and f) GDPR:<\/span><\/p>\r\n<p><span style=\"font-weight: 400;\">(a) the Client has given his consent to the processing of his personal data for one or more specific purposes;<\/span><\/p>\r\n<p><span style=\"font-weight: 400;\">(b) the processing of personal data is necessary to fulfill a contract concluded with the participation of the Client, or to take pre-contractual measures at the request of the Client;<\/span><\/p>\r\n<p><span style=\"font-weight: 400;\">(c) the processing of personal data is necessary to fulfill the legal obligations of NKT O\u00dc;<\/span><\/p>\r\n<p><span style=\"font-weight: 400;\">(f) the processing of personal data is necessary in the legitimate interests of NKT O\u00dc or a third party, unless such interest outweighs the interests of the Client or the fundamental rights and freedoms in respect of which personal data should be protected.<\/span><\/p>\r\n<p><span style=\"font-weight: 400;\">3.4. Processing of personal data in accordance with the purpose of processing:<\/span><\/p>\r\n<p><span style=\"font-weight: 400;\">3.4.1. The purpose of processing is security and safety.<\/span><\/p>\r\n<p><span style=\"font-weight: 400;\">The maximum storage period for personal data is in accordance with the conditions established by law.<\/span><\/p>\r\n<p><span style=\"font-weight: 400;\">3.4.2. The purpose of processing is order processing.<\/span><\/p>\r\n<p><span style=\"font-weight: 400;\">The maximum storage period for personal data &#8211; (SPECIFY HOW LONG IS AVAILABLE)<\/span><\/p>\r\n<p><span style=\"font-weight: 400;\">3.4.3. The purpose of processing is to ensure the operation of the services of the online store.<\/span><\/p>\r\n<p><span style=\"font-weight: 400;\">The maximum storage period for personal data &#8211; (SPECIFY HOW LONG IS AVAILABLE)<\/span><\/p>\r\n<p><span style=\"font-weight: 400;\">3.4.4. The purpose of the processing is customer management.<\/span><\/p>\r\n<p><span style=\"font-weight: 400;\">The maximum storage period for personal data &#8211; (SPECIFY HOW LONG IS AVAILABLE)<\/span><\/p>\r\n<p><span style=\"font-weight: 400;\">3.4.5. Purpose of processing &#8211; financial activities, accounting<\/span><\/p>\r\n<p><span style=\"font-weight: 400;\">The maximum storage period for personal data is in accordance with the conditions established by law.<\/span><\/p>\r\n<p><span style=\"font-weight: 400;\">3.4.6. The purpose of the processing is marketing<\/span><\/p>\r\n<p><span style=\"font-weight: 400;\">The maximum storage period for personal data &#8211; (SPECIFY HOW LONG IS AVAILABLE)<\/span><\/p>\r\n<p><span style=\"font-weight: 400;\">NB! DEPENDING ON THE DATA PROCESSOR, IT MAY BE NECESSARY TO ADD OUT THE ABOVE LIST<\/span><\/p>\r\n<p><span style=\"font-weight: 400;\">3.5. NKT O\u00dc has the right to transfer personal data of clients to third parties, such as authorized data processors, accountants, transport and courier companies, companies providing translation services. NKT O\u00dc is the main processor of personal data. NKT O\u00dc transfers the personal data required for making payments to the authorized processor Maksekeskus AS.<\/span><\/p>\r\n<p><span style=\"font-weight: 400;\">3.6. When processing and storing the personal data of the Client, NKT O\u00dc applies organizational and technical measures to ensure the protection of personal data from accidental or unlawful destruction, alteration, disclosure and any other illegal processing.<\/span><\/p>\r\n<p><span style=\"font-weight: 400;\">3.7. NKT O\u00dc stores the Client&#8217;s data depending on the purpose of processing, but no longer (NUMBER OF MARK YEARS) years.<\/span><\/p>\r\n<p><b>Client\u2019s rights<\/b><\/p>\r\n<p><span style=\"font-weight: 400;\">4.1. The client has the right to access and verify his personal data.<\/span><\/p>\r\n<p><span style=\"font-weight: 400;\">4.2. The client has the right to receive information about the processing of his personal data.<\/span><\/p>\r\n<p><span style=\"font-weight: 400;\">4.3. The client has the right to amend or correct inaccurate data.<\/span><\/p>\r\n<p><span style=\"font-weight: 400;\">4.4. NKT O\u00dc processes the personal data of the Client on the basis of his consent, but the Client has the right to withdraw consent at any time.<\/span><\/p>\r\n<p><span style=\"font-weight: 400;\">4.5. To exercise the rights, the Client can contact the customer support service of the electronic store at pidzaama@gmail.com<\/span><\/p>\r\n<p><span style=\"font-weight: 400;\">4.6. In order to protect their rights, the Client has the opportunity to file a complaint with the Data Protection Inspectorate.<\/span><\/p>\r\n<p><b>Final provisions<\/b><\/p>\r\n<p><span style=\"font-weight: 400;\">5.1. These data protection conditions have been drafted in accordance with Regulation (EU) No. 2016\/679 of the European Parliament and of the Council on the protection of natural persons with regard to the processing of personal data and on the free movement of such data and repealing Directive 95\/46 \/ EC. the law and legislation of the Republic of Estonia and the European Union.<\/span><\/p>\r\n<p><span style=\"font-weight: 400;\">5.2. NKT O\u00dc has the right to partially or completely change the data protection conditions by notifying the Client of the changes through the website pidzaama.ee.<\/span><\/p>\r\n","protected":false},"excerpt":{"rendered":"<p>PRIVACY POLICY General provisions 1.1. This Privacy Policy governs the principles on the basis of which the collection, processing and storage of personal data in the PIDZAAMA HOUSE online store takes place. Personal data is collected, processed and stored by the owner of the online store NKT O\u00dc. 1.2. A data subject, according to the [&hellip;]<\/p>\n","protected":false},"author":1,"featured_media":0,"parent":0,"menu_order":0,"comment_status":"closed","ping_status":"open","template":"","meta":{"footnotes":""},"class_list":["post-715","page","type-page","status-publish","hentry"],"yoast_head":"<!-- This site is optimized with the Yoast SEO plugin v27.3 - https:\/\/yoast.com\/product\/yoast-seo-wordpress\/ -->\n<title>Privacy Policy | Pidzaama House<\/title>\n<meta name=\"description\" content=\"Explore our privacy policy. We ensure the protection of your personal data and transparency in its processing.\" \/>\n<meta name=\"robots\" content=\"index, follow, max-snippet:-1, max-image-preview:large, max-video-preview:-1\" \/>\n<link rel=\"canonical\" href=\"https:\/\/pidzaama.ee\/en\/privacy-policy\/\" \/>\n<meta property=\"og:locale\" content=\"en_US\" \/>\n<meta property=\"og:type\" content=\"article\" \/>\n<meta property=\"og:title\" content=\"Privacy Policy | Pidzaama House\" \/>\n<meta property=\"og:description\" content=\"Explore our privacy policy. We ensure the protection of your personal data and transparency in its processing.\" \/>\n<meta property=\"og:url\" content=\"https:\/\/pidzaama.ee\/en\/privacy-policy\/\" \/>\n<meta property=\"og:site_name\" content=\"Pidzaama\" \/>\n<meta property=\"article:modified_time\" content=\"2024-03-05T10:17:19+00:00\" \/>\n<meta name=\"twitter:card\" content=\"summary_large_image\" \/>\n<meta name=\"twitter:label1\" content=\"Est. reading time\" \/>\n\t<meta name=\"twitter:data1\" content=\"5 minutes\" \/>\n<script type=\"application\/ld+json\" class=\"yoast-schema-graph\">{\"@context\":\"https:\\\/\\\/schema.org\",\"@graph\":[{\"@type\":\"WebPage\",\"@id\":\"https:\\\/\\\/pidzaama.ee\\\/en\\\/privacy-policy\\\/\",\"url\":\"https:\\\/\\\/pidzaama.ee\\\/en\\\/privacy-policy\\\/\",\"name\":\"Privacy Policy | Pidzaama House\",\"isPartOf\":{\"@id\":\"https:\\\/\\\/pidzaama.ee\\\/en\\\/#website\"},\"datePublished\":\"2021-03-30T17:48:49+00:00\",\"dateModified\":\"2024-03-05T10:17:19+00:00\",\"description\":\"Explore our privacy policy. We ensure the protection of your personal data and transparency in its processing.\",\"breadcrumb\":{\"@id\":\"https:\\\/\\\/pidzaama.ee\\\/en\\\/privacy-policy\\\/#breadcrumb\"},\"inLanguage\":\"en-US\",\"potentialAction\":[{\"@type\":\"ReadAction\",\"target\":[\"https:\\\/\\\/pidzaama.ee\\\/en\\\/privacy-policy\\\/\"]}]},{\"@type\":\"BreadcrumbList\",\"@id\":\"https:\\\/\\\/pidzaama.ee\\\/en\\\/privacy-policy\\\/#breadcrumb\",\"itemListElement\":[{\"@type\":\"ListItem\",\"position\":1,\"name\":\"Home\",\"item\":\"https:\\\/\\\/pidzaama.ee\\\/en\\\/home\\\/\"},{\"@type\":\"ListItem\",\"position\":2,\"name\":\"PRIVACY POLICY\"}]},{\"@type\":\"WebSite\",\"@id\":\"https:\\\/\\\/pidzaama.ee\\\/en\\\/#website\",\"url\":\"https:\\\/\\\/pidzaama.ee\\\/en\\\/\",\"name\":\"Pidzaama\",\"description\":\"T\u00e4iendame pidevalt meie sortimendi ning suurusi!\",\"potentialAction\":[{\"@type\":\"SearchAction\",\"target\":{\"@type\":\"EntryPoint\",\"urlTemplate\":\"https:\\\/\\\/pidzaama.ee\\\/en\\\/?s={search_term_string}\"},\"query-input\":{\"@type\":\"PropertyValueSpecification\",\"valueRequired\":true,\"valueName\":\"search_term_string\"}}],\"inLanguage\":\"en-US\"}]}<\/script>\n<!-- \/ Yoast SEO plugin. -->","yoast_head_json":{"title":"Privacy Policy | Pidzaama House","description":"Explore our privacy policy. We ensure the protection of your personal data and transparency in its processing.","robots":{"index":"index","follow":"follow","max-snippet":"max-snippet:-1","max-image-preview":"max-image-preview:large","max-video-preview":"max-video-preview:-1"},"canonical":"https:\/\/pidzaama.ee\/en\/privacy-policy\/","og_locale":"en_US","og_type":"article","og_title":"Privacy Policy | Pidzaama House","og_description":"Explore our privacy policy. We ensure the protection of your personal data and transparency in its processing.","og_url":"https:\/\/pidzaama.ee\/en\/privacy-policy\/","og_site_name":"Pidzaama","article_modified_time":"2024-03-05T10:17:19+00:00","twitter_card":"summary_large_image","twitter_misc":{"Est. reading time":"5 minutes"},"schema":{"@context":"https:\/\/schema.org","@graph":[{"@type":"WebPage","@id":"https:\/\/pidzaama.ee\/en\/privacy-policy\/","url":"https:\/\/pidzaama.ee\/en\/privacy-policy\/","name":"Privacy Policy | Pidzaama House","isPartOf":{"@id":"https:\/\/pidzaama.ee\/en\/#website"},"datePublished":"2021-03-30T17:48:49+00:00","dateModified":"2024-03-05T10:17:19+00:00","description":"Explore our privacy policy. We ensure the protection of your personal data and transparency in its processing.","breadcrumb":{"@id":"https:\/\/pidzaama.ee\/en\/privacy-policy\/#breadcrumb"},"inLanguage":"en-US","potentialAction":[{"@type":"ReadAction","target":["https:\/\/pidzaama.ee\/en\/privacy-policy\/"]}]},{"@type":"BreadcrumbList","@id":"https:\/\/pidzaama.ee\/en\/privacy-policy\/#breadcrumb","itemListElement":[{"@type":"ListItem","position":1,"name":"Home","item":"https:\/\/pidzaama.ee\/en\/home\/"},{"@type":"ListItem","position":2,"name":"PRIVACY POLICY"}]},{"@type":"WebSite","@id":"https:\/\/pidzaama.ee\/en\/#website","url":"https:\/\/pidzaama.ee\/en\/","name":"Pidzaama","description":"T\u00e4iendame pidevalt meie sortimendi ning suurusi!","potentialAction":[{"@type":"SearchAction","target":{"@type":"EntryPoint","urlTemplate":"https:\/\/pidzaama.ee\/en\/?s={search_term_string}"},"query-input":{"@type":"PropertyValueSpecification","valueRequired":true,"valueName":"search_term_string"}}],"inLanguage":"en-US"}]}},"_links":{"self":[{"href":"https:\/\/pidzaama.ee\/en\/wp-json\/wp\/v2\/pages\/715","targetHints":{"allow":["GET"]}}],"collection":[{"href":"https:\/\/pidzaama.ee\/en\/wp-json\/wp\/v2\/pages"}],"about":[{"href":"https:\/\/pidzaama.ee\/en\/wp-json\/wp\/v2\/types\/page"}],"author":[{"embeddable":true,"href":"https:\/\/pidzaama.ee\/en\/wp-json\/wp\/v2\/users\/1"}],"replies":[{"embeddable":true,"href":"https:\/\/pidzaama.ee\/en\/wp-json\/wp\/v2\/comments?post=715"}],"version-history":[{"count":5,"href":"https:\/\/pidzaama.ee\/en\/wp-json\/wp\/v2\/pages\/715\/revisions"}],"predecessor-version":[{"id":13153,"href":"https:\/\/pidzaama.ee\/en\/wp-json\/wp\/v2\/pages\/715\/revisions\/13153"}],"wp:attachment":[{"href":"https:\/\/pidzaama.ee\/en\/wp-json\/wp\/v2\/media?parent=715"}],"curies":[{"name":"wp","href":"https:\/\/api.w.org\/{rel}","templated":true}]}}