{"id":10205,"date":"2022-12-16T17:18:26","date_gmt":"2022-12-16T17:18:26","guid":{"rendered":"https:\/\/pidzaama.ee\/?post_type=product&#038;p=10205"},"modified":"2025-06-29T17:22:51","modified_gmt":"2025-06-29T17:22:51","slug":"womens-cotton-pants-080a","status":"publish","type":"product","link":"https:\/\/pidzaama.ee\/en\/product\/womens-cotton-pants-080a\/","title":{"rendered":"Women&#8217;s cotton pants 080A"},"content":{"rendered":"<div id=\"product-description-short-236\" style=\"color: #777777;font-family: Poppins, Verdana, sans-serif;font-size: 15px\">\n<p>Material: 100% cotton<\/p>\n<p>M-6XL<\/p>\n<p>Color of product may differ from the color in the picture<\/p>\n<p>Please study carefully the size chart<\/p>\n<table border=\"0\" width=\"435\" cellspacing=\"0\" cellpadding=\"0\">\n<colgroup>\n<col span=\"3\" width=\"145\" \/><\/colgroup>\n<tbody>\n<tr>\n<td class=\"xl63\" width=\"145\" height=\"21\"><\/td>\n<td class=\"xl66\" width=\"145\">Puusa\u00fcmberm\u00f5\u00f5t<\/td>\n<td class=\"xl66\" width=\"145\">P\u00fckste pikkus<\/td>\n<\/tr>\n<tr>\n<td class=\"xl63\" height=\"21\"><\/td>\n<td class=\"xl66\">\u041e\u0431\u044a\u0435\u043c \u0431\u0435\u0434\u0435\u0440<\/td>\n<td class=\"xl66\">\u0414\u043b\u0438\u043d\u0430 \u0448\u0442\u0430\u043d\u043e\u0432<\/td>\n<\/tr>\n<tr>\n<td class=\"xl63\" height=\"21\"><\/td>\n<td class=\"xl66\">Hips<\/td>\n<td class=\"xl66\">Outside leg<\/td>\n<\/tr>\n<tr>\n<td class=\"xl64\" height=\"21\">S<\/td>\n<td class=\"xl65\">100<\/td>\n<td class=\"xl65\">99<\/td>\n<\/tr>\n<tr>\n<td class=\"xl64\" height=\"21\">M<\/td>\n<td class=\"xl65\">104<\/td>\n<td class=\"xl65\">102<\/td>\n<\/tr>\n<tr>\n<td class=\"xl64\" height=\"21\">L<\/td>\n<td class=\"xl65\">108<\/td>\n<td class=\"xl65\">102<\/td>\n<\/tr>\n<tr>\n<td class=\"xl64\" height=\"21\">XL<\/td>\n<td class=\"xl65\">112<\/td>\n<td class=\"xl65\">104<\/td>\n<\/tr>\n<tr>\n<td class=\"xl64\" height=\"21\">2XL<\/td>\n<td class=\"xl65\">114<\/td>\n<td class=\"xl65\">104<\/td>\n<\/tr>\n<tr>\n<td class=\"xl64\" height=\"21\">3XL<\/td>\n<td class=\"xl65\">118<\/td>\n<td class=\"xl65\">104<\/td>\n<\/tr>\n<tr>\n<td class=\"xl64\" height=\"21\">4XL<\/td>\n<td class=\"xl65\">120<\/td>\n<td class=\"xl65\">104<\/td>\n<\/tr>\n<tr>\n<td class=\"xl64\" height=\"21\">5XL<\/td>\n<td class=\"xl65\">132<\/td>\n<td class=\"xl65\">106<\/td>\n<\/tr>\n<tr>\n<td class=\"xl64\" height=\"21\">6XL<\/td>\n<td class=\"xl65\">144<\/td>\n<td class=\"xl65\">106<\/td>\n<\/tr>\n<\/tbody>\n<\/table>\n<\/div>\n","protected":false},"excerpt":{"rendered":"<p>Material: 100% cotton M-6XL Color of product may differ from the color in the picture Please study carefully the size chart Puusa\u00fcmberm\u00f5\u00f5t P\u00fckste pikkus \u041e\u0431\u044a\u0435\u043c \u0431\u0435\u0434\u0435\u0440 \u0414\u043b\u0438\u043d\u0430 \u0448\u0442\u0430\u043d\u043e\u0432 Hips Outside leg S 100 99 M 104 102 L 108 102 XL 112 104 2XL 114 104 3XL 118 104 4XL 120 104 5XL 132 106 [&hellip;]<\/p>\n","protected":false},"featured_media":13865,"template":"","meta":[],"product_brand":[],"product_cat":[153,169,171],"product_tag":[],"class_list":{"0":"post-10205","1":"product","2":"type-product","3":"status-publish","4":"has-post-thumbnail","6":"product_cat-naiste-pidzaamad-ja-oosargid-en","7":"product_cat-naised-pidzaamad-en","8":"product_cat-naised-pidzaamad-pikkade-pukstega-en","10":"first","11":"instock","12":"sale","13":"taxable","14":"shipping-taxable","15":"purchasable","16":"product-type-variable"},"yoast_head":"<!-- This site is optimized with the Yoast SEO plugin v27.3 - https:\/\/yoast.com\/product\/yoast-seo-wordpress\/ -->\n<title>Cotton pajama 11568<\/title>\n<meta name=\"robots\" content=\"index, follow, max-snippet:-1, max-image-preview:large, max-video-preview:-1\" \/>\n<link rel=\"canonical\" href=\"https:\/\/pidzaama.ee\/en\/product\/womens-cotton-pants-080a\/\" \/>\n<meta property=\"og:locale\" content=\"en_US\" \/>\n<meta property=\"og:type\" content=\"article\" \/>\n<meta property=\"og:title\" content=\"Cotton pajama 11568\" \/>\n<meta property=\"og:description\" content=\"Material: 100% cotton M-6XL Color of product may differ from the color in the picture Please study carefully the size chart Puusa\u00fcmberm\u00f5\u00f5t P\u00fckste pikkus \u041e\u0431\u044a\u0435\u043c \u0431\u0435\u0434\u0435\u0440 \u0414\u043b\u0438\u043d\u0430 \u0448\u0442\u0430\u043d\u043e\u0432 Hips Outside leg S 100 99 M 104 102 L 108 102 XL 112 104 2XL 114 104 3XL 118 104 4XL 120 104 5XL 132 106 [&hellip;]\" \/>\n<meta property=\"og:url\" content=\"https:\/\/pidzaama.ee\/en\/product\/womens-cotton-pants-080a\/\" \/>\n<meta property=\"og:site_name\" content=\"Pidzaama\" \/>\n<meta property=\"article:modified_time\" content=\"2025-06-29T17:22:51+00:00\" \/>\n<meta property=\"og:image\" content=\"https:\/\/pidzaama.ee\/wp-content\/uploads\/2022\/12\/080-Or-910x1155-1.jpg\" \/>\n\t<meta property=\"og:image:width\" content=\"910\" \/>\n\t<meta property=\"og:image:height\" content=\"1155\" \/>\n\t<meta property=\"og:image:type\" content=\"image\/jpeg\" \/>\n<meta name=\"twitter:card\" content=\"summary_large_image\" \/>\n<meta name=\"twitter:label1\" content=\"Est. reading time\" \/>\n\t<meta name=\"twitter:data1\" content=\"1 minute\" \/>\n<script type=\"application\/ld+json\" class=\"yoast-schema-graph\">{\"@context\":\"https:\\\/\\\/schema.org\",\"@graph\":[{\"@type\":\"WebPage\",\"@id\":\"https:\\\/\\\/pidzaama.ee\\\/en\\\/product\\\/womens-cotton-pants-080a\\\/\",\"url\":\"https:\\\/\\\/pidzaama.ee\\\/en\\\/product\\\/womens-cotton-pants-080a\\\/\",\"name\":\"Cotton pajama 11568\",\"isPartOf\":{\"@id\":\"https:\\\/\\\/pidzaama.ee\\\/en\\\/#website\"},\"primaryImageOfPage\":{\"@id\":\"https:\\\/\\\/pidzaama.ee\\\/en\\\/product\\\/womens-cotton-pants-080a\\\/#primaryimage\"},\"image\":{\"@id\":\"https:\\\/\\\/pidzaama.ee\\\/en\\\/product\\\/womens-cotton-pants-080a\\\/#primaryimage\"},\"thumbnailUrl\":\"https:\\\/\\\/pidzaama.ee\\\/wp-content\\\/uploads\\\/2022\\\/12\\\/080-Or-910x1155-1.jpg\",\"datePublished\":\"2022-12-16T17:18:26+00:00\",\"dateModified\":\"2025-06-29T17:22:51+00:00\",\"breadcrumb\":{\"@id\":\"https:\\\/\\\/pidzaama.ee\\\/en\\\/product\\\/womens-cotton-pants-080a\\\/#breadcrumb\"},\"inLanguage\":\"en-US\",\"potentialAction\":[{\"@type\":\"ReadAction\",\"target\":[\"https:\\\/\\\/pidzaama.ee\\\/en\\\/product\\\/womens-cotton-pants-080a\\\/\"]}]},{\"@type\":\"ImageObject\",\"inLanguage\":\"en-US\",\"@id\":\"https:\\\/\\\/pidzaama.ee\\\/en\\\/product\\\/womens-cotton-pants-080a\\\/#primaryimage\",\"url\":\"https:\\\/\\\/pidzaama.ee\\\/wp-content\\\/uploads\\\/2022\\\/12\\\/080-Or-910x1155-1.jpg\",\"contentUrl\":\"https:\\\/\\\/pidzaama.ee\\\/wp-content\\\/uploads\\\/2022\\\/12\\\/080-Or-910x1155-1.jpg\",\"width\":910,\"height\":1155},{\"@type\":\"BreadcrumbList\",\"@id\":\"https:\\\/\\\/pidzaama.ee\\\/en\\\/product\\\/womens-cotton-pants-080a\\\/#breadcrumb\",\"itemListElement\":[{\"@type\":\"ListItem\",\"position\":1,\"name\":\"Home\",\"item\":\"https:\\\/\\\/pidzaama.ee\\\/en\\\/home\\\/\"},{\"@type\":\"ListItem\",\"position\":2,\"name\":\"ABOUT US\",\"item\":\"https:\\\/\\\/pidzaama.ee\\\/en\\\/about-us\\\/\"},{\"@type\":\"ListItem\",\"position\":3,\"name\":\"Women&#8217;s cotton pants 080A\"}]},{\"@type\":\"WebSite\",\"@id\":\"https:\\\/\\\/pidzaama.ee\\\/en\\\/#website\",\"url\":\"https:\\\/\\\/pidzaama.ee\\\/en\\\/\",\"name\":\"Pidzaama\",\"description\":\"T\u00e4iendame pidevalt meie sortimendi ning suurusi!\",\"potentialAction\":[{\"@type\":\"SearchAction\",\"target\":{\"@type\":\"EntryPoint\",\"urlTemplate\":\"https:\\\/\\\/pidzaama.ee\\\/en\\\/?s={search_term_string}\"},\"query-input\":{\"@type\":\"PropertyValueSpecification\",\"valueRequired\":true,\"valueName\":\"search_term_string\"}}],\"inLanguage\":\"en-US\"}]}<\/script>\n<!-- \/ Yoast SEO plugin. -->","yoast_head_json":{"title":"Cotton pajama 11568","robots":{"index":"index","follow":"follow","max-snippet":"max-snippet:-1","max-image-preview":"max-image-preview:large","max-video-preview":"max-video-preview:-1"},"canonical":"https:\/\/pidzaama.ee\/en\/product\/womens-cotton-pants-080a\/","og_locale":"en_US","og_type":"article","og_title":"Cotton pajama 11568","og_description":"Material: 100% cotton M-6XL Color of product may differ from the color in the picture Please study carefully the size chart Puusa\u00fcmberm\u00f5\u00f5t P\u00fckste pikkus \u041e\u0431\u044a\u0435\u043c \u0431\u0435\u0434\u0435\u0440 \u0414\u043b\u0438\u043d\u0430 \u0448\u0442\u0430\u043d\u043e\u0432 Hips Outside leg S 100 99 M 104 102 L 108 102 XL 112 104 2XL 114 104 3XL 118 104 4XL 120 104 5XL 132 106 [&hellip;]","og_url":"https:\/\/pidzaama.ee\/en\/product\/womens-cotton-pants-080a\/","og_site_name":"Pidzaama","article_modified_time":"2025-06-29T17:22:51+00:00","og_image":[{"width":910,"height":1155,"url":"https:\/\/pidzaama.ee\/wp-content\/uploads\/2022\/12\/080-Or-910x1155-1.jpg","type":"image\/jpeg"}],"twitter_card":"summary_large_image","twitter_misc":{"Est. reading time":"1 minute"},"schema":{"@context":"https:\/\/schema.org","@graph":[{"@type":"WebPage","@id":"https:\/\/pidzaama.ee\/en\/product\/womens-cotton-pants-080a\/","url":"https:\/\/pidzaama.ee\/en\/product\/womens-cotton-pants-080a\/","name":"Cotton pajama 11568","isPartOf":{"@id":"https:\/\/pidzaama.ee\/en\/#website"},"primaryImageOfPage":{"@id":"https:\/\/pidzaama.ee\/en\/product\/womens-cotton-pants-080a\/#primaryimage"},"image":{"@id":"https:\/\/pidzaama.ee\/en\/product\/womens-cotton-pants-080a\/#primaryimage"},"thumbnailUrl":"https:\/\/pidzaama.ee\/wp-content\/uploads\/2022\/12\/080-Or-910x1155-1.jpg","datePublished":"2022-12-16T17:18:26+00:00","dateModified":"2025-06-29T17:22:51+00:00","breadcrumb":{"@id":"https:\/\/pidzaama.ee\/en\/product\/womens-cotton-pants-080a\/#breadcrumb"},"inLanguage":"en-US","potentialAction":[{"@type":"ReadAction","target":["https:\/\/pidzaama.ee\/en\/product\/womens-cotton-pants-080a\/"]}]},{"@type":"ImageObject","inLanguage":"en-US","@id":"https:\/\/pidzaama.ee\/en\/product\/womens-cotton-pants-080a\/#primaryimage","url":"https:\/\/pidzaama.ee\/wp-content\/uploads\/2022\/12\/080-Or-910x1155-1.jpg","contentUrl":"https:\/\/pidzaama.ee\/wp-content\/uploads\/2022\/12\/080-Or-910x1155-1.jpg","width":910,"height":1155},{"@type":"BreadcrumbList","@id":"https:\/\/pidzaama.ee\/en\/product\/womens-cotton-pants-080a\/#breadcrumb","itemListElement":[{"@type":"ListItem","position":1,"name":"Home","item":"https:\/\/pidzaama.ee\/en\/home\/"},{"@type":"ListItem","position":2,"name":"ABOUT US","item":"https:\/\/pidzaama.ee\/en\/about-us\/"},{"@type":"ListItem","position":3,"name":"Women&#8217;s cotton pants 080A"}]},{"@type":"WebSite","@id":"https:\/\/pidzaama.ee\/en\/#website","url":"https:\/\/pidzaama.ee\/en\/","name":"Pidzaama","description":"T\u00e4iendame pidevalt meie sortimendi ning suurusi!","potentialAction":[{"@type":"SearchAction","target":{"@type":"EntryPoint","urlTemplate":"https:\/\/pidzaama.ee\/en\/?s={search_term_string}"},"query-input":{"@type":"PropertyValueSpecification","valueRequired":true,"valueName":"search_term_string"}}],"inLanguage":"en-US"}]}},"_links":{"self":[{"href":"https:\/\/pidzaama.ee\/en\/wp-json\/wp\/v2\/product\/10205","targetHints":{"allow":["GET"]}}],"collection":[{"href":"https:\/\/pidzaama.ee\/en\/wp-json\/wp\/v2\/product"}],"about":[{"href":"https:\/\/pidzaama.ee\/en\/wp-json\/wp\/v2\/types\/product"}],"wp:featuredmedia":[{"embeddable":true,"href":"https:\/\/pidzaama.ee\/en\/wp-json\/wp\/v2\/media\/13865"}],"wp:attachment":[{"href":"https:\/\/pidzaama.ee\/en\/wp-json\/wp\/v2\/media?parent=10205"}],"wp:term":[{"taxonomy":"product_brand","embeddable":true,"href":"https:\/\/pidzaama.ee\/en\/wp-json\/wp\/v2\/product_brand?post=10205"},{"taxonomy":"product_cat","embeddable":true,"href":"https:\/\/pidzaama.ee\/en\/wp-json\/wp\/v2\/product_cat?post=10205"},{"taxonomy":"product_tag","embeddable":true,"href":"https:\/\/pidzaama.ee\/en\/wp-json\/wp\/v2\/product_tag?post=10205"}],"curies":[{"name":"wp","href":"https:\/\/api.w.org\/{rel}","templated":true}]}}