{"id":11136,"date":"2023-03-31T12:53:02","date_gmt":"2023-03-31T12:53:02","guid":{"rendered":"https:\/\/pidzaama.ee\/?post_type=product&#038;p=11136"},"modified":"2024-02-21T13:48:43","modified_gmt":"2024-02-21T13:48:43","slug":"slim-nightgown-in-cotton-with-viscose-82523or","status":"publish","type":"product","link":"https:\/\/pidzaama.ee\/en\/product\/slim-nightgown-in-cotton-with-viscose-82523or\/","title":{"rendered":"Slim nightgown in cotton with viscose 82523OR"},"content":{"rendered":"<p>Material: 50% cotton, 50% viscose,<\/p>\n<p><b>We recommend one size larger<\/b><\/p>\n<p>M-6XL<\/p>\n<p>Color of product may differ from the color in the picture<\/p>\n<p>Please study carefully the size chart<\/p>\n<table border=\"0\" width=\"604\" cellspacing=\"0\" cellpadding=\"0\">\n<colgroup>\n<col span=\"2\" width=\"151\" \/>\n<col span=\"2\" width=\"151\" \/><\/colgroup>\n<tbody>\n<tr>\n<td class=\"xl68\" width=\"151\" height=\"21\">Suurus<\/td>\n<td class=\"xl66\" width=\"151\">Rinna\u00fcmberm\u00f5\u00f5t<\/td>\n<td class=\"xl68\" width=\"151\">Puusa\u00fcmberm\u00f5\u00f5t<\/td>\n<td class=\"xl68\" width=\"151\">Pikkus<\/td>\n<\/tr>\n<tr>\n<td class=\"xl68\" height=\"23\">\u0420\u0430\u0437\u043c\u0435\u0440<\/td>\n<td class=\"xl70\" width=\"151\">\u041e\u0431\u044a\u0435\u043c \u0433\u0440\u0443\u0434\u0438<\/td>\n<td class=\"xl68\">\u041e\u0431\u044a\u0435\u043c \u0431\u0435\u0434\u0435\u0440<\/td>\n<td class=\"xl68\">\u0414\u043b\u0438\u043d\u0430<\/td>\n<\/tr>\n<tr>\n<td class=\"xl68\" height=\"23\">Size<\/td>\n<td class=\"xl70\" width=\"151\">Chest<\/td>\n<td class=\"xl68\">Hips<\/td>\n<td class=\"xl68\">Length<\/td>\n<\/tr>\n<tr>\n<td class=\"xl66\" height=\"21\">M<\/td>\n<td class=\"xl71\" width=\"151\">90<\/td>\n<td class=\"xl67\">104<\/td>\n<td class=\"xl67\">103<\/td>\n<\/tr>\n<tr>\n<td class=\"xl66\" height=\"21\">L<\/td>\n<td class=\"xl65\">96<\/td>\n<td class=\"xl67\">108<\/td>\n<td class=\"xl67\">105<\/td>\n<\/tr>\n<tr>\n<td class=\"xl66\" height=\"21\">XL<\/td>\n<td class=\"xl65\">102<\/td>\n<td class=\"xl67\">112<\/td>\n<td class=\"xl67\">108<\/td>\n<\/tr>\n<tr>\n<td class=\"xl66\" height=\"21\">2XL<\/td>\n<td class=\"xl65\">106<\/td>\n<td class=\"xl67\">116<\/td>\n<td class=\"xl67\">110<\/td>\n<\/tr>\n<tr>\n<td class=\"xl66\" height=\"21\">3XL<\/td>\n<td class=\"xl65\">112<\/td>\n<td class=\"xl67\">124<\/td>\n<td class=\"xl67\">90<\/td>\n<\/tr>\n<tr>\n<td class=\"xl66\" height=\"21\">5XL<\/td>\n<td class=\"xl65\">122<\/td>\n<td class=\"xl67\">136<\/td>\n<td class=\"xl67\">97<\/td>\n<\/tr>\n<tr>\n<td class=\"xl66\" height=\"21\">6XL<\/td>\n<td class=\"xl65\">126<\/td>\n<td class=\"xl67\">142<\/td>\n<td class=\"xl67\">95<\/td>\n<\/tr>\n<\/tbody>\n<\/table>\n","protected":false},"excerpt":{"rendered":"<p>Material: 50% cotton, 50% viscose, We recommend one size larger M-6XL Color of product may differ from the color in the picture Please study carefully the size chart Suurus Rinna\u00fcmberm\u00f5\u00f5t Puusa\u00fcmberm\u00f5\u00f5t Pikkus \u0420\u0430\u0437\u043c\u0435\u0440 \u041e\u0431\u044a\u0435\u043c \u0433\u0440\u0443\u0434\u0438 \u041e\u0431\u044a\u0435\u043c \u0431\u0435\u0434\u0435\u0440 \u0414\u043b\u0438\u043d\u0430 Size Chest Hips Length M 90 104 103 L 96 108 105 XL 102 112 108 2XL [&hellip;]<\/p>\n","protected":false},"featured_media":11178,"template":"","meta":[],"product_brand":[],"product_cat":[153,179,166],"product_tag":[],"class_list":{"0":"post-11136","1":"product","2":"type-product","3":"status-publish","4":"has-post-thumbnail","6":"product_cat-naiste-pidzaamad-ja-oosargid-en","7":"product_cat-oosargid-en","8":"product_cat-luhikeste-varrukatega-en","10":"first","11":"instock","12":"sale","13":"taxable","14":"shipping-taxable","15":"purchasable","16":"product-type-variable"},"yoast_head":"<!-- This site is optimized with the Yoast SEO plugin v27.3 - https:\/\/yoast.com\/product\/yoast-seo-wordpress\/ -->\n<title>Slim nightgown in cotton with viscose 82523OR<\/title>\n<meta name=\"robots\" content=\"index, follow, max-snippet:-1, max-image-preview:large, max-video-preview:-1\" \/>\n<link rel=\"canonical\" href=\"https:\/\/pidzaama.ee\/en\/product\/slim-nightgown-in-cotton-with-viscose-82523or\/\" \/>\n<meta property=\"og:locale\" content=\"en_US\" \/>\n<meta property=\"og:type\" content=\"article\" \/>\n<meta property=\"og:title\" content=\"Slim nightgown in cotton with viscose 82523OR\" \/>\n<meta property=\"og:description\" content=\"Material: 50% cotton, 50% viscose, We recommend one size larger M-6XL Color of product may differ from the color in the picture Please study carefully the size chart Suurus Rinna\u00fcmberm\u00f5\u00f5t Puusa\u00fcmberm\u00f5\u00f5t Pikkus \u0420\u0430\u0437\u043c\u0435\u0440 \u041e\u0431\u044a\u0435\u043c \u0433\u0440\u0443\u0434\u0438 \u041e\u0431\u044a\u0435\u043c \u0431\u0435\u0434\u0435\u0440 \u0414\u043b\u0438\u043d\u0430 Size Chest Hips Length M 90 104 103 L 96 108 105 XL 102 112 108 2XL [&hellip;]\" \/>\n<meta property=\"og:url\" content=\"https:\/\/pidzaama.ee\/en\/product\/slim-nightgown-in-cotton-with-viscose-82523or\/\" \/>\n<meta property=\"og:site_name\" content=\"Pidzaama\" \/>\n<meta property=\"article:modified_time\" content=\"2024-02-21T13:48:43+00:00\" \/>\n<meta property=\"og:image\" content=\"https:\/\/pidzaama.ee\/wp-content\/uploads\/2023\/03\/82523Z-3.jpg\" \/>\n\t<meta property=\"og:image:width\" content=\"953\" \/>\n\t<meta property=\"og:image:height\" content=\"1271\" \/>\n\t<meta property=\"og:image:type\" content=\"image\/jpeg\" \/>\n<meta name=\"twitter:card\" content=\"summary_large_image\" \/>\n<meta name=\"twitter:label1\" content=\"Est. reading time\" \/>\n\t<meta name=\"twitter:data1\" content=\"1 minute\" \/>\n<script type=\"application\/ld+json\" class=\"yoast-schema-graph\">{\"@context\":\"https:\\\/\\\/schema.org\",\"@graph\":[{\"@type\":\"WebPage\",\"@id\":\"https:\\\/\\\/pidzaama.ee\\\/en\\\/product\\\/slim-nightgown-in-cotton-with-viscose-82523or\\\/\",\"url\":\"https:\\\/\\\/pidzaama.ee\\\/en\\\/product\\\/slim-nightgown-in-cotton-with-viscose-82523or\\\/\",\"name\":\"Slim nightgown in cotton with viscose 82523OR\",\"isPartOf\":{\"@id\":\"https:\\\/\\\/pidzaama.ee\\\/en\\\/#website\"},\"primaryImageOfPage\":{\"@id\":\"https:\\\/\\\/pidzaama.ee\\\/en\\\/product\\\/slim-nightgown-in-cotton-with-viscose-82523or\\\/#primaryimage\"},\"image\":{\"@id\":\"https:\\\/\\\/pidzaama.ee\\\/en\\\/product\\\/slim-nightgown-in-cotton-with-viscose-82523or\\\/#primaryimage\"},\"thumbnailUrl\":\"https:\\\/\\\/pidzaama.ee\\\/wp-content\\\/uploads\\\/2023\\\/03\\\/82523Z-3.jpg\",\"datePublished\":\"2023-03-31T12:53:02+00:00\",\"dateModified\":\"2024-02-21T13:48:43+00:00\",\"breadcrumb\":{\"@id\":\"https:\\\/\\\/pidzaama.ee\\\/en\\\/product\\\/slim-nightgown-in-cotton-with-viscose-82523or\\\/#breadcrumb\"},\"inLanguage\":\"en-US\",\"potentialAction\":[{\"@type\":\"ReadAction\",\"target\":[\"https:\\\/\\\/pidzaama.ee\\\/en\\\/product\\\/slim-nightgown-in-cotton-with-viscose-82523or\\\/\"]}]},{\"@type\":\"ImageObject\",\"inLanguage\":\"en-US\",\"@id\":\"https:\\\/\\\/pidzaama.ee\\\/en\\\/product\\\/slim-nightgown-in-cotton-with-viscose-82523or\\\/#primaryimage\",\"url\":\"https:\\\/\\\/pidzaama.ee\\\/wp-content\\\/uploads\\\/2023\\\/03\\\/82523Z-3.jpg\",\"contentUrl\":\"https:\\\/\\\/pidzaama.ee\\\/wp-content\\\/uploads\\\/2023\\\/03\\\/82523Z-3.jpg\",\"width\":953,\"height\":1271},{\"@type\":\"BreadcrumbList\",\"@id\":\"https:\\\/\\\/pidzaama.ee\\\/en\\\/product\\\/slim-nightgown-in-cotton-with-viscose-82523or\\\/#breadcrumb\",\"itemListElement\":[{\"@type\":\"ListItem\",\"position\":1,\"name\":\"Home\",\"item\":\"https:\\\/\\\/pidzaama.ee\\\/en\\\/home\\\/\"},{\"@type\":\"ListItem\",\"position\":2,\"name\":\"ABOUT US\",\"item\":\"https:\\\/\\\/pidzaama.ee\\\/en\\\/about-us\\\/\"},{\"@type\":\"ListItem\",\"position\":3,\"name\":\"Slim nightgown in cotton with viscose 82523OR\"}]},{\"@type\":\"WebSite\",\"@id\":\"https:\\\/\\\/pidzaama.ee\\\/en\\\/#website\",\"url\":\"https:\\\/\\\/pidzaama.ee\\\/en\\\/\",\"name\":\"Pidzaama\",\"description\":\"T\u00e4iendame pidevalt meie sortimendi ning suurusi!\",\"potentialAction\":[{\"@type\":\"SearchAction\",\"target\":{\"@type\":\"EntryPoint\",\"urlTemplate\":\"https:\\\/\\\/pidzaama.ee\\\/en\\\/?s={search_term_string}\"},\"query-input\":{\"@type\":\"PropertyValueSpecification\",\"valueRequired\":true,\"valueName\":\"search_term_string\"}}],\"inLanguage\":\"en-US\"}]}<\/script>\n<!-- \/ Yoast SEO plugin. -->","yoast_head_json":{"title":"Slim nightgown in cotton with viscose 82523OR","robots":{"index":"index","follow":"follow","max-snippet":"max-snippet:-1","max-image-preview":"max-image-preview:large","max-video-preview":"max-video-preview:-1"},"canonical":"https:\/\/pidzaama.ee\/en\/product\/slim-nightgown-in-cotton-with-viscose-82523or\/","og_locale":"en_US","og_type":"article","og_title":"Slim nightgown in cotton with viscose 82523OR","og_description":"Material: 50% cotton, 50% viscose, We recommend one size larger M-6XL Color of product may differ from the color in the picture Please study carefully the size chart Suurus Rinna\u00fcmberm\u00f5\u00f5t Puusa\u00fcmberm\u00f5\u00f5t Pikkus \u0420\u0430\u0437\u043c\u0435\u0440 \u041e\u0431\u044a\u0435\u043c \u0433\u0440\u0443\u0434\u0438 \u041e\u0431\u044a\u0435\u043c \u0431\u0435\u0434\u0435\u0440 \u0414\u043b\u0438\u043d\u0430 Size Chest Hips Length M 90 104 103 L 96 108 105 XL 102 112 108 2XL [&hellip;]","og_url":"https:\/\/pidzaama.ee\/en\/product\/slim-nightgown-in-cotton-with-viscose-82523or\/","og_site_name":"Pidzaama","article_modified_time":"2024-02-21T13:48:43+00:00","og_image":[{"width":953,"height":1271,"url":"https:\/\/pidzaama.ee\/wp-content\/uploads\/2023\/03\/82523Z-3.jpg","type":"image\/jpeg"}],"twitter_card":"summary_large_image","twitter_misc":{"Est. reading time":"1 minute"},"schema":{"@context":"https:\/\/schema.org","@graph":[{"@type":"WebPage","@id":"https:\/\/pidzaama.ee\/en\/product\/slim-nightgown-in-cotton-with-viscose-82523or\/","url":"https:\/\/pidzaama.ee\/en\/product\/slim-nightgown-in-cotton-with-viscose-82523or\/","name":"Slim nightgown in cotton with viscose 82523OR","isPartOf":{"@id":"https:\/\/pidzaama.ee\/en\/#website"},"primaryImageOfPage":{"@id":"https:\/\/pidzaama.ee\/en\/product\/slim-nightgown-in-cotton-with-viscose-82523or\/#primaryimage"},"image":{"@id":"https:\/\/pidzaama.ee\/en\/product\/slim-nightgown-in-cotton-with-viscose-82523or\/#primaryimage"},"thumbnailUrl":"https:\/\/pidzaama.ee\/wp-content\/uploads\/2023\/03\/82523Z-3.jpg","datePublished":"2023-03-31T12:53:02+00:00","dateModified":"2024-02-21T13:48:43+00:00","breadcrumb":{"@id":"https:\/\/pidzaama.ee\/en\/product\/slim-nightgown-in-cotton-with-viscose-82523or\/#breadcrumb"},"inLanguage":"en-US","potentialAction":[{"@type":"ReadAction","target":["https:\/\/pidzaama.ee\/en\/product\/slim-nightgown-in-cotton-with-viscose-82523or\/"]}]},{"@type":"ImageObject","inLanguage":"en-US","@id":"https:\/\/pidzaama.ee\/en\/product\/slim-nightgown-in-cotton-with-viscose-82523or\/#primaryimage","url":"https:\/\/pidzaama.ee\/wp-content\/uploads\/2023\/03\/82523Z-3.jpg","contentUrl":"https:\/\/pidzaama.ee\/wp-content\/uploads\/2023\/03\/82523Z-3.jpg","width":953,"height":1271},{"@type":"BreadcrumbList","@id":"https:\/\/pidzaama.ee\/en\/product\/slim-nightgown-in-cotton-with-viscose-82523or\/#breadcrumb","itemListElement":[{"@type":"ListItem","position":1,"name":"Home","item":"https:\/\/pidzaama.ee\/en\/home\/"},{"@type":"ListItem","position":2,"name":"ABOUT US","item":"https:\/\/pidzaama.ee\/en\/about-us\/"},{"@type":"ListItem","position":3,"name":"Slim nightgown in cotton with viscose 82523OR"}]},{"@type":"WebSite","@id":"https:\/\/pidzaama.ee\/en\/#website","url":"https:\/\/pidzaama.ee\/en\/","name":"Pidzaama","description":"T\u00e4iendame pidevalt meie sortimendi ning suurusi!","potentialAction":[{"@type":"SearchAction","target":{"@type":"EntryPoint","urlTemplate":"https:\/\/pidzaama.ee\/en\/?s={search_term_string}"},"query-input":{"@type":"PropertyValueSpecification","valueRequired":true,"valueName":"search_term_string"}}],"inLanguage":"en-US"}]}},"_links":{"self":[{"href":"https:\/\/pidzaama.ee\/en\/wp-json\/wp\/v2\/product\/11136","targetHints":{"allow":["GET"]}}],"collection":[{"href":"https:\/\/pidzaama.ee\/en\/wp-json\/wp\/v2\/product"}],"about":[{"href":"https:\/\/pidzaama.ee\/en\/wp-json\/wp\/v2\/types\/product"}],"wp:featuredmedia":[{"embeddable":true,"href":"https:\/\/pidzaama.ee\/en\/wp-json\/wp\/v2\/media\/11178"}],"wp:attachment":[{"href":"https:\/\/pidzaama.ee\/en\/wp-json\/wp\/v2\/media?parent=11136"}],"wp:term":[{"taxonomy":"product_brand","embeddable":true,"href":"https:\/\/pidzaama.ee\/en\/wp-json\/wp\/v2\/product_brand?post=11136"},{"taxonomy":"product_cat","embeddable":true,"href":"https:\/\/pidzaama.ee\/en\/wp-json\/wp\/v2\/product_cat?post=11136"},{"taxonomy":"product_tag","embeddable":true,"href":"https:\/\/pidzaama.ee\/en\/wp-json\/wp\/v2\/product_tag?post=11136"}],"curies":[{"name":"wp","href":"https:\/\/api.w.org\/{rel}","templated":true}]}}