{"id":11322,"date":"2023-05-24T13:53:26","date_gmt":"2023-05-24T13:53:29","guid":{"rendered":"https:\/\/pidzaama.ee\/?post_type=product&#038;p=11322"},"modified":"2024-02-28T11:09:09","modified_gmt":"2024-02-28T11:09:09","slug":"cotton-bathrobe-7260","status":"publish","type":"product","link":"https:\/\/pidzaama.ee\/en\/product\/cotton-bathrobe-7260\/","title":{"rendered":"Cotton bathrobe 7260 unisex"},"content":{"rendered":"<p>Cotton thin frote bathrobe. Ideal instead of a bath towel, absorbs moisture well<\/p>\n<p><b>We recommend one size larger<\/b><\/p>\n<p>This product is made of OEKO-TEX\u00ae STANDARD 100 certified fabric. This certificate guarantees that no harmful substances have been used in the processing of the fibers and that the material of the product is safe and non-allergenic.<\/p>\n<p>Material: 100% cotton<\/p>\n<p>L\/XL &#8211; 4XL<\/p>\n<p>Color of product may differ from the color in the picture<\/p>\n<p>Please study carefully the size chart<\/p>\n<table border=\"0\" width=\"604\" cellspacing=\"0\" cellpadding=\"0\">\n<colgroup>\n<col span=\"2\" width=\"151\" \/>\n<col span=\"2\" width=\"151\" \/><\/colgroup>\n<tbody>\n<tr>\n<td class=\"xl64\" width=\"151\" height=\"21\"><\/td>\n<td class=\"xl67\" width=\"151\">Rinna\u00fcmberm\u00f5\u00f5t<\/td>\n<td class=\"xl67\" width=\"151\">Puusa\u00fcmberm\u00f5\u00f5t<\/td>\n<td class=\"xl67\" width=\"151\">Pikkus<\/td>\n<\/tr>\n<tr>\n<td class=\"xl64\" height=\"21\"><\/td>\n<td class=\"xl67\">\u041e\u0431\u044a\u0435\u043c \u0433\u0440\u0443\u0434\u0438<\/td>\n<td class=\"xl67\">\u041e\u0431\u044a\u0435\u043c \u0431\u0435\u0434\u0435\u0440<\/td>\n<td class=\"xl67\">\u0414\u043b\u0438\u043d\u0430<\/td>\n<\/tr>\n<tr>\n<td class=\"xl64\" height=\"21\"><\/td>\n<td class=\"xl67\">Chest<\/td>\n<td class=\"xl67\">Hips<\/td>\n<td class=\"xl67\">Length<\/td>\n<\/tr>\n<tr>\n<td class=\"xl65\" height=\"21\">L\/XL<\/td>\n<td class=\"xl63\" width=\"151\">110<\/td>\n<td class=\"xl66\">110<\/td>\n<td class=\"xl66\">118<\/td>\n<\/tr>\n<tr>\n<td class=\"xl65\" height=\"21\">2XL<\/td>\n<td class=\"xl66\">122<\/td>\n<td class=\"xl66\">122<\/td>\n<td class=\"xl66\">118<\/td>\n<\/tr>\n<tr>\n<td class=\"xl65\" height=\"21\">3XL<\/td>\n<td class=\"xl66\">132<\/td>\n<td class=\"xl66\">132<\/td>\n<td class=\"xl66\">119<\/td>\n<\/tr>\n<tr>\n<td class=\"xl65\" height=\"21\">4XL<\/td>\n<td class=\"xl66\">142<\/td>\n<td class=\"xl66\">142<\/td>\n<td class=\"xl66\">119<\/td>\n<\/tr>\n<\/tbody>\n<\/table>\n","protected":false},"excerpt":{"rendered":"<p>Cotton thin frote bathrobe. Ideal instead of a bath towel, absorbs moisture well We recommend one size larger This product is made of OEKO-TEX\u00ae STANDARD 100 certified fabric. This certificate guarantees that no harmful substances have been used in the processing of the fibers and that the material of the product is safe and non-allergenic. [&hellip;]<\/p>\n","protected":false},"featured_media":11356,"template":"","meta":[],"product_brand":[],"product_cat":[156,182],"product_tag":[],"class_list":{"0":"post-11322","1":"product","2":"type-product","3":"status-publish","4":"has-post-thumbnail","6":"product_cat-meeste-pidzaamad-ja-hommikumantlid-en","7":"product_cat-meeste-hommikumantlid-en","9":"first","10":"outofstock","11":"taxable","12":"shipping-taxable","13":"product-type-variable"},"yoast_head":"<!-- This site is optimized with the Yoast SEO plugin v27.3 - https:\/\/yoast.com\/product\/yoast-seo-wordpress\/ -->\n<title>Cotton bathrobe 7260 unisex<\/title>\n<meta name=\"robots\" content=\"index, follow, max-snippet:-1, max-image-preview:large, max-video-preview:-1\" \/>\n<link rel=\"canonical\" href=\"https:\/\/pidzaama.ee\/en\/product\/cotton-bathrobe-7260\/\" \/>\n<meta property=\"og:locale\" content=\"en_US\" \/>\n<meta property=\"og:type\" content=\"article\" \/>\n<meta property=\"og:title\" content=\"Cotton bathrobe 7260 unisex\" \/>\n<meta property=\"og:description\" content=\"Cotton thin frote bathrobe. Ideal instead of a bath towel, absorbs moisture well We recommend one size larger This product is made of OEKO-TEX\u00ae STANDARD 100 certified fabric. This certificate guarantees that no harmful substances have been used in the processing of the fibers and that the material of the product is safe and non-allergenic. [&hellip;]\" \/>\n<meta property=\"og:url\" content=\"https:\/\/pidzaama.ee\/en\/product\/cotton-bathrobe-7260\/\" \/>\n<meta property=\"og:site_name\" content=\"Pidzaama\" \/>\n<meta property=\"article:modified_time\" content=\"2024-02-28T11:09:09+00:00\" \/>\n<meta property=\"og:image\" content=\"https:\/\/pidzaama.ee\/wp-content\/uploads\/2023\/05\/WhatsApp-Image-2023-04-20-at-13.46.10.jpeg\" \/>\n\t<meta property=\"og:image:width\" content=\"1067\" \/>\n\t<meta property=\"og:image:height\" content=\"1600\" \/>\n\t<meta property=\"og:image:type\" content=\"image\/jpeg\" \/>\n<meta name=\"twitter:card\" content=\"summary_large_image\" \/>\n<meta name=\"twitter:label1\" content=\"Est. reading time\" \/>\n\t<meta name=\"twitter:data1\" content=\"1 minute\" \/>\n<script type=\"application\/ld+json\" class=\"yoast-schema-graph\">{\"@context\":\"https:\\\/\\\/schema.org\",\"@graph\":[{\"@type\":\"WebPage\",\"@id\":\"https:\\\/\\\/pidzaama.ee\\\/en\\\/product\\\/cotton-bathrobe-7260\\\/\",\"url\":\"https:\\\/\\\/pidzaama.ee\\\/en\\\/product\\\/cotton-bathrobe-7260\\\/\",\"name\":\"Cotton bathrobe 7260 unisex\",\"isPartOf\":{\"@id\":\"https:\\\/\\\/pidzaama.ee\\\/en\\\/#website\"},\"primaryImageOfPage\":{\"@id\":\"https:\\\/\\\/pidzaama.ee\\\/en\\\/product\\\/cotton-bathrobe-7260\\\/#primaryimage\"},\"image\":{\"@id\":\"https:\\\/\\\/pidzaama.ee\\\/en\\\/product\\\/cotton-bathrobe-7260\\\/#primaryimage\"},\"thumbnailUrl\":\"https:\\\/\\\/pidzaama.ee\\\/wp-content\\\/uploads\\\/2023\\\/05\\\/WhatsApp-Image-2023-04-20-at-13.46.10.jpeg\",\"datePublished\":\"2023-05-24T13:53:29+00:00\",\"dateModified\":\"2024-02-28T11:09:09+00:00\",\"breadcrumb\":{\"@id\":\"https:\\\/\\\/pidzaama.ee\\\/en\\\/product\\\/cotton-bathrobe-7260\\\/#breadcrumb\"},\"inLanguage\":\"en-US\",\"potentialAction\":[{\"@type\":\"ReadAction\",\"target\":[\"https:\\\/\\\/pidzaama.ee\\\/en\\\/product\\\/cotton-bathrobe-7260\\\/\"]}]},{\"@type\":\"ImageObject\",\"inLanguage\":\"en-US\",\"@id\":\"https:\\\/\\\/pidzaama.ee\\\/en\\\/product\\\/cotton-bathrobe-7260\\\/#primaryimage\",\"url\":\"https:\\\/\\\/pidzaama.ee\\\/wp-content\\\/uploads\\\/2023\\\/05\\\/WhatsApp-Image-2023-04-20-at-13.46.10.jpeg\",\"contentUrl\":\"https:\\\/\\\/pidzaama.ee\\\/wp-content\\\/uploads\\\/2023\\\/05\\\/WhatsApp-Image-2023-04-20-at-13.46.10.jpeg\",\"width\":1067,\"height\":1600},{\"@type\":\"BreadcrumbList\",\"@id\":\"https:\\\/\\\/pidzaama.ee\\\/en\\\/product\\\/cotton-bathrobe-7260\\\/#breadcrumb\",\"itemListElement\":[{\"@type\":\"ListItem\",\"position\":1,\"name\":\"Home\",\"item\":\"https:\\\/\\\/pidzaama.ee\\\/en\\\/home\\\/\"},{\"@type\":\"ListItem\",\"position\":2,\"name\":\"ABOUT US\",\"item\":\"https:\\\/\\\/pidzaama.ee\\\/en\\\/about-us\\\/\"},{\"@type\":\"ListItem\",\"position\":3,\"name\":\"Cotton bathrobe 7260 unisex\"}]},{\"@type\":\"WebSite\",\"@id\":\"https:\\\/\\\/pidzaama.ee\\\/en\\\/#website\",\"url\":\"https:\\\/\\\/pidzaama.ee\\\/en\\\/\",\"name\":\"Pidzaama\",\"description\":\"T\u00e4iendame pidevalt meie sortimendi ning suurusi!\",\"potentialAction\":[{\"@type\":\"SearchAction\",\"target\":{\"@type\":\"EntryPoint\",\"urlTemplate\":\"https:\\\/\\\/pidzaama.ee\\\/en\\\/?s={search_term_string}\"},\"query-input\":{\"@type\":\"PropertyValueSpecification\",\"valueRequired\":true,\"valueName\":\"search_term_string\"}}],\"inLanguage\":\"en-US\"}]}<\/script>\n<!-- \/ Yoast SEO plugin. -->","yoast_head_json":{"title":"Cotton bathrobe 7260 unisex","robots":{"index":"index","follow":"follow","max-snippet":"max-snippet:-1","max-image-preview":"max-image-preview:large","max-video-preview":"max-video-preview:-1"},"canonical":"https:\/\/pidzaama.ee\/en\/product\/cotton-bathrobe-7260\/","og_locale":"en_US","og_type":"article","og_title":"Cotton bathrobe 7260 unisex","og_description":"Cotton thin frote bathrobe. Ideal instead of a bath towel, absorbs moisture well We recommend one size larger This product is made of OEKO-TEX\u00ae STANDARD 100 certified fabric. This certificate guarantees that no harmful substances have been used in the processing of the fibers and that the material of the product is safe and non-allergenic. [&hellip;]","og_url":"https:\/\/pidzaama.ee\/en\/product\/cotton-bathrobe-7260\/","og_site_name":"Pidzaama","article_modified_time":"2024-02-28T11:09:09+00:00","og_image":[{"width":1067,"height":1600,"url":"https:\/\/pidzaama.ee\/wp-content\/uploads\/2023\/05\/WhatsApp-Image-2023-04-20-at-13.46.10.jpeg","type":"image\/jpeg"}],"twitter_card":"summary_large_image","twitter_misc":{"Est. reading time":"1 minute"},"schema":{"@context":"https:\/\/schema.org","@graph":[{"@type":"WebPage","@id":"https:\/\/pidzaama.ee\/en\/product\/cotton-bathrobe-7260\/","url":"https:\/\/pidzaama.ee\/en\/product\/cotton-bathrobe-7260\/","name":"Cotton bathrobe 7260 unisex","isPartOf":{"@id":"https:\/\/pidzaama.ee\/en\/#website"},"primaryImageOfPage":{"@id":"https:\/\/pidzaama.ee\/en\/product\/cotton-bathrobe-7260\/#primaryimage"},"image":{"@id":"https:\/\/pidzaama.ee\/en\/product\/cotton-bathrobe-7260\/#primaryimage"},"thumbnailUrl":"https:\/\/pidzaama.ee\/wp-content\/uploads\/2023\/05\/WhatsApp-Image-2023-04-20-at-13.46.10.jpeg","datePublished":"2023-05-24T13:53:29+00:00","dateModified":"2024-02-28T11:09:09+00:00","breadcrumb":{"@id":"https:\/\/pidzaama.ee\/en\/product\/cotton-bathrobe-7260\/#breadcrumb"},"inLanguage":"en-US","potentialAction":[{"@type":"ReadAction","target":["https:\/\/pidzaama.ee\/en\/product\/cotton-bathrobe-7260\/"]}]},{"@type":"ImageObject","inLanguage":"en-US","@id":"https:\/\/pidzaama.ee\/en\/product\/cotton-bathrobe-7260\/#primaryimage","url":"https:\/\/pidzaama.ee\/wp-content\/uploads\/2023\/05\/WhatsApp-Image-2023-04-20-at-13.46.10.jpeg","contentUrl":"https:\/\/pidzaama.ee\/wp-content\/uploads\/2023\/05\/WhatsApp-Image-2023-04-20-at-13.46.10.jpeg","width":1067,"height":1600},{"@type":"BreadcrumbList","@id":"https:\/\/pidzaama.ee\/en\/product\/cotton-bathrobe-7260\/#breadcrumb","itemListElement":[{"@type":"ListItem","position":1,"name":"Home","item":"https:\/\/pidzaama.ee\/en\/home\/"},{"@type":"ListItem","position":2,"name":"ABOUT US","item":"https:\/\/pidzaama.ee\/en\/about-us\/"},{"@type":"ListItem","position":3,"name":"Cotton bathrobe 7260 unisex"}]},{"@type":"WebSite","@id":"https:\/\/pidzaama.ee\/en\/#website","url":"https:\/\/pidzaama.ee\/en\/","name":"Pidzaama","description":"T\u00e4iendame pidevalt meie sortimendi ning suurusi!","potentialAction":[{"@type":"SearchAction","target":{"@type":"EntryPoint","urlTemplate":"https:\/\/pidzaama.ee\/en\/?s={search_term_string}"},"query-input":{"@type":"PropertyValueSpecification","valueRequired":true,"valueName":"search_term_string"}}],"inLanguage":"en-US"}]}},"_links":{"self":[{"href":"https:\/\/pidzaama.ee\/en\/wp-json\/wp\/v2\/product\/11322","targetHints":{"allow":["GET"]}}],"collection":[{"href":"https:\/\/pidzaama.ee\/en\/wp-json\/wp\/v2\/product"}],"about":[{"href":"https:\/\/pidzaama.ee\/en\/wp-json\/wp\/v2\/types\/product"}],"wp:featuredmedia":[{"embeddable":true,"href":"https:\/\/pidzaama.ee\/en\/wp-json\/wp\/v2\/media\/11356"}],"wp:attachment":[{"href":"https:\/\/pidzaama.ee\/en\/wp-json\/wp\/v2\/media?parent=11322"}],"wp:term":[{"taxonomy":"product_brand","embeddable":true,"href":"https:\/\/pidzaama.ee\/en\/wp-json\/wp\/v2\/product_brand?post=11322"},{"taxonomy":"product_cat","embeddable":true,"href":"https:\/\/pidzaama.ee\/en\/wp-json\/wp\/v2\/product_cat?post=11322"},{"taxonomy":"product_tag","embeddable":true,"href":"https:\/\/pidzaama.ee\/en\/wp-json\/wp\/v2\/product_tag?post=11322"}],"curies":[{"name":"wp","href":"https:\/\/api.w.org\/{rel}","templated":true}]}}