{"id":13768,"date":"2024-03-22T15:40:06","date_gmt":"2024-03-22T15:40:07","guid":{"rendered":"https:\/\/pidzaama.ee\/?post_type=product&#038;p=13768"},"modified":"2024-04-22T09:50:02","modified_gmt":"2024-04-22T09:50:02","slug":"cotton-summer-dress-92670","status":"publish","type":"product","link":"https:\/\/pidzaama.ee\/en\/product\/cotton-summer-dress-92670\/","title":{"rendered":"Cotton summer dress 92670"},"content":{"rendered":"<p>Material: 95% cotton\/5% elastan<\/p>\n<p>L-2XL<\/p>\n<p>Color of product may differ from the color in the picture<\/p>\n<p>Please study carefully the size chart<\/p>\n<div>\n<table border=\"0\" width=\"604\" cellspacing=\"0\" cellpadding=\"0\">\n<colgroup>\n<col span=\"2\" width=\"151\" \/>\n<col span=\"2\" width=\"151\" \/><\/colgroup>\n<tbody>\n<tr>\n<td class=\"xl66\" width=\"151\" height=\"21\"><\/td>\n<td class=\"xl69\" width=\"151\">Rinna\u00fcmberm\u00f5\u00f5t<\/td>\n<td class=\"xl69\" width=\"151\">Puusa\u00fcmberm\u00f5\u00f5t<\/td>\n<td class=\"xl69\" width=\"151\">P\u00fckste pikkus<\/td>\n<\/tr>\n<tr>\n<td class=\"xl66\" height=\"21\"><\/td>\n<td class=\"xl69\">\u041e\u0431\u044a\u0435\u043c \u0433\u0440\u0443\u0434\u0438<\/td>\n<td class=\"xl69\">\u041e\u0431\u044a\u0435\u043c \u0431\u0435\u0434\u0435\u0440<\/td>\n<td class=\"xl69\">\u0414\u043b\u0438\u043d\u0430 \u0448\u0442\u0430\u043d\u043e\u0432<\/td>\n<\/tr>\n<tr>\n<td class=\"xl66\" height=\"21\"><\/td>\n<td class=\"xl69\">Chest<\/td>\n<td class=\"xl69\">Hips<\/td>\n<td class=\"xl69\">Outside leg<\/td>\n<\/tr>\n<tr>\n<td class=\"xl67\" height=\"21\">L<\/td>\n<td class=\"xl68\">90<\/td>\n<td class=\"xl68\"><\/td>\n<td class=\"xl68\">87<\/td>\n<\/tr>\n<tr>\n<td class=\"xl67\" height=\"21\">XL<\/td>\n<td class=\"xl68\">92<\/td>\n<td class=\"xl68\"><\/td>\n<td class=\"xl68\">89<\/td>\n<\/tr>\n<tr>\n<td class=\"xl67\" height=\"21\">2XL<\/td>\n<td class=\"xl68\">94<\/td>\n<td class=\"xl68\"><\/td>\n<td class=\"xl68\">90<\/td>\n<\/tr>\n<\/tbody>\n<\/table>\n<\/div>\n","protected":false},"excerpt":{"rendered":"<p>Material: 95% cotton\/5% elastan L-2XL Color of product may differ from the color in the picture Please study carefully the size chart Rinna\u00fcmberm\u00f5\u00f5t Puusa\u00fcmberm\u00f5\u00f5t P\u00fckste pikkus \u041e\u0431\u044a\u0435\u043c \u0433\u0440\u0443\u0434\u0438 \u041e\u0431\u044a\u0435\u043c \u0431\u0435\u0434\u0435\u0440 \u0414\u043b\u0438\u043d\u0430 \u0448\u0442\u0430\u043d\u043e\u0432 Chest Hips Outside leg L 90 87 XL 92 89 2XL 94 90<\/p>\n","protected":false},"featured_media":13794,"template":"","meta":[],"product_brand":[],"product_cat":[165,153,179,191,166],"product_tag":[],"class_list":{"0":"post-13768","1":"product","2":"type-product","3":"status-publish","4":"has-post-thumbnail","6":"product_cat-homeclothing","7":"product_cat-naiste-pidzaamad-ja-oosargid-en","8":"product_cat-oosargid-en","9":"product_cat-outlet-en","10":"product_cat-luhikeste-varrukatega-en","12":"first","13":"instock","14":"sale","15":"taxable","16":"shipping-taxable","17":"purchasable","18":"product-type-variable"},"yoast_head":"<!-- This site is optimized with the Yoast SEO plugin v27.3 - https:\/\/yoast.com\/product\/yoast-seo-wordpress\/ -->\n<title>Cotton house dress 92521<\/title>\n<meta name=\"description\" content=\"Material: 95% cotton\/5% elastan. Color of product may differ from the color in the picture. Please study carefully the size chart.\" \/>\n<meta name=\"robots\" content=\"index, follow, max-snippet:-1, max-image-preview:large, max-video-preview:-1\" \/>\n<link rel=\"canonical\" href=\"https:\/\/pidzaama.ee\/en\/product\/cotton-summer-dress-92670\/\" \/>\n<meta property=\"og:locale\" content=\"en_US\" \/>\n<meta property=\"og:type\" content=\"article\" \/>\n<meta property=\"og:title\" content=\"Cotton house dress 92521\" \/>\n<meta property=\"og:description\" content=\"Material: 95% cotton\/5% elastan. Color of product may differ from the color in the picture. Please study carefully the size chart.\" \/>\n<meta property=\"og:url\" content=\"https:\/\/pidzaama.ee\/en\/product\/cotton-summer-dress-92670\/\" \/>\n<meta property=\"og:site_name\" content=\"Pidzaama\" \/>\n<meta property=\"article:modified_time\" content=\"2024-04-22T09:50:02+00:00\" \/>\n<meta property=\"og:image\" content=\"https:\/\/pidzaama.ee\/wp-content\/uploads\/2024\/03\/92670-2.jpg\" \/>\n\t<meta property=\"og:image:width\" content=\"1200\" \/>\n\t<meta property=\"og:image:height\" content=\"1600\" \/>\n\t<meta property=\"og:image:type\" content=\"image\/jpeg\" \/>\n<meta name=\"twitter:card\" content=\"summary_large_image\" \/>\n<meta name=\"twitter:label1\" content=\"Est. reading time\" \/>\n\t<meta name=\"twitter:data1\" content=\"1 minute\" \/>\n<script type=\"application\/ld+json\" class=\"yoast-schema-graph\">{\"@context\":\"https:\\\/\\\/schema.org\",\"@graph\":[{\"@type\":\"WebPage\",\"@id\":\"https:\\\/\\\/pidzaama.ee\\\/en\\\/product\\\/cotton-summer-dress-92670\\\/\",\"url\":\"https:\\\/\\\/pidzaama.ee\\\/en\\\/product\\\/cotton-summer-dress-92670\\\/\",\"name\":\"Cotton house dress 92521\",\"isPartOf\":{\"@id\":\"https:\\\/\\\/pidzaama.ee\\\/en\\\/#website\"},\"primaryImageOfPage\":{\"@id\":\"https:\\\/\\\/pidzaama.ee\\\/en\\\/product\\\/cotton-summer-dress-92670\\\/#primaryimage\"},\"image\":{\"@id\":\"https:\\\/\\\/pidzaama.ee\\\/en\\\/product\\\/cotton-summer-dress-92670\\\/#primaryimage\"},\"thumbnailUrl\":\"https:\\\/\\\/pidzaama.ee\\\/wp-content\\\/uploads\\\/2024\\\/03\\\/92670-2.jpg\",\"datePublished\":\"2024-03-22T15:40:07+00:00\",\"dateModified\":\"2024-04-22T09:50:02+00:00\",\"description\":\"Material: 95% cotton\\\/5% elastan. Color of product may differ from the color in the picture. Please study carefully the size chart.\",\"breadcrumb\":{\"@id\":\"https:\\\/\\\/pidzaama.ee\\\/en\\\/product\\\/cotton-summer-dress-92670\\\/#breadcrumb\"},\"inLanguage\":\"en-US\",\"potentialAction\":[{\"@type\":\"ReadAction\",\"target\":[\"https:\\\/\\\/pidzaama.ee\\\/en\\\/product\\\/cotton-summer-dress-92670\\\/\"]}]},{\"@type\":\"ImageObject\",\"inLanguage\":\"en-US\",\"@id\":\"https:\\\/\\\/pidzaama.ee\\\/en\\\/product\\\/cotton-summer-dress-92670\\\/#primaryimage\",\"url\":\"https:\\\/\\\/pidzaama.ee\\\/wp-content\\\/uploads\\\/2024\\\/03\\\/92670-2.jpg\",\"contentUrl\":\"https:\\\/\\\/pidzaama.ee\\\/wp-content\\\/uploads\\\/2024\\\/03\\\/92670-2.jpg\",\"width\":1200,\"height\":1600,\"caption\":\"Puuvillane kodukleit 92521\"},{\"@type\":\"BreadcrumbList\",\"@id\":\"https:\\\/\\\/pidzaama.ee\\\/en\\\/product\\\/cotton-summer-dress-92670\\\/#breadcrumb\",\"itemListElement\":[{\"@type\":\"ListItem\",\"position\":1,\"name\":\"Home\",\"item\":\"https:\\\/\\\/pidzaama.ee\\\/en\\\/home\\\/\"},{\"@type\":\"ListItem\",\"position\":2,\"name\":\"ABOUT US\",\"item\":\"https:\\\/\\\/pidzaama.ee\\\/en\\\/about-us\\\/\"},{\"@type\":\"ListItem\",\"position\":3,\"name\":\"Cotton summer dress 92670\"}]},{\"@type\":\"WebSite\",\"@id\":\"https:\\\/\\\/pidzaama.ee\\\/en\\\/#website\",\"url\":\"https:\\\/\\\/pidzaama.ee\\\/en\\\/\",\"name\":\"Pidzaama\",\"description\":\"T\u00e4iendame pidevalt meie sortimendi ning suurusi!\",\"potentialAction\":[{\"@type\":\"SearchAction\",\"target\":{\"@type\":\"EntryPoint\",\"urlTemplate\":\"https:\\\/\\\/pidzaama.ee\\\/en\\\/?s={search_term_string}\"},\"query-input\":{\"@type\":\"PropertyValueSpecification\",\"valueRequired\":true,\"valueName\":\"search_term_string\"}}],\"inLanguage\":\"en-US\"}]}<\/script>\n<!-- \/ Yoast SEO plugin. -->","yoast_head_json":{"title":"Cotton house dress 92521","description":"Material: 95% cotton\/5% elastan. Color of product may differ from the color in the picture. Please study carefully the size chart.","robots":{"index":"index","follow":"follow","max-snippet":"max-snippet:-1","max-image-preview":"max-image-preview:large","max-video-preview":"max-video-preview:-1"},"canonical":"https:\/\/pidzaama.ee\/en\/product\/cotton-summer-dress-92670\/","og_locale":"en_US","og_type":"article","og_title":"Cotton house dress 92521","og_description":"Material: 95% cotton\/5% elastan. Color of product may differ from the color in the picture. Please study carefully the size chart.","og_url":"https:\/\/pidzaama.ee\/en\/product\/cotton-summer-dress-92670\/","og_site_name":"Pidzaama","article_modified_time":"2024-04-22T09:50:02+00:00","og_image":[{"width":1200,"height":1600,"url":"https:\/\/pidzaama.ee\/wp-content\/uploads\/2024\/03\/92670-2.jpg","type":"image\/jpeg"}],"twitter_card":"summary_large_image","twitter_misc":{"Est. reading time":"1 minute"},"schema":{"@context":"https:\/\/schema.org","@graph":[{"@type":"WebPage","@id":"https:\/\/pidzaama.ee\/en\/product\/cotton-summer-dress-92670\/","url":"https:\/\/pidzaama.ee\/en\/product\/cotton-summer-dress-92670\/","name":"Cotton house dress 92521","isPartOf":{"@id":"https:\/\/pidzaama.ee\/en\/#website"},"primaryImageOfPage":{"@id":"https:\/\/pidzaama.ee\/en\/product\/cotton-summer-dress-92670\/#primaryimage"},"image":{"@id":"https:\/\/pidzaama.ee\/en\/product\/cotton-summer-dress-92670\/#primaryimage"},"thumbnailUrl":"https:\/\/pidzaama.ee\/wp-content\/uploads\/2024\/03\/92670-2.jpg","datePublished":"2024-03-22T15:40:07+00:00","dateModified":"2024-04-22T09:50:02+00:00","description":"Material: 95% cotton\/5% elastan. Color of product may differ from the color in the picture. Please study carefully the size chart.","breadcrumb":{"@id":"https:\/\/pidzaama.ee\/en\/product\/cotton-summer-dress-92670\/#breadcrumb"},"inLanguage":"en-US","potentialAction":[{"@type":"ReadAction","target":["https:\/\/pidzaama.ee\/en\/product\/cotton-summer-dress-92670\/"]}]},{"@type":"ImageObject","inLanguage":"en-US","@id":"https:\/\/pidzaama.ee\/en\/product\/cotton-summer-dress-92670\/#primaryimage","url":"https:\/\/pidzaama.ee\/wp-content\/uploads\/2024\/03\/92670-2.jpg","contentUrl":"https:\/\/pidzaama.ee\/wp-content\/uploads\/2024\/03\/92670-2.jpg","width":1200,"height":1600,"caption":"Puuvillane kodukleit 92521"},{"@type":"BreadcrumbList","@id":"https:\/\/pidzaama.ee\/en\/product\/cotton-summer-dress-92670\/#breadcrumb","itemListElement":[{"@type":"ListItem","position":1,"name":"Home","item":"https:\/\/pidzaama.ee\/en\/home\/"},{"@type":"ListItem","position":2,"name":"ABOUT US","item":"https:\/\/pidzaama.ee\/en\/about-us\/"},{"@type":"ListItem","position":3,"name":"Cotton summer dress 92670"}]},{"@type":"WebSite","@id":"https:\/\/pidzaama.ee\/en\/#website","url":"https:\/\/pidzaama.ee\/en\/","name":"Pidzaama","description":"T\u00e4iendame pidevalt meie sortimendi ning suurusi!","potentialAction":[{"@type":"SearchAction","target":{"@type":"EntryPoint","urlTemplate":"https:\/\/pidzaama.ee\/en\/?s={search_term_string}"},"query-input":{"@type":"PropertyValueSpecification","valueRequired":true,"valueName":"search_term_string"}}],"inLanguage":"en-US"}]}},"_links":{"self":[{"href":"https:\/\/pidzaama.ee\/en\/wp-json\/wp\/v2\/product\/13768","targetHints":{"allow":["GET"]}}],"collection":[{"href":"https:\/\/pidzaama.ee\/en\/wp-json\/wp\/v2\/product"}],"about":[{"href":"https:\/\/pidzaama.ee\/en\/wp-json\/wp\/v2\/types\/product"}],"wp:featuredmedia":[{"embeddable":true,"href":"https:\/\/pidzaama.ee\/en\/wp-json\/wp\/v2\/media\/13794"}],"wp:attachment":[{"href":"https:\/\/pidzaama.ee\/en\/wp-json\/wp\/v2\/media?parent=13768"}],"wp:term":[{"taxonomy":"product_brand","embeddable":true,"href":"https:\/\/pidzaama.ee\/en\/wp-json\/wp\/v2\/product_brand?post=13768"},{"taxonomy":"product_cat","embeddable":true,"href":"https:\/\/pidzaama.ee\/en\/wp-json\/wp\/v2\/product_cat?post=13768"},{"taxonomy":"product_tag","embeddable":true,"href":"https:\/\/pidzaama.ee\/en\/wp-json\/wp\/v2\/product_tag?post=13768"}],"curies":[{"name":"wp","href":"https:\/\/api.w.org\/{rel}","templated":true}]}}