{"id":13940,"date":"2024-04-07T08:21:08","date_gmt":"2024-04-07T08:21:09","guid":{"rendered":"https:\/\/pidzaama.ee\/?post_type=product&#038;p=13940"},"modified":"2024-05-02T17:26:23","modified_gmt":"2024-05-02T17:26:23","slug":"bamboo-womens-bathrobe-with-ziplock-0505","status":"publish","type":"product","link":"https:\/\/pidzaama.ee\/en\/product\/bamboo-womens-bathrobe-with-ziplock-0505\/","title":{"rendered":"Bamboo women&#8217;s bathrobe with ziplock 0505"},"content":{"rendered":"<p>The thin women&#8217;s robe is made of soft, silky bamboo fabric with cotton, which\u00a0able to maintain a comfortable temperature for the human body. Therefore, in summer in such a dressing gown it will be cool, and in winter it will be warm.\u00a0Bamboo with cotton perfectly absorbs moisture, dries quickly, passes air,\u00a0has antibacterial and antiseptic properties.<\/p>\n<p>This product is made of OEKO-TEX\u00ae STANDARD 100 certified fabric. This certificate guarantees that no harmful substances have been used in the processing of the fibers and that the material of the product is safe and non-allergenic.<\/p>\n<p>Material: 50% bamboo \/ 50% cotton<\/p>\n<p>M-3XL<\/p>\n<p>Color of product may differ from the color in the picture<\/p>\n<p>Please study carefully the size chart<\/p>\n<table border=\"0\" width=\"604\" cellspacing=\"0\" cellpadding=\"0\">\n<colgroup>\n<col span=\"2\" width=\"151\" \/>\n<col span=\"2\" width=\"151\" \/><\/colgroup>\n<tbody>\n<tr>\n<td class=\"xl66\" width=\"151\" height=\"21\"><\/td>\n<td class=\"xl69\" width=\"151\">Rinna\u00fcmberm\u00f5\u00f5t<\/td>\n<td class=\"xl69\" width=\"151\">Puusa\u00fcmberm\u00f5\u00f5t<\/td>\n<td class=\"xl69\" width=\"151\">Pikkus<\/td>\n<\/tr>\n<tr>\n<td class=\"xl66\" height=\"21\"><\/td>\n<td class=\"xl69\">\u041e\u0431\u044a\u0435\u043c \u0433\u0440\u0443\u0434\u0438<\/td>\n<td class=\"xl69\">\u041e\u0431\u044a\u0435\u043c \u0431\u0435\u0434\u0435\u0440<\/td>\n<td class=\"xl69\">\u0414\u043b\u0438\u043d\u0430<\/td>\n<\/tr>\n<tr>\n<td class=\"xl66\" height=\"21\"><\/td>\n<td class=\"xl69\">Chest<\/td>\n<td class=\"xl69\">Hips<\/td>\n<td class=\"xl69\">Length<\/td>\n<\/tr>\n<tr>\n<td class=\"xl67\" height=\"21\">M<\/td>\n<td class=\"xl65\" width=\"151\">104<\/td>\n<td class=\"xl68\">108<\/td>\n<td class=\"xl68\">101<\/td>\n<\/tr>\n<tr>\n<td class=\"xl67\" height=\"21\">L\/XL<\/td>\n<td class=\"xl68\">108<\/td>\n<td class=\"xl68\">112<\/td>\n<td class=\"xl68\">101<\/td>\n<\/tr>\n<tr>\n<td class=\"xl67\" height=\"21\">2XL<\/td>\n<td class=\"xl68\">116<\/td>\n<td class=\"xl68\">120<\/td>\n<td class=\"xl68\">102<\/td>\n<\/tr>\n<tr>\n<td class=\"xl67\" height=\"21\">3XL<\/td>\n<td class=\"xl68\">120<\/td>\n<td class=\"xl68\">126<\/td>\n<td class=\"xl68\">103<\/td>\n<\/tr>\n<\/tbody>\n<\/table>\n","protected":false},"excerpt":{"rendered":"<p>The thin women&#8217;s robe is made of soft, silky bamboo fabric with cotton, which\u00a0able to maintain a comfortable temperature for the human body. Therefore, in summer in such a dressing gown it will be cool, and in winter it will be warm.\u00a0Bamboo with cotton perfectly absorbs moisture, dries quickly, passes air,\u00a0has antibacterial and antiseptic properties. [&hellip;]<\/p>\n","protected":false},"featured_media":13964,"template":"","meta":[],"product_brand":[],"product_cat":[175],"product_tag":[],"class_list":{"0":"post-13940","1":"product","2":"type-product","3":"status-publish","4":"has-post-thumbnail","6":"product_cat-naiste-hommikumantlid-en","8":"first","9":"outofstock","10":"taxable","11":"shipping-taxable","12":"product-type-variable"},"yoast_head":"<!-- This site is optimized with the Yoast SEO plugin v27.3 - https:\/\/yoast.com\/product\/yoast-seo-wordpress\/ -->\n<title>Bamboo women&#039;s bathrobe with ziplock 0505<\/title>\n<meta name=\"description\" content=\"Women&#039;s robe in bamboo and cotton. OEKO-TEX\u00ae certified. Cool in summer, warm in winter. Sizes M-3XL.\" \/>\n<meta name=\"robots\" content=\"index, follow, max-snippet:-1, max-image-preview:large, max-video-preview:-1\" \/>\n<link rel=\"canonical\" href=\"https:\/\/pidzaama.ee\/en\/product\/bamboo-womens-bathrobe-with-ziplock-0505\/\" \/>\n<meta property=\"og:locale\" content=\"en_US\" \/>\n<meta property=\"og:type\" content=\"article\" \/>\n<meta property=\"og:title\" content=\"Bamboo women&#039;s bathrobe with ziplock 0505\" \/>\n<meta property=\"og:description\" content=\"Women&#039;s robe in bamboo and cotton. OEKO-TEX\u00ae certified. Cool in summer, warm in winter. Sizes M-3XL.\" \/>\n<meta property=\"og:url\" content=\"https:\/\/pidzaama.ee\/en\/product\/bamboo-womens-bathrobe-with-ziplock-0505\/\" \/>\n<meta property=\"og:site_name\" content=\"Pidzaama\" \/>\n<meta property=\"article:modified_time\" content=\"2024-05-02T17:26:23+00:00\" \/>\n<meta property=\"og:image\" content=\"https:\/\/pidzaama.ee\/wp-content\/uploads\/2024\/04\/0505-2.jpg\" \/>\n\t<meta property=\"og:image:width\" content=\"1066\" \/>\n\t<meta property=\"og:image:height\" content=\"1600\" \/>\n\t<meta property=\"og:image:type\" content=\"image\/jpeg\" \/>\n<meta name=\"twitter:card\" content=\"summary_large_image\" \/>\n<meta name=\"twitter:label1\" content=\"Est. reading time\" \/>\n\t<meta name=\"twitter:data1\" content=\"1 minute\" \/>\n<script type=\"application\/ld+json\" class=\"yoast-schema-graph\">{\"@context\":\"https:\\\/\\\/schema.org\",\"@graph\":[{\"@type\":\"WebPage\",\"@id\":\"https:\\\/\\\/pidzaama.ee\\\/en\\\/product\\\/bamboo-womens-bathrobe-with-ziplock-0505\\\/\",\"url\":\"https:\\\/\\\/pidzaama.ee\\\/en\\\/product\\\/bamboo-womens-bathrobe-with-ziplock-0505\\\/\",\"name\":\"Bamboo women's bathrobe with ziplock 0505\",\"isPartOf\":{\"@id\":\"https:\\\/\\\/pidzaama.ee\\\/en\\\/#website\"},\"primaryImageOfPage\":{\"@id\":\"https:\\\/\\\/pidzaama.ee\\\/en\\\/product\\\/bamboo-womens-bathrobe-with-ziplock-0505\\\/#primaryimage\"},\"image\":{\"@id\":\"https:\\\/\\\/pidzaama.ee\\\/en\\\/product\\\/bamboo-womens-bathrobe-with-ziplock-0505\\\/#primaryimage\"},\"thumbnailUrl\":\"https:\\\/\\\/pidzaama.ee\\\/wp-content\\\/uploads\\\/2024\\\/04\\\/0505-2.jpg\",\"datePublished\":\"2024-04-07T08:21:09+00:00\",\"dateModified\":\"2024-05-02T17:26:23+00:00\",\"description\":\"Women's robe in bamboo and cotton. OEKO-TEX\u00ae certified. Cool in summer, warm in winter. Sizes M-3XL.\",\"breadcrumb\":{\"@id\":\"https:\\\/\\\/pidzaama.ee\\\/en\\\/product\\\/bamboo-womens-bathrobe-with-ziplock-0505\\\/#breadcrumb\"},\"inLanguage\":\"en-US\",\"potentialAction\":[{\"@type\":\"ReadAction\",\"target\":[\"https:\\\/\\\/pidzaama.ee\\\/en\\\/product\\\/bamboo-womens-bathrobe-with-ziplock-0505\\\/\"]}]},{\"@type\":\"ImageObject\",\"inLanguage\":\"en-US\",\"@id\":\"https:\\\/\\\/pidzaama.ee\\\/en\\\/product\\\/bamboo-womens-bathrobe-with-ziplock-0505\\\/#primaryimage\",\"url\":\"https:\\\/\\\/pidzaama.ee\\\/wp-content\\\/uploads\\\/2024\\\/04\\\/0505-2.jpg\",\"contentUrl\":\"https:\\\/\\\/pidzaama.ee\\\/wp-content\\\/uploads\\\/2024\\\/04\\\/0505-2.jpg\",\"width\":1066,\"height\":1600,\"caption\":\"Naiste bambuskiust hommikumantel t\u00f5mblukuga 0505\"},{\"@type\":\"BreadcrumbList\",\"@id\":\"https:\\\/\\\/pidzaama.ee\\\/en\\\/product\\\/bamboo-womens-bathrobe-with-ziplock-0505\\\/#breadcrumb\",\"itemListElement\":[{\"@type\":\"ListItem\",\"position\":1,\"name\":\"Home\",\"item\":\"https:\\\/\\\/pidzaama.ee\\\/en\\\/home\\\/\"},{\"@type\":\"ListItem\",\"position\":2,\"name\":\"ABOUT US\",\"item\":\"https:\\\/\\\/pidzaama.ee\\\/en\\\/about-us\\\/\"},{\"@type\":\"ListItem\",\"position\":3,\"name\":\"Bamboo women&#8217;s bathrobe with ziplock 0505\"}]},{\"@type\":\"WebSite\",\"@id\":\"https:\\\/\\\/pidzaama.ee\\\/en\\\/#website\",\"url\":\"https:\\\/\\\/pidzaama.ee\\\/en\\\/\",\"name\":\"Pidzaama\",\"description\":\"T\u00e4iendame pidevalt meie sortimendi ning suurusi!\",\"potentialAction\":[{\"@type\":\"SearchAction\",\"target\":{\"@type\":\"EntryPoint\",\"urlTemplate\":\"https:\\\/\\\/pidzaama.ee\\\/en\\\/?s={search_term_string}\"},\"query-input\":{\"@type\":\"PropertyValueSpecification\",\"valueRequired\":true,\"valueName\":\"search_term_string\"}}],\"inLanguage\":\"en-US\"}]}<\/script>\n<!-- \/ Yoast SEO plugin. -->","yoast_head_json":{"title":"Bamboo women's bathrobe with ziplock 0505","description":"Women's robe in bamboo and cotton. OEKO-TEX\u00ae certified. Cool in summer, warm in winter. Sizes M-3XL.","robots":{"index":"index","follow":"follow","max-snippet":"max-snippet:-1","max-image-preview":"max-image-preview:large","max-video-preview":"max-video-preview:-1"},"canonical":"https:\/\/pidzaama.ee\/en\/product\/bamboo-womens-bathrobe-with-ziplock-0505\/","og_locale":"en_US","og_type":"article","og_title":"Bamboo women's bathrobe with ziplock 0505","og_description":"Women's robe in bamboo and cotton. OEKO-TEX\u00ae certified. Cool in summer, warm in winter. Sizes M-3XL.","og_url":"https:\/\/pidzaama.ee\/en\/product\/bamboo-womens-bathrobe-with-ziplock-0505\/","og_site_name":"Pidzaama","article_modified_time":"2024-05-02T17:26:23+00:00","og_image":[{"width":1066,"height":1600,"url":"https:\/\/pidzaama.ee\/wp-content\/uploads\/2024\/04\/0505-2.jpg","type":"image\/jpeg"}],"twitter_card":"summary_large_image","twitter_misc":{"Est. reading time":"1 minute"},"schema":{"@context":"https:\/\/schema.org","@graph":[{"@type":"WebPage","@id":"https:\/\/pidzaama.ee\/en\/product\/bamboo-womens-bathrobe-with-ziplock-0505\/","url":"https:\/\/pidzaama.ee\/en\/product\/bamboo-womens-bathrobe-with-ziplock-0505\/","name":"Bamboo women's bathrobe with ziplock 0505","isPartOf":{"@id":"https:\/\/pidzaama.ee\/en\/#website"},"primaryImageOfPage":{"@id":"https:\/\/pidzaama.ee\/en\/product\/bamboo-womens-bathrobe-with-ziplock-0505\/#primaryimage"},"image":{"@id":"https:\/\/pidzaama.ee\/en\/product\/bamboo-womens-bathrobe-with-ziplock-0505\/#primaryimage"},"thumbnailUrl":"https:\/\/pidzaama.ee\/wp-content\/uploads\/2024\/04\/0505-2.jpg","datePublished":"2024-04-07T08:21:09+00:00","dateModified":"2024-05-02T17:26:23+00:00","description":"Women's robe in bamboo and cotton. OEKO-TEX\u00ae certified. Cool in summer, warm in winter. Sizes M-3XL.","breadcrumb":{"@id":"https:\/\/pidzaama.ee\/en\/product\/bamboo-womens-bathrobe-with-ziplock-0505\/#breadcrumb"},"inLanguage":"en-US","potentialAction":[{"@type":"ReadAction","target":["https:\/\/pidzaama.ee\/en\/product\/bamboo-womens-bathrobe-with-ziplock-0505\/"]}]},{"@type":"ImageObject","inLanguage":"en-US","@id":"https:\/\/pidzaama.ee\/en\/product\/bamboo-womens-bathrobe-with-ziplock-0505\/#primaryimage","url":"https:\/\/pidzaama.ee\/wp-content\/uploads\/2024\/04\/0505-2.jpg","contentUrl":"https:\/\/pidzaama.ee\/wp-content\/uploads\/2024\/04\/0505-2.jpg","width":1066,"height":1600,"caption":"Naiste bambuskiust hommikumantel t\u00f5mblukuga 0505"},{"@type":"BreadcrumbList","@id":"https:\/\/pidzaama.ee\/en\/product\/bamboo-womens-bathrobe-with-ziplock-0505\/#breadcrumb","itemListElement":[{"@type":"ListItem","position":1,"name":"Home","item":"https:\/\/pidzaama.ee\/en\/home\/"},{"@type":"ListItem","position":2,"name":"ABOUT US","item":"https:\/\/pidzaama.ee\/en\/about-us\/"},{"@type":"ListItem","position":3,"name":"Bamboo women&#8217;s bathrobe with ziplock 0505"}]},{"@type":"WebSite","@id":"https:\/\/pidzaama.ee\/en\/#website","url":"https:\/\/pidzaama.ee\/en\/","name":"Pidzaama","description":"T\u00e4iendame pidevalt meie sortimendi ning suurusi!","potentialAction":[{"@type":"SearchAction","target":{"@type":"EntryPoint","urlTemplate":"https:\/\/pidzaama.ee\/en\/?s={search_term_string}"},"query-input":{"@type":"PropertyValueSpecification","valueRequired":true,"valueName":"search_term_string"}}],"inLanguage":"en-US"}]}},"_links":{"self":[{"href":"https:\/\/pidzaama.ee\/en\/wp-json\/wp\/v2\/product\/13940","targetHints":{"allow":["GET"]}}],"collection":[{"href":"https:\/\/pidzaama.ee\/en\/wp-json\/wp\/v2\/product"}],"about":[{"href":"https:\/\/pidzaama.ee\/en\/wp-json\/wp\/v2\/types\/product"}],"wp:featuredmedia":[{"embeddable":true,"href":"https:\/\/pidzaama.ee\/en\/wp-json\/wp\/v2\/media\/13964"}],"wp:attachment":[{"href":"https:\/\/pidzaama.ee\/en\/wp-json\/wp\/v2\/media?parent=13940"}],"wp:term":[{"taxonomy":"product_brand","embeddable":true,"href":"https:\/\/pidzaama.ee\/en\/wp-json\/wp\/v2\/product_brand?post=13940"},{"taxonomy":"product_cat","embeddable":true,"href":"https:\/\/pidzaama.ee\/en\/wp-json\/wp\/v2\/product_cat?post=13940"},{"taxonomy":"product_tag","embeddable":true,"href":"https:\/\/pidzaama.ee\/en\/wp-json\/wp\/v2\/product_tag?post=13940"}],"curies":[{"name":"wp","href":"https:\/\/api.w.org\/{rel}","templated":true}]}}