{"id":15120,"date":"2024-08-28T13:04:55","date_gmt":"2024-08-28T13:04:55","guid":{"rendered":"https:\/\/pidzaama.ee\/product\/naiste-termopesu-luhikeste-varrukatega-32001bz-s-4xl\/"},"modified":"2024-09-27T08:04:56","modified_gmt":"2024-09-27T08:04:56","slug":"naiste-termopesu-luhikeste-varrukatega-32001bz-s-4xl","status":"publish","type":"product","link":"https:\/\/pidzaama.ee\/en\/product\/naiste-termopesu-luhikeste-varrukatega-32001bz-s-4xl\/","title":{"rendered":"Naiste termos\u00e4rk l\u00fchikeste varrukatega 32001Bz S-4XL"},"content":{"rendered":"<p><strong><span style=\"font-family: 'Helvetica Neue'; font-size: 13px;\">47% vill, 20% viskoos, 20% elastaan, 13% puuvill<\/span><\/strong><\/p>\n<table style=\"width: 586pt;\" border=\"0\" width=\"779\" cellspacing=\"0\" cellpadding=\"0\">\n<colgroup>\n<col style=\"width: 117pt;\" width=\"156\" \/>\n<col style=\"width: 67pt;\" span=\"2\" width=\"89\" \/>\n<col style=\"width: 67pt;\" width=\"89\" \/>\n<col style=\"width: 67pt;\" span=\"4\" width=\"89\" \/><\/colgroup>\n<tbody>\n<tr style=\"height: 24pt;\">\n<td class=\"xl70\" style=\"padding-top: 1px; padding-right: 1px; padding-left: 1px; font-size: 12pt; font-family: Calibri, sans-serif; vertical-align: bottom; border-width: 1pt medium 0.5pt 1pt; border-style: solid none solid solid; border-color: windowtext currentcolor windowtext windowtext; white-space: nowrap; height: 24pt; width: 117pt;\" width=\"156\" height=\"32\"><\/td>\n<td class=\"xl74\" style=\"padding-top: 1px; padding-right: 1px; padding-left: 1px; font-size: 11pt; font-weight: bold; font-family: Calibri, sans-serif; vertical-align: middle; border-width: 1pt medium 0.5pt; border-style: solid none; border-color: windowtext currentcolor; white-space: nowrap; text-align: center; width: 67pt;\" width=\"89\">S<\/td>\n<td class=\"xl74\" style=\"padding-top: 1px; padding-right: 1px; padding-left: 1px; font-size: 11pt; font-weight: bold; font-family: Calibri, sans-serif; vertical-align: middle; border-width: 1pt medium 0.5pt; border-style: solid none; border-color: windowtext currentcolor; white-space: nowrap; text-align: center; width: 67pt;\" width=\"89\">M<\/td>\n<td class=\"xl74\" style=\"padding-top: 1px; padding-right: 1px; padding-left: 1px; font-size: 11pt; font-weight: bold; font-family: Calibri, sans-serif; vertical-align: middle; border-width: 1pt medium 0.5pt; border-style: solid none; border-color: windowtext currentcolor; white-space: nowrap; text-align: center; width: 67pt;\" width=\"89\">L<\/td>\n<td class=\"xl74\" style=\"padding-top: 1px; padding-right: 1px; padding-left: 1px; font-size: 11pt; font-weight: bold; font-family: Calibri, sans-serif; vertical-align: middle; border-width: 1pt medium 0.5pt; border-style: solid none; border-color: windowtext currentcolor; white-space: nowrap; text-align: center; width: 67pt;\" width=\"89\">XL<\/td>\n<td class=\"xl74\" style=\"padding-top: 1px; padding-right: 1px; padding-left: 1px; font-size: 11pt; font-weight: bold; font-family: Calibri, sans-serif; vertical-align: middle; border-width: 1pt medium 0.5pt; border-style: solid none; border-color: windowtext currentcolor; white-space: nowrap; text-align: center; width: 67pt;\" width=\"89\">2XL<\/td>\n<td class=\"xl74\" style=\"padding-top: 1px; padding-right: 1px; padding-left: 1px; font-size: 11pt; font-weight: bold; font-family: Calibri, sans-serif; vertical-align: middle; border-width: 1pt medium 0.5pt; border-style: solid none; border-color: windowtext currentcolor; white-space: nowrap; text-align: center; width: 67pt;\" width=\"89\">3XL<\/td>\n<td class=\"xl75\" style=\"padding-top: 1px; padding-right: 1px; padding-left: 1px; font-size: 11pt; font-weight: bold; font-family: Calibri, sans-serif; vertical-align: middle; border-width: 1pt 1pt 0.5pt medium; border-style: solid solid solid none; border-color: windowtext windowtext windowtext currentcolor; white-space: nowrap; text-align: center; width: 67pt;\" width=\"89\">4XL<\/td>\n<\/tr>\n<tr style=\"height: 24pt;\">\n<td class=\"xl71\" style=\"padding-top: 1px; padding-right: 1px; padding-left: 1px; font-size: 10pt; font-family: Calibri, sans-serif; vertical-align: middle; border-width: medium 0.5pt medium 1pt; border-style: none solid; border-color: currentcolor windowtext; white-space: nowrap; height: 24pt;\" height=\"32\">Rinna\u00fcmberm\u00f5\u00f5t, cm<\/td>\n<td class=\"xl66\" style=\"padding-top: 1px; padding-right: 1px; padding-left: 1px; font-size: 11pt; font-family: Calibri, sans-serif; vertical-align: middle; border: medium; white-space: nowrap; text-align: center;\">78-86<\/td>\n<td class=\"xl66\" style=\"padding-top: 1px; padding-right: 1px; padding-left: 1px; font-size: 11pt; font-family: Calibri, sans-serif; vertical-align: middle; border: medium; white-space: nowrap; text-align: center;\">80-92<\/td>\n<td class=\"xl66\" style=\"padding-top: 1px; padding-right: 1px; padding-left: 1px; font-size: 11pt; font-family: Calibri, sans-serif; vertical-align: middle; border: medium; white-space: nowrap; text-align: center;\">86-102<\/td>\n<td class=\"xl66\" style=\"padding-top: 1px; padding-right: 1px; padding-left: 1px; font-size: 11pt; font-family: Calibri, sans-serif; vertical-align: middle; border: medium; white-space: nowrap; text-align: center;\">90-106<\/td>\n<td class=\"xl66\" style=\"padding-top: 1px; padding-right: 1px; padding-left: 1px; font-size: 11pt; font-family: Calibri, sans-serif; vertical-align: middle; border: medium; white-space: nowrap; text-align: center;\">94-110<\/td>\n<td class=\"xl66\" style=\"padding-top: 1px; padding-right: 1px; padding-left: 1px; font-size: 11pt; font-family: Calibri, sans-serif; vertical-align: middle; border: medium; white-space: nowrap; text-align: center;\">102-118<\/td>\n<td class=\"xl67\" style=\"padding-top: 1px; padding-right: 1px; padding-left: 1px; font-size: 11pt; font-family: Calibri, sans-serif; vertical-align: middle; border-width: medium 1pt medium medium; border-style: none solid none none; border-color: currentcolor windowtext currentcolor currentcolor; white-space: nowrap; text-align: center;\">106-126<\/td>\n<\/tr>\n<tr style=\"height: 24pt;\">\n<td class=\"xl73\" style=\"padding-top: 1px; padding-right: 1px; padding-left: 1px; font-size: 10pt; font-family: Calibri, sans-serif; vertical-align: middle; border-width: medium 0.5pt medium 1pt; border-style: none solid; border-color: currentcolor windowtext; white-space: nowrap; height: 24pt;\" height=\"32\">Puusa\u00fcmberm\u00f5\u00f5t, cm<\/td>\n<td class=\"xl66\" style=\"padding-top: 1px; padding-right: 1px; padding-left: 1px; font-size: 11pt; font-family: Calibri, sans-serif; vertical-align: middle; border: medium; white-space: nowrap; text-align: center;\">84-96<\/td>\n<td class=\"xl66\" style=\"padding-top: 1px; padding-right: 1px; padding-left: 1px; font-size: 11pt; font-family: Calibri, sans-serif; vertical-align: middle; border: medium; white-space: nowrap; text-align: center;\">88-100<\/td>\n<td class=\"xl66\" style=\"padding-top: 1px; padding-right: 1px; padding-left: 1px; font-size: 11pt; font-family: Calibri, sans-serif; vertical-align: middle; border: medium; white-space: nowrap; text-align: center;\">96-108<\/td>\n<td class=\"xl66\" style=\"padding-top: 1px; padding-right: 1px; padding-left: 1px; font-size: 11pt; font-family: Calibri, sans-serif; vertical-align: middle; border: medium; white-space: nowrap; text-align: center;\">98-116<\/td>\n<td class=\"xl66\" style=\"padding-top: 1px; padding-right: 1px; padding-left: 1px; font-size: 11pt; font-family: Calibri, sans-serif; vertical-align: middle; border: medium; white-space: nowrap; text-align: center;\">102-120<\/td>\n<td class=\"xl66\" style=\"padding-top: 1px; padding-right: 1px; padding-left: 1px; font-size: 11pt; font-family: Calibri, sans-serif; vertical-align: middle; border: medium; white-space: nowrap; text-align: center;\">110-128<\/td>\n<td class=\"xl67\" style=\"padding-top: 1px; padding-right: 1px; padding-left: 1px; font-size: 11pt; font-family: Calibri, sans-serif; vertical-align: middle; border-width: medium 1pt medium medium; border-style: none solid none none; border-color: currentcolor windowtext currentcolor currentcolor; white-space: nowrap; text-align: center;\">118-136<\/td>\n<\/tr>\n<tr style=\"height: 24pt;\">\n<td class=\"xl72\" style=\"padding-top: 1px; padding-right: 1px; padding-left: 1px; font-size: 10pt; font-family: Calibri, sans-serif; vertical-align: middle; border-width: medium 0.5pt 1pt 1pt; border-style: none solid solid; border-color: currentcolor windowtext windowtext; white-space: nowrap; height: 24pt;\" height=\"32\">Pikkus, cm<\/td>\n<td class=\"xl68\" style=\"padding-top: 1px; padding-right: 1px; padding-left: 1px; font-size: 11pt; font-family: Calibri, sans-serif; vertical-align: middle; border-width: medium medium 1pt; border-style: none none solid; border-color: currentcolor currentcolor windowtext; white-space: nowrap; text-align: center;\">56<\/td>\n<td class=\"xl68\" style=\"padding-top: 1px; padding-right: 1px; padding-left: 1px; font-size: 11pt; font-family: Calibri, sans-serif; vertical-align: middle; border-width: medium medium 1pt; border-style: none none solid; border-color: currentcolor currentcolor windowtext; white-space: nowrap; text-align: center;\">57<\/td>\n<td class=\"xl68\" style=\"padding-top: 1px; padding-right: 1px; padding-left: 1px; font-size: 11pt; font-family: Calibri, sans-serif; vertical-align: middle; border-width: medium medium 1pt; border-style: none none solid; border-color: currentcolor currentcolor windowtext; white-space: nowrap; text-align: center;\">58<\/td>\n<td class=\"xl68\" style=\"padding-top: 1px; padding-right: 1px; padding-left: 1px; font-size: 11pt; font-family: Calibri, sans-serif; vertical-align: middle; border-width: medium medium 1pt; border-style: none none solid; border-color: currentcolor currentcolor windowtext; white-space: nowrap; text-align: center;\">59<\/td>\n<td class=\"xl68\" style=\"padding-top: 1px; padding-right: 1px; padding-left: 1px; font-size: 11pt; font-family: Calibri, sans-serif; vertical-align: middle; border-width: medium medium 1pt; border-style: none none solid; border-color: currentcolor currentcolor windowtext; white-space: nowrap; text-align: center;\">60<\/td>\n<td class=\"xl68\" style=\"padding-top: 1px; padding-right: 1px; padding-left: 1px; font-size: 11pt; font-family: Calibri, sans-serif; vertical-align: middle; border-width: medium medium 1pt; border-style: none none solid; border-color: currentcolor currentcolor windowtext; white-space: nowrap; text-align: center;\">61<\/td>\n<td class=\"xl69\" style=\"padding-top: 1px; padding-right: 1px; padding-left: 1px; font-size: 11pt; font-family: Calibri, sans-serif; vertical-align: middle; border-width: medium 1pt 1pt medium; border-style: none solid solid none; border-color: currentcolor windowtext windowtext currentcolor; white-space: nowrap; text-align: center;\">62<\/td>\n<\/tr>\n<\/tbody>\n<\/table>\n<p style=\"margin: 0px; font-style: normal; font-variant-caps: normal; font-stretch: normal; font-size: 13px; line-height: normal; font-family: 'Helvetica Neue'; font-size-adjust: none; font-kerning: auto; font-variant-alternates: normal; font-variant-ligatures: normal; font-variant-numeric: normal; font-variant-east-asian: normal; font-variant-position: normal; font-variant-emoji: normal; font-feature-settings: normal; font-optical-sizing: auto; font-variation-settings: normal;\">**Toote kirjeldus:**<\/p>\n<p style=\"margin: 0px; font-style: normal; font-variant-caps: normal; font-stretch: normal; font-size: 13px; line-height: normal; font-family: 'Helvetica Neue'; font-size-adjust: none; font-kerning: auto; font-variant-alternates: normal; font-variant-ligatures: normal; font-variant-numeric: normal; font-variant-east-asian: normal; font-variant-position: normal; font-variant-emoji: normal; font-feature-settings: normal; font-optical-sizing: auto; font-variation-settings: normal;\"><strong>**Termos\u00e4rk l\u00fchikeste varrukatega, \u00a047% vill, 20% viskoos, 20% elastaan, 13% puuvill**<\/strong><\/p>\n<p style=\"margin: 0px; font-style: normal; font-variant-caps: normal; font-stretch: normal; font-size: 13px; line-height: normal; font-family: 'Helvetica Neue'; font-size-adjust: none; font-kerning: auto; font-variant-alternates: normal; font-variant-ligatures: normal; font-variant-numeric: normal; font-variant-east-asian: normal; font-variant-position: normal; font-variant-emoji: normal; font-feature-settings: normal; font-optical-sizing: auto; font-variation-settings: normal;\">See kvaliteetne termopesu sobib ideaalselt igap\u00e4evaseks kasutuseks ja aktiivse eluviisi jaoks. Optimaalse materjalikoostise t\u00f5ttu tagab see mugavuse ja sooja k\u00fclma aastaajal, s\u00e4ilitades samas maksimaalse liikumisvabaduse.<\/p>\n<p style=\"margin: 0px; font-style: normal; font-variant-caps: normal; font-stretch: normal; font-size: 13px; line-height: normal; font-family: 'Helvetica Neue'; font-size-adjust: none; font-kerning: auto; font-variant-alternates: normal; font-variant-ligatures: normal; font-variant-numeric: normal; font-variant-east-asian: normal; font-variant-position: normal; font-variant-emoji: normal; font-feature-settings: normal; font-optical-sizing: auto; font-variation-settings: normal;\">&#8211; **Isolatsioon ja mugavus**:<\/p>\n<p style=\"margin: 0px; font-style: normal; font-variant-caps: normal; font-stretch: normal; font-size: 13px; line-height: normal; font-family: 'Helvetica Neue'; font-size-adjust: none; font-kerning: auto; font-variant-alternates: normal; font-variant-ligatures: normal; font-variant-numeric: normal; font-variant-east-asian: normal; font-variant-position: normal; font-variant-emoji: normal; font-feature-settings: normal; font-optical-sizing: auto; font-variation-settings: normal;\">Peamine materjal \u2014 looduslik vill (47%), mis hoiab soojuse suurep\u00e4raselt ja t\u00f5husalt juhib niiskust, toetades keha jaoks optimaalset mikrokliimat.<\/p>\n<p style=\"margin: 0px; font-style: normal; font-variant-caps: normal; font-stretch: normal; font-size: 13px; line-height: normal; font-family: 'Helvetica Neue'; font-size-adjust: none; font-kerning: auto; font-variant-alternates: normal; font-variant-ligatures: normal; font-variant-numeric: normal; font-variant-east-asian: normal; font-variant-position: normal; font-variant-emoji: normal; font-feature-settings: normal; font-optical-sizing: auto; font-variation-settings: normal;\">&#8211; **Elastne ja mugav**:<\/p>\n<p style=\"margin: 0px; font-style: normal; font-variant-caps: normal; font-stretch: normal; font-size: 13px; line-height: normal; font-family: 'Helvetica Neue'; font-size-adjust: none; font-kerning: auto; font-variant-alternates: normal; font-variant-ligatures: normal; font-variant-numeric: normal; font-variant-east-asian: normal; font-variant-position: normal; font-variant-emoji: normal; font-feature-settings: normal; font-optical-sizing: auto; font-variation-settings: normal;\">Koostises on 20% elastaani, mis tagab kehakujuga hea sobivuse ja k\u00f5rge elastsuse, v\u00f5imaldades pesu kohanduda teie liikumistega.<\/p>\n<p style=\"margin: 0px; font-style: normal; font-variant-caps: normal; font-stretch: normal; font-size: 13px; line-height: normal; font-family: 'Helvetica Neue'; font-size-adjust: none; font-kerning: auto; font-variant-alternates: normal; font-variant-ligatures: normal; font-variant-numeric: normal; font-variant-east-asian: normal; font-variant-position: normal; font-variant-emoji: normal; font-feature-settings: normal; font-optical-sizing: auto; font-variation-settings: normal;\">&#8211; **Pehmus ja hingavus**:<\/p>\n<p style=\"margin: 0px; font-style: normal; font-variant-caps: normal; font-stretch: normal; font-size: 13px; line-height: normal; font-family: 'Helvetica Neue'; font-size-adjust: none; font-kerning: auto; font-variant-alternates: normal; font-variant-ligatures: normal; font-variant-numeric: normal; font-variant-east-asian: normal; font-variant-position: normal; font-variant-emoji: normal; font-feature-settings: normal; font-optical-sizing: auto; font-variation-settings: normal;\">13% puuvillast ja 20% viskoosist lisab tootele pehmust ja tagab t\u00e4iendava ventilatsiooni, muutes selle mugavaks kandmiseks kogu p\u00e4eva v\u00e4ltel.<\/p>\n<p style=\"margin: 0px; font-style: normal; font-variant-caps: normal; font-stretch: normal; font-size: 13px; line-height: normal; font-family: 'Helvetica Neue'; font-size-adjust: none; font-kerning: auto; font-variant-alternates: normal; font-variant-ligatures: normal; font-variant-numeric: normal; font-variant-east-asian: normal; font-variant-position: normal; font-variant-emoji: normal; font-feature-settings: normal; font-optical-sizing: auto; font-variation-settings: normal;\">See termopesu sobib suurep\u00e4raselt igap\u00e4evaseks kasutamiseks linnas \u2014 see on stiilne, mugav ja usaldusv\u00e4\u00e4rne. Kogege sooja ja mugavust meie termopesuga, olenemata ilmastikutingimustest!<\/p>\n","protected":false},"excerpt":{"rendered":"<p>47% vill, 20% viskoos, 20% elastaan, 13% puuvill S M L XL 2XL 3XL 4XL Rinna\u00fcmberm\u00f5\u00f5t, cm 78-86 80-92 86-102 90-106 94-110 102-118 106-126 Puusa\u00fcmberm\u00f5\u00f5t, cm 84-96 88-100 96-108 98-116 102-120 110-128 118-136 Pikkus, cm 56 57 58 59 60 61 62 **Toote kirjeldus:** **Termos\u00e4rk l\u00fchikeste varrukatega, \u00a047% vill, 20% viskoos, 20% elastaan, 13% puuvill** [&hellip;]<\/p>\n","protected":false},"featured_media":15394,"template":"","meta":[],"product_brand":[],"product_cat":[],"product_tag":[],"class_list":{"0":"post-15120","1":"product","2":"type-product","3":"status-publish","4":"has-post-thumbnail","7":"first","8":"instock","9":"taxable","10":"shipping-taxable","11":"product-type-simple"},"yoast_head":"<!-- This site is optimized with the Yoast SEO plugin v27.3 - https:\/\/yoast.com\/product\/yoast-seo-wordpress\/ -->\n<title>Naiste termos\u00e4rk l\u00fchikeste varrukatega 32001Bz S-4XL - Pidzaama<\/title>\n<meta name=\"robots\" content=\"index, follow, max-snippet:-1, max-image-preview:large, max-video-preview:-1\" \/>\n<link rel=\"canonical\" href=\"https:\/\/pidzaama.ee\/en\/product\/naiste-termopesu-luhikeste-varrukatega-32001bz-s-4xl\/\" \/>\n<meta property=\"og:locale\" content=\"en_US\" \/>\n<meta property=\"og:type\" content=\"article\" \/>\n<meta property=\"og:title\" content=\"Naiste termos\u00e4rk l\u00fchikeste varrukatega 32001Bz S-4XL - Pidzaama\" \/>\n<meta property=\"og:description\" content=\"47% vill, 20% viskoos, 20% elastaan, 13% puuvill S M L XL 2XL 3XL 4XL Rinna\u00fcmberm\u00f5\u00f5t, cm 78-86 80-92 86-102 90-106 94-110 102-118 106-126 Puusa\u00fcmberm\u00f5\u00f5t, cm 84-96 88-100 96-108 98-116 102-120 110-128 118-136 Pikkus, cm 56 57 58 59 60 61 62 **Toote kirjeldus:** **Termos\u00e4rk l\u00fchikeste varrukatega, \u00a047% vill, 20% viskoos, 20% elastaan, 13% puuvill** [&hellip;]\" \/>\n<meta property=\"og:url\" content=\"https:\/\/pidzaama.ee\/en\/product\/naiste-termopesu-luhikeste-varrukatega-32001bz-s-4xl\/\" \/>\n<meta property=\"og:site_name\" content=\"Pidzaama\" \/>\n<meta property=\"article:modified_time\" content=\"2024-09-27T08:04:56+00:00\" \/>\n<meta property=\"og:image\" content=\"https:\/\/pidzaama.ee\/wp-content\/uploads\/2024\/08\/Photoroom-32001Bz-2.png\" \/>\n\t<meta property=\"og:image:width\" content=\"975\" \/>\n\t<meta property=\"og:image:height\" content=\"1300\" \/>\n\t<meta property=\"og:image:type\" content=\"image\/png\" \/>\n<meta name=\"twitter:card\" content=\"summary_large_image\" \/>\n<meta name=\"twitter:label1\" content=\"Est. reading time\" \/>\n\t<meta name=\"twitter:data1\" content=\"1 minute\" \/>\n<script type=\"application\/ld+json\" class=\"yoast-schema-graph\">{\"@context\":\"https:\\\/\\\/schema.org\",\"@graph\":[{\"@type\":\"WebPage\",\"@id\":\"https:\\\/\\\/pidzaama.ee\\\/en\\\/product\\\/naiste-termopesu-luhikeste-varrukatega-32001bz-s-4xl\\\/\",\"url\":\"https:\\\/\\\/pidzaama.ee\\\/en\\\/product\\\/naiste-termopesu-luhikeste-varrukatega-32001bz-s-4xl\\\/\",\"name\":\"Naiste termos\u00e4rk l\u00fchikeste varrukatega 32001Bz S-4XL - Pidzaama\",\"isPartOf\":{\"@id\":\"https:\\\/\\\/pidzaama.ee\\\/en\\\/#website\"},\"primaryImageOfPage\":{\"@id\":\"https:\\\/\\\/pidzaama.ee\\\/en\\\/product\\\/naiste-termopesu-luhikeste-varrukatega-32001bz-s-4xl\\\/#primaryimage\"},\"image\":{\"@id\":\"https:\\\/\\\/pidzaama.ee\\\/en\\\/product\\\/naiste-termopesu-luhikeste-varrukatega-32001bz-s-4xl\\\/#primaryimage\"},\"thumbnailUrl\":\"https:\\\/\\\/pidzaama.ee\\\/wp-content\\\/uploads\\\/2024\\\/08\\\/Photoroom-32001Bz-2.png\",\"datePublished\":\"2024-08-28T13:04:55+00:00\",\"dateModified\":\"2024-09-27T08:04:56+00:00\",\"breadcrumb\":{\"@id\":\"https:\\\/\\\/pidzaama.ee\\\/en\\\/product\\\/naiste-termopesu-luhikeste-varrukatega-32001bz-s-4xl\\\/#breadcrumb\"},\"inLanguage\":\"en-US\",\"potentialAction\":[{\"@type\":\"ReadAction\",\"target\":[\"https:\\\/\\\/pidzaama.ee\\\/en\\\/product\\\/naiste-termopesu-luhikeste-varrukatega-32001bz-s-4xl\\\/\"]}]},{\"@type\":\"ImageObject\",\"inLanguage\":\"en-US\",\"@id\":\"https:\\\/\\\/pidzaama.ee\\\/en\\\/product\\\/naiste-termopesu-luhikeste-varrukatega-32001bz-s-4xl\\\/#primaryimage\",\"url\":\"https:\\\/\\\/pidzaama.ee\\\/wp-content\\\/uploads\\\/2024\\\/08\\\/Photoroom-32001Bz-2.png\",\"contentUrl\":\"https:\\\/\\\/pidzaama.ee\\\/wp-content\\\/uploads\\\/2024\\\/08\\\/Photoroom-32001Bz-2.png\",\"width\":975,\"height\":1300},{\"@type\":\"BreadcrumbList\",\"@id\":\"https:\\\/\\\/pidzaama.ee\\\/en\\\/product\\\/naiste-termopesu-luhikeste-varrukatega-32001bz-s-4xl\\\/#breadcrumb\",\"itemListElement\":[{\"@type\":\"ListItem\",\"position\":1,\"name\":\"Home\",\"item\":\"https:\\\/\\\/pidzaama.ee\\\/en\\\/home\\\/\"},{\"@type\":\"ListItem\",\"position\":2,\"name\":\"ABOUT US\",\"item\":\"https:\\\/\\\/pidzaama.ee\\\/en\\\/about-us\\\/\"},{\"@type\":\"ListItem\",\"position\":3,\"name\":\"Naiste termos\u00e4rk l\u00fchikeste varrukatega 32001Bz S-4XL\"}]},{\"@type\":\"WebSite\",\"@id\":\"https:\\\/\\\/pidzaama.ee\\\/en\\\/#website\",\"url\":\"https:\\\/\\\/pidzaama.ee\\\/en\\\/\",\"name\":\"Pidzaama\",\"description\":\"T\u00e4iendame pidevalt meie sortimendi ning suurusi!\",\"potentialAction\":[{\"@type\":\"SearchAction\",\"target\":{\"@type\":\"EntryPoint\",\"urlTemplate\":\"https:\\\/\\\/pidzaama.ee\\\/en\\\/?s={search_term_string}\"},\"query-input\":{\"@type\":\"PropertyValueSpecification\",\"valueRequired\":true,\"valueName\":\"search_term_string\"}}],\"inLanguage\":\"en-US\"}]}<\/script>\n<!-- \/ Yoast SEO plugin. -->","yoast_head_json":{"title":"Naiste termos\u00e4rk l\u00fchikeste varrukatega 32001Bz S-4XL - Pidzaama","robots":{"index":"index","follow":"follow","max-snippet":"max-snippet:-1","max-image-preview":"max-image-preview:large","max-video-preview":"max-video-preview:-1"},"canonical":"https:\/\/pidzaama.ee\/en\/product\/naiste-termopesu-luhikeste-varrukatega-32001bz-s-4xl\/","og_locale":"en_US","og_type":"article","og_title":"Naiste termos\u00e4rk l\u00fchikeste varrukatega 32001Bz S-4XL - Pidzaama","og_description":"47% vill, 20% viskoos, 20% elastaan, 13% puuvill S M L XL 2XL 3XL 4XL Rinna\u00fcmberm\u00f5\u00f5t, cm 78-86 80-92 86-102 90-106 94-110 102-118 106-126 Puusa\u00fcmberm\u00f5\u00f5t, cm 84-96 88-100 96-108 98-116 102-120 110-128 118-136 Pikkus, cm 56 57 58 59 60 61 62 **Toote kirjeldus:** **Termos\u00e4rk l\u00fchikeste varrukatega, \u00a047% vill, 20% viskoos, 20% elastaan, 13% puuvill** [&hellip;]","og_url":"https:\/\/pidzaama.ee\/en\/product\/naiste-termopesu-luhikeste-varrukatega-32001bz-s-4xl\/","og_site_name":"Pidzaama","article_modified_time":"2024-09-27T08:04:56+00:00","og_image":[{"width":975,"height":1300,"url":"https:\/\/pidzaama.ee\/wp-content\/uploads\/2024\/08\/Photoroom-32001Bz-2.png","type":"image\/png"}],"twitter_card":"summary_large_image","twitter_misc":{"Est. reading time":"1 minute"},"schema":{"@context":"https:\/\/schema.org","@graph":[{"@type":"WebPage","@id":"https:\/\/pidzaama.ee\/en\/product\/naiste-termopesu-luhikeste-varrukatega-32001bz-s-4xl\/","url":"https:\/\/pidzaama.ee\/en\/product\/naiste-termopesu-luhikeste-varrukatega-32001bz-s-4xl\/","name":"Naiste termos\u00e4rk l\u00fchikeste varrukatega 32001Bz S-4XL - Pidzaama","isPartOf":{"@id":"https:\/\/pidzaama.ee\/en\/#website"},"primaryImageOfPage":{"@id":"https:\/\/pidzaama.ee\/en\/product\/naiste-termopesu-luhikeste-varrukatega-32001bz-s-4xl\/#primaryimage"},"image":{"@id":"https:\/\/pidzaama.ee\/en\/product\/naiste-termopesu-luhikeste-varrukatega-32001bz-s-4xl\/#primaryimage"},"thumbnailUrl":"https:\/\/pidzaama.ee\/wp-content\/uploads\/2024\/08\/Photoroom-32001Bz-2.png","datePublished":"2024-08-28T13:04:55+00:00","dateModified":"2024-09-27T08:04:56+00:00","breadcrumb":{"@id":"https:\/\/pidzaama.ee\/en\/product\/naiste-termopesu-luhikeste-varrukatega-32001bz-s-4xl\/#breadcrumb"},"inLanguage":"en-US","potentialAction":[{"@type":"ReadAction","target":["https:\/\/pidzaama.ee\/en\/product\/naiste-termopesu-luhikeste-varrukatega-32001bz-s-4xl\/"]}]},{"@type":"ImageObject","inLanguage":"en-US","@id":"https:\/\/pidzaama.ee\/en\/product\/naiste-termopesu-luhikeste-varrukatega-32001bz-s-4xl\/#primaryimage","url":"https:\/\/pidzaama.ee\/wp-content\/uploads\/2024\/08\/Photoroom-32001Bz-2.png","contentUrl":"https:\/\/pidzaama.ee\/wp-content\/uploads\/2024\/08\/Photoroom-32001Bz-2.png","width":975,"height":1300},{"@type":"BreadcrumbList","@id":"https:\/\/pidzaama.ee\/en\/product\/naiste-termopesu-luhikeste-varrukatega-32001bz-s-4xl\/#breadcrumb","itemListElement":[{"@type":"ListItem","position":1,"name":"Home","item":"https:\/\/pidzaama.ee\/en\/home\/"},{"@type":"ListItem","position":2,"name":"ABOUT US","item":"https:\/\/pidzaama.ee\/en\/about-us\/"},{"@type":"ListItem","position":3,"name":"Naiste termos\u00e4rk l\u00fchikeste varrukatega 32001Bz S-4XL"}]},{"@type":"WebSite","@id":"https:\/\/pidzaama.ee\/en\/#website","url":"https:\/\/pidzaama.ee\/en\/","name":"Pidzaama","description":"T\u00e4iendame pidevalt meie sortimendi ning suurusi!","potentialAction":[{"@type":"SearchAction","target":{"@type":"EntryPoint","urlTemplate":"https:\/\/pidzaama.ee\/en\/?s={search_term_string}"},"query-input":{"@type":"PropertyValueSpecification","valueRequired":true,"valueName":"search_term_string"}}],"inLanguage":"en-US"}]}},"_links":{"self":[{"href":"https:\/\/pidzaama.ee\/en\/wp-json\/wp\/v2\/product\/15120","targetHints":{"allow":["GET"]}}],"collection":[{"href":"https:\/\/pidzaama.ee\/en\/wp-json\/wp\/v2\/product"}],"about":[{"href":"https:\/\/pidzaama.ee\/en\/wp-json\/wp\/v2\/types\/product"}],"wp:featuredmedia":[{"embeddable":true,"href":"https:\/\/pidzaama.ee\/en\/wp-json\/wp\/v2\/media\/15394"}],"wp:attachment":[{"href":"https:\/\/pidzaama.ee\/en\/wp-json\/wp\/v2\/media?parent=15120"}],"wp:term":[{"taxonomy":"product_brand","embeddable":true,"href":"https:\/\/pidzaama.ee\/en\/wp-json\/wp\/v2\/product_brand?post=15120"},{"taxonomy":"product_cat","embeddable":true,"href":"https:\/\/pidzaama.ee\/en\/wp-json\/wp\/v2\/product_cat?post=15120"},{"taxonomy":"product_tag","embeddable":true,"href":"https:\/\/pidzaama.ee\/en\/wp-json\/wp\/v2\/product_tag?post=15120"}],"curies":[{"name":"wp","href":"https:\/\/api.w.org\/{rel}","templated":true}]}}