{"id":15560,"date":"2024-09-24T16:04:40","date_gmt":"2024-09-24T16:04:40","guid":{"rendered":"https:\/\/pidzaama.ee\/?post_type=product&#038;p=15560"},"modified":"2025-09-01T00:00:12","modified_gmt":"2025-09-01T00:00:12","slug":"womens-thermal-sweater-31001gt","status":"publish","type":"product","link":"https:\/\/pidzaama.ee\/en\/product\/womens-thermal-sweater-31001gt\/","title":{"rendered":"Women&#8217;s thermal sweater 31001Gt"},"content":{"rendered":"<p><strong>Material: 47% wool, 20% viscose, 20% elastane, 13% cotton<\/strong><\/p>\n<p class=\"MsoNormal\" style=\"box-sizing: inherit; margin-bottom: 1rem;\"><span style=\"color: #777777; font-family: Times New Roman;\"><span style=\"font-size: 18px;\"><b>S-4XL<\/b><\/span><\/span><\/p>\n<table border=\"0\" width=\"604\" cellspacing=\"0\" cellpadding=\"0\">\n<colgroup>\n<col span=\"2\" width=\"151\" \/>\n<col span=\"2\" width=\"151\" \/><\/colgroup>\n<tbody>\n<tr>\n<td class=\"xl68\" width=\"151\" height=\"21\">Suurus<\/td>\n<td class=\"xl66\" width=\"151\">Rinna\u00fcmberm\u00f5\u00f5t<\/td>\n<td class=\"xl68\" width=\"151\">Puusa\u00fcmberm\u00f5\u00f5t<\/td>\n<td class=\"xl68\" width=\"151\">Pikkus<\/td>\n<\/tr>\n<tr>\n<td class=\"xl68\" height=\"23\">\u0420\u0430\u0437\u043c\u0435\u0440<\/td>\n<td class=\"xl70\" width=\"151\">\u041e\u0431\u044a\u0435\u043c \u0433\u0440\u0443\u0434\u0438<\/td>\n<td class=\"xl68\">\u041e\u0431\u044a\u0435\u043c \u0431\u0435\u0434\u0435\u0440<\/td>\n<td class=\"xl68\">\u0414\u043b\u0438\u043d\u0430<\/td>\n<\/tr>\n<tr>\n<td class=\"xl68\" height=\"23\">Size<\/td>\n<td class=\"xl70\" width=\"151\">Chest<\/td>\n<td class=\"xl68\">Hips<\/td>\n<td class=\"xl68\">Length<\/td>\n<\/tr>\n<tr>\n<td class=\"xl68\" height=\"23\">S<\/td>\n<td class=\"xl72\" width=\"151\">78-86<\/td>\n<td class=\"xl69\">84-96<\/td>\n<td class=\"xl69\">56<\/td>\n<\/tr>\n<tr>\n<td class=\"xl66\" height=\"23\">M<\/td>\n<td class=\"xl71\" width=\"151\">80-92<\/td>\n<td class=\"xl67\">88-100<\/td>\n<td class=\"xl67\">57<\/td>\n<\/tr>\n<tr>\n<td class=\"xl66\" height=\"21\">L<\/td>\n<td class=\"xl65\">86-102<\/td>\n<td class=\"xl67\">96-108<\/td>\n<td class=\"xl67\">58<\/td>\n<\/tr>\n<tr>\n<td class=\"xl66\" height=\"21\">XL<\/td>\n<td class=\"xl65\">90-106<\/td>\n<td class=\"xl67\">98-116<\/td>\n<td class=\"xl67\">59<\/td>\n<\/tr>\n<tr>\n<td class=\"xl66\" height=\"21\">2XL<\/td>\n<td class=\"xl65\">94-110<\/td>\n<td class=\"xl67\">102-120<\/td>\n<td class=\"xl67\">60<\/td>\n<\/tr>\n<tr>\n<td class=\"xl66\" height=\"21\">3XL<\/td>\n<td class=\"xl65\">102-118<\/td>\n<td class=\"xl67\">110-128<\/td>\n<td class=\"xl67\">61<\/td>\n<\/tr>\n<tr>\n<td class=\"xl66\" height=\"21\">4XL<\/td>\n<td class=\"xl65\">106-126<\/td>\n<td class=\"xl67\">118-136<\/td>\n<td class=\"xl67\">62<\/td>\n<\/tr>\n<\/tbody>\n<\/table>\n<p>This high-quality thermal sweater is ideal for urban conditions and an active lifestyle. Thanks to the optimal composition of the materials, it provides comfort and warmth in the cold season, while maintaining maximum freedom of movement.<\/p>\n<p>&#8211; **Thermal insulation and comfort**: The main material is natural wool (47%), which perfectly retains heat and effectively removes moisture, maintaining an optimal microclimate for the body.<br \/>\n&#8211; **Elasticity and comfort**: The composition includes 20% elastane, which guarantees a good fit and high elasticity, which allows the underwear to adapt to your movements.<br \/>\n&#8211; **Softness and breathability**: 13% cotton and 20% viscose add softness to the product and provide additional ventilation, making it comfortable to wear throughout the day.<\/p>\n<p>This thermal sweater is perfect for everyday use in the city &#8211; it is stylish, comfortable and reliable. Feel the warmth and comfort with our thermal sweater, regardless of the weather conditions!<br \/>\nWash: 30\u00b0C<\/p>\n<p>Color: grafit<\/p>\n","protected":false},"excerpt":{"rendered":"<p>Material: 47% wool, 20% viscose, 20% elastane, 13% cotton S-4XL Suurus Rinna\u00fcmberm\u00f5\u00f5t Puusa\u00fcmberm\u00f5\u00f5t Pikkus \u0420\u0430\u0437\u043c\u0435\u0440 \u041e\u0431\u044a\u0435\u043c \u0433\u0440\u0443\u0434\u0438 \u041e\u0431\u044a\u0435\u043c \u0431\u0435\u0434\u0435\u0440 \u0414\u043b\u0438\u043d\u0430 Size Chest Hips Length S 78-86 84-96 56 M 80-92 88-100 57 L 86-102 96-108 58 XL 90-106 98-116 59 2XL 94-110 102-120 60 3XL 102-118 110-128 61 4XL 106-126 118-136 62 This high-quality thermal [&hellip;]<\/p>\n","protected":false},"featured_media":15577,"template":"","meta":[],"product_brand":[],"product_cat":[165,173,153,206],"product_tag":[],"class_list":{"0":"post-15560","1":"product","2":"type-product","3":"status-publish","4":"has-post-thumbnail","6":"product_cat-homeclothing","7":"product_cat-koduriietus-en","8":"product_cat-naiste-pidzaamad-ja-oosargid-en","9":"product_cat-naiste-termopesu-en","11":"first","12":"instock","13":"taxable","14":"shipping-taxable","15":"purchasable","16":"product-type-variable"},"yoast_head":"<!-- This site is optimized with the Yoast SEO plugin v27.3 - https:\/\/yoast.com\/product\/yoast-seo-wordpress\/ -->\n<title>Women&#039;s thermal sweater 31001Gt<\/title>\n<meta name=\"description\" content=\"Material: 47% wool, 20% viscose, 20% elastane, 13% cotton. This high-quality thermal underwear is ideal for urban conditions and an active lifestyle. Thanks to the optimal composition of the materials, it provides comfort and warmth in the cold season, while maintaining maximum freedom of movement.\" \/>\n<meta name=\"robots\" content=\"index, follow, max-snippet:-1, max-image-preview:large, max-video-preview:-1\" \/>\n<link rel=\"canonical\" href=\"https:\/\/pidzaama.ee\/en\/product\/womens-thermal-sweater-31001gt\/\" \/>\n<meta property=\"og:locale\" content=\"en_US\" \/>\n<meta property=\"og:type\" content=\"article\" \/>\n<meta property=\"og:title\" content=\"Women&#039;s thermal sweater 31001Gt\" \/>\n<meta property=\"og:description\" content=\"Material: 47% wool, 20% viscose, 20% elastane, 13% cotton. This high-quality thermal underwear is ideal for urban conditions and an active lifestyle. Thanks to the optimal composition of the materials, it provides comfort and warmth in the cold season, while maintaining maximum freedom of movement.\" \/>\n<meta property=\"og:url\" content=\"https:\/\/pidzaama.ee\/en\/product\/womens-thermal-sweater-31001gt\/\" \/>\n<meta property=\"og:site_name\" content=\"Pidzaama\" \/>\n<meta property=\"article:modified_time\" content=\"2025-09-01T00:00:12+00:00\" \/>\n<meta property=\"og:image\" content=\"https:\/\/pidzaama.ee\/wp-content\/uploads\/2024\/09\/Photoroom-31001Gt-2.png\" \/>\n\t<meta property=\"og:image:width\" content=\"975\" \/>\n\t<meta property=\"og:image:height\" content=\"1300\" \/>\n\t<meta property=\"og:image:type\" content=\"image\/png\" \/>\n<meta name=\"twitter:card\" content=\"summary_large_image\" \/>\n<meta name=\"twitter:label1\" content=\"Est. reading time\" \/>\n\t<meta name=\"twitter:data1\" content=\"2 minutes\" \/>\n<script type=\"application\/ld+json\" class=\"yoast-schema-graph\">{\"@context\":\"https:\\\/\\\/schema.org\",\"@graph\":[{\"@type\":\"WebPage\",\"@id\":\"https:\\\/\\\/pidzaama.ee\\\/en\\\/product\\\/womens-thermal-sweater-31001gt\\\/\",\"url\":\"https:\\\/\\\/pidzaama.ee\\\/en\\\/product\\\/womens-thermal-sweater-31001gt\\\/\",\"name\":\"Women's thermal sweater 31001Gt\",\"isPartOf\":{\"@id\":\"https:\\\/\\\/pidzaama.ee\\\/en\\\/#website\"},\"primaryImageOfPage\":{\"@id\":\"https:\\\/\\\/pidzaama.ee\\\/en\\\/product\\\/womens-thermal-sweater-31001gt\\\/#primaryimage\"},\"image\":{\"@id\":\"https:\\\/\\\/pidzaama.ee\\\/en\\\/product\\\/womens-thermal-sweater-31001gt\\\/#primaryimage\"},\"thumbnailUrl\":\"https:\\\/\\\/pidzaama.ee\\\/wp-content\\\/uploads\\\/2024\\\/09\\\/Photoroom-31001Gt-2.png\",\"datePublished\":\"2024-09-24T16:04:40+00:00\",\"dateModified\":\"2025-09-01T00:00:12+00:00\",\"description\":\"Material: 47% wool, 20% viscose, 20% elastane, 13% cotton. This high-quality thermal underwear is ideal for urban conditions and an active lifestyle. Thanks to the optimal composition of the materials, it provides comfort and warmth in the cold season, while maintaining maximum freedom of movement.\",\"breadcrumb\":{\"@id\":\"https:\\\/\\\/pidzaama.ee\\\/en\\\/product\\\/womens-thermal-sweater-31001gt\\\/#breadcrumb\"},\"inLanguage\":\"en-US\",\"potentialAction\":[{\"@type\":\"ReadAction\",\"target\":[\"https:\\\/\\\/pidzaama.ee\\\/en\\\/product\\\/womens-thermal-sweater-31001gt\\\/\"]}]},{\"@type\":\"ImageObject\",\"inLanguage\":\"en-US\",\"@id\":\"https:\\\/\\\/pidzaama.ee\\\/en\\\/product\\\/womens-thermal-sweater-31001gt\\\/#primaryimage\",\"url\":\"https:\\\/\\\/pidzaama.ee\\\/wp-content\\\/uploads\\\/2024\\\/09\\\/Photoroom-31001Gt-2.png\",\"contentUrl\":\"https:\\\/\\\/pidzaama.ee\\\/wp-content\\\/uploads\\\/2024\\\/09\\\/Photoroom-31001Gt-2.png\",\"width\":975,\"height\":1300},{\"@type\":\"BreadcrumbList\",\"@id\":\"https:\\\/\\\/pidzaama.ee\\\/en\\\/product\\\/womens-thermal-sweater-31001gt\\\/#breadcrumb\",\"itemListElement\":[{\"@type\":\"ListItem\",\"position\":1,\"name\":\"Home\",\"item\":\"https:\\\/\\\/pidzaama.ee\\\/en\\\/home\\\/\"},{\"@type\":\"ListItem\",\"position\":2,\"name\":\"ABOUT US\",\"item\":\"https:\\\/\\\/pidzaama.ee\\\/en\\\/about-us\\\/\"},{\"@type\":\"ListItem\",\"position\":3,\"name\":\"Women&#8217;s thermal sweater 31001Gt\"}]},{\"@type\":\"WebSite\",\"@id\":\"https:\\\/\\\/pidzaama.ee\\\/en\\\/#website\",\"url\":\"https:\\\/\\\/pidzaama.ee\\\/en\\\/\",\"name\":\"Pidzaama\",\"description\":\"T\u00e4iendame pidevalt meie sortimendi ning suurusi!\",\"potentialAction\":[{\"@type\":\"SearchAction\",\"target\":{\"@type\":\"EntryPoint\",\"urlTemplate\":\"https:\\\/\\\/pidzaama.ee\\\/en\\\/?s={search_term_string}\"},\"query-input\":{\"@type\":\"PropertyValueSpecification\",\"valueRequired\":true,\"valueName\":\"search_term_string\"}}],\"inLanguage\":\"en-US\"}]}<\/script>\n<!-- \/ Yoast SEO plugin. -->","yoast_head_json":{"title":"Women's thermal sweater 31001Gt","description":"Material: 47% wool, 20% viscose, 20% elastane, 13% cotton. This high-quality thermal underwear is ideal for urban conditions and an active lifestyle. Thanks to the optimal composition of the materials, it provides comfort and warmth in the cold season, while maintaining maximum freedom of movement.","robots":{"index":"index","follow":"follow","max-snippet":"max-snippet:-1","max-image-preview":"max-image-preview:large","max-video-preview":"max-video-preview:-1"},"canonical":"https:\/\/pidzaama.ee\/en\/product\/womens-thermal-sweater-31001gt\/","og_locale":"en_US","og_type":"article","og_title":"Women's thermal sweater 31001Gt","og_description":"Material: 47% wool, 20% viscose, 20% elastane, 13% cotton. This high-quality thermal underwear is ideal for urban conditions and an active lifestyle. Thanks to the optimal composition of the materials, it provides comfort and warmth in the cold season, while maintaining maximum freedom of movement.","og_url":"https:\/\/pidzaama.ee\/en\/product\/womens-thermal-sweater-31001gt\/","og_site_name":"Pidzaama","article_modified_time":"2025-09-01T00:00:12+00:00","og_image":[{"width":975,"height":1300,"url":"https:\/\/pidzaama.ee\/wp-content\/uploads\/2024\/09\/Photoroom-31001Gt-2.png","type":"image\/png"}],"twitter_card":"summary_large_image","twitter_misc":{"Est. reading time":"2 minutes"},"schema":{"@context":"https:\/\/schema.org","@graph":[{"@type":"WebPage","@id":"https:\/\/pidzaama.ee\/en\/product\/womens-thermal-sweater-31001gt\/","url":"https:\/\/pidzaama.ee\/en\/product\/womens-thermal-sweater-31001gt\/","name":"Women's thermal sweater 31001Gt","isPartOf":{"@id":"https:\/\/pidzaama.ee\/en\/#website"},"primaryImageOfPage":{"@id":"https:\/\/pidzaama.ee\/en\/product\/womens-thermal-sweater-31001gt\/#primaryimage"},"image":{"@id":"https:\/\/pidzaama.ee\/en\/product\/womens-thermal-sweater-31001gt\/#primaryimage"},"thumbnailUrl":"https:\/\/pidzaama.ee\/wp-content\/uploads\/2024\/09\/Photoroom-31001Gt-2.png","datePublished":"2024-09-24T16:04:40+00:00","dateModified":"2025-09-01T00:00:12+00:00","description":"Material: 47% wool, 20% viscose, 20% elastane, 13% cotton. This high-quality thermal underwear is ideal for urban conditions and an active lifestyle. Thanks to the optimal composition of the materials, it provides comfort and warmth in the cold season, while maintaining maximum freedom of movement.","breadcrumb":{"@id":"https:\/\/pidzaama.ee\/en\/product\/womens-thermal-sweater-31001gt\/#breadcrumb"},"inLanguage":"en-US","potentialAction":[{"@type":"ReadAction","target":["https:\/\/pidzaama.ee\/en\/product\/womens-thermal-sweater-31001gt\/"]}]},{"@type":"ImageObject","inLanguage":"en-US","@id":"https:\/\/pidzaama.ee\/en\/product\/womens-thermal-sweater-31001gt\/#primaryimage","url":"https:\/\/pidzaama.ee\/wp-content\/uploads\/2024\/09\/Photoroom-31001Gt-2.png","contentUrl":"https:\/\/pidzaama.ee\/wp-content\/uploads\/2024\/09\/Photoroom-31001Gt-2.png","width":975,"height":1300},{"@type":"BreadcrumbList","@id":"https:\/\/pidzaama.ee\/en\/product\/womens-thermal-sweater-31001gt\/#breadcrumb","itemListElement":[{"@type":"ListItem","position":1,"name":"Home","item":"https:\/\/pidzaama.ee\/en\/home\/"},{"@type":"ListItem","position":2,"name":"ABOUT US","item":"https:\/\/pidzaama.ee\/en\/about-us\/"},{"@type":"ListItem","position":3,"name":"Women&#8217;s thermal sweater 31001Gt"}]},{"@type":"WebSite","@id":"https:\/\/pidzaama.ee\/en\/#website","url":"https:\/\/pidzaama.ee\/en\/","name":"Pidzaama","description":"T\u00e4iendame pidevalt meie sortimendi ning suurusi!","potentialAction":[{"@type":"SearchAction","target":{"@type":"EntryPoint","urlTemplate":"https:\/\/pidzaama.ee\/en\/?s={search_term_string}"},"query-input":{"@type":"PropertyValueSpecification","valueRequired":true,"valueName":"search_term_string"}}],"inLanguage":"en-US"}]}},"_links":{"self":[{"href":"https:\/\/pidzaama.ee\/en\/wp-json\/wp\/v2\/product\/15560","targetHints":{"allow":["GET"]}}],"collection":[{"href":"https:\/\/pidzaama.ee\/en\/wp-json\/wp\/v2\/product"}],"about":[{"href":"https:\/\/pidzaama.ee\/en\/wp-json\/wp\/v2\/types\/product"}],"wp:featuredmedia":[{"embeddable":true,"href":"https:\/\/pidzaama.ee\/en\/wp-json\/wp\/v2\/media\/15577"}],"wp:attachment":[{"href":"https:\/\/pidzaama.ee\/en\/wp-json\/wp\/v2\/media?parent=15560"}],"wp:term":[{"taxonomy":"product_brand","embeddable":true,"href":"https:\/\/pidzaama.ee\/en\/wp-json\/wp\/v2\/product_brand?post=15560"},{"taxonomy":"product_cat","embeddable":true,"href":"https:\/\/pidzaama.ee\/en\/wp-json\/wp\/v2\/product_cat?post=15560"},{"taxonomy":"product_tag","embeddable":true,"href":"https:\/\/pidzaama.ee\/en\/wp-json\/wp\/v2\/product_tag?post=15560"}],"curies":[{"name":"wp","href":"https:\/\/api.w.org\/{rel}","templated":true}]}}