{"id":15720,"date":"2024-09-25T09:06:54","date_gmt":"2024-09-25T09:06:54","guid":{"rendered":"https:\/\/pidzaama.ee\/?post_type=product&#038;p=15720"},"modified":"2024-09-25T09:10:13","modified_gmt":"2024-09-25T09:10:13","slug":"womens-thermal-top-34001gt","status":"publish","type":"product","link":"https:\/\/pidzaama.ee\/en\/product\/womens-thermal-top-34001gt\/","title":{"rendered":"Women&#8217;s thermal top 34001Gt"},"content":{"rendered":"<p><strong>Material: 47% wool, 20% viscose, 20% elastane, 13% cotton<\/strong><\/p>\n<p class=\"MsoNormal\" style=\"box-sizing: inherit; margin-bottom: 1rem;\"><span style=\"color: #777777; font-family: Times New Roman;\"><span style=\"font-size: 18px;\"><b>S-4XL<\/b><\/span><\/span><\/p>\n<table border=\"0\" width=\"561\" cellspacing=\"0\" cellpadding=\"0\">\n<colgroup>\n<col span=\"3\" width=\"187\" \/><\/colgroup>\n<tbody>\n<tr>\n<td class=\"xl66\" width=\"187\" height=\"21\">Suurus<\/td>\n<td class=\"xl64\" width=\"187\">Rinna\u00fcmberm\u00f5\u00f5t<\/td>\n<td class=\"xl66\" width=\"187\">Puusa\u00fcmberm\u00f5\u00f5t<\/td>\n<\/tr>\n<tr>\n<td class=\"xl66\" height=\"23\">\u0420\u0430\u0437\u043c\u0435\u0440<\/td>\n<td class=\"xl68\" width=\"187\">\u041e\u0431\u044a\u0435\u043c \u0433\u0440\u0443\u0434\u0438<\/td>\n<td class=\"xl66\">\u041e\u0431\u044a\u0435\u043c \u0431\u0435\u0434\u0435\u0440<\/td>\n<\/tr>\n<tr>\n<td class=\"xl66\" height=\"23\">Size<\/td>\n<td class=\"xl68\" width=\"187\">Chest<\/td>\n<td class=\"xl66\">Hips<\/td>\n<\/tr>\n<tr>\n<td class=\"xl66\" height=\"23\">S<\/td>\n<td class=\"xl70\" width=\"187\">68-74<\/td>\n<td class=\"xl67\">76-84<\/td>\n<\/tr>\n<tr>\n<td class=\"xl64\" height=\"23\">M<\/td>\n<td class=\"xl69\" width=\"187\">72-78<\/td>\n<td class=\"xl65\">80-90<\/td>\n<\/tr>\n<tr>\n<td class=\"xl64\" height=\"21\">L<\/td>\n<td class=\"xl63\">76-84<\/td>\n<td class=\"xl65\">82-92<\/td>\n<\/tr>\n<tr>\n<td class=\"xl64\" height=\"21\">XL<\/td>\n<td class=\"xl63\">80-86<\/td>\n<td class=\"xl65\">84-94<\/td>\n<\/tr>\n<tr>\n<td class=\"xl64\" height=\"21\">2XL<\/td>\n<td class=\"xl63\">84-90<\/td>\n<td class=\"xl65\">90-100<\/td>\n<\/tr>\n<tr>\n<td class=\"xl64\" height=\"21\">3XL<\/td>\n<td class=\"xl63\">86-92<\/td>\n<td class=\"xl65\">96-106<\/td>\n<\/tr>\n<tr>\n<td class=\"xl64\" height=\"21\">4XL<\/td>\n<td class=\"xl63\">90-96<\/td>\n<td class=\"xl65\">100-110<\/td>\n<\/tr>\n<\/tbody>\n<\/table>\n<p>This high-quality thermal underwear is ideal for urban conditions and an active lifestyle. Thanks to the optimal composition of the materials, it provides comfort and warmth in the cold season, while maintaining maximum freedom of movement.<\/p>\n<p>&#8211; **Thermal insulation and comfort**: The main material is natural wool (47%), which perfectly retains heat and effectively removes moisture, maintaining an optimal microclimate for the body.<br \/>\n&#8211; **Elasticity and comfort**: The composition includes 20% elastane, which guarantees a good fit and high elasticity, which allows the underwear to adapt to your movements.<br \/>\n&#8211; **Softness and breathability**: 13% cotton and 20% viscose add softness to the product and provide additional ventilation, making it comfortable to wear throughout the day.<\/p>\n<p>This thermal underwear is perfect for everyday use in the city &#8211; it is stylish, comfortable and reliable. Feel the warmth and comfort with our thermal underwear, regardless of the weather conditions!<br \/>\nWash: 30\u00b0C<\/p>\n<p>Color: grafit<\/p>\n","protected":false},"excerpt":{"rendered":"<p>Material: 47% wool, 20% viscose, 20% elastane, 13% cotton S-4XL Suurus Rinna\u00fcmberm\u00f5\u00f5t Puusa\u00fcmberm\u00f5\u00f5t \u0420\u0430\u0437\u043c\u0435\u0440 \u041e\u0431\u044a\u0435\u043c \u0433\u0440\u0443\u0434\u0438 \u041e\u0431\u044a\u0435\u043c \u0431\u0435\u0434\u0435\u0440 Size Chest Hips S 68-74 76-84 M 72-78 80-90 L 76-84 82-92 XL 80-86 84-94 2XL 84-90 90-100 3XL 86-92 96-106 4XL 90-96 100-110 This high-quality thermal underwear is ideal for urban conditions and an active lifestyle. [&hellip;]<\/p>\n","protected":false},"featured_media":15652,"template":"","meta":[],"product_brand":[],"product_cat":[165,173,153,206],"product_tag":[],"class_list":{"0":"post-15720","1":"product","2":"type-product","3":"status-publish","4":"has-post-thumbnail","6":"product_cat-homeclothing","7":"product_cat-koduriietus-en","8":"product_cat-naiste-pidzaamad-ja-oosargid-en","9":"product_cat-naiste-termopesu-en","11":"first","12":"instock","13":"taxable","14":"shipping-taxable","15":"purchasable","16":"product-type-variable"},"yoast_head":"<!-- This site is optimized with the Yoast SEO plugin v27.3 - https:\/\/yoast.com\/product\/yoast-seo-wordpress\/ -->\n<title>Women&#039;s thermal top 34001Gt<\/title>\n<meta name=\"description\" content=\"Material: 47% wool, 20% viscose, 20% elastane, 13% cotton. This high-quality thermal underwear is ideal for urban conditions and an active lifestyle. Thanks to the optimal composition of the materials, it provides comfort and warmth in the cold season, while maintaining maximum freedom of movement.\" \/>\n<meta name=\"robots\" content=\"index, follow, max-snippet:-1, max-image-preview:large, max-video-preview:-1\" \/>\n<link rel=\"canonical\" href=\"https:\/\/pidzaama.ee\/en\/product\/womens-thermal-top-34001gt\/\" \/>\n<meta property=\"og:locale\" content=\"en_US\" \/>\n<meta property=\"og:type\" content=\"article\" \/>\n<meta property=\"og:title\" content=\"Women&#039;s thermal top 34001Gt\" \/>\n<meta property=\"og:description\" content=\"Material: 47% wool, 20% viscose, 20% elastane, 13% cotton. This high-quality thermal underwear is ideal for urban conditions and an active lifestyle. Thanks to the optimal composition of the materials, it provides comfort and warmth in the cold season, while maintaining maximum freedom of movement.\" \/>\n<meta property=\"og:url\" content=\"https:\/\/pidzaama.ee\/en\/product\/womens-thermal-top-34001gt\/\" \/>\n<meta property=\"og:site_name\" content=\"Pidzaama\" \/>\n<meta property=\"article:modified_time\" content=\"2024-09-25T09:10:13+00:00\" \/>\n<meta property=\"og:image\" content=\"https:\/\/pidzaama.ee\/wp-content\/uploads\/2024\/09\/Photoroom-34001Gt.png\" \/>\n\t<meta property=\"og:image:width\" content=\"975\" \/>\n\t<meta property=\"og:image:height\" content=\"1300\" \/>\n\t<meta property=\"og:image:type\" content=\"image\/png\" \/>\n<meta name=\"twitter:card\" content=\"summary_large_image\" \/>\n<meta name=\"twitter:label1\" content=\"Est. reading time\" \/>\n\t<meta name=\"twitter:data1\" content=\"2 minutes\" \/>\n<script type=\"application\/ld+json\" class=\"yoast-schema-graph\">{\"@context\":\"https:\\\/\\\/schema.org\",\"@graph\":[{\"@type\":\"WebPage\",\"@id\":\"https:\\\/\\\/pidzaama.ee\\\/en\\\/product\\\/womens-thermal-top-34001gt\\\/\",\"url\":\"https:\\\/\\\/pidzaama.ee\\\/en\\\/product\\\/womens-thermal-top-34001gt\\\/\",\"name\":\"Women's thermal top 34001Gt\",\"isPartOf\":{\"@id\":\"https:\\\/\\\/pidzaama.ee\\\/en\\\/#website\"},\"primaryImageOfPage\":{\"@id\":\"https:\\\/\\\/pidzaama.ee\\\/en\\\/product\\\/womens-thermal-top-34001gt\\\/#primaryimage\"},\"image\":{\"@id\":\"https:\\\/\\\/pidzaama.ee\\\/en\\\/product\\\/womens-thermal-top-34001gt\\\/#primaryimage\"},\"thumbnailUrl\":\"https:\\\/\\\/pidzaama.ee\\\/wp-content\\\/uploads\\\/2024\\\/09\\\/Photoroom-34001Gt.png\",\"datePublished\":\"2024-09-25T09:06:54+00:00\",\"dateModified\":\"2024-09-25T09:10:13+00:00\",\"description\":\"Material: 47% wool, 20% viscose, 20% elastane, 13% cotton. This high-quality thermal underwear is ideal for urban conditions and an active lifestyle. Thanks to the optimal composition of the materials, it provides comfort and warmth in the cold season, while maintaining maximum freedom of movement.\",\"breadcrumb\":{\"@id\":\"https:\\\/\\\/pidzaama.ee\\\/en\\\/product\\\/womens-thermal-top-34001gt\\\/#breadcrumb\"},\"inLanguage\":\"en-US\",\"potentialAction\":[{\"@type\":\"ReadAction\",\"target\":[\"https:\\\/\\\/pidzaama.ee\\\/en\\\/product\\\/womens-thermal-top-34001gt\\\/\"]}]},{\"@type\":\"ImageObject\",\"inLanguage\":\"en-US\",\"@id\":\"https:\\\/\\\/pidzaama.ee\\\/en\\\/product\\\/womens-thermal-top-34001gt\\\/#primaryimage\",\"url\":\"https:\\\/\\\/pidzaama.ee\\\/wp-content\\\/uploads\\\/2024\\\/09\\\/Photoroom-34001Gt.png\",\"contentUrl\":\"https:\\\/\\\/pidzaama.ee\\\/wp-content\\\/uploads\\\/2024\\\/09\\\/Photoroom-34001Gt.png\",\"width\":975,\"height\":1300},{\"@type\":\"BreadcrumbList\",\"@id\":\"https:\\\/\\\/pidzaama.ee\\\/en\\\/product\\\/womens-thermal-top-34001gt\\\/#breadcrumb\",\"itemListElement\":[{\"@type\":\"ListItem\",\"position\":1,\"name\":\"Home\",\"item\":\"https:\\\/\\\/pidzaama.ee\\\/en\\\/home\\\/\"},{\"@type\":\"ListItem\",\"position\":2,\"name\":\"ABOUT US\",\"item\":\"https:\\\/\\\/pidzaama.ee\\\/en\\\/about-us\\\/\"},{\"@type\":\"ListItem\",\"position\":3,\"name\":\"Women&#8217;s thermal top 34001Gt\"}]},{\"@type\":\"WebSite\",\"@id\":\"https:\\\/\\\/pidzaama.ee\\\/en\\\/#website\",\"url\":\"https:\\\/\\\/pidzaama.ee\\\/en\\\/\",\"name\":\"Pidzaama\",\"description\":\"T\u00e4iendame pidevalt meie sortimendi ning suurusi!\",\"potentialAction\":[{\"@type\":\"SearchAction\",\"target\":{\"@type\":\"EntryPoint\",\"urlTemplate\":\"https:\\\/\\\/pidzaama.ee\\\/en\\\/?s={search_term_string}\"},\"query-input\":{\"@type\":\"PropertyValueSpecification\",\"valueRequired\":true,\"valueName\":\"search_term_string\"}}],\"inLanguage\":\"en-US\"}]}<\/script>\n<!-- \/ Yoast SEO plugin. -->","yoast_head_json":{"title":"Women's thermal top 34001Gt","description":"Material: 47% wool, 20% viscose, 20% elastane, 13% cotton. This high-quality thermal underwear is ideal for urban conditions and an active lifestyle. Thanks to the optimal composition of the materials, it provides comfort and warmth in the cold season, while maintaining maximum freedom of movement.","robots":{"index":"index","follow":"follow","max-snippet":"max-snippet:-1","max-image-preview":"max-image-preview:large","max-video-preview":"max-video-preview:-1"},"canonical":"https:\/\/pidzaama.ee\/en\/product\/womens-thermal-top-34001gt\/","og_locale":"en_US","og_type":"article","og_title":"Women's thermal top 34001Gt","og_description":"Material: 47% wool, 20% viscose, 20% elastane, 13% cotton. This high-quality thermal underwear is ideal for urban conditions and an active lifestyle. Thanks to the optimal composition of the materials, it provides comfort and warmth in the cold season, while maintaining maximum freedom of movement.","og_url":"https:\/\/pidzaama.ee\/en\/product\/womens-thermal-top-34001gt\/","og_site_name":"Pidzaama","article_modified_time":"2024-09-25T09:10:13+00:00","og_image":[{"width":975,"height":1300,"url":"https:\/\/pidzaama.ee\/wp-content\/uploads\/2024\/09\/Photoroom-34001Gt.png","type":"image\/png"}],"twitter_card":"summary_large_image","twitter_misc":{"Est. reading time":"2 minutes"},"schema":{"@context":"https:\/\/schema.org","@graph":[{"@type":"WebPage","@id":"https:\/\/pidzaama.ee\/en\/product\/womens-thermal-top-34001gt\/","url":"https:\/\/pidzaama.ee\/en\/product\/womens-thermal-top-34001gt\/","name":"Women's thermal top 34001Gt","isPartOf":{"@id":"https:\/\/pidzaama.ee\/en\/#website"},"primaryImageOfPage":{"@id":"https:\/\/pidzaama.ee\/en\/product\/womens-thermal-top-34001gt\/#primaryimage"},"image":{"@id":"https:\/\/pidzaama.ee\/en\/product\/womens-thermal-top-34001gt\/#primaryimage"},"thumbnailUrl":"https:\/\/pidzaama.ee\/wp-content\/uploads\/2024\/09\/Photoroom-34001Gt.png","datePublished":"2024-09-25T09:06:54+00:00","dateModified":"2024-09-25T09:10:13+00:00","description":"Material: 47% wool, 20% viscose, 20% elastane, 13% cotton. This high-quality thermal underwear is ideal for urban conditions and an active lifestyle. Thanks to the optimal composition of the materials, it provides comfort and warmth in the cold season, while maintaining maximum freedom of movement.","breadcrumb":{"@id":"https:\/\/pidzaama.ee\/en\/product\/womens-thermal-top-34001gt\/#breadcrumb"},"inLanguage":"en-US","potentialAction":[{"@type":"ReadAction","target":["https:\/\/pidzaama.ee\/en\/product\/womens-thermal-top-34001gt\/"]}]},{"@type":"ImageObject","inLanguage":"en-US","@id":"https:\/\/pidzaama.ee\/en\/product\/womens-thermal-top-34001gt\/#primaryimage","url":"https:\/\/pidzaama.ee\/wp-content\/uploads\/2024\/09\/Photoroom-34001Gt.png","contentUrl":"https:\/\/pidzaama.ee\/wp-content\/uploads\/2024\/09\/Photoroom-34001Gt.png","width":975,"height":1300},{"@type":"BreadcrumbList","@id":"https:\/\/pidzaama.ee\/en\/product\/womens-thermal-top-34001gt\/#breadcrumb","itemListElement":[{"@type":"ListItem","position":1,"name":"Home","item":"https:\/\/pidzaama.ee\/en\/home\/"},{"@type":"ListItem","position":2,"name":"ABOUT US","item":"https:\/\/pidzaama.ee\/en\/about-us\/"},{"@type":"ListItem","position":3,"name":"Women&#8217;s thermal top 34001Gt"}]},{"@type":"WebSite","@id":"https:\/\/pidzaama.ee\/en\/#website","url":"https:\/\/pidzaama.ee\/en\/","name":"Pidzaama","description":"T\u00e4iendame pidevalt meie sortimendi ning suurusi!","potentialAction":[{"@type":"SearchAction","target":{"@type":"EntryPoint","urlTemplate":"https:\/\/pidzaama.ee\/en\/?s={search_term_string}"},"query-input":{"@type":"PropertyValueSpecification","valueRequired":true,"valueName":"search_term_string"}}],"inLanguage":"en-US"}]}},"_links":{"self":[{"href":"https:\/\/pidzaama.ee\/en\/wp-json\/wp\/v2\/product\/15720","targetHints":{"allow":["GET"]}}],"collection":[{"href":"https:\/\/pidzaama.ee\/en\/wp-json\/wp\/v2\/product"}],"about":[{"href":"https:\/\/pidzaama.ee\/en\/wp-json\/wp\/v2\/types\/product"}],"wp:featuredmedia":[{"embeddable":true,"href":"https:\/\/pidzaama.ee\/en\/wp-json\/wp\/v2\/media\/15652"}],"wp:attachment":[{"href":"https:\/\/pidzaama.ee\/en\/wp-json\/wp\/v2\/media?parent=15720"}],"wp:term":[{"taxonomy":"product_brand","embeddable":true,"href":"https:\/\/pidzaama.ee\/en\/wp-json\/wp\/v2\/product_brand?post=15720"},{"taxonomy":"product_cat","embeddable":true,"href":"https:\/\/pidzaama.ee\/en\/wp-json\/wp\/v2\/product_cat?post=15720"},{"taxonomy":"product_tag","embeddable":true,"href":"https:\/\/pidzaama.ee\/en\/wp-json\/wp\/v2\/product_tag?post=15720"}],"curies":[{"name":"wp","href":"https:\/\/api.w.org\/{rel}","templated":true}]}}