{"id":15770,"date":"2024-09-25T09:12:19","date_gmt":"2024-09-25T09:12:19","guid":{"rendered":"https:\/\/pidzaama.ee\/?post_type=product&#038;p=15770"},"modified":"2025-11-19T11:26:21","modified_gmt":"2025-11-19T11:26:21","slug":"womens-thermal-pants-31071bz","status":"publish","type":"product","link":"https:\/\/pidzaama.ee\/en\/product\/womens-thermal-pants-31071bz\/","title":{"rendered":"Women&#8217;s thermal pants 31071BZ"},"content":{"rendered":"<p><strong>Material: 47% wool, 20% viscose, 20% elastane, 13% cotton<\/strong><\/p>\n<p class=\"MsoNormal\" style=\"box-sizing: inherit; margin-bottom: 1rem;\"><span style=\"color: #777777; font-family: Times New Roman;\"><span style=\"font-size: 18px;\"><b>S-4XL<\/b><\/span><\/span><\/p>\n<table border=\"0\" width=\"561\" cellspacing=\"0\" cellpadding=\"0\">\n<colgroup>\n<col span=\"3\" width=\"187\" \/><\/colgroup>\n<tbody>\n<tr>\n<td class=\"xl68\" width=\"187\" height=\"21\">Suurus<\/td>\n<td class=\"xl68\" width=\"187\">Puusa\u00fcmberm\u00f5\u00f5t<\/td>\n<td class=\"xl68\" width=\"187\">Pikkus<\/td>\n<\/tr>\n<tr>\n<td class=\"xl68\" height=\"21\">\u0420\u0430\u0437\u043c\u0435\u0440<\/td>\n<td class=\"xl68\">\u041e\u0431\u044a\u0435\u043c \u0431\u0435\u0434\u0435\u0440<\/td>\n<td class=\"xl68\">\u0414\u043b\u0438\u043d\u0430<\/td>\n<\/tr>\n<tr>\n<td class=\"xl68\" height=\"21\">Size<\/td>\n<td class=\"xl68\">Hips<\/td>\n<td class=\"xl68\">Length<\/td>\n<\/tr>\n<tr>\n<td class=\"xl68\" height=\"23\">S<\/td>\n<td class=\"xl71\" width=\"187\">82-94<\/td>\n<td class=\"xl69\">88<\/td>\n<\/tr>\n<tr>\n<td class=\"xl66\" height=\"23\">M<\/td>\n<td class=\"xl70\" width=\"187\">84-96<\/td>\n<td class=\"xl67\">89<\/td>\n<\/tr>\n<tr>\n<td class=\"xl66\" height=\"21\">L<\/td>\n<td class=\"xl65\">92-100<\/td>\n<td class=\"xl67\">91<\/td>\n<\/tr>\n<tr>\n<td class=\"xl66\" height=\"21\">XL<\/td>\n<td class=\"xl65\">98-103<\/td>\n<td class=\"xl67\">92<\/td>\n<\/tr>\n<tr>\n<td class=\"xl66\" height=\"21\">2XL<\/td>\n<td class=\"xl65\">100-108<\/td>\n<td class=\"xl67\">93<\/td>\n<\/tr>\n<tr>\n<td class=\"xl66\" height=\"21\">3XL<\/td>\n<td class=\"xl65\">104-112<\/td>\n<td class=\"xl67\">95<\/td>\n<\/tr>\n<tr>\n<td class=\"xl66\" height=\"21\">4XL<\/td>\n<td class=\"xl65\">106-120<\/td>\n<td class=\"xl67\">97<\/td>\n<\/tr>\n<\/tbody>\n<\/table>\n<p>This high-quality thermal underwear is ideal for urban conditions and an active lifestyle. Thanks to the optimal composition of the materials, it provides comfort and warmth in the cold season, while maintaining maximum freedom of movement.<\/p>\n<p>&#8211; **Thermal insulation and comfort**: The main material is natural wool (47%), which perfectly retains heat and effectively removes moisture, maintaining an optimal microclimate for the body.<br \/>\n&#8211; **Elasticity and comfort**: The composition includes 20% elastane, which guarantees a good fit and high elasticity, which allows the underwear to adapt to your movements.<br \/>\n&#8211; **Softness and breathability**: 13% cotton and 20% viscose add softness to the product and provide additional ventilation, making it comfortable to wear throughout the day.<\/p>\n<p>This thermal underwear is perfect for everyday use in the city &#8211; it is stylish, comfortable and reliable. Feel the warmth and comfort with our thermal underwear, regardless of the weather conditions!<br \/>\nWash: 30\u00b0C<\/p>\n<p>Color: beige<\/p>\n","protected":false},"excerpt":{"rendered":"<p>Material: 47% wool, 20% viscose, 20% elastane, 13% cotton S-4XL Suurus Puusa\u00fcmberm\u00f5\u00f5t Pikkus \u0420\u0430\u0437\u043c\u0435\u0440 \u041e\u0431\u044a\u0435\u043c \u0431\u0435\u0434\u0435\u0440 \u0414\u043b\u0438\u043d\u0430 Size Hips Length S 82-94 88 M 84-96 89 L 92-100 91 XL 98-103 92 2XL 100-108 93 3XL 104-112 95 4XL 106-120 97 This high-quality thermal underwear is ideal for urban conditions and an active lifestyle. Thanks [&hellip;]<\/p>\n","protected":false},"featured_media":15787,"template":"","meta":[],"product_brand":[],"product_cat":[165,173,153,206],"product_tag":[],"class_list":{"0":"post-15770","1":"product","2":"type-product","3":"status-publish","4":"has-post-thumbnail","6":"product_cat-homeclothing","7":"product_cat-koduriietus-en","8":"product_cat-naiste-pidzaamad-ja-oosargid-en","9":"product_cat-naiste-termopesu-en","11":"first","12":"instock","13":"taxable","14":"shipping-taxable","15":"purchasable","16":"product-type-variable"},"yoast_head":"<!-- This site is optimized with the Yoast SEO plugin v27.3 - https:\/\/yoast.com\/product\/yoast-seo-wordpress\/ -->\n<title>Women&#039;s thermal pants 31071BZ<\/title>\n<meta name=\"description\" content=\"Material: 47% wool, 20% viscose, 20% elastane, 13% cotton. This high-quality thermal pants is ideal for urban conditions and an active lifestyle. Thanks to the optimal composition of the materials, it provides comfort and warmth in the cold season, while maintaining maximum freedom of movement.\" \/>\n<meta name=\"robots\" content=\"index, follow, max-snippet:-1, max-image-preview:large, max-video-preview:-1\" \/>\n<link rel=\"canonical\" href=\"https:\/\/pidzaama.ee\/en\/product\/womens-thermal-pants-31071bz\/\" \/>\n<meta property=\"og:locale\" content=\"en_US\" \/>\n<meta property=\"og:type\" content=\"article\" \/>\n<meta property=\"og:title\" content=\"Women&#039;s thermal pants 31071BZ\" \/>\n<meta property=\"og:description\" content=\"Material: 47% wool, 20% viscose, 20% elastane, 13% cotton. This high-quality thermal pants is ideal for urban conditions and an active lifestyle. Thanks to the optimal composition of the materials, it provides comfort and warmth in the cold season, while maintaining maximum freedom of movement.\" \/>\n<meta property=\"og:url\" content=\"https:\/\/pidzaama.ee\/en\/product\/womens-thermal-pants-31071bz\/\" \/>\n<meta property=\"og:site_name\" content=\"Pidzaama\" \/>\n<meta property=\"article:modified_time\" content=\"2025-11-19T11:26:21+00:00\" \/>\n<meta property=\"og:image\" content=\"https:\/\/pidzaama.ee\/wp-content\/uploads\/2024\/09\/Photoroom-31071Bz-2.png\" \/>\n\t<meta property=\"og:image:width\" content=\"975\" \/>\n\t<meta property=\"og:image:height\" content=\"1300\" \/>\n\t<meta property=\"og:image:type\" content=\"image\/png\" \/>\n<meta name=\"twitter:card\" content=\"summary_large_image\" \/>\n<meta name=\"twitter:label1\" content=\"Est. reading time\" \/>\n\t<meta name=\"twitter:data1\" content=\"2 minutes\" \/>\n<script type=\"application\/ld+json\" class=\"yoast-schema-graph\">{\"@context\":\"https:\\\/\\\/schema.org\",\"@graph\":[{\"@type\":\"WebPage\",\"@id\":\"https:\\\/\\\/pidzaama.ee\\\/en\\\/product\\\/womens-thermal-pants-31071bz\\\/\",\"url\":\"https:\\\/\\\/pidzaama.ee\\\/en\\\/product\\\/womens-thermal-pants-31071bz\\\/\",\"name\":\"Women's thermal pants 31071BZ\",\"isPartOf\":{\"@id\":\"https:\\\/\\\/pidzaama.ee\\\/en\\\/#website\"},\"primaryImageOfPage\":{\"@id\":\"https:\\\/\\\/pidzaama.ee\\\/en\\\/product\\\/womens-thermal-pants-31071bz\\\/#primaryimage\"},\"image\":{\"@id\":\"https:\\\/\\\/pidzaama.ee\\\/en\\\/product\\\/womens-thermal-pants-31071bz\\\/#primaryimage\"},\"thumbnailUrl\":\"https:\\\/\\\/pidzaama.ee\\\/wp-content\\\/uploads\\\/2024\\\/09\\\/Photoroom-31071Bz-2.png\",\"datePublished\":\"2024-09-25T09:12:19+00:00\",\"dateModified\":\"2025-11-19T11:26:21+00:00\",\"description\":\"Material: 47% wool, 20% viscose, 20% elastane, 13% cotton. This high-quality thermal pants is ideal for urban conditions and an active lifestyle. Thanks to the optimal composition of the materials, it provides comfort and warmth in the cold season, while maintaining maximum freedom of movement.\",\"breadcrumb\":{\"@id\":\"https:\\\/\\\/pidzaama.ee\\\/en\\\/product\\\/womens-thermal-pants-31071bz\\\/#breadcrumb\"},\"inLanguage\":\"en-US\",\"potentialAction\":[{\"@type\":\"ReadAction\",\"target\":[\"https:\\\/\\\/pidzaama.ee\\\/en\\\/product\\\/womens-thermal-pants-31071bz\\\/\"]}]},{\"@type\":\"ImageObject\",\"inLanguage\":\"en-US\",\"@id\":\"https:\\\/\\\/pidzaama.ee\\\/en\\\/product\\\/womens-thermal-pants-31071bz\\\/#primaryimage\",\"url\":\"https:\\\/\\\/pidzaama.ee\\\/wp-content\\\/uploads\\\/2024\\\/09\\\/Photoroom-31071Bz-2.png\",\"contentUrl\":\"https:\\\/\\\/pidzaama.ee\\\/wp-content\\\/uploads\\\/2024\\\/09\\\/Photoroom-31071Bz-2.png\",\"width\":975,\"height\":1300},{\"@type\":\"BreadcrumbList\",\"@id\":\"https:\\\/\\\/pidzaama.ee\\\/en\\\/product\\\/womens-thermal-pants-31071bz\\\/#breadcrumb\",\"itemListElement\":[{\"@type\":\"ListItem\",\"position\":1,\"name\":\"Home\",\"item\":\"https:\\\/\\\/pidzaama.ee\\\/en\\\/home\\\/\"},{\"@type\":\"ListItem\",\"position\":2,\"name\":\"ABOUT US\",\"item\":\"https:\\\/\\\/pidzaama.ee\\\/en\\\/about-us\\\/\"},{\"@type\":\"ListItem\",\"position\":3,\"name\":\"Women&#8217;s thermal pants 31071BZ\"}]},{\"@type\":\"WebSite\",\"@id\":\"https:\\\/\\\/pidzaama.ee\\\/en\\\/#website\",\"url\":\"https:\\\/\\\/pidzaama.ee\\\/en\\\/\",\"name\":\"Pidzaama\",\"description\":\"T\u00e4iendame pidevalt meie sortimendi ning suurusi!\",\"potentialAction\":[{\"@type\":\"SearchAction\",\"target\":{\"@type\":\"EntryPoint\",\"urlTemplate\":\"https:\\\/\\\/pidzaama.ee\\\/en\\\/?s={search_term_string}\"},\"query-input\":{\"@type\":\"PropertyValueSpecification\",\"valueRequired\":true,\"valueName\":\"search_term_string\"}}],\"inLanguage\":\"en-US\"}]}<\/script>\n<!-- \/ Yoast SEO plugin. -->","yoast_head_json":{"title":"Women's thermal pants 31071BZ","description":"Material: 47% wool, 20% viscose, 20% elastane, 13% cotton. This high-quality thermal pants is ideal for urban conditions and an active lifestyle. Thanks to the optimal composition of the materials, it provides comfort and warmth in the cold season, while maintaining maximum freedom of movement.","robots":{"index":"index","follow":"follow","max-snippet":"max-snippet:-1","max-image-preview":"max-image-preview:large","max-video-preview":"max-video-preview:-1"},"canonical":"https:\/\/pidzaama.ee\/en\/product\/womens-thermal-pants-31071bz\/","og_locale":"en_US","og_type":"article","og_title":"Women's thermal pants 31071BZ","og_description":"Material: 47% wool, 20% viscose, 20% elastane, 13% cotton. This high-quality thermal pants is ideal for urban conditions and an active lifestyle. Thanks to the optimal composition of the materials, it provides comfort and warmth in the cold season, while maintaining maximum freedom of movement.","og_url":"https:\/\/pidzaama.ee\/en\/product\/womens-thermal-pants-31071bz\/","og_site_name":"Pidzaama","article_modified_time":"2025-11-19T11:26:21+00:00","og_image":[{"width":975,"height":1300,"url":"https:\/\/pidzaama.ee\/wp-content\/uploads\/2024\/09\/Photoroom-31071Bz-2.png","type":"image\/png"}],"twitter_card":"summary_large_image","twitter_misc":{"Est. reading time":"2 minutes"},"schema":{"@context":"https:\/\/schema.org","@graph":[{"@type":"WebPage","@id":"https:\/\/pidzaama.ee\/en\/product\/womens-thermal-pants-31071bz\/","url":"https:\/\/pidzaama.ee\/en\/product\/womens-thermal-pants-31071bz\/","name":"Women's thermal pants 31071BZ","isPartOf":{"@id":"https:\/\/pidzaama.ee\/en\/#website"},"primaryImageOfPage":{"@id":"https:\/\/pidzaama.ee\/en\/product\/womens-thermal-pants-31071bz\/#primaryimage"},"image":{"@id":"https:\/\/pidzaama.ee\/en\/product\/womens-thermal-pants-31071bz\/#primaryimage"},"thumbnailUrl":"https:\/\/pidzaama.ee\/wp-content\/uploads\/2024\/09\/Photoroom-31071Bz-2.png","datePublished":"2024-09-25T09:12:19+00:00","dateModified":"2025-11-19T11:26:21+00:00","description":"Material: 47% wool, 20% viscose, 20% elastane, 13% cotton. This high-quality thermal pants is ideal for urban conditions and an active lifestyle. Thanks to the optimal composition of the materials, it provides comfort and warmth in the cold season, while maintaining maximum freedom of movement.","breadcrumb":{"@id":"https:\/\/pidzaama.ee\/en\/product\/womens-thermal-pants-31071bz\/#breadcrumb"},"inLanguage":"en-US","potentialAction":[{"@type":"ReadAction","target":["https:\/\/pidzaama.ee\/en\/product\/womens-thermal-pants-31071bz\/"]}]},{"@type":"ImageObject","inLanguage":"en-US","@id":"https:\/\/pidzaama.ee\/en\/product\/womens-thermal-pants-31071bz\/#primaryimage","url":"https:\/\/pidzaama.ee\/wp-content\/uploads\/2024\/09\/Photoroom-31071Bz-2.png","contentUrl":"https:\/\/pidzaama.ee\/wp-content\/uploads\/2024\/09\/Photoroom-31071Bz-2.png","width":975,"height":1300},{"@type":"BreadcrumbList","@id":"https:\/\/pidzaama.ee\/en\/product\/womens-thermal-pants-31071bz\/#breadcrumb","itemListElement":[{"@type":"ListItem","position":1,"name":"Home","item":"https:\/\/pidzaama.ee\/en\/home\/"},{"@type":"ListItem","position":2,"name":"ABOUT US","item":"https:\/\/pidzaama.ee\/en\/about-us\/"},{"@type":"ListItem","position":3,"name":"Women&#8217;s thermal pants 31071BZ"}]},{"@type":"WebSite","@id":"https:\/\/pidzaama.ee\/en\/#website","url":"https:\/\/pidzaama.ee\/en\/","name":"Pidzaama","description":"T\u00e4iendame pidevalt meie sortimendi ning suurusi!","potentialAction":[{"@type":"SearchAction","target":{"@type":"EntryPoint","urlTemplate":"https:\/\/pidzaama.ee\/en\/?s={search_term_string}"},"query-input":{"@type":"PropertyValueSpecification","valueRequired":true,"valueName":"search_term_string"}}],"inLanguage":"en-US"}]}},"_links":{"self":[{"href":"https:\/\/pidzaama.ee\/en\/wp-json\/wp\/v2\/product\/15770","targetHints":{"allow":["GET"]}}],"collection":[{"href":"https:\/\/pidzaama.ee\/en\/wp-json\/wp\/v2\/product"}],"about":[{"href":"https:\/\/pidzaama.ee\/en\/wp-json\/wp\/v2\/types\/product"}],"wp:featuredmedia":[{"embeddable":true,"href":"https:\/\/pidzaama.ee\/en\/wp-json\/wp\/v2\/media\/15787"}],"wp:attachment":[{"href":"https:\/\/pidzaama.ee\/en\/wp-json\/wp\/v2\/media?parent=15770"}],"wp:term":[{"taxonomy":"product_brand","embeddable":true,"href":"https:\/\/pidzaama.ee\/en\/wp-json\/wp\/v2\/product_brand?post=15770"},{"taxonomy":"product_cat","embeddable":true,"href":"https:\/\/pidzaama.ee\/en\/wp-json\/wp\/v2\/product_cat?post=15770"},{"taxonomy":"product_tag","embeddable":true,"href":"https:\/\/pidzaama.ee\/en\/wp-json\/wp\/v2\/product_tag?post=15770"}],"curies":[{"name":"wp","href":"https:\/\/api.w.org\/{rel}","templated":true}]}}