{"id":16043,"date":"2024-10-07T15:39:56","date_gmt":"2024-10-07T15:39:56","guid":{"rendered":"https:\/\/pidzaama.ee\/?post_type=product&#038;p=16043"},"modified":"2024-10-07T15:47:08","modified_gmt":"2024-10-07T15:47:08","slug":"light-cotton-nightgown-83093m","status":"publish","type":"product","link":"https:\/\/pidzaama.ee\/en\/product\/light-cotton-nightgown-83093m\/","title":{"rendered":"Light cotton nightgown 83093M"},"content":{"rendered":"<p style=\"box-sizing: inherit; margin-bottom: 1rem;\">Material:\u00a050% cotton, 50% viscose<\/p>\n<p>We recommend one size larger<\/p>\n<p style=\"box-sizing: inherit; margin-bottom: 1rem;\"><span style=\"color: #777777; font-family: Times New Roman;\"><span style=\"font-size: 18px;\"><b>S-4XL<\/b><\/span><\/span><\/p>\n<p>Color of product may differ from the color in the picture<\/p>\n<p>Please study carefully the size chart<\/p>\n<table width=\"604\">\n<tbody>\n<tr>\n<td width=\"151\"><\/td>\n<td width=\"151\">Rinna\u00fcmberm\u00f5\u00f5t<\/td>\n<td width=\"151\">Puusa\u00fcmberm\u00f5\u00f5t<\/td>\n<td width=\"151\">Pikkus<\/td>\n<\/tr>\n<tr>\n<td><\/td>\n<td width=\"151\">\u041e\u0431\u044a\u0435\u043c \u0433\u0440\u0443\u0434\u0438<\/td>\n<td>\u041e\u0431\u044a\u0435\u043c \u0431\u0435\u0434\u0435\u0440<\/td>\n<td>\u0414\u043b\u0438\u043d\u0430<\/td>\n<\/tr>\n<tr>\n<td><\/td>\n<td width=\"151\">Chest<\/td>\n<td>Hips<\/td>\n<td>Length<\/td>\n<\/tr>\n<tr>\n<td>S<\/td>\n<td width=\"151\">98<\/td>\n<td>84<\/td>\n<td>84<\/td>\n<\/tr>\n<tr>\n<td>M<\/td>\n<td width=\"151\">100<\/td>\n<td>86<\/td>\n<td>86<\/td>\n<\/tr>\n<tr>\n<td>L<\/td>\n<td>102<\/td>\n<td>90<\/td>\n<td>89<\/td>\n<\/tr>\n<tr>\n<td>XL<\/td>\n<td>110<\/td>\n<td>96<\/td>\n<td>90<\/td>\n<\/tr>\n<tr>\n<td>2XL<\/td>\n<td>112<\/td>\n<td>98<\/td>\n<td>91<\/td>\n<\/tr>\n<tr>\n<td>3XL<\/td>\n<td><\/td>\n<td><\/td>\n<td><\/td>\n<\/tr>\n<tr>\n<td>4XL<\/td>\n<td>120<\/td>\n<td>106<\/td>\n<td>95<\/td>\n<\/tr>\n<\/tbody>\n<\/table>\n","protected":false},"excerpt":{"rendered":"<p>Material:\u00a050% cotton, 50% viscose We recommend one size larger S-4XL Color of product may differ from the color in the picture Please study carefully the size chart Rinna\u00fcmberm\u00f5\u00f5t Puusa\u00fcmberm\u00f5\u00f5t Pikkus \u041e\u0431\u044a\u0435\u043c \u0433\u0440\u0443\u0434\u0438 \u041e\u0431\u044a\u0435\u043c \u0431\u0435\u0434\u0435\u0440 \u0414\u043b\u0438\u043d\u0430 Chest Hips Length S 98 84 84 M 100 86 86 L 102 90 89 XL 110 96 90 2XL [&hellip;]<\/p>\n","protected":false},"featured_media":16068,"template":"","meta":[],"product_brand":[],"product_cat":[153,179,166],"product_tag":[],"class_list":{"0":"post-16043","1":"product","2":"type-product","3":"status-publish","4":"has-post-thumbnail","6":"product_cat-naiste-pidzaamad-ja-oosargid-en","7":"product_cat-oosargid-en","8":"product_cat-luhikeste-varrukatega-en","10":"first","11":"instock","12":"sale","13":"taxable","14":"shipping-taxable","15":"purchasable","16":"product-type-variable"},"yoast_head":"<!-- This site is optimized with the Yoast SEO plugin v27.3 - https:\/\/yoast.com\/product\/yoast-seo-wordpress\/ -->\n<title>Light cotton nightgown 83093M<\/title>\n<meta name=\"robots\" content=\"index, follow, max-snippet:-1, max-image-preview:large, max-video-preview:-1\" \/>\n<link rel=\"canonical\" href=\"https:\/\/pidzaama.ee\/en\/product\/light-cotton-nightgown-83093m\/\" \/>\n<meta property=\"og:locale\" content=\"en_US\" \/>\n<meta property=\"og:type\" content=\"article\" \/>\n<meta property=\"og:title\" content=\"Light cotton nightgown 83093M\" \/>\n<meta property=\"og:description\" content=\"Material:\u00a050% cotton, 50% viscose We recommend one size larger S-4XL Color of product may differ from the color in the picture Please study carefully the size chart Rinna\u00fcmberm\u00f5\u00f5t Puusa\u00fcmberm\u00f5\u00f5t Pikkus \u041e\u0431\u044a\u0435\u043c \u0433\u0440\u0443\u0434\u0438 \u041e\u0431\u044a\u0435\u043c \u0431\u0435\u0434\u0435\u0440 \u0414\u043b\u0438\u043d\u0430 Chest Hips Length S 98 84 84 M 100 86 86 L 102 90 89 XL 110 96 90 2XL [&hellip;]\" \/>\n<meta property=\"og:url\" content=\"https:\/\/pidzaama.ee\/en\/product\/light-cotton-nightgown-83093m\/\" \/>\n<meta property=\"og:site_name\" content=\"Pidzaama\" \/>\n<meta property=\"article:modified_time\" content=\"2024-10-07T15:47:08+00:00\" \/>\n<meta property=\"og:image\" content=\"https:\/\/pidzaama.ee\/wp-content\/uploads\/2024\/10\/83093M-new2.jpg\" \/>\n\t<meta property=\"og:image:width\" content=\"1200\" \/>\n\t<meta property=\"og:image:height\" content=\"1600\" \/>\n\t<meta property=\"og:image:type\" content=\"image\/jpeg\" \/>\n<meta name=\"twitter:card\" content=\"summary_large_image\" \/>\n<meta name=\"twitter:label1\" content=\"Est. reading time\" \/>\n\t<meta name=\"twitter:data1\" content=\"1 minute\" \/>\n<script type=\"application\/ld+json\" class=\"yoast-schema-graph\">{\"@context\":\"https:\\\/\\\/schema.org\",\"@graph\":[{\"@type\":\"WebPage\",\"@id\":\"https:\\\/\\\/pidzaama.ee\\\/en\\\/product\\\/light-cotton-nightgown-83093m\\\/\",\"url\":\"https:\\\/\\\/pidzaama.ee\\\/en\\\/product\\\/light-cotton-nightgown-83093m\\\/\",\"name\":\"Light cotton nightgown 83093M\",\"isPartOf\":{\"@id\":\"https:\\\/\\\/pidzaama.ee\\\/en\\\/#website\"},\"primaryImageOfPage\":{\"@id\":\"https:\\\/\\\/pidzaama.ee\\\/en\\\/product\\\/light-cotton-nightgown-83093m\\\/#primaryimage\"},\"image\":{\"@id\":\"https:\\\/\\\/pidzaama.ee\\\/en\\\/product\\\/light-cotton-nightgown-83093m\\\/#primaryimage\"},\"thumbnailUrl\":\"https:\\\/\\\/pidzaama.ee\\\/wp-content\\\/uploads\\\/2024\\\/10\\\/83093M-new2.jpg\",\"datePublished\":\"2024-10-07T15:39:56+00:00\",\"dateModified\":\"2024-10-07T15:47:08+00:00\",\"breadcrumb\":{\"@id\":\"https:\\\/\\\/pidzaama.ee\\\/en\\\/product\\\/light-cotton-nightgown-83093m\\\/#breadcrumb\"},\"inLanguage\":\"en-US\",\"potentialAction\":[{\"@type\":\"ReadAction\",\"target\":[\"https:\\\/\\\/pidzaama.ee\\\/en\\\/product\\\/light-cotton-nightgown-83093m\\\/\"]}]},{\"@type\":\"ImageObject\",\"inLanguage\":\"en-US\",\"@id\":\"https:\\\/\\\/pidzaama.ee\\\/en\\\/product\\\/light-cotton-nightgown-83093m\\\/#primaryimage\",\"url\":\"https:\\\/\\\/pidzaama.ee\\\/wp-content\\\/uploads\\\/2024\\\/10\\\/83093M-new2.jpg\",\"contentUrl\":\"https:\\\/\\\/pidzaama.ee\\\/wp-content\\\/uploads\\\/2024\\\/10\\\/83093M-new2.jpg\",\"width\":1200,\"height\":1600},{\"@type\":\"BreadcrumbList\",\"@id\":\"https:\\\/\\\/pidzaama.ee\\\/en\\\/product\\\/light-cotton-nightgown-83093m\\\/#breadcrumb\",\"itemListElement\":[{\"@type\":\"ListItem\",\"position\":1,\"name\":\"Home\",\"item\":\"https:\\\/\\\/pidzaama.ee\\\/en\\\/home\\\/\"},{\"@type\":\"ListItem\",\"position\":2,\"name\":\"ABOUT US\",\"item\":\"https:\\\/\\\/pidzaama.ee\\\/en\\\/about-us\\\/\"},{\"@type\":\"ListItem\",\"position\":3,\"name\":\"Light cotton nightgown 83093M\"}]},{\"@type\":\"WebSite\",\"@id\":\"https:\\\/\\\/pidzaama.ee\\\/en\\\/#website\",\"url\":\"https:\\\/\\\/pidzaama.ee\\\/en\\\/\",\"name\":\"Pidzaama\",\"description\":\"T\u00e4iendame pidevalt meie sortimendi ning suurusi!\",\"potentialAction\":[{\"@type\":\"SearchAction\",\"target\":{\"@type\":\"EntryPoint\",\"urlTemplate\":\"https:\\\/\\\/pidzaama.ee\\\/en\\\/?s={search_term_string}\"},\"query-input\":{\"@type\":\"PropertyValueSpecification\",\"valueRequired\":true,\"valueName\":\"search_term_string\"}}],\"inLanguage\":\"en-US\"}]}<\/script>\n<!-- \/ Yoast SEO plugin. -->","yoast_head_json":{"title":"Light cotton nightgown 83093M","robots":{"index":"index","follow":"follow","max-snippet":"max-snippet:-1","max-image-preview":"max-image-preview:large","max-video-preview":"max-video-preview:-1"},"canonical":"https:\/\/pidzaama.ee\/en\/product\/light-cotton-nightgown-83093m\/","og_locale":"en_US","og_type":"article","og_title":"Light cotton nightgown 83093M","og_description":"Material:\u00a050% cotton, 50% viscose We recommend one size larger S-4XL Color of product may differ from the color in the picture Please study carefully the size chart Rinna\u00fcmberm\u00f5\u00f5t Puusa\u00fcmberm\u00f5\u00f5t Pikkus \u041e\u0431\u044a\u0435\u043c \u0433\u0440\u0443\u0434\u0438 \u041e\u0431\u044a\u0435\u043c \u0431\u0435\u0434\u0435\u0440 \u0414\u043b\u0438\u043d\u0430 Chest Hips Length S 98 84 84 M 100 86 86 L 102 90 89 XL 110 96 90 2XL [&hellip;]","og_url":"https:\/\/pidzaama.ee\/en\/product\/light-cotton-nightgown-83093m\/","og_site_name":"Pidzaama","article_modified_time":"2024-10-07T15:47:08+00:00","og_image":[{"width":1200,"height":1600,"url":"https:\/\/pidzaama.ee\/wp-content\/uploads\/2024\/10\/83093M-new2.jpg","type":"image\/jpeg"}],"twitter_card":"summary_large_image","twitter_misc":{"Est. reading time":"1 minute"},"schema":{"@context":"https:\/\/schema.org","@graph":[{"@type":"WebPage","@id":"https:\/\/pidzaama.ee\/en\/product\/light-cotton-nightgown-83093m\/","url":"https:\/\/pidzaama.ee\/en\/product\/light-cotton-nightgown-83093m\/","name":"Light cotton nightgown 83093M","isPartOf":{"@id":"https:\/\/pidzaama.ee\/en\/#website"},"primaryImageOfPage":{"@id":"https:\/\/pidzaama.ee\/en\/product\/light-cotton-nightgown-83093m\/#primaryimage"},"image":{"@id":"https:\/\/pidzaama.ee\/en\/product\/light-cotton-nightgown-83093m\/#primaryimage"},"thumbnailUrl":"https:\/\/pidzaama.ee\/wp-content\/uploads\/2024\/10\/83093M-new2.jpg","datePublished":"2024-10-07T15:39:56+00:00","dateModified":"2024-10-07T15:47:08+00:00","breadcrumb":{"@id":"https:\/\/pidzaama.ee\/en\/product\/light-cotton-nightgown-83093m\/#breadcrumb"},"inLanguage":"en-US","potentialAction":[{"@type":"ReadAction","target":["https:\/\/pidzaama.ee\/en\/product\/light-cotton-nightgown-83093m\/"]}]},{"@type":"ImageObject","inLanguage":"en-US","@id":"https:\/\/pidzaama.ee\/en\/product\/light-cotton-nightgown-83093m\/#primaryimage","url":"https:\/\/pidzaama.ee\/wp-content\/uploads\/2024\/10\/83093M-new2.jpg","contentUrl":"https:\/\/pidzaama.ee\/wp-content\/uploads\/2024\/10\/83093M-new2.jpg","width":1200,"height":1600},{"@type":"BreadcrumbList","@id":"https:\/\/pidzaama.ee\/en\/product\/light-cotton-nightgown-83093m\/#breadcrumb","itemListElement":[{"@type":"ListItem","position":1,"name":"Home","item":"https:\/\/pidzaama.ee\/en\/home\/"},{"@type":"ListItem","position":2,"name":"ABOUT US","item":"https:\/\/pidzaama.ee\/en\/about-us\/"},{"@type":"ListItem","position":3,"name":"Light cotton nightgown 83093M"}]},{"@type":"WebSite","@id":"https:\/\/pidzaama.ee\/en\/#website","url":"https:\/\/pidzaama.ee\/en\/","name":"Pidzaama","description":"T\u00e4iendame pidevalt meie sortimendi ning suurusi!","potentialAction":[{"@type":"SearchAction","target":{"@type":"EntryPoint","urlTemplate":"https:\/\/pidzaama.ee\/en\/?s={search_term_string}"},"query-input":{"@type":"PropertyValueSpecification","valueRequired":true,"valueName":"search_term_string"}}],"inLanguage":"en-US"}]}},"_links":{"self":[{"href":"https:\/\/pidzaama.ee\/en\/wp-json\/wp\/v2\/product\/16043","targetHints":{"allow":["GET"]}}],"collection":[{"href":"https:\/\/pidzaama.ee\/en\/wp-json\/wp\/v2\/product"}],"about":[{"href":"https:\/\/pidzaama.ee\/en\/wp-json\/wp\/v2\/types\/product"}],"wp:featuredmedia":[{"embeddable":true,"href":"https:\/\/pidzaama.ee\/en\/wp-json\/wp\/v2\/media\/16068"}],"wp:attachment":[{"href":"https:\/\/pidzaama.ee\/en\/wp-json\/wp\/v2\/media?parent=16043"}],"wp:term":[{"taxonomy":"product_brand","embeddable":true,"href":"https:\/\/pidzaama.ee\/en\/wp-json\/wp\/v2\/product_brand?post=16043"},{"taxonomy":"product_cat","embeddable":true,"href":"https:\/\/pidzaama.ee\/en\/wp-json\/wp\/v2\/product_cat?post=16043"},{"taxonomy":"product_tag","embeddable":true,"href":"https:\/\/pidzaama.ee\/en\/wp-json\/wp\/v2\/product_tag?post=16043"}],"curies":[{"name":"wp","href":"https:\/\/api.w.org\/{rel}","templated":true}]}}