{"id":16735,"date":"2024-11-28T14:12:28","date_gmt":"2024-11-28T14:12:28","guid":{"rendered":"https:\/\/pidzaama.ee\/?post_type=product&#038;p=16735"},"modified":"2025-09-01T00:00:11","modified_gmt":"2025-09-01T00:00:11","slug":"mens-wool-thermal-sweater-31005gt","status":"publish","type":"product","link":"https:\/\/pidzaama.ee\/en\/product\/mens-wool-thermal-sweater-31005gt\/","title":{"rendered":"Men&#8217;s wool thermal sweater 31005Gt"},"content":{"rendered":"<p><strong>Material: 47% wool, 20% viscose, 20% elastane, 13% cotton<\/strong><\/p>\n<p class=\"MsoNormal\" style=\"box-sizing: inherit; margin-bottom: 1rem;\"><span style=\"color: #777777; font-family: Times New Roman;\"><span style=\"font-size: 18px;\"><b>M-4XL, <\/b><strong>only the top<\/strong><\/span><\/span><\/p>\n<table border=\"0\" width=\"604\" cellspacing=\"0\" cellpadding=\"0\">\n<colgroup>\n<col span=\"2\" width=\"151\" \/>\n<col span=\"2\" width=\"151\" \/><\/colgroup>\n<tbody>\n<tr>\n<td class=\"xl68\" width=\"151\" height=\"21\">Suurus<\/td>\n<td class=\"xl66\" width=\"151\">Rinna\u00fcmberm\u00f5\u00f5t<\/td>\n<td class=\"xl68\" width=\"151\">Puusa\u00fcmberm\u00f5\u00f5t<\/td>\n<td class=\"xl68\" width=\"151\">Pikkus<\/td>\n<\/tr>\n<tr>\n<td class=\"xl68\" height=\"23\">\u0420\u0430\u0437\u043c\u0435\u0440<\/td>\n<td class=\"xl70\" width=\"151\">\u041e\u0431\u044a\u0435\u043c \u0433\u0440\u0443\u0434\u0438<\/td>\n<td class=\"xl68\">\u041e\u0431\u044a\u0435\u043c \u0431\u0435\u0434\u0435\u0440<\/td>\n<td class=\"xl68\">\u0414\u043b\u0438\u043d\u0430<\/td>\n<\/tr>\n<tr>\n<td class=\"xl68\" height=\"23\">Size<\/td>\n<td class=\"xl70\" width=\"151\">Chest<\/td>\n<td class=\"xl68\">Hips<\/td>\n<td class=\"xl68\">Length<\/td>\n<\/tr>\n<tr>\n<td class=\"xl66\" height=\"23\">M<\/td>\n<td class=\"xl71\" width=\"151\">98-112<\/td>\n<td class=\"xl67\">102-114<\/td>\n<td class=\"xl67\">65<\/td>\n<\/tr>\n<tr>\n<td class=\"xl66\" height=\"21\">L<\/td>\n<td class=\"xl65\">102-115<\/td>\n<td class=\"xl67\">106-116<\/td>\n<td class=\"xl67\">65<\/td>\n<\/tr>\n<tr>\n<td class=\"xl66\" height=\"21\">XL<\/td>\n<td class=\"xl65\">108-120<\/td>\n<td class=\"xl67\">110-122<\/td>\n<td class=\"xl67\">66<\/td>\n<\/tr>\n<tr>\n<td class=\"xl66\" height=\"21\">2XL<\/td>\n<td class=\"xl65\">112-124<\/td>\n<td class=\"xl67\">116-130<\/td>\n<td class=\"xl67\">66<\/td>\n<\/tr>\n<tr>\n<td class=\"xl66\" height=\"21\">3XL<\/td>\n<td class=\"xl65\">115-130<\/td>\n<td class=\"xl67\">120-132<\/td>\n<td class=\"xl67\">66<\/td>\n<\/tr>\n<tr>\n<td class=\"xl66\" height=\"21\">4XL<\/td>\n<td class=\"xl65\">124-140<\/td>\n<td class=\"xl67\">128-142<\/td>\n<td class=\"xl67\">68<\/td>\n<\/tr>\n<\/tbody>\n<\/table>\n<p>This high-quality thermal sweater is ideal for urban conditions and an active lifestyle. Thanks to the optimal composition of the materials, it provides comfort and warmth in the cold season, while maintaining maximum freedom of movement.<\/p>\n<p>&#8211; **Thermal insulation and comfort**: The main material is natural wool (47%), which perfectly retains heat and effectively removes moisture, maintaining an optimal microclimate for the body.<br \/>\n&#8211; **Elasticity and comfort**: The composition includes 20% elastane, which guarantees a good fit and high elasticity, which allows the underwear to adapt to your movements.<br \/>\n&#8211; **Softness and breathability**: 13% cotton and 20% viscose add softness to the product and provide additional ventilation, making it comfortable to wear throughout the day.<\/p>\n<p>This thermal sweater is perfect for everyday use in the city &#8211; it is stylish, comfortable and reliable. Feel the warmth and comfort with our thermal sweater, regardless of the weather conditions!<br \/>\nWash: 30\u00b0C<\/p>\n<p>Color: grafit<\/p>\n","protected":false},"excerpt":{"rendered":"<p>Material: 47% wool, 20% viscose, 20% elastane, 13% cotton M-4XL, only the top Suurus Rinna\u00fcmberm\u00f5\u00f5t Puusa\u00fcmberm\u00f5\u00f5t Pikkus \u0420\u0430\u0437\u043c\u0435\u0440 \u041e\u0431\u044a\u0435\u043c \u0433\u0440\u0443\u0434\u0438 \u041e\u0431\u044a\u0435\u043c \u0431\u0435\u0434\u0435\u0440 \u0414\u043b\u0438\u043d\u0430 Size Chest Hips Length M 98-112 102-114 65 L 102-115 106-116 65 XL 108-120 110-122 66 2XL 112-124 116-130 66 3XL 115-130 120-132 66 4XL 124-140 128-142 68 This high-quality thermal sweater [&hellip;]<\/p>\n","protected":false},"featured_media":16764,"template":"","meta":[],"product_brand":[],"product_cat":[173,207],"product_tag":[],"class_list":{"0":"post-16735","1":"product","2":"type-product","3":"status-publish","4":"has-post-thumbnail","6":"product_cat-koduriietus-en","7":"product_cat-mens-thermal-underwear","9":"first","10":"instock","11":"taxable","12":"shipping-taxable","13":"purchasable","14":"product-type-variable"},"yoast_head":"<!-- This site is optimized with the Yoast SEO plugin v27.3 - https:\/\/yoast.com\/product\/yoast-seo-wordpress\/ -->\n<title>Men&#039;s wool thermal sweater 31005Gt<\/title>\n<meta name=\"description\" content=\"Material: 47% wool, 20% viscose, 20% elastane, 13% cotton. This high-quality thermal underwear is ideal for urban conditions and an active lifestyle. Thanks to the optimal composition of the materials, it provides comfort and warmth in the cold season, while maintaining maximum freedom of movement.\" \/>\n<meta name=\"robots\" content=\"index, follow, max-snippet:-1, max-image-preview:large, max-video-preview:-1\" \/>\n<link rel=\"canonical\" href=\"https:\/\/pidzaama.ee\/en\/product\/mens-wool-thermal-sweater-31005gt\/\" \/>\n<meta property=\"og:locale\" content=\"en_US\" \/>\n<meta property=\"og:type\" content=\"article\" \/>\n<meta property=\"og:title\" content=\"Men&#039;s wool thermal sweater 31005Gt\" \/>\n<meta property=\"og:description\" content=\"Material: 47% wool, 20% viscose, 20% elastane, 13% cotton. This high-quality thermal underwear is ideal for urban conditions and an active lifestyle. Thanks to the optimal composition of the materials, it provides comfort and warmth in the cold season, while maintaining maximum freedom of movement.\" \/>\n<meta property=\"og:url\" content=\"https:\/\/pidzaama.ee\/en\/product\/mens-wool-thermal-sweater-31005gt\/\" \/>\n<meta property=\"og:site_name\" content=\"Pidzaama\" \/>\n<meta property=\"article:modified_time\" content=\"2025-09-01T00:00:11+00:00\" \/>\n<meta property=\"og:image\" content=\"https:\/\/pidzaama.ee\/wp-content\/uploads\/2024\/11\/31005Gt.jpg\" \/>\n\t<meta property=\"og:image:width\" content=\"1174\" \/>\n\t<meta property=\"og:image:height\" content=\"1564\" \/>\n\t<meta property=\"og:image:type\" content=\"image\/jpeg\" \/>\n<meta name=\"twitter:card\" content=\"summary_large_image\" \/>\n<meta name=\"twitter:label1\" content=\"Est. reading time\" \/>\n\t<meta name=\"twitter:data1\" content=\"2 minutes\" \/>\n<script type=\"application\/ld+json\" class=\"yoast-schema-graph\">{\"@context\":\"https:\\\/\\\/schema.org\",\"@graph\":[{\"@type\":\"WebPage\",\"@id\":\"https:\\\/\\\/pidzaama.ee\\\/en\\\/product\\\/mens-wool-thermal-sweater-31005gt\\\/\",\"url\":\"https:\\\/\\\/pidzaama.ee\\\/en\\\/product\\\/mens-wool-thermal-sweater-31005gt\\\/\",\"name\":\"Men's wool thermal sweater 31005Gt\",\"isPartOf\":{\"@id\":\"https:\\\/\\\/pidzaama.ee\\\/en\\\/#website\"},\"primaryImageOfPage\":{\"@id\":\"https:\\\/\\\/pidzaama.ee\\\/en\\\/product\\\/mens-wool-thermal-sweater-31005gt\\\/#primaryimage\"},\"image\":{\"@id\":\"https:\\\/\\\/pidzaama.ee\\\/en\\\/product\\\/mens-wool-thermal-sweater-31005gt\\\/#primaryimage\"},\"thumbnailUrl\":\"https:\\\/\\\/pidzaama.ee\\\/wp-content\\\/uploads\\\/2024\\\/11\\\/31005Gt.jpg\",\"datePublished\":\"2024-11-28T14:12:28+00:00\",\"dateModified\":\"2025-09-01T00:00:11+00:00\",\"description\":\"Material: 47% wool, 20% viscose, 20% elastane, 13% cotton. This high-quality thermal underwear is ideal for urban conditions and an active lifestyle. Thanks to the optimal composition of the materials, it provides comfort and warmth in the cold season, while maintaining maximum freedom of movement.\",\"breadcrumb\":{\"@id\":\"https:\\\/\\\/pidzaama.ee\\\/en\\\/product\\\/mens-wool-thermal-sweater-31005gt\\\/#breadcrumb\"},\"inLanguage\":\"en-US\",\"potentialAction\":[{\"@type\":\"ReadAction\",\"target\":[\"https:\\\/\\\/pidzaama.ee\\\/en\\\/product\\\/mens-wool-thermal-sweater-31005gt\\\/\"]}]},{\"@type\":\"ImageObject\",\"inLanguage\":\"en-US\",\"@id\":\"https:\\\/\\\/pidzaama.ee\\\/en\\\/product\\\/mens-wool-thermal-sweater-31005gt\\\/#primaryimage\",\"url\":\"https:\\\/\\\/pidzaama.ee\\\/wp-content\\\/uploads\\\/2024\\\/11\\\/31005Gt.jpg\",\"contentUrl\":\"https:\\\/\\\/pidzaama.ee\\\/wp-content\\\/uploads\\\/2024\\\/11\\\/31005Gt.jpg\",\"width\":1174,\"height\":1564},{\"@type\":\"BreadcrumbList\",\"@id\":\"https:\\\/\\\/pidzaama.ee\\\/en\\\/product\\\/mens-wool-thermal-sweater-31005gt\\\/#breadcrumb\",\"itemListElement\":[{\"@type\":\"ListItem\",\"position\":1,\"name\":\"Home\",\"item\":\"https:\\\/\\\/pidzaama.ee\\\/en\\\/home\\\/\"},{\"@type\":\"ListItem\",\"position\":2,\"name\":\"ABOUT US\",\"item\":\"https:\\\/\\\/pidzaama.ee\\\/en\\\/about-us\\\/\"},{\"@type\":\"ListItem\",\"position\":3,\"name\":\"Men&#8217;s wool thermal sweater 31005Gt\"}]},{\"@type\":\"WebSite\",\"@id\":\"https:\\\/\\\/pidzaama.ee\\\/en\\\/#website\",\"url\":\"https:\\\/\\\/pidzaama.ee\\\/en\\\/\",\"name\":\"Pidzaama\",\"description\":\"T\u00e4iendame pidevalt meie sortimendi ning suurusi!\",\"potentialAction\":[{\"@type\":\"SearchAction\",\"target\":{\"@type\":\"EntryPoint\",\"urlTemplate\":\"https:\\\/\\\/pidzaama.ee\\\/en\\\/?s={search_term_string}\"},\"query-input\":{\"@type\":\"PropertyValueSpecification\",\"valueRequired\":true,\"valueName\":\"search_term_string\"}}],\"inLanguage\":\"en-US\"}]}<\/script>\n<!-- \/ Yoast SEO plugin. -->","yoast_head_json":{"title":"Men's wool thermal sweater 31005Gt","description":"Material: 47% wool, 20% viscose, 20% elastane, 13% cotton. This high-quality thermal underwear is ideal for urban conditions and an active lifestyle. Thanks to the optimal composition of the materials, it provides comfort and warmth in the cold season, while maintaining maximum freedom of movement.","robots":{"index":"index","follow":"follow","max-snippet":"max-snippet:-1","max-image-preview":"max-image-preview:large","max-video-preview":"max-video-preview:-1"},"canonical":"https:\/\/pidzaama.ee\/en\/product\/mens-wool-thermal-sweater-31005gt\/","og_locale":"en_US","og_type":"article","og_title":"Men's wool thermal sweater 31005Gt","og_description":"Material: 47% wool, 20% viscose, 20% elastane, 13% cotton. This high-quality thermal underwear is ideal for urban conditions and an active lifestyle. Thanks to the optimal composition of the materials, it provides comfort and warmth in the cold season, while maintaining maximum freedom of movement.","og_url":"https:\/\/pidzaama.ee\/en\/product\/mens-wool-thermal-sweater-31005gt\/","og_site_name":"Pidzaama","article_modified_time":"2025-09-01T00:00:11+00:00","og_image":[{"width":1174,"height":1564,"url":"https:\/\/pidzaama.ee\/wp-content\/uploads\/2024\/11\/31005Gt.jpg","type":"image\/jpeg"}],"twitter_card":"summary_large_image","twitter_misc":{"Est. reading time":"2 minutes"},"schema":{"@context":"https:\/\/schema.org","@graph":[{"@type":"WebPage","@id":"https:\/\/pidzaama.ee\/en\/product\/mens-wool-thermal-sweater-31005gt\/","url":"https:\/\/pidzaama.ee\/en\/product\/mens-wool-thermal-sweater-31005gt\/","name":"Men's wool thermal sweater 31005Gt","isPartOf":{"@id":"https:\/\/pidzaama.ee\/en\/#website"},"primaryImageOfPage":{"@id":"https:\/\/pidzaama.ee\/en\/product\/mens-wool-thermal-sweater-31005gt\/#primaryimage"},"image":{"@id":"https:\/\/pidzaama.ee\/en\/product\/mens-wool-thermal-sweater-31005gt\/#primaryimage"},"thumbnailUrl":"https:\/\/pidzaama.ee\/wp-content\/uploads\/2024\/11\/31005Gt.jpg","datePublished":"2024-11-28T14:12:28+00:00","dateModified":"2025-09-01T00:00:11+00:00","description":"Material: 47% wool, 20% viscose, 20% elastane, 13% cotton. This high-quality thermal underwear is ideal for urban conditions and an active lifestyle. Thanks to the optimal composition of the materials, it provides comfort and warmth in the cold season, while maintaining maximum freedom of movement.","breadcrumb":{"@id":"https:\/\/pidzaama.ee\/en\/product\/mens-wool-thermal-sweater-31005gt\/#breadcrumb"},"inLanguage":"en-US","potentialAction":[{"@type":"ReadAction","target":["https:\/\/pidzaama.ee\/en\/product\/mens-wool-thermal-sweater-31005gt\/"]}]},{"@type":"ImageObject","inLanguage":"en-US","@id":"https:\/\/pidzaama.ee\/en\/product\/mens-wool-thermal-sweater-31005gt\/#primaryimage","url":"https:\/\/pidzaama.ee\/wp-content\/uploads\/2024\/11\/31005Gt.jpg","contentUrl":"https:\/\/pidzaama.ee\/wp-content\/uploads\/2024\/11\/31005Gt.jpg","width":1174,"height":1564},{"@type":"BreadcrumbList","@id":"https:\/\/pidzaama.ee\/en\/product\/mens-wool-thermal-sweater-31005gt\/#breadcrumb","itemListElement":[{"@type":"ListItem","position":1,"name":"Home","item":"https:\/\/pidzaama.ee\/en\/home\/"},{"@type":"ListItem","position":2,"name":"ABOUT US","item":"https:\/\/pidzaama.ee\/en\/about-us\/"},{"@type":"ListItem","position":3,"name":"Men&#8217;s wool thermal sweater 31005Gt"}]},{"@type":"WebSite","@id":"https:\/\/pidzaama.ee\/en\/#website","url":"https:\/\/pidzaama.ee\/en\/","name":"Pidzaama","description":"T\u00e4iendame pidevalt meie sortimendi ning suurusi!","potentialAction":[{"@type":"SearchAction","target":{"@type":"EntryPoint","urlTemplate":"https:\/\/pidzaama.ee\/en\/?s={search_term_string}"},"query-input":{"@type":"PropertyValueSpecification","valueRequired":true,"valueName":"search_term_string"}}],"inLanguage":"en-US"}]}},"_links":{"self":[{"href":"https:\/\/pidzaama.ee\/en\/wp-json\/wp\/v2\/product\/16735","targetHints":{"allow":["GET"]}}],"collection":[{"href":"https:\/\/pidzaama.ee\/en\/wp-json\/wp\/v2\/product"}],"about":[{"href":"https:\/\/pidzaama.ee\/en\/wp-json\/wp\/v2\/types\/product"}],"wp:featuredmedia":[{"embeddable":true,"href":"https:\/\/pidzaama.ee\/en\/wp-json\/wp\/v2\/media\/16764"}],"wp:attachment":[{"href":"https:\/\/pidzaama.ee\/en\/wp-json\/wp\/v2\/media?parent=16735"}],"wp:term":[{"taxonomy":"product_brand","embeddable":true,"href":"https:\/\/pidzaama.ee\/en\/wp-json\/wp\/v2\/product_brand?post=16735"},{"taxonomy":"product_cat","embeddable":true,"href":"https:\/\/pidzaama.ee\/en\/wp-json\/wp\/v2\/product_cat?post=16735"},{"taxonomy":"product_tag","embeddable":true,"href":"https:\/\/pidzaama.ee\/en\/wp-json\/wp\/v2\/product_tag?post=16735"}],"curies":[{"name":"wp","href":"https:\/\/api.w.org\/{rel}","templated":true}]}}