{"id":16779,"date":"2024-11-28T14:50:43","date_gmt":"2024-11-28T14:50:43","guid":{"rendered":"https:\/\/pidzaama.ee\/?post_type=product&#038;p=16779"},"modified":"2025-09-01T00:00:11","modified_gmt":"2025-09-01T00:00:11","slug":"mens-wool-thermal-pants-31075gt","status":"publish","type":"product","link":"https:\/\/pidzaama.ee\/en\/product\/mens-wool-thermal-pants-31075gt\/","title":{"rendered":"Men&#8217;s wool thermal pants 31075Gt"},"content":{"rendered":"<p><strong>Material: 47% wool, 20% viscose, 20% elastane, 13% cotton<\/strong><\/p>\n<p class=\"MsoNormal\" style=\"box-sizing: inherit; margin-bottom: 1rem;\"><span style=\"color: #777777; font-family: Times New Roman;\"><span style=\"font-size: 18px;\"><b>M-4XL, only pants! <\/b><\/span><\/span><\/p>\n<p class=\"MsoNormal\" style=\"box-sizing: inherit; margin-bottom: 1rem;\"><span style=\"color: #777777; font-family: Times New Roman;\"><span style=\"font-size: 18px;\"><b>Pants with cuffs at the bottom<\/b><\/span><\/span><\/p>\n<table border=\"0\" width=\"561\" cellspacing=\"0\" cellpadding=\"0\">\n<colgroup>\n<col span=\"3\" width=\"187\" \/><\/colgroup>\n<tbody>\n<tr>\n<td class=\"xl68\" width=\"187\" height=\"21\">Suurus<\/td>\n<td class=\"xl68\" width=\"187\">Puusa\u00fcmberm\u00f5\u00f5t<\/td>\n<td class=\"xl68\" width=\"187\">Pikkus<\/td>\n<\/tr>\n<tr>\n<td class=\"xl68\" height=\"21\">\u0420\u0430\u0437\u043c\u0435\u0440<\/td>\n<td class=\"xl68\">\u041e\u0431\u044a\u0435\u043c \u0431\u0435\u0434\u0435\u0440<\/td>\n<td class=\"xl68\">\u0414\u043b\u0438\u043d\u0430<\/td>\n<\/tr>\n<tr>\n<td class=\"xl68\" height=\"21\">Size<\/td>\n<td class=\"xl68\">Hips<\/td>\n<td class=\"xl68\">Lengh<\/td>\n<\/tr>\n<tr>\n<td class=\"xl66\" height=\"23\">M<\/td>\n<td class=\"xl70\" width=\"187\">92-104<\/td>\n<td class=\"xl67\">100<\/td>\n<\/tr>\n<tr>\n<td class=\"xl66\" height=\"21\">L<\/td>\n<td class=\"xl65\">94-108<\/td>\n<td class=\"xl67\">103<\/td>\n<\/tr>\n<tr>\n<td class=\"xl66\" height=\"21\">XL<\/td>\n<td class=\"xl65\">96-110<\/td>\n<td class=\"xl67\">104<\/td>\n<\/tr>\n<tr>\n<td class=\"xl66\" height=\"21\">2XL<\/td>\n<td class=\"xl65\">106-116<\/td>\n<td class=\"xl67\">105<\/td>\n<\/tr>\n<tr>\n<td class=\"xl66\" height=\"21\">3XL<\/td>\n<td class=\"xl65\">108-124<\/td>\n<td class=\"xl67\">108<\/td>\n<\/tr>\n<tr>\n<td class=\"xl66\" height=\"21\">4XL<\/td>\n<td class=\"xl65\">110-130<\/td>\n<td class=\"xl67\">108<\/td>\n<\/tr>\n<\/tbody>\n<\/table>\n<p>This high-quality thermal underwear is ideal for urban conditions and an active lifestyle. Thanks to the optimal composition of the materials, it provides comfort and warmth in the cold season, while maintaining maximum freedom of movement.<\/p>\n<p>&#8211; **Thermal insulation and comfort**: The main material is natural wool (47%), which perfectly retains heat and effectively removes moisture, maintaining an optimal microclimate for the body.<br \/>\n&#8211; **Elasticity and comfort**: The composition includes 20% elastane, which guarantees a good fit and high elasticity, which allows the underwear to adapt to your movements.<br \/>\n&#8211; **Softness and breathability**: 13% cotton and 20% viscose add softness to the product and provide additional ventilation, making it comfortable to wear throughout the day.<\/p>\n<p>This thermal underwear is perfect for everyday use in the city &#8211; it is stylish, comfortable and reliable. Feel the warmth and comfort with our thermal underwear, regardless of the weather conditions!<br \/>\nWash: 30\u00b0C<\/p>\n<p>Color: grafit<\/p>\n","protected":false},"excerpt":{"rendered":"<p>Material: 47% wool, 20% viscose, 20% elastane, 13% cotton M-4XL, only pants! Pants with cuffs at the bottom Suurus Puusa\u00fcmberm\u00f5\u00f5t Pikkus \u0420\u0430\u0437\u043c\u0435\u0440 \u041e\u0431\u044a\u0435\u043c \u0431\u0435\u0434\u0435\u0440 \u0414\u043b\u0438\u043d\u0430 Size Hips Lengh M 92-104 100 L 94-108 103 XL 96-110 104 2XL 106-116 105 3XL 108-124 108 4XL 110-130 108 This high-quality thermal underwear is ideal for urban conditions [&hellip;]<\/p>\n","protected":false},"featured_media":16811,"template":"","meta":[],"product_brand":[],"product_cat":[173,207],"product_tag":[],"class_list":{"0":"post-16779","1":"product","2":"type-product","3":"status-publish","4":"has-post-thumbnail","6":"product_cat-koduriietus-en","7":"product_cat-mens-thermal-underwear","9":"first","10":"instock","11":"taxable","12":"shipping-taxable","13":"purchasable","14":"product-type-variable"},"yoast_head":"<!-- This site is optimized with the Yoast SEO plugin v27.3 - https:\/\/yoast.com\/product\/yoast-seo-wordpress\/ -->\n<title>Men&#039;s wool thermal pants 31075Gt<\/title>\n<meta name=\"description\" content=\"Material: 47% wool, 20% viscose, 20% elastane, 13% cotton. This high-quality thermal underwear is ideal for urban conditions and an active lifestyle. Thanks to the optimal composition of the materials, it provides comfort and warmth in the cold season, while maintaining maximum freedom of movement.\" \/>\n<meta name=\"robots\" content=\"index, follow, max-snippet:-1, max-image-preview:large, max-video-preview:-1\" \/>\n<link rel=\"canonical\" href=\"https:\/\/pidzaama.ee\/en\/product\/mens-wool-thermal-pants-31075gt\/\" \/>\n<meta property=\"og:locale\" content=\"en_US\" \/>\n<meta property=\"og:type\" content=\"article\" \/>\n<meta property=\"og:title\" content=\"Men&#039;s wool thermal pants 31075Gt\" \/>\n<meta property=\"og:description\" content=\"Material: 47% wool, 20% viscose, 20% elastane, 13% cotton. This high-quality thermal underwear is ideal for urban conditions and an active lifestyle. Thanks to the optimal composition of the materials, it provides comfort and warmth in the cold season, while maintaining maximum freedom of movement.\" \/>\n<meta property=\"og:url\" content=\"https:\/\/pidzaama.ee\/en\/product\/mens-wool-thermal-pants-31075gt\/\" \/>\n<meta property=\"og:site_name\" content=\"Pidzaama\" \/>\n<meta property=\"article:modified_time\" content=\"2025-09-01T00:00:11+00:00\" \/>\n<meta property=\"og:image\" content=\"https:\/\/pidzaama.ee\/wp-content\/uploads\/2024\/11\/31075Gt-2.jpg\" \/>\n\t<meta property=\"og:image:width\" content=\"1200\" \/>\n\t<meta property=\"og:image:height\" content=\"1600\" \/>\n\t<meta property=\"og:image:type\" content=\"image\/jpeg\" \/>\n<meta name=\"twitter:card\" content=\"summary_large_image\" \/>\n<meta name=\"twitter:label1\" content=\"Est. reading time\" \/>\n\t<meta name=\"twitter:data1\" content=\"2 minutes\" \/>\n<script type=\"application\/ld+json\" class=\"yoast-schema-graph\">{\"@context\":\"https:\\\/\\\/schema.org\",\"@graph\":[{\"@type\":\"WebPage\",\"@id\":\"https:\\\/\\\/pidzaama.ee\\\/en\\\/product\\\/mens-wool-thermal-pants-31075gt\\\/\",\"url\":\"https:\\\/\\\/pidzaama.ee\\\/en\\\/product\\\/mens-wool-thermal-pants-31075gt\\\/\",\"name\":\"Men's wool thermal pants 31075Gt\",\"isPartOf\":{\"@id\":\"https:\\\/\\\/pidzaama.ee\\\/en\\\/#website\"},\"primaryImageOfPage\":{\"@id\":\"https:\\\/\\\/pidzaama.ee\\\/en\\\/product\\\/mens-wool-thermal-pants-31075gt\\\/#primaryimage\"},\"image\":{\"@id\":\"https:\\\/\\\/pidzaama.ee\\\/en\\\/product\\\/mens-wool-thermal-pants-31075gt\\\/#primaryimage\"},\"thumbnailUrl\":\"https:\\\/\\\/pidzaama.ee\\\/wp-content\\\/uploads\\\/2024\\\/11\\\/31075Gt-2.jpg\",\"datePublished\":\"2024-11-28T14:50:43+00:00\",\"dateModified\":\"2025-09-01T00:00:11+00:00\",\"description\":\"Material: 47% wool, 20% viscose, 20% elastane, 13% cotton. This high-quality thermal underwear is ideal for urban conditions and an active lifestyle. Thanks to the optimal composition of the materials, it provides comfort and warmth in the cold season, while maintaining maximum freedom of movement.\",\"breadcrumb\":{\"@id\":\"https:\\\/\\\/pidzaama.ee\\\/en\\\/product\\\/mens-wool-thermal-pants-31075gt\\\/#breadcrumb\"},\"inLanguage\":\"en-US\",\"potentialAction\":[{\"@type\":\"ReadAction\",\"target\":[\"https:\\\/\\\/pidzaama.ee\\\/en\\\/product\\\/mens-wool-thermal-pants-31075gt\\\/\"]}]},{\"@type\":\"ImageObject\",\"inLanguage\":\"en-US\",\"@id\":\"https:\\\/\\\/pidzaama.ee\\\/en\\\/product\\\/mens-wool-thermal-pants-31075gt\\\/#primaryimage\",\"url\":\"https:\\\/\\\/pidzaama.ee\\\/wp-content\\\/uploads\\\/2024\\\/11\\\/31075Gt-2.jpg\",\"contentUrl\":\"https:\\\/\\\/pidzaama.ee\\\/wp-content\\\/uploads\\\/2024\\\/11\\\/31075Gt-2.jpg\",\"width\":1200,\"height\":1600},{\"@type\":\"BreadcrumbList\",\"@id\":\"https:\\\/\\\/pidzaama.ee\\\/en\\\/product\\\/mens-wool-thermal-pants-31075gt\\\/#breadcrumb\",\"itemListElement\":[{\"@type\":\"ListItem\",\"position\":1,\"name\":\"Home\",\"item\":\"https:\\\/\\\/pidzaama.ee\\\/en\\\/home\\\/\"},{\"@type\":\"ListItem\",\"position\":2,\"name\":\"ABOUT US\",\"item\":\"https:\\\/\\\/pidzaama.ee\\\/en\\\/about-us\\\/\"},{\"@type\":\"ListItem\",\"position\":3,\"name\":\"Men&#8217;s wool thermal pants 31075Gt\"}]},{\"@type\":\"WebSite\",\"@id\":\"https:\\\/\\\/pidzaama.ee\\\/en\\\/#website\",\"url\":\"https:\\\/\\\/pidzaama.ee\\\/en\\\/\",\"name\":\"Pidzaama\",\"description\":\"T\u00e4iendame pidevalt meie sortimendi ning suurusi!\",\"potentialAction\":[{\"@type\":\"SearchAction\",\"target\":{\"@type\":\"EntryPoint\",\"urlTemplate\":\"https:\\\/\\\/pidzaama.ee\\\/en\\\/?s={search_term_string}\"},\"query-input\":{\"@type\":\"PropertyValueSpecification\",\"valueRequired\":true,\"valueName\":\"search_term_string\"}}],\"inLanguage\":\"en-US\"}]}<\/script>\n<!-- \/ Yoast SEO plugin. -->","yoast_head_json":{"title":"Men's wool thermal pants 31075Gt","description":"Material: 47% wool, 20% viscose, 20% elastane, 13% cotton. This high-quality thermal underwear is ideal for urban conditions and an active lifestyle. Thanks to the optimal composition of the materials, it provides comfort and warmth in the cold season, while maintaining maximum freedom of movement.","robots":{"index":"index","follow":"follow","max-snippet":"max-snippet:-1","max-image-preview":"max-image-preview:large","max-video-preview":"max-video-preview:-1"},"canonical":"https:\/\/pidzaama.ee\/en\/product\/mens-wool-thermal-pants-31075gt\/","og_locale":"en_US","og_type":"article","og_title":"Men's wool thermal pants 31075Gt","og_description":"Material: 47% wool, 20% viscose, 20% elastane, 13% cotton. This high-quality thermal underwear is ideal for urban conditions and an active lifestyle. Thanks to the optimal composition of the materials, it provides comfort and warmth in the cold season, while maintaining maximum freedom of movement.","og_url":"https:\/\/pidzaama.ee\/en\/product\/mens-wool-thermal-pants-31075gt\/","og_site_name":"Pidzaama","article_modified_time":"2025-09-01T00:00:11+00:00","og_image":[{"width":1200,"height":1600,"url":"https:\/\/pidzaama.ee\/wp-content\/uploads\/2024\/11\/31075Gt-2.jpg","type":"image\/jpeg"}],"twitter_card":"summary_large_image","twitter_misc":{"Est. reading time":"2 minutes"},"schema":{"@context":"https:\/\/schema.org","@graph":[{"@type":"WebPage","@id":"https:\/\/pidzaama.ee\/en\/product\/mens-wool-thermal-pants-31075gt\/","url":"https:\/\/pidzaama.ee\/en\/product\/mens-wool-thermal-pants-31075gt\/","name":"Men's wool thermal pants 31075Gt","isPartOf":{"@id":"https:\/\/pidzaama.ee\/en\/#website"},"primaryImageOfPage":{"@id":"https:\/\/pidzaama.ee\/en\/product\/mens-wool-thermal-pants-31075gt\/#primaryimage"},"image":{"@id":"https:\/\/pidzaama.ee\/en\/product\/mens-wool-thermal-pants-31075gt\/#primaryimage"},"thumbnailUrl":"https:\/\/pidzaama.ee\/wp-content\/uploads\/2024\/11\/31075Gt-2.jpg","datePublished":"2024-11-28T14:50:43+00:00","dateModified":"2025-09-01T00:00:11+00:00","description":"Material: 47% wool, 20% viscose, 20% elastane, 13% cotton. This high-quality thermal underwear is ideal for urban conditions and an active lifestyle. Thanks to the optimal composition of the materials, it provides comfort and warmth in the cold season, while maintaining maximum freedom of movement.","breadcrumb":{"@id":"https:\/\/pidzaama.ee\/en\/product\/mens-wool-thermal-pants-31075gt\/#breadcrumb"},"inLanguage":"en-US","potentialAction":[{"@type":"ReadAction","target":["https:\/\/pidzaama.ee\/en\/product\/mens-wool-thermal-pants-31075gt\/"]}]},{"@type":"ImageObject","inLanguage":"en-US","@id":"https:\/\/pidzaama.ee\/en\/product\/mens-wool-thermal-pants-31075gt\/#primaryimage","url":"https:\/\/pidzaama.ee\/wp-content\/uploads\/2024\/11\/31075Gt-2.jpg","contentUrl":"https:\/\/pidzaama.ee\/wp-content\/uploads\/2024\/11\/31075Gt-2.jpg","width":1200,"height":1600},{"@type":"BreadcrumbList","@id":"https:\/\/pidzaama.ee\/en\/product\/mens-wool-thermal-pants-31075gt\/#breadcrumb","itemListElement":[{"@type":"ListItem","position":1,"name":"Home","item":"https:\/\/pidzaama.ee\/en\/home\/"},{"@type":"ListItem","position":2,"name":"ABOUT US","item":"https:\/\/pidzaama.ee\/en\/about-us\/"},{"@type":"ListItem","position":3,"name":"Men&#8217;s wool thermal pants 31075Gt"}]},{"@type":"WebSite","@id":"https:\/\/pidzaama.ee\/en\/#website","url":"https:\/\/pidzaama.ee\/en\/","name":"Pidzaama","description":"T\u00e4iendame pidevalt meie sortimendi ning suurusi!","potentialAction":[{"@type":"SearchAction","target":{"@type":"EntryPoint","urlTemplate":"https:\/\/pidzaama.ee\/en\/?s={search_term_string}"},"query-input":{"@type":"PropertyValueSpecification","valueRequired":true,"valueName":"search_term_string"}}],"inLanguage":"en-US"}]}},"_links":{"self":[{"href":"https:\/\/pidzaama.ee\/en\/wp-json\/wp\/v2\/product\/16779","targetHints":{"allow":["GET"]}}],"collection":[{"href":"https:\/\/pidzaama.ee\/en\/wp-json\/wp\/v2\/product"}],"about":[{"href":"https:\/\/pidzaama.ee\/en\/wp-json\/wp\/v2\/types\/product"}],"wp:featuredmedia":[{"embeddable":true,"href":"https:\/\/pidzaama.ee\/en\/wp-json\/wp\/v2\/media\/16811"}],"wp:attachment":[{"href":"https:\/\/pidzaama.ee\/en\/wp-json\/wp\/v2\/media?parent=16779"}],"wp:term":[{"taxonomy":"product_brand","embeddable":true,"href":"https:\/\/pidzaama.ee\/en\/wp-json\/wp\/v2\/product_brand?post=16779"},{"taxonomy":"product_cat","embeddable":true,"href":"https:\/\/pidzaama.ee\/en\/wp-json\/wp\/v2\/product_cat?post=16779"},{"taxonomy":"product_tag","embeddable":true,"href":"https:\/\/pidzaama.ee\/en\/wp-json\/wp\/v2\/product_tag?post=16779"}],"curies":[{"name":"wp","href":"https:\/\/api.w.org\/{rel}","templated":true}]}}