{"id":17693,"date":"2025-03-19T10:02:39","date_gmt":"2025-03-19T10:02:40","guid":{"rendered":"https:\/\/pidzaama.ee\/?post_type=product&#038;p=17693"},"modified":"2025-03-19T10:14:24","modified_gmt":"2025-03-19T10:14:24","slug":"mens-pajama-pants-082d","status":"publish","type":"product","link":"https:\/\/pidzaama.ee\/en\/product\/mens-pajama-pants-082d\/","title":{"rendered":"Men&#8217;s pajama pants 082D"},"content":{"rendered":"<p class=\"MsoNormal\" style=\"margin-bottom: 1rem\"><span style=\"color: #777777;font-family: Times New Roman\"><span style=\"font-size: 18px\">Material<\/span><\/span><span style=\"color: #777777;font-size: 15px;font-family: Times New Roman\"><span style=\"font-size: 18px\">:<\/span><\/span><span style=\"color: #777777;font-size: 15px;font-family: Times New Roman\"><span style=\"font-size: 18px\">\u00a0<\/span><\/span><span style=\"color: #777777;font-family: Times New Roman\"><span style=\"font-size: 18px\">100% cotton<\/span><\/span><\/p>\n<p>Only pants!<\/p>\n<p class=\"MsoNormal\" style=\"margin-bottom: 1rem\"><b style=\"color: #777777;font-family: 'Times New Roman';font-size: 18px\">M-6XL<\/b><\/p>\n<p>Color of product may differ from the color in the picture<\/p>\n<p>Please study carefully the size chart<\/p>\n<table border=\"0\" width=\"401\" cellspacing=\"0\" cellpadding=\"0\">\n<colgroup>\n<col width=\"125\" \/>\n<col width=\"137\" \/>\n<col width=\"139\" \/><\/colgroup>\n<tbody>\n<tr>\n<td class=\"xl67\" width=\"125\" height=\"21\">Suurus<\/td>\n<td class=\"xl67\" width=\"137\">Puusa\u00fcmberm\u00f5\u00f5t<\/td>\n<td class=\"xl67\" width=\"139\">Pikkus<\/td>\n<\/tr>\n<tr>\n<td class=\"xl67\" height=\"21\">\u0420\u0430\u0437\u043c\u0435\u0440<\/td>\n<td class=\"xl67\">\u041e\u0431\u044a\u0435\u043c \u0431\u0435\u0434\u0435\u0440<\/td>\n<td class=\"xl67\">\u0414\u043b\u0438\u043d\u0430<\/td>\n<\/tr>\n<tr>\n<td class=\"xl67\" height=\"21\">Size<\/td>\n<td class=\"xl67\">Hips<\/td>\n<td class=\"xl67\">Length<\/td>\n<\/tr>\n<tr>\n<td class=\"xl65\" height=\"21\">M<\/td>\n<td class=\"xl66\">100<\/td>\n<td class=\"xl66\">106<\/td>\n<\/tr>\n<tr>\n<td class=\"xl65\" height=\"21\">L<\/td>\n<td class=\"xl66\">108<\/td>\n<td class=\"xl66\">106<\/td>\n<\/tr>\n<tr>\n<td class=\"xl65\" height=\"21\">XL<\/td>\n<td class=\"xl66\">110<\/td>\n<td class=\"xl66\">110<\/td>\n<\/tr>\n<tr>\n<td class=\"xl65\" height=\"21\">2XL<\/td>\n<td class=\"xl66\">112<\/td>\n<td class=\"xl66\">116<\/td>\n<\/tr>\n<tr>\n<td class=\"xl65\" height=\"21\">3XL<\/td>\n<td class=\"xl68\">116<\/td>\n<td class=\"xl68\">119<\/td>\n<\/tr>\n<tr>\n<td class=\"xl65\" height=\"21\">4XL<\/td>\n<td class=\"xl68\">120<\/td>\n<td class=\"xl68\">122<\/td>\n<\/tr>\n<tr>\n<td class=\"xl65\" height=\"21\">5XL<\/td>\n<td class=\"xl66\">130<\/td>\n<td class=\"xl66\">126<\/td>\n<\/tr>\n<tr>\n<td class=\"xl65\" height=\"21\">6XL<\/td>\n<td class=\"xl66\">134<\/td>\n<td class=\"xl66\">129<\/td>\n<\/tr>\n<\/tbody>\n<\/table>\n","protected":false},"excerpt":{"rendered":"<p>Material:\u00a0100% cotton Only pants! M-6XL Color of product may differ from the color in the picture Please study carefully the size chart Suurus Puusa\u00fcmberm\u00f5\u00f5t Pikkus \u0420\u0430\u0437\u043c\u0435\u0440 \u041e\u0431\u044a\u0435\u043c \u0431\u0435\u0434\u0435\u0440 \u0414\u043b\u0438\u043d\u0430 Size Hips Length M 100 106 L 108 106 XL 110 110 2XL 112 116 3XL 116 119 4XL 120 122 5XL 130 126 6XL 134 [&hellip;]<\/p>\n","protected":false},"featured_media":17708,"template":"","meta":[],"product_brand":[],"product_cat":[156,173,157],"product_tag":[],"class_list":{"0":"post-17693","1":"product","2":"type-product","3":"status-publish","4":"has-post-thumbnail","6":"product_cat-meeste-pidzaamad-ja-hommikumantlid-en","7":"product_cat-koduriietus-en","8":"product_cat-meeste-pidzaamad-ja-ooriided-en","10":"first","11":"instock","12":"sale","13":"taxable","14":"shipping-taxable","15":"purchasable","16":"product-type-variable"},"yoast_head":"<!-- This site is optimized with the Yoast SEO plugin v27.3 - https:\/\/yoast.com\/product\/yoast-seo-wordpress\/ -->\n<title>Men&#039;s pajama pants 082D<\/title>\n<meta name=\"description\" content=\"Material:\u00a0100% cotton. Only pants! M-6XL\" \/>\n<meta name=\"robots\" content=\"index, follow, max-snippet:-1, max-image-preview:large, max-video-preview:-1\" \/>\n<link rel=\"canonical\" href=\"https:\/\/pidzaama.ee\/en\/product\/mens-pajama-pants-082d\/\" \/>\n<meta property=\"og:locale\" content=\"en_US\" \/>\n<meta property=\"og:type\" content=\"article\" \/>\n<meta property=\"og:title\" content=\"Men&#039;s pajama pants 082D\" \/>\n<meta property=\"og:description\" content=\"Material:\u00a0100% cotton. Only pants! M-6XL\" \/>\n<meta property=\"og:url\" content=\"https:\/\/pidzaama.ee\/en\/product\/mens-pajama-pants-082d\/\" \/>\n<meta property=\"og:site_name\" content=\"Pidzaama\" \/>\n<meta property=\"article:modified_time\" content=\"2025-03-19T10:14:24+00:00\" \/>\n<meta property=\"og:image\" content=\"https:\/\/pidzaama.ee\/wp-content\/uploads\/2025\/03\/082.jpg\" \/>\n\t<meta property=\"og:image:width\" content=\"1200\" \/>\n\t<meta property=\"og:image:height\" content=\"1600\" \/>\n\t<meta property=\"og:image:type\" content=\"image\/jpeg\" \/>\n<meta name=\"twitter:card\" content=\"summary_large_image\" \/>\n<meta name=\"twitter:label1\" content=\"Est. reading time\" \/>\n\t<meta name=\"twitter:data1\" content=\"1 minute\" \/>\n<script type=\"application\/ld+json\" class=\"yoast-schema-graph\">{\"@context\":\"https:\\\/\\\/schema.org\",\"@graph\":[{\"@type\":\"WebPage\",\"@id\":\"https:\\\/\\\/pidzaama.ee\\\/en\\\/product\\\/mens-pajama-pants-082d\\\/\",\"url\":\"https:\\\/\\\/pidzaama.ee\\\/en\\\/product\\\/mens-pajama-pants-082d\\\/\",\"name\":\"Men's pajama pants 082D\",\"isPartOf\":{\"@id\":\"https:\\\/\\\/pidzaama.ee\\\/en\\\/#website\"},\"primaryImageOfPage\":{\"@id\":\"https:\\\/\\\/pidzaama.ee\\\/en\\\/product\\\/mens-pajama-pants-082d\\\/#primaryimage\"},\"image\":{\"@id\":\"https:\\\/\\\/pidzaama.ee\\\/en\\\/product\\\/mens-pajama-pants-082d\\\/#primaryimage\"},\"thumbnailUrl\":\"https:\\\/\\\/pidzaama.ee\\\/wp-content\\\/uploads\\\/2025\\\/03\\\/082.jpg\",\"datePublished\":\"2025-03-19T10:02:40+00:00\",\"dateModified\":\"2025-03-19T10:14:24+00:00\",\"description\":\"Material:\u00a0100% cotton. Only pants! M-6XL\",\"breadcrumb\":{\"@id\":\"https:\\\/\\\/pidzaama.ee\\\/en\\\/product\\\/mens-pajama-pants-082d\\\/#breadcrumb\"},\"inLanguage\":\"en-US\",\"potentialAction\":[{\"@type\":\"ReadAction\",\"target\":[\"https:\\\/\\\/pidzaama.ee\\\/en\\\/product\\\/mens-pajama-pants-082d\\\/\"]}]},{\"@type\":\"ImageObject\",\"inLanguage\":\"en-US\",\"@id\":\"https:\\\/\\\/pidzaama.ee\\\/en\\\/product\\\/mens-pajama-pants-082d\\\/#primaryimage\",\"url\":\"https:\\\/\\\/pidzaama.ee\\\/wp-content\\\/uploads\\\/2025\\\/03\\\/082.jpg\",\"contentUrl\":\"https:\\\/\\\/pidzaama.ee\\\/wp-content\\\/uploads\\\/2025\\\/03\\\/082.jpg\",\"width\":1200,\"height\":1600},{\"@type\":\"BreadcrumbList\",\"@id\":\"https:\\\/\\\/pidzaama.ee\\\/en\\\/product\\\/mens-pajama-pants-082d\\\/#breadcrumb\",\"itemListElement\":[{\"@type\":\"ListItem\",\"position\":1,\"name\":\"Home\",\"item\":\"https:\\\/\\\/pidzaama.ee\\\/en\\\/home\\\/\"},{\"@type\":\"ListItem\",\"position\":2,\"name\":\"ABOUT US\",\"item\":\"https:\\\/\\\/pidzaama.ee\\\/en\\\/about-us\\\/\"},{\"@type\":\"ListItem\",\"position\":3,\"name\":\"Men&#8217;s pajama pants 082D\"}]},{\"@type\":\"WebSite\",\"@id\":\"https:\\\/\\\/pidzaama.ee\\\/en\\\/#website\",\"url\":\"https:\\\/\\\/pidzaama.ee\\\/en\\\/\",\"name\":\"Pidzaama\",\"description\":\"T\u00e4iendame pidevalt meie sortimendi ning suurusi!\",\"potentialAction\":[{\"@type\":\"SearchAction\",\"target\":{\"@type\":\"EntryPoint\",\"urlTemplate\":\"https:\\\/\\\/pidzaama.ee\\\/en\\\/?s={search_term_string}\"},\"query-input\":{\"@type\":\"PropertyValueSpecification\",\"valueRequired\":true,\"valueName\":\"search_term_string\"}}],\"inLanguage\":\"en-US\"}]}<\/script>\n<!-- \/ Yoast SEO plugin. -->","yoast_head_json":{"title":"Men's pajama pants 082D","description":"Material:\u00a0100% cotton. Only pants! M-6XL","robots":{"index":"index","follow":"follow","max-snippet":"max-snippet:-1","max-image-preview":"max-image-preview:large","max-video-preview":"max-video-preview:-1"},"canonical":"https:\/\/pidzaama.ee\/en\/product\/mens-pajama-pants-082d\/","og_locale":"en_US","og_type":"article","og_title":"Men's pajama pants 082D","og_description":"Material:\u00a0100% cotton. Only pants! M-6XL","og_url":"https:\/\/pidzaama.ee\/en\/product\/mens-pajama-pants-082d\/","og_site_name":"Pidzaama","article_modified_time":"2025-03-19T10:14:24+00:00","og_image":[{"width":1200,"height":1600,"url":"https:\/\/pidzaama.ee\/wp-content\/uploads\/2025\/03\/082.jpg","type":"image\/jpeg"}],"twitter_card":"summary_large_image","twitter_misc":{"Est. reading time":"1 minute"},"schema":{"@context":"https:\/\/schema.org","@graph":[{"@type":"WebPage","@id":"https:\/\/pidzaama.ee\/en\/product\/mens-pajama-pants-082d\/","url":"https:\/\/pidzaama.ee\/en\/product\/mens-pajama-pants-082d\/","name":"Men's pajama pants 082D","isPartOf":{"@id":"https:\/\/pidzaama.ee\/en\/#website"},"primaryImageOfPage":{"@id":"https:\/\/pidzaama.ee\/en\/product\/mens-pajama-pants-082d\/#primaryimage"},"image":{"@id":"https:\/\/pidzaama.ee\/en\/product\/mens-pajama-pants-082d\/#primaryimage"},"thumbnailUrl":"https:\/\/pidzaama.ee\/wp-content\/uploads\/2025\/03\/082.jpg","datePublished":"2025-03-19T10:02:40+00:00","dateModified":"2025-03-19T10:14:24+00:00","description":"Material:\u00a0100% cotton. Only pants! M-6XL","breadcrumb":{"@id":"https:\/\/pidzaama.ee\/en\/product\/mens-pajama-pants-082d\/#breadcrumb"},"inLanguage":"en-US","potentialAction":[{"@type":"ReadAction","target":["https:\/\/pidzaama.ee\/en\/product\/mens-pajama-pants-082d\/"]}]},{"@type":"ImageObject","inLanguage":"en-US","@id":"https:\/\/pidzaama.ee\/en\/product\/mens-pajama-pants-082d\/#primaryimage","url":"https:\/\/pidzaama.ee\/wp-content\/uploads\/2025\/03\/082.jpg","contentUrl":"https:\/\/pidzaama.ee\/wp-content\/uploads\/2025\/03\/082.jpg","width":1200,"height":1600},{"@type":"BreadcrumbList","@id":"https:\/\/pidzaama.ee\/en\/product\/mens-pajama-pants-082d\/#breadcrumb","itemListElement":[{"@type":"ListItem","position":1,"name":"Home","item":"https:\/\/pidzaama.ee\/en\/home\/"},{"@type":"ListItem","position":2,"name":"ABOUT US","item":"https:\/\/pidzaama.ee\/en\/about-us\/"},{"@type":"ListItem","position":3,"name":"Men&#8217;s pajama pants 082D"}]},{"@type":"WebSite","@id":"https:\/\/pidzaama.ee\/en\/#website","url":"https:\/\/pidzaama.ee\/en\/","name":"Pidzaama","description":"T\u00e4iendame pidevalt meie sortimendi ning suurusi!","potentialAction":[{"@type":"SearchAction","target":{"@type":"EntryPoint","urlTemplate":"https:\/\/pidzaama.ee\/en\/?s={search_term_string}"},"query-input":{"@type":"PropertyValueSpecification","valueRequired":true,"valueName":"search_term_string"}}],"inLanguage":"en-US"}]}},"_links":{"self":[{"href":"https:\/\/pidzaama.ee\/en\/wp-json\/wp\/v2\/product\/17693","targetHints":{"allow":["GET"]}}],"collection":[{"href":"https:\/\/pidzaama.ee\/en\/wp-json\/wp\/v2\/product"}],"about":[{"href":"https:\/\/pidzaama.ee\/en\/wp-json\/wp\/v2\/types\/product"}],"wp:featuredmedia":[{"embeddable":true,"href":"https:\/\/pidzaama.ee\/en\/wp-json\/wp\/v2\/media\/17708"}],"wp:attachment":[{"href":"https:\/\/pidzaama.ee\/en\/wp-json\/wp\/v2\/media?parent=17693"}],"wp:term":[{"taxonomy":"product_brand","embeddable":true,"href":"https:\/\/pidzaama.ee\/en\/wp-json\/wp\/v2\/product_brand?post=17693"},{"taxonomy":"product_cat","embeddable":true,"href":"https:\/\/pidzaama.ee\/en\/wp-json\/wp\/v2\/product_cat?post=17693"},{"taxonomy":"product_tag","embeddable":true,"href":"https:\/\/pidzaama.ee\/en\/wp-json\/wp\/v2\/product_tag?post=17693"}],"curies":[{"name":"wp","href":"https:\/\/api.w.org\/{rel}","templated":true}]}}