{"id":18177,"date":"2025-05-14T15:53:19","date_gmt":"2025-05-14T15:53:20","guid":{"rendered":"https:\/\/pidzaama.ee\/?post_type=product&#038;p=18177"},"modified":"2025-05-14T16:07:05","modified_gmt":"2025-05-14T16:07:05","slug":"silk-womens-bathrobe-9210r-pink","status":"publish","type":"product","link":"https:\/\/pidzaama.ee\/en\/product\/silk-womens-bathrobe-9210r-pink\/","title":{"rendered":"Silk women&#8217;s bathrobe 9210R, pink"},"content":{"rendered":"<p>Lightweight, breathable, and incredibly soft, this women\u2019s bathrobe made of 100% bamboo fiber is designed for maximum comfort and gentle care for your skin. The natural fabric has excellent moisture absorption, is hypoallergenic, antibacterial, and pleasantly cools the skin\u2014especially during warmer seasons.<\/p>\n<p>The bathrobe is certified by <b>OEKO-TEX\u00ae Standard 100<\/b>, ensuring that it\u2019s free from harmful substances and safe even for sensitive skin.<\/p>\n<p>With its silky texture, flattering cut, waist tie, and practical pockets, this robe is a perfect choice for home, spa, or post-shower relaxation.<\/p>\n<p><b>Key Features:<\/b><b><\/b><\/p>\n<p>\u2022100% natural bamboo<\/p>\n<p>\u2022OEKO-TEX\u00ae Standard 100 certified<\/p>\n<p>\u2022Soft cooling effect on the skin<\/p>\n<p>\u2022Excellent moisture absorption and breathability<\/p>\n<p>\u2022Antibacterial and hypoallergenic<\/p>\n<p>\u2022Comfortable and versatile for all seasons<\/p>\n<p>Material: 100% bamboo<\/p>\n<p>Color of product may differ from the color in the picture<\/p>\n<p>Please study carefully the size chart<\/p>\n<table border=\"0\" width=\"604\" cellspacing=\"0\" cellpadding=\"0\">\n<colgroup>\n<col span=\"2\" width=\"151\" \/>\n<col span=\"2\" width=\"151\" \/><\/colgroup>\n<tbody>\n<tr>\n<td class=\"xl68\" width=\"151\" height=\"21\">Suurus<\/td>\n<td class=\"xl66\" width=\"151\">Rinna\u00fcmberm\u00f5\u00f5t<\/td>\n<td class=\"xl68\" width=\"151\">Puusa\u00fcmberm\u00f5\u00f5t<\/td>\n<td class=\"xl68\" width=\"151\">Pikkus<\/td>\n<\/tr>\n<tr>\n<td class=\"xl68\" height=\"23\">\u0420\u0430\u0437\u043c\u0435\u0440<\/td>\n<td class=\"xl70\" width=\"151\">\u041e\u0431\u044a\u0435\u043c \u0433\u0440\u0443\u0434\u0438<\/td>\n<td class=\"xl68\">\u041e\u0431\u044a\u0435\u043c \u0431\u0435\u0434\u0435\u0440<\/td>\n<td class=\"xl68\">\u0414\u043b\u0438\u043d\u0430<\/td>\n<\/tr>\n<tr>\n<td class=\"xl68\" height=\"23\">Size<\/td>\n<td class=\"xl70\" width=\"151\">Chest<\/td>\n<td class=\"xl68\">Hips<\/td>\n<td class=\"xl68\">Length<\/td>\n<\/tr>\n<tr>\n<td class=\"xl68\" height=\"21\">S<\/td>\n<td class=\"xl71\" width=\"151\">90<\/td>\n<td class=\"xl69\">90<\/td>\n<td class=\"xl69\">100<\/td>\n<\/tr>\n<tr>\n<td class=\"xl66\" height=\"21\">M<\/td>\n<td class=\"xl71\" width=\"151\">96<\/td>\n<td class=\"xl69\">96<\/td>\n<td class=\"xl69\">101<\/td>\n<\/tr>\n<tr>\n<td class=\"xl66\" height=\"21\">L\/XL<\/td>\n<td class=\"xl72\">104<\/td>\n<td class=\"xl69\">104<\/td>\n<td class=\"xl69\">102<\/td>\n<\/tr>\n<\/tbody>\n<\/table>\n","protected":false},"excerpt":{"rendered":"<p>Lightweight, breathable, and incredibly soft, this women\u2019s bathrobe made of 100% bamboo fiber is designed for maximum comfort and gentle care for your skin. The natural fabric has excellent moisture absorption, is hypoallergenic, antibacterial, and pleasantly cools the skin\u2014especially during warmer seasons. The bathrobe is certified by OEKO-TEX\u00ae Standard 100, ensuring that it\u2019s free from [&hellip;]<\/p>\n","protected":false},"featured_media":18196,"template":"","meta":[],"product_brand":[],"product_cat":[189,175],"product_tag":[],"class_list":{"0":"post-18177","1":"product","2":"type-product","3":"status-publish","4":"has-post-thumbnail","6":"product_cat-frontpageproducts","7":"product_cat-naiste-hommikumantlid-en","9":"first","10":"instock","11":"taxable","12":"shipping-taxable","13":"purchasable","14":"product-type-variable"},"yoast_head":"<!-- This site is optimized with the Yoast SEO plugin v27.3 - https:\/\/yoast.com\/product\/yoast-seo-wordpress\/ -->\n<title>Silk women&#039;s bathrobe 9210R, pink<\/title>\n<meta name=\"description\" content=\"Lightweight, breathable, and incredibly soft, this women\u2019s bathrobe made of 100% bamboo fiber, OEKO-TEX\u00ae Standard 100\" \/>\n<meta name=\"robots\" content=\"index, follow, max-snippet:-1, max-image-preview:large, max-video-preview:-1\" \/>\n<link rel=\"canonical\" href=\"https:\/\/pidzaama.ee\/en\/product\/silk-womens-bathrobe-9210r-pink\/\" \/>\n<meta property=\"og:locale\" content=\"en_US\" \/>\n<meta property=\"og:type\" content=\"article\" \/>\n<meta property=\"og:title\" content=\"Silk women&#039;s bathrobe 9210R, pink\" \/>\n<meta property=\"og:description\" content=\"Lightweight, breathable, and incredibly soft, this women\u2019s bathrobe made of 100% bamboo fiber, OEKO-TEX\u00ae Standard 100\" \/>\n<meta property=\"og:url\" content=\"https:\/\/pidzaama.ee\/en\/product\/silk-womens-bathrobe-9210r-pink\/\" \/>\n<meta property=\"og:site_name\" content=\"Pidzaama\" \/>\n<meta property=\"article:modified_time\" content=\"2025-05-14T16:07:05+00:00\" \/>\n<meta property=\"og:image\" content=\"https:\/\/pidzaama.ee\/wp-content\/uploads\/2025\/05\/WhatsApp-Image-2025-03-27-at-16.43-Photoroom.jpg\" \/>\n\t<meta property=\"og:image:width\" content=\"1066\" \/>\n\t<meta property=\"og:image:height\" content=\"1600\" \/>\n\t<meta property=\"og:image:type\" content=\"image\/jpeg\" \/>\n<meta name=\"twitter:card\" content=\"summary_large_image\" \/>\n<meta name=\"twitter:label1\" content=\"Est. reading time\" \/>\n\t<meta name=\"twitter:data1\" content=\"1 minute\" \/>\n<script type=\"application\/ld+json\" class=\"yoast-schema-graph\">{\"@context\":\"https:\\\/\\\/schema.org\",\"@graph\":[{\"@type\":\"WebPage\",\"@id\":\"https:\\\/\\\/pidzaama.ee\\\/en\\\/product\\\/silk-womens-bathrobe-9210r-pink\\\/\",\"url\":\"https:\\\/\\\/pidzaama.ee\\\/en\\\/product\\\/silk-womens-bathrobe-9210r-pink\\\/\",\"name\":\"Silk women's bathrobe 9210R, pink\",\"isPartOf\":{\"@id\":\"https:\\\/\\\/pidzaama.ee\\\/en\\\/#website\"},\"primaryImageOfPage\":{\"@id\":\"https:\\\/\\\/pidzaama.ee\\\/en\\\/product\\\/silk-womens-bathrobe-9210r-pink\\\/#primaryimage\"},\"image\":{\"@id\":\"https:\\\/\\\/pidzaama.ee\\\/en\\\/product\\\/silk-womens-bathrobe-9210r-pink\\\/#primaryimage\"},\"thumbnailUrl\":\"https:\\\/\\\/pidzaama.ee\\\/wp-content\\\/uploads\\\/2025\\\/05\\\/WhatsApp-Image-2025-03-27-at-16.43-Photoroom.jpg\",\"datePublished\":\"2025-05-14T15:53:20+00:00\",\"dateModified\":\"2025-05-14T16:07:05+00:00\",\"description\":\"Lightweight, breathable, and incredibly soft, this women\u2019s bathrobe made of 100% bamboo fiber, OEKO-TEX\u00ae Standard 100\",\"breadcrumb\":{\"@id\":\"https:\\\/\\\/pidzaama.ee\\\/en\\\/product\\\/silk-womens-bathrobe-9210r-pink\\\/#breadcrumb\"},\"inLanguage\":\"en-US\",\"potentialAction\":[{\"@type\":\"ReadAction\",\"target\":[\"https:\\\/\\\/pidzaama.ee\\\/en\\\/product\\\/silk-womens-bathrobe-9210r-pink\\\/\"]}]},{\"@type\":\"ImageObject\",\"inLanguage\":\"en-US\",\"@id\":\"https:\\\/\\\/pidzaama.ee\\\/en\\\/product\\\/silk-womens-bathrobe-9210r-pink\\\/#primaryimage\",\"url\":\"https:\\\/\\\/pidzaama.ee\\\/wp-content\\\/uploads\\\/2025\\\/05\\\/WhatsApp-Image-2025-03-27-at-16.43-Photoroom.jpg\",\"contentUrl\":\"https:\\\/\\\/pidzaama.ee\\\/wp-content\\\/uploads\\\/2025\\\/05\\\/WhatsApp-Image-2025-03-27-at-16.43-Photoroom.jpg\",\"width\":1066,\"height\":1600},{\"@type\":\"BreadcrumbList\",\"@id\":\"https:\\\/\\\/pidzaama.ee\\\/en\\\/product\\\/silk-womens-bathrobe-9210r-pink\\\/#breadcrumb\",\"itemListElement\":[{\"@type\":\"ListItem\",\"position\":1,\"name\":\"Home\",\"item\":\"https:\\\/\\\/pidzaama.ee\\\/en\\\/home\\\/\"},{\"@type\":\"ListItem\",\"position\":2,\"name\":\"ABOUT US\",\"item\":\"https:\\\/\\\/pidzaama.ee\\\/en\\\/about-us\\\/\"},{\"@type\":\"ListItem\",\"position\":3,\"name\":\"Silk women&#8217;s bathrobe 9210R, pink\"}]},{\"@type\":\"WebSite\",\"@id\":\"https:\\\/\\\/pidzaama.ee\\\/en\\\/#website\",\"url\":\"https:\\\/\\\/pidzaama.ee\\\/en\\\/\",\"name\":\"Pidzaama\",\"description\":\"T\u00e4iendame pidevalt meie sortimendi ning suurusi!\",\"potentialAction\":[{\"@type\":\"SearchAction\",\"target\":{\"@type\":\"EntryPoint\",\"urlTemplate\":\"https:\\\/\\\/pidzaama.ee\\\/en\\\/?s={search_term_string}\"},\"query-input\":{\"@type\":\"PropertyValueSpecification\",\"valueRequired\":true,\"valueName\":\"search_term_string\"}}],\"inLanguage\":\"en-US\"}]}<\/script>\n<!-- \/ Yoast SEO plugin. -->","yoast_head_json":{"title":"Silk women's bathrobe 9210R, pink","description":"Lightweight, breathable, and incredibly soft, this women\u2019s bathrobe made of 100% bamboo fiber, OEKO-TEX\u00ae Standard 100","robots":{"index":"index","follow":"follow","max-snippet":"max-snippet:-1","max-image-preview":"max-image-preview:large","max-video-preview":"max-video-preview:-1"},"canonical":"https:\/\/pidzaama.ee\/en\/product\/silk-womens-bathrobe-9210r-pink\/","og_locale":"en_US","og_type":"article","og_title":"Silk women's bathrobe 9210R, pink","og_description":"Lightweight, breathable, and incredibly soft, this women\u2019s bathrobe made of 100% bamboo fiber, OEKO-TEX\u00ae Standard 100","og_url":"https:\/\/pidzaama.ee\/en\/product\/silk-womens-bathrobe-9210r-pink\/","og_site_name":"Pidzaama","article_modified_time":"2025-05-14T16:07:05+00:00","og_image":[{"width":1066,"height":1600,"url":"https:\/\/pidzaama.ee\/wp-content\/uploads\/2025\/05\/WhatsApp-Image-2025-03-27-at-16.43-Photoroom.jpg","type":"image\/jpeg"}],"twitter_card":"summary_large_image","twitter_misc":{"Est. reading time":"1 minute"},"schema":{"@context":"https:\/\/schema.org","@graph":[{"@type":"WebPage","@id":"https:\/\/pidzaama.ee\/en\/product\/silk-womens-bathrobe-9210r-pink\/","url":"https:\/\/pidzaama.ee\/en\/product\/silk-womens-bathrobe-9210r-pink\/","name":"Silk women's bathrobe 9210R, pink","isPartOf":{"@id":"https:\/\/pidzaama.ee\/en\/#website"},"primaryImageOfPage":{"@id":"https:\/\/pidzaama.ee\/en\/product\/silk-womens-bathrobe-9210r-pink\/#primaryimage"},"image":{"@id":"https:\/\/pidzaama.ee\/en\/product\/silk-womens-bathrobe-9210r-pink\/#primaryimage"},"thumbnailUrl":"https:\/\/pidzaama.ee\/wp-content\/uploads\/2025\/05\/WhatsApp-Image-2025-03-27-at-16.43-Photoroom.jpg","datePublished":"2025-05-14T15:53:20+00:00","dateModified":"2025-05-14T16:07:05+00:00","description":"Lightweight, breathable, and incredibly soft, this women\u2019s bathrobe made of 100% bamboo fiber, OEKO-TEX\u00ae Standard 100","breadcrumb":{"@id":"https:\/\/pidzaama.ee\/en\/product\/silk-womens-bathrobe-9210r-pink\/#breadcrumb"},"inLanguage":"en-US","potentialAction":[{"@type":"ReadAction","target":["https:\/\/pidzaama.ee\/en\/product\/silk-womens-bathrobe-9210r-pink\/"]}]},{"@type":"ImageObject","inLanguage":"en-US","@id":"https:\/\/pidzaama.ee\/en\/product\/silk-womens-bathrobe-9210r-pink\/#primaryimage","url":"https:\/\/pidzaama.ee\/wp-content\/uploads\/2025\/05\/WhatsApp-Image-2025-03-27-at-16.43-Photoroom.jpg","contentUrl":"https:\/\/pidzaama.ee\/wp-content\/uploads\/2025\/05\/WhatsApp-Image-2025-03-27-at-16.43-Photoroom.jpg","width":1066,"height":1600},{"@type":"BreadcrumbList","@id":"https:\/\/pidzaama.ee\/en\/product\/silk-womens-bathrobe-9210r-pink\/#breadcrumb","itemListElement":[{"@type":"ListItem","position":1,"name":"Home","item":"https:\/\/pidzaama.ee\/en\/home\/"},{"@type":"ListItem","position":2,"name":"ABOUT US","item":"https:\/\/pidzaama.ee\/en\/about-us\/"},{"@type":"ListItem","position":3,"name":"Silk women&#8217;s bathrobe 9210R, pink"}]},{"@type":"WebSite","@id":"https:\/\/pidzaama.ee\/en\/#website","url":"https:\/\/pidzaama.ee\/en\/","name":"Pidzaama","description":"T\u00e4iendame pidevalt meie sortimendi ning suurusi!","potentialAction":[{"@type":"SearchAction","target":{"@type":"EntryPoint","urlTemplate":"https:\/\/pidzaama.ee\/en\/?s={search_term_string}"},"query-input":{"@type":"PropertyValueSpecification","valueRequired":true,"valueName":"search_term_string"}}],"inLanguage":"en-US"}]}},"_links":{"self":[{"href":"https:\/\/pidzaama.ee\/en\/wp-json\/wp\/v2\/product\/18177","targetHints":{"allow":["GET"]}}],"collection":[{"href":"https:\/\/pidzaama.ee\/en\/wp-json\/wp\/v2\/product"}],"about":[{"href":"https:\/\/pidzaama.ee\/en\/wp-json\/wp\/v2\/types\/product"}],"wp:featuredmedia":[{"embeddable":true,"href":"https:\/\/pidzaama.ee\/en\/wp-json\/wp\/v2\/media\/18196"}],"wp:attachment":[{"href":"https:\/\/pidzaama.ee\/en\/wp-json\/wp\/v2\/media?parent=18177"}],"wp:term":[{"taxonomy":"product_brand","embeddable":true,"href":"https:\/\/pidzaama.ee\/en\/wp-json\/wp\/v2\/product_brand?post=18177"},{"taxonomy":"product_cat","embeddable":true,"href":"https:\/\/pidzaama.ee\/en\/wp-json\/wp\/v2\/product_cat?post=18177"},{"taxonomy":"product_tag","embeddable":true,"href":"https:\/\/pidzaama.ee\/en\/wp-json\/wp\/v2\/product_tag?post=18177"}],"curies":[{"name":"wp","href":"https:\/\/api.w.org\/{rel}","templated":true}]}}