{"id":19198,"date":"2025-10-10T12:59:22","date_gmt":"2025-10-10T12:59:22","guid":{"rendered":"https:\/\/pidzaama.ee\/?post_type=product&#038;p=19198"},"modified":"2025-11-08T08:36:45","modified_gmt":"2025-11-08T08:36:45","slug":"slim-nightgown-in-cotton-with-viscose-82597-shortened-2xl-12xl","status":"publish","type":"product","link":"https:\/\/pidzaama.ee\/en\/product\/slim-nightgown-in-cotton-with-viscose-82597-shortened-2xl-12xl\/","title":{"rendered":"Slim nightgown in cotton with viscose 82597 (shortened)"},"content":{"rendered":"<p>Material: 50% cotton, 50% viscose<\/p>\n<p>2XL-12XL<\/p>\n<p>Color of product may differ from the color in the picture<\/p>\n<p>Please study carefully the size chart<\/p>\n<table border=\"0\" width=\"688\" cellspacing=\"0\" cellpadding=\"0\">\n<colgroup>\n<col span=\"4\" width=\"172\" \/><\/colgroup>\n<tbody>\n<tr>\n<td class=\"xl68\" width=\"172\" height=\"21\">Suurus<\/td>\n<td class=\"xl66\" width=\"172\">Rinna\u00fcmberm\u00f5\u00f5t<\/td>\n<td class=\"xl68\" width=\"172\">Puusa\u00fcmberm\u00f5\u00f5t<\/td>\n<td class=\"xl68\" width=\"172\">Pikkus<\/td>\n<\/tr>\n<tr>\n<td class=\"xl68\" height=\"45\">\u0420\u0430\u0437\u043c\u0435\u0440<\/td>\n<td class=\"xl70\" width=\"172\">\u041e\u0431\u044a\u0435\u043c \u0433\u0440\u0443\u0434\u0438<\/td>\n<td class=\"xl68\">\u041e\u0431\u044a\u0435\u043c \u0431\u0435\u0434\u0435\u0440<\/td>\n<td class=\"xl68\">\u0414\u043b\u0438\u043d\u0430<\/td>\n<\/tr>\n<tr>\n<td class=\"xl68\" height=\"23\">Size<\/td>\n<td class=\"xl70\" width=\"172\">Chest<\/td>\n<td class=\"xl68\">Hips<\/td>\n<td class=\"xl68\">Length<\/td>\n<\/tr>\n<tr>\n<td class=\"xl66\" height=\"21\">2XL<\/td>\n<td class=\"xl71\">116<\/td>\n<td class=\"xl67\">128<\/td>\n<td class=\"xl67\">99<\/td>\n<\/tr>\n<tr>\n<td class=\"xl66\" height=\"21\">3XL<\/td>\n<td class=\"xl71\">120<\/td>\n<td class=\"xl69\">134<\/td>\n<td class=\"xl69\">99<\/td>\n<\/tr>\n<tr>\n<td class=\"xl66\" height=\"21\">5XL<\/td>\n<td class=\"xl71\">134<\/td>\n<td class=\"xl69\">140<\/td>\n<td class=\"xl69\">100<\/td>\n<\/tr>\n<tr>\n<td class=\"xl66\" height=\"21\">6XL<\/td>\n<td class=\"xl65\">136<\/td>\n<td class=\"xl67\">146<\/td>\n<td class=\"xl67\">102<\/td>\n<\/tr>\n<tr>\n<td class=\"xl66\" height=\"21\">8XL<\/td>\n<td class=\"xl65\">142<\/td>\n<td class=\"xl67\">156<\/td>\n<td class=\"xl67\">102<\/td>\n<\/tr>\n<tr>\n<td class=\"xl66\" height=\"21\">12XL<\/td>\n<td class=\"xl71\">170<\/td>\n<td class=\"xl69\">180<\/td>\n<td class=\"xl69\">106<\/td>\n<\/tr>\n<\/tbody>\n<\/table>\n","protected":false},"excerpt":{"rendered":"<p>Material: 50% cotton, 50% viscose 2XL-12XL Color of product may differ from the color in the picture Please study carefully the size chart Suurus Rinna\u00fcmberm\u00f5\u00f5t Puusa\u00fcmberm\u00f5\u00f5t Pikkus \u0420\u0430\u0437\u043c\u0435\u0440 \u041e\u0431\u044a\u0435\u043c \u0433\u0440\u0443\u0434\u0438 \u041e\u0431\u044a\u0435\u043c \u0431\u0435\u0434\u0435\u0440 \u0414\u043b\u0438\u043d\u0430 Size Chest Hips Length 2XL 116 128 99 3XL 120 134 99 5XL 134 140 100 6XL 136 146 102 8XL 142 [&hellip;]<\/p>\n","protected":false},"featured_media":19243,"template":"","meta":[],"product_brand":[],"product_cat":[153,179,166],"product_tag":[],"class_list":{"0":"post-19198","1":"product","2":"type-product","3":"status-publish","4":"has-post-thumbnail","6":"product_cat-naiste-pidzaamad-ja-oosargid-en","7":"product_cat-oosargid-en","8":"product_cat-luhikeste-varrukatega-en","10":"first","11":"instock","12":"taxable","13":"shipping-taxable","14":"purchasable","15":"product-type-variable"},"yoast_head":"<!-- This site is optimized with the Yoast SEO plugin v27.3 - https:\/\/yoast.com\/product\/yoast-seo-wordpress\/ -->\n<title>Slim nightgown in cotton with viscose 82597 (shortened) 2XL-12XL<\/title>\n<meta name=\"description\" content=\"Material: 50% cotton, 50% viscose 2XL-12XLColor of product may differ from the color in the picture Big size!\" \/>\n<meta name=\"robots\" content=\"index, follow, max-snippet:-1, max-image-preview:large, max-video-preview:-1\" \/>\n<link rel=\"canonical\" href=\"https:\/\/pidzaama.ee\/en\/product\/slim-nightgown-in-cotton-with-viscose-82597-shortened-2xl-12xl\/\" \/>\n<meta property=\"og:locale\" content=\"en_US\" \/>\n<meta property=\"og:type\" content=\"article\" \/>\n<meta property=\"og:title\" content=\"Slim nightgown in cotton with viscose 82597 (shortened) 2XL-12XL\" \/>\n<meta property=\"og:description\" content=\"Material: 50% cotton, 50% viscose 2XL-12XLColor of product may differ from the color in the picture Big size!\" \/>\n<meta property=\"og:url\" content=\"https:\/\/pidzaama.ee\/en\/product\/slim-nightgown-in-cotton-with-viscose-82597-shortened-2xl-12xl\/\" \/>\n<meta property=\"og:site_name\" content=\"Pidzaama\" \/>\n<meta property=\"article:modified_time\" content=\"2025-11-08T08:36:45+00:00\" \/>\n<meta property=\"og:image\" content=\"https:\/\/pidzaama.ee\/wp-content\/uploads\/2025\/10\/82597K-1.jpg\" \/>\n\t<meta property=\"og:image:width\" content=\"975\" \/>\n\t<meta property=\"og:image:height\" content=\"1300\" \/>\n\t<meta property=\"og:image:type\" content=\"image\/jpeg\" \/>\n<meta name=\"twitter:card\" content=\"summary_large_image\" \/>\n<meta name=\"twitter:label1\" content=\"Est. reading time\" \/>\n\t<meta name=\"twitter:data1\" content=\"1 minute\" \/>\n<script type=\"application\/ld+json\" class=\"yoast-schema-graph\">{\"@context\":\"https:\\\/\\\/schema.org\",\"@graph\":[{\"@type\":\"WebPage\",\"@id\":\"https:\\\/\\\/pidzaama.ee\\\/en\\\/product\\\/slim-nightgown-in-cotton-with-viscose-82597-shortened-2xl-12xl\\\/\",\"url\":\"https:\\\/\\\/pidzaama.ee\\\/en\\\/product\\\/slim-nightgown-in-cotton-with-viscose-82597-shortened-2xl-12xl\\\/\",\"name\":\"Slim nightgown in cotton with viscose 82597 (shortened) 2XL-12XL\",\"isPartOf\":{\"@id\":\"https:\\\/\\\/pidzaama.ee\\\/en\\\/#website\"},\"primaryImageOfPage\":{\"@id\":\"https:\\\/\\\/pidzaama.ee\\\/en\\\/product\\\/slim-nightgown-in-cotton-with-viscose-82597-shortened-2xl-12xl\\\/#primaryimage\"},\"image\":{\"@id\":\"https:\\\/\\\/pidzaama.ee\\\/en\\\/product\\\/slim-nightgown-in-cotton-with-viscose-82597-shortened-2xl-12xl\\\/#primaryimage\"},\"thumbnailUrl\":\"https:\\\/\\\/pidzaama.ee\\\/wp-content\\\/uploads\\\/2025\\\/10\\\/82597K-1.jpg\",\"datePublished\":\"2025-10-10T12:59:22+00:00\",\"dateModified\":\"2025-11-08T08:36:45+00:00\",\"description\":\"Material: 50% cotton, 50% viscose 2XL-12XLColor of product may differ from the color in the picture Big size!\",\"breadcrumb\":{\"@id\":\"https:\\\/\\\/pidzaama.ee\\\/en\\\/product\\\/slim-nightgown-in-cotton-with-viscose-82597-shortened-2xl-12xl\\\/#breadcrumb\"},\"inLanguage\":\"en-US\",\"potentialAction\":[{\"@type\":\"ReadAction\",\"target\":[\"https:\\\/\\\/pidzaama.ee\\\/en\\\/product\\\/slim-nightgown-in-cotton-with-viscose-82597-shortened-2xl-12xl\\\/\"]}]},{\"@type\":\"ImageObject\",\"inLanguage\":\"en-US\",\"@id\":\"https:\\\/\\\/pidzaama.ee\\\/en\\\/product\\\/slim-nightgown-in-cotton-with-viscose-82597-shortened-2xl-12xl\\\/#primaryimage\",\"url\":\"https:\\\/\\\/pidzaama.ee\\\/wp-content\\\/uploads\\\/2025\\\/10\\\/82597K-1.jpg\",\"contentUrl\":\"https:\\\/\\\/pidzaama.ee\\\/wp-content\\\/uploads\\\/2025\\\/10\\\/82597K-1.jpg\",\"width\":975,\"height\":1300},{\"@type\":\"BreadcrumbList\",\"@id\":\"https:\\\/\\\/pidzaama.ee\\\/en\\\/product\\\/slim-nightgown-in-cotton-with-viscose-82597-shortened-2xl-12xl\\\/#breadcrumb\",\"itemListElement\":[{\"@type\":\"ListItem\",\"position\":1,\"name\":\"Home\",\"item\":\"https:\\\/\\\/pidzaama.ee\\\/en\\\/home\\\/\"},{\"@type\":\"ListItem\",\"position\":2,\"name\":\"ABOUT US\",\"item\":\"https:\\\/\\\/pidzaama.ee\\\/en\\\/about-us\\\/\"},{\"@type\":\"ListItem\",\"position\":3,\"name\":\"Slim nightgown in cotton with viscose 82597 (shortened)\"}]},{\"@type\":\"WebSite\",\"@id\":\"https:\\\/\\\/pidzaama.ee\\\/en\\\/#website\",\"url\":\"https:\\\/\\\/pidzaama.ee\\\/en\\\/\",\"name\":\"Pidzaama\",\"description\":\"T\u00e4iendame pidevalt meie sortimendi ning suurusi!\",\"potentialAction\":[{\"@type\":\"SearchAction\",\"target\":{\"@type\":\"EntryPoint\",\"urlTemplate\":\"https:\\\/\\\/pidzaama.ee\\\/en\\\/?s={search_term_string}\"},\"query-input\":{\"@type\":\"PropertyValueSpecification\",\"valueRequired\":true,\"valueName\":\"search_term_string\"}}],\"inLanguage\":\"en-US\"}]}<\/script>\n<!-- \/ Yoast SEO plugin. -->","yoast_head_json":{"title":"Slim nightgown in cotton with viscose 82597 (shortened) 2XL-12XL","description":"Material: 50% cotton, 50% viscose 2XL-12XLColor of product may differ from the color in the picture Big size!","robots":{"index":"index","follow":"follow","max-snippet":"max-snippet:-1","max-image-preview":"max-image-preview:large","max-video-preview":"max-video-preview:-1"},"canonical":"https:\/\/pidzaama.ee\/en\/product\/slim-nightgown-in-cotton-with-viscose-82597-shortened-2xl-12xl\/","og_locale":"en_US","og_type":"article","og_title":"Slim nightgown in cotton with viscose 82597 (shortened) 2XL-12XL","og_description":"Material: 50% cotton, 50% viscose 2XL-12XLColor of product may differ from the color in the picture Big size!","og_url":"https:\/\/pidzaama.ee\/en\/product\/slim-nightgown-in-cotton-with-viscose-82597-shortened-2xl-12xl\/","og_site_name":"Pidzaama","article_modified_time":"2025-11-08T08:36:45+00:00","og_image":[{"width":975,"height":1300,"url":"https:\/\/pidzaama.ee\/wp-content\/uploads\/2025\/10\/82597K-1.jpg","type":"image\/jpeg"}],"twitter_card":"summary_large_image","twitter_misc":{"Est. reading time":"1 minute"},"schema":{"@context":"https:\/\/schema.org","@graph":[{"@type":"WebPage","@id":"https:\/\/pidzaama.ee\/en\/product\/slim-nightgown-in-cotton-with-viscose-82597-shortened-2xl-12xl\/","url":"https:\/\/pidzaama.ee\/en\/product\/slim-nightgown-in-cotton-with-viscose-82597-shortened-2xl-12xl\/","name":"Slim nightgown in cotton with viscose 82597 (shortened) 2XL-12XL","isPartOf":{"@id":"https:\/\/pidzaama.ee\/en\/#website"},"primaryImageOfPage":{"@id":"https:\/\/pidzaama.ee\/en\/product\/slim-nightgown-in-cotton-with-viscose-82597-shortened-2xl-12xl\/#primaryimage"},"image":{"@id":"https:\/\/pidzaama.ee\/en\/product\/slim-nightgown-in-cotton-with-viscose-82597-shortened-2xl-12xl\/#primaryimage"},"thumbnailUrl":"https:\/\/pidzaama.ee\/wp-content\/uploads\/2025\/10\/82597K-1.jpg","datePublished":"2025-10-10T12:59:22+00:00","dateModified":"2025-11-08T08:36:45+00:00","description":"Material: 50% cotton, 50% viscose 2XL-12XLColor of product may differ from the color in the picture Big size!","breadcrumb":{"@id":"https:\/\/pidzaama.ee\/en\/product\/slim-nightgown-in-cotton-with-viscose-82597-shortened-2xl-12xl\/#breadcrumb"},"inLanguage":"en-US","potentialAction":[{"@type":"ReadAction","target":["https:\/\/pidzaama.ee\/en\/product\/slim-nightgown-in-cotton-with-viscose-82597-shortened-2xl-12xl\/"]}]},{"@type":"ImageObject","inLanguage":"en-US","@id":"https:\/\/pidzaama.ee\/en\/product\/slim-nightgown-in-cotton-with-viscose-82597-shortened-2xl-12xl\/#primaryimage","url":"https:\/\/pidzaama.ee\/wp-content\/uploads\/2025\/10\/82597K-1.jpg","contentUrl":"https:\/\/pidzaama.ee\/wp-content\/uploads\/2025\/10\/82597K-1.jpg","width":975,"height":1300},{"@type":"BreadcrumbList","@id":"https:\/\/pidzaama.ee\/en\/product\/slim-nightgown-in-cotton-with-viscose-82597-shortened-2xl-12xl\/#breadcrumb","itemListElement":[{"@type":"ListItem","position":1,"name":"Home","item":"https:\/\/pidzaama.ee\/en\/home\/"},{"@type":"ListItem","position":2,"name":"ABOUT US","item":"https:\/\/pidzaama.ee\/en\/about-us\/"},{"@type":"ListItem","position":3,"name":"Slim nightgown in cotton with viscose 82597 (shortened)"}]},{"@type":"WebSite","@id":"https:\/\/pidzaama.ee\/en\/#website","url":"https:\/\/pidzaama.ee\/en\/","name":"Pidzaama","description":"T\u00e4iendame pidevalt meie sortimendi ning suurusi!","potentialAction":[{"@type":"SearchAction","target":{"@type":"EntryPoint","urlTemplate":"https:\/\/pidzaama.ee\/en\/?s={search_term_string}"},"query-input":{"@type":"PropertyValueSpecification","valueRequired":true,"valueName":"search_term_string"}}],"inLanguage":"en-US"}]}},"_links":{"self":[{"href":"https:\/\/pidzaama.ee\/en\/wp-json\/wp\/v2\/product\/19198","targetHints":{"allow":["GET"]}}],"collection":[{"href":"https:\/\/pidzaama.ee\/en\/wp-json\/wp\/v2\/product"}],"about":[{"href":"https:\/\/pidzaama.ee\/en\/wp-json\/wp\/v2\/types\/product"}],"wp:featuredmedia":[{"embeddable":true,"href":"https:\/\/pidzaama.ee\/en\/wp-json\/wp\/v2\/media\/19243"}],"wp:attachment":[{"href":"https:\/\/pidzaama.ee\/en\/wp-json\/wp\/v2\/media?parent=19198"}],"wp:term":[{"taxonomy":"product_brand","embeddable":true,"href":"https:\/\/pidzaama.ee\/en\/wp-json\/wp\/v2\/product_brand?post=19198"},{"taxonomy":"product_cat","embeddable":true,"href":"https:\/\/pidzaama.ee\/en\/wp-json\/wp\/v2\/product_cat?post=19198"},{"taxonomy":"product_tag","embeddable":true,"href":"https:\/\/pidzaama.ee\/en\/wp-json\/wp\/v2\/product_tag?post=19198"}],"curies":[{"name":"wp","href":"https:\/\/api.w.org\/{rel}","templated":true}]}}