{"id":20666,"date":"2026-04-06T13:14:56","date_gmt":"2026-04-06T13:14:56","guid":{"rendered":"https:\/\/pidzaama.ee\/?post_type=product&#038;p=20666"},"modified":"2026-04-06T13:20:59","modified_gmt":"2026-04-06T13:20:59","slug":"bamboo-velvet-womens-bathrobe-0383b-kopeeri","status":"publish","type":"product","link":"https:\/\/pidzaama.ee\/en\/product\/bamboo-velvet-womens-bathrobe-0383b-kopeeri\/","title":{"rendered":"Bamboo velvet women&#8217;s bathrobe 0383B"},"content":{"rendered":"<p>The bathrobe is made of soft, silky bamboo fabric with cotton, which\u00a0able to maintain a comfortable temperature for the human body. Therefore, in summer in such a dressing gown it will be cool, and in winter it will be warm.\u00a0Bamboo with cotton perfectly absorbs moisture, dries quickly, passes air,\u00a0has antibacterial and antiseptic properties.<\/p>\n<p>This product is made of OEKO-TEX\u00ae STANDARD 100 certified fabric. This certificate guarantees that no harmful substances have been used in the processing of the fibers and that the material of the product is safe and non-allergenic.<\/p>\n<p>Material: 50% bamboo \/ 50% cotton<\/p>\n<p><b>We recommend one size larger<\/b><\/p>\n<p>M-4XL<\/p>\n<p>Color of product may differ from the color in the picture<\/p>\n<p>Please study carefully the size chart<\/p>\n<table border=\"0\" width=\"604\" cellspacing=\"0\" cellpadding=\"0\">\n<colgroup>\n<col span=\"2\" width=\"151\" \/>\n<col span=\"2\" width=\"151\" \/><\/colgroup>\n<tbody>\n<tr>\n<td class=\"xl68\" width=\"151\" height=\"21\">Suurus<\/td>\n<td class=\"xl66\" width=\"151\">Rinna\u00fcmberm\u00f5\u00f5t<\/td>\n<td class=\"xl68\" width=\"151\">Puusa\u00fcmberm\u00f5\u00f5t<\/td>\n<td class=\"xl68\" width=\"151\">Pikkus<\/td>\n<\/tr>\n<tr>\n<td class=\"xl68\" height=\"23\">\u0420\u0430\u0437\u043c\u0435\u0440<\/td>\n<td class=\"xl70\" width=\"151\">\u041e\u0431\u044a\u0435\u043c \u0433\u0440\u0443\u0434\u0438<\/td>\n<td class=\"xl68\">\u041e\u0431\u044a\u0435\u043c \u0431\u0435\u0434\u0435\u0440<\/td>\n<td class=\"xl68\">\u0414\u043b\u0438\u043d\u0430<\/td>\n<\/tr>\n<tr>\n<td class=\"xl68\" height=\"23\">Size<\/td>\n<td class=\"xl70\" width=\"151\">Chest<\/td>\n<td class=\"xl68\">Hips<\/td>\n<td class=\"xl68\">Length<\/td>\n<\/tr>\n<tr>\n<td class=\"xl68\" height=\"21\">S<\/td>\n<td class=\"xl71\" width=\"151\">80<\/td>\n<td class=\"xl69\">80<\/td>\n<td class=\"xl69\">122<\/td>\n<\/tr>\n<tr>\n<td class=\"xl66\" height=\"21\">M<\/td>\n<td class=\"xl71\" width=\"151\">90<\/td>\n<td class=\"xl69\">90<\/td>\n<td class=\"xl69\">123<\/td>\n<\/tr>\n<tr>\n<td class=\"xl66\" height=\"21\">L\/XL<\/td>\n<td class=\"xl72\">100<\/td>\n<td class=\"xl69\">100<\/td>\n<td class=\"xl69\">123<\/td>\n<\/tr>\n<tr>\n<td class=\"xl66\" height=\"21\">2XL<\/td>\n<td class=\"xl72\">110<\/td>\n<td class=\"xl69\">112<\/td>\n<td class=\"xl69\">123<\/td>\n<\/tr>\n<tr>\n<td class=\"xl66\" height=\"21\">3XL<\/td>\n<td class=\"xl72\">120<\/td>\n<td class=\"xl69\">120<\/td>\n<td class=\"xl69\">124<\/td>\n<\/tr>\n<tr>\n<td class=\"xl66\" height=\"21\">4XL<\/td>\n<td class=\"xl72\">130<\/td>\n<td class=\"xl69\">130<\/td>\n<td class=\"xl69\">124<\/td>\n<\/tr>\n<\/tbody>\n<\/table>\n","protected":false},"excerpt":{"rendered":"<p>The bathrobe is made of soft, silky bamboo fabric with cotton, which\u00a0able to maintain a comfortable temperature for the human body. Therefore, in summer in such a dressing gown it will be cool, and in winter it will be warm.\u00a0Bamboo with cotton perfectly absorbs moisture, dries quickly, passes air,\u00a0has antibacterial and antiseptic properties. This product [&hellip;]<\/p>\n","protected":false},"featured_media":20681,"template":"","meta":[],"product_brand":[],"product_cat":[189,175],"product_tag":[],"class_list":{"0":"post-20666","1":"product","2":"type-product","3":"status-publish","4":"has-post-thumbnail","6":"product_cat-frontpageproducts","7":"product_cat-naiste-hommikumantlid-en","9":"first","10":"instock","11":"taxable","12":"shipping-taxable","13":"purchasable","14":"product-type-variable"},"yoast_head":"<!-- This site is optimized with the Yoast SEO plugin v27.3 - https:\/\/yoast.com\/product\/yoast-seo-wordpress\/ -->\n<title>Bamboo velvet women&#039;s bathrobe 0383b<\/title>\n<meta name=\"description\" content=\"Luxurious bamboo-cotton bathrobe: cool in summer, warm in winter, OEKO-TEX\u00ae certified, sizes S-4XL. Perfect for any season.\" \/>\n<meta name=\"robots\" content=\"index, follow, max-snippet:-1, max-image-preview:large, max-video-preview:-1\" \/>\n<link rel=\"canonical\" href=\"https:\/\/pidzaama.ee\/en\/product\/bamboo-velvet-womens-bathrobe-0383b-kopeeri\/\" \/>\n<meta property=\"og:locale\" content=\"en_US\" \/>\n<meta property=\"og:type\" content=\"article\" \/>\n<meta property=\"og:title\" content=\"Bamboo velvet women&#039;s bathrobe 0383b\" \/>\n<meta property=\"og:description\" content=\"Luxurious bamboo-cotton bathrobe: cool in summer, warm in winter, OEKO-TEX\u00ae certified, sizes S-4XL. Perfect for any season.\" \/>\n<meta property=\"og:url\" content=\"https:\/\/pidzaama.ee\/en\/product\/bamboo-velvet-womens-bathrobe-0383b-kopeeri\/\" \/>\n<meta property=\"og:site_name\" content=\"Pidzaama\" \/>\n<meta property=\"article:modified_time\" content=\"2026-04-06T13:20:59+00:00\" \/>\n<meta property=\"og:image\" content=\"https:\/\/pidzaama.ee\/wp-content\/uploads\/2026\/04\/0383-helepruun.png\" \/>\n\t<meta property=\"og:image:width\" content=\"1066\" \/>\n\t<meta property=\"og:image:height\" content=\"1600\" \/>\n\t<meta property=\"og:image:type\" content=\"image\/png\" \/>\n<meta name=\"twitter:card\" content=\"summary_large_image\" \/>\n<meta name=\"twitter:label1\" content=\"Est. reading time\" \/>\n\t<meta name=\"twitter:data1\" content=\"1 minute\" \/>\n<script type=\"application\/ld+json\" class=\"yoast-schema-graph\">{\"@context\":\"https:\\\/\\\/schema.org\",\"@graph\":[{\"@type\":\"WebPage\",\"@id\":\"https:\\\/\\\/pidzaama.ee\\\/en\\\/product\\\/bamboo-velvet-womens-bathrobe-0383b-kopeeri\\\/\",\"url\":\"https:\\\/\\\/pidzaama.ee\\\/en\\\/product\\\/bamboo-velvet-womens-bathrobe-0383b-kopeeri\\\/\",\"name\":\"Bamboo velvet women's bathrobe 0383b\",\"isPartOf\":{\"@id\":\"https:\\\/\\\/pidzaama.ee\\\/en\\\/#website\"},\"primaryImageOfPage\":{\"@id\":\"https:\\\/\\\/pidzaama.ee\\\/en\\\/product\\\/bamboo-velvet-womens-bathrobe-0383b-kopeeri\\\/#primaryimage\"},\"image\":{\"@id\":\"https:\\\/\\\/pidzaama.ee\\\/en\\\/product\\\/bamboo-velvet-womens-bathrobe-0383b-kopeeri\\\/#primaryimage\"},\"thumbnailUrl\":\"https:\\\/\\\/pidzaama.ee\\\/wp-content\\\/uploads\\\/2026\\\/04\\\/0383-helepruun.png\",\"datePublished\":\"2026-04-06T13:14:56+00:00\",\"dateModified\":\"2026-04-06T13:20:59+00:00\",\"description\":\"Luxurious bamboo-cotton bathrobe: cool in summer, warm in winter, OEKO-TEX\u00ae certified, sizes S-4XL. Perfect for any season.\",\"breadcrumb\":{\"@id\":\"https:\\\/\\\/pidzaama.ee\\\/en\\\/product\\\/bamboo-velvet-womens-bathrobe-0383b-kopeeri\\\/#breadcrumb\"},\"inLanguage\":\"en-US\",\"potentialAction\":[{\"@type\":\"ReadAction\",\"target\":[\"https:\\\/\\\/pidzaama.ee\\\/en\\\/product\\\/bamboo-velvet-womens-bathrobe-0383b-kopeeri\\\/\"]}]},{\"@type\":\"ImageObject\",\"inLanguage\":\"en-US\",\"@id\":\"https:\\\/\\\/pidzaama.ee\\\/en\\\/product\\\/bamboo-velvet-womens-bathrobe-0383b-kopeeri\\\/#primaryimage\",\"url\":\"https:\\\/\\\/pidzaama.ee\\\/wp-content\\\/uploads\\\/2026\\\/04\\\/0383-helepruun.png\",\"contentUrl\":\"https:\\\/\\\/pidzaama.ee\\\/wp-content\\\/uploads\\\/2026\\\/04\\\/0383-helepruun.png\",\"width\":1066,\"height\":1600},{\"@type\":\"BreadcrumbList\",\"@id\":\"https:\\\/\\\/pidzaama.ee\\\/en\\\/product\\\/bamboo-velvet-womens-bathrobe-0383b-kopeeri\\\/#breadcrumb\",\"itemListElement\":[{\"@type\":\"ListItem\",\"position\":1,\"name\":\"Home\",\"item\":\"https:\\\/\\\/pidzaama.ee\\\/en\\\/home\\\/\"},{\"@type\":\"ListItem\",\"position\":2,\"name\":\"ABOUT US\",\"item\":\"https:\\\/\\\/pidzaama.ee\\\/en\\\/about-us\\\/\"},{\"@type\":\"ListItem\",\"position\":3,\"name\":\"Bamboo velvet women&#8217;s bathrobe 0383B\"}]},{\"@type\":\"WebSite\",\"@id\":\"https:\\\/\\\/pidzaama.ee\\\/en\\\/#website\",\"url\":\"https:\\\/\\\/pidzaama.ee\\\/en\\\/\",\"name\":\"Pidzaama\",\"description\":\"T\u00e4iendame pidevalt meie sortimendi ning suurusi!\",\"potentialAction\":[{\"@type\":\"SearchAction\",\"target\":{\"@type\":\"EntryPoint\",\"urlTemplate\":\"https:\\\/\\\/pidzaama.ee\\\/en\\\/?s={search_term_string}\"},\"query-input\":{\"@type\":\"PropertyValueSpecification\",\"valueRequired\":true,\"valueName\":\"search_term_string\"}}],\"inLanguage\":\"en-US\"}]}<\/script>\n<!-- \/ Yoast SEO plugin. -->","yoast_head_json":{"title":"Bamboo velvet women's bathrobe 0383b","description":"Luxurious bamboo-cotton bathrobe: cool in summer, warm in winter, OEKO-TEX\u00ae certified, sizes S-4XL. Perfect for any season.","robots":{"index":"index","follow":"follow","max-snippet":"max-snippet:-1","max-image-preview":"max-image-preview:large","max-video-preview":"max-video-preview:-1"},"canonical":"https:\/\/pidzaama.ee\/en\/product\/bamboo-velvet-womens-bathrobe-0383b-kopeeri\/","og_locale":"en_US","og_type":"article","og_title":"Bamboo velvet women's bathrobe 0383b","og_description":"Luxurious bamboo-cotton bathrobe: cool in summer, warm in winter, OEKO-TEX\u00ae certified, sizes S-4XL. Perfect for any season.","og_url":"https:\/\/pidzaama.ee\/en\/product\/bamboo-velvet-womens-bathrobe-0383b-kopeeri\/","og_site_name":"Pidzaama","article_modified_time":"2026-04-06T13:20:59+00:00","og_image":[{"width":1066,"height":1600,"url":"https:\/\/pidzaama.ee\/wp-content\/uploads\/2026\/04\/0383-helepruun.png","type":"image\/png"}],"twitter_card":"summary_large_image","twitter_misc":{"Est. reading time":"1 minute"},"schema":{"@context":"https:\/\/schema.org","@graph":[{"@type":"WebPage","@id":"https:\/\/pidzaama.ee\/en\/product\/bamboo-velvet-womens-bathrobe-0383b-kopeeri\/","url":"https:\/\/pidzaama.ee\/en\/product\/bamboo-velvet-womens-bathrobe-0383b-kopeeri\/","name":"Bamboo velvet women's bathrobe 0383b","isPartOf":{"@id":"https:\/\/pidzaama.ee\/en\/#website"},"primaryImageOfPage":{"@id":"https:\/\/pidzaama.ee\/en\/product\/bamboo-velvet-womens-bathrobe-0383b-kopeeri\/#primaryimage"},"image":{"@id":"https:\/\/pidzaama.ee\/en\/product\/bamboo-velvet-womens-bathrobe-0383b-kopeeri\/#primaryimage"},"thumbnailUrl":"https:\/\/pidzaama.ee\/wp-content\/uploads\/2026\/04\/0383-helepruun.png","datePublished":"2026-04-06T13:14:56+00:00","dateModified":"2026-04-06T13:20:59+00:00","description":"Luxurious bamboo-cotton bathrobe: cool in summer, warm in winter, OEKO-TEX\u00ae certified, sizes S-4XL. Perfect for any season.","breadcrumb":{"@id":"https:\/\/pidzaama.ee\/en\/product\/bamboo-velvet-womens-bathrobe-0383b-kopeeri\/#breadcrumb"},"inLanguage":"en-US","potentialAction":[{"@type":"ReadAction","target":["https:\/\/pidzaama.ee\/en\/product\/bamboo-velvet-womens-bathrobe-0383b-kopeeri\/"]}]},{"@type":"ImageObject","inLanguage":"en-US","@id":"https:\/\/pidzaama.ee\/en\/product\/bamboo-velvet-womens-bathrobe-0383b-kopeeri\/#primaryimage","url":"https:\/\/pidzaama.ee\/wp-content\/uploads\/2026\/04\/0383-helepruun.png","contentUrl":"https:\/\/pidzaama.ee\/wp-content\/uploads\/2026\/04\/0383-helepruun.png","width":1066,"height":1600},{"@type":"BreadcrumbList","@id":"https:\/\/pidzaama.ee\/en\/product\/bamboo-velvet-womens-bathrobe-0383b-kopeeri\/#breadcrumb","itemListElement":[{"@type":"ListItem","position":1,"name":"Home","item":"https:\/\/pidzaama.ee\/en\/home\/"},{"@type":"ListItem","position":2,"name":"ABOUT US","item":"https:\/\/pidzaama.ee\/en\/about-us\/"},{"@type":"ListItem","position":3,"name":"Bamboo velvet women&#8217;s bathrobe 0383B"}]},{"@type":"WebSite","@id":"https:\/\/pidzaama.ee\/en\/#website","url":"https:\/\/pidzaama.ee\/en\/","name":"Pidzaama","description":"T\u00e4iendame pidevalt meie sortimendi ning suurusi!","potentialAction":[{"@type":"SearchAction","target":{"@type":"EntryPoint","urlTemplate":"https:\/\/pidzaama.ee\/en\/?s={search_term_string}"},"query-input":{"@type":"PropertyValueSpecification","valueRequired":true,"valueName":"search_term_string"}}],"inLanguage":"en-US"}]}},"_links":{"self":[{"href":"https:\/\/pidzaama.ee\/en\/wp-json\/wp\/v2\/product\/20666","targetHints":{"allow":["GET"]}}],"collection":[{"href":"https:\/\/pidzaama.ee\/en\/wp-json\/wp\/v2\/product"}],"about":[{"href":"https:\/\/pidzaama.ee\/en\/wp-json\/wp\/v2\/types\/product"}],"wp:featuredmedia":[{"embeddable":true,"href":"https:\/\/pidzaama.ee\/en\/wp-json\/wp\/v2\/media\/20681"}],"wp:attachment":[{"href":"https:\/\/pidzaama.ee\/en\/wp-json\/wp\/v2\/media?parent=20666"}],"wp:term":[{"taxonomy":"product_brand","embeddable":true,"href":"https:\/\/pidzaama.ee\/en\/wp-json\/wp\/v2\/product_brand?post=20666"},{"taxonomy":"product_cat","embeddable":true,"href":"https:\/\/pidzaama.ee\/en\/wp-json\/wp\/v2\/product_cat?post=20666"},{"taxonomy":"product_tag","embeddable":true,"href":"https:\/\/pidzaama.ee\/en\/wp-json\/wp\/v2\/product_tag?post=20666"}],"curies":[{"name":"wp","href":"https:\/\/api.w.org\/{rel}","templated":true}]}}