{"id":3806,"date":"2021-04-09T19:24:12","date_gmt":"2021-04-09T19:24:12","guid":{"rendered":"https:\/\/pidzaama-ee.vserver.zonevs.eu\/product\/meeste-pidzaama-12286k\/"},"modified":"2021-07-16T12:04:05","modified_gmt":"2021-07-16T12:04:05","slug":"meeste-pidzaama-12286k","status":"publish","type":"product","link":"https:\/\/pidzaama.ee\/en\/product\/meeste-pidzaama-12286k\/","title":{"rendered":"Cotton pajama 12286K"},"content":{"rendered":"<p>Material: 100% cotton<\/p>\n<p>S-2XL<\/p>\n<p>Color of product may differ from the color in the picture<\/p>\n<p>Please study carefully the size chart<\/p>\n<table border=\"0\" width=\"604\" cellspacing=\"0\" cellpadding=\"0\">\n<colgroup>\n<col span=\"2\" width=\"151\" \/>\n<col span=\"2\" width=\"151\" \/><\/colgroup>\n<tbody>\n<tr>\n<td class=\"xl66\" width=\"151\" height=\"24\"><\/td>\n<td class=\"xl69\" width=\"151\">Rinna\u00fcmberm\u00f5\u00f5t<\/td>\n<td class=\"xl69\" width=\"151\">Puusa\u00fcmberm\u00f5\u00f5t<\/td>\n<td class=\"xl69\" width=\"151\">P\u00fckste pikkus<\/td>\n<\/tr>\n<tr>\n<td class=\"xl66\" height=\"21\"><\/td>\n<td class=\"xl69\">\u041e\u0431\u044a\u0435\u043c \u0433\u0440\u0443\u0434\u0438<\/td>\n<td class=\"xl69\">\u041e\u0431\u044a\u0435\u043c \u0431\u0435\u0434\u0435\u0440<\/td>\n<td class=\"xl69\">\u0414\u043b\u0438\u043d\u0430 \u0448\u0442\u0430\u043d\u043e\u0432<\/td>\n<\/tr>\n<tr>\n<td class=\"xl66\" height=\"21\"><\/td>\n<td class=\"xl69\">Chest<\/td>\n<td class=\"xl69\">Hips<\/td>\n<td class=\"xl69\">Outside leg<\/td>\n<\/tr>\n<tr>\n<td class=\"xl67\" height=\"21\">S<\/td>\n<td class=\"xl65\" width=\"151\">104<\/td>\n<td class=\"xl68\">102<\/td>\n<td class=\"xl68\">53<\/td>\n<\/tr>\n<tr>\n<td class=\"xl67\" height=\"21\">M<\/td>\n<td class=\"xl65\" width=\"151\">108<\/td>\n<td class=\"xl68\">108<\/td>\n<td class=\"xl68\">54<\/td>\n<\/tr>\n<tr>\n<td class=\"xl67\" height=\"21\">L<\/td>\n<td class=\"xl68\">112<\/td>\n<td class=\"xl68\">112<\/td>\n<td class=\"xl68\">55<\/td>\n<\/tr>\n<tr>\n<td class=\"xl67\" height=\"21\">XL<\/td>\n<td class=\"xl68\">116<\/td>\n<td class=\"xl68\">116<\/td>\n<td class=\"xl68\">56<\/td>\n<\/tr>\n<tr>\n<td class=\"xl67\" height=\"21\">2XL<\/td>\n<td class=\"xl68\">120<\/td>\n<td class=\"xl68\">120<\/td>\n<td class=\"xl68\">57<\/td>\n<\/tr>\n<\/tbody>\n<\/table>\n<p class=\"MsoNormal\" style=\"box-sizing: inherit; margin-bottom: 1rem; line-height: normal;\">\n","protected":false},"excerpt":{"rendered":"<p>Material: 100% cotton S-2XL Color of product may differ from the color in the picture Please study carefully the size chart Rinna\u00fcmberm\u00f5\u00f5t Puusa\u00fcmberm\u00f5\u00f5t P\u00fckste pikkus \u041e\u0431\u044a\u0435\u043c \u0433\u0440\u0443\u0434\u0438 \u041e\u0431\u044a\u0435\u043c \u0431\u0435\u0434\u0435\u0440 \u0414\u043b\u0438\u043d\u0430 \u0448\u0442\u0430\u043d\u043e\u0432 Chest Hips Outside leg S 104 102 53 M 108 108 54 L 112 112 55 XL 116 116 56 2XL 120 120 57<\/p>\n","protected":false},"featured_media":3807,"template":"","meta":[],"product_brand":[],"product_cat":[156,172,157],"product_tag":[],"class_list":{"0":"post-3806","1":"product","2":"type-product","3":"status-publish","4":"has-post-thumbnail","6":"product_cat-meeste-pidzaamad-ja-hommikumantlid-en","7":"product_cat-meeste-pidzaamad-luhikeste-pukstega-en","8":"product_cat-meeste-pidzaamad-ja-ooriided-en","10":"first","11":"outofstock","12":"taxable","13":"shipping-taxable","14":"product-type-variable"},"yoast_head":"<!-- This site is optimized with the Yoast SEO plugin v27.3 - https:\/\/yoast.com\/product\/yoast-seo-wordpress\/ -->\n<title>Meeste pid\u017eaama 12286K<\/title>\n<meta name=\"robots\" content=\"index, follow, max-snippet:-1, max-image-preview:large, max-video-preview:-1\" \/>\n<link rel=\"canonical\" href=\"https:\/\/pidzaama.ee\/en\/product\/meeste-pidzaama-12286k\/\" \/>\n<meta property=\"og:locale\" content=\"en_US\" \/>\n<meta property=\"og:type\" content=\"article\" \/>\n<meta property=\"og:title\" content=\"Meeste pid\u017eaama 12286K\" \/>\n<meta property=\"og:description\" content=\"Material: 100% cotton S-2XL Color of product may differ from the color in the picture Please study carefully the size chart Rinna\u00fcmberm\u00f5\u00f5t Puusa\u00fcmberm\u00f5\u00f5t P\u00fckste pikkus \u041e\u0431\u044a\u0435\u043c \u0433\u0440\u0443\u0434\u0438 \u041e\u0431\u044a\u0435\u043c \u0431\u0435\u0434\u0435\u0440 \u0414\u043b\u0438\u043d\u0430 \u0448\u0442\u0430\u043d\u043e\u0432 Chest Hips Outside leg S 104 102 53 M 108 108 54 L 112 112 55 XL 116 116 56 2XL 120 120 57\" \/>\n<meta property=\"og:url\" content=\"https:\/\/pidzaama.ee\/en\/product\/meeste-pidzaama-12286k\/\" \/>\n<meta property=\"og:site_name\" content=\"Pidzaama\" \/>\n<meta property=\"article:modified_time\" content=\"2021-07-16T12:04:05+00:00\" \/>\n<meta property=\"og:image\" content=\"https:\/\/pidzaama.ee\/wp-content\/uploads\/2021\/05\/12286K.jpg\" \/>\n\t<meta property=\"og:image:width\" content=\"1200\" \/>\n\t<meta property=\"og:image:height\" content=\"1600\" \/>\n\t<meta property=\"og:image:type\" content=\"image\/jpeg\" \/>\n<meta name=\"twitter:card\" content=\"summary_large_image\" \/>\n<meta name=\"twitter:label1\" content=\"Est. reading time\" \/>\n\t<meta name=\"twitter:data1\" content=\"1 minute\" \/>\n<script type=\"application\/ld+json\" class=\"yoast-schema-graph\">{\"@context\":\"https:\\\/\\\/schema.org\",\"@graph\":[{\"@type\":\"WebPage\",\"@id\":\"https:\\\/\\\/pidzaama.ee\\\/en\\\/product\\\/meeste-pidzaama-12286k\\\/\",\"url\":\"https:\\\/\\\/pidzaama.ee\\\/en\\\/product\\\/meeste-pidzaama-12286k\\\/\",\"name\":\"Meeste pid\u017eaama 12286K\",\"isPartOf\":{\"@id\":\"https:\\\/\\\/pidzaama.ee\\\/en\\\/#website\"},\"primaryImageOfPage\":{\"@id\":\"https:\\\/\\\/pidzaama.ee\\\/en\\\/product\\\/meeste-pidzaama-12286k\\\/#primaryimage\"},\"image\":{\"@id\":\"https:\\\/\\\/pidzaama.ee\\\/en\\\/product\\\/meeste-pidzaama-12286k\\\/#primaryimage\"},\"thumbnailUrl\":\"https:\\\/\\\/pidzaama.ee\\\/wp-content\\\/uploads\\\/2021\\\/05\\\/12286K.jpg\",\"datePublished\":\"2021-04-09T19:24:12+00:00\",\"dateModified\":\"2021-07-16T12:04:05+00:00\",\"breadcrumb\":{\"@id\":\"https:\\\/\\\/pidzaama.ee\\\/en\\\/product\\\/meeste-pidzaama-12286k\\\/#breadcrumb\"},\"inLanguage\":\"en-US\",\"potentialAction\":[{\"@type\":\"ReadAction\",\"target\":[\"https:\\\/\\\/pidzaama.ee\\\/en\\\/product\\\/meeste-pidzaama-12286k\\\/\"]}]},{\"@type\":\"ImageObject\",\"inLanguage\":\"en-US\",\"@id\":\"https:\\\/\\\/pidzaama.ee\\\/en\\\/product\\\/meeste-pidzaama-12286k\\\/#primaryimage\",\"url\":\"https:\\\/\\\/pidzaama.ee\\\/wp-content\\\/uploads\\\/2021\\\/05\\\/12286K.jpg\",\"contentUrl\":\"https:\\\/\\\/pidzaama.ee\\\/wp-content\\\/uploads\\\/2021\\\/05\\\/12286K.jpg\",\"width\":1200,\"height\":1600},{\"@type\":\"BreadcrumbList\",\"@id\":\"https:\\\/\\\/pidzaama.ee\\\/en\\\/product\\\/meeste-pidzaama-12286k\\\/#breadcrumb\",\"itemListElement\":[{\"@type\":\"ListItem\",\"position\":1,\"name\":\"Home\",\"item\":\"https:\\\/\\\/pidzaama.ee\\\/en\\\/home\\\/\"},{\"@type\":\"ListItem\",\"position\":2,\"name\":\"ABOUT US\",\"item\":\"https:\\\/\\\/pidzaama.ee\\\/en\\\/about-us\\\/\"},{\"@type\":\"ListItem\",\"position\":3,\"name\":\"Cotton pajama 12286K\"}]},{\"@type\":\"WebSite\",\"@id\":\"https:\\\/\\\/pidzaama.ee\\\/en\\\/#website\",\"url\":\"https:\\\/\\\/pidzaama.ee\\\/en\\\/\",\"name\":\"Pidzaama\",\"description\":\"T\u00e4iendame pidevalt meie sortimendi ning suurusi!\",\"potentialAction\":[{\"@type\":\"SearchAction\",\"target\":{\"@type\":\"EntryPoint\",\"urlTemplate\":\"https:\\\/\\\/pidzaama.ee\\\/en\\\/?s={search_term_string}\"},\"query-input\":{\"@type\":\"PropertyValueSpecification\",\"valueRequired\":true,\"valueName\":\"search_term_string\"}}],\"inLanguage\":\"en-US\"}]}<\/script>\n<!-- \/ Yoast SEO plugin. -->","yoast_head_json":{"title":"Meeste pid\u017eaama 12286K","robots":{"index":"index","follow":"follow","max-snippet":"max-snippet:-1","max-image-preview":"max-image-preview:large","max-video-preview":"max-video-preview:-1"},"canonical":"https:\/\/pidzaama.ee\/en\/product\/meeste-pidzaama-12286k\/","og_locale":"en_US","og_type":"article","og_title":"Meeste pid\u017eaama 12286K","og_description":"Material: 100% cotton S-2XL Color of product may differ from the color in the picture Please study carefully the size chart Rinna\u00fcmberm\u00f5\u00f5t Puusa\u00fcmberm\u00f5\u00f5t P\u00fckste pikkus \u041e\u0431\u044a\u0435\u043c \u0433\u0440\u0443\u0434\u0438 \u041e\u0431\u044a\u0435\u043c \u0431\u0435\u0434\u0435\u0440 \u0414\u043b\u0438\u043d\u0430 \u0448\u0442\u0430\u043d\u043e\u0432 Chest Hips Outside leg S 104 102 53 M 108 108 54 L 112 112 55 XL 116 116 56 2XL 120 120 57","og_url":"https:\/\/pidzaama.ee\/en\/product\/meeste-pidzaama-12286k\/","og_site_name":"Pidzaama","article_modified_time":"2021-07-16T12:04:05+00:00","og_image":[{"width":1200,"height":1600,"url":"https:\/\/pidzaama.ee\/wp-content\/uploads\/2021\/05\/12286K.jpg","type":"image\/jpeg"}],"twitter_card":"summary_large_image","twitter_misc":{"Est. reading time":"1 minute"},"schema":{"@context":"https:\/\/schema.org","@graph":[{"@type":"WebPage","@id":"https:\/\/pidzaama.ee\/en\/product\/meeste-pidzaama-12286k\/","url":"https:\/\/pidzaama.ee\/en\/product\/meeste-pidzaama-12286k\/","name":"Meeste pid\u017eaama 12286K","isPartOf":{"@id":"https:\/\/pidzaama.ee\/en\/#website"},"primaryImageOfPage":{"@id":"https:\/\/pidzaama.ee\/en\/product\/meeste-pidzaama-12286k\/#primaryimage"},"image":{"@id":"https:\/\/pidzaama.ee\/en\/product\/meeste-pidzaama-12286k\/#primaryimage"},"thumbnailUrl":"https:\/\/pidzaama.ee\/wp-content\/uploads\/2021\/05\/12286K.jpg","datePublished":"2021-04-09T19:24:12+00:00","dateModified":"2021-07-16T12:04:05+00:00","breadcrumb":{"@id":"https:\/\/pidzaama.ee\/en\/product\/meeste-pidzaama-12286k\/#breadcrumb"},"inLanguage":"en-US","potentialAction":[{"@type":"ReadAction","target":["https:\/\/pidzaama.ee\/en\/product\/meeste-pidzaama-12286k\/"]}]},{"@type":"ImageObject","inLanguage":"en-US","@id":"https:\/\/pidzaama.ee\/en\/product\/meeste-pidzaama-12286k\/#primaryimage","url":"https:\/\/pidzaama.ee\/wp-content\/uploads\/2021\/05\/12286K.jpg","contentUrl":"https:\/\/pidzaama.ee\/wp-content\/uploads\/2021\/05\/12286K.jpg","width":1200,"height":1600},{"@type":"BreadcrumbList","@id":"https:\/\/pidzaama.ee\/en\/product\/meeste-pidzaama-12286k\/#breadcrumb","itemListElement":[{"@type":"ListItem","position":1,"name":"Home","item":"https:\/\/pidzaama.ee\/en\/home\/"},{"@type":"ListItem","position":2,"name":"ABOUT US","item":"https:\/\/pidzaama.ee\/en\/about-us\/"},{"@type":"ListItem","position":3,"name":"Cotton pajama 12286K"}]},{"@type":"WebSite","@id":"https:\/\/pidzaama.ee\/en\/#website","url":"https:\/\/pidzaama.ee\/en\/","name":"Pidzaama","description":"T\u00e4iendame pidevalt meie sortimendi ning suurusi!","potentialAction":[{"@type":"SearchAction","target":{"@type":"EntryPoint","urlTemplate":"https:\/\/pidzaama.ee\/en\/?s={search_term_string}"},"query-input":{"@type":"PropertyValueSpecification","valueRequired":true,"valueName":"search_term_string"}}],"inLanguage":"en-US"}]}},"_links":{"self":[{"href":"https:\/\/pidzaama.ee\/en\/wp-json\/wp\/v2\/product\/3806","targetHints":{"allow":["GET"]}}],"collection":[{"href":"https:\/\/pidzaama.ee\/en\/wp-json\/wp\/v2\/product"}],"about":[{"href":"https:\/\/pidzaama.ee\/en\/wp-json\/wp\/v2\/types\/product"}],"wp:featuredmedia":[{"embeddable":true,"href":"https:\/\/pidzaama.ee\/en\/wp-json\/wp\/v2\/media\/3807"}],"wp:attachment":[{"href":"https:\/\/pidzaama.ee\/en\/wp-json\/wp\/v2\/media?parent=3806"}],"wp:term":[{"taxonomy":"product_brand","embeddable":true,"href":"https:\/\/pidzaama.ee\/en\/wp-json\/wp\/v2\/product_brand?post=3806"},{"taxonomy":"product_cat","embeddable":true,"href":"https:\/\/pidzaama.ee\/en\/wp-json\/wp\/v2\/product_cat?post=3806"},{"taxonomy":"product_tag","embeddable":true,"href":"https:\/\/pidzaama.ee\/en\/wp-json\/wp\/v2\/product_tag?post=3806"}],"curies":[{"name":"wp","href":"https:\/\/api.w.org\/{rel}","templated":true}]}}