{"id":3822,"date":"2021-03-11T13:57:18","date_gmt":"2021-03-11T13:57:18","guid":{"rendered":"https:\/\/pidzaama-ee.vserver.zonevs.eu\/product\/naiste-puuvillane-pidzaama-11620r\/"},"modified":"2023-01-01T00:02:09","modified_gmt":"2023-01-01T00:02:09","slug":"naiste-puuvillane-pidzaama-11620r","status":"publish","type":"product","link":"https:\/\/pidzaama.ee\/en\/product\/naiste-puuvillane-pidzaama-11620r\/","title":{"rendered":"Cotton pajama 11620R"},"content":{"rendered":"<p>Material: 100% cotton<\/p>\n<p>S-2XL<\/p>\n<p>Color of product may differ from the color in the picture<\/p>\n<p>Please study carefully the size chart<\/p>\n<table border=\"0\" width=\"604\" cellspacing=\"0\" cellpadding=\"0\">\n<colgroup>\n<col span=\"2\" width=\"151\" \/>\n<col span=\"2\" width=\"151\" \/><\/colgroup>\n<tbody>\n<tr>\n<td class=\"xl66\" width=\"151\" height=\"24\"><\/td>\n<td class=\"xl69\" width=\"151\">Rinna\u00fcmberm\u00f5\u00f5t<\/td>\n<td class=\"xl69\" width=\"151\">Puusa\u00fcmberm\u00f5\u00f5t<\/td>\n<td class=\"xl69\" width=\"151\">P\u00fckste pikkus<\/td>\n<\/tr>\n<tr>\n<td class=\"xl66\" height=\"21\"><\/td>\n<td class=\"xl69\">\u041e\u0431\u044a\u0435\u043c \u0433\u0440\u0443\u0434\u0438<\/td>\n<td class=\"xl69\">\u041e\u0431\u044a\u0435\u043c \u0431\u0435\u0434\u0435\u0440<\/td>\n<td class=\"xl69\">\u0414\u043b\u0438\u043d\u0430 \u0448\u0442\u0430\u043d\u043e\u0432<\/td>\n<\/tr>\n<tr>\n<td class=\"xl66\" height=\"21\"><\/td>\n<td class=\"xl69\">Chest<\/td>\n<td class=\"xl69\">Hips<\/td>\n<td class=\"xl69\">Outside leg<\/td>\n<\/tr>\n<tr>\n<td class=\"xl67\" height=\"21\">S<\/td>\n<td class=\"xl65\" width=\"151\">84<\/td>\n<td class=\"xl68\">102<\/td>\n<td class=\"xl68\">95<\/td>\n<\/tr>\n<tr>\n<td class=\"xl67\" height=\"21\">M<\/td>\n<td class=\"xl65\" width=\"151\">86<\/td>\n<td class=\"xl68\">108<\/td>\n<td class=\"xl68\">97<\/td>\n<\/tr>\n<tr>\n<td class=\"xl67\" height=\"21\">L<\/td>\n<td class=\"xl68\">88<\/td>\n<td class=\"xl68\">110<\/td>\n<td class=\"xl68\">100<\/td>\n<\/tr>\n<tr>\n<td class=\"xl67\" height=\"21\">XL<\/td>\n<td class=\"xl68\">94<\/td>\n<td class=\"xl68\">112<\/td>\n<td class=\"xl68\">103<\/td>\n<\/tr>\n<tr>\n<td class=\"xl67\" height=\"21\">2XL<\/td>\n<td class=\"xl68\">98<\/td>\n<td class=\"xl68\">116<\/td>\n<td class=\"xl68\">106<\/td>\n<\/tr>\n<\/tbody>\n<\/table>\n<p>&nbsp;<\/p>\n","protected":false},"excerpt":{"rendered":"<p>Material: 100% cotton S-2XL Color of product may differ from the color in the picture Please study carefully the size chart Rinna\u00fcmberm\u00f5\u00f5t Puusa\u00fcmberm\u00f5\u00f5t P\u00fckste pikkus \u041e\u0431\u044a\u0435\u043c \u0433\u0440\u0443\u0434\u0438 \u041e\u0431\u044a\u0435\u043c \u0431\u0435\u0434\u0435\u0440 \u0414\u043b\u0438\u043d\u0430 \u0448\u0442\u0430\u043d\u043e\u0432 Chest Hips Outside leg S 84 102 95 M 86 108 97 L 88 110 100 XL 94 112 103 2XL 98 116 106 [&hellip;]<\/p>\n","protected":false},"featured_media":3823,"template":"","meta":[],"product_brand":[],"product_cat":[165,153,169,171],"product_tag":[],"class_list":{"0":"post-3822","1":"product","2":"type-product","3":"status-publish","4":"has-post-thumbnail","6":"product_cat-homeclothing","7":"product_cat-naiste-pidzaamad-ja-oosargid-en","8":"product_cat-naised-pidzaamad-en","9":"product_cat-naised-pidzaamad-pikkade-pukstega-en","11":"first","12":"outofstock","13":"taxable","14":"shipping-taxable","15":"product-type-variable"},"yoast_head":"<!-- This site is optimized with the Yoast SEO plugin v27.3 - https:\/\/yoast.com\/product\/yoast-seo-wordpress\/ -->\n<title>Naiste puuvillane pid\u017eaama 11620R<\/title>\n<meta name=\"robots\" content=\"index, follow, max-snippet:-1, max-image-preview:large, max-video-preview:-1\" \/>\n<link rel=\"canonical\" href=\"https:\/\/pidzaama.ee\/en\/product\/naiste-puuvillane-pidzaama-11620r\/\" \/>\n<meta property=\"og:locale\" content=\"en_US\" \/>\n<meta property=\"og:type\" content=\"article\" \/>\n<meta property=\"og:title\" content=\"Naiste puuvillane pid\u017eaama 11620R\" \/>\n<meta property=\"og:description\" content=\"Material: 100% cotton S-2XL Color of product may differ from the color in the picture Please study carefully the size chart Rinna\u00fcmberm\u00f5\u00f5t Puusa\u00fcmberm\u00f5\u00f5t P\u00fckste pikkus \u041e\u0431\u044a\u0435\u043c \u0433\u0440\u0443\u0434\u0438 \u041e\u0431\u044a\u0435\u043c \u0431\u0435\u0434\u0435\u0440 \u0414\u043b\u0438\u043d\u0430 \u0448\u0442\u0430\u043d\u043e\u0432 Chest Hips Outside leg S 84 102 95 M 86 108 97 L 88 110 100 XL 94 112 103 2XL 98 116 106 [&hellip;]\" \/>\n<meta property=\"og:url\" content=\"https:\/\/pidzaama.ee\/en\/product\/naiste-puuvillane-pidzaama-11620r\/\" \/>\n<meta property=\"og:site_name\" content=\"Pidzaama\" \/>\n<meta property=\"article:modified_time\" content=\"2023-01-01T00:02:09+00:00\" \/>\n<meta property=\"og:image\" content=\"https:\/\/pidzaama.ee\/wp-content\/uploads\/2021\/05\/11620R.JPG\" \/>\n\t<meta property=\"og:image:width\" content=\"1200\" \/>\n\t<meta property=\"og:image:height\" content=\"1800\" \/>\n\t<meta property=\"og:image:type\" content=\"image\/jpeg\" \/>\n<meta name=\"twitter:card\" content=\"summary_large_image\" \/>\n<meta name=\"twitter:label1\" content=\"Est. reading time\" \/>\n\t<meta name=\"twitter:data1\" content=\"1 minute\" \/>\n<script type=\"application\/ld+json\" class=\"yoast-schema-graph\">{\"@context\":\"https:\\\/\\\/schema.org\",\"@graph\":[{\"@type\":\"WebPage\",\"@id\":\"https:\\\/\\\/pidzaama.ee\\\/en\\\/product\\\/naiste-puuvillane-pidzaama-11620r\\\/\",\"url\":\"https:\\\/\\\/pidzaama.ee\\\/en\\\/product\\\/naiste-puuvillane-pidzaama-11620r\\\/\",\"name\":\"Naiste puuvillane pid\u017eaama 11620R\",\"isPartOf\":{\"@id\":\"https:\\\/\\\/pidzaama.ee\\\/en\\\/#website\"},\"primaryImageOfPage\":{\"@id\":\"https:\\\/\\\/pidzaama.ee\\\/en\\\/product\\\/naiste-puuvillane-pidzaama-11620r\\\/#primaryimage\"},\"image\":{\"@id\":\"https:\\\/\\\/pidzaama.ee\\\/en\\\/product\\\/naiste-puuvillane-pidzaama-11620r\\\/#primaryimage\"},\"thumbnailUrl\":\"https:\\\/\\\/pidzaama.ee\\\/wp-content\\\/uploads\\\/2021\\\/05\\\/11620R.JPG\",\"datePublished\":\"2021-03-11T13:57:18+00:00\",\"dateModified\":\"2023-01-01T00:02:09+00:00\",\"breadcrumb\":{\"@id\":\"https:\\\/\\\/pidzaama.ee\\\/en\\\/product\\\/naiste-puuvillane-pidzaama-11620r\\\/#breadcrumb\"},\"inLanguage\":\"en-US\",\"potentialAction\":[{\"@type\":\"ReadAction\",\"target\":[\"https:\\\/\\\/pidzaama.ee\\\/en\\\/product\\\/naiste-puuvillane-pidzaama-11620r\\\/\"]}]},{\"@type\":\"ImageObject\",\"inLanguage\":\"en-US\",\"@id\":\"https:\\\/\\\/pidzaama.ee\\\/en\\\/product\\\/naiste-puuvillane-pidzaama-11620r\\\/#primaryimage\",\"url\":\"https:\\\/\\\/pidzaama.ee\\\/wp-content\\\/uploads\\\/2021\\\/05\\\/11620R.JPG\",\"contentUrl\":\"https:\\\/\\\/pidzaama.ee\\\/wp-content\\\/uploads\\\/2021\\\/05\\\/11620R.JPG\",\"width\":1200,\"height\":1800},{\"@type\":\"BreadcrumbList\",\"@id\":\"https:\\\/\\\/pidzaama.ee\\\/en\\\/product\\\/naiste-puuvillane-pidzaama-11620r\\\/#breadcrumb\",\"itemListElement\":[{\"@type\":\"ListItem\",\"position\":1,\"name\":\"Home\",\"item\":\"https:\\\/\\\/pidzaama.ee\\\/en\\\/home\\\/\"},{\"@type\":\"ListItem\",\"position\":2,\"name\":\"ABOUT US\",\"item\":\"https:\\\/\\\/pidzaama.ee\\\/en\\\/about-us\\\/\"},{\"@type\":\"ListItem\",\"position\":3,\"name\":\"Cotton pajama 11620R\"}]},{\"@type\":\"WebSite\",\"@id\":\"https:\\\/\\\/pidzaama.ee\\\/en\\\/#website\",\"url\":\"https:\\\/\\\/pidzaama.ee\\\/en\\\/\",\"name\":\"Pidzaama\",\"description\":\"T\u00e4iendame pidevalt meie sortimendi ning suurusi!\",\"potentialAction\":[{\"@type\":\"SearchAction\",\"target\":{\"@type\":\"EntryPoint\",\"urlTemplate\":\"https:\\\/\\\/pidzaama.ee\\\/en\\\/?s={search_term_string}\"},\"query-input\":{\"@type\":\"PropertyValueSpecification\",\"valueRequired\":true,\"valueName\":\"search_term_string\"}}],\"inLanguage\":\"en-US\"}]}<\/script>\n<!-- \/ Yoast SEO plugin. -->","yoast_head_json":{"title":"Naiste puuvillane pid\u017eaama 11620R","robots":{"index":"index","follow":"follow","max-snippet":"max-snippet:-1","max-image-preview":"max-image-preview:large","max-video-preview":"max-video-preview:-1"},"canonical":"https:\/\/pidzaama.ee\/en\/product\/naiste-puuvillane-pidzaama-11620r\/","og_locale":"en_US","og_type":"article","og_title":"Naiste puuvillane pid\u017eaama 11620R","og_description":"Material: 100% cotton S-2XL Color of product may differ from the color in the picture Please study carefully the size chart Rinna\u00fcmberm\u00f5\u00f5t Puusa\u00fcmberm\u00f5\u00f5t P\u00fckste pikkus \u041e\u0431\u044a\u0435\u043c \u0433\u0440\u0443\u0434\u0438 \u041e\u0431\u044a\u0435\u043c \u0431\u0435\u0434\u0435\u0440 \u0414\u043b\u0438\u043d\u0430 \u0448\u0442\u0430\u043d\u043e\u0432 Chest Hips Outside leg S 84 102 95 M 86 108 97 L 88 110 100 XL 94 112 103 2XL 98 116 106 [&hellip;]","og_url":"https:\/\/pidzaama.ee\/en\/product\/naiste-puuvillane-pidzaama-11620r\/","og_site_name":"Pidzaama","article_modified_time":"2023-01-01T00:02:09+00:00","og_image":[{"width":1200,"height":1800,"url":"https:\/\/pidzaama.ee\/wp-content\/uploads\/2021\/05\/11620R.JPG","type":"image\/jpeg"}],"twitter_card":"summary_large_image","twitter_misc":{"Est. reading time":"1 minute"},"schema":{"@context":"https:\/\/schema.org","@graph":[{"@type":"WebPage","@id":"https:\/\/pidzaama.ee\/en\/product\/naiste-puuvillane-pidzaama-11620r\/","url":"https:\/\/pidzaama.ee\/en\/product\/naiste-puuvillane-pidzaama-11620r\/","name":"Naiste puuvillane pid\u017eaama 11620R","isPartOf":{"@id":"https:\/\/pidzaama.ee\/en\/#website"},"primaryImageOfPage":{"@id":"https:\/\/pidzaama.ee\/en\/product\/naiste-puuvillane-pidzaama-11620r\/#primaryimage"},"image":{"@id":"https:\/\/pidzaama.ee\/en\/product\/naiste-puuvillane-pidzaama-11620r\/#primaryimage"},"thumbnailUrl":"https:\/\/pidzaama.ee\/wp-content\/uploads\/2021\/05\/11620R.JPG","datePublished":"2021-03-11T13:57:18+00:00","dateModified":"2023-01-01T00:02:09+00:00","breadcrumb":{"@id":"https:\/\/pidzaama.ee\/en\/product\/naiste-puuvillane-pidzaama-11620r\/#breadcrumb"},"inLanguage":"en-US","potentialAction":[{"@type":"ReadAction","target":["https:\/\/pidzaama.ee\/en\/product\/naiste-puuvillane-pidzaama-11620r\/"]}]},{"@type":"ImageObject","inLanguage":"en-US","@id":"https:\/\/pidzaama.ee\/en\/product\/naiste-puuvillane-pidzaama-11620r\/#primaryimage","url":"https:\/\/pidzaama.ee\/wp-content\/uploads\/2021\/05\/11620R.JPG","contentUrl":"https:\/\/pidzaama.ee\/wp-content\/uploads\/2021\/05\/11620R.JPG","width":1200,"height":1800},{"@type":"BreadcrumbList","@id":"https:\/\/pidzaama.ee\/en\/product\/naiste-puuvillane-pidzaama-11620r\/#breadcrumb","itemListElement":[{"@type":"ListItem","position":1,"name":"Home","item":"https:\/\/pidzaama.ee\/en\/home\/"},{"@type":"ListItem","position":2,"name":"ABOUT US","item":"https:\/\/pidzaama.ee\/en\/about-us\/"},{"@type":"ListItem","position":3,"name":"Cotton pajama 11620R"}]},{"@type":"WebSite","@id":"https:\/\/pidzaama.ee\/en\/#website","url":"https:\/\/pidzaama.ee\/en\/","name":"Pidzaama","description":"T\u00e4iendame pidevalt meie sortimendi ning suurusi!","potentialAction":[{"@type":"SearchAction","target":{"@type":"EntryPoint","urlTemplate":"https:\/\/pidzaama.ee\/en\/?s={search_term_string}"},"query-input":{"@type":"PropertyValueSpecification","valueRequired":true,"valueName":"search_term_string"}}],"inLanguage":"en-US"}]}},"_links":{"self":[{"href":"https:\/\/pidzaama.ee\/en\/wp-json\/wp\/v2\/product\/3822","targetHints":{"allow":["GET"]}}],"collection":[{"href":"https:\/\/pidzaama.ee\/en\/wp-json\/wp\/v2\/product"}],"about":[{"href":"https:\/\/pidzaama.ee\/en\/wp-json\/wp\/v2\/types\/product"}],"wp:featuredmedia":[{"embeddable":true,"href":"https:\/\/pidzaama.ee\/en\/wp-json\/wp\/v2\/media\/3823"}],"wp:attachment":[{"href":"https:\/\/pidzaama.ee\/en\/wp-json\/wp\/v2\/media?parent=3822"}],"wp:term":[{"taxonomy":"product_brand","embeddable":true,"href":"https:\/\/pidzaama.ee\/en\/wp-json\/wp\/v2\/product_brand?post=3822"},{"taxonomy":"product_cat","embeddable":true,"href":"https:\/\/pidzaama.ee\/en\/wp-json\/wp\/v2\/product_cat?post=3822"},{"taxonomy":"product_tag","embeddable":true,"href":"https:\/\/pidzaama.ee\/en\/wp-json\/wp\/v2\/product_tag?post=3822"}],"curies":[{"name":"wp","href":"https:\/\/api.w.org\/{rel}","templated":true}]}}