{"id":3991,"date":"2020-10-12T11:01:55","date_gmt":"2020-10-12T11:01:55","guid":{"rendered":"https:\/\/pidzaama-ee.vserver.zonevs.eu\/product\/ohuke-oosark-83598dr-puuvillviskoos\/"},"modified":"2023-01-01T00:02:09","modified_gmt":"2023-01-01T00:02:09","slug":"ohuke-oosark-83598dr-puuvillviskoos","status":"publish","type":"product","link":"https:\/\/pidzaama.ee\/en\/product\/ohuke-oosark-83598dr-puuvillviskoos\/","title":{"rendered":"Slim nightgown in cotton with viscose 83598DR"},"content":{"rendered":"<p>Material: 50% cotton, 50% viscose<\/p>\n<p>M-4XL<\/p>\n<p>Color of product may differ from the color in the picture<\/p>\n<p>Please study carefully the size chart<\/p>\n<table border=\"0\" width=\"604\" cellspacing=\"0\" cellpadding=\"0\">\n<colgroup>\n<col span=\"2\" width=\"151\" \/>\n<col span=\"2\" width=\"151\" \/><\/colgroup>\n<tbody>\n<tr>\n<td class=\"xl66\" width=\"151\" height=\"21\">Suurus<\/td>\n<td class=\"xl64\" width=\"151\">Rinna\u00fcmberm\u00f5\u00f5t<\/td>\n<td class=\"xl66\" width=\"151\">Puusa\u00fcmberm\u00f5\u00f5t<\/td>\n<td class=\"xl66\" width=\"151\">Pikkus<\/td>\n<\/tr>\n<tr>\n<td class=\"xl66\" height=\"23\">\u0420\u0430\u0437\u043c\u0435\u0440<\/td>\n<td class=\"xl68\" width=\"151\">\u041e\u0431\u044a\u0435\u043c \u0433\u0440\u0443\u0434\u0438<\/td>\n<td class=\"xl66\">\u041e\u0431\u044a\u0435\u043c \u0431\u0435\u0434\u0435\u0440<\/td>\n<td class=\"xl66\">\u0414\u043b\u0438\u043d\u0430<\/td>\n<\/tr>\n<tr>\n<td class=\"xl66\" height=\"23\">Size<\/td>\n<td class=\"xl68\" width=\"151\">Chest<\/td>\n<td class=\"xl66\">Hips<\/td>\n<td class=\"xl66\">Length<\/td>\n<\/tr>\n<tr>\n<td class=\"xl64\" height=\"21\">M<\/td>\n<td class=\"xl69\" width=\"151\">92<\/td>\n<td class=\"xl67\">108<\/td>\n<td class=\"xl67\">115<\/td>\n<\/tr>\n<tr>\n<td class=\"xl64\" height=\"21\">L<\/td>\n<td class=\"xl70\">96<\/td>\n<td class=\"xl67\">114<\/td>\n<td class=\"xl67\">117<\/td>\n<\/tr>\n<tr>\n<td class=\"xl64\" height=\"21\">XL<\/td>\n<td class=\"xl70\">100<\/td>\n<td class=\"xl67\">118<\/td>\n<td class=\"xl67\">117<\/td>\n<\/tr>\n<tr>\n<td class=\"xl64\" height=\"21\">2XL<\/td>\n<td class=\"xl70\">112<\/td>\n<td class=\"xl67\">124<\/td>\n<td class=\"xl67\">118<\/td>\n<\/tr>\n<tr>\n<td class=\"xl64\" height=\"21\">4XL<\/td>\n<td class=\"xl70\">120<\/td>\n<td class=\"xl67\">132<\/td>\n<td class=\"xl67\">119<\/td>\n<\/tr>\n<\/tbody>\n<\/table>\n","protected":false},"excerpt":{"rendered":"<p>Material: 50% cotton, 50% viscose M-4XL Color of product may differ from the color in the picture Please study carefully the size chart Suurus Rinna\u00fcmberm\u00f5\u00f5t Puusa\u00fcmberm\u00f5\u00f5t Pikkus \u0420\u0430\u0437\u043c\u0435\u0440 \u041e\u0431\u044a\u0435\u043c \u0433\u0440\u0443\u0434\u0438 \u041e\u0431\u044a\u0435\u043c \u0431\u0435\u0434\u0435\u0440 \u0414\u043b\u0438\u043d\u0430 Size Chest Hips Length M 92 108 115 L 96 114 117 XL 100 118 117 2XL 112 124 118 4XL 120 [&hellip;]<\/p>\n","protected":false},"featured_media":17750,"template":"","meta":[],"product_brand":[],"product_cat":[153,179,183,166],"product_tag":[],"class_list":{"0":"post-3991","1":"product","2":"type-product","3":"status-publish","4":"has-post-thumbnail","6":"product_cat-naiste-pidzaamad-ja-oosargid-en","7":"product_cat-oosargid-en","8":"product_cat-naised-pidzaamad-rasedatele-en","9":"product_cat-luhikeste-varrukatega-en","11":"first","12":"outofstock","13":"taxable","14":"shipping-taxable","15":"product-type-variable"},"yoast_head":"<!-- This site is optimized with the Yoast SEO plugin v27.3 - https:\/\/yoast.com\/product\/yoast-seo-wordpress\/ -->\n<title>\u00d5huke \u00f6\u00f6s\u00e4rk 83598DR puuvill+viskoos<\/title>\n<meta name=\"robots\" content=\"index, follow, max-snippet:-1, max-image-preview:large, max-video-preview:-1\" \/>\n<link rel=\"canonical\" href=\"https:\/\/pidzaama.ee\/en\/product\/ohuke-oosark-83598dr-puuvillviskoos\/\" \/>\n<meta property=\"og:locale\" content=\"en_US\" \/>\n<meta property=\"og:type\" content=\"article\" \/>\n<meta property=\"og:title\" content=\"\u00d5huke \u00f6\u00f6s\u00e4rk 83598DR puuvill+viskoos\" \/>\n<meta property=\"og:description\" content=\"Material: 50% cotton, 50% viscose M-4XL Color of product may differ from the color in the picture Please study carefully the size chart Suurus Rinna\u00fcmberm\u00f5\u00f5t Puusa\u00fcmberm\u00f5\u00f5t Pikkus \u0420\u0430\u0437\u043c\u0435\u0440 \u041e\u0431\u044a\u0435\u043c \u0433\u0440\u0443\u0434\u0438 \u041e\u0431\u044a\u0435\u043c \u0431\u0435\u0434\u0435\u0440 \u0414\u043b\u0438\u043d\u0430 Size Chest Hips Length M 92 108 115 L 96 114 117 XL 100 118 117 2XL 112 124 118 4XL 120 [&hellip;]\" \/>\n<meta property=\"og:url\" content=\"https:\/\/pidzaama.ee\/en\/product\/ohuke-oosark-83598dr-puuvillviskoos\/\" \/>\n<meta property=\"og:site_name\" content=\"Pidzaama\" \/>\n<meta property=\"article:modified_time\" content=\"2023-01-01T00:02:09+00:00\" \/>\n<meta property=\"og:image\" content=\"https:\/\/pidzaama.ee\/wp-content\/uploads\/2020\/10\/83598D.jpg\" \/>\n\t<meta property=\"og:image:width\" content=\"1200\" \/>\n\t<meta property=\"og:image:height\" content=\"1600\" \/>\n\t<meta property=\"og:image:type\" content=\"image\/jpeg\" \/>\n<meta name=\"twitter:card\" content=\"summary_large_image\" \/>\n<meta name=\"twitter:label1\" content=\"Est. reading time\" \/>\n\t<meta name=\"twitter:data1\" content=\"1 minute\" \/>\n<script type=\"application\/ld+json\" class=\"yoast-schema-graph\">{\"@context\":\"https:\\\/\\\/schema.org\",\"@graph\":[{\"@type\":\"WebPage\",\"@id\":\"https:\\\/\\\/pidzaama.ee\\\/en\\\/product\\\/ohuke-oosark-83598dr-puuvillviskoos\\\/\",\"url\":\"https:\\\/\\\/pidzaama.ee\\\/en\\\/product\\\/ohuke-oosark-83598dr-puuvillviskoos\\\/\",\"name\":\"\u00d5huke \u00f6\u00f6s\u00e4rk 83598DR puuvill+viskoos\",\"isPartOf\":{\"@id\":\"https:\\\/\\\/pidzaama.ee\\\/en\\\/#website\"},\"primaryImageOfPage\":{\"@id\":\"https:\\\/\\\/pidzaama.ee\\\/en\\\/product\\\/ohuke-oosark-83598dr-puuvillviskoos\\\/#primaryimage\"},\"image\":{\"@id\":\"https:\\\/\\\/pidzaama.ee\\\/en\\\/product\\\/ohuke-oosark-83598dr-puuvillviskoos\\\/#primaryimage\"},\"thumbnailUrl\":\"https:\\\/\\\/pidzaama.ee\\\/wp-content\\\/uploads\\\/2020\\\/10\\\/83598D.jpg\",\"datePublished\":\"2020-10-12T11:01:55+00:00\",\"dateModified\":\"2023-01-01T00:02:09+00:00\",\"breadcrumb\":{\"@id\":\"https:\\\/\\\/pidzaama.ee\\\/en\\\/product\\\/ohuke-oosark-83598dr-puuvillviskoos\\\/#breadcrumb\"},\"inLanguage\":\"en-US\",\"potentialAction\":[{\"@type\":\"ReadAction\",\"target\":[\"https:\\\/\\\/pidzaama.ee\\\/en\\\/product\\\/ohuke-oosark-83598dr-puuvillviskoos\\\/\"]}]},{\"@type\":\"ImageObject\",\"inLanguage\":\"en-US\",\"@id\":\"https:\\\/\\\/pidzaama.ee\\\/en\\\/product\\\/ohuke-oosark-83598dr-puuvillviskoos\\\/#primaryimage\",\"url\":\"https:\\\/\\\/pidzaama.ee\\\/wp-content\\\/uploads\\\/2020\\\/10\\\/83598D.jpg\",\"contentUrl\":\"https:\\\/\\\/pidzaama.ee\\\/wp-content\\\/uploads\\\/2020\\\/10\\\/83598D.jpg\",\"width\":1200,\"height\":1600},{\"@type\":\"BreadcrumbList\",\"@id\":\"https:\\\/\\\/pidzaama.ee\\\/en\\\/product\\\/ohuke-oosark-83598dr-puuvillviskoos\\\/#breadcrumb\",\"itemListElement\":[{\"@type\":\"ListItem\",\"position\":1,\"name\":\"Home\",\"item\":\"https:\\\/\\\/pidzaama.ee\\\/en\\\/home\\\/\"},{\"@type\":\"ListItem\",\"position\":2,\"name\":\"ABOUT US\",\"item\":\"https:\\\/\\\/pidzaama.ee\\\/en\\\/about-us\\\/\"},{\"@type\":\"ListItem\",\"position\":3,\"name\":\"Slim nightgown in cotton with viscose 83598DR\"}]},{\"@type\":\"WebSite\",\"@id\":\"https:\\\/\\\/pidzaama.ee\\\/en\\\/#website\",\"url\":\"https:\\\/\\\/pidzaama.ee\\\/en\\\/\",\"name\":\"Pidzaama\",\"description\":\"T\u00e4iendame pidevalt meie sortimendi ning suurusi!\",\"potentialAction\":[{\"@type\":\"SearchAction\",\"target\":{\"@type\":\"EntryPoint\",\"urlTemplate\":\"https:\\\/\\\/pidzaama.ee\\\/en\\\/?s={search_term_string}\"},\"query-input\":{\"@type\":\"PropertyValueSpecification\",\"valueRequired\":true,\"valueName\":\"search_term_string\"}}],\"inLanguage\":\"en-US\"}]}<\/script>\n<!-- \/ Yoast SEO plugin. -->","yoast_head_json":{"title":"\u00d5huke \u00f6\u00f6s\u00e4rk 83598DR puuvill+viskoos","robots":{"index":"index","follow":"follow","max-snippet":"max-snippet:-1","max-image-preview":"max-image-preview:large","max-video-preview":"max-video-preview:-1"},"canonical":"https:\/\/pidzaama.ee\/en\/product\/ohuke-oosark-83598dr-puuvillviskoos\/","og_locale":"en_US","og_type":"article","og_title":"\u00d5huke \u00f6\u00f6s\u00e4rk 83598DR puuvill+viskoos","og_description":"Material: 50% cotton, 50% viscose M-4XL Color of product may differ from the color in the picture Please study carefully the size chart Suurus Rinna\u00fcmberm\u00f5\u00f5t Puusa\u00fcmberm\u00f5\u00f5t Pikkus \u0420\u0430\u0437\u043c\u0435\u0440 \u041e\u0431\u044a\u0435\u043c \u0433\u0440\u0443\u0434\u0438 \u041e\u0431\u044a\u0435\u043c \u0431\u0435\u0434\u0435\u0440 \u0414\u043b\u0438\u043d\u0430 Size Chest Hips Length M 92 108 115 L 96 114 117 XL 100 118 117 2XL 112 124 118 4XL 120 [&hellip;]","og_url":"https:\/\/pidzaama.ee\/en\/product\/ohuke-oosark-83598dr-puuvillviskoos\/","og_site_name":"Pidzaama","article_modified_time":"2023-01-01T00:02:09+00:00","og_image":[{"width":1200,"height":1600,"url":"https:\/\/pidzaama.ee\/wp-content\/uploads\/2020\/10\/83598D.jpg","type":"image\/jpeg"}],"twitter_card":"summary_large_image","twitter_misc":{"Est. reading time":"1 minute"},"schema":{"@context":"https:\/\/schema.org","@graph":[{"@type":"WebPage","@id":"https:\/\/pidzaama.ee\/en\/product\/ohuke-oosark-83598dr-puuvillviskoos\/","url":"https:\/\/pidzaama.ee\/en\/product\/ohuke-oosark-83598dr-puuvillviskoos\/","name":"\u00d5huke \u00f6\u00f6s\u00e4rk 83598DR puuvill+viskoos","isPartOf":{"@id":"https:\/\/pidzaama.ee\/en\/#website"},"primaryImageOfPage":{"@id":"https:\/\/pidzaama.ee\/en\/product\/ohuke-oosark-83598dr-puuvillviskoos\/#primaryimage"},"image":{"@id":"https:\/\/pidzaama.ee\/en\/product\/ohuke-oosark-83598dr-puuvillviskoos\/#primaryimage"},"thumbnailUrl":"https:\/\/pidzaama.ee\/wp-content\/uploads\/2020\/10\/83598D.jpg","datePublished":"2020-10-12T11:01:55+00:00","dateModified":"2023-01-01T00:02:09+00:00","breadcrumb":{"@id":"https:\/\/pidzaama.ee\/en\/product\/ohuke-oosark-83598dr-puuvillviskoos\/#breadcrumb"},"inLanguage":"en-US","potentialAction":[{"@type":"ReadAction","target":["https:\/\/pidzaama.ee\/en\/product\/ohuke-oosark-83598dr-puuvillviskoos\/"]}]},{"@type":"ImageObject","inLanguage":"en-US","@id":"https:\/\/pidzaama.ee\/en\/product\/ohuke-oosark-83598dr-puuvillviskoos\/#primaryimage","url":"https:\/\/pidzaama.ee\/wp-content\/uploads\/2020\/10\/83598D.jpg","contentUrl":"https:\/\/pidzaama.ee\/wp-content\/uploads\/2020\/10\/83598D.jpg","width":1200,"height":1600},{"@type":"BreadcrumbList","@id":"https:\/\/pidzaama.ee\/en\/product\/ohuke-oosark-83598dr-puuvillviskoos\/#breadcrumb","itemListElement":[{"@type":"ListItem","position":1,"name":"Home","item":"https:\/\/pidzaama.ee\/en\/home\/"},{"@type":"ListItem","position":2,"name":"ABOUT US","item":"https:\/\/pidzaama.ee\/en\/about-us\/"},{"@type":"ListItem","position":3,"name":"Slim nightgown in cotton with viscose 83598DR"}]},{"@type":"WebSite","@id":"https:\/\/pidzaama.ee\/en\/#website","url":"https:\/\/pidzaama.ee\/en\/","name":"Pidzaama","description":"T\u00e4iendame pidevalt meie sortimendi ning suurusi!","potentialAction":[{"@type":"SearchAction","target":{"@type":"EntryPoint","urlTemplate":"https:\/\/pidzaama.ee\/en\/?s={search_term_string}"},"query-input":{"@type":"PropertyValueSpecification","valueRequired":true,"valueName":"search_term_string"}}],"inLanguage":"en-US"}]}},"_links":{"self":[{"href":"https:\/\/pidzaama.ee\/en\/wp-json\/wp\/v2\/product\/3991","targetHints":{"allow":["GET"]}}],"collection":[{"href":"https:\/\/pidzaama.ee\/en\/wp-json\/wp\/v2\/product"}],"about":[{"href":"https:\/\/pidzaama.ee\/en\/wp-json\/wp\/v2\/types\/product"}],"wp:featuredmedia":[{"embeddable":true,"href":"https:\/\/pidzaama.ee\/en\/wp-json\/wp\/v2\/media\/17750"}],"wp:attachment":[{"href":"https:\/\/pidzaama.ee\/en\/wp-json\/wp\/v2\/media?parent=3991"}],"wp:term":[{"taxonomy":"product_brand","embeddable":true,"href":"https:\/\/pidzaama.ee\/en\/wp-json\/wp\/v2\/product_brand?post=3991"},{"taxonomy":"product_cat","embeddable":true,"href":"https:\/\/pidzaama.ee\/en\/wp-json\/wp\/v2\/product_cat?post=3991"},{"taxonomy":"product_tag","embeddable":true,"href":"https:\/\/pidzaama.ee\/en\/wp-json\/wp\/v2\/product_tag?post=3991"}],"curies":[{"name":"wp","href":"https:\/\/api.w.org\/{rel}","templated":true}]}}