{"id":4059,"date":"2020-10-09T12:00:06","date_gmt":"2020-10-09T12:00:06","guid":{"rendered":"https:\/\/pidzaama-ee.vserver.zonevs.eu\/product\/naiste-ohuke-pidzaama-82019p-puuvillviskoos\/"},"modified":"2024-02-26T15:32:40","modified_gmt":"2024-02-26T15:32:40","slug":"naiste-ohuke-pidzaama-82019p-puuvillviskoos","status":"publish","type":"product","link":"https:\/\/pidzaama.ee\/en\/product\/naiste-ohuke-pidzaama-82019p-puuvillviskoos\/","title":{"rendered":"Women\u2019s thin pajama 82019p cotton+viscose"},"content":{"rendered":"<p>Material: 50% cotton, 50% viscose,<\/p>\n<p><b>We recommend one size larger<\/b><\/p>\n<p>M-6XL<\/p>\n<p>Color of product may differ from the color in the picture<\/p>\n<p>Please study carefully the size chart<\/p>\n<table border=\"0\" width=\"604\" cellspacing=\"0\" cellpadding=\"0\">\n<tbody>\n<tr>\n<td class=\"xl66\" width=\"151\" height=\"21\"><\/td>\n<td class=\"xl69\" width=\"151\">Rinna\u00fcmberm\u00f5\u00f5t<\/td>\n<td class=\"xl69\" width=\"151\">Puusa\u00fcmberm\u00f5\u00f5t<\/td>\n<td class=\"xl69\" width=\"151\">P\u00fckste pikkus<\/td>\n<\/tr>\n<tr>\n<td class=\"xl66\" height=\"21\"><\/td>\n<td class=\"xl69\">\u041e\u0431\u044a\u0435\u043c \u0433\u0440\u0443\u0434\u0438<\/td>\n<td class=\"xl69\">\u041e\u0431\u044a\u0435\u043c \u0431\u0435\u0434\u0435\u0440<\/td>\n<td class=\"xl69\">\u0414\u043b\u0438\u043d\u0430 \u0448\u0442\u0430\u043d\u043e\u0432<\/td>\n<\/tr>\n<tr>\n<td class=\"xl66\" height=\"21\"><\/td>\n<td class=\"xl69\">Chest<\/td>\n<td class=\"xl69\">Hips<\/td>\n<td class=\"xl69\">Outside leg<\/td>\n<\/tr>\n<tr>\n<td class=\"xl67\" height=\"21\">M<\/td>\n<td class=\"xl65\" width=\"151\">82<\/td>\n<td class=\"xl68\">102<\/td>\n<td class=\"xl68\">64<\/td>\n<\/tr>\n<tr>\n<td class=\"xl67\" height=\"21\">L<\/td>\n<td class=\"xl68\">92<\/td>\n<td class=\"xl68\">106<\/td>\n<td class=\"xl68\">66<\/td>\n<\/tr>\n<tr>\n<td class=\"xl67\" height=\"21\">XL<\/td>\n<td class=\"xl68\">94<\/td>\n<td class=\"xl68\">110<\/td>\n<td class=\"xl68\">69<\/td>\n<\/tr>\n<tr>\n<td class=\"xl67\" height=\"21\">2XL<\/td>\n<td class=\"xl68\">98<\/td>\n<td class=\"xl68\">114<\/td>\n<td class=\"xl68\">71<\/td>\n<\/tr>\n<tr>\n<td class=\"xl67\" height=\"21\">3XL<\/td>\n<td class=\"xl68\">100<\/td>\n<td class=\"xl68\">118<\/td>\n<td class=\"xl68\">74<\/td>\n<\/tr>\n<tr>\n<td class=\"xl67\" height=\"21\">5XL<\/td>\n<td class=\"xl68\">116<\/td>\n<td class=\"xl68\">128<\/td>\n<td class=\"xl68\">85<\/td>\n<\/tr>\n<tr>\n<td class=\"xl67\" height=\"21\">6XL<\/td>\n<td class=\"xl68\">120<\/td>\n<td class=\"xl68\">130<\/td>\n<td class=\"xl68\">87<\/td>\n<\/tr>\n<\/tbody>\n<\/table>\n","protected":false},"excerpt":{"rendered":"<p>Material: 50% cotton, 50% viscose, We recommend one size larger M-6XL Color of product may differ from the color in the picture Please study carefully the size chart Rinna\u00fcmberm\u00f5\u00f5t Puusa\u00fcmberm\u00f5\u00f5t P\u00fckste pikkus \u041e\u0431\u044a\u0435\u043c \u0433\u0440\u0443\u0434\u0438 \u041e\u0431\u044a\u0435\u043c \u0431\u0435\u0434\u0435\u0440 \u0414\u043b\u0438\u043d\u0430 \u0448\u0442\u0430\u043d\u043e\u0432 Chest Hips Outside leg M 82 102 64 L 92 106 66 XL 94 110 69 2XL [&hellip;]<\/p>\n","protected":false},"featured_media":4941,"template":"","meta":[],"product_brand":[],"product_cat":[153,169,178],"product_tag":[],"class_list":{"0":"post-4059","1":"product","2":"type-product","3":"status-publish","4":"has-post-thumbnail","6":"product_cat-naiste-pidzaamad-ja-oosargid-en","7":"product_cat-naised-pidzaamad-en","8":"product_cat-naised-pidzaamad-34-puksidega-en","10":"first","11":"instock","12":"sale","13":"taxable","14":"shipping-taxable","15":"purchasable","16":"product-type-variable"},"yoast_head":"<!-- This site is optimized with the Yoast SEO plugin v27.3 - https:\/\/yoast.com\/product\/yoast-seo-wordpress\/ -->\n<title>Naiste \u00f5huke pid\u017eaama 82019p puuvill+viskoos<\/title>\n<meta name=\"robots\" content=\"index, follow, max-snippet:-1, max-image-preview:large, max-video-preview:-1\" \/>\n<link rel=\"canonical\" href=\"https:\/\/pidzaama.ee\/en\/product\/naiste-ohuke-pidzaama-82019p-puuvillviskoos\/\" \/>\n<meta property=\"og:locale\" content=\"en_US\" \/>\n<meta property=\"og:type\" content=\"article\" \/>\n<meta property=\"og:title\" content=\"Naiste \u00f5huke pid\u017eaama 82019p puuvill+viskoos\" \/>\n<meta property=\"og:description\" content=\"Material: 50% cotton, 50% viscose, We recommend one size larger M-6XL Color of product may differ from the color in the picture Please study carefully the size chart Rinna\u00fcmberm\u00f5\u00f5t Puusa\u00fcmberm\u00f5\u00f5t P\u00fckste pikkus \u041e\u0431\u044a\u0435\u043c \u0433\u0440\u0443\u0434\u0438 \u041e\u0431\u044a\u0435\u043c \u0431\u0435\u0434\u0435\u0440 \u0414\u043b\u0438\u043d\u0430 \u0448\u0442\u0430\u043d\u043e\u0432 Chest Hips Outside leg M 82 102 64 L 92 106 66 XL 94 110 69 2XL [&hellip;]\" \/>\n<meta property=\"og:url\" content=\"https:\/\/pidzaama.ee\/en\/product\/naiste-ohuke-pidzaama-82019p-puuvillviskoos\/\" \/>\n<meta property=\"og:site_name\" content=\"Pidzaama\" \/>\n<meta property=\"article:modified_time\" content=\"2024-02-26T15:32:40+00:00\" \/>\n<meta property=\"og:image\" content=\"https:\/\/pidzaama.ee\/wp-content\/uploads\/2020\/10\/82019p.jpg\" \/>\n\t<meta property=\"og:image:width\" content=\"1200\" \/>\n\t<meta property=\"og:image:height\" content=\"1907\" \/>\n\t<meta property=\"og:image:type\" content=\"image\/jpeg\" \/>\n<meta name=\"twitter:card\" content=\"summary_large_image\" \/>\n<meta name=\"twitter:label1\" content=\"Est. reading time\" \/>\n\t<meta name=\"twitter:data1\" content=\"1 minute\" \/>\n<script type=\"application\/ld+json\" class=\"yoast-schema-graph\">{\"@context\":\"https:\\\/\\\/schema.org\",\"@graph\":[{\"@type\":\"WebPage\",\"@id\":\"https:\\\/\\\/pidzaama.ee\\\/en\\\/product\\\/naiste-ohuke-pidzaama-82019p-puuvillviskoos\\\/\",\"url\":\"https:\\\/\\\/pidzaama.ee\\\/en\\\/product\\\/naiste-ohuke-pidzaama-82019p-puuvillviskoos\\\/\",\"name\":\"Naiste \u00f5huke pid\u017eaama 82019p puuvill+viskoos\",\"isPartOf\":{\"@id\":\"https:\\\/\\\/pidzaama.ee\\\/en\\\/#website\"},\"primaryImageOfPage\":{\"@id\":\"https:\\\/\\\/pidzaama.ee\\\/en\\\/product\\\/naiste-ohuke-pidzaama-82019p-puuvillviskoos\\\/#primaryimage\"},\"image\":{\"@id\":\"https:\\\/\\\/pidzaama.ee\\\/en\\\/product\\\/naiste-ohuke-pidzaama-82019p-puuvillviskoos\\\/#primaryimage\"},\"thumbnailUrl\":\"https:\\\/\\\/pidzaama.ee\\\/wp-content\\\/uploads\\\/2020\\\/10\\\/82019p.jpg\",\"datePublished\":\"2020-10-09T12:00:06+00:00\",\"dateModified\":\"2024-02-26T15:32:40+00:00\",\"breadcrumb\":{\"@id\":\"https:\\\/\\\/pidzaama.ee\\\/en\\\/product\\\/naiste-ohuke-pidzaama-82019p-puuvillviskoos\\\/#breadcrumb\"},\"inLanguage\":\"en-US\",\"potentialAction\":[{\"@type\":\"ReadAction\",\"target\":[\"https:\\\/\\\/pidzaama.ee\\\/en\\\/product\\\/naiste-ohuke-pidzaama-82019p-puuvillviskoos\\\/\"]}]},{\"@type\":\"ImageObject\",\"inLanguage\":\"en-US\",\"@id\":\"https:\\\/\\\/pidzaama.ee\\\/en\\\/product\\\/naiste-ohuke-pidzaama-82019p-puuvillviskoos\\\/#primaryimage\",\"url\":\"https:\\\/\\\/pidzaama.ee\\\/wp-content\\\/uploads\\\/2020\\\/10\\\/82019p.jpg\",\"contentUrl\":\"https:\\\/\\\/pidzaama.ee\\\/wp-content\\\/uploads\\\/2020\\\/10\\\/82019p.jpg\",\"width\":1200,\"height\":1907},{\"@type\":\"BreadcrumbList\",\"@id\":\"https:\\\/\\\/pidzaama.ee\\\/en\\\/product\\\/naiste-ohuke-pidzaama-82019p-puuvillviskoos\\\/#breadcrumb\",\"itemListElement\":[{\"@type\":\"ListItem\",\"position\":1,\"name\":\"Home\",\"item\":\"https:\\\/\\\/pidzaama.ee\\\/en\\\/home\\\/\"},{\"@type\":\"ListItem\",\"position\":2,\"name\":\"ABOUT US\",\"item\":\"https:\\\/\\\/pidzaama.ee\\\/en\\\/about-us\\\/\"},{\"@type\":\"ListItem\",\"position\":3,\"name\":\"Women\u2019s thin pajama 82019p cotton+viscose\"}]},{\"@type\":\"WebSite\",\"@id\":\"https:\\\/\\\/pidzaama.ee\\\/en\\\/#website\",\"url\":\"https:\\\/\\\/pidzaama.ee\\\/en\\\/\",\"name\":\"Pidzaama\",\"description\":\"T\u00e4iendame pidevalt meie sortimendi ning suurusi!\",\"potentialAction\":[{\"@type\":\"SearchAction\",\"target\":{\"@type\":\"EntryPoint\",\"urlTemplate\":\"https:\\\/\\\/pidzaama.ee\\\/en\\\/?s={search_term_string}\"},\"query-input\":{\"@type\":\"PropertyValueSpecification\",\"valueRequired\":true,\"valueName\":\"search_term_string\"}}],\"inLanguage\":\"en-US\"}]}<\/script>\n<!-- \/ Yoast SEO plugin. -->","yoast_head_json":{"title":"Naiste \u00f5huke pid\u017eaama 82019p puuvill+viskoos","robots":{"index":"index","follow":"follow","max-snippet":"max-snippet:-1","max-image-preview":"max-image-preview:large","max-video-preview":"max-video-preview:-1"},"canonical":"https:\/\/pidzaama.ee\/en\/product\/naiste-ohuke-pidzaama-82019p-puuvillviskoos\/","og_locale":"en_US","og_type":"article","og_title":"Naiste \u00f5huke pid\u017eaama 82019p puuvill+viskoos","og_description":"Material: 50% cotton, 50% viscose, We recommend one size larger M-6XL Color of product may differ from the color in the picture Please study carefully the size chart Rinna\u00fcmberm\u00f5\u00f5t Puusa\u00fcmberm\u00f5\u00f5t P\u00fckste pikkus \u041e\u0431\u044a\u0435\u043c \u0433\u0440\u0443\u0434\u0438 \u041e\u0431\u044a\u0435\u043c \u0431\u0435\u0434\u0435\u0440 \u0414\u043b\u0438\u043d\u0430 \u0448\u0442\u0430\u043d\u043e\u0432 Chest Hips Outside leg M 82 102 64 L 92 106 66 XL 94 110 69 2XL [&hellip;]","og_url":"https:\/\/pidzaama.ee\/en\/product\/naiste-ohuke-pidzaama-82019p-puuvillviskoos\/","og_site_name":"Pidzaama","article_modified_time":"2024-02-26T15:32:40+00:00","og_image":[{"width":1200,"height":1907,"url":"https:\/\/pidzaama.ee\/wp-content\/uploads\/2020\/10\/82019p.jpg","type":"image\/jpeg"}],"twitter_card":"summary_large_image","twitter_misc":{"Est. reading time":"1 minute"},"schema":{"@context":"https:\/\/schema.org","@graph":[{"@type":"WebPage","@id":"https:\/\/pidzaama.ee\/en\/product\/naiste-ohuke-pidzaama-82019p-puuvillviskoos\/","url":"https:\/\/pidzaama.ee\/en\/product\/naiste-ohuke-pidzaama-82019p-puuvillviskoos\/","name":"Naiste \u00f5huke pid\u017eaama 82019p puuvill+viskoos","isPartOf":{"@id":"https:\/\/pidzaama.ee\/en\/#website"},"primaryImageOfPage":{"@id":"https:\/\/pidzaama.ee\/en\/product\/naiste-ohuke-pidzaama-82019p-puuvillviskoos\/#primaryimage"},"image":{"@id":"https:\/\/pidzaama.ee\/en\/product\/naiste-ohuke-pidzaama-82019p-puuvillviskoos\/#primaryimage"},"thumbnailUrl":"https:\/\/pidzaama.ee\/wp-content\/uploads\/2020\/10\/82019p.jpg","datePublished":"2020-10-09T12:00:06+00:00","dateModified":"2024-02-26T15:32:40+00:00","breadcrumb":{"@id":"https:\/\/pidzaama.ee\/en\/product\/naiste-ohuke-pidzaama-82019p-puuvillviskoos\/#breadcrumb"},"inLanguage":"en-US","potentialAction":[{"@type":"ReadAction","target":["https:\/\/pidzaama.ee\/en\/product\/naiste-ohuke-pidzaama-82019p-puuvillviskoos\/"]}]},{"@type":"ImageObject","inLanguage":"en-US","@id":"https:\/\/pidzaama.ee\/en\/product\/naiste-ohuke-pidzaama-82019p-puuvillviskoos\/#primaryimage","url":"https:\/\/pidzaama.ee\/wp-content\/uploads\/2020\/10\/82019p.jpg","contentUrl":"https:\/\/pidzaama.ee\/wp-content\/uploads\/2020\/10\/82019p.jpg","width":1200,"height":1907},{"@type":"BreadcrumbList","@id":"https:\/\/pidzaama.ee\/en\/product\/naiste-ohuke-pidzaama-82019p-puuvillviskoos\/#breadcrumb","itemListElement":[{"@type":"ListItem","position":1,"name":"Home","item":"https:\/\/pidzaama.ee\/en\/home\/"},{"@type":"ListItem","position":2,"name":"ABOUT US","item":"https:\/\/pidzaama.ee\/en\/about-us\/"},{"@type":"ListItem","position":3,"name":"Women\u2019s thin pajama 82019p cotton+viscose"}]},{"@type":"WebSite","@id":"https:\/\/pidzaama.ee\/en\/#website","url":"https:\/\/pidzaama.ee\/en\/","name":"Pidzaama","description":"T\u00e4iendame pidevalt meie sortimendi ning suurusi!","potentialAction":[{"@type":"SearchAction","target":{"@type":"EntryPoint","urlTemplate":"https:\/\/pidzaama.ee\/en\/?s={search_term_string}"},"query-input":{"@type":"PropertyValueSpecification","valueRequired":true,"valueName":"search_term_string"}}],"inLanguage":"en-US"}]}},"_links":{"self":[{"href":"https:\/\/pidzaama.ee\/en\/wp-json\/wp\/v2\/product\/4059","targetHints":{"allow":["GET"]}}],"collection":[{"href":"https:\/\/pidzaama.ee\/en\/wp-json\/wp\/v2\/product"}],"about":[{"href":"https:\/\/pidzaama.ee\/en\/wp-json\/wp\/v2\/types\/product"}],"wp:featuredmedia":[{"embeddable":true,"href":"https:\/\/pidzaama.ee\/en\/wp-json\/wp\/v2\/media\/4941"}],"wp:attachment":[{"href":"https:\/\/pidzaama.ee\/en\/wp-json\/wp\/v2\/media?parent=4059"}],"wp:term":[{"taxonomy":"product_brand","embeddable":true,"href":"https:\/\/pidzaama.ee\/en\/wp-json\/wp\/v2\/product_brand?post=4059"},{"taxonomy":"product_cat","embeddable":true,"href":"https:\/\/pidzaama.ee\/en\/wp-json\/wp\/v2\/product_cat?post=4059"},{"taxonomy":"product_tag","embeddable":true,"href":"https:\/\/pidzaama.ee\/en\/wp-json\/wp\/v2\/product_tag?post=4059"}],"curies":[{"name":"wp","href":"https:\/\/api.w.org\/{rel}","templated":true}]}}