{"id":4094,"date":"2020-10-09T09:42:37","date_gmt":"2020-10-09T09:42:37","guid":{"rendered":"https:\/\/pidzaama-ee.vserver.zonevs.eu\/product\/ohuke-oosark-81523r-puuvillviskoos\/"},"modified":"2023-01-01T00:02:10","modified_gmt":"2023-01-01T00:02:10","slug":"ohuke-oosark-81523r-puuvillviskoos","status":"publish","type":"product","link":"https:\/\/pidzaama.ee\/en\/product\/ohuke-oosark-81523r-puuvillviskoos\/","title":{"rendered":"Light pajama 81523r cotton+viscose"},"content":{"rendered":"<p style=\"box-sizing: inherit; margin-bottom: 1rem;\"><span style=\"color: #777777; font-family: Times New Roman;\"><span style=\"font-size: 18px;\">Material<\/span><\/span><span style=\"color: #777777; font-size: 15px; font-family: Times New Roman;\"><span style=\"font-size: 18px;\">:\u00a0<\/span><\/span><span style=\"color: #777777; font-family: Times New Roman;\"><span style=\"font-size: 18px;\">50% cotton, 50% viscose<\/span><\/span><\/p>\n<p style=\"box-sizing: inherit; margin-bottom: 1rem;\"><span style=\"font-family: Times New Roman;\"><span style=\"color: #777777;\"><span style=\"font-size: 18px;\"><b>3XL-6XL<\/b><\/span><\/span><br \/>\n<\/span><\/p>\n<p>Color of product may differ from the color in the picture<\/p>\n<p>Please study carefully the size chart<\/p>\n<table width=\"604\">\n<tbody>\n<tr>\n<td width=\"151\">Suurus<\/td>\n<td width=\"151\">Rinna\u00fcmberm\u00f5\u00f5t<\/td>\n<td width=\"151\">Puusa\u00fcmberm\u00f5\u00f5t<\/td>\n<td width=\"151\">Pikkus<\/td>\n<\/tr>\n<tr>\n<td>\u0420\u0430\u0437\u043c\u0435\u0440<\/td>\n<td width=\"151\">\u041e\u0431\u044a\u0435\u043c \u0433\u0440\u0443\u0434\u0438<\/td>\n<td>\u041e\u0431\u044a\u0435\u043c \u0431\u0435\u0434\u0435\u0440<\/td>\n<td>\u0414\u043b\u0438\u043d\u0430<\/td>\n<\/tr>\n<tr>\n<td>Size<\/td>\n<td width=\"151\">Chest<\/td>\n<td>Hips<\/td>\n<td>Length<\/td>\n<\/tr>\n<tr>\n<td>S<\/td>\n<td width=\"151\"><\/td>\n<td><\/td>\n<td><\/td>\n<\/tr>\n<tr>\n<td>M<\/td>\n<td width=\"151\">88<\/td>\n<td>114<\/td>\n<td>109<\/td>\n<\/tr>\n<tr>\n<td>L<\/td>\n<td>92<\/td>\n<td>118<\/td>\n<td>109<\/td>\n<\/tr>\n<tr>\n<td>XL<\/td>\n<td>96<\/td>\n<td>124<\/td>\n<td>110<\/td>\n<\/tr>\n<tr>\n<td>2XL<\/td>\n<td>100<\/td>\n<td>128<\/td>\n<td>113<\/td>\n<\/tr>\n<tr>\n<td>3XL<\/td>\n<td>110<\/td>\n<td>132<\/td>\n<td>115<\/td>\n<\/tr>\n<tr>\n<td>5XL<\/td>\n<td>126<\/td>\n<td>140<\/td>\n<td>120<\/td>\n<\/tr>\n<tr>\n<td>6XL<\/td>\n<td>134<\/td>\n<td>144<\/td>\n<td>120<\/td>\n<\/tr>\n<\/tbody>\n<\/table>\n","protected":false},"excerpt":{"rendered":"<p>Material:\u00a050% cotton, 50% viscose 3XL-6XL Color of product may differ from the color in the picture Please study carefully the size chart Suurus Rinna\u00fcmberm\u00f5\u00f5t Puusa\u00fcmberm\u00f5\u00f5t Pikkus \u0420\u0430\u0437\u043c\u0435\u0440 \u041e\u0431\u044a\u0435\u043c \u0433\u0440\u0443\u0434\u0438 \u041e\u0431\u044a\u0435\u043c \u0431\u0435\u0434\u0435\u0440 \u0414\u043b\u0438\u043d\u0430 Size Chest Hips Length S M 88 114 109 L 92 118 109 XL 96 124 110 2XL 100 128 113 3XL 110 [&hellip;]<\/p>\n","protected":false},"featured_media":4095,"template":"","meta":[],"product_brand":[],"product_cat":[153,179,180],"product_tag":[],"class_list":{"0":"post-4094","1":"product","2":"type-product","3":"status-publish","4":"has-post-thumbnail","6":"product_cat-naiste-pidzaamad-ja-oosargid-en","7":"product_cat-oosargid-en","8":"product_cat-pikkade-varrukatega-en","10":"first","11":"outofstock","12":"taxable","13":"shipping-taxable","14":"product-type-variable"},"yoast_head":"<!-- This site is optimized with the Yoast SEO plugin v27.3 - https:\/\/yoast.com\/product\/yoast-seo-wordpress\/ -->\n<title>\u00d5huke \u00f6\u00f6s\u00e4rk 81523r puuvill+viskoos<\/title>\n<meta name=\"robots\" content=\"index, follow, max-snippet:-1, max-image-preview:large, max-video-preview:-1\" \/>\n<link rel=\"canonical\" href=\"https:\/\/pidzaama.ee\/en\/product\/ohuke-oosark-81523r-puuvillviskoos\/\" \/>\n<meta property=\"og:locale\" content=\"en_US\" \/>\n<meta property=\"og:type\" content=\"article\" \/>\n<meta property=\"og:title\" content=\"\u00d5huke \u00f6\u00f6s\u00e4rk 81523r puuvill+viskoos\" \/>\n<meta property=\"og:description\" content=\"Material:\u00a050% cotton, 50% viscose 3XL-6XL Color of product may differ from the color in the picture Please study carefully the size chart Suurus Rinna\u00fcmberm\u00f5\u00f5t Puusa\u00fcmberm\u00f5\u00f5t Pikkus \u0420\u0430\u0437\u043c\u0435\u0440 \u041e\u0431\u044a\u0435\u043c \u0433\u0440\u0443\u0434\u0438 \u041e\u0431\u044a\u0435\u043c \u0431\u0435\u0434\u0435\u0440 \u0414\u043b\u0438\u043d\u0430 Size Chest Hips Length S M 88 114 109 L 92 118 109 XL 96 124 110 2XL 100 128 113 3XL 110 [&hellip;]\" \/>\n<meta property=\"og:url\" content=\"https:\/\/pidzaama.ee\/en\/product\/ohuke-oosark-81523r-puuvillviskoos\/\" \/>\n<meta property=\"og:site_name\" content=\"Pidzaama\" \/>\n<meta property=\"article:modified_time\" content=\"2023-01-01T00:02:10+00:00\" \/>\n<meta property=\"og:image\" content=\"https:\/\/pidzaama.ee\/wp-content\/uploads\/2021\/05\/81523R2.jpg\" \/>\n\t<meta property=\"og:image:width\" content=\"1200\" \/>\n\t<meta property=\"og:image:height\" content=\"1600\" \/>\n\t<meta property=\"og:image:type\" content=\"image\/jpeg\" \/>\n<meta name=\"twitter:card\" content=\"summary_large_image\" \/>\n<meta name=\"twitter:label1\" content=\"Est. reading time\" \/>\n\t<meta name=\"twitter:data1\" content=\"1 minute\" \/>\n<script type=\"application\/ld+json\" class=\"yoast-schema-graph\">{\"@context\":\"https:\\\/\\\/schema.org\",\"@graph\":[{\"@type\":\"WebPage\",\"@id\":\"https:\\\/\\\/pidzaama.ee\\\/en\\\/product\\\/ohuke-oosark-81523r-puuvillviskoos\\\/\",\"url\":\"https:\\\/\\\/pidzaama.ee\\\/en\\\/product\\\/ohuke-oosark-81523r-puuvillviskoos\\\/\",\"name\":\"\u00d5huke \u00f6\u00f6s\u00e4rk 81523r puuvill+viskoos\",\"isPartOf\":{\"@id\":\"https:\\\/\\\/pidzaama.ee\\\/en\\\/#website\"},\"primaryImageOfPage\":{\"@id\":\"https:\\\/\\\/pidzaama.ee\\\/en\\\/product\\\/ohuke-oosark-81523r-puuvillviskoos\\\/#primaryimage\"},\"image\":{\"@id\":\"https:\\\/\\\/pidzaama.ee\\\/en\\\/product\\\/ohuke-oosark-81523r-puuvillviskoos\\\/#primaryimage\"},\"thumbnailUrl\":\"https:\\\/\\\/pidzaama.ee\\\/wp-content\\\/uploads\\\/2021\\\/05\\\/81523R2.jpg\",\"datePublished\":\"2020-10-09T09:42:37+00:00\",\"dateModified\":\"2023-01-01T00:02:10+00:00\",\"breadcrumb\":{\"@id\":\"https:\\\/\\\/pidzaama.ee\\\/en\\\/product\\\/ohuke-oosark-81523r-puuvillviskoos\\\/#breadcrumb\"},\"inLanguage\":\"en-US\",\"potentialAction\":[{\"@type\":\"ReadAction\",\"target\":[\"https:\\\/\\\/pidzaama.ee\\\/en\\\/product\\\/ohuke-oosark-81523r-puuvillviskoos\\\/\"]}]},{\"@type\":\"ImageObject\",\"inLanguage\":\"en-US\",\"@id\":\"https:\\\/\\\/pidzaama.ee\\\/en\\\/product\\\/ohuke-oosark-81523r-puuvillviskoos\\\/#primaryimage\",\"url\":\"https:\\\/\\\/pidzaama.ee\\\/wp-content\\\/uploads\\\/2021\\\/05\\\/81523R2.jpg\",\"contentUrl\":\"https:\\\/\\\/pidzaama.ee\\\/wp-content\\\/uploads\\\/2021\\\/05\\\/81523R2.jpg\",\"width\":1200,\"height\":1600},{\"@type\":\"BreadcrumbList\",\"@id\":\"https:\\\/\\\/pidzaama.ee\\\/en\\\/product\\\/ohuke-oosark-81523r-puuvillviskoos\\\/#breadcrumb\",\"itemListElement\":[{\"@type\":\"ListItem\",\"position\":1,\"name\":\"Home\",\"item\":\"https:\\\/\\\/pidzaama.ee\\\/en\\\/home\\\/\"},{\"@type\":\"ListItem\",\"position\":2,\"name\":\"ABOUT US\",\"item\":\"https:\\\/\\\/pidzaama.ee\\\/en\\\/about-us\\\/\"},{\"@type\":\"ListItem\",\"position\":3,\"name\":\"Light pajama 81523r cotton+viscose\"}]},{\"@type\":\"WebSite\",\"@id\":\"https:\\\/\\\/pidzaama.ee\\\/en\\\/#website\",\"url\":\"https:\\\/\\\/pidzaama.ee\\\/en\\\/\",\"name\":\"Pidzaama\",\"description\":\"T\u00e4iendame pidevalt meie sortimendi ning suurusi!\",\"potentialAction\":[{\"@type\":\"SearchAction\",\"target\":{\"@type\":\"EntryPoint\",\"urlTemplate\":\"https:\\\/\\\/pidzaama.ee\\\/en\\\/?s={search_term_string}\"},\"query-input\":{\"@type\":\"PropertyValueSpecification\",\"valueRequired\":true,\"valueName\":\"search_term_string\"}}],\"inLanguage\":\"en-US\"}]}<\/script>\n<!-- \/ Yoast SEO plugin. -->","yoast_head_json":{"title":"\u00d5huke \u00f6\u00f6s\u00e4rk 81523r puuvill+viskoos","robots":{"index":"index","follow":"follow","max-snippet":"max-snippet:-1","max-image-preview":"max-image-preview:large","max-video-preview":"max-video-preview:-1"},"canonical":"https:\/\/pidzaama.ee\/en\/product\/ohuke-oosark-81523r-puuvillviskoos\/","og_locale":"en_US","og_type":"article","og_title":"\u00d5huke \u00f6\u00f6s\u00e4rk 81523r puuvill+viskoos","og_description":"Material:\u00a050% cotton, 50% viscose 3XL-6XL Color of product may differ from the color in the picture Please study carefully the size chart Suurus Rinna\u00fcmberm\u00f5\u00f5t Puusa\u00fcmberm\u00f5\u00f5t Pikkus \u0420\u0430\u0437\u043c\u0435\u0440 \u041e\u0431\u044a\u0435\u043c \u0433\u0440\u0443\u0434\u0438 \u041e\u0431\u044a\u0435\u043c \u0431\u0435\u0434\u0435\u0440 \u0414\u043b\u0438\u043d\u0430 Size Chest Hips Length S M 88 114 109 L 92 118 109 XL 96 124 110 2XL 100 128 113 3XL 110 [&hellip;]","og_url":"https:\/\/pidzaama.ee\/en\/product\/ohuke-oosark-81523r-puuvillviskoos\/","og_site_name":"Pidzaama","article_modified_time":"2023-01-01T00:02:10+00:00","og_image":[{"width":1200,"height":1600,"url":"https:\/\/pidzaama.ee\/wp-content\/uploads\/2021\/05\/81523R2.jpg","type":"image\/jpeg"}],"twitter_card":"summary_large_image","twitter_misc":{"Est. reading time":"1 minute"},"schema":{"@context":"https:\/\/schema.org","@graph":[{"@type":"WebPage","@id":"https:\/\/pidzaama.ee\/en\/product\/ohuke-oosark-81523r-puuvillviskoos\/","url":"https:\/\/pidzaama.ee\/en\/product\/ohuke-oosark-81523r-puuvillviskoos\/","name":"\u00d5huke \u00f6\u00f6s\u00e4rk 81523r puuvill+viskoos","isPartOf":{"@id":"https:\/\/pidzaama.ee\/en\/#website"},"primaryImageOfPage":{"@id":"https:\/\/pidzaama.ee\/en\/product\/ohuke-oosark-81523r-puuvillviskoos\/#primaryimage"},"image":{"@id":"https:\/\/pidzaama.ee\/en\/product\/ohuke-oosark-81523r-puuvillviskoos\/#primaryimage"},"thumbnailUrl":"https:\/\/pidzaama.ee\/wp-content\/uploads\/2021\/05\/81523R2.jpg","datePublished":"2020-10-09T09:42:37+00:00","dateModified":"2023-01-01T00:02:10+00:00","breadcrumb":{"@id":"https:\/\/pidzaama.ee\/en\/product\/ohuke-oosark-81523r-puuvillviskoos\/#breadcrumb"},"inLanguage":"en-US","potentialAction":[{"@type":"ReadAction","target":["https:\/\/pidzaama.ee\/en\/product\/ohuke-oosark-81523r-puuvillviskoos\/"]}]},{"@type":"ImageObject","inLanguage":"en-US","@id":"https:\/\/pidzaama.ee\/en\/product\/ohuke-oosark-81523r-puuvillviskoos\/#primaryimage","url":"https:\/\/pidzaama.ee\/wp-content\/uploads\/2021\/05\/81523R2.jpg","contentUrl":"https:\/\/pidzaama.ee\/wp-content\/uploads\/2021\/05\/81523R2.jpg","width":1200,"height":1600},{"@type":"BreadcrumbList","@id":"https:\/\/pidzaama.ee\/en\/product\/ohuke-oosark-81523r-puuvillviskoos\/#breadcrumb","itemListElement":[{"@type":"ListItem","position":1,"name":"Home","item":"https:\/\/pidzaama.ee\/en\/home\/"},{"@type":"ListItem","position":2,"name":"ABOUT US","item":"https:\/\/pidzaama.ee\/en\/about-us\/"},{"@type":"ListItem","position":3,"name":"Light pajama 81523r cotton+viscose"}]},{"@type":"WebSite","@id":"https:\/\/pidzaama.ee\/en\/#website","url":"https:\/\/pidzaama.ee\/en\/","name":"Pidzaama","description":"T\u00e4iendame pidevalt meie sortimendi ning suurusi!","potentialAction":[{"@type":"SearchAction","target":{"@type":"EntryPoint","urlTemplate":"https:\/\/pidzaama.ee\/en\/?s={search_term_string}"},"query-input":{"@type":"PropertyValueSpecification","valueRequired":true,"valueName":"search_term_string"}}],"inLanguage":"en-US"}]}},"_links":{"self":[{"href":"https:\/\/pidzaama.ee\/en\/wp-json\/wp\/v2\/product\/4094","targetHints":{"allow":["GET"]}}],"collection":[{"href":"https:\/\/pidzaama.ee\/en\/wp-json\/wp\/v2\/product"}],"about":[{"href":"https:\/\/pidzaama.ee\/en\/wp-json\/wp\/v2\/types\/product"}],"wp:featuredmedia":[{"embeddable":true,"href":"https:\/\/pidzaama.ee\/en\/wp-json\/wp\/v2\/media\/4095"}],"wp:attachment":[{"href":"https:\/\/pidzaama.ee\/en\/wp-json\/wp\/v2\/media?parent=4094"}],"wp:term":[{"taxonomy":"product_brand","embeddable":true,"href":"https:\/\/pidzaama.ee\/en\/wp-json\/wp\/v2\/product_brand?post=4094"},{"taxonomy":"product_cat","embeddable":true,"href":"https:\/\/pidzaama.ee\/en\/wp-json\/wp\/v2\/product_cat?post=4094"},{"taxonomy":"product_tag","embeddable":true,"href":"https:\/\/pidzaama.ee\/en\/wp-json\/wp\/v2\/product_tag?post=4094"}],"curies":[{"name":"wp","href":"https:\/\/api.w.org\/{rel}","templated":true}]}}