{"id":4246,"date":"2020-10-07T15:12:32","date_gmt":"2020-10-07T15:12:32","guid":{"rendered":"https:\/\/pidzaama-ee.vserver.zonevs.eu\/product\/meeste-pidzaama-12248ds\/"},"modified":"2023-01-01T00:02:10","modified_gmt":"2023-01-01T00:02:10","slug":"meeste-pidzaama-12248ds","status":"publish","type":"product","link":"https:\/\/pidzaama.ee\/en\/product\/meeste-pidzaama-12248ds\/","title":{"rendered":"Men&#8217;s pajama 12248DS"},"content":{"rendered":"<p class=\"MsoNormal\" style=\"box-sizing: inherit; margin-bottom: 1rem;\"><span style=\"color: #777777; font-family: Times New Roman;\"><span style=\"font-size: 18px;\">Material: 100% cotton<\/span><\/span><\/p>\n<p class=\"MsoNormal\" style=\"box-sizing: inherit; margin-bottom: 1rem;\"><b style=\"color: #777777; font-family: 'Times New Roman'; font-size: 18px;\">M-2XL<\/b><\/p>\n<p>Color of product may differ from the color in the picture<\/p>\n<p>Please study carefully the size chart<\/p>\n<table width=\"604\">\n<tbody>\n<tr>\n<td width=\"151\"><\/td>\n<td width=\"151\">Rinna\u00fcmberm\u00f5\u00f5t<\/td>\n<td width=\"151\">Puusa\u00fcmberm\u00f5\u00f5t<\/td>\n<td width=\"151\">P\u00fckste pikkus<\/td>\n<\/tr>\n<tr>\n<td><\/td>\n<td>\u041e\u0431\u044a\u0435\u043c \u0433\u0440\u0443\u0434\u0438<\/td>\n<td>\u041e\u0431\u044a\u0435\u043c \u0431\u0435\u0434\u0435\u0440<\/td>\n<td>\u0414\u043b\u0438\u043d\u0430 \u0448\u0442\u0430\u043d\u043e\u0432<\/td>\n<\/tr>\n<tr>\n<td><\/td>\n<td>Chest<\/td>\n<td>Hips<\/td>\n<td>Outside leg<\/td>\n<\/tr>\n<tr>\n<td>M<\/td>\n<td width=\"151\">102<\/td>\n<td>106<\/td>\n<td>103<\/td>\n<\/tr>\n<tr>\n<td>L<\/td>\n<td>110<\/td>\n<td>108<\/td>\n<td>109<\/td>\n<\/tr>\n<tr>\n<td>XL<\/td>\n<td>112<\/td>\n<td>108<\/td>\n<td>110<\/td>\n<\/tr>\n<tr>\n<td>2XL<\/td>\n<td>114<\/td>\n<td>110<\/td>\n<td>118<\/td>\n<\/tr>\n<\/tbody>\n<\/table>\n","protected":false},"excerpt":{"rendered":"<p>Material: 100% cotton M-2XL Color of product may differ from the color in the picture Please study carefully the size chart Rinna\u00fcmberm\u00f5\u00f5t Puusa\u00fcmberm\u00f5\u00f5t P\u00fckste pikkus \u041e\u0431\u044a\u0435\u043c \u0433\u0440\u0443\u0434\u0438 \u041e\u0431\u044a\u0435\u043c \u0431\u0435\u0434\u0435\u0440 \u0414\u043b\u0438\u043d\u0430 \u0448\u0442\u0430\u043d\u043e\u0432 Chest Hips Outside leg M 102 106 103 L 110 108 109 XL 112 108 110 2XL 114 110 118<\/p>\n","protected":false},"featured_media":12010,"template":"","meta":[],"product_brand":[],"product_cat":[156,157,174],"product_tag":[],"class_list":{"0":"post-4246","1":"product","2":"type-product","3":"status-publish","4":"has-post-thumbnail","6":"product_cat-meeste-pidzaamad-ja-hommikumantlid-en","7":"product_cat-meeste-pidzaamad-ja-ooriided-en","8":"product_cat-meeste-pidzaamad-pikkade-pukstega-en","10":"first","11":"instock","12":"taxable","13":"shipping-taxable","14":"purchasable","15":"product-type-variable"},"yoast_head":"<!-- This site is optimized with the Yoast SEO plugin v27.3 - https:\/\/yoast.com\/product\/yoast-seo-wordpress\/ -->\n<title>Meeste pid\u017eaama 12248DS<\/title>\n<meta name=\"robots\" content=\"index, follow, max-snippet:-1, max-image-preview:large, max-video-preview:-1\" \/>\n<link rel=\"canonical\" href=\"https:\/\/pidzaama.ee\/en\/product\/meeste-pidzaama-12248ds\/\" \/>\n<meta property=\"og:locale\" content=\"en_US\" \/>\n<meta property=\"og:type\" content=\"article\" \/>\n<meta property=\"og:title\" content=\"Meeste pid\u017eaama 12248DS\" \/>\n<meta property=\"og:description\" content=\"Material: 100% cotton M-2XL Color of product may differ from the color in the picture Please study carefully the size chart Rinna\u00fcmberm\u00f5\u00f5t Puusa\u00fcmberm\u00f5\u00f5t P\u00fckste pikkus \u041e\u0431\u044a\u0435\u043c \u0433\u0440\u0443\u0434\u0438 \u041e\u0431\u044a\u0435\u043c \u0431\u0435\u0434\u0435\u0440 \u0414\u043b\u0438\u043d\u0430 \u0448\u0442\u0430\u043d\u043e\u0432 Chest Hips Outside leg M 102 106 103 L 110 108 109 XL 112 108 110 2XL 114 110 118\" \/>\n<meta property=\"og:url\" content=\"https:\/\/pidzaama.ee\/en\/product\/meeste-pidzaama-12248ds\/\" \/>\n<meta property=\"og:site_name\" content=\"Pidzaama\" \/>\n<meta property=\"article:modified_time\" content=\"2023-01-01T00:02:10+00:00\" \/>\n<meta property=\"og:image\" content=\"https:\/\/pidzaama.ee\/wp-content\/uploads\/2020\/10\/12248new.jpeg\" \/>\n\t<meta property=\"og:image:width\" content=\"768\" \/>\n\t<meta property=\"og:image:height\" content=\"1024\" \/>\n\t<meta property=\"og:image:type\" content=\"image\/jpeg\" \/>\n<meta name=\"twitter:card\" content=\"summary_large_image\" \/>\n<meta name=\"twitter:label1\" content=\"Est. reading time\" \/>\n\t<meta name=\"twitter:data1\" content=\"1 minute\" \/>\n<script type=\"application\/ld+json\" class=\"yoast-schema-graph\">{\"@context\":\"https:\\\/\\\/schema.org\",\"@graph\":[{\"@type\":\"WebPage\",\"@id\":\"https:\\\/\\\/pidzaama.ee\\\/en\\\/product\\\/meeste-pidzaama-12248ds\\\/\",\"url\":\"https:\\\/\\\/pidzaama.ee\\\/en\\\/product\\\/meeste-pidzaama-12248ds\\\/\",\"name\":\"Meeste pid\u017eaama 12248DS\",\"isPartOf\":{\"@id\":\"https:\\\/\\\/pidzaama.ee\\\/en\\\/#website\"},\"primaryImageOfPage\":{\"@id\":\"https:\\\/\\\/pidzaama.ee\\\/en\\\/product\\\/meeste-pidzaama-12248ds\\\/#primaryimage\"},\"image\":{\"@id\":\"https:\\\/\\\/pidzaama.ee\\\/en\\\/product\\\/meeste-pidzaama-12248ds\\\/#primaryimage\"},\"thumbnailUrl\":\"https:\\\/\\\/pidzaama.ee\\\/wp-content\\\/uploads\\\/2020\\\/10\\\/12248new.jpeg\",\"datePublished\":\"2020-10-07T15:12:32+00:00\",\"dateModified\":\"2023-01-01T00:02:10+00:00\",\"breadcrumb\":{\"@id\":\"https:\\\/\\\/pidzaama.ee\\\/en\\\/product\\\/meeste-pidzaama-12248ds\\\/#breadcrumb\"},\"inLanguage\":\"en-US\",\"potentialAction\":[{\"@type\":\"ReadAction\",\"target\":[\"https:\\\/\\\/pidzaama.ee\\\/en\\\/product\\\/meeste-pidzaama-12248ds\\\/\"]}]},{\"@type\":\"ImageObject\",\"inLanguage\":\"en-US\",\"@id\":\"https:\\\/\\\/pidzaama.ee\\\/en\\\/product\\\/meeste-pidzaama-12248ds\\\/#primaryimage\",\"url\":\"https:\\\/\\\/pidzaama.ee\\\/wp-content\\\/uploads\\\/2020\\\/10\\\/12248new.jpeg\",\"contentUrl\":\"https:\\\/\\\/pidzaama.ee\\\/wp-content\\\/uploads\\\/2020\\\/10\\\/12248new.jpeg\",\"width\":768,\"height\":1024},{\"@type\":\"BreadcrumbList\",\"@id\":\"https:\\\/\\\/pidzaama.ee\\\/en\\\/product\\\/meeste-pidzaama-12248ds\\\/#breadcrumb\",\"itemListElement\":[{\"@type\":\"ListItem\",\"position\":1,\"name\":\"Home\",\"item\":\"https:\\\/\\\/pidzaama.ee\\\/en\\\/home\\\/\"},{\"@type\":\"ListItem\",\"position\":2,\"name\":\"ABOUT US\",\"item\":\"https:\\\/\\\/pidzaama.ee\\\/en\\\/about-us\\\/\"},{\"@type\":\"ListItem\",\"position\":3,\"name\":\"Men&#8217;s pajama 12248DS\"}]},{\"@type\":\"WebSite\",\"@id\":\"https:\\\/\\\/pidzaama.ee\\\/en\\\/#website\",\"url\":\"https:\\\/\\\/pidzaama.ee\\\/en\\\/\",\"name\":\"Pidzaama\",\"description\":\"T\u00e4iendame pidevalt meie sortimendi ning suurusi!\",\"potentialAction\":[{\"@type\":\"SearchAction\",\"target\":{\"@type\":\"EntryPoint\",\"urlTemplate\":\"https:\\\/\\\/pidzaama.ee\\\/en\\\/?s={search_term_string}\"},\"query-input\":{\"@type\":\"PropertyValueSpecification\",\"valueRequired\":true,\"valueName\":\"search_term_string\"}}],\"inLanguage\":\"en-US\"}]}<\/script>\n<!-- \/ Yoast SEO plugin. -->","yoast_head_json":{"title":"Meeste pid\u017eaama 12248DS","robots":{"index":"index","follow":"follow","max-snippet":"max-snippet:-1","max-image-preview":"max-image-preview:large","max-video-preview":"max-video-preview:-1"},"canonical":"https:\/\/pidzaama.ee\/en\/product\/meeste-pidzaama-12248ds\/","og_locale":"en_US","og_type":"article","og_title":"Meeste pid\u017eaama 12248DS","og_description":"Material: 100% cotton M-2XL Color of product may differ from the color in the picture Please study carefully the size chart Rinna\u00fcmberm\u00f5\u00f5t Puusa\u00fcmberm\u00f5\u00f5t P\u00fckste pikkus \u041e\u0431\u044a\u0435\u043c \u0433\u0440\u0443\u0434\u0438 \u041e\u0431\u044a\u0435\u043c \u0431\u0435\u0434\u0435\u0440 \u0414\u043b\u0438\u043d\u0430 \u0448\u0442\u0430\u043d\u043e\u0432 Chest Hips Outside leg M 102 106 103 L 110 108 109 XL 112 108 110 2XL 114 110 118","og_url":"https:\/\/pidzaama.ee\/en\/product\/meeste-pidzaama-12248ds\/","og_site_name":"Pidzaama","article_modified_time":"2023-01-01T00:02:10+00:00","og_image":[{"width":768,"height":1024,"url":"https:\/\/pidzaama.ee\/wp-content\/uploads\/2020\/10\/12248new.jpeg","type":"image\/jpeg"}],"twitter_card":"summary_large_image","twitter_misc":{"Est. reading time":"1 minute"},"schema":{"@context":"https:\/\/schema.org","@graph":[{"@type":"WebPage","@id":"https:\/\/pidzaama.ee\/en\/product\/meeste-pidzaama-12248ds\/","url":"https:\/\/pidzaama.ee\/en\/product\/meeste-pidzaama-12248ds\/","name":"Meeste pid\u017eaama 12248DS","isPartOf":{"@id":"https:\/\/pidzaama.ee\/en\/#website"},"primaryImageOfPage":{"@id":"https:\/\/pidzaama.ee\/en\/product\/meeste-pidzaama-12248ds\/#primaryimage"},"image":{"@id":"https:\/\/pidzaama.ee\/en\/product\/meeste-pidzaama-12248ds\/#primaryimage"},"thumbnailUrl":"https:\/\/pidzaama.ee\/wp-content\/uploads\/2020\/10\/12248new.jpeg","datePublished":"2020-10-07T15:12:32+00:00","dateModified":"2023-01-01T00:02:10+00:00","breadcrumb":{"@id":"https:\/\/pidzaama.ee\/en\/product\/meeste-pidzaama-12248ds\/#breadcrumb"},"inLanguage":"en-US","potentialAction":[{"@type":"ReadAction","target":["https:\/\/pidzaama.ee\/en\/product\/meeste-pidzaama-12248ds\/"]}]},{"@type":"ImageObject","inLanguage":"en-US","@id":"https:\/\/pidzaama.ee\/en\/product\/meeste-pidzaama-12248ds\/#primaryimage","url":"https:\/\/pidzaama.ee\/wp-content\/uploads\/2020\/10\/12248new.jpeg","contentUrl":"https:\/\/pidzaama.ee\/wp-content\/uploads\/2020\/10\/12248new.jpeg","width":768,"height":1024},{"@type":"BreadcrumbList","@id":"https:\/\/pidzaama.ee\/en\/product\/meeste-pidzaama-12248ds\/#breadcrumb","itemListElement":[{"@type":"ListItem","position":1,"name":"Home","item":"https:\/\/pidzaama.ee\/en\/home\/"},{"@type":"ListItem","position":2,"name":"ABOUT US","item":"https:\/\/pidzaama.ee\/en\/about-us\/"},{"@type":"ListItem","position":3,"name":"Men&#8217;s pajama 12248DS"}]},{"@type":"WebSite","@id":"https:\/\/pidzaama.ee\/en\/#website","url":"https:\/\/pidzaama.ee\/en\/","name":"Pidzaama","description":"T\u00e4iendame pidevalt meie sortimendi ning suurusi!","potentialAction":[{"@type":"SearchAction","target":{"@type":"EntryPoint","urlTemplate":"https:\/\/pidzaama.ee\/en\/?s={search_term_string}"},"query-input":{"@type":"PropertyValueSpecification","valueRequired":true,"valueName":"search_term_string"}}],"inLanguage":"en-US"}]}},"_links":{"self":[{"href":"https:\/\/pidzaama.ee\/en\/wp-json\/wp\/v2\/product\/4246","targetHints":{"allow":["GET"]}}],"collection":[{"href":"https:\/\/pidzaama.ee\/en\/wp-json\/wp\/v2\/product"}],"about":[{"href":"https:\/\/pidzaama.ee\/en\/wp-json\/wp\/v2\/types\/product"}],"wp:featuredmedia":[{"embeddable":true,"href":"https:\/\/pidzaama.ee\/en\/wp-json\/wp\/v2\/media\/12010"}],"wp:attachment":[{"href":"https:\/\/pidzaama.ee\/en\/wp-json\/wp\/v2\/media?parent=4246"}],"wp:term":[{"taxonomy":"product_brand","embeddable":true,"href":"https:\/\/pidzaama.ee\/en\/wp-json\/wp\/v2\/product_brand?post=4246"},{"taxonomy":"product_cat","embeddable":true,"href":"https:\/\/pidzaama.ee\/en\/wp-json\/wp\/v2\/product_cat?post=4246"},{"taxonomy":"product_tag","embeddable":true,"href":"https:\/\/pidzaama.ee\/en\/wp-json\/wp\/v2\/product_tag?post=4246"}],"curies":[{"name":"wp","href":"https:\/\/api.w.org\/{rel}","templated":true}]}}