{"id":4278,"date":"2020-10-07T11:02:41","date_gmt":"2020-10-07T11:02:41","guid":{"rendered":"https:\/\/pidzaama-ee.vserver.zonevs.eu\/product\/naiste-puuvillane-pidzaama-11506l\/"},"modified":"2021-07-16T11:28:25","modified_gmt":"2021-07-16T11:28:25","slug":"naiste-puuvillane-pidzaama-11506l","status":"publish","type":"product","link":"https:\/\/pidzaama.ee\/en\/product\/naiste-puuvillane-pidzaama-11506l\/","title":{"rendered":"Women&#8217;s cotton pajama 11506L"},"content":{"rendered":"<p class=\"MsoNormal\" style=\"box-sizing: inherit; margin-bottom: 1rem;\"><span style=\"color: #777777; font-family: Times New Roman;\"><span style=\"font-size: 18px;\">Material: 100% cotton<\/span><\/span><\/p>\n<p class=\"MsoNormal\" style=\"box-sizing: inherit; margin-bottom: 1rem;\">Thin cotton fabric.<\/p>\n<p class=\"MsoNormal\" style=\"box-sizing: inherit; margin-bottom: 1rem;\"><span style=\"color: #777777; font-family: Times New Roman;\"><span style=\"font-size: 18px;\"><b>2XL-6XL<\/b><\/span><\/span><\/p>\n<p>Color of product may differ from the color in the picture<\/p>\n<p>Please study carefully the size chart<\/p>\n<table width=\"604\">\n<tbody>\n<tr>\n<td width=\"151\"><\/td>\n<td width=\"151\">Rinna\u00fcmberm\u00f5\u00f5t<\/td>\n<td width=\"151\">Puusa\u00fcmberm\u00f5\u00f5t<\/td>\n<td width=\"151\">P\u00fckste pikkus<\/td>\n<\/tr>\n<tr>\n<td><\/td>\n<td>\u041e\u0431\u044a\u0435\u043c \u0433\u0440\u0443\u0434\u0438<\/td>\n<td>\u041e\u0431\u044a\u0435\u043c \u0431\u0435\u0434\u0435\u0440<\/td>\n<td>\u0414\u043b\u0438\u043d\u0430 \u0448\u0442\u0430\u043d\u043e\u0432<\/td>\n<\/tr>\n<tr>\n<td><\/td>\n<td>Chest<\/td>\n<td>Hips<\/td>\n<td>Outside leg<\/td>\n<\/tr>\n<tr>\n<td>2XL<\/td>\n<td>108<\/td>\n<td>120<\/td>\n<td>110<\/td>\n<\/tr>\n<tr>\n<td>3XL<\/td>\n<td>112<\/td>\n<td>122<\/td>\n<td>110<\/td>\n<\/tr>\n<tr>\n<td>4XL<\/td>\n<td><\/td>\n<td><\/td>\n<td><\/td>\n<\/tr>\n<tr>\n<td>5XL<\/td>\n<td>124<\/td>\n<td>130<\/td>\n<td>116<\/td>\n<\/tr>\n<tr>\n<td>6XL<\/td>\n<td>126<\/td>\n<td>132<\/td>\n<td>116<\/td>\n<\/tr>\n<\/tbody>\n<\/table>\n","protected":false},"excerpt":{"rendered":"<p>Material: 100% cotton Thin cotton fabric. 2XL-6XL Color of product may differ from the color in the picture Please study carefully the size chart Rinna\u00fcmberm\u00f5\u00f5t Puusa\u00fcmberm\u00f5\u00f5t P\u00fckste pikkus \u041e\u0431\u044a\u0435\u043c \u0433\u0440\u0443\u0434\u0438 \u041e\u0431\u044a\u0435\u043c \u0431\u0435\u0434\u0435\u0440 \u0414\u043b\u0438\u043d\u0430 \u0448\u0442\u0430\u043d\u043e\u0432 Chest Hips Outside leg 2XL 108 120 110 3XL 112 122 110 4XL 5XL 124 130 116 6XL 126 132 116<\/p>\n","protected":false},"featured_media":12061,"template":"","meta":[],"product_brand":[],"product_cat":[165,153,169,171],"product_tag":[],"class_list":{"0":"post-4278","1":"product","2":"type-product","3":"status-publish","4":"has-post-thumbnail","6":"product_cat-homeclothing","7":"product_cat-naiste-pidzaamad-ja-oosargid-en","8":"product_cat-naised-pidzaamad-en","9":"product_cat-naised-pidzaamad-pikkade-pukstega-en","11":"first","12":"instock","13":"taxable","14":"shipping-taxable","15":"purchasable","16":"product-type-variable"},"yoast_head":"<!-- This site is optimized with the Yoast SEO plugin v27.4 - https:\/\/yoast.com\/product\/yoast-seo-wordpress\/ -->\n<title>Naiste puuvillane pid\u017eaama 11506L<\/title>\n<meta name=\"robots\" content=\"index, follow, max-snippet:-1, max-image-preview:large, max-video-preview:-1\" \/>\n<link rel=\"canonical\" href=\"https:\/\/pidzaama.ee\/en\/product\/naiste-puuvillane-pidzaama-11506l\/\" \/>\n<meta property=\"og:locale\" content=\"en_US\" \/>\n<meta property=\"og:type\" content=\"article\" \/>\n<meta property=\"og:title\" content=\"Naiste puuvillane pid\u017eaama 11506L\" \/>\n<meta property=\"og:description\" content=\"Material: 100% cotton Thin cotton fabric. 2XL-6XL Color of product may differ from the color in the picture Please study carefully the size chart Rinna\u00fcmberm\u00f5\u00f5t Puusa\u00fcmberm\u00f5\u00f5t P\u00fckste pikkus \u041e\u0431\u044a\u0435\u043c \u0433\u0440\u0443\u0434\u0438 \u041e\u0431\u044a\u0435\u043c \u0431\u0435\u0434\u0435\u0440 \u0414\u043b\u0438\u043d\u0430 \u0448\u0442\u0430\u043d\u043e\u0432 Chest Hips Outside leg 2XL 108 120 110 3XL 112 122 110 4XL 5XL 124 130 116 6XL 126 132 116\" \/>\n<meta property=\"og:url\" content=\"https:\/\/pidzaama.ee\/en\/product\/naiste-puuvillane-pidzaama-11506l\/\" \/>\n<meta property=\"og:site_name\" content=\"Pidzaama\" \/>\n<meta property=\"article:modified_time\" content=\"2021-07-16T11:28:25+00:00\" \/>\n<meta property=\"og:image\" content=\"https:\/\/pidzaama.ee\/wp-content\/uploads\/2020\/10\/11506.jpg\" \/>\n\t<meta property=\"og:image:width\" content=\"1200\" \/>\n\t<meta property=\"og:image:height\" content=\"1600\" \/>\n\t<meta property=\"og:image:type\" content=\"image\/jpeg\" \/>\n<meta name=\"twitter:card\" content=\"summary_large_image\" \/>\n<meta name=\"twitter:label1\" content=\"Est. reading time\" \/>\n\t<meta name=\"twitter:data1\" content=\"1 minute\" \/>\n<script type=\"application\/ld+json\" class=\"yoast-schema-graph\">{\"@context\":\"https:\\\/\\\/schema.org\",\"@graph\":[{\"@type\":\"WebPage\",\"@id\":\"https:\\\/\\\/pidzaama.ee\\\/en\\\/product\\\/naiste-puuvillane-pidzaama-11506l\\\/\",\"url\":\"https:\\\/\\\/pidzaama.ee\\\/en\\\/product\\\/naiste-puuvillane-pidzaama-11506l\\\/\",\"name\":\"Naiste puuvillane pid\u017eaama 11506L\",\"isPartOf\":{\"@id\":\"https:\\\/\\\/pidzaama.ee\\\/en\\\/#website\"},\"primaryImageOfPage\":{\"@id\":\"https:\\\/\\\/pidzaama.ee\\\/en\\\/product\\\/naiste-puuvillane-pidzaama-11506l\\\/#primaryimage\"},\"image\":{\"@id\":\"https:\\\/\\\/pidzaama.ee\\\/en\\\/product\\\/naiste-puuvillane-pidzaama-11506l\\\/#primaryimage\"},\"thumbnailUrl\":\"https:\\\/\\\/pidzaama.ee\\\/wp-content\\\/uploads\\\/2020\\\/10\\\/11506.jpg\",\"datePublished\":\"2020-10-07T11:02:41+00:00\",\"dateModified\":\"2021-07-16T11:28:25+00:00\",\"breadcrumb\":{\"@id\":\"https:\\\/\\\/pidzaama.ee\\\/en\\\/product\\\/naiste-puuvillane-pidzaama-11506l\\\/#breadcrumb\"},\"inLanguage\":\"en-US\",\"potentialAction\":[{\"@type\":\"ReadAction\",\"target\":[\"https:\\\/\\\/pidzaama.ee\\\/en\\\/product\\\/naiste-puuvillane-pidzaama-11506l\\\/\"]}]},{\"@type\":\"ImageObject\",\"inLanguage\":\"en-US\",\"@id\":\"https:\\\/\\\/pidzaama.ee\\\/en\\\/product\\\/naiste-puuvillane-pidzaama-11506l\\\/#primaryimage\",\"url\":\"https:\\\/\\\/pidzaama.ee\\\/wp-content\\\/uploads\\\/2020\\\/10\\\/11506.jpg\",\"contentUrl\":\"https:\\\/\\\/pidzaama.ee\\\/wp-content\\\/uploads\\\/2020\\\/10\\\/11506.jpg\",\"width\":1200,\"height\":1600},{\"@type\":\"BreadcrumbList\",\"@id\":\"https:\\\/\\\/pidzaama.ee\\\/en\\\/product\\\/naiste-puuvillane-pidzaama-11506l\\\/#breadcrumb\",\"itemListElement\":[{\"@type\":\"ListItem\",\"position\":1,\"name\":\"Home\",\"item\":\"https:\\\/\\\/pidzaama.ee\\\/en\\\/home\\\/\"},{\"@type\":\"ListItem\",\"position\":2,\"name\":\"ABOUT US\",\"item\":\"https:\\\/\\\/pidzaama.ee\\\/en\\\/about-us\\\/\"},{\"@type\":\"ListItem\",\"position\":3,\"name\":\"Women&#8217;s cotton pajama 11506L\"}]},{\"@type\":\"WebSite\",\"@id\":\"https:\\\/\\\/pidzaama.ee\\\/en\\\/#website\",\"url\":\"https:\\\/\\\/pidzaama.ee\\\/en\\\/\",\"name\":\"Pidzaama\",\"description\":\"T\u00e4iendame pidevalt meie sortimendi ning suurusi!\",\"potentialAction\":[{\"@type\":\"SearchAction\",\"target\":{\"@type\":\"EntryPoint\",\"urlTemplate\":\"https:\\\/\\\/pidzaama.ee\\\/en\\\/?s={search_term_string}\"},\"query-input\":{\"@type\":\"PropertyValueSpecification\",\"valueRequired\":true,\"valueName\":\"search_term_string\"}}],\"inLanguage\":\"en-US\"}]}<\/script>\n<!-- \/ Yoast SEO plugin. -->","yoast_head_json":{"title":"Naiste puuvillane pid\u017eaama 11506L","robots":{"index":"index","follow":"follow","max-snippet":"max-snippet:-1","max-image-preview":"max-image-preview:large","max-video-preview":"max-video-preview:-1"},"canonical":"https:\/\/pidzaama.ee\/en\/product\/naiste-puuvillane-pidzaama-11506l\/","og_locale":"en_US","og_type":"article","og_title":"Naiste puuvillane pid\u017eaama 11506L","og_description":"Material: 100% cotton Thin cotton fabric. 2XL-6XL Color of product may differ from the color in the picture Please study carefully the size chart Rinna\u00fcmberm\u00f5\u00f5t Puusa\u00fcmberm\u00f5\u00f5t P\u00fckste pikkus \u041e\u0431\u044a\u0435\u043c \u0433\u0440\u0443\u0434\u0438 \u041e\u0431\u044a\u0435\u043c \u0431\u0435\u0434\u0435\u0440 \u0414\u043b\u0438\u043d\u0430 \u0448\u0442\u0430\u043d\u043e\u0432 Chest Hips Outside leg 2XL 108 120 110 3XL 112 122 110 4XL 5XL 124 130 116 6XL 126 132 116","og_url":"https:\/\/pidzaama.ee\/en\/product\/naiste-puuvillane-pidzaama-11506l\/","og_site_name":"Pidzaama","article_modified_time":"2021-07-16T11:28:25+00:00","og_image":[{"width":1200,"height":1600,"url":"https:\/\/pidzaama.ee\/wp-content\/uploads\/2020\/10\/11506.jpg","type":"image\/jpeg"}],"twitter_card":"summary_large_image","twitter_misc":{"Est. reading time":"1 minute"},"schema":{"@context":"https:\/\/schema.org","@graph":[{"@type":"WebPage","@id":"https:\/\/pidzaama.ee\/en\/product\/naiste-puuvillane-pidzaama-11506l\/","url":"https:\/\/pidzaama.ee\/en\/product\/naiste-puuvillane-pidzaama-11506l\/","name":"Naiste puuvillane pid\u017eaama 11506L","isPartOf":{"@id":"https:\/\/pidzaama.ee\/en\/#website"},"primaryImageOfPage":{"@id":"https:\/\/pidzaama.ee\/en\/product\/naiste-puuvillane-pidzaama-11506l\/#primaryimage"},"image":{"@id":"https:\/\/pidzaama.ee\/en\/product\/naiste-puuvillane-pidzaama-11506l\/#primaryimage"},"thumbnailUrl":"https:\/\/pidzaama.ee\/wp-content\/uploads\/2020\/10\/11506.jpg","datePublished":"2020-10-07T11:02:41+00:00","dateModified":"2021-07-16T11:28:25+00:00","breadcrumb":{"@id":"https:\/\/pidzaama.ee\/en\/product\/naiste-puuvillane-pidzaama-11506l\/#breadcrumb"},"inLanguage":"en-US","potentialAction":[{"@type":"ReadAction","target":["https:\/\/pidzaama.ee\/en\/product\/naiste-puuvillane-pidzaama-11506l\/"]}]},{"@type":"ImageObject","inLanguage":"en-US","@id":"https:\/\/pidzaama.ee\/en\/product\/naiste-puuvillane-pidzaama-11506l\/#primaryimage","url":"https:\/\/pidzaama.ee\/wp-content\/uploads\/2020\/10\/11506.jpg","contentUrl":"https:\/\/pidzaama.ee\/wp-content\/uploads\/2020\/10\/11506.jpg","width":1200,"height":1600},{"@type":"BreadcrumbList","@id":"https:\/\/pidzaama.ee\/en\/product\/naiste-puuvillane-pidzaama-11506l\/#breadcrumb","itemListElement":[{"@type":"ListItem","position":1,"name":"Home","item":"https:\/\/pidzaama.ee\/en\/home\/"},{"@type":"ListItem","position":2,"name":"ABOUT US","item":"https:\/\/pidzaama.ee\/en\/about-us\/"},{"@type":"ListItem","position":3,"name":"Women&#8217;s cotton pajama 11506L"}]},{"@type":"WebSite","@id":"https:\/\/pidzaama.ee\/en\/#website","url":"https:\/\/pidzaama.ee\/en\/","name":"Pidzaama","description":"T\u00e4iendame pidevalt meie sortimendi ning suurusi!","potentialAction":[{"@type":"SearchAction","target":{"@type":"EntryPoint","urlTemplate":"https:\/\/pidzaama.ee\/en\/?s={search_term_string}"},"query-input":{"@type":"PropertyValueSpecification","valueRequired":true,"valueName":"search_term_string"}}],"inLanguage":"en-US"}]}},"_links":{"self":[{"href":"https:\/\/pidzaama.ee\/en\/wp-json\/wp\/v2\/product\/4278","targetHints":{"allow":["GET"]}}],"collection":[{"href":"https:\/\/pidzaama.ee\/en\/wp-json\/wp\/v2\/product"}],"about":[{"href":"https:\/\/pidzaama.ee\/en\/wp-json\/wp\/v2\/types\/product"}],"wp:featuredmedia":[{"embeddable":true,"href":"https:\/\/pidzaama.ee\/en\/wp-json\/wp\/v2\/media\/12061"}],"wp:attachment":[{"href":"https:\/\/pidzaama.ee\/en\/wp-json\/wp\/v2\/media?parent=4278"}],"wp:term":[{"taxonomy":"product_brand","embeddable":true,"href":"https:\/\/pidzaama.ee\/en\/wp-json\/wp\/v2\/product_brand?post=4278"},{"taxonomy":"product_cat","embeddable":true,"href":"https:\/\/pidzaama.ee\/en\/wp-json\/wp\/v2\/product_cat?post=4278"},{"taxonomy":"product_tag","embeddable":true,"href":"https:\/\/pidzaama.ee\/en\/wp-json\/wp\/v2\/product_tag?post=4278"}],"curies":[{"name":"wp","href":"https:\/\/api.w.org\/{rel}","templated":true}]}}