{"id":4469,"date":"2020-09-15T09:46:22","date_gmt":"2020-09-15T09:46:22","guid":{"rendered":"https:\/\/pidzaama-ee.vserver.zonevs.eu\/product\/naiste-veluurkomplekt-51513l\/"},"modified":"2024-10-11T13:17:16","modified_gmt":"2024-10-11T13:17:16","slug":"naiste-veluurkomplekt-51513l","status":"publish","type":"product","link":"https:\/\/pidzaama.ee\/en\/product\/naiste-veluurkomplekt-51513l\/","title":{"rendered":"Women&#8217;s velour set 51513L"},"content":{"rendered":"<p>Material:\u00a070% cotton, 30% plush<\/p>\n<p><b>We recommend one size larger<\/b><\/p>\n<p>Velvety, very soft material.<\/p>\n<p class=\"MsoNormal\" style=\"box-sizing: inherit; margin-bottom: 1rem;\"><span style=\"color: #777777; font-family: Times New Roman;\"><span style=\"font-size: 18px;\"><b>S-4XL<\/b><\/span><\/span><\/p>\n<p>Color of product may differ from the color in the picture<\/p>\n<p>Please study carefully the size chart<\/p>\n<table border=\"0\" width=\"604\" cellspacing=\"0\" cellpadding=\"0\">\n<colgroup>\n<col span=\"2\" width=\"151\" \/>\n<col span=\"2\" width=\"151\" \/><\/colgroup>\n<tbody>\n<tr>\n<td class=\"xl64\" width=\"151\" height=\"24\"><\/td>\n<td class=\"xl67\" width=\"151\">Rinna\u00fcmberm\u00f5\u00f5t<\/td>\n<td class=\"xl67\" width=\"151\">Puusa\u00fcmberm\u00f5\u00f5t<\/td>\n<td class=\"xl67\" width=\"151\">P\u00fckste pikkus<\/td>\n<\/tr>\n<tr>\n<td class=\"xl64\" height=\"21\"><\/td>\n<td class=\"xl67\">\u041e\u0431\u044a\u0435\u043c \u0433\u0440\u0443\u0434\u0438<\/td>\n<td class=\"xl67\">\u041e\u0431\u044a\u0435\u043c \u0431\u0435\u0434\u0435\u0440<\/td>\n<td class=\"xl67\">\u0414\u043b\u0438\u043d\u0430 \u0448\u0442\u0430\u043d\u043e\u0432<\/td>\n<\/tr>\n<tr>\n<td class=\"xl64\" height=\"21\"><\/td>\n<td class=\"xl67\">Chest<\/td>\n<td class=\"xl67\">Hips<\/td>\n<td class=\"xl67\">Outside leg<\/td>\n<\/tr>\n<tr>\n<td class=\"xl65\" height=\"21\">S<\/td>\n<td class=\"xl63\" width=\"151\">90<\/td>\n<td class=\"xl66\">96<\/td>\n<td class=\"xl66\">96<\/td>\n<\/tr>\n<tr>\n<td class=\"xl65\" height=\"21\">M<\/td>\n<td class=\"xl63\" width=\"151\">92<\/td>\n<td class=\"xl66\">100<\/td>\n<td class=\"xl66\">98<\/td>\n<\/tr>\n<tr>\n<td class=\"xl65\" height=\"21\">L<\/td>\n<td class=\"xl66\">96<\/td>\n<td class=\"xl66\">104<\/td>\n<td class=\"xl66\">100<\/td>\n<\/tr>\n<tr>\n<td class=\"xl65\" height=\"21\">XL<\/td>\n<td class=\"xl66\">98<\/td>\n<td class=\"xl66\">108<\/td>\n<td class=\"xl66\">104<\/td>\n<\/tr>\n<tr>\n<td class=\"xl65\" height=\"21\">2XL<\/td>\n<td class=\"xl66\">108<\/td>\n<td class=\"xl66\">110<\/td>\n<td class=\"xl66\">105<\/td>\n<\/tr>\n<tr>\n<td class=\"xl65\" height=\"21\">3XL<\/td>\n<td class=\"xl66\">114<\/td>\n<td class=\"xl66\">112<\/td>\n<td class=\"xl66\">110<\/td>\n<\/tr>\n<tr>\n<td class=\"xl65\" height=\"21\">4XL<\/td>\n<td class=\"xl66\">118<\/td>\n<td class=\"xl66\">116<\/td>\n<td class=\"xl66\">111<\/td>\n<\/tr>\n<\/tbody>\n<\/table>\n","protected":false},"excerpt":{"rendered":"<p>Material:\u00a070% cotton, 30% plush We recommend one size larger Velvety, very soft material. S-4XL Color of product may differ from the color in the picture Please study carefully the size chart Rinna\u00fcmberm\u00f5\u00f5t Puusa\u00fcmberm\u00f5\u00f5t P\u00fckste pikkus \u041e\u0431\u044a\u0435\u043c \u0433\u0440\u0443\u0434\u0438 \u041e\u0431\u044a\u0435\u043c \u0431\u0435\u0434\u0435\u0440 \u0414\u043b\u0438\u043d\u0430 \u0448\u0442\u0430\u043d\u043e\u0432 Chest Hips Outside leg S 90 96 96 M 92 100 98 L 96 [&hellip;]<\/p>\n","protected":false},"featured_media":4470,"template":"","meta":[],"product_brand":[],"product_cat":[165,153,169,171],"product_tag":[],"class_list":{"0":"post-4469","1":"product","2":"type-product","3":"status-publish","4":"has-post-thumbnail","6":"product_cat-homeclothing","7":"product_cat-naiste-pidzaamad-ja-oosargid-en","8":"product_cat-naised-pidzaamad-en","9":"product_cat-naised-pidzaamad-pikkade-pukstega-en","11":"first","12":"outofstock","13":"taxable","14":"shipping-taxable","15":"product-type-variable"},"yoast_head":"<!-- This site is optimized with the Yoast SEO plugin v27.3 - https:\/\/yoast.com\/product\/yoast-seo-wordpress\/ -->\n<title>Naiste veluurkomplekt 51513L<\/title>\n<meta name=\"robots\" content=\"index, follow, max-snippet:-1, max-image-preview:large, max-video-preview:-1\" \/>\n<link rel=\"canonical\" href=\"https:\/\/pidzaama.ee\/en\/product\/naiste-veluurkomplekt-51513l\/\" \/>\n<meta property=\"og:locale\" content=\"en_US\" \/>\n<meta property=\"og:type\" content=\"article\" \/>\n<meta property=\"og:title\" content=\"Naiste veluurkomplekt 51513L\" \/>\n<meta property=\"og:description\" content=\"Material:\u00a070% cotton, 30% plush We recommend one size larger Velvety, very soft material. S-4XL Color of product may differ from the color in the picture Please study carefully the size chart Rinna\u00fcmberm\u00f5\u00f5t Puusa\u00fcmberm\u00f5\u00f5t P\u00fckste pikkus \u041e\u0431\u044a\u0435\u043c \u0433\u0440\u0443\u0434\u0438 \u041e\u0431\u044a\u0435\u043c \u0431\u0435\u0434\u0435\u0440 \u0414\u043b\u0438\u043d\u0430 \u0448\u0442\u0430\u043d\u043e\u0432 Chest Hips Outside leg S 90 96 96 M 92 100 98 L 96 [&hellip;]\" \/>\n<meta property=\"og:url\" content=\"https:\/\/pidzaama.ee\/en\/product\/naiste-veluurkomplekt-51513l\/\" \/>\n<meta property=\"og:site_name\" content=\"Pidzaama\" \/>\n<meta property=\"article:modified_time\" content=\"2024-10-11T13:17:16+00:00\" \/>\n<meta property=\"og:image\" content=\"https:\/\/pidzaama.ee\/wp-content\/uploads\/2021\/05\/51513L.jpg\" \/>\n\t<meta property=\"og:image:width\" content=\"1200\" \/>\n\t<meta property=\"og:image:height\" content=\"1600\" \/>\n\t<meta property=\"og:image:type\" content=\"image\/jpeg\" \/>\n<meta name=\"twitter:card\" content=\"summary_large_image\" \/>\n<meta name=\"twitter:label1\" content=\"Est. reading time\" \/>\n\t<meta name=\"twitter:data1\" content=\"1 minute\" \/>\n<script type=\"application\/ld+json\" class=\"yoast-schema-graph\">{\"@context\":\"https:\\\/\\\/schema.org\",\"@graph\":[{\"@type\":\"WebPage\",\"@id\":\"https:\\\/\\\/pidzaama.ee\\\/en\\\/product\\\/naiste-veluurkomplekt-51513l\\\/\",\"url\":\"https:\\\/\\\/pidzaama.ee\\\/en\\\/product\\\/naiste-veluurkomplekt-51513l\\\/\",\"name\":\"Naiste veluurkomplekt 51513L\",\"isPartOf\":{\"@id\":\"https:\\\/\\\/pidzaama.ee\\\/en\\\/#website\"},\"primaryImageOfPage\":{\"@id\":\"https:\\\/\\\/pidzaama.ee\\\/en\\\/product\\\/naiste-veluurkomplekt-51513l\\\/#primaryimage\"},\"image\":{\"@id\":\"https:\\\/\\\/pidzaama.ee\\\/en\\\/product\\\/naiste-veluurkomplekt-51513l\\\/#primaryimage\"},\"thumbnailUrl\":\"https:\\\/\\\/pidzaama.ee\\\/wp-content\\\/uploads\\\/2021\\\/05\\\/51513L.jpg\",\"datePublished\":\"2020-09-15T09:46:22+00:00\",\"dateModified\":\"2024-10-11T13:17:16+00:00\",\"breadcrumb\":{\"@id\":\"https:\\\/\\\/pidzaama.ee\\\/en\\\/product\\\/naiste-veluurkomplekt-51513l\\\/#breadcrumb\"},\"inLanguage\":\"en-US\",\"potentialAction\":[{\"@type\":\"ReadAction\",\"target\":[\"https:\\\/\\\/pidzaama.ee\\\/en\\\/product\\\/naiste-veluurkomplekt-51513l\\\/\"]}]},{\"@type\":\"ImageObject\",\"inLanguage\":\"en-US\",\"@id\":\"https:\\\/\\\/pidzaama.ee\\\/en\\\/product\\\/naiste-veluurkomplekt-51513l\\\/#primaryimage\",\"url\":\"https:\\\/\\\/pidzaama.ee\\\/wp-content\\\/uploads\\\/2021\\\/05\\\/51513L.jpg\",\"contentUrl\":\"https:\\\/\\\/pidzaama.ee\\\/wp-content\\\/uploads\\\/2021\\\/05\\\/51513L.jpg\",\"width\":1200,\"height\":1600},{\"@type\":\"BreadcrumbList\",\"@id\":\"https:\\\/\\\/pidzaama.ee\\\/en\\\/product\\\/naiste-veluurkomplekt-51513l\\\/#breadcrumb\",\"itemListElement\":[{\"@type\":\"ListItem\",\"position\":1,\"name\":\"Home\",\"item\":\"https:\\\/\\\/pidzaama.ee\\\/en\\\/home\\\/\"},{\"@type\":\"ListItem\",\"position\":2,\"name\":\"ABOUT US\",\"item\":\"https:\\\/\\\/pidzaama.ee\\\/en\\\/about-us\\\/\"},{\"@type\":\"ListItem\",\"position\":3,\"name\":\"Women&#8217;s velour set 51513L\"}]},{\"@type\":\"WebSite\",\"@id\":\"https:\\\/\\\/pidzaama.ee\\\/en\\\/#website\",\"url\":\"https:\\\/\\\/pidzaama.ee\\\/en\\\/\",\"name\":\"Pidzaama\",\"description\":\"T\u00e4iendame pidevalt meie sortimendi ning suurusi!\",\"potentialAction\":[{\"@type\":\"SearchAction\",\"target\":{\"@type\":\"EntryPoint\",\"urlTemplate\":\"https:\\\/\\\/pidzaama.ee\\\/en\\\/?s={search_term_string}\"},\"query-input\":{\"@type\":\"PropertyValueSpecification\",\"valueRequired\":true,\"valueName\":\"search_term_string\"}}],\"inLanguage\":\"en-US\"}]}<\/script>\n<!-- \/ Yoast SEO plugin. -->","yoast_head_json":{"title":"Naiste veluurkomplekt 51513L","robots":{"index":"index","follow":"follow","max-snippet":"max-snippet:-1","max-image-preview":"max-image-preview:large","max-video-preview":"max-video-preview:-1"},"canonical":"https:\/\/pidzaama.ee\/en\/product\/naiste-veluurkomplekt-51513l\/","og_locale":"en_US","og_type":"article","og_title":"Naiste veluurkomplekt 51513L","og_description":"Material:\u00a070% cotton, 30% plush We recommend one size larger Velvety, very soft material. S-4XL Color of product may differ from the color in the picture Please study carefully the size chart Rinna\u00fcmberm\u00f5\u00f5t Puusa\u00fcmberm\u00f5\u00f5t P\u00fckste pikkus \u041e\u0431\u044a\u0435\u043c \u0433\u0440\u0443\u0434\u0438 \u041e\u0431\u044a\u0435\u043c \u0431\u0435\u0434\u0435\u0440 \u0414\u043b\u0438\u043d\u0430 \u0448\u0442\u0430\u043d\u043e\u0432 Chest Hips Outside leg S 90 96 96 M 92 100 98 L 96 [&hellip;]","og_url":"https:\/\/pidzaama.ee\/en\/product\/naiste-veluurkomplekt-51513l\/","og_site_name":"Pidzaama","article_modified_time":"2024-10-11T13:17:16+00:00","og_image":[{"width":1200,"height":1600,"url":"https:\/\/pidzaama.ee\/wp-content\/uploads\/2021\/05\/51513L.jpg","type":"image\/jpeg"}],"twitter_card":"summary_large_image","twitter_misc":{"Est. reading time":"1 minute"},"schema":{"@context":"https:\/\/schema.org","@graph":[{"@type":"WebPage","@id":"https:\/\/pidzaama.ee\/en\/product\/naiste-veluurkomplekt-51513l\/","url":"https:\/\/pidzaama.ee\/en\/product\/naiste-veluurkomplekt-51513l\/","name":"Naiste veluurkomplekt 51513L","isPartOf":{"@id":"https:\/\/pidzaama.ee\/en\/#website"},"primaryImageOfPage":{"@id":"https:\/\/pidzaama.ee\/en\/product\/naiste-veluurkomplekt-51513l\/#primaryimage"},"image":{"@id":"https:\/\/pidzaama.ee\/en\/product\/naiste-veluurkomplekt-51513l\/#primaryimage"},"thumbnailUrl":"https:\/\/pidzaama.ee\/wp-content\/uploads\/2021\/05\/51513L.jpg","datePublished":"2020-09-15T09:46:22+00:00","dateModified":"2024-10-11T13:17:16+00:00","breadcrumb":{"@id":"https:\/\/pidzaama.ee\/en\/product\/naiste-veluurkomplekt-51513l\/#breadcrumb"},"inLanguage":"en-US","potentialAction":[{"@type":"ReadAction","target":["https:\/\/pidzaama.ee\/en\/product\/naiste-veluurkomplekt-51513l\/"]}]},{"@type":"ImageObject","inLanguage":"en-US","@id":"https:\/\/pidzaama.ee\/en\/product\/naiste-veluurkomplekt-51513l\/#primaryimage","url":"https:\/\/pidzaama.ee\/wp-content\/uploads\/2021\/05\/51513L.jpg","contentUrl":"https:\/\/pidzaama.ee\/wp-content\/uploads\/2021\/05\/51513L.jpg","width":1200,"height":1600},{"@type":"BreadcrumbList","@id":"https:\/\/pidzaama.ee\/en\/product\/naiste-veluurkomplekt-51513l\/#breadcrumb","itemListElement":[{"@type":"ListItem","position":1,"name":"Home","item":"https:\/\/pidzaama.ee\/en\/home\/"},{"@type":"ListItem","position":2,"name":"ABOUT US","item":"https:\/\/pidzaama.ee\/en\/about-us\/"},{"@type":"ListItem","position":3,"name":"Women&#8217;s velour set 51513L"}]},{"@type":"WebSite","@id":"https:\/\/pidzaama.ee\/en\/#website","url":"https:\/\/pidzaama.ee\/en\/","name":"Pidzaama","description":"T\u00e4iendame pidevalt meie sortimendi ning suurusi!","potentialAction":[{"@type":"SearchAction","target":{"@type":"EntryPoint","urlTemplate":"https:\/\/pidzaama.ee\/en\/?s={search_term_string}"},"query-input":{"@type":"PropertyValueSpecification","valueRequired":true,"valueName":"search_term_string"}}],"inLanguage":"en-US"}]}},"_links":{"self":[{"href":"https:\/\/pidzaama.ee\/en\/wp-json\/wp\/v2\/product\/4469","targetHints":{"allow":["GET"]}}],"collection":[{"href":"https:\/\/pidzaama.ee\/en\/wp-json\/wp\/v2\/product"}],"about":[{"href":"https:\/\/pidzaama.ee\/en\/wp-json\/wp\/v2\/types\/product"}],"wp:featuredmedia":[{"embeddable":true,"href":"https:\/\/pidzaama.ee\/en\/wp-json\/wp\/v2\/media\/4470"}],"wp:attachment":[{"href":"https:\/\/pidzaama.ee\/en\/wp-json\/wp\/v2\/media?parent=4469"}],"wp:term":[{"taxonomy":"product_brand","embeddable":true,"href":"https:\/\/pidzaama.ee\/en\/wp-json\/wp\/v2\/product_brand?post=4469"},{"taxonomy":"product_cat","embeddable":true,"href":"https:\/\/pidzaama.ee\/en\/wp-json\/wp\/v2\/product_cat?post=4469"},{"taxonomy":"product_tag","embeddable":true,"href":"https:\/\/pidzaama.ee\/en\/wp-json\/wp\/v2\/product_tag?post=4469"}],"curies":[{"name":"wp","href":"https:\/\/api.w.org\/{rel}","templated":true}]}}