{"id":4494,"date":"2020-09-15T08:55:34","date_gmt":"2020-09-15T08:55:34","guid":{"rendered":"https:\/\/pidzaama-ee.vserver.zonevs.eu\/product\/ohuke-oosark-83598kr-puuvillviskoos\/"},"modified":"2024-02-23T13:51:11","modified_gmt":"2024-02-23T13:51:11","slug":"ohuke-oosark-83598kr-puuvillviskoos","status":"publish","type":"product","link":"https:\/\/pidzaama.ee\/en\/product\/ohuke-oosark-83598kr-puuvillviskoos\/","title":{"rendered":"Light nightgown 83598KR cotton+viscose"},"content":{"rendered":"<p style=\"box-sizing: inherit; margin-bottom: 1rem;\">Material:\u00a050% cotton, 50% viscose<\/p>\n<p><b>We recommend one size larger<\/b><\/p>\n<p style=\"box-sizing: inherit; margin-bottom: 1rem; font-size: 15px; color: #777777;\"><span style=\"box-sizing: inherit; font-weight: bolder; font-size: 18px;\"><span style=\"font-family: Times New Roman;\">M-4XL<\/span><\/span><\/p>\n<p>Color of product may differ from the color in the picture<\/p>\n<p>Please study carefully the size chart<\/p>\n<table width=\"604\">\n<tbody>\n<tr>\n<td width=\"151\"><\/td>\n<td width=\"151\">Rinna\u00fcmberm\u00f5\u00f5t<\/td>\n<td width=\"151\">Puusa\u00fcmberm\u00f5\u00f5t<\/td>\n<td width=\"151\">Pikkus<\/td>\n<\/tr>\n<tr>\n<td><\/td>\n<td width=\"151\">\u041e\u0431\u044a\u0435\u043c \u0433\u0440\u0443\u0434\u0438<\/td>\n<td>\u041e\u0431\u044a\u0435\u043c \u0431\u0435\u0434\u0435\u0440<\/td>\n<td>\u0414\u043b\u0438\u043d\u0430<\/td>\n<\/tr>\n<tr>\n<td><\/td>\n<td width=\"151\">Chest<\/td>\n<td>Hips<\/td>\n<td>Length<\/td>\n<\/tr>\n<tr>\n<td>M<\/td>\n<td width=\"151\">88<\/td>\n<td>108<\/td>\n<td>83<\/td>\n<\/tr>\n<tr>\n<td>L<\/td>\n<td>92<\/td>\n<td>114<\/td>\n<td>86<\/td>\n<\/tr>\n<tr>\n<td>XL<\/td>\n<td>96<\/td>\n<td>118<\/td>\n<td>89<\/td>\n<\/tr>\n<tr>\n<td>2XL<\/td>\n<td>100<\/td>\n<td>124<\/td>\n<td>92<\/td>\n<\/tr>\n<tr>\n<td>3XL<\/td>\n<td><\/td>\n<td><\/td>\n<td><\/td>\n<\/tr>\n<tr>\n<td>4XL<\/td>\n<td>112<\/td>\n<td>132<\/td>\n<td>96<\/td>\n<\/tr>\n<\/tbody>\n<\/table>\n<p class=\"MsoNormal\" style=\"box-sizing: inherit; margin-bottom: 1rem; line-height: normal;\">\n","protected":false},"excerpt":{"rendered":"<p>Material:\u00a050% cotton, 50% viscose We recommend one size larger M-4XL Color of product may differ from the color in the picture Please study carefully the size chart Rinna\u00fcmberm\u00f5\u00f5t Puusa\u00fcmberm\u00f5\u00f5t Pikkus \u041e\u0431\u044a\u0435\u043c \u0433\u0440\u0443\u0434\u0438 \u041e\u0431\u044a\u0435\u043c \u0431\u0435\u0434\u0435\u0440 \u0414\u043b\u0438\u043d\u0430 Chest Hips Length M 88 108 83 L 92 114 86 XL 96 118 89 2XL 100 124 92 3XL [&hellip;]<\/p>\n","protected":false},"featured_media":4495,"template":"","meta":[],"product_brand":[],"product_cat":[153,179,183,166],"product_tag":[],"class_list":{"0":"post-4494","1":"product","2":"type-product","3":"status-publish","4":"has-post-thumbnail","6":"product_cat-naiste-pidzaamad-ja-oosargid-en","7":"product_cat-oosargid-en","8":"product_cat-naised-pidzaamad-rasedatele-en","9":"product_cat-luhikeste-varrukatega-en","11":"first","12":"instock","13":"sale","14":"taxable","15":"shipping-taxable","16":"purchasable","17":"product-type-variable"},"yoast_head":"<!-- This site is optimized with the Yoast SEO plugin v27.3 - https:\/\/yoast.com\/product\/yoast-seo-wordpress\/ -->\n<title>\u00d5huke \u00f6\u00f6s\u00e4rk 83598KR puuvill+viskoos<\/title>\n<meta name=\"robots\" content=\"index, follow, max-snippet:-1, max-image-preview:large, max-video-preview:-1\" \/>\n<link rel=\"canonical\" href=\"https:\/\/pidzaama.ee\/en\/product\/ohuke-oosark-83598kr-puuvillviskoos\/\" \/>\n<meta property=\"og:locale\" content=\"en_US\" \/>\n<meta property=\"og:type\" content=\"article\" \/>\n<meta property=\"og:title\" content=\"\u00d5huke \u00f6\u00f6s\u00e4rk 83598KR puuvill+viskoos\" \/>\n<meta property=\"og:description\" content=\"Material:\u00a050% cotton, 50% viscose We recommend one size larger M-4XL Color of product may differ from the color in the picture Please study carefully the size chart Rinna\u00fcmberm\u00f5\u00f5t Puusa\u00fcmberm\u00f5\u00f5t Pikkus \u041e\u0431\u044a\u0435\u043c \u0433\u0440\u0443\u0434\u0438 \u041e\u0431\u044a\u0435\u043c \u0431\u0435\u0434\u0435\u0440 \u0414\u043b\u0438\u043d\u0430 Chest Hips Length M 88 108 83 L 92 114 86 XL 96 118 89 2XL 100 124 92 3XL [&hellip;]\" \/>\n<meta property=\"og:url\" content=\"https:\/\/pidzaama.ee\/en\/product\/ohuke-oosark-83598kr-puuvillviskoos\/\" \/>\n<meta property=\"og:site_name\" content=\"Pidzaama\" \/>\n<meta property=\"article:modified_time\" content=\"2024-02-23T13:51:11+00:00\" \/>\n<meta property=\"og:image\" content=\"https:\/\/pidzaama.ee\/wp-content\/uploads\/2021\/05\/83598KR.JPG\" \/>\n\t<meta property=\"og:image:width\" content=\"1200\" \/>\n\t<meta property=\"og:image:height\" content=\"1800\" \/>\n\t<meta property=\"og:image:type\" content=\"image\/jpeg\" \/>\n<meta name=\"twitter:card\" content=\"summary_large_image\" \/>\n<meta name=\"twitter:label1\" content=\"Est. reading time\" \/>\n\t<meta name=\"twitter:data1\" content=\"1 minute\" \/>\n<script type=\"application\/ld+json\" class=\"yoast-schema-graph\">{\"@context\":\"https:\\\/\\\/schema.org\",\"@graph\":[{\"@type\":\"WebPage\",\"@id\":\"https:\\\/\\\/pidzaama.ee\\\/en\\\/product\\\/ohuke-oosark-83598kr-puuvillviskoos\\\/\",\"url\":\"https:\\\/\\\/pidzaama.ee\\\/en\\\/product\\\/ohuke-oosark-83598kr-puuvillviskoos\\\/\",\"name\":\"\u00d5huke \u00f6\u00f6s\u00e4rk 83598KR puuvill+viskoos\",\"isPartOf\":{\"@id\":\"https:\\\/\\\/pidzaama.ee\\\/en\\\/#website\"},\"primaryImageOfPage\":{\"@id\":\"https:\\\/\\\/pidzaama.ee\\\/en\\\/product\\\/ohuke-oosark-83598kr-puuvillviskoos\\\/#primaryimage\"},\"image\":{\"@id\":\"https:\\\/\\\/pidzaama.ee\\\/en\\\/product\\\/ohuke-oosark-83598kr-puuvillviskoos\\\/#primaryimage\"},\"thumbnailUrl\":\"https:\\\/\\\/pidzaama.ee\\\/wp-content\\\/uploads\\\/2021\\\/05\\\/83598KR.JPG\",\"datePublished\":\"2020-09-15T08:55:34+00:00\",\"dateModified\":\"2024-02-23T13:51:11+00:00\",\"breadcrumb\":{\"@id\":\"https:\\\/\\\/pidzaama.ee\\\/en\\\/product\\\/ohuke-oosark-83598kr-puuvillviskoos\\\/#breadcrumb\"},\"inLanguage\":\"en-US\",\"potentialAction\":[{\"@type\":\"ReadAction\",\"target\":[\"https:\\\/\\\/pidzaama.ee\\\/en\\\/product\\\/ohuke-oosark-83598kr-puuvillviskoos\\\/\"]}]},{\"@type\":\"ImageObject\",\"inLanguage\":\"en-US\",\"@id\":\"https:\\\/\\\/pidzaama.ee\\\/en\\\/product\\\/ohuke-oosark-83598kr-puuvillviskoos\\\/#primaryimage\",\"url\":\"https:\\\/\\\/pidzaama.ee\\\/wp-content\\\/uploads\\\/2021\\\/05\\\/83598KR.JPG\",\"contentUrl\":\"https:\\\/\\\/pidzaama.ee\\\/wp-content\\\/uploads\\\/2021\\\/05\\\/83598KR.JPG\",\"width\":1200,\"height\":1800},{\"@type\":\"BreadcrumbList\",\"@id\":\"https:\\\/\\\/pidzaama.ee\\\/en\\\/product\\\/ohuke-oosark-83598kr-puuvillviskoos\\\/#breadcrumb\",\"itemListElement\":[{\"@type\":\"ListItem\",\"position\":1,\"name\":\"Home\",\"item\":\"https:\\\/\\\/pidzaama.ee\\\/en\\\/home\\\/\"},{\"@type\":\"ListItem\",\"position\":2,\"name\":\"ABOUT US\",\"item\":\"https:\\\/\\\/pidzaama.ee\\\/en\\\/about-us\\\/\"},{\"@type\":\"ListItem\",\"position\":3,\"name\":\"Light nightgown 83598KR cotton+viscose\"}]},{\"@type\":\"WebSite\",\"@id\":\"https:\\\/\\\/pidzaama.ee\\\/en\\\/#website\",\"url\":\"https:\\\/\\\/pidzaama.ee\\\/en\\\/\",\"name\":\"Pidzaama\",\"description\":\"T\u00e4iendame pidevalt meie sortimendi ning suurusi!\",\"potentialAction\":[{\"@type\":\"SearchAction\",\"target\":{\"@type\":\"EntryPoint\",\"urlTemplate\":\"https:\\\/\\\/pidzaama.ee\\\/en\\\/?s={search_term_string}\"},\"query-input\":{\"@type\":\"PropertyValueSpecification\",\"valueRequired\":true,\"valueName\":\"search_term_string\"}}],\"inLanguage\":\"en-US\"}]}<\/script>\n<!-- \/ Yoast SEO plugin. -->","yoast_head_json":{"title":"\u00d5huke \u00f6\u00f6s\u00e4rk 83598KR puuvill+viskoos","robots":{"index":"index","follow":"follow","max-snippet":"max-snippet:-1","max-image-preview":"max-image-preview:large","max-video-preview":"max-video-preview:-1"},"canonical":"https:\/\/pidzaama.ee\/en\/product\/ohuke-oosark-83598kr-puuvillviskoos\/","og_locale":"en_US","og_type":"article","og_title":"\u00d5huke \u00f6\u00f6s\u00e4rk 83598KR puuvill+viskoos","og_description":"Material:\u00a050% cotton, 50% viscose We recommend one size larger M-4XL Color of product may differ from the color in the picture Please study carefully the size chart Rinna\u00fcmberm\u00f5\u00f5t Puusa\u00fcmberm\u00f5\u00f5t Pikkus \u041e\u0431\u044a\u0435\u043c \u0433\u0440\u0443\u0434\u0438 \u041e\u0431\u044a\u0435\u043c \u0431\u0435\u0434\u0435\u0440 \u0414\u043b\u0438\u043d\u0430 Chest Hips Length M 88 108 83 L 92 114 86 XL 96 118 89 2XL 100 124 92 3XL [&hellip;]","og_url":"https:\/\/pidzaama.ee\/en\/product\/ohuke-oosark-83598kr-puuvillviskoos\/","og_site_name":"Pidzaama","article_modified_time":"2024-02-23T13:51:11+00:00","og_image":[{"width":1200,"height":1800,"url":"https:\/\/pidzaama.ee\/wp-content\/uploads\/2021\/05\/83598KR.JPG","type":"image\/jpeg"}],"twitter_card":"summary_large_image","twitter_misc":{"Est. reading time":"1 minute"},"schema":{"@context":"https:\/\/schema.org","@graph":[{"@type":"WebPage","@id":"https:\/\/pidzaama.ee\/en\/product\/ohuke-oosark-83598kr-puuvillviskoos\/","url":"https:\/\/pidzaama.ee\/en\/product\/ohuke-oosark-83598kr-puuvillviskoos\/","name":"\u00d5huke \u00f6\u00f6s\u00e4rk 83598KR puuvill+viskoos","isPartOf":{"@id":"https:\/\/pidzaama.ee\/en\/#website"},"primaryImageOfPage":{"@id":"https:\/\/pidzaama.ee\/en\/product\/ohuke-oosark-83598kr-puuvillviskoos\/#primaryimage"},"image":{"@id":"https:\/\/pidzaama.ee\/en\/product\/ohuke-oosark-83598kr-puuvillviskoos\/#primaryimage"},"thumbnailUrl":"https:\/\/pidzaama.ee\/wp-content\/uploads\/2021\/05\/83598KR.JPG","datePublished":"2020-09-15T08:55:34+00:00","dateModified":"2024-02-23T13:51:11+00:00","breadcrumb":{"@id":"https:\/\/pidzaama.ee\/en\/product\/ohuke-oosark-83598kr-puuvillviskoos\/#breadcrumb"},"inLanguage":"en-US","potentialAction":[{"@type":"ReadAction","target":["https:\/\/pidzaama.ee\/en\/product\/ohuke-oosark-83598kr-puuvillviskoos\/"]}]},{"@type":"ImageObject","inLanguage":"en-US","@id":"https:\/\/pidzaama.ee\/en\/product\/ohuke-oosark-83598kr-puuvillviskoos\/#primaryimage","url":"https:\/\/pidzaama.ee\/wp-content\/uploads\/2021\/05\/83598KR.JPG","contentUrl":"https:\/\/pidzaama.ee\/wp-content\/uploads\/2021\/05\/83598KR.JPG","width":1200,"height":1800},{"@type":"BreadcrumbList","@id":"https:\/\/pidzaama.ee\/en\/product\/ohuke-oosark-83598kr-puuvillviskoos\/#breadcrumb","itemListElement":[{"@type":"ListItem","position":1,"name":"Home","item":"https:\/\/pidzaama.ee\/en\/home\/"},{"@type":"ListItem","position":2,"name":"ABOUT US","item":"https:\/\/pidzaama.ee\/en\/about-us\/"},{"@type":"ListItem","position":3,"name":"Light nightgown 83598KR cotton+viscose"}]},{"@type":"WebSite","@id":"https:\/\/pidzaama.ee\/en\/#website","url":"https:\/\/pidzaama.ee\/en\/","name":"Pidzaama","description":"T\u00e4iendame pidevalt meie sortimendi ning suurusi!","potentialAction":[{"@type":"SearchAction","target":{"@type":"EntryPoint","urlTemplate":"https:\/\/pidzaama.ee\/en\/?s={search_term_string}"},"query-input":{"@type":"PropertyValueSpecification","valueRequired":true,"valueName":"search_term_string"}}],"inLanguage":"en-US"}]}},"_links":{"self":[{"href":"https:\/\/pidzaama.ee\/en\/wp-json\/wp\/v2\/product\/4494","targetHints":{"allow":["GET"]}}],"collection":[{"href":"https:\/\/pidzaama.ee\/en\/wp-json\/wp\/v2\/product"}],"about":[{"href":"https:\/\/pidzaama.ee\/en\/wp-json\/wp\/v2\/types\/product"}],"wp:featuredmedia":[{"embeddable":true,"href":"https:\/\/pidzaama.ee\/en\/wp-json\/wp\/v2\/media\/4495"}],"wp:attachment":[{"href":"https:\/\/pidzaama.ee\/en\/wp-json\/wp\/v2\/media?parent=4494"}],"wp:term":[{"taxonomy":"product_brand","embeddable":true,"href":"https:\/\/pidzaama.ee\/en\/wp-json\/wp\/v2\/product_brand?post=4494"},{"taxonomy":"product_cat","embeddable":true,"href":"https:\/\/pidzaama.ee\/en\/wp-json\/wp\/v2\/product_cat?post=4494"},{"taxonomy":"product_tag","embeddable":true,"href":"https:\/\/pidzaama.ee\/en\/wp-json\/wp\/v2\/product_tag?post=4494"}],"curies":[{"name":"wp","href":"https:\/\/api.w.org\/{rel}","templated":true}]}}