{"id":4571,"date":"2009-02-03T21:07:49","date_gmt":"2009-02-03T21:07:49","guid":{"rendered":"https:\/\/pidzaama-ee.vserver.zonevs.eu\/product\/naiste-hommikumantel-frote-500l\/"},"modified":"2021-06-20T09:21:38","modified_gmt":"2021-06-20T09:21:38","slug":"naiste-hommikumantel-frote-500l","status":"publish","type":"product","link":"https:\/\/pidzaama.ee\/en\/product\/naiste-hommikumantel-frote-500l\/","title":{"rendered":"Women&#8217;s bathrobe Frote 500L"},"content":{"rendered":"<p>Material: 100% cotton<\/p>\n<p>S-2XL<\/p>\n<p>Color of product may differ from the color in the picture<\/p>\n<p>Please study carefully the size chart<\/p>\n<table border=\"0\" width=\"604\" cellspacing=\"0\" cellpadding=\"0\">\n<colgroup>\n<col span=\"2\" width=\"151\" \/>\n<col span=\"2\" width=\"151\" \/><\/colgroup>\n<tbody>\n<tr>\n<td class=\"xl68\" width=\"151\" height=\"29\">Suurus<\/td>\n<td class=\"xl66\" width=\"151\">Rinna\u00fcmberm\u00f5\u00f5t<\/td>\n<td class=\"xl68\" width=\"151\">Puusa\u00fcmberm\u00f5\u00f5t<\/td>\n<td class=\"xl68\" width=\"151\">Pikkus<\/td>\n<\/tr>\n<tr>\n<td class=\"xl68\" height=\"29\">\u0420\u0430\u0437\u043c\u0435\u0440<\/td>\n<td class=\"xl70\" width=\"151\">\u041e\u0431\u044a\u0435\u043c \u0433\u0440\u0443\u0434\u0438<\/td>\n<td class=\"xl68\">\u041e\u0431\u044a\u0435\u043c \u0431\u0435\u0434\u0435\u0440<\/td>\n<td class=\"xl68\">\u0414\u043b\u0438\u043d\u0430<\/td>\n<\/tr>\n<tr>\n<td class=\"xl68\" height=\"29\">Size<\/td>\n<td class=\"xl70\" width=\"151\">Chest<\/td>\n<td class=\"xl68\">Hips<\/td>\n<td class=\"xl68\">Length<\/td>\n<\/tr>\n<tr>\n<td class=\"xl66\" height=\"21\">S<\/td>\n<td class=\"xl71\" width=\"151\">116<\/td>\n<td class=\"xl69\">116<\/td>\n<td class=\"xl69\">115<\/td>\n<\/tr>\n<tr>\n<td class=\"xl66\" height=\"21\">M<\/td>\n<td class=\"xl71\" width=\"151\">124<\/td>\n<td class=\"xl69\">124<\/td>\n<td class=\"xl69\">120<\/td>\n<\/tr>\n<tr>\n<td class=\"xl66\" height=\"21\">L<\/td>\n<td class=\"xl72\">132<\/td>\n<td class=\"xl69\">132<\/td>\n<td class=\"xl69\">125<\/td>\n<\/tr>\n<tr>\n<td class=\"xl66\" height=\"21\">XL<\/td>\n<td class=\"xl72\">140<\/td>\n<td class=\"xl69\">140<\/td>\n<td class=\"xl69\">130<\/td>\n<\/tr>\n<tr>\n<td class=\"xl66\" height=\"21\">2XL<\/td>\n<td class=\"xl72\">148<\/td>\n<td class=\"xl69\">148<\/td>\n<td class=\"xl69\">135<\/td>\n<\/tr>\n<\/tbody>\n<\/table>\n","protected":false},"excerpt":{"rendered":"<p>Material: 100% cotton S-2XL Color of product may differ from the color in the picture Please study carefully the size chart Suurus Rinna\u00fcmberm\u00f5\u00f5t Puusa\u00fcmberm\u00f5\u00f5t Pikkus \u0420\u0430\u0437\u043c\u0435\u0440 \u041e\u0431\u044a\u0435\u043c \u0433\u0440\u0443\u0434\u0438 \u041e\u0431\u044a\u0435\u043c \u0431\u0435\u0434\u0435\u0440 \u0414\u043b\u0438\u043d\u0430 Size Chest Hips Length S 116 116 115 M 124 124 120 L 132 132 125 XL 140 140 130 2XL 148 148 135<\/p>\n","protected":false},"featured_media":4572,"template":"","meta":[],"product_brand":[],"product_cat":[153,175],"product_tag":[],"class_list":{"0":"post-4571","1":"product","2":"type-product","3":"status-publish","4":"has-post-thumbnail","6":"product_cat-naiste-pidzaamad-ja-oosargid-en","7":"product_cat-naiste-hommikumantlid-en","9":"first","10":"outofstock","11":"purchasable","12":"product-type-variable"},"yoast_head":"<!-- This site is optimized with the Yoast SEO plugin v27.3 - https:\/\/yoast.com\/product\/yoast-seo-wordpress\/ -->\n<title>Naiste hommikumantel Frote 500L<\/title>\n<meta name=\"robots\" content=\"index, follow, max-snippet:-1, max-image-preview:large, max-video-preview:-1\" \/>\n<link rel=\"canonical\" href=\"https:\/\/pidzaama.ee\/en\/product\/naiste-hommikumantel-frote-500l\/\" \/>\n<meta property=\"og:locale\" content=\"en_US\" \/>\n<meta property=\"og:type\" content=\"article\" \/>\n<meta property=\"og:title\" content=\"Naiste hommikumantel Frote 500L\" \/>\n<meta property=\"og:description\" content=\"Material: 100% cotton S-2XL Color of product may differ from the color in the picture Please study carefully the size chart Suurus Rinna\u00fcmberm\u00f5\u00f5t Puusa\u00fcmberm\u00f5\u00f5t Pikkus \u0420\u0430\u0437\u043c\u0435\u0440 \u041e\u0431\u044a\u0435\u043c \u0433\u0440\u0443\u0434\u0438 \u041e\u0431\u044a\u0435\u043c \u0431\u0435\u0434\u0435\u0440 \u0414\u043b\u0438\u043d\u0430 Size Chest Hips Length S 116 116 115 M 124 124 120 L 132 132 125 XL 140 140 130 2XL 148 148 135\" \/>\n<meta property=\"og:url\" content=\"https:\/\/pidzaama.ee\/en\/product\/naiste-hommikumantel-frote-500l\/\" \/>\n<meta property=\"og:site_name\" content=\"Pidzaama\" \/>\n<meta property=\"article:modified_time\" content=\"2021-06-20T09:21:38+00:00\" \/>\n<meta property=\"og:image\" content=\"https:\/\/pidzaama.ee\/wp-content\/uploads\/2021\/05\/Frote500L2.JPG\" \/>\n\t<meta property=\"og:image:width\" content=\"1200\" \/>\n\t<meta property=\"og:image:height\" content=\"1838\" \/>\n\t<meta property=\"og:image:type\" content=\"image\/jpeg\" \/>\n<meta name=\"twitter:card\" content=\"summary_large_image\" \/>\n<meta name=\"twitter:label1\" content=\"Est. reading time\" \/>\n\t<meta name=\"twitter:data1\" content=\"1 minute\" \/>\n<script type=\"application\/ld+json\" class=\"yoast-schema-graph\">{\"@context\":\"https:\\\/\\\/schema.org\",\"@graph\":[{\"@type\":\"WebPage\",\"@id\":\"https:\\\/\\\/pidzaama.ee\\\/en\\\/product\\\/naiste-hommikumantel-frote-500l\\\/\",\"url\":\"https:\\\/\\\/pidzaama.ee\\\/en\\\/product\\\/naiste-hommikumantel-frote-500l\\\/\",\"name\":\"Naiste hommikumantel Frote 500L\",\"isPartOf\":{\"@id\":\"https:\\\/\\\/pidzaama.ee\\\/en\\\/#website\"},\"primaryImageOfPage\":{\"@id\":\"https:\\\/\\\/pidzaama.ee\\\/en\\\/product\\\/naiste-hommikumantel-frote-500l\\\/#primaryimage\"},\"image\":{\"@id\":\"https:\\\/\\\/pidzaama.ee\\\/en\\\/product\\\/naiste-hommikumantel-frote-500l\\\/#primaryimage\"},\"thumbnailUrl\":\"https:\\\/\\\/pidzaama.ee\\\/wp-content\\\/uploads\\\/2021\\\/05\\\/Frote500L2.JPG\",\"datePublished\":\"2009-02-03T21:07:49+00:00\",\"dateModified\":\"2021-06-20T09:21:38+00:00\",\"breadcrumb\":{\"@id\":\"https:\\\/\\\/pidzaama.ee\\\/en\\\/product\\\/naiste-hommikumantel-frote-500l\\\/#breadcrumb\"},\"inLanguage\":\"en-US\",\"potentialAction\":[{\"@type\":\"ReadAction\",\"target\":[\"https:\\\/\\\/pidzaama.ee\\\/en\\\/product\\\/naiste-hommikumantel-frote-500l\\\/\"]}]},{\"@type\":\"ImageObject\",\"inLanguage\":\"en-US\",\"@id\":\"https:\\\/\\\/pidzaama.ee\\\/en\\\/product\\\/naiste-hommikumantel-frote-500l\\\/#primaryimage\",\"url\":\"https:\\\/\\\/pidzaama.ee\\\/wp-content\\\/uploads\\\/2021\\\/05\\\/Frote500L2.JPG\",\"contentUrl\":\"https:\\\/\\\/pidzaama.ee\\\/wp-content\\\/uploads\\\/2021\\\/05\\\/Frote500L2.JPG\",\"width\":1200,\"height\":1838},{\"@type\":\"BreadcrumbList\",\"@id\":\"https:\\\/\\\/pidzaama.ee\\\/en\\\/product\\\/naiste-hommikumantel-frote-500l\\\/#breadcrumb\",\"itemListElement\":[{\"@type\":\"ListItem\",\"position\":1,\"name\":\"Home\",\"item\":\"https:\\\/\\\/pidzaama.ee\\\/en\\\/home\\\/\"},{\"@type\":\"ListItem\",\"position\":2,\"name\":\"ABOUT US\",\"item\":\"https:\\\/\\\/pidzaama.ee\\\/en\\\/about-us\\\/\"},{\"@type\":\"ListItem\",\"position\":3,\"name\":\"Women&#8217;s bathrobe Frote 500L\"}]},{\"@type\":\"WebSite\",\"@id\":\"https:\\\/\\\/pidzaama.ee\\\/en\\\/#website\",\"url\":\"https:\\\/\\\/pidzaama.ee\\\/en\\\/\",\"name\":\"Pidzaama\",\"description\":\"T\u00e4iendame pidevalt meie sortimendi ning suurusi!\",\"potentialAction\":[{\"@type\":\"SearchAction\",\"target\":{\"@type\":\"EntryPoint\",\"urlTemplate\":\"https:\\\/\\\/pidzaama.ee\\\/en\\\/?s={search_term_string}\"},\"query-input\":{\"@type\":\"PropertyValueSpecification\",\"valueRequired\":true,\"valueName\":\"search_term_string\"}}],\"inLanguage\":\"en-US\"}]}<\/script>\n<!-- \/ Yoast SEO plugin. -->","yoast_head_json":{"title":"Naiste hommikumantel Frote 500L","robots":{"index":"index","follow":"follow","max-snippet":"max-snippet:-1","max-image-preview":"max-image-preview:large","max-video-preview":"max-video-preview:-1"},"canonical":"https:\/\/pidzaama.ee\/en\/product\/naiste-hommikumantel-frote-500l\/","og_locale":"en_US","og_type":"article","og_title":"Naiste hommikumantel Frote 500L","og_description":"Material: 100% cotton S-2XL Color of product may differ from the color in the picture Please study carefully the size chart Suurus Rinna\u00fcmberm\u00f5\u00f5t Puusa\u00fcmberm\u00f5\u00f5t Pikkus \u0420\u0430\u0437\u043c\u0435\u0440 \u041e\u0431\u044a\u0435\u043c \u0433\u0440\u0443\u0434\u0438 \u041e\u0431\u044a\u0435\u043c \u0431\u0435\u0434\u0435\u0440 \u0414\u043b\u0438\u043d\u0430 Size Chest Hips Length S 116 116 115 M 124 124 120 L 132 132 125 XL 140 140 130 2XL 148 148 135","og_url":"https:\/\/pidzaama.ee\/en\/product\/naiste-hommikumantel-frote-500l\/","og_site_name":"Pidzaama","article_modified_time":"2021-06-20T09:21:38+00:00","og_image":[{"width":1200,"height":1838,"url":"https:\/\/pidzaama.ee\/wp-content\/uploads\/2021\/05\/Frote500L2.JPG","type":"image\/jpeg"}],"twitter_card":"summary_large_image","twitter_misc":{"Est. reading time":"1 minute"},"schema":{"@context":"https:\/\/schema.org","@graph":[{"@type":"WebPage","@id":"https:\/\/pidzaama.ee\/en\/product\/naiste-hommikumantel-frote-500l\/","url":"https:\/\/pidzaama.ee\/en\/product\/naiste-hommikumantel-frote-500l\/","name":"Naiste hommikumantel Frote 500L","isPartOf":{"@id":"https:\/\/pidzaama.ee\/en\/#website"},"primaryImageOfPage":{"@id":"https:\/\/pidzaama.ee\/en\/product\/naiste-hommikumantel-frote-500l\/#primaryimage"},"image":{"@id":"https:\/\/pidzaama.ee\/en\/product\/naiste-hommikumantel-frote-500l\/#primaryimage"},"thumbnailUrl":"https:\/\/pidzaama.ee\/wp-content\/uploads\/2021\/05\/Frote500L2.JPG","datePublished":"2009-02-03T21:07:49+00:00","dateModified":"2021-06-20T09:21:38+00:00","breadcrumb":{"@id":"https:\/\/pidzaama.ee\/en\/product\/naiste-hommikumantel-frote-500l\/#breadcrumb"},"inLanguage":"en-US","potentialAction":[{"@type":"ReadAction","target":["https:\/\/pidzaama.ee\/en\/product\/naiste-hommikumantel-frote-500l\/"]}]},{"@type":"ImageObject","inLanguage":"en-US","@id":"https:\/\/pidzaama.ee\/en\/product\/naiste-hommikumantel-frote-500l\/#primaryimage","url":"https:\/\/pidzaama.ee\/wp-content\/uploads\/2021\/05\/Frote500L2.JPG","contentUrl":"https:\/\/pidzaama.ee\/wp-content\/uploads\/2021\/05\/Frote500L2.JPG","width":1200,"height":1838},{"@type":"BreadcrumbList","@id":"https:\/\/pidzaama.ee\/en\/product\/naiste-hommikumantel-frote-500l\/#breadcrumb","itemListElement":[{"@type":"ListItem","position":1,"name":"Home","item":"https:\/\/pidzaama.ee\/en\/home\/"},{"@type":"ListItem","position":2,"name":"ABOUT US","item":"https:\/\/pidzaama.ee\/en\/about-us\/"},{"@type":"ListItem","position":3,"name":"Women&#8217;s bathrobe Frote 500L"}]},{"@type":"WebSite","@id":"https:\/\/pidzaama.ee\/en\/#website","url":"https:\/\/pidzaama.ee\/en\/","name":"Pidzaama","description":"T\u00e4iendame pidevalt meie sortimendi ning suurusi!","potentialAction":[{"@type":"SearchAction","target":{"@type":"EntryPoint","urlTemplate":"https:\/\/pidzaama.ee\/en\/?s={search_term_string}"},"query-input":{"@type":"PropertyValueSpecification","valueRequired":true,"valueName":"search_term_string"}}],"inLanguage":"en-US"}]}},"_links":{"self":[{"href":"https:\/\/pidzaama.ee\/en\/wp-json\/wp\/v2\/product\/4571","targetHints":{"allow":["GET"]}}],"collection":[{"href":"https:\/\/pidzaama.ee\/en\/wp-json\/wp\/v2\/product"}],"about":[{"href":"https:\/\/pidzaama.ee\/en\/wp-json\/wp\/v2\/types\/product"}],"wp:featuredmedia":[{"embeddable":true,"href":"https:\/\/pidzaama.ee\/en\/wp-json\/wp\/v2\/media\/4572"}],"wp:attachment":[{"href":"https:\/\/pidzaama.ee\/en\/wp-json\/wp\/v2\/media?parent=4571"}],"wp:term":[{"taxonomy":"product_brand","embeddable":true,"href":"https:\/\/pidzaama.ee\/en\/wp-json\/wp\/v2\/product_brand?post=4571"},{"taxonomy":"product_cat","embeddable":true,"href":"https:\/\/pidzaama.ee\/en\/wp-json\/wp\/v2\/product_cat?post=4571"},{"taxonomy":"product_tag","embeddable":true,"href":"https:\/\/pidzaama.ee\/en\/wp-json\/wp\/v2\/product_tag?post=4571"}],"curies":[{"name":"wp","href":"https:\/\/api.w.org\/{rel}","templated":true}]}}