{"id":7562,"date":"2022-01-27T16:27:09","date_gmt":"2022-01-27T16:27:09","guid":{"rendered":"https:\/\/pidzaama.ee\/?post_type=product&#038;p=7562"},"modified":"2023-01-01T00:02:11","modified_gmt":"2023-01-01T00:02:11","slug":"warm-cotton-pajama-41571","status":"publish","type":"product","link":"https:\/\/pidzaama.ee\/en\/product\/warm-cotton-pajama-41571\/","title":{"rendered":"Warm cotton pajama 41571"},"content":{"rendered":"<p class=\"MsoNormal\" style=\"box-sizing: inherit; margin-bottom: 1rem;\"><span style=\"font-family: Times New Roman;\"><span style=\"font-size: 18px;\">Material: 100% cotton<\/span><\/span><\/p>\n<p class=\"MsoNormal\" style=\"box-sizing: inherit; margin-bottom: 1rem; color: #777777; font-family: Poppins, Verdana, sans-serif; font-size: 15px;\"><span style=\"font-family: 'Times New Roman'; font-size: 18px; font-weight: bold;\">S-2XL<\/span><\/p>\n<p>Color of product may differ from the color in the picture<\/p>\n<p>Please study carefully the size chart<\/p>\n<table width=\"604\">\n<tbody>\n<tr>\n<td width=\"151\"><\/td>\n<td width=\"151\">Rinna\u00fcmberm\u00f5\u00f5t<\/td>\n<td width=\"151\">Puusa\u00fcmberm\u00f5\u00f5t<\/td>\n<td width=\"151\">P\u00fckste pikkus<\/td>\n<\/tr>\n<tr>\n<td><\/td>\n<td>\u041e\u0431\u044a\u0435\u043c \u0433\u0440\u0443\u0434\u0438<\/td>\n<td>\u041e\u0431\u044a\u0435\u043c \u0431\u0435\u0434\u0435\u0440<\/td>\n<td>\u0414\u043b\u0438\u043d\u0430 \u0448\u0442\u0430\u043d\u043e\u0432<\/td>\n<\/tr>\n<tr>\n<td><\/td>\n<td>Chest<\/td>\n<td>Hips<\/td>\n<td>Outside leg<\/td>\n<\/tr>\n<tr>\n<td>S<\/td>\n<td width=\"151\">80<\/td>\n<td>102<\/td>\n<td>94<\/td>\n<\/tr>\n<tr>\n<td>M<\/td>\n<td width=\"151\">86<\/td>\n<td>106<\/td>\n<td>97<\/td>\n<\/tr>\n<tr>\n<td>L<\/td>\n<td>90<\/td>\n<td>108<\/td>\n<td>100<\/td>\n<\/tr>\n<tr>\n<td>XL<\/td>\n<td>92<\/td>\n<td>110<\/td>\n<td>103<\/td>\n<\/tr>\n<tr>\n<td>2XL<\/td>\n<td>98<\/td>\n<td>112<\/td>\n<td>106<\/td>\n<\/tr>\n<\/tbody>\n<\/table>\n","protected":false},"excerpt":{"rendered":"<p>Material: 100% cotton S-2XL Color of product may differ from the color in the picture Please study carefully the size chart Rinna\u00fcmberm\u00f5\u00f5t Puusa\u00fcmberm\u00f5\u00f5t P\u00fckste pikkus \u041e\u0431\u044a\u0435\u043c \u0433\u0440\u0443\u0434\u0438 \u041e\u0431\u044a\u0435\u043c \u0431\u0435\u0434\u0435\u0440 \u0414\u043b\u0438\u043d\u0430 \u0448\u0442\u0430\u043d\u043e\u0432 Chest Hips Outside leg S 80 102 94 M 86 106 97 L 90 108 100 XL 92 110 103 2XL 98 112 106<\/p>\n","protected":false},"featured_media":7588,"template":"","meta":[],"product_brand":[],"product_cat":[165,153,169,171],"product_tag":[],"class_list":{"0":"post-7562","1":"product","2":"type-product","3":"status-publish","4":"has-post-thumbnail","6":"product_cat-homeclothing","7":"product_cat-naiste-pidzaamad-ja-oosargid-en","8":"product_cat-naised-pidzaamad-en","9":"product_cat-naised-pidzaamad-pikkade-pukstega-en","11":"first","12":"outofstock","13":"taxable","14":"shipping-taxable","15":"product-type-variable"},"yoast_head":"<!-- This site is optimized with the Yoast SEO plugin v27.3 - https:\/\/yoast.com\/product\/yoast-seo-wordpress\/ -->\n<title>Warm cotton pajama 41571<\/title>\n<meta name=\"robots\" content=\"index, follow, max-snippet:-1, max-image-preview:large, max-video-preview:-1\" \/>\n<link rel=\"canonical\" href=\"https:\/\/pidzaama.ee\/en\/product\/warm-cotton-pajama-41571\/\" \/>\n<meta property=\"og:locale\" content=\"en_US\" \/>\n<meta property=\"og:type\" content=\"article\" \/>\n<meta property=\"og:title\" content=\"Warm cotton pajama 41571\" \/>\n<meta property=\"og:description\" content=\"Material: 100% cotton S-2XL Color of product may differ from the color in the picture Please study carefully the size chart Rinna\u00fcmberm\u00f5\u00f5t Puusa\u00fcmberm\u00f5\u00f5t P\u00fckste pikkus \u041e\u0431\u044a\u0435\u043c \u0433\u0440\u0443\u0434\u0438 \u041e\u0431\u044a\u0435\u043c \u0431\u0435\u0434\u0435\u0440 \u0414\u043b\u0438\u043d\u0430 \u0448\u0442\u0430\u043d\u043e\u0432 Chest Hips Outside leg S 80 102 94 M 86 106 97 L 90 108 100 XL 92 110 103 2XL 98 112 106\" \/>\n<meta property=\"og:url\" content=\"https:\/\/pidzaama.ee\/en\/product\/warm-cotton-pajama-41571\/\" \/>\n<meta property=\"og:site_name\" content=\"Pidzaama\" \/>\n<meta property=\"article:modified_time\" content=\"2023-01-01T00:02:11+00:00\" \/>\n<meta property=\"og:image\" content=\"https:\/\/pidzaama.ee\/wp-content\/uploads\/2022\/01\/41571L.jpg\" \/>\n\t<meta property=\"og:image:width\" content=\"1200\" \/>\n\t<meta property=\"og:image:height\" content=\"1600\" \/>\n\t<meta property=\"og:image:type\" content=\"image\/jpeg\" \/>\n<meta name=\"twitter:card\" content=\"summary_large_image\" \/>\n<meta name=\"twitter:label1\" content=\"Est. reading time\" \/>\n\t<meta name=\"twitter:data1\" content=\"1 minute\" \/>\n<script type=\"application\/ld+json\" class=\"yoast-schema-graph\">{\"@context\":\"https:\\\/\\\/schema.org\",\"@graph\":[{\"@type\":\"WebPage\",\"@id\":\"https:\\\/\\\/pidzaama.ee\\\/en\\\/product\\\/warm-cotton-pajama-41571\\\/\",\"url\":\"https:\\\/\\\/pidzaama.ee\\\/en\\\/product\\\/warm-cotton-pajama-41571\\\/\",\"name\":\"Warm cotton pajama 41571\",\"isPartOf\":{\"@id\":\"https:\\\/\\\/pidzaama.ee\\\/en\\\/#website\"},\"primaryImageOfPage\":{\"@id\":\"https:\\\/\\\/pidzaama.ee\\\/en\\\/product\\\/warm-cotton-pajama-41571\\\/#primaryimage\"},\"image\":{\"@id\":\"https:\\\/\\\/pidzaama.ee\\\/en\\\/product\\\/warm-cotton-pajama-41571\\\/#primaryimage\"},\"thumbnailUrl\":\"https:\\\/\\\/pidzaama.ee\\\/wp-content\\\/uploads\\\/2022\\\/01\\\/41571L.jpg\",\"datePublished\":\"2022-01-27T16:27:09+00:00\",\"dateModified\":\"2023-01-01T00:02:11+00:00\",\"breadcrumb\":{\"@id\":\"https:\\\/\\\/pidzaama.ee\\\/en\\\/product\\\/warm-cotton-pajama-41571\\\/#breadcrumb\"},\"inLanguage\":\"en-US\",\"potentialAction\":[{\"@type\":\"ReadAction\",\"target\":[\"https:\\\/\\\/pidzaama.ee\\\/en\\\/product\\\/warm-cotton-pajama-41571\\\/\"]}]},{\"@type\":\"ImageObject\",\"inLanguage\":\"en-US\",\"@id\":\"https:\\\/\\\/pidzaama.ee\\\/en\\\/product\\\/warm-cotton-pajama-41571\\\/#primaryimage\",\"url\":\"https:\\\/\\\/pidzaama.ee\\\/wp-content\\\/uploads\\\/2022\\\/01\\\/41571L.jpg\",\"contentUrl\":\"https:\\\/\\\/pidzaama.ee\\\/wp-content\\\/uploads\\\/2022\\\/01\\\/41571L.jpg\",\"width\":1200,\"height\":1600},{\"@type\":\"BreadcrumbList\",\"@id\":\"https:\\\/\\\/pidzaama.ee\\\/en\\\/product\\\/warm-cotton-pajama-41571\\\/#breadcrumb\",\"itemListElement\":[{\"@type\":\"ListItem\",\"position\":1,\"name\":\"Home\",\"item\":\"https:\\\/\\\/pidzaama.ee\\\/en\\\/home\\\/\"},{\"@type\":\"ListItem\",\"position\":2,\"name\":\"ABOUT US\",\"item\":\"https:\\\/\\\/pidzaama.ee\\\/en\\\/about-us\\\/\"},{\"@type\":\"ListItem\",\"position\":3,\"name\":\"Warm cotton pajama 41571\"}]},{\"@type\":\"WebSite\",\"@id\":\"https:\\\/\\\/pidzaama.ee\\\/en\\\/#website\",\"url\":\"https:\\\/\\\/pidzaama.ee\\\/en\\\/\",\"name\":\"Pidzaama\",\"description\":\"T\u00e4iendame pidevalt meie sortimendi ning suurusi!\",\"potentialAction\":[{\"@type\":\"SearchAction\",\"target\":{\"@type\":\"EntryPoint\",\"urlTemplate\":\"https:\\\/\\\/pidzaama.ee\\\/en\\\/?s={search_term_string}\"},\"query-input\":{\"@type\":\"PropertyValueSpecification\",\"valueRequired\":true,\"valueName\":\"search_term_string\"}}],\"inLanguage\":\"en-US\"}]}<\/script>\n<!-- \/ Yoast SEO plugin. -->","yoast_head_json":{"title":"Warm cotton pajama 41571","robots":{"index":"index","follow":"follow","max-snippet":"max-snippet:-1","max-image-preview":"max-image-preview:large","max-video-preview":"max-video-preview:-1"},"canonical":"https:\/\/pidzaama.ee\/en\/product\/warm-cotton-pajama-41571\/","og_locale":"en_US","og_type":"article","og_title":"Warm cotton pajama 41571","og_description":"Material: 100% cotton S-2XL Color of product may differ from the color in the picture Please study carefully the size chart Rinna\u00fcmberm\u00f5\u00f5t Puusa\u00fcmberm\u00f5\u00f5t P\u00fckste pikkus \u041e\u0431\u044a\u0435\u043c \u0433\u0440\u0443\u0434\u0438 \u041e\u0431\u044a\u0435\u043c \u0431\u0435\u0434\u0435\u0440 \u0414\u043b\u0438\u043d\u0430 \u0448\u0442\u0430\u043d\u043e\u0432 Chest Hips Outside leg S 80 102 94 M 86 106 97 L 90 108 100 XL 92 110 103 2XL 98 112 106","og_url":"https:\/\/pidzaama.ee\/en\/product\/warm-cotton-pajama-41571\/","og_site_name":"Pidzaama","article_modified_time":"2023-01-01T00:02:11+00:00","og_image":[{"width":1200,"height":1600,"url":"https:\/\/pidzaama.ee\/wp-content\/uploads\/2022\/01\/41571L.jpg","type":"image\/jpeg"}],"twitter_card":"summary_large_image","twitter_misc":{"Est. reading time":"1 minute"},"schema":{"@context":"https:\/\/schema.org","@graph":[{"@type":"WebPage","@id":"https:\/\/pidzaama.ee\/en\/product\/warm-cotton-pajama-41571\/","url":"https:\/\/pidzaama.ee\/en\/product\/warm-cotton-pajama-41571\/","name":"Warm cotton pajama 41571","isPartOf":{"@id":"https:\/\/pidzaama.ee\/en\/#website"},"primaryImageOfPage":{"@id":"https:\/\/pidzaama.ee\/en\/product\/warm-cotton-pajama-41571\/#primaryimage"},"image":{"@id":"https:\/\/pidzaama.ee\/en\/product\/warm-cotton-pajama-41571\/#primaryimage"},"thumbnailUrl":"https:\/\/pidzaama.ee\/wp-content\/uploads\/2022\/01\/41571L.jpg","datePublished":"2022-01-27T16:27:09+00:00","dateModified":"2023-01-01T00:02:11+00:00","breadcrumb":{"@id":"https:\/\/pidzaama.ee\/en\/product\/warm-cotton-pajama-41571\/#breadcrumb"},"inLanguage":"en-US","potentialAction":[{"@type":"ReadAction","target":["https:\/\/pidzaama.ee\/en\/product\/warm-cotton-pajama-41571\/"]}]},{"@type":"ImageObject","inLanguage":"en-US","@id":"https:\/\/pidzaama.ee\/en\/product\/warm-cotton-pajama-41571\/#primaryimage","url":"https:\/\/pidzaama.ee\/wp-content\/uploads\/2022\/01\/41571L.jpg","contentUrl":"https:\/\/pidzaama.ee\/wp-content\/uploads\/2022\/01\/41571L.jpg","width":1200,"height":1600},{"@type":"BreadcrumbList","@id":"https:\/\/pidzaama.ee\/en\/product\/warm-cotton-pajama-41571\/#breadcrumb","itemListElement":[{"@type":"ListItem","position":1,"name":"Home","item":"https:\/\/pidzaama.ee\/en\/home\/"},{"@type":"ListItem","position":2,"name":"ABOUT US","item":"https:\/\/pidzaama.ee\/en\/about-us\/"},{"@type":"ListItem","position":3,"name":"Warm cotton pajama 41571"}]},{"@type":"WebSite","@id":"https:\/\/pidzaama.ee\/en\/#website","url":"https:\/\/pidzaama.ee\/en\/","name":"Pidzaama","description":"T\u00e4iendame pidevalt meie sortimendi ning suurusi!","potentialAction":[{"@type":"SearchAction","target":{"@type":"EntryPoint","urlTemplate":"https:\/\/pidzaama.ee\/en\/?s={search_term_string}"},"query-input":{"@type":"PropertyValueSpecification","valueRequired":true,"valueName":"search_term_string"}}],"inLanguage":"en-US"}]}},"_links":{"self":[{"href":"https:\/\/pidzaama.ee\/en\/wp-json\/wp\/v2\/product\/7562","targetHints":{"allow":["GET"]}}],"collection":[{"href":"https:\/\/pidzaama.ee\/en\/wp-json\/wp\/v2\/product"}],"about":[{"href":"https:\/\/pidzaama.ee\/en\/wp-json\/wp\/v2\/types\/product"}],"wp:featuredmedia":[{"embeddable":true,"href":"https:\/\/pidzaama.ee\/en\/wp-json\/wp\/v2\/media\/7588"}],"wp:attachment":[{"href":"https:\/\/pidzaama.ee\/en\/wp-json\/wp\/v2\/media?parent=7562"}],"wp:term":[{"taxonomy":"product_brand","embeddable":true,"href":"https:\/\/pidzaama.ee\/en\/wp-json\/wp\/v2\/product_brand?post=7562"},{"taxonomy":"product_cat","embeddable":true,"href":"https:\/\/pidzaama.ee\/en\/wp-json\/wp\/v2\/product_cat?post=7562"},{"taxonomy":"product_tag","embeddable":true,"href":"https:\/\/pidzaama.ee\/en\/wp-json\/wp\/v2\/product_tag?post=7562"}],"curies":[{"name":"wp","href":"https:\/\/api.w.org\/{rel}","templated":true}]}}