{"id":7833,"date":"2022-02-20T15:03:30","date_gmt":"2022-02-20T15:03:30","guid":{"rendered":"https:\/\/pidzaama.ee\/?post_type=product&#038;p=7833"},"modified":"2023-01-01T00:02:12","modified_gmt":"2023-01-01T00:02:12","slug":"bathrobe-velour-360-grey-blue","status":"publish","type":"product","link":"https:\/\/pidzaama.ee\/en\/product\/bathrobe-velour-360-grey-blue\/","title":{"rendered":"Bathrobe Velour 360 GREY BLUE"},"content":{"rendered":"<p>Material: 100% cotton, 360 g\/m2<\/p>\n<p>M-2XL<\/p>\n<p>Color of product may differ from the color in the picture<\/p>\n<p>Please study carefully the size chart<\/p>\n<table border=\"0\" width=\"604\" cellspacing=\"0\" cellpadding=\"0\">\n<colgroup>\n<col span=\"2\" width=\"151\" \/>\n<col span=\"2\" width=\"151\" \/><\/colgroup>\n<tbody>\n<tr>\n<td class=\"xl68\" width=\"151\" height=\"21\">Suurus<\/td>\n<td class=\"xl66\" width=\"151\">Rinna\u00fcmberm\u00f5\u00f5t<\/td>\n<td class=\"xl68\" width=\"151\">Puusa\u00fcmberm\u00f5\u00f5t<\/td>\n<td class=\"xl68\" width=\"151\">Pikkus<\/td>\n<\/tr>\n<tr>\n<td class=\"xl68\" height=\"23\">\u0420\u0430\u0437\u043c\u0435\u0440<\/td>\n<td class=\"xl70\" width=\"151\">\u041e\u0431\u044a\u0435\u043c \u0433\u0440\u0443\u0434\u0438<\/td>\n<td class=\"xl68\">\u041e\u0431\u044a\u0435\u043c \u0431\u0435\u0434\u0435\u0440<\/td>\n<td class=\"xl68\">\u0414\u043b\u0438\u043d\u0430<\/td>\n<\/tr>\n<tr>\n<td class=\"xl68\" height=\"23\">Size<\/td>\n<td class=\"xl70\" width=\"151\">Chest<\/td>\n<td class=\"xl68\">Hips<\/td>\n<td class=\"xl68\">Length<\/td>\n<\/tr>\n<tr>\n<td class=\"xl66\" height=\"21\">M<\/td>\n<td class=\"xl71\" width=\"151\">120<\/td>\n<td class=\"xl69\">120<\/td>\n<td class=\"xl69\">124<\/td>\n<\/tr>\n<tr>\n<td class=\"xl66\" height=\"21\">L<\/td>\n<td class=\"xl72\">124<\/td>\n<td class=\"xl69\">124<\/td>\n<td class=\"xl69\">126<\/td>\n<\/tr>\n<tr>\n<td class=\"xl66\" height=\"21\">2XL<\/td>\n<td class=\"xl72\">132<\/td>\n<td class=\"xl69\">132<\/td>\n<td class=\"xl69\">130<\/td>\n<\/tr>\n<\/tbody>\n<\/table>\n","protected":false},"excerpt":{"rendered":"<p>Material: 100% cotton, 360 g\/m2 M-2XL Color of product may differ from the color in the picture Please study carefully the size chart Suurus Rinna\u00fcmberm\u00f5\u00f5t Puusa\u00fcmberm\u00f5\u00f5t Pikkus \u0420\u0430\u0437\u043c\u0435\u0440 \u041e\u0431\u044a\u0435\u043c \u0433\u0440\u0443\u0434\u0438 \u041e\u0431\u044a\u0435\u043c \u0431\u0435\u0434\u0435\u0440 \u0414\u043b\u0438\u043d\u0430 Size Chest Hips Length M 120 120 124 L 124 124 126 2XL 132 132 130<\/p>\n","protected":false},"featured_media":7848,"template":"","meta":[],"product_brand":[],"product_cat":[156,182,175],"product_tag":[],"class_list":{"0":"post-7833","1":"product","2":"type-product","3":"status-publish","4":"has-post-thumbnail","6":"product_cat-meeste-pidzaamad-ja-hommikumantlid-en","7":"product_cat-meeste-hommikumantlid-en","8":"product_cat-naiste-hommikumantlid-en","10":"first","11":"outofstock","12":"taxable","13":"shipping-taxable","14":"product-type-variable"},"yoast_head":"<!-- This site is optimized with the Yoast SEO plugin v27.3 - https:\/\/yoast.com\/product\/yoast-seo-wordpress\/ -->\n<title>Bathrobe Velour 360 GREY BLUE<\/title>\n<meta name=\"robots\" content=\"index, follow, max-snippet:-1, max-image-preview:large, max-video-preview:-1\" \/>\n<link rel=\"canonical\" href=\"https:\/\/pidzaama.ee\/en\/product\/bathrobe-velour-360-grey-blue\/\" \/>\n<meta property=\"og:locale\" content=\"en_US\" \/>\n<meta property=\"og:type\" content=\"article\" \/>\n<meta property=\"og:title\" content=\"Bathrobe Velour 360 GREY BLUE\" \/>\n<meta property=\"og:description\" content=\"Material: 100% cotton, 360 g\/m2 M-2XL Color of product may differ from the color in the picture Please study carefully the size chart Suurus Rinna\u00fcmberm\u00f5\u00f5t Puusa\u00fcmberm\u00f5\u00f5t Pikkus \u0420\u0430\u0437\u043c\u0435\u0440 \u041e\u0431\u044a\u0435\u043c \u0433\u0440\u0443\u0434\u0438 \u041e\u0431\u044a\u0435\u043c \u0431\u0435\u0434\u0435\u0440 \u0414\u043b\u0438\u043d\u0430 Size Chest Hips Length M 120 120 124 L 124 124 126 2XL 132 132 130\" \/>\n<meta property=\"og:url\" content=\"https:\/\/pidzaama.ee\/en\/product\/bathrobe-velour-360-grey-blue\/\" \/>\n<meta property=\"og:site_name\" content=\"Pidzaama\" \/>\n<meta property=\"article:modified_time\" content=\"2023-01-01T00:02:12+00:00\" \/>\n<meta property=\"og:image\" content=\"https:\/\/pidzaama.ee\/wp-content\/uploads\/2022\/02\/chalatas-BATHROBE-VELOUR-360-GREY-BLUE-front-scaled.jpg\" \/>\n\t<meta property=\"og:image:width\" content=\"2189\" \/>\n\t<meta property=\"og:image:height\" content=\"2560\" \/>\n\t<meta property=\"og:image:type\" content=\"image\/jpeg\" \/>\n<meta name=\"twitter:card\" content=\"summary_large_image\" \/>\n<meta name=\"twitter:label1\" content=\"Est. reading time\" \/>\n\t<meta name=\"twitter:data1\" content=\"1 minute\" \/>\n<script type=\"application\/ld+json\" class=\"yoast-schema-graph\">{\"@context\":\"https:\\\/\\\/schema.org\",\"@graph\":[{\"@type\":\"WebPage\",\"@id\":\"https:\\\/\\\/pidzaama.ee\\\/en\\\/product\\\/bathrobe-velour-360-grey-blue\\\/\",\"url\":\"https:\\\/\\\/pidzaama.ee\\\/en\\\/product\\\/bathrobe-velour-360-grey-blue\\\/\",\"name\":\"Bathrobe Velour 360 GREY BLUE\",\"isPartOf\":{\"@id\":\"https:\\\/\\\/pidzaama.ee\\\/en\\\/#website\"},\"primaryImageOfPage\":{\"@id\":\"https:\\\/\\\/pidzaama.ee\\\/en\\\/product\\\/bathrobe-velour-360-grey-blue\\\/#primaryimage\"},\"image\":{\"@id\":\"https:\\\/\\\/pidzaama.ee\\\/en\\\/product\\\/bathrobe-velour-360-grey-blue\\\/#primaryimage\"},\"thumbnailUrl\":\"https:\\\/\\\/pidzaama.ee\\\/wp-content\\\/uploads\\\/2022\\\/02\\\/chalatas-BATHROBE-VELOUR-360-GREY-BLUE-front-scaled.jpg\",\"datePublished\":\"2022-02-20T15:03:30+00:00\",\"dateModified\":\"2023-01-01T00:02:12+00:00\",\"breadcrumb\":{\"@id\":\"https:\\\/\\\/pidzaama.ee\\\/en\\\/product\\\/bathrobe-velour-360-grey-blue\\\/#breadcrumb\"},\"inLanguage\":\"en-US\",\"potentialAction\":[{\"@type\":\"ReadAction\",\"target\":[\"https:\\\/\\\/pidzaama.ee\\\/en\\\/product\\\/bathrobe-velour-360-grey-blue\\\/\"]}]},{\"@type\":\"ImageObject\",\"inLanguage\":\"en-US\",\"@id\":\"https:\\\/\\\/pidzaama.ee\\\/en\\\/product\\\/bathrobe-velour-360-grey-blue\\\/#primaryimage\",\"url\":\"https:\\\/\\\/pidzaama.ee\\\/wp-content\\\/uploads\\\/2022\\\/02\\\/chalatas-BATHROBE-VELOUR-360-GREY-BLUE-front-scaled.jpg\",\"contentUrl\":\"https:\\\/\\\/pidzaama.ee\\\/wp-content\\\/uploads\\\/2022\\\/02\\\/chalatas-BATHROBE-VELOUR-360-GREY-BLUE-front-scaled.jpg\",\"width\":2189,\"height\":2560},{\"@type\":\"BreadcrumbList\",\"@id\":\"https:\\\/\\\/pidzaama.ee\\\/en\\\/product\\\/bathrobe-velour-360-grey-blue\\\/#breadcrumb\",\"itemListElement\":[{\"@type\":\"ListItem\",\"position\":1,\"name\":\"Home\",\"item\":\"https:\\\/\\\/pidzaama.ee\\\/en\\\/home\\\/\"},{\"@type\":\"ListItem\",\"position\":2,\"name\":\"ABOUT US\",\"item\":\"https:\\\/\\\/pidzaama.ee\\\/en\\\/about-us\\\/\"},{\"@type\":\"ListItem\",\"position\":3,\"name\":\"Bathrobe Velour 360 GREY BLUE\"}]},{\"@type\":\"WebSite\",\"@id\":\"https:\\\/\\\/pidzaama.ee\\\/en\\\/#website\",\"url\":\"https:\\\/\\\/pidzaama.ee\\\/en\\\/\",\"name\":\"Pidzaama\",\"description\":\"T\u00e4iendame pidevalt meie sortimendi ning suurusi!\",\"potentialAction\":[{\"@type\":\"SearchAction\",\"target\":{\"@type\":\"EntryPoint\",\"urlTemplate\":\"https:\\\/\\\/pidzaama.ee\\\/en\\\/?s={search_term_string}\"},\"query-input\":{\"@type\":\"PropertyValueSpecification\",\"valueRequired\":true,\"valueName\":\"search_term_string\"}}],\"inLanguage\":\"en-US\"}]}<\/script>\n<!-- \/ Yoast SEO plugin. -->","yoast_head_json":{"title":"Bathrobe Velour 360 GREY BLUE","robots":{"index":"index","follow":"follow","max-snippet":"max-snippet:-1","max-image-preview":"max-image-preview:large","max-video-preview":"max-video-preview:-1"},"canonical":"https:\/\/pidzaama.ee\/en\/product\/bathrobe-velour-360-grey-blue\/","og_locale":"en_US","og_type":"article","og_title":"Bathrobe Velour 360 GREY BLUE","og_description":"Material: 100% cotton, 360 g\/m2 M-2XL Color of product may differ from the color in the picture Please study carefully the size chart Suurus Rinna\u00fcmberm\u00f5\u00f5t Puusa\u00fcmberm\u00f5\u00f5t Pikkus \u0420\u0430\u0437\u043c\u0435\u0440 \u041e\u0431\u044a\u0435\u043c \u0433\u0440\u0443\u0434\u0438 \u041e\u0431\u044a\u0435\u043c \u0431\u0435\u0434\u0435\u0440 \u0414\u043b\u0438\u043d\u0430 Size Chest Hips Length M 120 120 124 L 124 124 126 2XL 132 132 130","og_url":"https:\/\/pidzaama.ee\/en\/product\/bathrobe-velour-360-grey-blue\/","og_site_name":"Pidzaama","article_modified_time":"2023-01-01T00:02:12+00:00","og_image":[{"width":2189,"height":2560,"url":"https:\/\/pidzaama.ee\/wp-content\/uploads\/2022\/02\/chalatas-BATHROBE-VELOUR-360-GREY-BLUE-front-scaled.jpg","type":"image\/jpeg"}],"twitter_card":"summary_large_image","twitter_misc":{"Est. reading time":"1 minute"},"schema":{"@context":"https:\/\/schema.org","@graph":[{"@type":"WebPage","@id":"https:\/\/pidzaama.ee\/en\/product\/bathrobe-velour-360-grey-blue\/","url":"https:\/\/pidzaama.ee\/en\/product\/bathrobe-velour-360-grey-blue\/","name":"Bathrobe Velour 360 GREY BLUE","isPartOf":{"@id":"https:\/\/pidzaama.ee\/en\/#website"},"primaryImageOfPage":{"@id":"https:\/\/pidzaama.ee\/en\/product\/bathrobe-velour-360-grey-blue\/#primaryimage"},"image":{"@id":"https:\/\/pidzaama.ee\/en\/product\/bathrobe-velour-360-grey-blue\/#primaryimage"},"thumbnailUrl":"https:\/\/pidzaama.ee\/wp-content\/uploads\/2022\/02\/chalatas-BATHROBE-VELOUR-360-GREY-BLUE-front-scaled.jpg","datePublished":"2022-02-20T15:03:30+00:00","dateModified":"2023-01-01T00:02:12+00:00","breadcrumb":{"@id":"https:\/\/pidzaama.ee\/en\/product\/bathrobe-velour-360-grey-blue\/#breadcrumb"},"inLanguage":"en-US","potentialAction":[{"@type":"ReadAction","target":["https:\/\/pidzaama.ee\/en\/product\/bathrobe-velour-360-grey-blue\/"]}]},{"@type":"ImageObject","inLanguage":"en-US","@id":"https:\/\/pidzaama.ee\/en\/product\/bathrobe-velour-360-grey-blue\/#primaryimage","url":"https:\/\/pidzaama.ee\/wp-content\/uploads\/2022\/02\/chalatas-BATHROBE-VELOUR-360-GREY-BLUE-front-scaled.jpg","contentUrl":"https:\/\/pidzaama.ee\/wp-content\/uploads\/2022\/02\/chalatas-BATHROBE-VELOUR-360-GREY-BLUE-front-scaled.jpg","width":2189,"height":2560},{"@type":"BreadcrumbList","@id":"https:\/\/pidzaama.ee\/en\/product\/bathrobe-velour-360-grey-blue\/#breadcrumb","itemListElement":[{"@type":"ListItem","position":1,"name":"Home","item":"https:\/\/pidzaama.ee\/en\/home\/"},{"@type":"ListItem","position":2,"name":"ABOUT US","item":"https:\/\/pidzaama.ee\/en\/about-us\/"},{"@type":"ListItem","position":3,"name":"Bathrobe Velour 360 GREY BLUE"}]},{"@type":"WebSite","@id":"https:\/\/pidzaama.ee\/en\/#website","url":"https:\/\/pidzaama.ee\/en\/","name":"Pidzaama","description":"T\u00e4iendame pidevalt meie sortimendi ning suurusi!","potentialAction":[{"@type":"SearchAction","target":{"@type":"EntryPoint","urlTemplate":"https:\/\/pidzaama.ee\/en\/?s={search_term_string}"},"query-input":{"@type":"PropertyValueSpecification","valueRequired":true,"valueName":"search_term_string"}}],"inLanguage":"en-US"}]}},"_links":{"self":[{"href":"https:\/\/pidzaama.ee\/en\/wp-json\/wp\/v2\/product\/7833","targetHints":{"allow":["GET"]}}],"collection":[{"href":"https:\/\/pidzaama.ee\/en\/wp-json\/wp\/v2\/product"}],"about":[{"href":"https:\/\/pidzaama.ee\/en\/wp-json\/wp\/v2\/types\/product"}],"wp:featuredmedia":[{"embeddable":true,"href":"https:\/\/pidzaama.ee\/en\/wp-json\/wp\/v2\/media\/7848"}],"wp:attachment":[{"href":"https:\/\/pidzaama.ee\/en\/wp-json\/wp\/v2\/media?parent=7833"}],"wp:term":[{"taxonomy":"product_brand","embeddable":true,"href":"https:\/\/pidzaama.ee\/en\/wp-json\/wp\/v2\/product_brand?post=7833"},{"taxonomy":"product_cat","embeddable":true,"href":"https:\/\/pidzaama.ee\/en\/wp-json\/wp\/v2\/product_cat?post=7833"},{"taxonomy":"product_tag","embeddable":true,"href":"https:\/\/pidzaama.ee\/en\/wp-json\/wp\/v2\/product_tag?post=7833"}],"curies":[{"name":"wp","href":"https:\/\/api.w.org\/{rel}","templated":true}]}}