{"id":8100,"date":"2022-04-26T08:17:30","date_gmt":"2022-04-26T08:17:31","guid":{"rendered":"https:\/\/pidzaama.ee\/?post_type=product&#038;p=8100"},"modified":"2023-01-01T00:02:12","modified_gmt":"2023-01-01T00:02:12","slug":"cotton-house-dress-92661","status":"publish","type":"product","link":"https:\/\/pidzaama.ee\/en\/product\/cotton-house-dress-92661\/","title":{"rendered":"Cotton house dress 92661"},"content":{"rendered":"<p>Material: 95% cotton\/5% elastan<\/p>\n<p>M-4XL<\/p>\n<p>Color of product may differ from the color in the picture<\/p>\n<p>Please study carefully the size chart<\/p>\n<div>\n<table border=\"0\" width=\"604\" cellspacing=\"0\" cellpadding=\"0\">\n<colgroup>\n<col span=\"2\" width=\"151\" \/>\n<col span=\"2\" width=\"151\" \/><\/colgroup>\n<tbody>\n<tr>\n<td class=\"xl64\" width=\"151\" height=\"21\"><\/td>\n<td class=\"xl65\" width=\"151\">Rinna\u00fcmberm\u00f5\u00f5t<\/td>\n<td class=\"xl67\" width=\"151\">Puusa\u00fcmberm\u00f5\u00f5t<\/td>\n<td class=\"xl67\" width=\"151\">Pikkus<\/td>\n<\/tr>\n<tr>\n<td class=\"xl64\" height=\"23\"><\/td>\n<td class=\"xl69\" width=\"151\">\u041e\u0431\u044a\u0435\u043c \u0433\u0440\u0443\u0434\u0438<\/td>\n<td class=\"xl67\">\u041e\u0431\u044a\u0435\u043c \u0431\u0435\u0434\u0435\u0440<\/td>\n<td class=\"xl67\">\u0414\u043b\u0438\u043d\u0430<\/td>\n<\/tr>\n<tr>\n<td class=\"xl64\" height=\"23\"><\/td>\n<td class=\"xl69\" width=\"151\">Chest<\/td>\n<td class=\"xl67\">Hips<\/td>\n<td class=\"xl67\">Length<\/td>\n<\/tr>\n<tr>\n<td class=\"xl65\" height=\"21\">M<\/td>\n<td class=\"xl63\" width=\"151\">90<\/td>\n<td class=\"xl66\">92<\/td>\n<td class=\"xl66\">87<\/td>\n<\/tr>\n<tr>\n<td class=\"xl65\" height=\"21\">L<\/td>\n<td class=\"xl66\">94<\/td>\n<td class=\"xl66\">94<\/td>\n<td class=\"xl66\">88<\/td>\n<\/tr>\n<tr>\n<td class=\"xl65\" height=\"21\">XL<\/td>\n<td class=\"xl70\">98<\/td>\n<td class=\"xl68\">98<\/td>\n<td class=\"xl68\">88<\/td>\n<\/tr>\n<tr>\n<td class=\"xl65\" height=\"21\">2XL<\/td>\n<td class=\"xl66\">102<\/td>\n<td class=\"xl66\">102<\/td>\n<td class=\"xl66\">89<\/td>\n<\/tr>\n<tr>\n<td class=\"xl65\" height=\"21\">3XL<\/td>\n<td class=\"xl66\">108<\/td>\n<td class=\"xl66\">108<\/td>\n<td class=\"xl66\">90<\/td>\n<\/tr>\n<tr>\n<td class=\"xl65\" height=\"21\">4XL<\/td>\n<td class=\"xl66\">110<\/td>\n<td class=\"xl66\">110<\/td>\n<td class=\"xl66\">90<\/td>\n<\/tr>\n<\/tbody>\n<\/table>\n<\/div>\n","protected":false},"excerpt":{"rendered":"<p>Material: 95% cotton\/5% elastan M-4XL Color of product may differ from the color in the picture Please study carefully the size chart Rinna\u00fcmberm\u00f5\u00f5t Puusa\u00fcmberm\u00f5\u00f5t Pikkus \u041e\u0431\u044a\u0435\u043c \u0433\u0440\u0443\u0434\u0438 \u041e\u0431\u044a\u0435\u043c \u0431\u0435\u0434\u0435\u0440 \u0414\u043b\u0438\u043d\u0430 Chest Hips Length M 90 92 87 L 94 94 88 XL 98 98 88 2XL 102 102 89 3XL 108 108 90 4XL 110 [&hellip;]<\/p>\n","protected":false},"featured_media":8117,"template":"","meta":[],"product_brand":[],"product_cat":[165,153,166],"product_tag":[],"class_list":{"0":"post-8100","1":"product","2":"type-product","3":"status-publish","4":"has-post-thumbnail","6":"product_cat-homeclothing","7":"product_cat-naiste-pidzaamad-ja-oosargid-en","8":"product_cat-luhikeste-varrukatega-en","10":"first","11":"outofstock","12":"taxable","13":"shipping-taxable","14":"product-type-variable"},"yoast_head":"<!-- This site is optimized with the Yoast SEO plugin v27.3 - https:\/\/yoast.com\/product\/yoast-seo-wordpress\/ -->\n<title>Puuvillane kodukleit 92661<\/title>\n<meta name=\"robots\" content=\"index, follow, max-snippet:-1, max-image-preview:large, max-video-preview:-1\" \/>\n<link rel=\"canonical\" href=\"https:\/\/pidzaama.ee\/en\/product\/cotton-house-dress-92661\/\" \/>\n<meta property=\"og:locale\" content=\"en_US\" \/>\n<meta property=\"og:type\" content=\"article\" \/>\n<meta property=\"og:title\" content=\"Puuvillane kodukleit 92661\" \/>\n<meta property=\"og:description\" content=\"Material: 95% cotton\/5% elastan M-4XL Color of product may differ from the color in the picture Please study carefully the size chart Rinna\u00fcmberm\u00f5\u00f5t Puusa\u00fcmberm\u00f5\u00f5t Pikkus \u041e\u0431\u044a\u0435\u043c \u0433\u0440\u0443\u0434\u0438 \u041e\u0431\u044a\u0435\u043c \u0431\u0435\u0434\u0435\u0440 \u0414\u043b\u0438\u043d\u0430 Chest Hips Length M 90 92 87 L 94 94 88 XL 98 98 88 2XL 102 102 89 3XL 108 108 90 4XL 110 [&hellip;]\" \/>\n<meta property=\"og:url\" content=\"https:\/\/pidzaama.ee\/en\/product\/cotton-house-dress-92661\/\" \/>\n<meta property=\"og:site_name\" content=\"Pidzaama\" \/>\n<meta property=\"article:modified_time\" content=\"2023-01-01T00:02:12+00:00\" \/>\n<meta property=\"og:image\" content=\"https:\/\/pidzaama.ee\/wp-content\/uploads\/2022\/04\/92661-2.jpg\" \/>\n\t<meta property=\"og:image:width\" content=\"1200\" \/>\n\t<meta property=\"og:image:height\" content=\"1600\" \/>\n\t<meta property=\"og:image:type\" content=\"image\/jpeg\" \/>\n<meta name=\"twitter:card\" content=\"summary_large_image\" \/>\n<meta name=\"twitter:label1\" content=\"Est. reading time\" \/>\n\t<meta name=\"twitter:data1\" content=\"1 minute\" \/>\n<script type=\"application\/ld+json\" class=\"yoast-schema-graph\">{\"@context\":\"https:\\\/\\\/schema.org\",\"@graph\":[{\"@type\":\"WebPage\",\"@id\":\"https:\\\/\\\/pidzaama.ee\\\/en\\\/product\\\/cotton-house-dress-92661\\\/\",\"url\":\"https:\\\/\\\/pidzaama.ee\\\/en\\\/product\\\/cotton-house-dress-92661\\\/\",\"name\":\"Puuvillane kodukleit 92661\",\"isPartOf\":{\"@id\":\"https:\\\/\\\/pidzaama.ee\\\/en\\\/#website\"},\"primaryImageOfPage\":{\"@id\":\"https:\\\/\\\/pidzaama.ee\\\/en\\\/product\\\/cotton-house-dress-92661\\\/#primaryimage\"},\"image\":{\"@id\":\"https:\\\/\\\/pidzaama.ee\\\/en\\\/product\\\/cotton-house-dress-92661\\\/#primaryimage\"},\"thumbnailUrl\":\"https:\\\/\\\/pidzaama.ee\\\/wp-content\\\/uploads\\\/2022\\\/04\\\/92661-2.jpg\",\"datePublished\":\"2022-04-26T08:17:31+00:00\",\"dateModified\":\"2023-01-01T00:02:12+00:00\",\"breadcrumb\":{\"@id\":\"https:\\\/\\\/pidzaama.ee\\\/en\\\/product\\\/cotton-house-dress-92661\\\/#breadcrumb\"},\"inLanguage\":\"en-US\",\"potentialAction\":[{\"@type\":\"ReadAction\",\"target\":[\"https:\\\/\\\/pidzaama.ee\\\/en\\\/product\\\/cotton-house-dress-92661\\\/\"]}]},{\"@type\":\"ImageObject\",\"inLanguage\":\"en-US\",\"@id\":\"https:\\\/\\\/pidzaama.ee\\\/en\\\/product\\\/cotton-house-dress-92661\\\/#primaryimage\",\"url\":\"https:\\\/\\\/pidzaama.ee\\\/wp-content\\\/uploads\\\/2022\\\/04\\\/92661-2.jpg\",\"contentUrl\":\"https:\\\/\\\/pidzaama.ee\\\/wp-content\\\/uploads\\\/2022\\\/04\\\/92661-2.jpg\",\"width\":1200,\"height\":1600},{\"@type\":\"BreadcrumbList\",\"@id\":\"https:\\\/\\\/pidzaama.ee\\\/en\\\/product\\\/cotton-house-dress-92661\\\/#breadcrumb\",\"itemListElement\":[{\"@type\":\"ListItem\",\"position\":1,\"name\":\"Home\",\"item\":\"https:\\\/\\\/pidzaama.ee\\\/en\\\/home\\\/\"},{\"@type\":\"ListItem\",\"position\":2,\"name\":\"ABOUT US\",\"item\":\"https:\\\/\\\/pidzaama.ee\\\/en\\\/about-us\\\/\"},{\"@type\":\"ListItem\",\"position\":3,\"name\":\"Cotton house dress 92661\"}]},{\"@type\":\"WebSite\",\"@id\":\"https:\\\/\\\/pidzaama.ee\\\/en\\\/#website\",\"url\":\"https:\\\/\\\/pidzaama.ee\\\/en\\\/\",\"name\":\"Pidzaama\",\"description\":\"T\u00e4iendame pidevalt meie sortimendi ning suurusi!\",\"potentialAction\":[{\"@type\":\"SearchAction\",\"target\":{\"@type\":\"EntryPoint\",\"urlTemplate\":\"https:\\\/\\\/pidzaama.ee\\\/en\\\/?s={search_term_string}\"},\"query-input\":{\"@type\":\"PropertyValueSpecification\",\"valueRequired\":true,\"valueName\":\"search_term_string\"}}],\"inLanguage\":\"en-US\"}]}<\/script>\n<!-- \/ Yoast SEO plugin. -->","yoast_head_json":{"title":"Puuvillane kodukleit 92661","robots":{"index":"index","follow":"follow","max-snippet":"max-snippet:-1","max-image-preview":"max-image-preview:large","max-video-preview":"max-video-preview:-1"},"canonical":"https:\/\/pidzaama.ee\/en\/product\/cotton-house-dress-92661\/","og_locale":"en_US","og_type":"article","og_title":"Puuvillane kodukleit 92661","og_description":"Material: 95% cotton\/5% elastan M-4XL Color of product may differ from the color in the picture Please study carefully the size chart Rinna\u00fcmberm\u00f5\u00f5t Puusa\u00fcmberm\u00f5\u00f5t Pikkus \u041e\u0431\u044a\u0435\u043c \u0433\u0440\u0443\u0434\u0438 \u041e\u0431\u044a\u0435\u043c \u0431\u0435\u0434\u0435\u0440 \u0414\u043b\u0438\u043d\u0430 Chest Hips Length M 90 92 87 L 94 94 88 XL 98 98 88 2XL 102 102 89 3XL 108 108 90 4XL 110 [&hellip;]","og_url":"https:\/\/pidzaama.ee\/en\/product\/cotton-house-dress-92661\/","og_site_name":"Pidzaama","article_modified_time":"2023-01-01T00:02:12+00:00","og_image":[{"width":1200,"height":1600,"url":"https:\/\/pidzaama.ee\/wp-content\/uploads\/2022\/04\/92661-2.jpg","type":"image\/jpeg"}],"twitter_card":"summary_large_image","twitter_misc":{"Est. reading time":"1 minute"},"schema":{"@context":"https:\/\/schema.org","@graph":[{"@type":"WebPage","@id":"https:\/\/pidzaama.ee\/en\/product\/cotton-house-dress-92661\/","url":"https:\/\/pidzaama.ee\/en\/product\/cotton-house-dress-92661\/","name":"Puuvillane kodukleit 92661","isPartOf":{"@id":"https:\/\/pidzaama.ee\/en\/#website"},"primaryImageOfPage":{"@id":"https:\/\/pidzaama.ee\/en\/product\/cotton-house-dress-92661\/#primaryimage"},"image":{"@id":"https:\/\/pidzaama.ee\/en\/product\/cotton-house-dress-92661\/#primaryimage"},"thumbnailUrl":"https:\/\/pidzaama.ee\/wp-content\/uploads\/2022\/04\/92661-2.jpg","datePublished":"2022-04-26T08:17:31+00:00","dateModified":"2023-01-01T00:02:12+00:00","breadcrumb":{"@id":"https:\/\/pidzaama.ee\/en\/product\/cotton-house-dress-92661\/#breadcrumb"},"inLanguage":"en-US","potentialAction":[{"@type":"ReadAction","target":["https:\/\/pidzaama.ee\/en\/product\/cotton-house-dress-92661\/"]}]},{"@type":"ImageObject","inLanguage":"en-US","@id":"https:\/\/pidzaama.ee\/en\/product\/cotton-house-dress-92661\/#primaryimage","url":"https:\/\/pidzaama.ee\/wp-content\/uploads\/2022\/04\/92661-2.jpg","contentUrl":"https:\/\/pidzaama.ee\/wp-content\/uploads\/2022\/04\/92661-2.jpg","width":1200,"height":1600},{"@type":"BreadcrumbList","@id":"https:\/\/pidzaama.ee\/en\/product\/cotton-house-dress-92661\/#breadcrumb","itemListElement":[{"@type":"ListItem","position":1,"name":"Home","item":"https:\/\/pidzaama.ee\/en\/home\/"},{"@type":"ListItem","position":2,"name":"ABOUT US","item":"https:\/\/pidzaama.ee\/en\/about-us\/"},{"@type":"ListItem","position":3,"name":"Cotton house dress 92661"}]},{"@type":"WebSite","@id":"https:\/\/pidzaama.ee\/en\/#website","url":"https:\/\/pidzaama.ee\/en\/","name":"Pidzaama","description":"T\u00e4iendame pidevalt meie sortimendi ning suurusi!","potentialAction":[{"@type":"SearchAction","target":{"@type":"EntryPoint","urlTemplate":"https:\/\/pidzaama.ee\/en\/?s={search_term_string}"},"query-input":{"@type":"PropertyValueSpecification","valueRequired":true,"valueName":"search_term_string"}}],"inLanguage":"en-US"}]}},"_links":{"self":[{"href":"https:\/\/pidzaama.ee\/en\/wp-json\/wp\/v2\/product\/8100","targetHints":{"allow":["GET"]}}],"collection":[{"href":"https:\/\/pidzaama.ee\/en\/wp-json\/wp\/v2\/product"}],"about":[{"href":"https:\/\/pidzaama.ee\/en\/wp-json\/wp\/v2\/types\/product"}],"wp:featuredmedia":[{"embeddable":true,"href":"https:\/\/pidzaama.ee\/en\/wp-json\/wp\/v2\/media\/8117"}],"wp:attachment":[{"href":"https:\/\/pidzaama.ee\/en\/wp-json\/wp\/v2\/media?parent=8100"}],"wp:term":[{"taxonomy":"product_brand","embeddable":true,"href":"https:\/\/pidzaama.ee\/en\/wp-json\/wp\/v2\/product_brand?post=8100"},{"taxonomy":"product_cat","embeddable":true,"href":"https:\/\/pidzaama.ee\/en\/wp-json\/wp\/v2\/product_cat?post=8100"},{"taxonomy":"product_tag","embeddable":true,"href":"https:\/\/pidzaama.ee\/en\/wp-json\/wp\/v2\/product_tag?post=8100"}],"curies":[{"name":"wp","href":"https:\/\/api.w.org\/{rel}","templated":true}]}}