{"id":8814,"date":"2022-07-17T07:52:25","date_gmt":"2022-07-17T07:52:25","guid":{"rendered":"https:\/\/pidzaama.ee\/?post_type=product&#038;p=8814"},"modified":"2025-04-14T16:28:10","modified_gmt":"2025-04-14T16:28:10","slug":"slim-nightgown-in-cotton-with-viscose-82523p-shortened","status":"publish","type":"product","link":"https:\/\/pidzaama.ee\/en\/product\/slim-nightgown-in-cotton-with-viscose-82523p-shortened\/","title":{"rendered":"Slim nightgown in cotton with viscose 82523P (shortened)"},"content":{"rendered":"<p>Material: 50% cotton, 50% viscose<\/p>\n<p><b>We recommend one size larger<\/b><\/p>\n<p>M-8XL<\/p>\n<p>Color of product may differ from the color in the picture<\/p>\n<p>Please study carefully the size chart<\/p>\n<table border=\"0\" width=\"604\" cellspacing=\"0\" cellpadding=\"0\">\n<colgroup>\n<col span=\"2\" width=\"151\" \/>\n<col span=\"2\" width=\"151\" \/><\/colgroup>\n<tbody>\n<tr>\n<td class=\"xl68\" width=\"151\" height=\"29\">Suurus<\/td>\n<td class=\"xl66\" width=\"151\">Rinna\u00fcmberm\u00f5\u00f5t<\/td>\n<td class=\"xl68\" width=\"151\">Puusa\u00fcmberm\u00f5\u00f5t<\/td>\n<td class=\"xl68\" width=\"151\">Pikkus<\/td>\n<\/tr>\n<tr>\n<td class=\"xl68\" height=\"29\">\u0420\u0430\u0437\u043c\u0435\u0440<\/td>\n<td class=\"xl70\" width=\"151\">\u041e\u0431\u044a\u0435\u043c \u0433\u0440\u0443\u0434\u0438<\/td>\n<td class=\"xl68\">\u041e\u0431\u044a\u0435\u043c \u0431\u0435\u0434\u0435\u0440<\/td>\n<td class=\"xl68\">\u0414\u043b\u0438\u043d\u0430<\/td>\n<\/tr>\n<tr>\n<td class=\"xl68\" height=\"29\">Size<\/td>\n<td class=\"xl70\" width=\"151\">Chest<\/td>\n<td class=\"xl68\">Hips<\/td>\n<td class=\"xl68\">Length<\/td>\n<\/tr>\n<tr>\n<td class=\"xl66\" height=\"21\">M<\/td>\n<td class=\"xl71\" width=\"151\">90<\/td>\n<td class=\"xl67\">104<\/td>\n<td class=\"xl67\">86<\/td>\n<\/tr>\n<tr>\n<td class=\"xl66\" height=\"21\">L<\/td>\n<td class=\"xl65\">96<\/td>\n<td class=\"xl67\">108<\/td>\n<td class=\"xl67\">88<\/td>\n<\/tr>\n<tr>\n<td class=\"xl66\" height=\"21\">XL<\/td>\n<td class=\"xl65\">102<\/td>\n<td class=\"xl67\">112<\/td>\n<td class=\"xl67\">90<\/td>\n<\/tr>\n<tr>\n<td class=\"xl66\" height=\"21\">2XL<\/td>\n<td class=\"xl65\">106<\/td>\n<td class=\"xl67\">116<\/td>\n<td class=\"xl67\">92<\/td>\n<\/tr>\n<tr>\n<td class=\"xl66\" height=\"21\">3XL<\/td>\n<td class=\"xl72\">110<\/td>\n<td class=\"xl69\">122<\/td>\n<td class=\"xl69\">93<\/td>\n<\/tr>\n<tr>\n<td class=\"xl66\" height=\"21\">4XL<\/td>\n<td class=\"xl72\">116<\/td>\n<td class=\"xl69\">126<\/td>\n<td class=\"xl69\">95<\/td>\n<\/tr>\n<tr>\n<td class=\"xl66\" height=\"21\">5XL<\/td>\n<td class=\"xl72\">120<\/td>\n<td class=\"xl69\">132<\/td>\n<td class=\"xl69\">95<\/td>\n<\/tr>\n<tr>\n<td class=\"xl66\" height=\"21\">6XL<\/td>\n<td class=\"xl65\">126<\/td>\n<td class=\"xl67\">140<\/td>\n<td class=\"xl67\">95<\/td>\n<\/tr>\n<tr>\n<td class=\"xl66\" height=\"21\">8XL<\/td>\n<td class=\"xl65\">142<\/td>\n<td class=\"xl67\">154<\/td>\n<td class=\"xl67\">97<\/td>\n<\/tr>\n<\/tbody>\n<\/table>\n","protected":false},"excerpt":{"rendered":"<p>Material: 50% cotton, 50% viscose We recommend one size larger M-8XL Color of product may differ from the color in the picture Please study carefully the size chart Suurus Rinna\u00fcmberm\u00f5\u00f5t Puusa\u00fcmberm\u00f5\u00f5t Pikkus \u0420\u0430\u0437\u043c\u0435\u0440 \u041e\u0431\u044a\u0435\u043c \u0433\u0440\u0443\u0434\u0438 \u041e\u0431\u044a\u0435\u043c \u0431\u0435\u0434\u0435\u0440 \u0414\u043b\u0438\u043d\u0430 Size Chest Hips Length M 90 104 86 L 96 108 88 XL 102 112 90 2XL [&hellip;]<\/p>\n","protected":false},"featured_media":18014,"template":"","meta":[],"product_brand":[],"product_cat":[153,179,166],"product_tag":[],"class_list":{"0":"post-8814","1":"product","2":"type-product","3":"status-publish","4":"has-post-thumbnail","6":"product_cat-naiste-pidzaamad-ja-oosargid-en","7":"product_cat-oosargid-en","8":"product_cat-luhikeste-varrukatega-en","10":"first","11":"instock","12":"sale","13":"taxable","14":"shipping-taxable","15":"purchasable","16":"product-type-variable"},"yoast_head":"<!-- This site is optimized with the Yoast SEO plugin v27.3 - https:\/\/yoast.com\/product\/yoast-seo-wordpress\/ -->\n<title>Slim nightgown in cotton with viscose 82523P (shortened)<\/title>\n<meta name=\"description\" content=\"Material: 50% cotton, 50% viscoseWe recommend one size largerM-8XLColor of product may differ from the color in the picture\" \/>\n<meta name=\"robots\" content=\"index, follow, max-snippet:-1, max-image-preview:large, max-video-preview:-1\" \/>\n<link rel=\"canonical\" href=\"https:\/\/pidzaama.ee\/en\/product\/slim-nightgown-in-cotton-with-viscose-82523p-shortened\/\" \/>\n<meta property=\"og:locale\" content=\"en_US\" \/>\n<meta property=\"og:type\" content=\"article\" \/>\n<meta property=\"og:title\" content=\"Slim nightgown in cotton with viscose 82523P (shortened)\" \/>\n<meta property=\"og:description\" content=\"Material: 50% cotton, 50% viscoseWe recommend one size largerM-8XLColor of product may differ from the color in the picture\" \/>\n<meta property=\"og:url\" content=\"https:\/\/pidzaama.ee\/en\/product\/slim-nightgown-in-cotton-with-viscose-82523p-shortened\/\" \/>\n<meta property=\"og:site_name\" content=\"Pidzaama\" \/>\n<meta property=\"article:modified_time\" content=\"2025-04-14T16:28:10+00:00\" \/>\n<meta property=\"og:image\" content=\"https:\/\/pidzaama.ee\/wp-content\/uploads\/2022\/07\/82523P.jpg\" \/>\n\t<meta property=\"og:image:width\" content=\"975\" \/>\n\t<meta property=\"og:image:height\" content=\"1300\" \/>\n\t<meta property=\"og:image:type\" content=\"image\/jpeg\" \/>\n<meta name=\"twitter:card\" content=\"summary_large_image\" \/>\n<meta name=\"twitter:label1\" content=\"Est. reading time\" \/>\n\t<meta name=\"twitter:data1\" content=\"1 minute\" \/>\n<script type=\"application\/ld+json\" class=\"yoast-schema-graph\">{\"@context\":\"https:\\\/\\\/schema.org\",\"@graph\":[{\"@type\":\"WebPage\",\"@id\":\"https:\\\/\\\/pidzaama.ee\\\/en\\\/product\\\/slim-nightgown-in-cotton-with-viscose-82523p-shortened\\\/\",\"url\":\"https:\\\/\\\/pidzaama.ee\\\/en\\\/product\\\/slim-nightgown-in-cotton-with-viscose-82523p-shortened\\\/\",\"name\":\"Slim nightgown in cotton with viscose 82523P (shortened)\",\"isPartOf\":{\"@id\":\"https:\\\/\\\/pidzaama.ee\\\/en\\\/#website\"},\"primaryImageOfPage\":{\"@id\":\"https:\\\/\\\/pidzaama.ee\\\/en\\\/product\\\/slim-nightgown-in-cotton-with-viscose-82523p-shortened\\\/#primaryimage\"},\"image\":{\"@id\":\"https:\\\/\\\/pidzaama.ee\\\/en\\\/product\\\/slim-nightgown-in-cotton-with-viscose-82523p-shortened\\\/#primaryimage\"},\"thumbnailUrl\":\"https:\\\/\\\/pidzaama.ee\\\/wp-content\\\/uploads\\\/2022\\\/07\\\/82523P.jpg\",\"datePublished\":\"2022-07-17T07:52:25+00:00\",\"dateModified\":\"2025-04-14T16:28:10+00:00\",\"description\":\"Material: 50% cotton, 50% viscoseWe recommend one size largerM-8XLColor of product may differ from the color in the picture\",\"breadcrumb\":{\"@id\":\"https:\\\/\\\/pidzaama.ee\\\/en\\\/product\\\/slim-nightgown-in-cotton-with-viscose-82523p-shortened\\\/#breadcrumb\"},\"inLanguage\":\"en-US\",\"potentialAction\":[{\"@type\":\"ReadAction\",\"target\":[\"https:\\\/\\\/pidzaama.ee\\\/en\\\/product\\\/slim-nightgown-in-cotton-with-viscose-82523p-shortened\\\/\"]}]},{\"@type\":\"ImageObject\",\"inLanguage\":\"en-US\",\"@id\":\"https:\\\/\\\/pidzaama.ee\\\/en\\\/product\\\/slim-nightgown-in-cotton-with-viscose-82523p-shortened\\\/#primaryimage\",\"url\":\"https:\\\/\\\/pidzaama.ee\\\/wp-content\\\/uploads\\\/2022\\\/07\\\/82523P.jpg\",\"contentUrl\":\"https:\\\/\\\/pidzaama.ee\\\/wp-content\\\/uploads\\\/2022\\\/07\\\/82523P.jpg\",\"width\":975,\"height\":1300},{\"@type\":\"BreadcrumbList\",\"@id\":\"https:\\\/\\\/pidzaama.ee\\\/en\\\/product\\\/slim-nightgown-in-cotton-with-viscose-82523p-shortened\\\/#breadcrumb\",\"itemListElement\":[{\"@type\":\"ListItem\",\"position\":1,\"name\":\"Home\",\"item\":\"https:\\\/\\\/pidzaama.ee\\\/en\\\/home\\\/\"},{\"@type\":\"ListItem\",\"position\":2,\"name\":\"ABOUT US\",\"item\":\"https:\\\/\\\/pidzaama.ee\\\/en\\\/about-us\\\/\"},{\"@type\":\"ListItem\",\"position\":3,\"name\":\"Slim nightgown in cotton with viscose 82523P (shortened)\"}]},{\"@type\":\"WebSite\",\"@id\":\"https:\\\/\\\/pidzaama.ee\\\/en\\\/#website\",\"url\":\"https:\\\/\\\/pidzaama.ee\\\/en\\\/\",\"name\":\"Pidzaama\",\"description\":\"T\u00e4iendame pidevalt meie sortimendi ning suurusi!\",\"potentialAction\":[{\"@type\":\"SearchAction\",\"target\":{\"@type\":\"EntryPoint\",\"urlTemplate\":\"https:\\\/\\\/pidzaama.ee\\\/en\\\/?s={search_term_string}\"},\"query-input\":{\"@type\":\"PropertyValueSpecification\",\"valueRequired\":true,\"valueName\":\"search_term_string\"}}],\"inLanguage\":\"en-US\"}]}<\/script>\n<!-- \/ Yoast SEO plugin. -->","yoast_head_json":{"title":"Slim nightgown in cotton with viscose 82523P (shortened)","description":"Material: 50% cotton, 50% viscoseWe recommend one size largerM-8XLColor of product may differ from the color in the picture","robots":{"index":"index","follow":"follow","max-snippet":"max-snippet:-1","max-image-preview":"max-image-preview:large","max-video-preview":"max-video-preview:-1"},"canonical":"https:\/\/pidzaama.ee\/en\/product\/slim-nightgown-in-cotton-with-viscose-82523p-shortened\/","og_locale":"en_US","og_type":"article","og_title":"Slim nightgown in cotton with viscose 82523P (shortened)","og_description":"Material: 50% cotton, 50% viscoseWe recommend one size largerM-8XLColor of product may differ from the color in the picture","og_url":"https:\/\/pidzaama.ee\/en\/product\/slim-nightgown-in-cotton-with-viscose-82523p-shortened\/","og_site_name":"Pidzaama","article_modified_time":"2025-04-14T16:28:10+00:00","og_image":[{"width":975,"height":1300,"url":"https:\/\/pidzaama.ee\/wp-content\/uploads\/2022\/07\/82523P.jpg","type":"image\/jpeg"}],"twitter_card":"summary_large_image","twitter_misc":{"Est. reading time":"1 minute"},"schema":{"@context":"https:\/\/schema.org","@graph":[{"@type":"WebPage","@id":"https:\/\/pidzaama.ee\/en\/product\/slim-nightgown-in-cotton-with-viscose-82523p-shortened\/","url":"https:\/\/pidzaama.ee\/en\/product\/slim-nightgown-in-cotton-with-viscose-82523p-shortened\/","name":"Slim nightgown in cotton with viscose 82523P (shortened)","isPartOf":{"@id":"https:\/\/pidzaama.ee\/en\/#website"},"primaryImageOfPage":{"@id":"https:\/\/pidzaama.ee\/en\/product\/slim-nightgown-in-cotton-with-viscose-82523p-shortened\/#primaryimage"},"image":{"@id":"https:\/\/pidzaama.ee\/en\/product\/slim-nightgown-in-cotton-with-viscose-82523p-shortened\/#primaryimage"},"thumbnailUrl":"https:\/\/pidzaama.ee\/wp-content\/uploads\/2022\/07\/82523P.jpg","datePublished":"2022-07-17T07:52:25+00:00","dateModified":"2025-04-14T16:28:10+00:00","description":"Material: 50% cotton, 50% viscoseWe recommend one size largerM-8XLColor of product may differ from the color in the picture","breadcrumb":{"@id":"https:\/\/pidzaama.ee\/en\/product\/slim-nightgown-in-cotton-with-viscose-82523p-shortened\/#breadcrumb"},"inLanguage":"en-US","potentialAction":[{"@type":"ReadAction","target":["https:\/\/pidzaama.ee\/en\/product\/slim-nightgown-in-cotton-with-viscose-82523p-shortened\/"]}]},{"@type":"ImageObject","inLanguage":"en-US","@id":"https:\/\/pidzaama.ee\/en\/product\/slim-nightgown-in-cotton-with-viscose-82523p-shortened\/#primaryimage","url":"https:\/\/pidzaama.ee\/wp-content\/uploads\/2022\/07\/82523P.jpg","contentUrl":"https:\/\/pidzaama.ee\/wp-content\/uploads\/2022\/07\/82523P.jpg","width":975,"height":1300},{"@type":"BreadcrumbList","@id":"https:\/\/pidzaama.ee\/en\/product\/slim-nightgown-in-cotton-with-viscose-82523p-shortened\/#breadcrumb","itemListElement":[{"@type":"ListItem","position":1,"name":"Home","item":"https:\/\/pidzaama.ee\/en\/home\/"},{"@type":"ListItem","position":2,"name":"ABOUT US","item":"https:\/\/pidzaama.ee\/en\/about-us\/"},{"@type":"ListItem","position":3,"name":"Slim nightgown in cotton with viscose 82523P (shortened)"}]},{"@type":"WebSite","@id":"https:\/\/pidzaama.ee\/en\/#website","url":"https:\/\/pidzaama.ee\/en\/","name":"Pidzaama","description":"T\u00e4iendame pidevalt meie sortimendi ning suurusi!","potentialAction":[{"@type":"SearchAction","target":{"@type":"EntryPoint","urlTemplate":"https:\/\/pidzaama.ee\/en\/?s={search_term_string}"},"query-input":{"@type":"PropertyValueSpecification","valueRequired":true,"valueName":"search_term_string"}}],"inLanguage":"en-US"}]}},"_links":{"self":[{"href":"https:\/\/pidzaama.ee\/en\/wp-json\/wp\/v2\/product\/8814","targetHints":{"allow":["GET"]}}],"collection":[{"href":"https:\/\/pidzaama.ee\/en\/wp-json\/wp\/v2\/product"}],"about":[{"href":"https:\/\/pidzaama.ee\/en\/wp-json\/wp\/v2\/types\/product"}],"wp:featuredmedia":[{"embeddable":true,"href":"https:\/\/pidzaama.ee\/en\/wp-json\/wp\/v2\/media\/18014"}],"wp:attachment":[{"href":"https:\/\/pidzaama.ee\/en\/wp-json\/wp\/v2\/media?parent=8814"}],"wp:term":[{"taxonomy":"product_brand","embeddable":true,"href":"https:\/\/pidzaama.ee\/en\/wp-json\/wp\/v2\/product_brand?post=8814"},{"taxonomy":"product_cat","embeddable":true,"href":"https:\/\/pidzaama.ee\/en\/wp-json\/wp\/v2\/product_cat?post=8814"},{"taxonomy":"product_tag","embeddable":true,"href":"https:\/\/pidzaama.ee\/en\/wp-json\/wp\/v2\/product_tag?post=8814"}],"curies":[{"name":"wp","href":"https:\/\/api.w.org\/{rel}","templated":true}]}}