{"id":9836,"date":"2022-11-18T16:41:04","date_gmt":"2022-11-18T16:41:08","guid":{"rendered":"https:\/\/pidzaama.ee\/?post_type=product&#038;p=9836"},"modified":"2022-11-18T16:47:46","modified_gmt":"2022-11-18T16:47:46","slug":"mens-cotton-pajama-11295","status":"publish","type":"product","link":"https:\/\/pidzaama.ee\/en\/product\/mens-cotton-pajama-11295\/","title":{"rendered":"Men&#8217;s cotton pajama 11295"},"content":{"rendered":"<p class=\"MsoNormal\" style=\"box-sizing: inherit; margin-bottom: 1rem;\"><span style=\"color: #777777; font-family: Times New Roman;\"><span style=\"font-size: 18px;\">Material: 100% cotton, very soft fabric<\/span><\/span><\/p>\n<p class=\"MsoNormal\" style=\"box-sizing: inherit; margin-bottom: 1rem;\"><span style=\"color: #777777; font-family: Times New Roman;\"><span style=\"font-size: 18px;\"><b>M-2XL<\/b><\/span><\/span><\/p>\n<p>Color of product may differ from the color in the picture<\/p>\n<p>Please study carefully the size chart<\/p>\n<table border=\"0\" width=\"604\" cellspacing=\"0\" cellpadding=\"0\">\n<colgroup>\n<col span=\"2\" width=\"151\" \/>\n<col span=\"2\" width=\"151\" \/><\/colgroup>\n<tbody>\n<tr>\n<td class=\"xl68\" width=\"151\" height=\"21\">Suurus<\/td>\n<td class=\"xl66\" width=\"151\">Rinna\u00fcmberm\u00f5\u00f5t<\/td>\n<td class=\"xl68\" width=\"151\">Puusa\u00fcmberm\u00f5\u00f5t<\/td>\n<td class=\"xl68\" width=\"151\">Pikkus<\/td>\n<\/tr>\n<tr>\n<td class=\"xl68\" height=\"23\">\u0420\u0430\u0437\u043c\u0435\u0440<\/td>\n<td class=\"xl69\" width=\"151\">\u041e\u0431\u044a\u0435\u043c \u0433\u0440\u0443\u0434\u0438<\/td>\n<td class=\"xl68\">\u041e\u0431\u044a\u0435\u043c \u0431\u0435\u0434\u0435\u0440<\/td>\n<td class=\"xl68\">\u0414\u043b\u0438\u043d\u0430<\/td>\n<\/tr>\n<tr>\n<td class=\"xl68\" height=\"23\">Size<\/td>\n<td class=\"xl69\" width=\"151\">Chest<\/td>\n<td class=\"xl68\">Hips<\/td>\n<td class=\"xl68\">Length<\/td>\n<\/tr>\n<tr>\n<td class=\"xl66\" height=\"21\">M<\/td>\n<td class=\"xl70\" width=\"151\">102<\/td>\n<td class=\"xl67\">102<\/td>\n<td class=\"xl67\">102<\/td>\n<\/tr>\n<tr>\n<td class=\"xl66\" height=\"21\">L<\/td>\n<td class=\"xl65\">106<\/td>\n<td class=\"xl67\">106<\/td>\n<td class=\"xl67\">103<\/td>\n<\/tr>\n<tr>\n<td class=\"xl66\" height=\"21\">XL<\/td>\n<td class=\"xl65\">110<\/td>\n<td class=\"xl67\">110<\/td>\n<td class=\"xl67\">106<\/td>\n<\/tr>\n<tr>\n<td class=\"xl66\" height=\"21\">2XL<\/td>\n<td class=\"xl65\">114<\/td>\n<td class=\"xl67\">114<\/td>\n<td class=\"xl67\">108<\/td>\n<\/tr>\n<\/tbody>\n<\/table>\n<p>&nbsp;<\/p>\n","protected":false},"excerpt":{"rendered":"<p>Material: 100% cotton, very soft fabric M-2XL Color of product may differ from the color in the picture Please study carefully the size chart Suurus Rinna\u00fcmberm\u00f5\u00f5t Puusa\u00fcmberm\u00f5\u00f5t Pikkus \u0420\u0430\u0437\u043c\u0435\u0440 \u041e\u0431\u044a\u0435\u043c \u0433\u0440\u0443\u0434\u0438 \u041e\u0431\u044a\u0435\u043c \u0431\u0435\u0434\u0435\u0440 \u0414\u043b\u0438\u043d\u0430 Size Chest Hips Length M 102 102 102 L 106 106 103 XL 110 110 106 2XL 114 114 108 &nbsp;<\/p>\n","protected":false},"featured_media":9800,"template":"","meta":[],"product_brand":[],"product_cat":[189,156,157,174],"product_tag":[],"class_list":{"0":"post-9836","1":"product","2":"type-product","3":"status-publish","4":"has-post-thumbnail","6":"product_cat-frontpageproducts","7":"product_cat-meeste-pidzaamad-ja-hommikumantlid-en","8":"product_cat-meeste-pidzaamad-ja-ooriided-en","9":"product_cat-meeste-pidzaamad-pikkade-pukstega-en","11":"first","12":"outofstock","13":"taxable","14":"shipping-taxable","15":"product-type-variable"},"yoast_head":"<!-- This site is optimized with the Yoast SEO plugin v27.3 - https:\/\/yoast.com\/product\/yoast-seo-wordpress\/ -->\n<title>Men&#039;s cotton pajama 11295<\/title>\n<meta name=\"robots\" content=\"index, follow, max-snippet:-1, max-image-preview:large, max-video-preview:-1\" \/>\n<link rel=\"canonical\" href=\"https:\/\/pidzaama.ee\/en\/product\/mens-cotton-pajama-11295\/\" \/>\n<meta property=\"og:locale\" content=\"en_US\" \/>\n<meta property=\"og:type\" content=\"article\" \/>\n<meta property=\"og:title\" content=\"Men&#039;s cotton pajama 11295\" \/>\n<meta property=\"og:description\" content=\"Material: 100% cotton, very soft fabric M-2XL Color of product may differ from the color in the picture Please study carefully the size chart Suurus Rinna\u00fcmberm\u00f5\u00f5t Puusa\u00fcmberm\u00f5\u00f5t Pikkus \u0420\u0430\u0437\u043c\u0435\u0440 \u041e\u0431\u044a\u0435\u043c \u0433\u0440\u0443\u0434\u0438 \u041e\u0431\u044a\u0435\u043c \u0431\u0435\u0434\u0435\u0440 \u0414\u043b\u0438\u043d\u0430 Size Chest Hips Length M 102 102 102 L 106 106 103 XL 110 110 106 2XL 114 114 108 &nbsp;\" \/>\n<meta property=\"og:url\" content=\"https:\/\/pidzaama.ee\/en\/product\/mens-cotton-pajama-11295\/\" \/>\n<meta property=\"og:site_name\" content=\"Pidzaama\" \/>\n<meta property=\"article:modified_time\" content=\"2022-11-18T16:47:46+00:00\" \/>\n<meta property=\"og:image\" content=\"https:\/\/pidzaama.ee\/wp-content\/uploads\/2022\/11\/11295.jpg\" \/>\n\t<meta property=\"og:image:width\" content=\"1200\" \/>\n\t<meta property=\"og:image:height\" content=\"1600\" \/>\n\t<meta property=\"og:image:type\" content=\"image\/jpeg\" \/>\n<meta name=\"twitter:card\" content=\"summary_large_image\" \/>\n<meta name=\"twitter:label1\" content=\"Est. reading time\" \/>\n\t<meta name=\"twitter:data1\" content=\"1 minute\" \/>\n<script type=\"application\/ld+json\" class=\"yoast-schema-graph\">{\"@context\":\"https:\\\/\\\/schema.org\",\"@graph\":[{\"@type\":\"WebPage\",\"@id\":\"https:\\\/\\\/pidzaama.ee\\\/en\\\/product\\\/mens-cotton-pajama-11295\\\/\",\"url\":\"https:\\\/\\\/pidzaama.ee\\\/en\\\/product\\\/mens-cotton-pajama-11295\\\/\",\"name\":\"Men's cotton pajama 11295\",\"isPartOf\":{\"@id\":\"https:\\\/\\\/pidzaama.ee\\\/en\\\/#website\"},\"primaryImageOfPage\":{\"@id\":\"https:\\\/\\\/pidzaama.ee\\\/en\\\/product\\\/mens-cotton-pajama-11295\\\/#primaryimage\"},\"image\":{\"@id\":\"https:\\\/\\\/pidzaama.ee\\\/en\\\/product\\\/mens-cotton-pajama-11295\\\/#primaryimage\"},\"thumbnailUrl\":\"https:\\\/\\\/pidzaama.ee\\\/wp-content\\\/uploads\\\/2022\\\/11\\\/11295.jpg\",\"datePublished\":\"2022-11-18T16:41:08+00:00\",\"dateModified\":\"2022-11-18T16:47:46+00:00\",\"breadcrumb\":{\"@id\":\"https:\\\/\\\/pidzaama.ee\\\/en\\\/product\\\/mens-cotton-pajama-11295\\\/#breadcrumb\"},\"inLanguage\":\"en-US\",\"potentialAction\":[{\"@type\":\"ReadAction\",\"target\":[\"https:\\\/\\\/pidzaama.ee\\\/en\\\/product\\\/mens-cotton-pajama-11295\\\/\"]}]},{\"@type\":\"ImageObject\",\"inLanguage\":\"en-US\",\"@id\":\"https:\\\/\\\/pidzaama.ee\\\/en\\\/product\\\/mens-cotton-pajama-11295\\\/#primaryimage\",\"url\":\"https:\\\/\\\/pidzaama.ee\\\/wp-content\\\/uploads\\\/2022\\\/11\\\/11295.jpg\",\"contentUrl\":\"https:\\\/\\\/pidzaama.ee\\\/wp-content\\\/uploads\\\/2022\\\/11\\\/11295.jpg\",\"width\":1200,\"height\":1600},{\"@type\":\"BreadcrumbList\",\"@id\":\"https:\\\/\\\/pidzaama.ee\\\/en\\\/product\\\/mens-cotton-pajama-11295\\\/#breadcrumb\",\"itemListElement\":[{\"@type\":\"ListItem\",\"position\":1,\"name\":\"Home\",\"item\":\"https:\\\/\\\/pidzaama.ee\\\/en\\\/home\\\/\"},{\"@type\":\"ListItem\",\"position\":2,\"name\":\"ABOUT US\",\"item\":\"https:\\\/\\\/pidzaama.ee\\\/en\\\/about-us\\\/\"},{\"@type\":\"ListItem\",\"position\":3,\"name\":\"Men&#8217;s cotton pajama 11295\"}]},{\"@type\":\"WebSite\",\"@id\":\"https:\\\/\\\/pidzaama.ee\\\/en\\\/#website\",\"url\":\"https:\\\/\\\/pidzaama.ee\\\/en\\\/\",\"name\":\"Pidzaama\",\"description\":\"T\u00e4iendame pidevalt meie sortimendi ning suurusi!\",\"potentialAction\":[{\"@type\":\"SearchAction\",\"target\":{\"@type\":\"EntryPoint\",\"urlTemplate\":\"https:\\\/\\\/pidzaama.ee\\\/en\\\/?s={search_term_string}\"},\"query-input\":{\"@type\":\"PropertyValueSpecification\",\"valueRequired\":true,\"valueName\":\"search_term_string\"}}],\"inLanguage\":\"en-US\"}]}<\/script>\n<!-- \/ Yoast SEO plugin. -->","yoast_head_json":{"title":"Men's cotton pajama 11295","robots":{"index":"index","follow":"follow","max-snippet":"max-snippet:-1","max-image-preview":"max-image-preview:large","max-video-preview":"max-video-preview:-1"},"canonical":"https:\/\/pidzaama.ee\/en\/product\/mens-cotton-pajama-11295\/","og_locale":"en_US","og_type":"article","og_title":"Men's cotton pajama 11295","og_description":"Material: 100% cotton, very soft fabric M-2XL Color of product may differ from the color in the picture Please study carefully the size chart Suurus Rinna\u00fcmberm\u00f5\u00f5t Puusa\u00fcmberm\u00f5\u00f5t Pikkus \u0420\u0430\u0437\u043c\u0435\u0440 \u041e\u0431\u044a\u0435\u043c \u0433\u0440\u0443\u0434\u0438 \u041e\u0431\u044a\u0435\u043c \u0431\u0435\u0434\u0435\u0440 \u0414\u043b\u0438\u043d\u0430 Size Chest Hips Length M 102 102 102 L 106 106 103 XL 110 110 106 2XL 114 114 108 &nbsp;","og_url":"https:\/\/pidzaama.ee\/en\/product\/mens-cotton-pajama-11295\/","og_site_name":"Pidzaama","article_modified_time":"2022-11-18T16:47:46+00:00","og_image":[{"width":1200,"height":1600,"url":"https:\/\/pidzaama.ee\/wp-content\/uploads\/2022\/11\/11295.jpg","type":"image\/jpeg"}],"twitter_card":"summary_large_image","twitter_misc":{"Est. reading time":"1 minute"},"schema":{"@context":"https:\/\/schema.org","@graph":[{"@type":"WebPage","@id":"https:\/\/pidzaama.ee\/en\/product\/mens-cotton-pajama-11295\/","url":"https:\/\/pidzaama.ee\/en\/product\/mens-cotton-pajama-11295\/","name":"Men's cotton pajama 11295","isPartOf":{"@id":"https:\/\/pidzaama.ee\/en\/#website"},"primaryImageOfPage":{"@id":"https:\/\/pidzaama.ee\/en\/product\/mens-cotton-pajama-11295\/#primaryimage"},"image":{"@id":"https:\/\/pidzaama.ee\/en\/product\/mens-cotton-pajama-11295\/#primaryimage"},"thumbnailUrl":"https:\/\/pidzaama.ee\/wp-content\/uploads\/2022\/11\/11295.jpg","datePublished":"2022-11-18T16:41:08+00:00","dateModified":"2022-11-18T16:47:46+00:00","breadcrumb":{"@id":"https:\/\/pidzaama.ee\/en\/product\/mens-cotton-pajama-11295\/#breadcrumb"},"inLanguage":"en-US","potentialAction":[{"@type":"ReadAction","target":["https:\/\/pidzaama.ee\/en\/product\/mens-cotton-pajama-11295\/"]}]},{"@type":"ImageObject","inLanguage":"en-US","@id":"https:\/\/pidzaama.ee\/en\/product\/mens-cotton-pajama-11295\/#primaryimage","url":"https:\/\/pidzaama.ee\/wp-content\/uploads\/2022\/11\/11295.jpg","contentUrl":"https:\/\/pidzaama.ee\/wp-content\/uploads\/2022\/11\/11295.jpg","width":1200,"height":1600},{"@type":"BreadcrumbList","@id":"https:\/\/pidzaama.ee\/en\/product\/mens-cotton-pajama-11295\/#breadcrumb","itemListElement":[{"@type":"ListItem","position":1,"name":"Home","item":"https:\/\/pidzaama.ee\/en\/home\/"},{"@type":"ListItem","position":2,"name":"ABOUT US","item":"https:\/\/pidzaama.ee\/en\/about-us\/"},{"@type":"ListItem","position":3,"name":"Men&#8217;s cotton pajama 11295"}]},{"@type":"WebSite","@id":"https:\/\/pidzaama.ee\/en\/#website","url":"https:\/\/pidzaama.ee\/en\/","name":"Pidzaama","description":"T\u00e4iendame pidevalt meie sortimendi ning suurusi!","potentialAction":[{"@type":"SearchAction","target":{"@type":"EntryPoint","urlTemplate":"https:\/\/pidzaama.ee\/en\/?s={search_term_string}"},"query-input":{"@type":"PropertyValueSpecification","valueRequired":true,"valueName":"search_term_string"}}],"inLanguage":"en-US"}]}},"_links":{"self":[{"href":"https:\/\/pidzaama.ee\/en\/wp-json\/wp\/v2\/product\/9836","targetHints":{"allow":["GET"]}}],"collection":[{"href":"https:\/\/pidzaama.ee\/en\/wp-json\/wp\/v2\/product"}],"about":[{"href":"https:\/\/pidzaama.ee\/en\/wp-json\/wp\/v2\/types\/product"}],"wp:featuredmedia":[{"embeddable":true,"href":"https:\/\/pidzaama.ee\/en\/wp-json\/wp\/v2\/media\/9800"}],"wp:attachment":[{"href":"https:\/\/pidzaama.ee\/en\/wp-json\/wp\/v2\/media?parent=9836"}],"wp:term":[{"taxonomy":"product_brand","embeddable":true,"href":"https:\/\/pidzaama.ee\/en\/wp-json\/wp\/v2\/product_brand?post=9836"},{"taxonomy":"product_cat","embeddable":true,"href":"https:\/\/pidzaama.ee\/en\/wp-json\/wp\/v2\/product_cat?post=9836"},{"taxonomy":"product_tag","embeddable":true,"href":"https:\/\/pidzaama.ee\/en\/wp-json\/wp\/v2\/product_tag?post=9836"}],"curies":[{"name":"wp","href":"https:\/\/api.w.org\/{rel}","templated":true}]}}