{"id":11061,"date":"2023-03-28T09:29:32","date_gmt":"2023-03-28T09:29:32","guid":{"rendered":"https:\/\/pidzaama.ee\/?post_type=product&#038;p=11061"},"modified":"2024-11-13T18:41:57","modified_gmt":"2024-11-13T18:41:57","slug":"%d0%bc%d1%83%d0%b6%d1%81%d0%ba%d0%be%d0%b9-%d0%b1%d0%b0%d0%bc%d0%b1%d1%83%d0%ba%d0%be%d0%b2%d1%8b%d0%b9-%d1%85%d0%b0%d0%bb%d0%b0%d1%82-1145","status":"publish","type":"product","link":"https:\/\/pidzaama.ee\/ru\/product\/%d0%bc%d1%83%d0%b6%d1%81%d0%ba%d0%be%d0%b9-%d0%b1%d0%b0%d0%bc%d0%b1%d1%83%d0%ba%d0%be%d0%b2%d1%8b%d0%b9-%d1%85%d0%b0%d0%bb%d0%b0%d1%82-1145\/","title":{"rendered":"\u041c\u0443\u0436\u0441\u043a\u043e\u0439 \u0431\u0430\u043c\u0431\u0443\u043a\u043e\u0432\u044b\u0439 \u0445\u0430\u043b\u0430\u0442 1145"},"content":{"rendered":"<p style=\"font-weight: 400;\">\u0411\u0430\u043d\u043d\u044b\u0439 \u0445\u0430\u043b\u0430\u0442 \u0438\u0437\u0433\u043e\u0442\u043e\u0432\u043b\u0435\u043d \u0438\u0437 \u043c\u044f\u0433\u043a\u043e\u0439, \u0448\u0435\u043b\u043a\u043e\u0432\u0438\u0441\u0442\u043e\u0439 \u0431\u0430\u043c\u0431\u0443\u043a\u043e\u0432\u043e\u0439 \u0442\u043a\u0430\u043d\u0438 \u0441 \u0445\u043b\u043e\u043f\u043a\u043e\u043c, \u043a\u043e\u0442\u043e\u0440\u0430\u044f\u00a0\u0441\u043f\u043e\u0441\u043e\u0431\u043d\u0430 \u043f\u043e\u0434\u0434\u0435\u0440\u0436\u0438\u0432\u0430\u0442\u044c \u043a\u043e\u043c\u0444\u043e\u0440\u0442\u043d\u044b\u0439 \u0434\u043b\u044f \u0447\u0435\u043b\u043e\u0432\u0435\u0447\u0435\u0441\u043a\u043e\u0433\u043e \u0442\u0435\u043b\u0430 \u0442\u0435\u043c\u043f\u0435\u0440\u0430\u0442\u0443\u0440\u043d\u044b\u0439 \u0440\u0435\u0436\u0438\u043c. \u041f\u043e\u044d\u0442\u043e\u043c\u0443 \u043b\u0435\u0442\u043e\u043c \u0432 \u0442\u0430\u043a\u043e\u043c \u0445\u0430\u043b\u0430\u0442\u0435 \u0431\u0443\u0434\u0435\u0442 \u043f\u0440\u043e\u0445\u043b\u0430\u0434\u043d\u043e, \u0430 \u0437\u0438\u043c\u043e\u0439 \u2013 \u0442\u0435\u043f\u043b\u043e.\u00a0\u0411\u0430\u043c\u0431\u0443\u043a \u0441 \u0445\u043b\u043e\u043f\u043a\u043e\u043c \u043e\u0442\u043b\u0438\u0447\u043d\u043e \u043f\u043e\u0433\u043b\u043e\u0449\u0430\u0435\u0442 \u0432\u043b\u0430\u0433\u0443, \u0431\u044b\u0441\u0442\u0440\u043e \u0441\u043e\u0445\u043d\u0435\u0442, \u043f\u0440\u043e\u043f\u0443\u0441\u043a\u0430\u0435\u0442 \u0432\u043e\u0437\u0434\u0443\u0445,\u00a0\u043e\u0431\u043b\u0430\u0434\u0430\u0435\u0442 \u0430\u043d\u0442\u0438\u0431\u0430\u043a\u0442\u0435\u0440\u0438\u0430\u043b\u044c\u043d\u044b\u043c\u0438 \u0438 \u0430\u043d\u0442\u0438\u0441\u0435\u043f\u0442\u0438\u0447\u0435\u0441\u043a\u0438\u043c\u0438 \u0441\u0432\u043e\u0439\u0441\u0442\u0432\u0430\u043c\u0438.<\/p>\n<p style=\"font-weight: 400;\"><strong>\u042d\u0442\u043e\u0442 \u043f\u0440\u043e\u0434\u0443\u043a\u0442 \u0438\u0437\u0433\u043e\u0442\u043e\u0432\u043b\u0435\u043d \u0438\u0437 \u0442\u043a\u0430\u043d\u0438, \u0441\u0435\u0440\u0442\u0438\u0444\u0438\u0446\u0438\u0440\u043e\u0432\u0430\u043d\u043d\u043e\u0439 \u043f\u043e \u0441\u0442\u0430\u043d\u0434\u0430\u0440\u0442\u0443 OEKO-TEX\u00ae\ufe0f STANDARD 100. \u042d\u0442\u0430 \u0441\u0435\u0440\u0442\u0438\u0444\u0438\u043a\u0430\u0446\u0438\u044f \u0433\u0430\u0440\u0430\u043d\u0442\u0438\u0440\u0443\u0435\u0442, \u0447\u0442\u043e \u043f\u0440\u0438 \u043e\u0431\u0440\u0430\u0431\u043e\u0442\u043a\u0435 \u0432\u043e\u043b\u043e\u043a\u043e\u043d \u043d\u0435 \u0438\u0441\u043f\u043e\u043b\u044c\u0437\u0443\u044e\u0442\u0441\u044f \u0432\u0440\u0435\u0434\u043d\u044b\u0435 \u0432\u0435\u0449\u0435\u0441\u0442\u0432\u0430 \u0438 \u0447\u0442\u043e <\/strong><strong>\u0438\u0437\u0434\u0435\u043b\u0438\u0435<\/strong><strong> \u0431\u0435\u0437\u043e\u043f\u0430\u0441\u043d\u043e<\/strong><strong> \u0438 <\/strong><strong>\u043d\u0435 \u0432\u044b\u0437\u044b\u0432\u0430\u0435\u0442 \u0430\u043b\u043b\u0435\u0440\u0433\u0438\u0438<\/strong><strong>.<\/strong><\/p>\n<p class=\"MsoNormal\" style=\"box-sizing: inherit; margin-bottom: 1rem; font-size: 15px; color: #777777;\"><span style=\"font-family: Times New Roman;\"><span style=\"font-size: 18px;\">\u0421\u043e\u0441\u0442\u0430\u0432: 50% \u0431\u0430\u043c\u0431\u0443\u043a \/ 5<\/span><\/span><span style=\"font-family: 'Times New Roman'; font-size: 18px;\">0% \u0445\u043b\u043e\u043f\u043e\u043a<\/span><\/p>\n<p class=\"MsoNormal\" style=\"box-sizing: inherit; margin-bottom: 1rem; color: #777777;\"><b style=\"font-family: 'Times New Roman'; font-size: 18px;\">L-7XL<\/b><\/p>\n<p class=\"MsoNormal\" style=\"box-sizing: inherit; margin-bottom: 1rem; font-size: 15px; color: #777777; line-height: normal;\"><span style=\"box-sizing: inherit; font-size: 18px;\"><span style=\"font-family: Times New Roman;\">\u0426\u0432\u0435\u0442 \u0442\u043e\u0432\u0430\u0440\u0430 \u043c\u043e\u0436\u0435\u0442 \u043e\u0442\u043b\u0438\u0447\u0430\u0442\u044c\u0441\u044f \u043e\u0442 \u0446\u0432\u0435\u0442\u0430 \u043d\u0430 \u0444\u043e\u0442\u043e\u0433\u0440\u0430\u0444\u0438\u0438<\/span><\/span><\/p>\n<p class=\"MsoNormal\" style=\"box-sizing: inherit; margin-bottom: 1rem; font-size: 15px; color: #777777; line-height: normal;\"><span style=\"box-sizing: inherit; font-size: 18px;\"><span style=\"font-family: Times New Roman;\">\u0412\u043d\u0438\u043c\u0430\u0442\u0435\u043b\u044c\u043d\u043e \u0438\u0437\u0443\u0447\u0438\u0442\u0435 \u0442\u0430\u0431\u043b\u0438\u0446\u0443 \u0440\u0430\u0437\u043c\u0435\u0440\u043e\u0432<\/span><\/span><\/p>\n<table border=\"0\" width=\"604\" cellspacing=\"0\" cellpadding=\"0\">\n<colgroup>\n<col span=\"2\" width=\"151\" \/>\n<col span=\"2\" width=\"151\" \/><\/colgroup>\n<tbody>\n<tr>\n<td class=\"xl66\" width=\"151\" height=\"21\"><\/td>\n<td class=\"xl69\" width=\"151\">Rinna\u00fcmberm\u00f5\u00f5t<\/td>\n<td class=\"xl69\" width=\"151\">Puusa\u00fcmberm\u00f5\u00f5t<\/td>\n<td class=\"xl69\" width=\"151\">Pikkus<\/td>\n<\/tr>\n<tr>\n<td class=\"xl66\" height=\"21\"><\/td>\n<td class=\"xl69\">\u041e\u0431\u044a\u0435\u043c \u0433\u0440\u0443\u0434\u0438<\/td>\n<td class=\"xl69\">\u041e\u0431\u044a\u0435\u043c \u0431\u0435\u0434\u0435\u0440<\/td>\n<td class=\"xl69\">\u0414\u043b\u0438\u043d\u0430<\/td>\n<\/tr>\n<tr>\n<td class=\"xl66\" height=\"21\"><\/td>\n<td class=\"xl69\">Chest<\/td>\n<td class=\"xl69\">Hips<\/td>\n<td class=\"xl69\">Length<\/td>\n<\/tr>\n<tr>\n<td class=\"xl67\" height=\"21\">L\/XL<\/td>\n<td class=\"xl68\">110<\/td>\n<td class=\"xl68\">110<\/td>\n<td class=\"xl68\">127<\/td>\n<\/tr>\n<tr>\n<td class=\"xl67\" height=\"21\">2XL<\/td>\n<td class=\"xl68\">120<\/td>\n<td class=\"xl68\">120<\/td>\n<td class=\"xl68\">128<\/td>\n<\/tr>\n<tr>\n<td class=\"xl67\" height=\"21\">3XL<\/td>\n<td class=\"xl68\">130<\/td>\n<td class=\"xl68\">130<\/td>\n<td class=\"xl68\">128<\/td>\n<\/tr>\n<tr>\n<td class=\"xl67\" height=\"21\">4XL<\/td>\n<td class=\"xl68\">140<\/td>\n<td class=\"xl68\">140<\/td>\n<td class=\"xl68\">128<\/td>\n<\/tr>\n<tr>\n<td class=\"xl67\" height=\"21\">5XL<\/td>\n<td class=\"xl68\">150<\/td>\n<td class=\"xl68\">150<\/td>\n<td class=\"xl68\">128<\/td>\n<\/tr>\n<tr>\n<td class=\"xl67\" height=\"21\">6XL<\/td>\n<td class=\"xl68\">160<\/td>\n<td class=\"xl68\">160<\/td>\n<td class=\"xl68\">128<\/td>\n<\/tr>\n<tr>\n<td class=\"xl67\" height=\"21\">7XL<\/td>\n<td class=\"xl68\">170<\/td>\n<td class=\"xl68\">170<\/td>\n<td class=\"xl68\">128<\/td>\n<\/tr>\n<\/tbody>\n<\/table>\n<p class=\"MsoNormal\" style=\"box-sizing: inherit; margin-bottom: 1rem; font-size: 15px; color: #777777; line-height: normal;\"><span style=\"box-sizing: inherit; font-size: 18px;\"><span style=\"font-family: Times New Roman;\">\u00a0<\/span><\/span><\/p>\n<p class=\"MsoNormal\" style=\"box-sizing: inherit; margin-bottom: 1rem; font-size: 15px; color: #777777; line-height: normal;\">\n","protected":false},"excerpt":{"rendered":"<p>\u0411\u0430\u043d\u043d\u044b\u0439 \u0445\u0430\u043b\u0430\u0442 \u0438\u0437\u0433\u043e\u0442\u043e\u0432\u043b\u0435\u043d \u0438\u0437 \u043c\u044f\u0433\u043a\u043e\u0439, \u0448\u0435\u043b\u043a\u043e\u0432\u0438\u0441\u0442\u043e\u0439 \u0431\u0430\u043c\u0431\u0443\u043a\u043e\u0432\u043e\u0439 \u0442\u043a\u0430\u043d\u0438 \u0441 \u0445\u043b\u043e\u043f\u043a\u043e\u043c, \u043a\u043e\u0442\u043e\u0440\u0430\u044f\u00a0\u0441\u043f\u043e\u0441\u043e\u0431\u043d\u0430 \u043f\u043e\u0434\u0434\u0435\u0440\u0436\u0438\u0432\u0430\u0442\u044c \u043a\u043e\u043c\u0444\u043e\u0440\u0442\u043d\u044b\u0439 \u0434\u043b\u044f \u0447\u0435\u043b\u043e\u0432\u0435\u0447\u0435\u0441\u043a\u043e\u0433\u043e \u0442\u0435\u043b\u0430 \u0442\u0435\u043c\u043f\u0435\u0440\u0430\u0442\u0443\u0440\u043d\u044b\u0439 \u0440\u0435\u0436\u0438\u043c. \u041f\u043e\u044d\u0442\u043e\u043c\u0443 \u043b\u0435\u0442\u043e\u043c \u0432 \u0442\u0430\u043a\u043e\u043c \u0445\u0430\u043b\u0430\u0442\u0435 \u0431\u0443\u0434\u0435\u0442 \u043f\u0440\u043e\u0445\u043b\u0430\u0434\u043d\u043e, \u0430 \u0437\u0438\u043c\u043e\u0439 \u2013 \u0442\u0435\u043f\u043b\u043e.\u00a0\u0411\u0430\u043c\u0431\u0443\u043a \u0441 \u0445\u043b\u043e\u043f\u043a\u043e\u043c \u043e\u0442\u043b\u0438\u0447\u043d\u043e \u043f\u043e\u0433\u043b\u043e\u0449\u0430\u0435\u0442 \u0432\u043b\u0430\u0433\u0443, \u0431\u044b\u0441\u0442\u0440\u043e \u0441\u043e\u0445\u043d\u0435\u0442, \u043f\u0440\u043e\u043f\u0443\u0441\u043a\u0430\u0435\u0442 \u0432\u043e\u0437\u0434\u0443\u0445,\u00a0\u043e\u0431\u043b\u0430\u0434\u0430\u0435\u0442 \u0430\u043d\u0442\u0438\u0431\u0430\u043a\u0442\u0435\u0440\u0438\u0430\u043b\u044c\u043d\u044b\u043c\u0438 \u0438 \u0430\u043d\u0442\u0438\u0441\u0435\u043f\u0442\u0438\u0447\u0435\u0441\u043a\u0438\u043c\u0438 \u0441\u0432\u043e\u0439\u0441\u0442\u0432\u0430\u043c\u0438. \u042d\u0442\u043e\u0442 \u043f\u0440\u043e\u0434\u0443\u043a\u0442 \u0438\u0437\u0433\u043e\u0442\u043e\u0432\u043b\u0435\u043d \u0438\u0437 \u0442\u043a\u0430\u043d\u0438, \u0441\u0435\u0440\u0442\u0438\u0444\u0438\u0446\u0438\u0440\u043e\u0432\u0430\u043d\u043d\u043e\u0439 \u043f\u043e \u0441\u0442\u0430\u043d\u0434\u0430\u0440\u0442\u0443 OEKO-TEX\u00ae\ufe0f STANDARD 100. \u042d\u0442\u0430 \u0441\u0435\u0440\u0442\u0438\u0444\u0438\u043a\u0430\u0446\u0438\u044f [&hellip;]<\/p>\n","protected":false},"featured_media":19637,"template":"","meta":[],"product_brand":[],"product_cat":[79,87],"product_tag":[],"class_list":{"0":"post-11061","1":"product","2":"type-product","3":"status-publish","4":"has-post-thumbnail","6":"product_cat-79","7":"product_cat-87","9":"first","10":"instock","11":"taxable","12":"shipping-taxable","13":"purchasable","14":"product-type-variable"},"yoast_head":"<!-- This site is optimized with the Yoast SEO plugin v27.3 - https:\/\/yoast.com\/product\/yoast-seo-wordpress\/ -->\n<title>\u041c\u0443\u0436\u0441\u043a\u043e\u0439 \u0431\u0430\u043c\u0431\u0443\u043a\u043e\u0432\u044b\u0439 \u0445\u0430\u043b\u0430\u0442 1145<\/title>\n<meta name=\"robots\" content=\"index, follow, max-snippet:-1, max-image-preview:large, max-video-preview:-1\" \/>\n<link rel=\"canonical\" href=\"https:\/\/pidzaama.ee\/ru\/product\/%d0%bc%d1%83%d0%b6%d1%81%d0%ba%d0%be%d0%b9-%d0%b1%d0%b0%d0%bc%d0%b1%d1%83%d0%ba%d0%be%d0%b2%d1%8b%d0%b9-%d1%85%d0%b0%d0%bb%d0%b0%d1%82-1145\/\" \/>\n<meta property=\"og:locale\" content=\"ru_RU\" \/>\n<meta property=\"og:type\" content=\"article\" \/>\n<meta property=\"og:title\" content=\"\u041c\u0443\u0436\u0441\u043a\u043e\u0439 \u0431\u0430\u043c\u0431\u0443\u043a\u043e\u0432\u044b\u0439 \u0445\u0430\u043b\u0430\u0442 1145\" \/>\n<meta property=\"og:description\" content=\"\u0411\u0430\u043d\u043d\u044b\u0439 \u0445\u0430\u043b\u0430\u0442 \u0438\u0437\u0433\u043e\u0442\u043e\u0432\u043b\u0435\u043d \u0438\u0437 \u043c\u044f\u0433\u043a\u043e\u0439, \u0448\u0435\u043b\u043a\u043e\u0432\u0438\u0441\u0442\u043e\u0439 \u0431\u0430\u043c\u0431\u0443\u043a\u043e\u0432\u043e\u0439 \u0442\u043a\u0430\u043d\u0438 \u0441 \u0445\u043b\u043e\u043f\u043a\u043e\u043c, \u043a\u043e\u0442\u043e\u0440\u0430\u044f\u00a0\u0441\u043f\u043e\u0441\u043e\u0431\u043d\u0430 \u043f\u043e\u0434\u0434\u0435\u0440\u0436\u0438\u0432\u0430\u0442\u044c \u043a\u043e\u043c\u0444\u043e\u0440\u0442\u043d\u044b\u0439 \u0434\u043b\u044f \u0447\u0435\u043b\u043e\u0432\u0435\u0447\u0435\u0441\u043a\u043e\u0433\u043e \u0442\u0435\u043b\u0430 \u0442\u0435\u043c\u043f\u0435\u0440\u0430\u0442\u0443\u0440\u043d\u044b\u0439 \u0440\u0435\u0436\u0438\u043c. \u041f\u043e\u044d\u0442\u043e\u043c\u0443 \u043b\u0435\u0442\u043e\u043c \u0432 \u0442\u0430\u043a\u043e\u043c \u0445\u0430\u043b\u0430\u0442\u0435 \u0431\u0443\u0434\u0435\u0442 \u043f\u0440\u043e\u0445\u043b\u0430\u0434\u043d\u043e, \u0430 \u0437\u0438\u043c\u043e\u0439 \u2013 \u0442\u0435\u043f\u043b\u043e.\u00a0\u0411\u0430\u043c\u0431\u0443\u043a \u0441 \u0445\u043b\u043e\u043f\u043a\u043e\u043c \u043e\u0442\u043b\u0438\u0447\u043d\u043e \u043f\u043e\u0433\u043b\u043e\u0449\u0430\u0435\u0442 \u0432\u043b\u0430\u0433\u0443, \u0431\u044b\u0441\u0442\u0440\u043e \u0441\u043e\u0445\u043d\u0435\u0442, \u043f\u0440\u043e\u043f\u0443\u0441\u043a\u0430\u0435\u0442 \u0432\u043e\u0437\u0434\u0443\u0445,\u00a0\u043e\u0431\u043b\u0430\u0434\u0430\u0435\u0442 \u0430\u043d\u0442\u0438\u0431\u0430\u043a\u0442\u0435\u0440\u0438\u0430\u043b\u044c\u043d\u044b\u043c\u0438 \u0438 \u0430\u043d\u0442\u0438\u0441\u0435\u043f\u0442\u0438\u0447\u0435\u0441\u043a\u0438\u043c\u0438 \u0441\u0432\u043e\u0439\u0441\u0442\u0432\u0430\u043c\u0438. \u042d\u0442\u043e\u0442 \u043f\u0440\u043e\u0434\u0443\u043a\u0442 \u0438\u0437\u0433\u043e\u0442\u043e\u0432\u043b\u0435\u043d \u0438\u0437 \u0442\u043a\u0430\u043d\u0438, \u0441\u0435\u0440\u0442\u0438\u0444\u0438\u0446\u0438\u0440\u043e\u0432\u0430\u043d\u043d\u043e\u0439 \u043f\u043e \u0441\u0442\u0430\u043d\u0434\u0430\u0440\u0442\u0443 OEKO-TEX\u00ae\ufe0f STANDARD 100. \u042d\u0442\u0430 \u0441\u0435\u0440\u0442\u0438\u0444\u0438\u043a\u0430\u0446\u0438\u044f [&hellip;]\" \/>\n<meta property=\"og:url\" content=\"https:\/\/pidzaama.ee\/ru\/product\/%d0%bc%d1%83%d0%b6%d1%81%d0%ba%d0%be%d0%b9-%d0%b1%d0%b0%d0%bc%d0%b1%d1%83%d0%ba%d0%be%d0%b2%d1%8b%d0%b9-%d1%85%d0%b0%d0%bb%d0%b0%d1%82-1145\/\" \/>\n<meta property=\"og:site_name\" content=\"Pidzaama House\" \/>\n<meta property=\"article:modified_time\" content=\"2024-11-13T18:41:57+00:00\" \/>\n<meta property=\"og:image\" content=\"https:\/\/pidzaama.ee\/wp-content\/uploads\/2023\/03\/NS1145-front-Photoroom.jpg\" \/>\n\t<meta property=\"og:image:width\" content=\"1066\" \/>\n\t<meta property=\"og:image:height\" content=\"1600\" \/>\n\t<meta property=\"og:image:type\" content=\"image\/jpeg\" \/>\n<meta name=\"twitter:card\" content=\"summary_large_image\" \/>\n<meta name=\"twitter:label1\" content=\"\u041f\u0440\u0438\u043c\u0435\u0440\u043d\u043e\u0435 \u0432\u0440\u0435\u043c\u044f \u0434\u043b\u044f \u0447\u0442\u0435\u043d\u0438\u044f\" \/>\n\t<meta name=\"twitter:data1\" content=\"1 \u043c\u0438\u043d\u0443\u0442\u0430\" \/>\n<script type=\"application\/ld+json\" class=\"yoast-schema-graph\">{\"@context\":\"https:\\\/\\\/schema.org\",\"@graph\":[{\"@type\":\"WebPage\",\"@id\":\"https:\\\/\\\/pidzaama.ee\\\/ru\\\/product\\\/%d0%bc%d1%83%d0%b6%d1%81%d0%ba%d0%be%d0%b9-%d0%b1%d0%b0%d0%bc%d0%b1%d1%83%d0%ba%d0%be%d0%b2%d1%8b%d0%b9-%d1%85%d0%b0%d0%bb%d0%b0%d1%82-1145\\\/\",\"url\":\"https:\\\/\\\/pidzaama.ee\\\/ru\\\/product\\\/%d0%bc%d1%83%d0%b6%d1%81%d0%ba%d0%be%d0%b9-%d0%b1%d0%b0%d0%bc%d0%b1%d1%83%d0%ba%d0%be%d0%b2%d1%8b%d0%b9-%d1%85%d0%b0%d0%bb%d0%b0%d1%82-1145\\\/\",\"name\":\"\u041c\u0443\u0436\u0441\u043a\u043e\u0439 \u0431\u0430\u043c\u0431\u0443\u043a\u043e\u0432\u044b\u0439 \u0445\u0430\u043b\u0430\u0442 1145\",\"isPartOf\":{\"@id\":\"https:\\\/\\\/pidzaama.ee\\\/ru\\\/#website\"},\"primaryImageOfPage\":{\"@id\":\"https:\\\/\\\/pidzaama.ee\\\/ru\\\/product\\\/%d0%bc%d1%83%d0%b6%d1%81%d0%ba%d0%be%d0%b9-%d0%b1%d0%b0%d0%bc%d0%b1%d1%83%d0%ba%d0%be%d0%b2%d1%8b%d0%b9-%d1%85%d0%b0%d0%bb%d0%b0%d1%82-1145\\\/#primaryimage\"},\"image\":{\"@id\":\"https:\\\/\\\/pidzaama.ee\\\/ru\\\/product\\\/%d0%bc%d1%83%d0%b6%d1%81%d0%ba%d0%be%d0%b9-%d0%b1%d0%b0%d0%bc%d0%b1%d1%83%d0%ba%d0%be%d0%b2%d1%8b%d0%b9-%d1%85%d0%b0%d0%bb%d0%b0%d1%82-1145\\\/#primaryimage\"},\"thumbnailUrl\":\"https:\\\/\\\/pidzaama.ee\\\/wp-content\\\/uploads\\\/2023\\\/03\\\/NS1145-front-Photoroom.jpg\",\"datePublished\":\"2023-03-28T09:29:32+00:00\",\"dateModified\":\"2024-11-13T18:41:57+00:00\",\"breadcrumb\":{\"@id\":\"https:\\\/\\\/pidzaama.ee\\\/ru\\\/product\\\/%d0%bc%d1%83%d0%b6%d1%81%d0%ba%d0%be%d0%b9-%d0%b1%d0%b0%d0%bc%d0%b1%d1%83%d0%ba%d0%be%d0%b2%d1%8b%d0%b9-%d1%85%d0%b0%d0%bb%d0%b0%d1%82-1145\\\/#breadcrumb\"},\"inLanguage\":\"ru-RU\",\"potentialAction\":[{\"@type\":\"ReadAction\",\"target\":[\"https:\\\/\\\/pidzaama.ee\\\/ru\\\/product\\\/%d0%bc%d1%83%d0%b6%d1%81%d0%ba%d0%be%d0%b9-%d0%b1%d0%b0%d0%bc%d0%b1%d1%83%d0%ba%d0%be%d0%b2%d1%8b%d0%b9-%d1%85%d0%b0%d0%bb%d0%b0%d1%82-1145\\\/\"]}]},{\"@type\":\"ImageObject\",\"inLanguage\":\"ru-RU\",\"@id\":\"https:\\\/\\\/pidzaama.ee\\\/ru\\\/product\\\/%d0%bc%d1%83%d0%b6%d1%81%d0%ba%d0%be%d0%b9-%d0%b1%d0%b0%d0%bc%d0%b1%d1%83%d0%ba%d0%be%d0%b2%d1%8b%d0%b9-%d1%85%d0%b0%d0%bb%d0%b0%d1%82-1145\\\/#primaryimage\",\"url\":\"https:\\\/\\\/pidzaama.ee\\\/wp-content\\\/uploads\\\/2023\\\/03\\\/NS1145-front-Photoroom.jpg\",\"contentUrl\":\"https:\\\/\\\/pidzaama.ee\\\/wp-content\\\/uploads\\\/2023\\\/03\\\/NS1145-front-Photoroom.jpg\",\"width\":1066,\"height\":1600},{\"@type\":\"BreadcrumbList\",\"@id\":\"https:\\\/\\\/pidzaama.ee\\\/ru\\\/product\\\/%d0%bc%d1%83%d0%b6%d1%81%d0%ba%d0%be%d0%b9-%d0%b1%d0%b0%d0%bc%d0%b1%d1%83%d0%ba%d0%be%d0%b2%d1%8b%d0%b9-%d1%85%d0%b0%d0%bb%d0%b0%d1%82-1145\\\/#breadcrumb\",\"itemListElement\":[{\"@type\":\"ListItem\",\"position\":1,\"name\":\"Home\",\"item\":\"https:\\\/\\\/pidzaama.ee\\\/ru\\\/esileht\\\/\"},{\"@type\":\"ListItem\",\"position\":2,\"name\":\"\u041e \u041d\u0410\u0421\",\"item\":\"https:\\\/\\\/pidzaama.ee\\\/ru\\\/o-nas\\\/\"},{\"@type\":\"ListItem\",\"position\":3,\"name\":\"\u041c\u0443\u0436\u0441\u043a\u043e\u0439 \u0431\u0430\u043c\u0431\u0443\u043a\u043e\u0432\u044b\u0439 \u0445\u0430\u043b\u0430\u0442 1145\"}]},{\"@type\":\"WebSite\",\"@id\":\"https:\\\/\\\/pidzaama.ee\\\/ru\\\/#website\",\"url\":\"https:\\\/\\\/pidzaama.ee\\\/ru\\\/\",\"name\":\"Pidzaama House\",\"description\":\"T\u00e4iendame pidevalt meie sortimendi ning suurusi!\",\"potentialAction\":[{\"@type\":\"SearchAction\",\"target\":{\"@type\":\"EntryPoint\",\"urlTemplate\":\"https:\\\/\\\/pidzaama.ee\\\/ru\\\/?s={search_term_string}\"},\"query-input\":{\"@type\":\"PropertyValueSpecification\",\"valueRequired\":true,\"valueName\":\"search_term_string\"}}],\"inLanguage\":\"ru-RU\"}]}<\/script>\n<!-- \/ Yoast SEO plugin. -->","yoast_head_json":{"title":"\u041c\u0443\u0436\u0441\u043a\u043e\u0439 \u0431\u0430\u043c\u0431\u0443\u043a\u043e\u0432\u044b\u0439 \u0445\u0430\u043b\u0430\u0442 1145","robots":{"index":"index","follow":"follow","max-snippet":"max-snippet:-1","max-image-preview":"max-image-preview:large","max-video-preview":"max-video-preview:-1"},"canonical":"https:\/\/pidzaama.ee\/ru\/product\/%d0%bc%d1%83%d0%b6%d1%81%d0%ba%d0%be%d0%b9-%d0%b1%d0%b0%d0%bc%d0%b1%d1%83%d0%ba%d0%be%d0%b2%d1%8b%d0%b9-%d1%85%d0%b0%d0%bb%d0%b0%d1%82-1145\/","og_locale":"ru_RU","og_type":"article","og_title":"\u041c\u0443\u0436\u0441\u043a\u043e\u0439 \u0431\u0430\u043c\u0431\u0443\u043a\u043e\u0432\u044b\u0439 \u0445\u0430\u043b\u0430\u0442 1145","og_description":"\u0411\u0430\u043d\u043d\u044b\u0439 \u0445\u0430\u043b\u0430\u0442 \u0438\u0437\u0433\u043e\u0442\u043e\u0432\u043b\u0435\u043d \u0438\u0437 \u043c\u044f\u0433\u043a\u043e\u0439, \u0448\u0435\u043b\u043a\u043e\u0432\u0438\u0441\u0442\u043e\u0439 \u0431\u0430\u043c\u0431\u0443\u043a\u043e\u0432\u043e\u0439 \u0442\u043a\u0430\u043d\u0438 \u0441 \u0445\u043b\u043e\u043f\u043a\u043e\u043c, \u043a\u043e\u0442\u043e\u0440\u0430\u044f\u00a0\u0441\u043f\u043e\u0441\u043e\u0431\u043d\u0430 \u043f\u043e\u0434\u0434\u0435\u0440\u0436\u0438\u0432\u0430\u0442\u044c \u043a\u043e\u043c\u0444\u043e\u0440\u0442\u043d\u044b\u0439 \u0434\u043b\u044f \u0447\u0435\u043b\u043e\u0432\u0435\u0447\u0435\u0441\u043a\u043e\u0433\u043e \u0442\u0435\u043b\u0430 \u0442\u0435\u043c\u043f\u0435\u0440\u0430\u0442\u0443\u0440\u043d\u044b\u0439 \u0440\u0435\u0436\u0438\u043c. \u041f\u043e\u044d\u0442\u043e\u043c\u0443 \u043b\u0435\u0442\u043e\u043c \u0432 \u0442\u0430\u043a\u043e\u043c \u0445\u0430\u043b\u0430\u0442\u0435 \u0431\u0443\u0434\u0435\u0442 \u043f\u0440\u043e\u0445\u043b\u0430\u0434\u043d\u043e, \u0430 \u0437\u0438\u043c\u043e\u0439 \u2013 \u0442\u0435\u043f\u043b\u043e.\u00a0\u0411\u0430\u043c\u0431\u0443\u043a \u0441 \u0445\u043b\u043e\u043f\u043a\u043e\u043c \u043e\u0442\u043b\u0438\u0447\u043d\u043e \u043f\u043e\u0433\u043b\u043e\u0449\u0430\u0435\u0442 \u0432\u043b\u0430\u0433\u0443, \u0431\u044b\u0441\u0442\u0440\u043e \u0441\u043e\u0445\u043d\u0435\u0442, \u043f\u0440\u043e\u043f\u0443\u0441\u043a\u0430\u0435\u0442 \u0432\u043e\u0437\u0434\u0443\u0445,\u00a0\u043e\u0431\u043b\u0430\u0434\u0430\u0435\u0442 \u0430\u043d\u0442\u0438\u0431\u0430\u043a\u0442\u0435\u0440\u0438\u0430\u043b\u044c\u043d\u044b\u043c\u0438 \u0438 \u0430\u043d\u0442\u0438\u0441\u0435\u043f\u0442\u0438\u0447\u0435\u0441\u043a\u0438\u043c\u0438 \u0441\u0432\u043e\u0439\u0441\u0442\u0432\u0430\u043c\u0438. \u042d\u0442\u043e\u0442 \u043f\u0440\u043e\u0434\u0443\u043a\u0442 \u0438\u0437\u0433\u043e\u0442\u043e\u0432\u043b\u0435\u043d \u0438\u0437 \u0442\u043a\u0430\u043d\u0438, \u0441\u0435\u0440\u0442\u0438\u0444\u0438\u0446\u0438\u0440\u043e\u0432\u0430\u043d\u043d\u043e\u0439 \u043f\u043e \u0441\u0442\u0430\u043d\u0434\u0430\u0440\u0442\u0443 OEKO-TEX\u00ae\ufe0f STANDARD 100. \u042d\u0442\u0430 \u0441\u0435\u0440\u0442\u0438\u0444\u0438\u043a\u0430\u0446\u0438\u044f [&hellip;]","og_url":"https:\/\/pidzaama.ee\/ru\/product\/%d0%bc%d1%83%d0%b6%d1%81%d0%ba%d0%be%d0%b9-%d0%b1%d0%b0%d0%bc%d0%b1%d1%83%d0%ba%d0%be%d0%b2%d1%8b%d0%b9-%d1%85%d0%b0%d0%bb%d0%b0%d1%82-1145\/","og_site_name":"Pidzaama House","article_modified_time":"2024-11-13T18:41:57+00:00","og_image":[{"width":1066,"height":1600,"url":"https:\/\/pidzaama.ee\/wp-content\/uploads\/2023\/03\/NS1145-front-Photoroom.jpg","type":"image\/jpeg"}],"twitter_card":"summary_large_image","twitter_misc":{"\u041f\u0440\u0438\u043c\u0435\u0440\u043d\u043e\u0435 \u0432\u0440\u0435\u043c\u044f \u0434\u043b\u044f \u0447\u0442\u0435\u043d\u0438\u044f":"1 \u043c\u0438\u043d\u0443\u0442\u0430"},"schema":{"@context":"https:\/\/schema.org","@graph":[{"@type":"WebPage","@id":"https:\/\/pidzaama.ee\/ru\/product\/%d0%bc%d1%83%d0%b6%d1%81%d0%ba%d0%be%d0%b9-%d0%b1%d0%b0%d0%bc%d0%b1%d1%83%d0%ba%d0%be%d0%b2%d1%8b%d0%b9-%d1%85%d0%b0%d0%bb%d0%b0%d1%82-1145\/","url":"https:\/\/pidzaama.ee\/ru\/product\/%d0%bc%d1%83%d0%b6%d1%81%d0%ba%d0%be%d0%b9-%d0%b1%d0%b0%d0%bc%d0%b1%d1%83%d0%ba%d0%be%d0%b2%d1%8b%d0%b9-%d1%85%d0%b0%d0%bb%d0%b0%d1%82-1145\/","name":"\u041c\u0443\u0436\u0441\u043a\u043e\u0439 \u0431\u0430\u043c\u0431\u0443\u043a\u043e\u0432\u044b\u0439 \u0445\u0430\u043b\u0430\u0442 1145","isPartOf":{"@id":"https:\/\/pidzaama.ee\/ru\/#website"},"primaryImageOfPage":{"@id":"https:\/\/pidzaama.ee\/ru\/product\/%d0%bc%d1%83%d0%b6%d1%81%d0%ba%d0%be%d0%b9-%d0%b1%d0%b0%d0%bc%d0%b1%d1%83%d0%ba%d0%be%d0%b2%d1%8b%d0%b9-%d1%85%d0%b0%d0%bb%d0%b0%d1%82-1145\/#primaryimage"},"image":{"@id":"https:\/\/pidzaama.ee\/ru\/product\/%d0%bc%d1%83%d0%b6%d1%81%d0%ba%d0%be%d0%b9-%d0%b1%d0%b0%d0%bc%d0%b1%d1%83%d0%ba%d0%be%d0%b2%d1%8b%d0%b9-%d1%85%d0%b0%d0%bb%d0%b0%d1%82-1145\/#primaryimage"},"thumbnailUrl":"https:\/\/pidzaama.ee\/wp-content\/uploads\/2023\/03\/NS1145-front-Photoroom.jpg","datePublished":"2023-03-28T09:29:32+00:00","dateModified":"2024-11-13T18:41:57+00:00","breadcrumb":{"@id":"https:\/\/pidzaama.ee\/ru\/product\/%d0%bc%d1%83%d0%b6%d1%81%d0%ba%d0%be%d0%b9-%d0%b1%d0%b0%d0%bc%d0%b1%d1%83%d0%ba%d0%be%d0%b2%d1%8b%d0%b9-%d1%85%d0%b0%d0%bb%d0%b0%d1%82-1145\/#breadcrumb"},"inLanguage":"ru-RU","potentialAction":[{"@type":"ReadAction","target":["https:\/\/pidzaama.ee\/ru\/product\/%d0%bc%d1%83%d0%b6%d1%81%d0%ba%d0%be%d0%b9-%d0%b1%d0%b0%d0%bc%d0%b1%d1%83%d0%ba%d0%be%d0%b2%d1%8b%d0%b9-%d1%85%d0%b0%d0%bb%d0%b0%d1%82-1145\/"]}]},{"@type":"ImageObject","inLanguage":"ru-RU","@id":"https:\/\/pidzaama.ee\/ru\/product\/%d0%bc%d1%83%d0%b6%d1%81%d0%ba%d0%be%d0%b9-%d0%b1%d0%b0%d0%bc%d0%b1%d1%83%d0%ba%d0%be%d0%b2%d1%8b%d0%b9-%d1%85%d0%b0%d0%bb%d0%b0%d1%82-1145\/#primaryimage","url":"https:\/\/pidzaama.ee\/wp-content\/uploads\/2023\/03\/NS1145-front-Photoroom.jpg","contentUrl":"https:\/\/pidzaama.ee\/wp-content\/uploads\/2023\/03\/NS1145-front-Photoroom.jpg","width":1066,"height":1600},{"@type":"BreadcrumbList","@id":"https:\/\/pidzaama.ee\/ru\/product\/%d0%bc%d1%83%d0%b6%d1%81%d0%ba%d0%be%d0%b9-%d0%b1%d0%b0%d0%bc%d0%b1%d1%83%d0%ba%d0%be%d0%b2%d1%8b%d0%b9-%d1%85%d0%b0%d0%bb%d0%b0%d1%82-1145\/#breadcrumb","itemListElement":[{"@type":"ListItem","position":1,"name":"Home","item":"https:\/\/pidzaama.ee\/ru\/esileht\/"},{"@type":"ListItem","position":2,"name":"\u041e \u041d\u0410\u0421","item":"https:\/\/pidzaama.ee\/ru\/o-nas\/"},{"@type":"ListItem","position":3,"name":"\u041c\u0443\u0436\u0441\u043a\u043e\u0439 \u0431\u0430\u043c\u0431\u0443\u043a\u043e\u0432\u044b\u0439 \u0445\u0430\u043b\u0430\u0442 1145"}]},{"@type":"WebSite","@id":"https:\/\/pidzaama.ee\/ru\/#website","url":"https:\/\/pidzaama.ee\/ru\/","name":"Pidzaama House","description":"T\u00e4iendame pidevalt meie sortimendi ning suurusi!","potentialAction":[{"@type":"SearchAction","target":{"@type":"EntryPoint","urlTemplate":"https:\/\/pidzaama.ee\/ru\/?s={search_term_string}"},"query-input":{"@type":"PropertyValueSpecification","valueRequired":true,"valueName":"search_term_string"}}],"inLanguage":"ru-RU"}]}},"_links":{"self":[{"href":"https:\/\/pidzaama.ee\/ru\/wp-json\/wp\/v2\/product\/11061","targetHints":{"allow":["GET"]}}],"collection":[{"href":"https:\/\/pidzaama.ee\/ru\/wp-json\/wp\/v2\/product"}],"about":[{"href":"https:\/\/pidzaama.ee\/ru\/wp-json\/wp\/v2\/types\/product"}],"wp:featuredmedia":[{"embeddable":true,"href":"https:\/\/pidzaama.ee\/ru\/wp-json\/wp\/v2\/media\/19637"}],"wp:attachment":[{"href":"https:\/\/pidzaama.ee\/ru\/wp-json\/wp\/v2\/media?parent=11061"}],"wp:term":[{"taxonomy":"product_brand","embeddable":true,"href":"https:\/\/pidzaama.ee\/ru\/wp-json\/wp\/v2\/product_brand?post=11061"},{"taxonomy":"product_cat","embeddable":true,"href":"https:\/\/pidzaama.ee\/ru\/wp-json\/wp\/v2\/product_cat?post=11061"},{"taxonomy":"product_tag","embeddable":true,"href":"https:\/\/pidzaama.ee\/ru\/wp-json\/wp\/v2\/product_tag?post=11061"}],"curies":[{"name":"wp","href":"https:\/\/api.w.org\/{rel}","templated":true}]}}