{"id":1396,"date":"2020-10-05T18:42:47","date_gmt":"2020-10-05T18:42:47","guid":{"rendered":"https:\/\/pidzaama-ee.vserver.zonevs.eu\/?product=%d0%bd%d0%be%d1%87%d0%bd%d0%b0%d1%8f-%d1%80%d1%83%d0%b1%d0%b0%d1%88%d0%ba%d0%b0-82597sr"},"modified":"2024-08-09T10:56:35","modified_gmt":"2024-08-09T10:56:35","slug":"%d0%bd%d0%be%d1%87%d0%bd%d0%b0%d1%8f-%d1%80%d1%83%d0%b1%d0%b0%d1%88%d0%ba%d0%b0-82597sr","status":"publish","type":"product","link":"https:\/\/pidzaama.ee\/ru\/product\/%d0%bd%d0%be%d1%87%d0%bd%d0%b0%d1%8f-%d1%80%d1%83%d0%b1%d0%b0%d1%88%d0%ba%d0%b0-82597sr\/","title":{"rendered":"\u041d\u043e\u0447\u043d\u0430\u044f \u0440\u0443\u0431\u0430\u0448\u043a\u0430 82597SR"},"content":{"rendered":"<ul style=\"box-sizing: inherit; margin-bottom: 1rem; list-style: none; padding-left: 0px; color: #777777; font-size: 15px;\">\n<li style=\"box-sizing: inherit;\"><span style=\"font-family: Times New Roman;\"><span style=\"font-size: 18px;\">\u0421\u043e\u0441\u0442\u0430\u0432:\u00a0<\/span><span style=\"font-size: 18px;\">\u00a050% \u0445\u043b\u043e\u043f\u043a\u0430 50% \u0432\u0438\u0441\u043a\u043e\u0437\u0430<\/span><br \/>\n<\/span><\/li>\n<li style=\"box-sizing: inherit;\"><span style=\"box-sizing: inherit; font-weight: bolder; font-size: 18px;\"><span style=\"font-family: Times New Roman;\">S-6XL<\/span><\/span><\/li>\n<li style=\"box-sizing: inherit;\"><span style=\"font-family: Times New Roman;\"><span style=\"font-size: 18px;\">\u041a\u043e\u043c\u0444\u043e\u0440\u0442\u043d\u0430\u044f, \u043f\u0440\u0438\u044f\u0442\u043d\u0430\u044f \u043d\u0430 \u043e\u0449\u0443\u043f\u044c \u0448\u0435\u043b\u043a\u043e\u0432\u0438\u0441\u0442\u0430\u044f \u0442\u043a\u0430\u043d\u044c.<\/span><\/span><\/li>\n<li style=\"box-sizing: inherit;\"><span style=\"font-family: Times New Roman;\"><span style=\"font-size: 18px;\">\u0423\u0434\u043e\u0431\u043d\u0430\u044f \u043f\u043e\u0432\u0441\u0435\u0434\u043d\u0435\u0432\u043d\u0430\u044f \u043d\u043e\u0447\u043d\u0430\u044f \u0440\u0443\u0431\u0430\u0448\u043a\u0430.<\/span><\/span><\/li>\n<li style=\"box-sizing: inherit;\"><span style=\"font-family: Times New Roman;\"><span style=\"font-size: 18px;\">\u0412\u044b\u0440\u0435\u0437 \u00abV\u00bb \u0444\u043e\u0440\u043c\u044b;<\/span><\/span><\/li>\n<li style=\"box-sizing: inherit;\"><span style=\"font-family: Times New Roman;\">\u00a0<\/span><\/li>\n<li style=\"box-sizing: inherit;\"><span style=\"font-family: Times New Roman;\"><span style=\"font-size: 18px;\">\u0426\u0432\u0435\u0442 \u0442\u043e\u0432\u0430\u0440\u0430 \u043c\u043e\u0436\u0435\u0442 \u043e\u0442\u043b\u0438\u0447\u0430\u0442\u044c\u0441\u044f \u043e\u0442 \u0446\u0432\u0435\u0442\u0430 \u043d\u0430 \u0444\u043e\u0442\u043e\u0433\u0440\u0430\u0444\u0438\u0438<\/span><\/span><\/li>\n<li style=\"box-sizing: inherit;\"><span style=\"font-family: Times New Roman;\"><span style=\"font-size: 18px;\">\u0412\u043d\u0438\u043c\u0430\u0442\u0435\u043b\u044c\u043d\u043e \u0438\u0437\u0443\u0447\u0438\u0442\u0435 \u0442\u0430\u0431\u043b\u0438\u0446\u0443 \u0440\u0430\u0437\u043c\u0435\u0440\u043e\u0432<\/span><\/span><\/li>\n<li style=\"box-sizing: inherit;\">\n<table width=\"604\">\n<tbody>\n<tr>\n<td width=\"151\"><\/td>\n<td width=\"151\">Rinna\u00fcmberm\u00f5\u00f5t<\/td>\n<td width=\"151\">Puusa\u00fcmberm\u00f5\u00f5t<\/td>\n<td width=\"151\">Pikkus<\/td>\n<\/tr>\n<tr>\n<td><\/td>\n<td width=\"151\">\u041e\u0431\u044a\u0435\u043c \u0433\u0440\u0443\u0434\u0438<\/td>\n<td>\u041e\u0431\u044a\u0435\u043c \u0431\u0435\u0434\u0435\u0440<\/td>\n<td>\u0414\u043b\u0438\u043d\u0430<\/td>\n<\/tr>\n<tr>\n<td><\/td>\n<td width=\"151\">Chest<\/td>\n<td>Hips<\/td>\n<td>Length<\/td>\n<\/tr>\n<tr>\n<td>M<\/td>\n<td width=\"151\">104<\/td>\n<td>116<\/td>\n<td>110<\/td>\n<\/tr>\n<tr>\n<td>L<\/td>\n<td>110<\/td>\n<td>120<\/td>\n<td>111<\/td>\n<\/tr>\n<tr>\n<td>XL<\/td>\n<td>116<\/td>\n<td>124<\/td>\n<td>113<\/td>\n<\/tr>\n<tr>\n<td>2XL<\/td>\n<td>120<\/td>\n<td>128<\/td>\n<td>114<\/td>\n<\/tr>\n<tr>\n<td>3XL<\/td>\n<td>124<\/td>\n<td>134<\/td>\n<td>116<\/td>\n<\/tr>\n<tr>\n<td>4XL<\/td>\n<td><\/td>\n<td><\/td>\n<td><\/td>\n<\/tr>\n<tr>\n<td>5XL<\/td>\n<td>130<\/td>\n<td>140<\/td>\n<td>120<\/td>\n<\/tr>\n<tr>\n<td>6XL<\/td>\n<td>142<\/td>\n<td>150<\/td>\n<td>122<\/td>\n<\/tr>\n<\/tbody>\n<\/table>\n<\/li>\n<\/ul>\n","protected":false},"excerpt":{"rendered":"<p>\u0421\u043e\u0441\u0442\u0430\u0432:\u00a0\u00a050% \u0445\u043b\u043e\u043f\u043a\u0430 50% \u0432\u0438\u0441\u043a\u043e\u0437\u0430 S-6XL \u041a\u043e\u043c\u0444\u043e\u0440\u0442\u043d\u0430\u044f, \u043f\u0440\u0438\u044f\u0442\u043d\u0430\u044f \u043d\u0430 \u043e\u0449\u0443\u043f\u044c \u0448\u0435\u043b\u043a\u043e\u0432\u0438\u0441\u0442\u0430\u044f \u0442\u043a\u0430\u043d\u044c. \u0423\u0434\u043e\u0431\u043d\u0430\u044f \u043f\u043e\u0432\u0441\u0435\u0434\u043d\u0435\u0432\u043d\u0430\u044f \u043d\u043e\u0447\u043d\u0430\u044f \u0440\u0443\u0431\u0430\u0448\u043a\u0430. \u0412\u044b\u0440\u0435\u0437 \u00abV\u00bb \u0444\u043e\u0440\u043c\u044b; \u00a0 \u0426\u0432\u0435\u0442 \u0442\u043e\u0432\u0430\u0440\u0430 \u043c\u043e\u0436\u0435\u0442 \u043e\u0442\u043b\u0438\u0447\u0430\u0442\u044c\u0441\u044f \u043e\u0442 \u0446\u0432\u0435\u0442\u0430 \u043d\u0430 \u0444\u043e\u0442\u043e\u0433\u0440\u0430\u0444\u0438\u0438 \u0412\u043d\u0438\u043c\u0430\u0442\u0435\u043b\u044c\u043d\u043e \u0438\u0437\u0443\u0447\u0438\u0442\u0435 \u0442\u0430\u0431\u043b\u0438\u0446\u0443 \u0440\u0430\u0437\u043c\u0435\u0440\u043e\u0432 Rinna\u00fcmberm\u00f5\u00f5t Puusa\u00fcmberm\u00f5\u00f5t Pikkus \u041e\u0431\u044a\u0435\u043c \u0433\u0440\u0443\u0434\u0438 \u041e\u0431\u044a\u0435\u043c \u0431\u0435\u0434\u0435\u0440 \u0414\u043b\u0438\u043d\u0430 Chest Hips Length M 104 116 110 L 110 120 111 XL 116 124 113 2XL [&hellip;]<\/p>\n","protected":false},"featured_media":1383,"template":"","meta":[],"product_brand":[],"product_cat":[81,101,154],"product_tag":[],"class_list":{"0":"post-1396","1":"product","2":"type-product","3":"status-publish","4":"has-post-thumbnail","6":"product_cat-81","7":"product_cat-101","8":"product_cat---ru","10":"first","11":"outofstock","12":"taxable","13":"shipping-taxable","14":"product-type-variable"},"yoast_head":"<!-- This site is optimized with the Yoast SEO plugin v27.3 - https:\/\/yoast.com\/product\/yoast-seo-wordpress\/ -->\n<title>\u041d\u043e\u0447\u043d\u0430\u044f \u0440\u0443\u0431\u0430\u0448\u043a\u0430 82597SR<\/title>\n<meta name=\"description\" content=\"\u0421\u043e\u0441\u0442\u0430\u0432:\u00a0\u00a050% \u0445\u043b\u043e\u043f\u043a\u0430 50% \u0432\u0438\u0441\u043a\u043e\u0437\u0430. S-6XL. \u041a\u043e\u043c\u0444\u043e\u0440\u0442\u043d\u0430\u044f, \u043f\u0440\u0438\u044f\u0442\u043d\u0430\u044f \u043d\u0430 \u043e\u0449\u0443\u043f\u044c \u0448\u0435\u043b\u043a\u043e\u0432\u0438\u0441\u0442\u0430\u044f \u0442\u043a\u0430\u043d\u044c.\u0423\u0434\u043e\u0431\u043d\u0430\u044f \u043f\u043e\u0432\u0441\u0435\u0434\u043d\u0435\u0432\u043d\u0430\u044f \u043d\u043e\u0447\u043d\u0430\u044f \u0440\u0443\u0431\u0430\u0448\u043a\u0430. \u0412\u044b\u0440\u0435\u0437 \u00abV\u00bb \u0444\u043e\u0440\u043c\u044b\" \/>\n<meta name=\"robots\" content=\"index, follow, max-snippet:-1, max-image-preview:large, max-video-preview:-1\" \/>\n<link rel=\"canonical\" href=\"https:\/\/pidzaama.ee\/ru\/product\/%d0%bd%d0%be%d1%87%d0%bd%d0%b0%d1%8f-%d1%80%d1%83%d0%b1%d0%b0%d1%88%d0%ba%d0%b0-82597sr\/\" \/>\n<meta property=\"og:locale\" content=\"ru_RU\" \/>\n<meta property=\"og:type\" content=\"article\" \/>\n<meta property=\"og:title\" content=\"\u041d\u043e\u0447\u043d\u0430\u044f \u0440\u0443\u0431\u0430\u0448\u043a\u0430 82597SR\" \/>\n<meta property=\"og:description\" content=\"\u0421\u043e\u0441\u0442\u0430\u0432:\u00a0\u00a050% \u0445\u043b\u043e\u043f\u043a\u0430 50% \u0432\u0438\u0441\u043a\u043e\u0437\u0430. S-6XL. \u041a\u043e\u043c\u0444\u043e\u0440\u0442\u043d\u0430\u044f, \u043f\u0440\u0438\u044f\u0442\u043d\u0430\u044f \u043d\u0430 \u043e\u0449\u0443\u043f\u044c \u0448\u0435\u043b\u043a\u043e\u0432\u0438\u0441\u0442\u0430\u044f \u0442\u043a\u0430\u043d\u044c.\u0423\u0434\u043e\u0431\u043d\u0430\u044f \u043f\u043e\u0432\u0441\u0435\u0434\u043d\u0435\u0432\u043d\u0430\u044f \u043d\u043e\u0447\u043d\u0430\u044f \u0440\u0443\u0431\u0430\u0448\u043a\u0430. \u0412\u044b\u0440\u0435\u0437 \u00abV\u00bb \u0444\u043e\u0440\u043c\u044b\" \/>\n<meta property=\"og:url\" content=\"https:\/\/pidzaama.ee\/ru\/product\/%d0%bd%d0%be%d1%87%d0%bd%d0%b0%d1%8f-%d1%80%d1%83%d0%b1%d0%b0%d1%88%d0%ba%d0%b0-82597sr\/\" \/>\n<meta property=\"og:site_name\" content=\"Pidzaama House\" \/>\n<meta property=\"article:modified_time\" content=\"2024-08-09T10:56:35+00:00\" \/>\n<meta property=\"og:image\" content=\"https:\/\/pidzaama.ee\/wp-content\/uploads\/2021\/05\/82597sr.jpg\" \/>\n\t<meta property=\"og:image:width\" content=\"1200\" \/>\n\t<meta property=\"og:image:height\" content=\"1600\" \/>\n\t<meta property=\"og:image:type\" content=\"image\/jpeg\" \/>\n<meta name=\"twitter:card\" content=\"summary_large_image\" \/>\n<meta name=\"twitter:label1\" content=\"\u041f\u0440\u0438\u043c\u0435\u0440\u043d\u043e\u0435 \u0432\u0440\u0435\u043c\u044f \u0434\u043b\u044f \u0447\u0442\u0435\u043d\u0438\u044f\" \/>\n\t<meta name=\"twitter:data1\" content=\"1 \u043c\u0438\u043d\u0443\u0442\u0430\" \/>\n<script type=\"application\/ld+json\" class=\"yoast-schema-graph\">{\"@context\":\"https:\\\/\\\/schema.org\",\"@graph\":[{\"@type\":\"WebPage\",\"@id\":\"https:\\\/\\\/pidzaama.ee\\\/ru\\\/product\\\/%d0%bd%d0%be%d1%87%d0%bd%d0%b0%d1%8f-%d1%80%d1%83%d0%b1%d0%b0%d1%88%d0%ba%d0%b0-82597sr\\\/\",\"url\":\"https:\\\/\\\/pidzaama.ee\\\/ru\\\/product\\\/%d0%bd%d0%be%d1%87%d0%bd%d0%b0%d1%8f-%d1%80%d1%83%d0%b1%d0%b0%d1%88%d0%ba%d0%b0-82597sr\\\/\",\"name\":\"\u041d\u043e\u0447\u043d\u0430\u044f \u0440\u0443\u0431\u0430\u0448\u043a\u0430 82597SR\",\"isPartOf\":{\"@id\":\"https:\\\/\\\/pidzaama.ee\\\/ru\\\/#website\"},\"primaryImageOfPage\":{\"@id\":\"https:\\\/\\\/pidzaama.ee\\\/ru\\\/product\\\/%d0%bd%d0%be%d1%87%d0%bd%d0%b0%d1%8f-%d1%80%d1%83%d0%b1%d0%b0%d1%88%d0%ba%d0%b0-82597sr\\\/#primaryimage\"},\"image\":{\"@id\":\"https:\\\/\\\/pidzaama.ee\\\/ru\\\/product\\\/%d0%bd%d0%be%d1%87%d0%bd%d0%b0%d1%8f-%d1%80%d1%83%d0%b1%d0%b0%d1%88%d0%ba%d0%b0-82597sr\\\/#primaryimage\"},\"thumbnailUrl\":\"https:\\\/\\\/pidzaama.ee\\\/wp-content\\\/uploads\\\/2021\\\/05\\\/82597sr.jpg\",\"datePublished\":\"2020-10-05T18:42:47+00:00\",\"dateModified\":\"2024-08-09T10:56:35+00:00\",\"description\":\"\u0421\u043e\u0441\u0442\u0430\u0432:\u00a0\u00a050% \u0445\u043b\u043e\u043f\u043a\u0430 50% \u0432\u0438\u0441\u043a\u043e\u0437\u0430. S-6XL. \u041a\u043e\u043c\u0444\u043e\u0440\u0442\u043d\u0430\u044f, \u043f\u0440\u0438\u044f\u0442\u043d\u0430\u044f \u043d\u0430 \u043e\u0449\u0443\u043f\u044c \u0448\u0435\u043b\u043a\u043e\u0432\u0438\u0441\u0442\u0430\u044f \u0442\u043a\u0430\u043d\u044c.\u0423\u0434\u043e\u0431\u043d\u0430\u044f \u043f\u043e\u0432\u0441\u0435\u0434\u043d\u0435\u0432\u043d\u0430\u044f \u043d\u043e\u0447\u043d\u0430\u044f \u0440\u0443\u0431\u0430\u0448\u043a\u0430. \u0412\u044b\u0440\u0435\u0437 \u00abV\u00bb \u0444\u043e\u0440\u043c\u044b\",\"breadcrumb\":{\"@id\":\"https:\\\/\\\/pidzaama.ee\\\/ru\\\/product\\\/%d0%bd%d0%be%d1%87%d0%bd%d0%b0%d1%8f-%d1%80%d1%83%d0%b1%d0%b0%d1%88%d0%ba%d0%b0-82597sr\\\/#breadcrumb\"},\"inLanguage\":\"ru-RU\",\"potentialAction\":[{\"@type\":\"ReadAction\",\"target\":[\"https:\\\/\\\/pidzaama.ee\\\/ru\\\/product\\\/%d0%bd%d0%be%d1%87%d0%bd%d0%b0%d1%8f-%d1%80%d1%83%d0%b1%d0%b0%d1%88%d0%ba%d0%b0-82597sr\\\/\"]}]},{\"@type\":\"ImageObject\",\"inLanguage\":\"ru-RU\",\"@id\":\"https:\\\/\\\/pidzaama.ee\\\/ru\\\/product\\\/%d0%bd%d0%be%d1%87%d0%bd%d0%b0%d1%8f-%d1%80%d1%83%d0%b1%d0%b0%d1%88%d0%ba%d0%b0-82597sr\\\/#primaryimage\",\"url\":\"https:\\\/\\\/pidzaama.ee\\\/wp-content\\\/uploads\\\/2021\\\/05\\\/82597sr.jpg\",\"contentUrl\":\"https:\\\/\\\/pidzaama.ee\\\/wp-content\\\/uploads\\\/2021\\\/05\\\/82597sr.jpg\",\"width\":1200,\"height\":1600},{\"@type\":\"BreadcrumbList\",\"@id\":\"https:\\\/\\\/pidzaama.ee\\\/ru\\\/product\\\/%d0%bd%d0%be%d1%87%d0%bd%d0%b0%d1%8f-%d1%80%d1%83%d0%b1%d0%b0%d1%88%d0%ba%d0%b0-82597sr\\\/#breadcrumb\",\"itemListElement\":[{\"@type\":\"ListItem\",\"position\":1,\"name\":\"Home\",\"item\":\"https:\\\/\\\/pidzaama.ee\\\/ru\\\/esileht\\\/\"},{\"@type\":\"ListItem\",\"position\":2,\"name\":\"\u041e \u041d\u0410\u0421\",\"item\":\"https:\\\/\\\/pidzaama.ee\\\/ru\\\/o-nas\\\/\"},{\"@type\":\"ListItem\",\"position\":3,\"name\":\"\u041d\u043e\u0447\u043d\u0430\u044f \u0440\u0443\u0431\u0430\u0448\u043a\u0430 82597SR\"}]},{\"@type\":\"WebSite\",\"@id\":\"https:\\\/\\\/pidzaama.ee\\\/ru\\\/#website\",\"url\":\"https:\\\/\\\/pidzaama.ee\\\/ru\\\/\",\"name\":\"Pidzaama House\",\"description\":\"T\u00e4iendame pidevalt meie sortimendi ning suurusi!\",\"potentialAction\":[{\"@type\":\"SearchAction\",\"target\":{\"@type\":\"EntryPoint\",\"urlTemplate\":\"https:\\\/\\\/pidzaama.ee\\\/ru\\\/?s={search_term_string}\"},\"query-input\":{\"@type\":\"PropertyValueSpecification\",\"valueRequired\":true,\"valueName\":\"search_term_string\"}}],\"inLanguage\":\"ru-RU\"}]}<\/script>\n<!-- \/ Yoast SEO plugin. -->","yoast_head_json":{"title":"\u041d\u043e\u0447\u043d\u0430\u044f \u0440\u0443\u0431\u0430\u0448\u043a\u0430 82597SR","description":"\u0421\u043e\u0441\u0442\u0430\u0432:\u00a0\u00a050% \u0445\u043b\u043e\u043f\u043a\u0430 50% \u0432\u0438\u0441\u043a\u043e\u0437\u0430. S-6XL. \u041a\u043e\u043c\u0444\u043e\u0440\u0442\u043d\u0430\u044f, \u043f\u0440\u0438\u044f\u0442\u043d\u0430\u044f \u043d\u0430 \u043e\u0449\u0443\u043f\u044c \u0448\u0435\u043b\u043a\u043e\u0432\u0438\u0441\u0442\u0430\u044f \u0442\u043a\u0430\u043d\u044c.\u0423\u0434\u043e\u0431\u043d\u0430\u044f \u043f\u043e\u0432\u0441\u0435\u0434\u043d\u0435\u0432\u043d\u0430\u044f \u043d\u043e\u0447\u043d\u0430\u044f \u0440\u0443\u0431\u0430\u0448\u043a\u0430. \u0412\u044b\u0440\u0435\u0437 \u00abV\u00bb \u0444\u043e\u0440\u043c\u044b","robots":{"index":"index","follow":"follow","max-snippet":"max-snippet:-1","max-image-preview":"max-image-preview:large","max-video-preview":"max-video-preview:-1"},"canonical":"https:\/\/pidzaama.ee\/ru\/product\/%d0%bd%d0%be%d1%87%d0%bd%d0%b0%d1%8f-%d1%80%d1%83%d0%b1%d0%b0%d1%88%d0%ba%d0%b0-82597sr\/","og_locale":"ru_RU","og_type":"article","og_title":"\u041d\u043e\u0447\u043d\u0430\u044f \u0440\u0443\u0431\u0430\u0448\u043a\u0430 82597SR","og_description":"\u0421\u043e\u0441\u0442\u0430\u0432:\u00a0\u00a050% \u0445\u043b\u043e\u043f\u043a\u0430 50% \u0432\u0438\u0441\u043a\u043e\u0437\u0430. S-6XL. \u041a\u043e\u043c\u0444\u043e\u0440\u0442\u043d\u0430\u044f, \u043f\u0440\u0438\u044f\u0442\u043d\u0430\u044f \u043d\u0430 \u043e\u0449\u0443\u043f\u044c \u0448\u0435\u043b\u043a\u043e\u0432\u0438\u0441\u0442\u0430\u044f \u0442\u043a\u0430\u043d\u044c.\u0423\u0434\u043e\u0431\u043d\u0430\u044f \u043f\u043e\u0432\u0441\u0435\u0434\u043d\u0435\u0432\u043d\u0430\u044f \u043d\u043e\u0447\u043d\u0430\u044f \u0440\u0443\u0431\u0430\u0448\u043a\u0430. \u0412\u044b\u0440\u0435\u0437 \u00abV\u00bb \u0444\u043e\u0440\u043c\u044b","og_url":"https:\/\/pidzaama.ee\/ru\/product\/%d0%bd%d0%be%d1%87%d0%bd%d0%b0%d1%8f-%d1%80%d1%83%d0%b1%d0%b0%d1%88%d0%ba%d0%b0-82597sr\/","og_site_name":"Pidzaama House","article_modified_time":"2024-08-09T10:56:35+00:00","og_image":[{"width":1200,"height":1600,"url":"https:\/\/pidzaama.ee\/wp-content\/uploads\/2021\/05\/82597sr.jpg","type":"image\/jpeg"}],"twitter_card":"summary_large_image","twitter_misc":{"\u041f\u0440\u0438\u043c\u0435\u0440\u043d\u043e\u0435 \u0432\u0440\u0435\u043c\u044f \u0434\u043b\u044f \u0447\u0442\u0435\u043d\u0438\u044f":"1 \u043c\u0438\u043d\u0443\u0442\u0430"},"schema":{"@context":"https:\/\/schema.org","@graph":[{"@type":"WebPage","@id":"https:\/\/pidzaama.ee\/ru\/product\/%d0%bd%d0%be%d1%87%d0%bd%d0%b0%d1%8f-%d1%80%d1%83%d0%b1%d0%b0%d1%88%d0%ba%d0%b0-82597sr\/","url":"https:\/\/pidzaama.ee\/ru\/product\/%d0%bd%d0%be%d1%87%d0%bd%d0%b0%d1%8f-%d1%80%d1%83%d0%b1%d0%b0%d1%88%d0%ba%d0%b0-82597sr\/","name":"\u041d\u043e\u0447\u043d\u0430\u044f \u0440\u0443\u0431\u0430\u0448\u043a\u0430 82597SR","isPartOf":{"@id":"https:\/\/pidzaama.ee\/ru\/#website"},"primaryImageOfPage":{"@id":"https:\/\/pidzaama.ee\/ru\/product\/%d0%bd%d0%be%d1%87%d0%bd%d0%b0%d1%8f-%d1%80%d1%83%d0%b1%d0%b0%d1%88%d0%ba%d0%b0-82597sr\/#primaryimage"},"image":{"@id":"https:\/\/pidzaama.ee\/ru\/product\/%d0%bd%d0%be%d1%87%d0%bd%d0%b0%d1%8f-%d1%80%d1%83%d0%b1%d0%b0%d1%88%d0%ba%d0%b0-82597sr\/#primaryimage"},"thumbnailUrl":"https:\/\/pidzaama.ee\/wp-content\/uploads\/2021\/05\/82597sr.jpg","datePublished":"2020-10-05T18:42:47+00:00","dateModified":"2024-08-09T10:56:35+00:00","description":"\u0421\u043e\u0441\u0442\u0430\u0432:\u00a0\u00a050% \u0445\u043b\u043e\u043f\u043a\u0430 50% \u0432\u0438\u0441\u043a\u043e\u0437\u0430. S-6XL. \u041a\u043e\u043c\u0444\u043e\u0440\u0442\u043d\u0430\u044f, \u043f\u0440\u0438\u044f\u0442\u043d\u0430\u044f \u043d\u0430 \u043e\u0449\u0443\u043f\u044c \u0448\u0435\u043b\u043a\u043e\u0432\u0438\u0441\u0442\u0430\u044f \u0442\u043a\u0430\u043d\u044c.\u0423\u0434\u043e\u0431\u043d\u0430\u044f \u043f\u043e\u0432\u0441\u0435\u0434\u043d\u0435\u0432\u043d\u0430\u044f \u043d\u043e\u0447\u043d\u0430\u044f \u0440\u0443\u0431\u0430\u0448\u043a\u0430. \u0412\u044b\u0440\u0435\u0437 \u00abV\u00bb \u0444\u043e\u0440\u043c\u044b","breadcrumb":{"@id":"https:\/\/pidzaama.ee\/ru\/product\/%d0%bd%d0%be%d1%87%d0%bd%d0%b0%d1%8f-%d1%80%d1%83%d0%b1%d0%b0%d1%88%d0%ba%d0%b0-82597sr\/#breadcrumb"},"inLanguage":"ru-RU","potentialAction":[{"@type":"ReadAction","target":["https:\/\/pidzaama.ee\/ru\/product\/%d0%bd%d0%be%d1%87%d0%bd%d0%b0%d1%8f-%d1%80%d1%83%d0%b1%d0%b0%d1%88%d0%ba%d0%b0-82597sr\/"]}]},{"@type":"ImageObject","inLanguage":"ru-RU","@id":"https:\/\/pidzaama.ee\/ru\/product\/%d0%bd%d0%be%d1%87%d0%bd%d0%b0%d1%8f-%d1%80%d1%83%d0%b1%d0%b0%d1%88%d0%ba%d0%b0-82597sr\/#primaryimage","url":"https:\/\/pidzaama.ee\/wp-content\/uploads\/2021\/05\/82597sr.jpg","contentUrl":"https:\/\/pidzaama.ee\/wp-content\/uploads\/2021\/05\/82597sr.jpg","width":1200,"height":1600},{"@type":"BreadcrumbList","@id":"https:\/\/pidzaama.ee\/ru\/product\/%d0%bd%d0%be%d1%87%d0%bd%d0%b0%d1%8f-%d1%80%d1%83%d0%b1%d0%b0%d1%88%d0%ba%d0%b0-82597sr\/#breadcrumb","itemListElement":[{"@type":"ListItem","position":1,"name":"Home","item":"https:\/\/pidzaama.ee\/ru\/esileht\/"},{"@type":"ListItem","position":2,"name":"\u041e \u041d\u0410\u0421","item":"https:\/\/pidzaama.ee\/ru\/o-nas\/"},{"@type":"ListItem","position":3,"name":"\u041d\u043e\u0447\u043d\u0430\u044f \u0440\u0443\u0431\u0430\u0448\u043a\u0430 82597SR"}]},{"@type":"WebSite","@id":"https:\/\/pidzaama.ee\/ru\/#website","url":"https:\/\/pidzaama.ee\/ru\/","name":"Pidzaama House","description":"T\u00e4iendame pidevalt meie sortimendi ning suurusi!","potentialAction":[{"@type":"SearchAction","target":{"@type":"EntryPoint","urlTemplate":"https:\/\/pidzaama.ee\/ru\/?s={search_term_string}"},"query-input":{"@type":"PropertyValueSpecification","valueRequired":true,"valueName":"search_term_string"}}],"inLanguage":"ru-RU"}]}},"_links":{"self":[{"href":"https:\/\/pidzaama.ee\/ru\/wp-json\/wp\/v2\/product\/1396","targetHints":{"allow":["GET"]}}],"collection":[{"href":"https:\/\/pidzaama.ee\/ru\/wp-json\/wp\/v2\/product"}],"about":[{"href":"https:\/\/pidzaama.ee\/ru\/wp-json\/wp\/v2\/types\/product"}],"wp:featuredmedia":[{"embeddable":true,"href":"https:\/\/pidzaama.ee\/ru\/wp-json\/wp\/v2\/media\/1383"}],"wp:attachment":[{"href":"https:\/\/pidzaama.ee\/ru\/wp-json\/wp\/v2\/media?parent=1396"}],"wp:term":[{"taxonomy":"product_brand","embeddable":true,"href":"https:\/\/pidzaama.ee\/ru\/wp-json\/wp\/v2\/product_brand?post=1396"},{"taxonomy":"product_cat","embeddable":true,"href":"https:\/\/pidzaama.ee\/ru\/wp-json\/wp\/v2\/product_cat?post=1396"},{"taxonomy":"product_tag","embeddable":true,"href":"https:\/\/pidzaama.ee\/ru\/wp-json\/wp\/v2\/product_tag?post=1396"}],"curies":[{"name":"wp","href":"https:\/\/api.w.org\/{rel}","templated":true}]}}