{"id":15121,"date":"2024-08-28T13:04:55","date_gmt":"2024-08-28T13:04:55","guid":{"rendered":"https:\/\/pidzaama.ee\/product\/naiste-termopesu-luhikeste-varrukatega-32001bz-s-4xl\/"},"modified":"2024-09-27T08:04:46","modified_gmt":"2024-09-27T08:04:46","slug":"naiste-termopesu-luhikeste-varrukatega-32001bz-s-4xl","status":"publish","type":"product","link":"https:\/\/pidzaama.ee\/ru\/product\/naiste-termopesu-luhikeste-varrukatega-32001bz-s-4xl\/","title":{"rendered":"Naiste termopesu l\u00fchikeste varrukatega 32001Bz S-4XL"},"content":{"rendered":"<p>Pakume oma L\u00e4ti kaubam\u00e4rki TIMILJA<\/p>\n<p>Termiline voodipesu. L\u00fchikeste varrukatega pluus.<\/p>\n<p>Koostis: vill 47%, puuvill 13%, elastaan \u200b\u200b20%,<\/p>\n<p>viskoos 20%<\/p>\n<p>Pesu: 30\u00b0C<\/p>\n<p>Ainult \u00fclemine osa!!!!<\/p>\n<p>\u00d5huke siidine, soe, meeldiv puudutada, hingav kangas,<\/p>\n<p>meeldiv kehale.<\/p>\n<p>V\u00e4rv: bee\u017e<\/p>\n<p>S-4XL<\/p>\n<p>Veikals-Noliktav\u0101 : R\u012bga Kleistu iela 9. Naktst\u0113rpu Bazars.<\/p>\n<p>Toote v\u00e4rv v\u00f5ib erineda fotol kujutatust.<\/p>\n<p>Palun lugege hoolikalt suurustabelit<\/p>\n","protected":false},"excerpt":{"rendered":"<p>Pakume oma L\u00e4ti kaubam\u00e4rki TIMILJA Termiline voodipesu. L\u00fchikeste varrukatega pluus. Koostis: vill 47%, puuvill 13%, elastaan \u200b\u200b20%, viskoos 20% Pesu: 30\u00b0C Ainult \u00fclemine osa!!!! \u00d5huke siidine, soe, meeldiv puudutada, hingav kangas, meeldiv kehale. V\u00e4rv: bee\u017e S-4XL Veikals-Noliktav\u0101 : R\u012bga Kleistu iela 9. Naktst\u0113rpu Bazars. Toote v\u00e4rv v\u00f5ib erineda fotol kujutatust. Palun lugege hoolikalt suurustabelit<\/p>\n","protected":false},"featured_media":15395,"template":"","meta":[],"product_brand":[],"product_cat":[],"product_tag":[],"class_list":{"0":"post-15121","1":"product","2":"type-product","3":"status-publish","4":"has-post-thumbnail","7":"first","8":"instock","9":"taxable","10":"shipping-taxable","11":"product-type-simple"},"yoast_head":"<!-- This site is optimized with the Yoast SEO plugin v27.4 - https:\/\/yoast.com\/product\/yoast-seo-wordpress\/ -->\n<title>Naiste termopesu l\u00fchikeste varrukatega 32001Bz S-4XL - Pidzaama House<\/title>\n<meta name=\"robots\" content=\"index, follow, max-snippet:-1, max-image-preview:large, max-video-preview:-1\" \/>\n<link rel=\"canonical\" href=\"https:\/\/pidzaama.ee\/ru\/product\/naiste-termopesu-luhikeste-varrukatega-32001bz-s-4xl\/\" \/>\n<meta property=\"og:locale\" content=\"ru_RU\" \/>\n<meta property=\"og:type\" content=\"article\" \/>\n<meta property=\"og:title\" content=\"Naiste termopesu l\u00fchikeste varrukatega 32001Bz S-4XL - Pidzaama House\" \/>\n<meta property=\"og:description\" content=\"Pakume oma L\u00e4ti kaubam\u00e4rki TIMILJA Termiline voodipesu. L\u00fchikeste varrukatega pluus. Koostis: vill 47%, puuvill 13%, elastaan \u200b\u200b20%, viskoos 20% Pesu: 30\u00b0C Ainult \u00fclemine osa!!!! \u00d5huke siidine, soe, meeldiv puudutada, hingav kangas, meeldiv kehale. V\u00e4rv: bee\u017e S-4XL Veikals-Noliktav\u0101 : R\u012bga Kleistu iela 9. Naktst\u0113rpu Bazars. Toote v\u00e4rv v\u00f5ib erineda fotol kujutatust. Palun lugege hoolikalt suurustabelit\" \/>\n<meta property=\"og:url\" content=\"https:\/\/pidzaama.ee\/ru\/product\/naiste-termopesu-luhikeste-varrukatega-32001bz-s-4xl\/\" \/>\n<meta property=\"og:site_name\" content=\"Pidzaama House\" \/>\n<meta property=\"article:modified_time\" content=\"2024-09-27T08:04:46+00:00\" \/>\n<meta property=\"og:image\" content=\"https:\/\/pidzaama.ee\/wp-content\/uploads\/2024\/08\/Photoroom-32001Bz-2.png\" \/>\n\t<meta property=\"og:image:width\" content=\"975\" \/>\n\t<meta property=\"og:image:height\" content=\"1300\" \/>\n\t<meta property=\"og:image:type\" content=\"image\/png\" \/>\n<meta name=\"twitter:card\" content=\"summary_large_image\" \/>\n<meta name=\"twitter:label1\" content=\"\u041f\u0440\u0438\u043c\u0435\u0440\u043d\u043e\u0435 \u0432\u0440\u0435\u043c\u044f \u0434\u043b\u044f \u0447\u0442\u0435\u043d\u0438\u044f\" \/>\n\t<meta name=\"twitter:data1\" content=\"1 \u043c\u0438\u043d\u0443\u0442\u0430\" \/>\n<script type=\"application\/ld+json\" class=\"yoast-schema-graph\">{\"@context\":\"https:\\\/\\\/schema.org\",\"@graph\":[{\"@type\":\"WebPage\",\"@id\":\"https:\\\/\\\/pidzaama.ee\\\/ru\\\/product\\\/naiste-termopesu-luhikeste-varrukatega-32001bz-s-4xl\\\/\",\"url\":\"https:\\\/\\\/pidzaama.ee\\\/ru\\\/product\\\/naiste-termopesu-luhikeste-varrukatega-32001bz-s-4xl\\\/\",\"name\":\"Naiste termopesu l\u00fchikeste varrukatega 32001Bz S-4XL - Pidzaama House\",\"isPartOf\":{\"@id\":\"https:\\\/\\\/pidzaama.ee\\\/ru\\\/#website\"},\"primaryImageOfPage\":{\"@id\":\"https:\\\/\\\/pidzaama.ee\\\/ru\\\/product\\\/naiste-termopesu-luhikeste-varrukatega-32001bz-s-4xl\\\/#primaryimage\"},\"image\":{\"@id\":\"https:\\\/\\\/pidzaama.ee\\\/ru\\\/product\\\/naiste-termopesu-luhikeste-varrukatega-32001bz-s-4xl\\\/#primaryimage\"},\"thumbnailUrl\":\"https:\\\/\\\/pidzaama.ee\\\/wp-content\\\/uploads\\\/2024\\\/08\\\/Photoroom-32001Bz-2.png\",\"datePublished\":\"2024-08-28T13:04:55+00:00\",\"dateModified\":\"2024-09-27T08:04:46+00:00\",\"breadcrumb\":{\"@id\":\"https:\\\/\\\/pidzaama.ee\\\/ru\\\/product\\\/naiste-termopesu-luhikeste-varrukatega-32001bz-s-4xl\\\/#breadcrumb\"},\"inLanguage\":\"ru-RU\",\"potentialAction\":[{\"@type\":\"ReadAction\",\"target\":[\"https:\\\/\\\/pidzaama.ee\\\/ru\\\/product\\\/naiste-termopesu-luhikeste-varrukatega-32001bz-s-4xl\\\/\"]}]},{\"@type\":\"ImageObject\",\"inLanguage\":\"ru-RU\",\"@id\":\"https:\\\/\\\/pidzaama.ee\\\/ru\\\/product\\\/naiste-termopesu-luhikeste-varrukatega-32001bz-s-4xl\\\/#primaryimage\",\"url\":\"https:\\\/\\\/pidzaama.ee\\\/wp-content\\\/uploads\\\/2024\\\/08\\\/Photoroom-32001Bz-2.png\",\"contentUrl\":\"https:\\\/\\\/pidzaama.ee\\\/wp-content\\\/uploads\\\/2024\\\/08\\\/Photoroom-32001Bz-2.png\",\"width\":975,\"height\":1300},{\"@type\":\"BreadcrumbList\",\"@id\":\"https:\\\/\\\/pidzaama.ee\\\/ru\\\/product\\\/naiste-termopesu-luhikeste-varrukatega-32001bz-s-4xl\\\/#breadcrumb\",\"itemListElement\":[{\"@type\":\"ListItem\",\"position\":1,\"name\":\"Home\",\"item\":\"https:\\\/\\\/pidzaama.ee\\\/ru\\\/esileht\\\/\"},{\"@type\":\"ListItem\",\"position\":2,\"name\":\"\u041e \u041d\u0410\u0421\",\"item\":\"https:\\\/\\\/pidzaama.ee\\\/ru\\\/o-nas\\\/\"},{\"@type\":\"ListItem\",\"position\":3,\"name\":\"Naiste termopesu l\u00fchikeste varrukatega 32001Bz S-4XL\"}]},{\"@type\":\"WebSite\",\"@id\":\"https:\\\/\\\/pidzaama.ee\\\/ru\\\/#website\",\"url\":\"https:\\\/\\\/pidzaama.ee\\\/ru\\\/\",\"name\":\"Pidzaama House\",\"description\":\"T\u00e4iendame pidevalt meie sortimendi ning suurusi!\",\"potentialAction\":[{\"@type\":\"SearchAction\",\"target\":{\"@type\":\"EntryPoint\",\"urlTemplate\":\"https:\\\/\\\/pidzaama.ee\\\/ru\\\/?s={search_term_string}\"},\"query-input\":{\"@type\":\"PropertyValueSpecification\",\"valueRequired\":true,\"valueName\":\"search_term_string\"}}],\"inLanguage\":\"ru-RU\"}]}<\/script>\n<!-- \/ Yoast SEO plugin. -->","yoast_head_json":{"title":"Naiste termopesu l\u00fchikeste varrukatega 32001Bz S-4XL - Pidzaama House","robots":{"index":"index","follow":"follow","max-snippet":"max-snippet:-1","max-image-preview":"max-image-preview:large","max-video-preview":"max-video-preview:-1"},"canonical":"https:\/\/pidzaama.ee\/ru\/product\/naiste-termopesu-luhikeste-varrukatega-32001bz-s-4xl\/","og_locale":"ru_RU","og_type":"article","og_title":"Naiste termopesu l\u00fchikeste varrukatega 32001Bz S-4XL - Pidzaama House","og_description":"Pakume oma L\u00e4ti kaubam\u00e4rki TIMILJA Termiline voodipesu. L\u00fchikeste varrukatega pluus. Koostis: vill 47%, puuvill 13%, elastaan \u200b\u200b20%, viskoos 20% Pesu: 30\u00b0C Ainult \u00fclemine osa!!!! \u00d5huke siidine, soe, meeldiv puudutada, hingav kangas, meeldiv kehale. V\u00e4rv: bee\u017e S-4XL Veikals-Noliktav\u0101 : R\u012bga Kleistu iela 9. Naktst\u0113rpu Bazars. Toote v\u00e4rv v\u00f5ib erineda fotol kujutatust. Palun lugege hoolikalt suurustabelit","og_url":"https:\/\/pidzaama.ee\/ru\/product\/naiste-termopesu-luhikeste-varrukatega-32001bz-s-4xl\/","og_site_name":"Pidzaama House","article_modified_time":"2024-09-27T08:04:46+00:00","og_image":[{"width":975,"height":1300,"url":"https:\/\/pidzaama.ee\/wp-content\/uploads\/2024\/08\/Photoroom-32001Bz-2.png","type":"image\/png"}],"twitter_card":"summary_large_image","twitter_misc":{"\u041f\u0440\u0438\u043c\u0435\u0440\u043d\u043e\u0435 \u0432\u0440\u0435\u043c\u044f \u0434\u043b\u044f \u0447\u0442\u0435\u043d\u0438\u044f":"1 \u043c\u0438\u043d\u0443\u0442\u0430"},"schema":{"@context":"https:\/\/schema.org","@graph":[{"@type":"WebPage","@id":"https:\/\/pidzaama.ee\/ru\/product\/naiste-termopesu-luhikeste-varrukatega-32001bz-s-4xl\/","url":"https:\/\/pidzaama.ee\/ru\/product\/naiste-termopesu-luhikeste-varrukatega-32001bz-s-4xl\/","name":"Naiste termopesu l\u00fchikeste varrukatega 32001Bz S-4XL - Pidzaama House","isPartOf":{"@id":"https:\/\/pidzaama.ee\/ru\/#website"},"primaryImageOfPage":{"@id":"https:\/\/pidzaama.ee\/ru\/product\/naiste-termopesu-luhikeste-varrukatega-32001bz-s-4xl\/#primaryimage"},"image":{"@id":"https:\/\/pidzaama.ee\/ru\/product\/naiste-termopesu-luhikeste-varrukatega-32001bz-s-4xl\/#primaryimage"},"thumbnailUrl":"https:\/\/pidzaama.ee\/wp-content\/uploads\/2024\/08\/Photoroom-32001Bz-2.png","datePublished":"2024-08-28T13:04:55+00:00","dateModified":"2024-09-27T08:04:46+00:00","breadcrumb":{"@id":"https:\/\/pidzaama.ee\/ru\/product\/naiste-termopesu-luhikeste-varrukatega-32001bz-s-4xl\/#breadcrumb"},"inLanguage":"ru-RU","potentialAction":[{"@type":"ReadAction","target":["https:\/\/pidzaama.ee\/ru\/product\/naiste-termopesu-luhikeste-varrukatega-32001bz-s-4xl\/"]}]},{"@type":"ImageObject","inLanguage":"ru-RU","@id":"https:\/\/pidzaama.ee\/ru\/product\/naiste-termopesu-luhikeste-varrukatega-32001bz-s-4xl\/#primaryimage","url":"https:\/\/pidzaama.ee\/wp-content\/uploads\/2024\/08\/Photoroom-32001Bz-2.png","contentUrl":"https:\/\/pidzaama.ee\/wp-content\/uploads\/2024\/08\/Photoroom-32001Bz-2.png","width":975,"height":1300},{"@type":"BreadcrumbList","@id":"https:\/\/pidzaama.ee\/ru\/product\/naiste-termopesu-luhikeste-varrukatega-32001bz-s-4xl\/#breadcrumb","itemListElement":[{"@type":"ListItem","position":1,"name":"Home","item":"https:\/\/pidzaama.ee\/ru\/esileht\/"},{"@type":"ListItem","position":2,"name":"\u041e \u041d\u0410\u0421","item":"https:\/\/pidzaama.ee\/ru\/o-nas\/"},{"@type":"ListItem","position":3,"name":"Naiste termopesu l\u00fchikeste varrukatega 32001Bz S-4XL"}]},{"@type":"WebSite","@id":"https:\/\/pidzaama.ee\/ru\/#website","url":"https:\/\/pidzaama.ee\/ru\/","name":"Pidzaama House","description":"T\u00e4iendame pidevalt meie sortimendi ning suurusi!","potentialAction":[{"@type":"SearchAction","target":{"@type":"EntryPoint","urlTemplate":"https:\/\/pidzaama.ee\/ru\/?s={search_term_string}"},"query-input":{"@type":"PropertyValueSpecification","valueRequired":true,"valueName":"search_term_string"}}],"inLanguage":"ru-RU"}]}},"_links":{"self":[{"href":"https:\/\/pidzaama.ee\/ru\/wp-json\/wp\/v2\/product\/15121","targetHints":{"allow":["GET"]}}],"collection":[{"href":"https:\/\/pidzaama.ee\/ru\/wp-json\/wp\/v2\/product"}],"about":[{"href":"https:\/\/pidzaama.ee\/ru\/wp-json\/wp\/v2\/types\/product"}],"wp:featuredmedia":[{"embeddable":true,"href":"https:\/\/pidzaama.ee\/ru\/wp-json\/wp\/v2\/media\/15395"}],"wp:attachment":[{"href":"https:\/\/pidzaama.ee\/ru\/wp-json\/wp\/v2\/media?parent=15121"}],"wp:term":[{"taxonomy":"product_brand","embeddable":true,"href":"https:\/\/pidzaama.ee\/ru\/wp-json\/wp\/v2\/product_brand?post=15121"},{"taxonomy":"product_cat","embeddable":true,"href":"https:\/\/pidzaama.ee\/ru\/wp-json\/wp\/v2\/product_cat?post=15121"},{"taxonomy":"product_tag","embeddable":true,"href":"https:\/\/pidzaama.ee\/ru\/wp-json\/wp\/v2\/product_tag?post=15121"}],"curies":[{"name":"wp","href":"https:\/\/api.w.org\/{rel}","templated":true}]}}