{"id":1602,"date":"2020-10-06T16:33:36","date_gmt":"2020-10-06T16:33:36","guid":{"rendered":"https:\/\/pidzaama-ee.vserver.zonevs.eu\/?product=%d0%b6%d0%b5%d0%bd%d1%81%d0%ba%d0%b0%d1%8f-%d0%bf%d0%b8%d0%b6%d0%b0%d0%bc%d0%b0-81535b"},"modified":"2024-08-09T12:35:50","modified_gmt":"2024-08-09T12:35:50","slug":"%d0%b6%d0%b5%d0%bd%d1%81%d0%ba%d0%b0%d1%8f-%d0%bf%d0%b8%d0%b6%d0%b0%d0%bc%d0%b0-81535b","status":"publish","type":"product","link":"https:\/\/pidzaama.ee\/ru\/product\/%d0%b6%d0%b5%d0%bd%d1%81%d0%ba%d0%b0%d1%8f-%d0%bf%d0%b8%d0%b6%d0%b0%d0%bc%d0%b0-81535b\/","title":{"rendered":"\u0416\u0435\u043d\u0441\u043a\u0430\u044f \u043f\u0438\u0436\u0430\u043c\u0430 81535B"},"content":{"rendered":"<p class=\"MsoNormal\" style=\"box-sizing: inherit; margin-bottom: 1rem;\"><span style=\"color: #777777; font-size: 15px; font-family: Times New Roman;\"><span style=\"font-size: 18px;\">\u0421\u043e\u0441\u0442\u0430\u0432:\u00a0<\/span><\/span><span style=\"color: #777777; font-family: Times New Roman;\"><span style=\"font-size: 18px;\">50% \u0445\u043b\u043e\u043f\u043e\u043a , 50% \u0432\u0438\u0441\u043a\u043e\u0437\u0430<\/span><\/span><\/p>\n<p class=\"MsoNormal\" style=\"box-sizing: inherit; margin-bottom: 1rem;\"><span style=\"color: #777777; font-family: Times New Roman;\"><span style=\"font-size: 18px;\">\u0422\u043e\u043d\u043a\u0430\u044f, \u043f\u0440\u0438\u044f\u0442\u043d\u0430\u044f \u043d\u0430 \u043e\u0449\u0443\u043f\u044c, &#171;\u0434\u044b\u0448\u0430\u0449\u0430\u044f&#187; \u0442\u043a\u0430\u043d\u044c<\/span><\/span><span style=\"font-family: Times New Roman;\"><span style=\"color: #777777;\"><span style=\"font-size: 18px;\">.<\/span><\/span><\/span><\/p>\n<p class=\"MsoNormal\" style=\"box-sizing: inherit; margin-bottom: 1rem;\"><span style=\"color: #777777; font-family: Times New Roman;\"><span style=\"font-size: 18px;\"><b>S-2XL<\/b><\/span><\/span><\/p>\n<p class=\"MsoNormal\" style=\"box-sizing: inherit; margin-bottom: 1rem; color: #777777; font-size: 15px; line-height: normal;\"><span style=\"box-sizing: inherit; font-size: 18px;\"><span style=\"font-family: Times New Roman;\">\u0426\u0432\u0435\u0442 \u0442\u043e\u0432\u0430\u0440\u0430 \u043c\u043e\u0436\u0435\u0442 \u043e\u0442\u043b\u0438\u0447\u0430\u0442\u044c\u0441\u044f \u043e\u0442 \u0446\u0432\u0435\u0442\u0430 \u043d\u0430 \u0444\u043e\u0442\u043e\u0433\u0440\u0430\u0444\u0438\u0438<\/span><\/span><\/p>\n<p class=\"MsoNormal\" style=\"box-sizing: inherit; margin-bottom: 1rem; line-height: normal;\"><span style=\"box-sizing: inherit;\"><span style=\"color: #777777; font-family: Times New Roman;\"><span style=\"font-size: 18px;\">\u0412\u043d\u0438\u043c\u0430\u0442\u0435\u043b\u044c\u043d\u043e \u0438\u0437\u0443\u0447\u0438\u0442\u0435 \u0442\u0430\u0431\u043b\u0438\u0446\u0443 \u0440\u0430\u0437\u043c\u0435\u0440\u043e\u0432<\/span><\/span><br \/>\n<\/span><\/p>\n<table width=\"604\">\n<tbody>\n<tr>\n<td width=\"151\"><\/td>\n<td width=\"151\">Rinna\u00fcmberm\u00f5\u00f5t<\/td>\n<td width=\"151\">Puusa\u00fcmberm\u00f5\u00f5t<\/td>\n<td width=\"151\">P\u00fckste pikkus<\/td>\n<\/tr>\n<tr>\n<td><\/td>\n<td>\u041e\u0431\u044a\u0435\u043c \u0433\u0440\u0443\u0434\u0438<\/td>\n<td>\u041e\u0431\u044a\u0435\u043c \u0431\u0435\u0434\u0435\u0440<\/td>\n<td>\u0414\u043b\u0438\u043d\u0430 \u0448\u0442\u0430\u043d\u043e\u0432<\/td>\n<\/tr>\n<tr>\n<td><\/td>\n<td>Chest<\/td>\n<td>Hips<\/td>\n<td>Outside leg<\/td>\n<\/tr>\n<tr>\n<td>S<\/td>\n<td width=\"151\">88<\/td>\n<td>102<\/td>\n<td>94<\/td>\n<\/tr>\n<tr>\n<td>M<\/td>\n<td width=\"151\">90<\/td>\n<td>104<\/td>\n<td>96<\/td>\n<\/tr>\n<tr>\n<td>L<\/td>\n<td>92<\/td>\n<td>106<\/td>\n<td>101<\/td>\n<\/tr>\n<tr>\n<td>XL<\/td>\n<td>98<\/td>\n<td>108<\/td>\n<td>103<\/td>\n<\/tr>\n<tr>\n<td>2XL<\/td>\n<td>100<\/td>\n<td>112<\/td>\n<td>105<\/td>\n<\/tr>\n<\/tbody>\n<\/table>\n","protected":false},"excerpt":{"rendered":"<p>\u0421\u043e\u0441\u0442\u0430\u0432:\u00a050% \u0445\u043b\u043e\u043f\u043e\u043a , 50% \u0432\u0438\u0441\u043a\u043e\u0437\u0430 \u0422\u043e\u043d\u043a\u0430\u044f, \u043f\u0440\u0438\u044f\u0442\u043d\u0430\u044f \u043d\u0430 \u043e\u0449\u0443\u043f\u044c, &#171;\u0434\u044b\u0448\u0430\u0449\u0430\u044f&#187; \u0442\u043a\u0430\u043d\u044c. S-2XL \u0426\u0432\u0435\u0442 \u0442\u043e\u0432\u0430\u0440\u0430 \u043c\u043e\u0436\u0435\u0442 \u043e\u0442\u043b\u0438\u0447\u0430\u0442\u044c\u0441\u044f \u043e\u0442 \u0446\u0432\u0435\u0442\u0430 \u043d\u0430 \u0444\u043e\u0442\u043e\u0433\u0440\u0430\u0444\u0438\u0438 \u0412\u043d\u0438\u043c\u0430\u0442\u0435\u043b\u044c\u043d\u043e \u0438\u0437\u0443\u0447\u0438\u0442\u0435 \u0442\u0430\u0431\u043b\u0438\u0446\u0443 \u0440\u0430\u0437\u043c\u0435\u0440\u043e\u0432 Rinna\u00fcmberm\u00f5\u00f5t Puusa\u00fcmberm\u00f5\u00f5t P\u00fckste pikkus \u041e\u0431\u044a\u0435\u043c \u0433\u0440\u0443\u0434\u0438 \u041e\u0431\u044a\u0435\u043c \u0431\u0435\u0434\u0435\u0440 \u0414\u043b\u0438\u043d\u0430 \u0448\u0442\u0430\u043d\u043e\u0432 Chest Hips Outside leg S 88 102 94 M 90 104 96 L 92 106 101 XL 98 108 103 2XL [&hellip;]<\/p>\n","protected":false},"featured_media":1594,"template":"","meta":[],"product_brand":[],"product_cat":[81,93,83,107],"product_tag":[],"class_list":{"0":"post-1602","1":"product","2":"type-product","3":"status-publish","4":"has-post-thumbnail","6":"product_cat-81","7":"product_cat-93","8":"product_cat-83","9":"product_cat-107","11":"first","12":"outofstock","13":"taxable","14":"shipping-taxable","15":"product-type-variable"},"yoast_head":"<!-- This site is optimized with the Yoast SEO plugin v27.3 - https:\/\/yoast.com\/product\/yoast-seo-wordpress\/ -->\n<title>\u0416\u0435\u043d\u0441\u043a\u0430\u044f \u043f\u0438\u0436\u0430\u043c\u0430 81535B<\/title>\n<meta name=\"description\" content=\"\u0421\u043e\u0441\u0442\u0430\u0432:\u00a050% \u0445\u043b\u043e\u043f\u043e\u043a , 50% \u0432\u0438\u0441\u043a\u043e\u0437\u0430. \u0422\u043e\u043d\u043a\u0430\u044f, \u043f\u0440\u0438\u044f\u0442\u043d\u0430\u044f \u043d\u0430 \u043e\u0449\u0443\u043f\u044c, &quot;\u0434\u044b\u0448\u0430\u0449\u0430\u044f&quot; \u0442\u043a\u0430\u043d\u044c. S-2XL. \u0426\u0432\u0435\u0442 \u0442\u043e\u0432\u0430\u0440\u0430 \u043c\u043e\u0436\u0435\u0442 \u043e\u0442\u043b\u0438\u0447\u0430\u0442\u044c\u0441\u044f \u043e\u0442 \u0446\u0432\u0435\u0442\u0430 \u043d\u0430 \u0444\u043e\u0442\u043e\u0433\u0440\u0430\u0444\u0438\u0438.\" \/>\n<meta name=\"robots\" content=\"index, follow, max-snippet:-1, max-image-preview:large, max-video-preview:-1\" \/>\n<link rel=\"canonical\" href=\"https:\/\/pidzaama.ee\/ru\/product\/%d0%b6%d0%b5%d0%bd%d1%81%d0%ba%d0%b0%d1%8f-%d0%bf%d0%b8%d0%b6%d0%b0%d0%bc%d0%b0-81535b\/\" \/>\n<meta property=\"og:locale\" content=\"ru_RU\" \/>\n<meta property=\"og:type\" content=\"article\" \/>\n<meta property=\"og:title\" content=\"\u0416\u0435\u043d\u0441\u043a\u0430\u044f \u043f\u0438\u0436\u0430\u043c\u0430 81535B\" \/>\n<meta property=\"og:description\" content=\"\u0421\u043e\u0441\u0442\u0430\u0432:\u00a050% \u0445\u043b\u043e\u043f\u043e\u043a , 50% \u0432\u0438\u0441\u043a\u043e\u0437\u0430. \u0422\u043e\u043d\u043a\u0430\u044f, \u043f\u0440\u0438\u044f\u0442\u043d\u0430\u044f \u043d\u0430 \u043e\u0449\u0443\u043f\u044c, &quot;\u0434\u044b\u0448\u0430\u0449\u0430\u044f&quot; \u0442\u043a\u0430\u043d\u044c. S-2XL. \u0426\u0432\u0435\u0442 \u0442\u043e\u0432\u0430\u0440\u0430 \u043c\u043e\u0436\u0435\u0442 \u043e\u0442\u043b\u0438\u0447\u0430\u0442\u044c\u0441\u044f \u043e\u0442 \u0446\u0432\u0435\u0442\u0430 \u043d\u0430 \u0444\u043e\u0442\u043e\u0433\u0440\u0430\u0444\u0438\u0438.\" \/>\n<meta property=\"og:url\" content=\"https:\/\/pidzaama.ee\/ru\/product\/%d0%b6%d0%b5%d0%bd%d1%81%d0%ba%d0%b0%d1%8f-%d0%bf%d0%b8%d0%b6%d0%b0%d0%bc%d0%b0-81535b\/\" \/>\n<meta property=\"og:site_name\" content=\"Pidzaama House\" \/>\n<meta property=\"article:modified_time\" content=\"2024-08-09T12:35:50+00:00\" \/>\n<meta property=\"og:image\" content=\"https:\/\/pidzaama.ee\/wp-content\/uploads\/2021\/05\/81535B.jpg\" \/>\n\t<meta property=\"og:image:width\" content=\"1200\" \/>\n\t<meta property=\"og:image:height\" content=\"1600\" \/>\n\t<meta property=\"og:image:type\" content=\"image\/jpeg\" \/>\n<meta name=\"twitter:card\" content=\"summary_large_image\" \/>\n<meta name=\"twitter:label1\" content=\"\u041f\u0440\u0438\u043c\u0435\u0440\u043d\u043e\u0435 \u0432\u0440\u0435\u043c\u044f \u0434\u043b\u044f \u0447\u0442\u0435\u043d\u0438\u044f\" \/>\n\t<meta name=\"twitter:data1\" content=\"1 \u043c\u0438\u043d\u0443\u0442\u0430\" \/>\n<script type=\"application\/ld+json\" class=\"yoast-schema-graph\">{\"@context\":\"https:\\\/\\\/schema.org\",\"@graph\":[{\"@type\":\"WebPage\",\"@id\":\"https:\\\/\\\/pidzaama.ee\\\/ru\\\/product\\\/%d0%b6%d0%b5%d0%bd%d1%81%d0%ba%d0%b0%d1%8f-%d0%bf%d0%b8%d0%b6%d0%b0%d0%bc%d0%b0-81535b\\\/\",\"url\":\"https:\\\/\\\/pidzaama.ee\\\/ru\\\/product\\\/%d0%b6%d0%b5%d0%bd%d1%81%d0%ba%d0%b0%d1%8f-%d0%bf%d0%b8%d0%b6%d0%b0%d0%bc%d0%b0-81535b\\\/\",\"name\":\"\u0416\u0435\u043d\u0441\u043a\u0430\u044f \u043f\u0438\u0436\u0430\u043c\u0430 81535B\",\"isPartOf\":{\"@id\":\"https:\\\/\\\/pidzaama.ee\\\/ru\\\/#website\"},\"primaryImageOfPage\":{\"@id\":\"https:\\\/\\\/pidzaama.ee\\\/ru\\\/product\\\/%d0%b6%d0%b5%d0%bd%d1%81%d0%ba%d0%b0%d1%8f-%d0%bf%d0%b8%d0%b6%d0%b0%d0%bc%d0%b0-81535b\\\/#primaryimage\"},\"image\":{\"@id\":\"https:\\\/\\\/pidzaama.ee\\\/ru\\\/product\\\/%d0%b6%d0%b5%d0%bd%d1%81%d0%ba%d0%b0%d1%8f-%d0%bf%d0%b8%d0%b6%d0%b0%d0%bc%d0%b0-81535b\\\/#primaryimage\"},\"thumbnailUrl\":\"https:\\\/\\\/pidzaama.ee\\\/wp-content\\\/uploads\\\/2021\\\/05\\\/81535B.jpg\",\"datePublished\":\"2020-10-06T16:33:36+00:00\",\"dateModified\":\"2024-08-09T12:35:50+00:00\",\"description\":\"\u0421\u043e\u0441\u0442\u0430\u0432:\u00a050% \u0445\u043b\u043e\u043f\u043e\u043a , 50% \u0432\u0438\u0441\u043a\u043e\u0437\u0430. \u0422\u043e\u043d\u043a\u0430\u044f, \u043f\u0440\u0438\u044f\u0442\u043d\u0430\u044f \u043d\u0430 \u043e\u0449\u0443\u043f\u044c, \\\"\u0434\u044b\u0448\u0430\u0449\u0430\u044f\\\" \u0442\u043a\u0430\u043d\u044c. S-2XL. \u0426\u0432\u0435\u0442 \u0442\u043e\u0432\u0430\u0440\u0430 \u043c\u043e\u0436\u0435\u0442 \u043e\u0442\u043b\u0438\u0447\u0430\u0442\u044c\u0441\u044f \u043e\u0442 \u0446\u0432\u0435\u0442\u0430 \u043d\u0430 \u0444\u043e\u0442\u043e\u0433\u0440\u0430\u0444\u0438\u0438.\",\"breadcrumb\":{\"@id\":\"https:\\\/\\\/pidzaama.ee\\\/ru\\\/product\\\/%d0%b6%d0%b5%d0%bd%d1%81%d0%ba%d0%b0%d1%8f-%d0%bf%d0%b8%d0%b6%d0%b0%d0%bc%d0%b0-81535b\\\/#breadcrumb\"},\"inLanguage\":\"ru-RU\",\"potentialAction\":[{\"@type\":\"ReadAction\",\"target\":[\"https:\\\/\\\/pidzaama.ee\\\/ru\\\/product\\\/%d0%b6%d0%b5%d0%bd%d1%81%d0%ba%d0%b0%d1%8f-%d0%bf%d0%b8%d0%b6%d0%b0%d0%bc%d0%b0-81535b\\\/\"]}]},{\"@type\":\"ImageObject\",\"inLanguage\":\"ru-RU\",\"@id\":\"https:\\\/\\\/pidzaama.ee\\\/ru\\\/product\\\/%d0%b6%d0%b5%d0%bd%d1%81%d0%ba%d0%b0%d1%8f-%d0%bf%d0%b8%d0%b6%d0%b0%d0%bc%d0%b0-81535b\\\/#primaryimage\",\"url\":\"https:\\\/\\\/pidzaama.ee\\\/wp-content\\\/uploads\\\/2021\\\/05\\\/81535B.jpg\",\"contentUrl\":\"https:\\\/\\\/pidzaama.ee\\\/wp-content\\\/uploads\\\/2021\\\/05\\\/81535B.jpg\",\"width\":1200,\"height\":1600},{\"@type\":\"BreadcrumbList\",\"@id\":\"https:\\\/\\\/pidzaama.ee\\\/ru\\\/product\\\/%d0%b6%d0%b5%d0%bd%d1%81%d0%ba%d0%b0%d1%8f-%d0%bf%d0%b8%d0%b6%d0%b0%d0%bc%d0%b0-81535b\\\/#breadcrumb\",\"itemListElement\":[{\"@type\":\"ListItem\",\"position\":1,\"name\":\"Home\",\"item\":\"https:\\\/\\\/pidzaama.ee\\\/ru\\\/esileht\\\/\"},{\"@type\":\"ListItem\",\"position\":2,\"name\":\"\u041e \u041d\u0410\u0421\",\"item\":\"https:\\\/\\\/pidzaama.ee\\\/ru\\\/o-nas\\\/\"},{\"@type\":\"ListItem\",\"position\":3,\"name\":\"\u0416\u0435\u043d\u0441\u043a\u0430\u044f \u043f\u0438\u0436\u0430\u043c\u0430 81535B\"}]},{\"@type\":\"WebSite\",\"@id\":\"https:\\\/\\\/pidzaama.ee\\\/ru\\\/#website\",\"url\":\"https:\\\/\\\/pidzaama.ee\\\/ru\\\/\",\"name\":\"Pidzaama House\",\"description\":\"T\u00e4iendame pidevalt meie sortimendi ning suurusi!\",\"potentialAction\":[{\"@type\":\"SearchAction\",\"target\":{\"@type\":\"EntryPoint\",\"urlTemplate\":\"https:\\\/\\\/pidzaama.ee\\\/ru\\\/?s={search_term_string}\"},\"query-input\":{\"@type\":\"PropertyValueSpecification\",\"valueRequired\":true,\"valueName\":\"search_term_string\"}}],\"inLanguage\":\"ru-RU\"}]}<\/script>\n<!-- \/ Yoast SEO plugin. -->","yoast_head_json":{"title":"\u0416\u0435\u043d\u0441\u043a\u0430\u044f \u043f\u0438\u0436\u0430\u043c\u0430 81535B","description":"\u0421\u043e\u0441\u0442\u0430\u0432:\u00a050% \u0445\u043b\u043e\u043f\u043e\u043a , 50% \u0432\u0438\u0441\u043a\u043e\u0437\u0430. \u0422\u043e\u043d\u043a\u0430\u044f, \u043f\u0440\u0438\u044f\u0442\u043d\u0430\u044f \u043d\u0430 \u043e\u0449\u0443\u043f\u044c, \"\u0434\u044b\u0448\u0430\u0449\u0430\u044f\" \u0442\u043a\u0430\u043d\u044c. S-2XL. \u0426\u0432\u0435\u0442 \u0442\u043e\u0432\u0430\u0440\u0430 \u043c\u043e\u0436\u0435\u0442 \u043e\u0442\u043b\u0438\u0447\u0430\u0442\u044c\u0441\u044f \u043e\u0442 \u0446\u0432\u0435\u0442\u0430 \u043d\u0430 \u0444\u043e\u0442\u043e\u0433\u0440\u0430\u0444\u0438\u0438.","robots":{"index":"index","follow":"follow","max-snippet":"max-snippet:-1","max-image-preview":"max-image-preview:large","max-video-preview":"max-video-preview:-1"},"canonical":"https:\/\/pidzaama.ee\/ru\/product\/%d0%b6%d0%b5%d0%bd%d1%81%d0%ba%d0%b0%d1%8f-%d0%bf%d0%b8%d0%b6%d0%b0%d0%bc%d0%b0-81535b\/","og_locale":"ru_RU","og_type":"article","og_title":"\u0416\u0435\u043d\u0441\u043a\u0430\u044f \u043f\u0438\u0436\u0430\u043c\u0430 81535B","og_description":"\u0421\u043e\u0441\u0442\u0430\u0432:\u00a050% \u0445\u043b\u043e\u043f\u043e\u043a , 50% \u0432\u0438\u0441\u043a\u043e\u0437\u0430. \u0422\u043e\u043d\u043a\u0430\u044f, \u043f\u0440\u0438\u044f\u0442\u043d\u0430\u044f \u043d\u0430 \u043e\u0449\u0443\u043f\u044c, \"\u0434\u044b\u0448\u0430\u0449\u0430\u044f\" \u0442\u043a\u0430\u043d\u044c. S-2XL. \u0426\u0432\u0435\u0442 \u0442\u043e\u0432\u0430\u0440\u0430 \u043c\u043e\u0436\u0435\u0442 \u043e\u0442\u043b\u0438\u0447\u0430\u0442\u044c\u0441\u044f \u043e\u0442 \u0446\u0432\u0435\u0442\u0430 \u043d\u0430 \u0444\u043e\u0442\u043e\u0433\u0440\u0430\u0444\u0438\u0438.","og_url":"https:\/\/pidzaama.ee\/ru\/product\/%d0%b6%d0%b5%d0%bd%d1%81%d0%ba%d0%b0%d1%8f-%d0%bf%d0%b8%d0%b6%d0%b0%d0%bc%d0%b0-81535b\/","og_site_name":"Pidzaama House","article_modified_time":"2024-08-09T12:35:50+00:00","og_image":[{"width":1200,"height":1600,"url":"https:\/\/pidzaama.ee\/wp-content\/uploads\/2021\/05\/81535B.jpg","type":"image\/jpeg"}],"twitter_card":"summary_large_image","twitter_misc":{"\u041f\u0440\u0438\u043c\u0435\u0440\u043d\u043e\u0435 \u0432\u0440\u0435\u043c\u044f \u0434\u043b\u044f \u0447\u0442\u0435\u043d\u0438\u044f":"1 \u043c\u0438\u043d\u0443\u0442\u0430"},"schema":{"@context":"https:\/\/schema.org","@graph":[{"@type":"WebPage","@id":"https:\/\/pidzaama.ee\/ru\/product\/%d0%b6%d0%b5%d0%bd%d1%81%d0%ba%d0%b0%d1%8f-%d0%bf%d0%b8%d0%b6%d0%b0%d0%bc%d0%b0-81535b\/","url":"https:\/\/pidzaama.ee\/ru\/product\/%d0%b6%d0%b5%d0%bd%d1%81%d0%ba%d0%b0%d1%8f-%d0%bf%d0%b8%d0%b6%d0%b0%d0%bc%d0%b0-81535b\/","name":"\u0416\u0435\u043d\u0441\u043a\u0430\u044f \u043f\u0438\u0436\u0430\u043c\u0430 81535B","isPartOf":{"@id":"https:\/\/pidzaama.ee\/ru\/#website"},"primaryImageOfPage":{"@id":"https:\/\/pidzaama.ee\/ru\/product\/%d0%b6%d0%b5%d0%bd%d1%81%d0%ba%d0%b0%d1%8f-%d0%bf%d0%b8%d0%b6%d0%b0%d0%bc%d0%b0-81535b\/#primaryimage"},"image":{"@id":"https:\/\/pidzaama.ee\/ru\/product\/%d0%b6%d0%b5%d0%bd%d1%81%d0%ba%d0%b0%d1%8f-%d0%bf%d0%b8%d0%b6%d0%b0%d0%bc%d0%b0-81535b\/#primaryimage"},"thumbnailUrl":"https:\/\/pidzaama.ee\/wp-content\/uploads\/2021\/05\/81535B.jpg","datePublished":"2020-10-06T16:33:36+00:00","dateModified":"2024-08-09T12:35:50+00:00","description":"\u0421\u043e\u0441\u0442\u0430\u0432:\u00a050% \u0445\u043b\u043e\u043f\u043e\u043a , 50% \u0432\u0438\u0441\u043a\u043e\u0437\u0430. \u0422\u043e\u043d\u043a\u0430\u044f, \u043f\u0440\u0438\u044f\u0442\u043d\u0430\u044f \u043d\u0430 \u043e\u0449\u0443\u043f\u044c, \"\u0434\u044b\u0448\u0430\u0449\u0430\u044f\" \u0442\u043a\u0430\u043d\u044c. S-2XL. \u0426\u0432\u0435\u0442 \u0442\u043e\u0432\u0430\u0440\u0430 \u043c\u043e\u0436\u0435\u0442 \u043e\u0442\u043b\u0438\u0447\u0430\u0442\u044c\u0441\u044f \u043e\u0442 \u0446\u0432\u0435\u0442\u0430 \u043d\u0430 \u0444\u043e\u0442\u043e\u0433\u0440\u0430\u0444\u0438\u0438.","breadcrumb":{"@id":"https:\/\/pidzaama.ee\/ru\/product\/%d0%b6%d0%b5%d0%bd%d1%81%d0%ba%d0%b0%d1%8f-%d0%bf%d0%b8%d0%b6%d0%b0%d0%bc%d0%b0-81535b\/#breadcrumb"},"inLanguage":"ru-RU","potentialAction":[{"@type":"ReadAction","target":["https:\/\/pidzaama.ee\/ru\/product\/%d0%b6%d0%b5%d0%bd%d1%81%d0%ba%d0%b0%d1%8f-%d0%bf%d0%b8%d0%b6%d0%b0%d0%bc%d0%b0-81535b\/"]}]},{"@type":"ImageObject","inLanguage":"ru-RU","@id":"https:\/\/pidzaama.ee\/ru\/product\/%d0%b6%d0%b5%d0%bd%d1%81%d0%ba%d0%b0%d1%8f-%d0%bf%d0%b8%d0%b6%d0%b0%d0%bc%d0%b0-81535b\/#primaryimage","url":"https:\/\/pidzaama.ee\/wp-content\/uploads\/2021\/05\/81535B.jpg","contentUrl":"https:\/\/pidzaama.ee\/wp-content\/uploads\/2021\/05\/81535B.jpg","width":1200,"height":1600},{"@type":"BreadcrumbList","@id":"https:\/\/pidzaama.ee\/ru\/product\/%d0%b6%d0%b5%d0%bd%d1%81%d0%ba%d0%b0%d1%8f-%d0%bf%d0%b8%d0%b6%d0%b0%d0%bc%d0%b0-81535b\/#breadcrumb","itemListElement":[{"@type":"ListItem","position":1,"name":"Home","item":"https:\/\/pidzaama.ee\/ru\/esileht\/"},{"@type":"ListItem","position":2,"name":"\u041e \u041d\u0410\u0421","item":"https:\/\/pidzaama.ee\/ru\/o-nas\/"},{"@type":"ListItem","position":3,"name":"\u0416\u0435\u043d\u0441\u043a\u0430\u044f \u043f\u0438\u0436\u0430\u043c\u0430 81535B"}]},{"@type":"WebSite","@id":"https:\/\/pidzaama.ee\/ru\/#website","url":"https:\/\/pidzaama.ee\/ru\/","name":"Pidzaama House","description":"T\u00e4iendame pidevalt meie sortimendi ning suurusi!","potentialAction":[{"@type":"SearchAction","target":{"@type":"EntryPoint","urlTemplate":"https:\/\/pidzaama.ee\/ru\/?s={search_term_string}"},"query-input":{"@type":"PropertyValueSpecification","valueRequired":true,"valueName":"search_term_string"}}],"inLanguage":"ru-RU"}]}},"_links":{"self":[{"href":"https:\/\/pidzaama.ee\/ru\/wp-json\/wp\/v2\/product\/1602","targetHints":{"allow":["GET"]}}],"collection":[{"href":"https:\/\/pidzaama.ee\/ru\/wp-json\/wp\/v2\/product"}],"about":[{"href":"https:\/\/pidzaama.ee\/ru\/wp-json\/wp\/v2\/types\/product"}],"wp:featuredmedia":[{"embeddable":true,"href":"https:\/\/pidzaama.ee\/ru\/wp-json\/wp\/v2\/media\/1594"}],"wp:attachment":[{"href":"https:\/\/pidzaama.ee\/ru\/wp-json\/wp\/v2\/media?parent=1602"}],"wp:term":[{"taxonomy":"product_brand","embeddable":true,"href":"https:\/\/pidzaama.ee\/ru\/wp-json\/wp\/v2\/product_brand?post=1602"},{"taxonomy":"product_cat","embeddable":true,"href":"https:\/\/pidzaama.ee\/ru\/wp-json\/wp\/v2\/product_cat?post=1602"},{"taxonomy":"product_tag","embeddable":true,"href":"https:\/\/pidzaama.ee\/ru\/wp-json\/wp\/v2\/product_tag?post=1602"}],"curies":[{"name":"wp","href":"https:\/\/api.w.org\/{rel}","templated":true}]}}