{"id":17700,"date":"2025-03-19T10:02:39","date_gmt":"2025-03-19T10:02:40","guid":{"rendered":"https:\/\/pidzaama.ee\/?post_type=product&#038;p=17700"},"modified":"2025-03-19T10:15:53","modified_gmt":"2025-03-19T10:15:53","slug":"%d0%bc%d1%83%d0%b6%d1%81%d0%ba%d0%b8%d0%b5-%d0%bf%d0%b8%d0%b6%d0%b0%d0%bc%d0%bd%d1%8b%d0%b5-%d1%88%d1%82%d0%b0%d0%bd%d1%8b-082d","status":"publish","type":"product","link":"https:\/\/pidzaama.ee\/ru\/product\/%d0%bc%d1%83%d0%b6%d1%81%d0%ba%d0%b8%d0%b5-%d0%bf%d0%b8%d0%b6%d0%b0%d0%bc%d0%bd%d1%8b%d0%b5-%d1%88%d1%82%d0%b0%d0%bd%d1%8b-082d\/","title":{"rendered":"\u041c\u0443\u0436\u0441\u043a\u0438\u0435 \u043f\u0438\u0436\u0430\u043c\u043d\u044b\u0435 \u0448\u0442\u0430\u043d\u044b 082D"},"content":{"rendered":"<p class=\"MsoNormal\" style=\"margin-bottom: 1rem\"><span style=\"color: #777777;font-size: 15px;font-family: Times New Roman\"><span style=\"font-size: 18px\">\u0421\u043e\u0441\u0442\u0430\u0432:\u00a0<\/span><\/span><span style=\"color: #777777;font-family: Times New Roman\"><span style=\"font-size: 18px\">100% \u0445\u043b\u043e\u043f\u043e\u043a<\/span><\/span><\/p>\n<p>\u0422\u043e\u043b\u044c\u043a\u043e \u0448\u0442\u0430\u043d\u044b!<\/p>\n<p class=\"MsoNormal\" style=\"margin-bottom: 1rem\"><span style=\"color: #777777;font-family: Times New Roman\"><span style=\"font-size: 18px\"><b>M-6XL<\/b><\/span><\/span><\/p>\n<p class=\"MsoNormal\" style=\"margin-bottom: 1rem;color: #777777;font-size: 15px;line-height: normal\"><span style=\"font-size: 18px\"><span style=\"font-family: Times New Roman\">\u0426\u0432\u0435\u0442 \u0442\u043e\u0432\u0430\u0440\u0430 \u043c\u043e\u0436\u0435\u0442 \u043e\u0442\u043b\u0438\u0447\u0430\u0442\u044c\u0441\u044f \u043e\u0442 \u0446\u0432\u0435\u0442\u0430 \u043d\u0430 \u0444\u043e\u0442\u043e\u0433\u0440\u0430\u0444\u0438\u0438<\/span><\/span><\/p>\n<p class=\"MsoNormal\" style=\"margin-bottom: 1rem;line-height: normal\"><span style=\"color: #777777;font-family: Times New Roman\"><span style=\"font-size: 18px\">\u0412\u043d\u0438\u043c\u0430\u0442\u0435\u043b\u044c\u043d\u043e \u0438\u0437\u0443\u0447\u0438\u0442\u0435 \u0442\u0430\u0431\u043b\u0438\u0446\u0443 \u0440\u0430\u0437\u043c\u0435\u0440\u043e\u0432<\/span><\/span><\/p>\n<table border=\"0\" width=\"401\" cellspacing=\"0\" cellpadding=\"0\">\n<colgroup>\n<col width=\"125\" \/>\n<col width=\"137\" \/>\n<col width=\"139\" \/><\/colgroup>\n<tbody>\n<tr>\n<td class=\"xl67\" width=\"125\" height=\"21\">Suurus<\/td>\n<td class=\"xl67\" width=\"137\">Puusa\u00fcmberm\u00f5\u00f5t<\/td>\n<td class=\"xl67\" width=\"139\">Pikkus<\/td>\n<\/tr>\n<tr>\n<td class=\"xl67\" height=\"21\">\u0420\u0430\u0437\u043c\u0435\u0440<\/td>\n<td class=\"xl67\">\u041e\u0431\u044a\u0435\u043c \u0431\u0435\u0434\u0435\u0440<\/td>\n<td class=\"xl67\">\u0414\u043b\u0438\u043d\u0430<\/td>\n<\/tr>\n<tr>\n<td class=\"xl67\" height=\"21\">Size<\/td>\n<td class=\"xl67\">Hips<\/td>\n<td class=\"xl67\">Length<\/td>\n<\/tr>\n<tr>\n<td class=\"xl65\" height=\"21\">M<\/td>\n<td class=\"xl66\">100<\/td>\n<td class=\"xl66\">106<\/td>\n<\/tr>\n<tr>\n<td class=\"xl65\" height=\"21\">L<\/td>\n<td class=\"xl66\">108<\/td>\n<td class=\"xl66\">106<\/td>\n<\/tr>\n<tr>\n<td class=\"xl65\" height=\"21\">XL<\/td>\n<td class=\"xl66\">110<\/td>\n<td class=\"xl66\">110<\/td>\n<\/tr>\n<tr>\n<td class=\"xl65\" height=\"21\">2XL<\/td>\n<td class=\"xl66\">112<\/td>\n<td class=\"xl66\">116<\/td>\n<\/tr>\n<tr>\n<td class=\"xl65\" height=\"21\">3XL<\/td>\n<td class=\"xl68\">116<\/td>\n<td class=\"xl68\">119<\/td>\n<\/tr>\n<tr>\n<td class=\"xl65\" height=\"21\">4XL<\/td>\n<td class=\"xl68\">120<\/td>\n<td class=\"xl68\">122<\/td>\n<\/tr>\n<tr>\n<td class=\"xl65\" height=\"21\">5XL<\/td>\n<td class=\"xl66\">130<\/td>\n<td class=\"xl66\">126<\/td>\n<\/tr>\n<tr>\n<td class=\"xl65\" height=\"21\">6XL<\/td>\n<td class=\"xl66\">134<\/td>\n<td class=\"xl66\">129<\/td>\n<\/tr>\n<\/tbody>\n<\/table>\n","protected":false},"excerpt":{"rendered":"<p>\u0421\u043e\u0441\u0442\u0430\u0432:\u00a0100% \u0445\u043b\u043e\u043f\u043e\u043a \u0422\u043e\u043b\u044c\u043a\u043e \u0448\u0442\u0430\u043d\u044b! M-6XL \u0426\u0432\u0435\u0442 \u0442\u043e\u0432\u0430\u0440\u0430 \u043c\u043e\u0436\u0435\u0442 \u043e\u0442\u043b\u0438\u0447\u0430\u0442\u044c\u0441\u044f \u043e\u0442 \u0446\u0432\u0435\u0442\u0430 \u043d\u0430 \u0444\u043e\u0442\u043e\u0433\u0440\u0430\u0444\u0438\u0438 \u0412\u043d\u0438\u043c\u0430\u0442\u0435\u043b\u044c\u043d\u043e \u0438\u0437\u0443\u0447\u0438\u0442\u0435 \u0442\u0430\u0431\u043b\u0438\u0446\u0443 \u0440\u0430\u0437\u043c\u0435\u0440\u043e\u0432 Suurus Puusa\u00fcmberm\u00f5\u00f5t Pikkus \u0420\u0430\u0437\u043c\u0435\u0440 \u041e\u0431\u044a\u0435\u043c \u0431\u0435\u0434\u0435\u0440 \u0414\u043b\u0438\u043d\u0430 Size Hips Length M 100 106 L 108 106 XL 110 110 2XL 112 116 3XL 116 119 4XL 120 122 5XL 130 126 6XL 134 129<\/p>\n","protected":false},"featured_media":17709,"template":"","meta":[],"product_brand":[],"product_cat":[79,91,105],"product_tag":[],"class_list":{"0":"post-17700","1":"product","2":"type-product","3":"status-publish","4":"has-post-thumbnail","6":"product_cat-79","7":"product_cat-91","8":"product_cat-105","10":"first","11":"instock","12":"sale","13":"taxable","14":"shipping-taxable","15":"purchasable","16":"product-type-variable"},"yoast_head":"<!-- This site is optimized with the Yoast SEO plugin v27.3 - https:\/\/yoast.com\/product\/yoast-seo-wordpress\/ -->\n<title>\u041c\u0443\u0436\u0441\u043a\u0438\u0435 \u043f\u0438\u0436\u0430\u043c\u043d\u044b\u0435 \u0448\u0442\u0430\u043d\u044b 082D<\/title>\n<meta name=\"description\" content=\"\u0421\u043e\u0441\u0442\u0430\u0432:\u00a0100% \u0445\u043b\u043e\u043f\u043e\u043a. \u0422\u043e\u043b\u044c\u043a\u043e \u0448\u0442\u0430\u043d\u044b! M-6XL\" \/>\n<meta name=\"robots\" content=\"index, follow, max-snippet:-1, max-image-preview:large, max-video-preview:-1\" \/>\n<link rel=\"canonical\" href=\"https:\/\/pidzaama.ee\/ru\/product\/%d0%bc%d1%83%d0%b6%d1%81%d0%ba%d0%b8%d0%b5-%d0%bf%d0%b8%d0%b6%d0%b0%d0%bc%d0%bd%d1%8b%d0%b5-%d1%88%d1%82%d0%b0%d0%bd%d1%8b-082d\/\" \/>\n<meta property=\"og:locale\" content=\"ru_RU\" \/>\n<meta property=\"og:type\" content=\"article\" \/>\n<meta property=\"og:title\" content=\"\u041c\u0443\u0436\u0441\u043a\u0438\u0435 \u043f\u0438\u0436\u0430\u043c\u043d\u044b\u0435 \u0448\u0442\u0430\u043d\u044b 082D\" \/>\n<meta property=\"og:description\" content=\"\u0421\u043e\u0441\u0442\u0430\u0432:\u00a0100% \u0445\u043b\u043e\u043f\u043e\u043a. \u0422\u043e\u043b\u044c\u043a\u043e \u0448\u0442\u0430\u043d\u044b! M-6XL\" \/>\n<meta property=\"og:url\" content=\"https:\/\/pidzaama.ee\/ru\/product\/%d0%bc%d1%83%d0%b6%d1%81%d0%ba%d0%b8%d0%b5-%d0%bf%d0%b8%d0%b6%d0%b0%d0%bc%d0%bd%d1%8b%d0%b5-%d1%88%d1%82%d0%b0%d0%bd%d1%8b-082d\/\" \/>\n<meta property=\"og:site_name\" content=\"Pidzaama House\" \/>\n<meta property=\"article:modified_time\" content=\"2025-03-19T10:15:53+00:00\" \/>\n<meta property=\"og:image\" content=\"https:\/\/pidzaama.ee\/wp-content\/uploads\/2025\/03\/082.jpg\" \/>\n\t<meta property=\"og:image:width\" content=\"1200\" \/>\n\t<meta property=\"og:image:height\" content=\"1600\" \/>\n\t<meta property=\"og:image:type\" content=\"image\/jpeg\" \/>\n<meta name=\"twitter:card\" content=\"summary_large_image\" \/>\n<meta name=\"twitter:label1\" content=\"\u041f\u0440\u0438\u043c\u0435\u0440\u043d\u043e\u0435 \u0432\u0440\u0435\u043c\u044f \u0434\u043b\u044f \u0447\u0442\u0435\u043d\u0438\u044f\" \/>\n\t<meta name=\"twitter:data1\" content=\"1 \u043c\u0438\u043d\u0443\u0442\u0430\" \/>\n<script type=\"application\/ld+json\" class=\"yoast-schema-graph\">{\"@context\":\"https:\\\/\\\/schema.org\",\"@graph\":[{\"@type\":\"WebPage\",\"@id\":\"https:\\\/\\\/pidzaama.ee\\\/ru\\\/product\\\/%d0%bc%d1%83%d0%b6%d1%81%d0%ba%d0%b8%d0%b5-%d0%bf%d0%b8%d0%b6%d0%b0%d0%bc%d0%bd%d1%8b%d0%b5-%d1%88%d1%82%d0%b0%d0%bd%d1%8b-082d\\\/\",\"url\":\"https:\\\/\\\/pidzaama.ee\\\/ru\\\/product\\\/%d0%bc%d1%83%d0%b6%d1%81%d0%ba%d0%b8%d0%b5-%d0%bf%d0%b8%d0%b6%d0%b0%d0%bc%d0%bd%d1%8b%d0%b5-%d1%88%d1%82%d0%b0%d0%bd%d1%8b-082d\\\/\",\"name\":\"\u041c\u0443\u0436\u0441\u043a\u0438\u0435 \u043f\u0438\u0436\u0430\u043c\u043d\u044b\u0435 \u0448\u0442\u0430\u043d\u044b 082D\",\"isPartOf\":{\"@id\":\"https:\\\/\\\/pidzaama.ee\\\/ru\\\/#website\"},\"primaryImageOfPage\":{\"@id\":\"https:\\\/\\\/pidzaama.ee\\\/ru\\\/product\\\/%d0%bc%d1%83%d0%b6%d1%81%d0%ba%d0%b8%d0%b5-%d0%bf%d0%b8%d0%b6%d0%b0%d0%bc%d0%bd%d1%8b%d0%b5-%d1%88%d1%82%d0%b0%d0%bd%d1%8b-082d\\\/#primaryimage\"},\"image\":{\"@id\":\"https:\\\/\\\/pidzaama.ee\\\/ru\\\/product\\\/%d0%bc%d1%83%d0%b6%d1%81%d0%ba%d0%b8%d0%b5-%d0%bf%d0%b8%d0%b6%d0%b0%d0%bc%d0%bd%d1%8b%d0%b5-%d1%88%d1%82%d0%b0%d0%bd%d1%8b-082d\\\/#primaryimage\"},\"thumbnailUrl\":\"https:\\\/\\\/pidzaama.ee\\\/wp-content\\\/uploads\\\/2025\\\/03\\\/082.jpg\",\"datePublished\":\"2025-03-19T10:02:40+00:00\",\"dateModified\":\"2025-03-19T10:15:53+00:00\",\"description\":\"\u0421\u043e\u0441\u0442\u0430\u0432:\u00a0100% \u0445\u043b\u043e\u043f\u043e\u043a. \u0422\u043e\u043b\u044c\u043a\u043e \u0448\u0442\u0430\u043d\u044b! M-6XL\",\"breadcrumb\":{\"@id\":\"https:\\\/\\\/pidzaama.ee\\\/ru\\\/product\\\/%d0%bc%d1%83%d0%b6%d1%81%d0%ba%d0%b8%d0%b5-%d0%bf%d0%b8%d0%b6%d0%b0%d0%bc%d0%bd%d1%8b%d0%b5-%d1%88%d1%82%d0%b0%d0%bd%d1%8b-082d\\\/#breadcrumb\"},\"inLanguage\":\"ru-RU\",\"potentialAction\":[{\"@type\":\"ReadAction\",\"target\":[\"https:\\\/\\\/pidzaama.ee\\\/ru\\\/product\\\/%d0%bc%d1%83%d0%b6%d1%81%d0%ba%d0%b8%d0%b5-%d0%bf%d0%b8%d0%b6%d0%b0%d0%bc%d0%bd%d1%8b%d0%b5-%d1%88%d1%82%d0%b0%d0%bd%d1%8b-082d\\\/\"]}]},{\"@type\":\"ImageObject\",\"inLanguage\":\"ru-RU\",\"@id\":\"https:\\\/\\\/pidzaama.ee\\\/ru\\\/product\\\/%d0%bc%d1%83%d0%b6%d1%81%d0%ba%d0%b8%d0%b5-%d0%bf%d0%b8%d0%b6%d0%b0%d0%bc%d0%bd%d1%8b%d0%b5-%d1%88%d1%82%d0%b0%d0%bd%d1%8b-082d\\\/#primaryimage\",\"url\":\"https:\\\/\\\/pidzaama.ee\\\/wp-content\\\/uploads\\\/2025\\\/03\\\/082.jpg\",\"contentUrl\":\"https:\\\/\\\/pidzaama.ee\\\/wp-content\\\/uploads\\\/2025\\\/03\\\/082.jpg\",\"width\":1200,\"height\":1600},{\"@type\":\"BreadcrumbList\",\"@id\":\"https:\\\/\\\/pidzaama.ee\\\/ru\\\/product\\\/%d0%bc%d1%83%d0%b6%d1%81%d0%ba%d0%b8%d0%b5-%d0%bf%d0%b8%d0%b6%d0%b0%d0%bc%d0%bd%d1%8b%d0%b5-%d1%88%d1%82%d0%b0%d0%bd%d1%8b-082d\\\/#breadcrumb\",\"itemListElement\":[{\"@type\":\"ListItem\",\"position\":1,\"name\":\"Home\",\"item\":\"https:\\\/\\\/pidzaama.ee\\\/ru\\\/esileht\\\/\"},{\"@type\":\"ListItem\",\"position\":2,\"name\":\"\u041e \u041d\u0410\u0421\",\"item\":\"https:\\\/\\\/pidzaama.ee\\\/ru\\\/o-nas\\\/\"},{\"@type\":\"ListItem\",\"position\":3,\"name\":\"\u041c\u0443\u0436\u0441\u043a\u0438\u0435 \u043f\u0438\u0436\u0430\u043c\u043d\u044b\u0435 \u0448\u0442\u0430\u043d\u044b 082D\"}]},{\"@type\":\"WebSite\",\"@id\":\"https:\\\/\\\/pidzaama.ee\\\/ru\\\/#website\",\"url\":\"https:\\\/\\\/pidzaama.ee\\\/ru\\\/\",\"name\":\"Pidzaama House\",\"description\":\"T\u00e4iendame pidevalt meie sortimendi ning suurusi!\",\"potentialAction\":[{\"@type\":\"SearchAction\",\"target\":{\"@type\":\"EntryPoint\",\"urlTemplate\":\"https:\\\/\\\/pidzaama.ee\\\/ru\\\/?s={search_term_string}\"},\"query-input\":{\"@type\":\"PropertyValueSpecification\",\"valueRequired\":true,\"valueName\":\"search_term_string\"}}],\"inLanguage\":\"ru-RU\"}]}<\/script>\n<!-- \/ Yoast SEO plugin. -->","yoast_head_json":{"title":"\u041c\u0443\u0436\u0441\u043a\u0438\u0435 \u043f\u0438\u0436\u0430\u043c\u043d\u044b\u0435 \u0448\u0442\u0430\u043d\u044b 082D","description":"\u0421\u043e\u0441\u0442\u0430\u0432:\u00a0100% \u0445\u043b\u043e\u043f\u043e\u043a. \u0422\u043e\u043b\u044c\u043a\u043e \u0448\u0442\u0430\u043d\u044b! M-6XL","robots":{"index":"index","follow":"follow","max-snippet":"max-snippet:-1","max-image-preview":"max-image-preview:large","max-video-preview":"max-video-preview:-1"},"canonical":"https:\/\/pidzaama.ee\/ru\/product\/%d0%bc%d1%83%d0%b6%d1%81%d0%ba%d0%b8%d0%b5-%d0%bf%d0%b8%d0%b6%d0%b0%d0%bc%d0%bd%d1%8b%d0%b5-%d1%88%d1%82%d0%b0%d0%bd%d1%8b-082d\/","og_locale":"ru_RU","og_type":"article","og_title":"\u041c\u0443\u0436\u0441\u043a\u0438\u0435 \u043f\u0438\u0436\u0430\u043c\u043d\u044b\u0435 \u0448\u0442\u0430\u043d\u044b 082D","og_description":"\u0421\u043e\u0441\u0442\u0430\u0432:\u00a0100% \u0445\u043b\u043e\u043f\u043e\u043a. \u0422\u043e\u043b\u044c\u043a\u043e \u0448\u0442\u0430\u043d\u044b! M-6XL","og_url":"https:\/\/pidzaama.ee\/ru\/product\/%d0%bc%d1%83%d0%b6%d1%81%d0%ba%d0%b8%d0%b5-%d0%bf%d0%b8%d0%b6%d0%b0%d0%bc%d0%bd%d1%8b%d0%b5-%d1%88%d1%82%d0%b0%d0%bd%d1%8b-082d\/","og_site_name":"Pidzaama House","article_modified_time":"2025-03-19T10:15:53+00:00","og_image":[{"width":1200,"height":1600,"url":"https:\/\/pidzaama.ee\/wp-content\/uploads\/2025\/03\/082.jpg","type":"image\/jpeg"}],"twitter_card":"summary_large_image","twitter_misc":{"\u041f\u0440\u0438\u043c\u0435\u0440\u043d\u043e\u0435 \u0432\u0440\u0435\u043c\u044f \u0434\u043b\u044f \u0447\u0442\u0435\u043d\u0438\u044f":"1 \u043c\u0438\u043d\u0443\u0442\u0430"},"schema":{"@context":"https:\/\/schema.org","@graph":[{"@type":"WebPage","@id":"https:\/\/pidzaama.ee\/ru\/product\/%d0%bc%d1%83%d0%b6%d1%81%d0%ba%d0%b8%d0%b5-%d0%bf%d0%b8%d0%b6%d0%b0%d0%bc%d0%bd%d1%8b%d0%b5-%d1%88%d1%82%d0%b0%d0%bd%d1%8b-082d\/","url":"https:\/\/pidzaama.ee\/ru\/product\/%d0%bc%d1%83%d0%b6%d1%81%d0%ba%d0%b8%d0%b5-%d0%bf%d0%b8%d0%b6%d0%b0%d0%bc%d0%bd%d1%8b%d0%b5-%d1%88%d1%82%d0%b0%d0%bd%d1%8b-082d\/","name":"\u041c\u0443\u0436\u0441\u043a\u0438\u0435 \u043f\u0438\u0436\u0430\u043c\u043d\u044b\u0435 \u0448\u0442\u0430\u043d\u044b 082D","isPartOf":{"@id":"https:\/\/pidzaama.ee\/ru\/#website"},"primaryImageOfPage":{"@id":"https:\/\/pidzaama.ee\/ru\/product\/%d0%bc%d1%83%d0%b6%d1%81%d0%ba%d0%b8%d0%b5-%d0%bf%d0%b8%d0%b6%d0%b0%d0%bc%d0%bd%d1%8b%d0%b5-%d1%88%d1%82%d0%b0%d0%bd%d1%8b-082d\/#primaryimage"},"image":{"@id":"https:\/\/pidzaama.ee\/ru\/product\/%d0%bc%d1%83%d0%b6%d1%81%d0%ba%d0%b8%d0%b5-%d0%bf%d0%b8%d0%b6%d0%b0%d0%bc%d0%bd%d1%8b%d0%b5-%d1%88%d1%82%d0%b0%d0%bd%d1%8b-082d\/#primaryimage"},"thumbnailUrl":"https:\/\/pidzaama.ee\/wp-content\/uploads\/2025\/03\/082.jpg","datePublished":"2025-03-19T10:02:40+00:00","dateModified":"2025-03-19T10:15:53+00:00","description":"\u0421\u043e\u0441\u0442\u0430\u0432:\u00a0100% \u0445\u043b\u043e\u043f\u043e\u043a. \u0422\u043e\u043b\u044c\u043a\u043e \u0448\u0442\u0430\u043d\u044b! M-6XL","breadcrumb":{"@id":"https:\/\/pidzaama.ee\/ru\/product\/%d0%bc%d1%83%d0%b6%d1%81%d0%ba%d0%b8%d0%b5-%d0%bf%d0%b8%d0%b6%d0%b0%d0%bc%d0%bd%d1%8b%d0%b5-%d1%88%d1%82%d0%b0%d0%bd%d1%8b-082d\/#breadcrumb"},"inLanguage":"ru-RU","potentialAction":[{"@type":"ReadAction","target":["https:\/\/pidzaama.ee\/ru\/product\/%d0%bc%d1%83%d0%b6%d1%81%d0%ba%d0%b8%d0%b5-%d0%bf%d0%b8%d0%b6%d0%b0%d0%bc%d0%bd%d1%8b%d0%b5-%d1%88%d1%82%d0%b0%d0%bd%d1%8b-082d\/"]}]},{"@type":"ImageObject","inLanguage":"ru-RU","@id":"https:\/\/pidzaama.ee\/ru\/product\/%d0%bc%d1%83%d0%b6%d1%81%d0%ba%d0%b8%d0%b5-%d0%bf%d0%b8%d0%b6%d0%b0%d0%bc%d0%bd%d1%8b%d0%b5-%d1%88%d1%82%d0%b0%d0%bd%d1%8b-082d\/#primaryimage","url":"https:\/\/pidzaama.ee\/wp-content\/uploads\/2025\/03\/082.jpg","contentUrl":"https:\/\/pidzaama.ee\/wp-content\/uploads\/2025\/03\/082.jpg","width":1200,"height":1600},{"@type":"BreadcrumbList","@id":"https:\/\/pidzaama.ee\/ru\/product\/%d0%bc%d1%83%d0%b6%d1%81%d0%ba%d0%b8%d0%b5-%d0%bf%d0%b8%d0%b6%d0%b0%d0%bc%d0%bd%d1%8b%d0%b5-%d1%88%d1%82%d0%b0%d0%bd%d1%8b-082d\/#breadcrumb","itemListElement":[{"@type":"ListItem","position":1,"name":"Home","item":"https:\/\/pidzaama.ee\/ru\/esileht\/"},{"@type":"ListItem","position":2,"name":"\u041e \u041d\u0410\u0421","item":"https:\/\/pidzaama.ee\/ru\/o-nas\/"},{"@type":"ListItem","position":3,"name":"\u041c\u0443\u0436\u0441\u043a\u0438\u0435 \u043f\u0438\u0436\u0430\u043c\u043d\u044b\u0435 \u0448\u0442\u0430\u043d\u044b 082D"}]},{"@type":"WebSite","@id":"https:\/\/pidzaama.ee\/ru\/#website","url":"https:\/\/pidzaama.ee\/ru\/","name":"Pidzaama House","description":"T\u00e4iendame pidevalt meie sortimendi ning suurusi!","potentialAction":[{"@type":"SearchAction","target":{"@type":"EntryPoint","urlTemplate":"https:\/\/pidzaama.ee\/ru\/?s={search_term_string}"},"query-input":{"@type":"PropertyValueSpecification","valueRequired":true,"valueName":"search_term_string"}}],"inLanguage":"ru-RU"}]}},"_links":{"self":[{"href":"https:\/\/pidzaama.ee\/ru\/wp-json\/wp\/v2\/product\/17700","targetHints":{"allow":["GET"]}}],"collection":[{"href":"https:\/\/pidzaama.ee\/ru\/wp-json\/wp\/v2\/product"}],"about":[{"href":"https:\/\/pidzaama.ee\/ru\/wp-json\/wp\/v2\/types\/product"}],"wp:featuredmedia":[{"embeddable":true,"href":"https:\/\/pidzaama.ee\/ru\/wp-json\/wp\/v2\/media\/17709"}],"wp:attachment":[{"href":"https:\/\/pidzaama.ee\/ru\/wp-json\/wp\/v2\/media?parent=17700"}],"wp:term":[{"taxonomy":"product_brand","embeddable":true,"href":"https:\/\/pidzaama.ee\/ru\/wp-json\/wp\/v2\/product_brand?post=17700"},{"taxonomy":"product_cat","embeddable":true,"href":"https:\/\/pidzaama.ee\/ru\/wp-json\/wp\/v2\/product_cat?post=17700"},{"taxonomy":"product_tag","embeddable":true,"href":"https:\/\/pidzaama.ee\/ru\/wp-json\/wp\/v2\/product_tag?post=17700"}],"curies":[{"name":"wp","href":"https:\/\/api.w.org\/{rel}","templated":true}]}}