{"id":1787,"date":"2020-10-07T15:41:43","date_gmt":"2020-10-07T15:41:43","guid":{"rendered":"https:\/\/pidzaama-ee.vserver.zonevs.eu\/?product=%d0%b6%d0%b5%d0%bd%d1%81%d0%ba%d0%b0%d1%8f-%d0%bf%d0%b8%d0%b6%d0%b0%d0%bc%d0%b0-12506l"},"modified":"2024-05-10T11:35:24","modified_gmt":"2024-05-10T11:35:24","slug":"%d0%b6%d0%b5%d0%bd%d1%81%d0%ba%d0%b0%d1%8f-%d0%bf%d0%b8%d0%b6%d0%b0%d0%bc%d0%b0-12506l","status":"publish","type":"product","link":"https:\/\/pidzaama.ee\/ru\/product\/%d0%b6%d0%b5%d0%bd%d1%81%d0%ba%d0%b0%d1%8f-%d0%bf%d0%b8%d0%b6%d0%b0%d0%bc%d0%b0-12506l\/","title":{"rendered":"\u0416\u0435\u043d\u0441\u043a\u0430\u044f \u043f\u0438\u0436\u0430\u043c\u0430 12506L"},"content":{"rendered":"<p class=\"MsoNormal\" style=\"box-sizing: inherit; margin-bottom: 1rem;\"><span style=\"color: #777777; font-size: 15px; font-family: Times New Roman;\"><span style=\"font-size: 18px;\">\u0421\u043e\u0441\u0442\u0430\u0432:\u00a0<\/span><\/span><span style=\"color: #777777; font-family: Times New Roman;\"><span style=\"font-size: 18px;\">100% \u0445\u043b\u043e\u043f\u043e\u043a,\u00a0<\/span><\/span><b>\u044d\u0442\u0430 \u043c\u043e\u0434\u0435\u043b\u044c &#8212; \u043c\u0430\u043b\u043e\u043c\u0435\u0440\u043a\u0430, \u0440\u0435\u043a\u043e\u043c\u0435\u043d\u0434\u0443\u0435\u043c \u043f\u0440\u043e\u0432\u0435\u0440\u0438\u0442\u044c \u0442\u0430\u0431\u043b\u0438\u0446\u0443 \u0440\u0430\u0437\u043c\u0435\u0440\u043e\u0432<\/b><\/p>\n<p class=\"MsoNormal\" style=\"box-sizing: inherit; margin-bottom: 1rem;\"><span style=\"color: #777777; font-family: Times New Roman;\"><span style=\"font-size: 18px;\">\u0422\u043e\u043d\u043a\u0430\u044f \u0445\u043b\u043e\u043f\u043a\u043e\u0432\u0430\u044f \u0442\u043a\u0430\u043d\u044c<\/span><\/span><span style=\"font-family: Times New Roman;\"><span style=\"color: #777777;\"><span style=\"font-size: 18px;\">.<\/span><\/span><\/span><\/p>\n<p class=\"MsoNormal\" style=\"box-sizing: inherit; margin-bottom: 1rem;\"><span style=\"color: #777777; font-family: Times New Roman;\"><span style=\"font-size: 18px;\"><b>S-6XL<\/b><\/span><\/span><\/p>\n<p class=\"MsoNormal\" style=\"box-sizing: inherit; margin-bottom: 1rem; color: #777777; font-size: 15px; line-height: normal;\"><span style=\"box-sizing: inherit; font-size: 18px;\"><span style=\"font-family: Times New Roman;\">\u0426\u0432\u0435\u0442 \u0442\u043e\u0432\u0430\u0440\u0430 \u043c\u043e\u0436\u0435\u0442 \u043e\u0442\u043b\u0438\u0447\u0430\u0442\u044c\u0441\u044f \u043e\u0442 \u0446\u0432\u0435\u0442\u0430 \u043d\u0430 \u0444\u043e\u0442\u043e\u0433\u0440\u0430\u0444\u0438\u0438<\/span><\/span><\/p>\n<p class=\"MsoNormal\" style=\"box-sizing: inherit; margin-bottom: 1rem; line-height: normal;\">\n<table width=\"604\">\n<tbody>\n<tr>\n<td width=\"151\"><\/td>\n<td width=\"151\">Rinna\u00fcmberm\u00f5\u00f5t<\/td>\n<td width=\"151\">Puusa\u00fcmberm\u00f5\u00f5t<\/td>\n<td width=\"151\">P\u00fckste pikkus<\/td>\n<\/tr>\n<tr>\n<td><\/td>\n<td>\u041e\u0431\u044a\u0435\u043c \u0433\u0440\u0443\u0434\u0438<\/td>\n<td>\u041e\u0431\u044a\u0435\u043c \u0431\u0435\u0434\u0435\u0440<\/td>\n<td>\u0414\u043b\u0438\u043d\u0430 \u0448\u0442\u0430\u043d\u043e\u0432<\/td>\n<\/tr>\n<tr>\n<td><\/td>\n<td>Chest<\/td>\n<td>Hips<\/td>\n<td>Outside leg<\/td>\n<\/tr>\n<tr>\n<td>S<\/td>\n<td width=\"151\">92<\/td>\n<td>99<\/td>\n<td>72<\/td>\n<\/tr>\n<tr>\n<td>M<\/td>\n<td width=\"151\">94<\/td>\n<td>100<\/td>\n<td>73<\/td>\n<\/tr>\n<tr>\n<td>L<\/td>\n<td>98<\/td>\n<td>104<\/td>\n<td>75<\/td>\n<\/tr>\n<tr>\n<td>XL<\/td>\n<td>102<\/td>\n<td>108<\/td>\n<td>79<\/td>\n<\/tr>\n<tr>\n<td>2XL<\/td>\n<td>110<\/td>\n<td>112<\/td>\n<td>80<\/td>\n<\/tr>\n<tr>\n<td>3XL<\/td>\n<td>112<\/td>\n<td>112<\/td>\n<td>86<\/td>\n<\/tr>\n<tr>\n<td>4XL<\/td>\n<td>116<\/td>\n<td>118<\/td>\n<td>88<\/td>\n<\/tr>\n<tr>\n<td>5XL<\/td>\n<td>122<\/td>\n<td>126<\/td>\n<td>90<\/td>\n<\/tr>\n<tr>\n<td>6XL<\/td>\n<td>128<\/td>\n<td>130<\/td>\n<td>91<\/td>\n<\/tr>\n<\/tbody>\n<\/table>\n","protected":false},"excerpt":{"rendered":"<p>\u0421\u043e\u0441\u0442\u0430\u0432:\u00a0100% \u0445\u043b\u043e\u043f\u043e\u043a,\u00a0\u044d\u0442\u0430 \u043c\u043e\u0434\u0435\u043b\u044c &#8212; \u043c\u0430\u043b\u043e\u043c\u0435\u0440\u043a\u0430, \u0440\u0435\u043a\u043e\u043c\u0435\u043d\u0434\u0443\u0435\u043c \u043f\u0440\u043e\u0432\u0435\u0440\u0438\u0442\u044c \u0442\u0430\u0431\u043b\u0438\u0446\u0443 \u0440\u0430\u0437\u043c\u0435\u0440\u043e\u0432 \u0422\u043e\u043d\u043a\u0430\u044f \u0445\u043b\u043e\u043f\u043a\u043e\u0432\u0430\u044f \u0442\u043a\u0430\u043d\u044c. S-6XL \u0426\u0432\u0435\u0442 \u0442\u043e\u0432\u0430\u0440\u0430 \u043c\u043e\u0436\u0435\u0442 \u043e\u0442\u043b\u0438\u0447\u0430\u0442\u044c\u0441\u044f \u043e\u0442 \u0446\u0432\u0435\u0442\u0430 \u043d\u0430 \u0444\u043e\u0442\u043e\u0433\u0440\u0430\u0444\u0438\u0438 Rinna\u00fcmberm\u00f5\u00f5t Puusa\u00fcmberm\u00f5\u00f5t P\u00fckste pikkus \u041e\u0431\u044a\u0435\u043c \u0433\u0440\u0443\u0434\u0438 \u041e\u0431\u044a\u0435\u043c \u0431\u0435\u0434\u0435\u0440 \u0414\u043b\u0438\u043d\u0430 \u0448\u0442\u0430\u043d\u043e\u0432 Chest Hips Outside leg S 92 99 72 M 94 100 73 L 98 104 75 XL 102 108 79 2XL 110 112 80 [&hellip;]<\/p>\n","protected":false},"featured_media":16621,"template":"","meta":[],"product_brand":[],"product_cat":[81,93,83,115],"product_tag":[],"class_list":{"0":"post-1787","1":"product","2":"type-product","3":"status-publish","4":"has-post-thumbnail","6":"product_cat-81","7":"product_cat-93","8":"product_cat-83","9":"product_cat----34-","11":"first","12":"instock","13":"taxable","14":"shipping-taxable","15":"purchasable","16":"product-type-variable"},"yoast_head":"<!-- This site is optimized with the Yoast SEO plugin v27.3 - https:\/\/yoast.com\/product\/yoast-seo-wordpress\/ -->\n<title>\u0416\u0435\u043d\u0441\u043a\u0430\u044f \u043f\u0438\u0436\u0430\u043c\u0430 12506L<\/title>\n<meta name=\"robots\" content=\"index, follow, max-snippet:-1, max-image-preview:large, max-video-preview:-1\" \/>\n<link rel=\"canonical\" href=\"https:\/\/pidzaama.ee\/ru\/product\/%d0%b6%d0%b5%d0%bd%d1%81%d0%ba%d0%b0%d1%8f-%d0%bf%d0%b8%d0%b6%d0%b0%d0%bc%d0%b0-12506l\/\" \/>\n<meta property=\"og:locale\" content=\"ru_RU\" \/>\n<meta property=\"og:type\" content=\"article\" \/>\n<meta property=\"og:title\" content=\"\u0416\u0435\u043d\u0441\u043a\u0430\u044f \u043f\u0438\u0436\u0430\u043c\u0430 12506L\" \/>\n<meta property=\"og:description\" content=\"\u0421\u043e\u0441\u0442\u0430\u0432:\u00a0100% \u0445\u043b\u043e\u043f\u043e\u043a,\u00a0\u044d\u0442\u0430 \u043c\u043e\u0434\u0435\u043b\u044c &#8212; \u043c\u0430\u043b\u043e\u043c\u0435\u0440\u043a\u0430, \u0440\u0435\u043a\u043e\u043c\u0435\u043d\u0434\u0443\u0435\u043c \u043f\u0440\u043e\u0432\u0435\u0440\u0438\u0442\u044c \u0442\u0430\u0431\u043b\u0438\u0446\u0443 \u0440\u0430\u0437\u043c\u0435\u0440\u043e\u0432 \u0422\u043e\u043d\u043a\u0430\u044f \u0445\u043b\u043e\u043f\u043a\u043e\u0432\u0430\u044f \u0442\u043a\u0430\u043d\u044c. S-6XL \u0426\u0432\u0435\u0442 \u0442\u043e\u0432\u0430\u0440\u0430 \u043c\u043e\u0436\u0435\u0442 \u043e\u0442\u043b\u0438\u0447\u0430\u0442\u044c\u0441\u044f \u043e\u0442 \u0446\u0432\u0435\u0442\u0430 \u043d\u0430 \u0444\u043e\u0442\u043e\u0433\u0440\u0430\u0444\u0438\u0438 Rinna\u00fcmberm\u00f5\u00f5t Puusa\u00fcmberm\u00f5\u00f5t P\u00fckste pikkus \u041e\u0431\u044a\u0435\u043c \u0433\u0440\u0443\u0434\u0438 \u041e\u0431\u044a\u0435\u043c \u0431\u0435\u0434\u0435\u0440 \u0414\u043b\u0438\u043d\u0430 \u0448\u0442\u0430\u043d\u043e\u0432 Chest Hips Outside leg S 92 99 72 M 94 100 73 L 98 104 75 XL 102 108 79 2XL 110 112 80 [&hellip;]\" \/>\n<meta property=\"og:url\" content=\"https:\/\/pidzaama.ee\/ru\/product\/%d0%b6%d0%b5%d0%bd%d1%81%d0%ba%d0%b0%d1%8f-%d0%bf%d0%b8%d0%b6%d0%b0%d0%bc%d0%b0-12506l\/\" \/>\n<meta property=\"og:site_name\" content=\"Pidzaama House\" \/>\n<meta property=\"article:modified_time\" content=\"2024-05-10T11:35:24+00:00\" \/>\n<meta property=\"og:image\" content=\"https:\/\/pidzaama.ee\/wp-content\/uploads\/2020\/10\/12506L.jpg\" \/>\n\t<meta property=\"og:image:width\" content=\"1600\" \/>\n\t<meta property=\"og:image:height\" content=\"2133\" \/>\n\t<meta property=\"og:image:type\" content=\"image\/jpeg\" \/>\n<meta name=\"twitter:card\" content=\"summary_large_image\" \/>\n<meta name=\"twitter:label1\" content=\"\u041f\u0440\u0438\u043c\u0435\u0440\u043d\u043e\u0435 \u0432\u0440\u0435\u043c\u044f \u0434\u043b\u044f \u0447\u0442\u0435\u043d\u0438\u044f\" \/>\n\t<meta name=\"twitter:data1\" content=\"1 \u043c\u0438\u043d\u0443\u0442\u0430\" \/>\n<script type=\"application\/ld+json\" class=\"yoast-schema-graph\">{\"@context\":\"https:\\\/\\\/schema.org\",\"@graph\":[{\"@type\":\"WebPage\",\"@id\":\"https:\\\/\\\/pidzaama.ee\\\/ru\\\/product\\\/%d0%b6%d0%b5%d0%bd%d1%81%d0%ba%d0%b0%d1%8f-%d0%bf%d0%b8%d0%b6%d0%b0%d0%bc%d0%b0-12506l\\\/\",\"url\":\"https:\\\/\\\/pidzaama.ee\\\/ru\\\/product\\\/%d0%b6%d0%b5%d0%bd%d1%81%d0%ba%d0%b0%d1%8f-%d0%bf%d0%b8%d0%b6%d0%b0%d0%bc%d0%b0-12506l\\\/\",\"name\":\"\u0416\u0435\u043d\u0441\u043a\u0430\u044f \u043f\u0438\u0436\u0430\u043c\u0430 12506L\",\"isPartOf\":{\"@id\":\"https:\\\/\\\/pidzaama.ee\\\/ru\\\/#website\"},\"primaryImageOfPage\":{\"@id\":\"https:\\\/\\\/pidzaama.ee\\\/ru\\\/product\\\/%d0%b6%d0%b5%d0%bd%d1%81%d0%ba%d0%b0%d1%8f-%d0%bf%d0%b8%d0%b6%d0%b0%d0%bc%d0%b0-12506l\\\/#primaryimage\"},\"image\":{\"@id\":\"https:\\\/\\\/pidzaama.ee\\\/ru\\\/product\\\/%d0%b6%d0%b5%d0%bd%d1%81%d0%ba%d0%b0%d1%8f-%d0%bf%d0%b8%d0%b6%d0%b0%d0%bc%d0%b0-12506l\\\/#primaryimage\"},\"thumbnailUrl\":\"https:\\\/\\\/pidzaama.ee\\\/wp-content\\\/uploads\\\/2020\\\/10\\\/12506L.jpg\",\"datePublished\":\"2020-10-07T15:41:43+00:00\",\"dateModified\":\"2024-05-10T11:35:24+00:00\",\"breadcrumb\":{\"@id\":\"https:\\\/\\\/pidzaama.ee\\\/ru\\\/product\\\/%d0%b6%d0%b5%d0%bd%d1%81%d0%ba%d0%b0%d1%8f-%d0%bf%d0%b8%d0%b6%d0%b0%d0%bc%d0%b0-12506l\\\/#breadcrumb\"},\"inLanguage\":\"ru-RU\",\"potentialAction\":[{\"@type\":\"ReadAction\",\"target\":[\"https:\\\/\\\/pidzaama.ee\\\/ru\\\/product\\\/%d0%b6%d0%b5%d0%bd%d1%81%d0%ba%d0%b0%d1%8f-%d0%bf%d0%b8%d0%b6%d0%b0%d0%bc%d0%b0-12506l\\\/\"]}]},{\"@type\":\"ImageObject\",\"inLanguage\":\"ru-RU\",\"@id\":\"https:\\\/\\\/pidzaama.ee\\\/ru\\\/product\\\/%d0%b6%d0%b5%d0%bd%d1%81%d0%ba%d0%b0%d1%8f-%d0%bf%d0%b8%d0%b6%d0%b0%d0%bc%d0%b0-12506l\\\/#primaryimage\",\"url\":\"https:\\\/\\\/pidzaama.ee\\\/wp-content\\\/uploads\\\/2020\\\/10\\\/12506L.jpg\",\"contentUrl\":\"https:\\\/\\\/pidzaama.ee\\\/wp-content\\\/uploads\\\/2020\\\/10\\\/12506L.jpg\",\"width\":1600,\"height\":2133},{\"@type\":\"BreadcrumbList\",\"@id\":\"https:\\\/\\\/pidzaama.ee\\\/ru\\\/product\\\/%d0%b6%d0%b5%d0%bd%d1%81%d0%ba%d0%b0%d1%8f-%d0%bf%d0%b8%d0%b6%d0%b0%d0%bc%d0%b0-12506l\\\/#breadcrumb\",\"itemListElement\":[{\"@type\":\"ListItem\",\"position\":1,\"name\":\"Home\",\"item\":\"https:\\\/\\\/pidzaama.ee\\\/ru\\\/esileht\\\/\"},{\"@type\":\"ListItem\",\"position\":2,\"name\":\"\u041e \u041d\u0410\u0421\",\"item\":\"https:\\\/\\\/pidzaama.ee\\\/ru\\\/o-nas\\\/\"},{\"@type\":\"ListItem\",\"position\":3,\"name\":\"\u0416\u0435\u043d\u0441\u043a\u0430\u044f \u043f\u0438\u0436\u0430\u043c\u0430 12506L\"}]},{\"@type\":\"WebSite\",\"@id\":\"https:\\\/\\\/pidzaama.ee\\\/ru\\\/#website\",\"url\":\"https:\\\/\\\/pidzaama.ee\\\/ru\\\/\",\"name\":\"Pidzaama House\",\"description\":\"T\u00e4iendame pidevalt meie sortimendi ning suurusi!\",\"potentialAction\":[{\"@type\":\"SearchAction\",\"target\":{\"@type\":\"EntryPoint\",\"urlTemplate\":\"https:\\\/\\\/pidzaama.ee\\\/ru\\\/?s={search_term_string}\"},\"query-input\":{\"@type\":\"PropertyValueSpecification\",\"valueRequired\":true,\"valueName\":\"search_term_string\"}}],\"inLanguage\":\"ru-RU\"}]}<\/script>\n<!-- \/ Yoast SEO plugin. -->","yoast_head_json":{"title":"\u0416\u0435\u043d\u0441\u043a\u0430\u044f \u043f\u0438\u0436\u0430\u043c\u0430 12506L","robots":{"index":"index","follow":"follow","max-snippet":"max-snippet:-1","max-image-preview":"max-image-preview:large","max-video-preview":"max-video-preview:-1"},"canonical":"https:\/\/pidzaama.ee\/ru\/product\/%d0%b6%d0%b5%d0%bd%d1%81%d0%ba%d0%b0%d1%8f-%d0%bf%d0%b8%d0%b6%d0%b0%d0%bc%d0%b0-12506l\/","og_locale":"ru_RU","og_type":"article","og_title":"\u0416\u0435\u043d\u0441\u043a\u0430\u044f \u043f\u0438\u0436\u0430\u043c\u0430 12506L","og_description":"\u0421\u043e\u0441\u0442\u0430\u0432:\u00a0100% \u0445\u043b\u043e\u043f\u043e\u043a,\u00a0\u044d\u0442\u0430 \u043c\u043e\u0434\u0435\u043b\u044c &#8212; \u043c\u0430\u043b\u043e\u043c\u0435\u0440\u043a\u0430, \u0440\u0435\u043a\u043e\u043c\u0435\u043d\u0434\u0443\u0435\u043c \u043f\u0440\u043e\u0432\u0435\u0440\u0438\u0442\u044c \u0442\u0430\u0431\u043b\u0438\u0446\u0443 \u0440\u0430\u0437\u043c\u0435\u0440\u043e\u0432 \u0422\u043e\u043d\u043a\u0430\u044f \u0445\u043b\u043e\u043f\u043a\u043e\u0432\u0430\u044f \u0442\u043a\u0430\u043d\u044c. S-6XL \u0426\u0432\u0435\u0442 \u0442\u043e\u0432\u0430\u0440\u0430 \u043c\u043e\u0436\u0435\u0442 \u043e\u0442\u043b\u0438\u0447\u0430\u0442\u044c\u0441\u044f \u043e\u0442 \u0446\u0432\u0435\u0442\u0430 \u043d\u0430 \u0444\u043e\u0442\u043e\u0433\u0440\u0430\u0444\u0438\u0438 Rinna\u00fcmberm\u00f5\u00f5t Puusa\u00fcmberm\u00f5\u00f5t P\u00fckste pikkus \u041e\u0431\u044a\u0435\u043c \u0433\u0440\u0443\u0434\u0438 \u041e\u0431\u044a\u0435\u043c \u0431\u0435\u0434\u0435\u0440 \u0414\u043b\u0438\u043d\u0430 \u0448\u0442\u0430\u043d\u043e\u0432 Chest Hips Outside leg S 92 99 72 M 94 100 73 L 98 104 75 XL 102 108 79 2XL 110 112 80 [&hellip;]","og_url":"https:\/\/pidzaama.ee\/ru\/product\/%d0%b6%d0%b5%d0%bd%d1%81%d0%ba%d0%b0%d1%8f-%d0%bf%d0%b8%d0%b6%d0%b0%d0%bc%d0%b0-12506l\/","og_site_name":"Pidzaama House","article_modified_time":"2024-05-10T11:35:24+00:00","og_image":[{"width":1600,"height":2133,"url":"https:\/\/pidzaama.ee\/wp-content\/uploads\/2020\/10\/12506L.jpg","type":"image\/jpeg"}],"twitter_card":"summary_large_image","twitter_misc":{"\u041f\u0440\u0438\u043c\u0435\u0440\u043d\u043e\u0435 \u0432\u0440\u0435\u043c\u044f \u0434\u043b\u044f \u0447\u0442\u0435\u043d\u0438\u044f":"1 \u043c\u0438\u043d\u0443\u0442\u0430"},"schema":{"@context":"https:\/\/schema.org","@graph":[{"@type":"WebPage","@id":"https:\/\/pidzaama.ee\/ru\/product\/%d0%b6%d0%b5%d0%bd%d1%81%d0%ba%d0%b0%d1%8f-%d0%bf%d0%b8%d0%b6%d0%b0%d0%bc%d0%b0-12506l\/","url":"https:\/\/pidzaama.ee\/ru\/product\/%d0%b6%d0%b5%d0%bd%d1%81%d0%ba%d0%b0%d1%8f-%d0%bf%d0%b8%d0%b6%d0%b0%d0%bc%d0%b0-12506l\/","name":"\u0416\u0435\u043d\u0441\u043a\u0430\u044f \u043f\u0438\u0436\u0430\u043c\u0430 12506L","isPartOf":{"@id":"https:\/\/pidzaama.ee\/ru\/#website"},"primaryImageOfPage":{"@id":"https:\/\/pidzaama.ee\/ru\/product\/%d0%b6%d0%b5%d0%bd%d1%81%d0%ba%d0%b0%d1%8f-%d0%bf%d0%b8%d0%b6%d0%b0%d0%bc%d0%b0-12506l\/#primaryimage"},"image":{"@id":"https:\/\/pidzaama.ee\/ru\/product\/%d0%b6%d0%b5%d0%bd%d1%81%d0%ba%d0%b0%d1%8f-%d0%bf%d0%b8%d0%b6%d0%b0%d0%bc%d0%b0-12506l\/#primaryimage"},"thumbnailUrl":"https:\/\/pidzaama.ee\/wp-content\/uploads\/2020\/10\/12506L.jpg","datePublished":"2020-10-07T15:41:43+00:00","dateModified":"2024-05-10T11:35:24+00:00","breadcrumb":{"@id":"https:\/\/pidzaama.ee\/ru\/product\/%d0%b6%d0%b5%d0%bd%d1%81%d0%ba%d0%b0%d1%8f-%d0%bf%d0%b8%d0%b6%d0%b0%d0%bc%d0%b0-12506l\/#breadcrumb"},"inLanguage":"ru-RU","potentialAction":[{"@type":"ReadAction","target":["https:\/\/pidzaama.ee\/ru\/product\/%d0%b6%d0%b5%d0%bd%d1%81%d0%ba%d0%b0%d1%8f-%d0%bf%d0%b8%d0%b6%d0%b0%d0%bc%d0%b0-12506l\/"]}]},{"@type":"ImageObject","inLanguage":"ru-RU","@id":"https:\/\/pidzaama.ee\/ru\/product\/%d0%b6%d0%b5%d0%bd%d1%81%d0%ba%d0%b0%d1%8f-%d0%bf%d0%b8%d0%b6%d0%b0%d0%bc%d0%b0-12506l\/#primaryimage","url":"https:\/\/pidzaama.ee\/wp-content\/uploads\/2020\/10\/12506L.jpg","contentUrl":"https:\/\/pidzaama.ee\/wp-content\/uploads\/2020\/10\/12506L.jpg","width":1600,"height":2133},{"@type":"BreadcrumbList","@id":"https:\/\/pidzaama.ee\/ru\/product\/%d0%b6%d0%b5%d0%bd%d1%81%d0%ba%d0%b0%d1%8f-%d0%bf%d0%b8%d0%b6%d0%b0%d0%bc%d0%b0-12506l\/#breadcrumb","itemListElement":[{"@type":"ListItem","position":1,"name":"Home","item":"https:\/\/pidzaama.ee\/ru\/esileht\/"},{"@type":"ListItem","position":2,"name":"\u041e \u041d\u0410\u0421","item":"https:\/\/pidzaama.ee\/ru\/o-nas\/"},{"@type":"ListItem","position":3,"name":"\u0416\u0435\u043d\u0441\u043a\u0430\u044f \u043f\u0438\u0436\u0430\u043c\u0430 12506L"}]},{"@type":"WebSite","@id":"https:\/\/pidzaama.ee\/ru\/#website","url":"https:\/\/pidzaama.ee\/ru\/","name":"Pidzaama House","description":"T\u00e4iendame pidevalt meie sortimendi ning suurusi!","potentialAction":[{"@type":"SearchAction","target":{"@type":"EntryPoint","urlTemplate":"https:\/\/pidzaama.ee\/ru\/?s={search_term_string}"},"query-input":{"@type":"PropertyValueSpecification","valueRequired":true,"valueName":"search_term_string"}}],"inLanguage":"ru-RU"}]}},"_links":{"self":[{"href":"https:\/\/pidzaama.ee\/ru\/wp-json\/wp\/v2\/product\/1787","targetHints":{"allow":["GET"]}}],"collection":[{"href":"https:\/\/pidzaama.ee\/ru\/wp-json\/wp\/v2\/product"}],"about":[{"href":"https:\/\/pidzaama.ee\/ru\/wp-json\/wp\/v2\/types\/product"}],"wp:featuredmedia":[{"embeddable":true,"href":"https:\/\/pidzaama.ee\/ru\/wp-json\/wp\/v2\/media\/16621"}],"wp:attachment":[{"href":"https:\/\/pidzaama.ee\/ru\/wp-json\/wp\/v2\/media?parent=1787"}],"wp:term":[{"taxonomy":"product_brand","embeddable":true,"href":"https:\/\/pidzaama.ee\/ru\/wp-json\/wp\/v2\/product_brand?post=1787"},{"taxonomy":"product_cat","embeddable":true,"href":"https:\/\/pidzaama.ee\/ru\/wp-json\/wp\/v2\/product_cat?post=1787"},{"taxonomy":"product_tag","embeddable":true,"href":"https:\/\/pidzaama.ee\/ru\/wp-json\/wp\/v2\/product_tag?post=1787"}],"curies":[{"name":"wp","href":"https:\/\/api.w.org\/{rel}","templated":true}]}}