{"id":17892,"date":"2025-04-04T14:10:57","date_gmt":"2025-04-04T14:10:57","guid":{"rendered":"https:\/\/pidzaama.ee\/?post_type=product&#038;p=17892"},"modified":"2025-04-04T14:35:50","modified_gmt":"2025-04-04T14:35:50","slug":"%d0%bd%d0%be%d1%87%d0%bd%d0%b0%d1%8f-%d1%85%d0%bb%d0%be%d0%bf%d0%ba%d0%be%d0%b2%d0%b0%d1%8f-%d1%81%d0%be%d1%80%d0%be%d1%87%d0%ba%d0%b0-14714","status":"publish","type":"product","link":"https:\/\/pidzaama.ee\/ru\/product\/%d0%bd%d0%be%d1%87%d0%bd%d0%b0%d1%8f-%d1%85%d0%bb%d0%be%d0%bf%d0%ba%d0%be%d0%b2%d0%b0%d1%8f-%d1%81%d0%be%d1%80%d0%be%d1%87%d0%ba%d0%b0-14714\/","title":{"rendered":"\u041d\u043e\u0447\u043d\u0430\u044f \u0445\u043b\u043e\u043f\u043a\u043e\u0432\u0430\u044f \u0441\u043e\u0440\u043e\u0447\u043a\u0430 14714"},"content":{"rendered":"<p style=\"margin-bottom: 1rem\"><span style=\"color: #777777;font-size: 15px;font-family: Times New Roman\"><span style=\"font-size: 18px\">\u0421\u043e\u0441\u0442\u0430\u0432:\u00a0<\/span><\/span><span style=\"color: #777777;font-family: Times New Roman\"><span style=\"font-size: 18px\">100% \u0445\u043b\u043e\u043f\u043e\u043a\u00a0<\/span><\/span><\/p>\n<p><b>\u044d\u0442\u0430 \u043c\u043e\u0434\u0435\u043b\u044c &#8212; \u043c\u0430\u043b\u043e\u043c\u0435\u0440\u043a\u0430, \u0440\u0435\u043a\u043e\u043c\u0435\u043d\u0434\u0443\u0435\u043c \u043f\u0440\u043e\u0432\u0435\u0440\u0438\u0442\u044c \u0442\u0430\u0431\u043b\u0438\u0446\u0443 \u0440\u0430\u0437\u043c\u0435\u0440\u043e\u0432<\/b><\/p>\n<p style=\"margin-bottom: 1rem\"><span style=\"font-family: Times New Roman\"><span style=\"color: #777777\"><span style=\"font-size: 18px\"><b>S-4XL<\/b><\/span><\/span><\/span><\/p>\n<p class=\"MsoNormal\" style=\"margin-bottom: 1rem;font-size: 15px;color: #777777;line-height: normal\"><span style=\"font-size: 18px\"><span style=\"font-family: Times New Roman\">\u0426\u0432\u0435\u0442 \u0442\u043e\u0432\u0430\u0440\u0430 \u043c\u043e\u0436\u0435\u0442 \u043e\u0442\u043b\u0438\u0447\u0430\u0442\u044c\u0441\u044f \u043e\u0442 \u0446\u0432\u0435\u0442\u0430 \u043d\u0430 \u0444\u043e\u0442\u043e\u0433\u0440\u0430\u0444\u0438\u0438<\/span><\/span><\/p>\n<p class=\"MsoNormal\" style=\"margin-bottom: 1rem;font-size: 15px;color: #777777;line-height: normal\"><span style=\"font-size: 18px\"><span style=\"font-family: Times New Roman\">\u0412\u043d\u0438\u043c\u0430\u0442\u0435\u043b\u044c\u043d\u043e \u0438\u0437\u0443\u0447\u0438\u0442\u0435 \u0442\u0430\u0431\u043b\u0438\u0446\u0443 \u0440\u0430\u0437\u043c\u0435\u0440\u043e\u0432<\/span><\/span><\/p>\n<table border=\"0\" width=\"604\" cellspacing=\"0\" cellpadding=\"0\">\n<colgroup>\n<col span=\"2\" width=\"151\" \/>\n<col span=\"2\" width=\"151\" \/><\/colgroup>\n<tbody>\n<tr>\n<td class=\"xl66\" width=\"151\" height=\"24\"><\/td>\n<td class=\"xl69\" width=\"151\">Rinna\u00fcmberm\u00f5\u00f5t<\/td>\n<td class=\"xl69\" width=\"151\">Puusa\u00fcmberm\u00f5\u00f5t<\/td>\n<td class=\"xl69\" width=\"151\">P\u00fckste pikkus<\/td>\n<\/tr>\n<tr>\n<td class=\"xl66\" height=\"21\"><\/td>\n<td class=\"xl69\">\u041e\u0431\u044a\u0435\u043c \u0433\u0440\u0443\u0434\u0438<\/td>\n<td class=\"xl69\">\u041e\u0431\u044a\u0435\u043c \u0431\u0435\u0434\u0435\u0440<\/td>\n<td class=\"xl69\">\u0414\u043b\u0438\u043d\u0430 \u0448\u0442\u0430\u043d\u043e\u0432<\/td>\n<\/tr>\n<tr>\n<td class=\"xl66\" height=\"21\"><\/td>\n<td class=\"xl69\">Chest<\/td>\n<td class=\"xl69\">Hips<\/td>\n<td class=\"xl69\">Outside leg<\/td>\n<\/tr>\n<tr>\n<td class=\"xl67\" height=\"21\">S<\/td>\n<td class=\"xl65\" width=\"151\">84<\/td>\n<td class=\"xl68\">98<\/td>\n<td class=\"xl68\">84<\/td>\n<\/tr>\n<tr>\n<td class=\"xl67\" height=\"21\">M<\/td>\n<td class=\"xl65\" width=\"151\">88<\/td>\n<td class=\"xl68\">104<\/td>\n<td class=\"xl68\">86<\/td>\n<\/tr>\n<tr>\n<td class=\"xl67\" height=\"21\">L<\/td>\n<td class=\"xl68\">92<\/td>\n<td class=\"xl68\">108<\/td>\n<td class=\"xl68\">87<\/td>\n<\/tr>\n<tr>\n<td class=\"xl67\" height=\"21\">XL<\/td>\n<td class=\"xl68\">96<\/td>\n<td class=\"xl68\">112<\/td>\n<td class=\"xl68\">89<\/td>\n<\/tr>\n<tr>\n<td class=\"xl67\" height=\"21\">2XL<\/td>\n<td class=\"xl68\">100<\/td>\n<td class=\"xl68\">116<\/td>\n<td class=\"xl68\">91<\/td>\n<\/tr>\n<tr>\n<td class=\"xl67\" height=\"21\">3XL<\/td>\n<td class=\"xl68\">106<\/td>\n<td class=\"xl68\">122<\/td>\n<td class=\"xl68\">94<\/td>\n<\/tr>\n<tr>\n<td class=\"xl67\" height=\"21\">4XL<\/td>\n<td class=\"xl68\">112<\/td>\n<td class=\"xl68\">128<\/td>\n<td class=\"xl68\">97<\/td>\n<\/tr>\n<\/tbody>\n<\/table>\n","protected":false},"excerpt":{"rendered":"<p>\u0421\u043e\u0441\u0442\u0430\u0432:\u00a0100% \u0445\u043b\u043e\u043f\u043e\u043a\u00a0 \u044d\u0442\u0430 \u043c\u043e\u0434\u0435\u043b\u044c &#8212; \u043c\u0430\u043b\u043e\u043c\u0435\u0440\u043a\u0430, \u0440\u0435\u043a\u043e\u043c\u0435\u043d\u0434\u0443\u0435\u043c \u043f\u0440\u043e\u0432\u0435\u0440\u0438\u0442\u044c \u0442\u0430\u0431\u043b\u0438\u0446\u0443 \u0440\u0430\u0437\u043c\u0435\u0440\u043e\u0432 S-4XL \u0426\u0432\u0435\u0442 \u0442\u043e\u0432\u0430\u0440\u0430 \u043c\u043e\u0436\u0435\u0442 \u043e\u0442\u043b\u0438\u0447\u0430\u0442\u044c\u0441\u044f \u043e\u0442 \u0446\u0432\u0435\u0442\u0430 \u043d\u0430 \u0444\u043e\u0442\u043e\u0433\u0440\u0430\u0444\u0438\u0438 \u0412\u043d\u0438\u043c\u0430\u0442\u0435\u043b\u044c\u043d\u043e \u0438\u0437\u0443\u0447\u0438\u0442\u0435 \u0442\u0430\u0431\u043b\u0438\u0446\u0443 \u0440\u0430\u0437\u043c\u0435\u0440\u043e\u0432 Rinna\u00fcmberm\u00f5\u00f5t Puusa\u00fcmberm\u00f5\u00f5t P\u00fckste pikkus \u041e\u0431\u044a\u0435\u043c \u0433\u0440\u0443\u0434\u0438 \u041e\u0431\u044a\u0435\u043c \u0431\u0435\u0434\u0435\u0440 \u0414\u043b\u0438\u043d\u0430 \u0448\u0442\u0430\u043d\u043e\u0432 Chest Hips Outside leg S 84 98 84 M 88 104 86 L 92 108 87 XL 96 112 89 2XL 100 [&hellip;]<\/p>\n","protected":false},"featured_media":17922,"template":"","meta":[],"product_brand":[],"product_cat":[81,101,154],"product_tag":[],"class_list":{"0":"post-17892","1":"product","2":"type-product","3":"status-publish","4":"has-post-thumbnail","6":"product_cat-81","7":"product_cat-101","8":"product_cat---ru","10":"first","11":"instock","12":"sale","13":"taxable","14":"shipping-taxable","15":"purchasable","16":"product-type-variable"},"yoast_head":"<!-- This site is optimized with the Yoast SEO plugin v27.3 - https:\/\/yoast.com\/product\/yoast-seo-wordpress\/ -->\n<title>\u041d\u043e\u0447\u043d\u0430\u044f \u0445\u043b\u043e\u043f\u043a\u043e\u0432\u0430\u044f \u0441\u043e\u0440\u043e\u0447\u043a\u0430 14714<\/title>\n<meta name=\"description\" content=\"\u0421\u043e\u0441\u0442\u0430\u0432:\u00a0100% \u0445\u043b\u043e\u043f\u043e\u043a.\u00a0S-4XL. \u0426\u0432\u0435\u0442 \u0442\u043e\u0432\u0430\u0440\u0430 \u043c\u043e\u0436\u0435\u0442 \u043e\u0442\u043b\u0438\u0447\u0430\u0442\u044c\u0441\u044f \u043e\u0442 \u0446\u0432\u0435\u0442\u0430 \u043d\u0430 \u0444\u043e\u0442\u043e\u0433\u0440\u0430\u0444\u0438\u0438. \u041d\u043e\u0447\u043d\u0430\u044f \u0445\u043b\u043e\u043f\u043a\u043e\u0432\u0430\u044f \u0441\u043e\u0440\u043e\u0447\u043a\u0430\" \/>\n<meta name=\"robots\" content=\"index, follow, max-snippet:-1, max-image-preview:large, max-video-preview:-1\" \/>\n<link rel=\"canonical\" href=\"https:\/\/pidzaama.ee\/ru\/product\/%d0%bd%d0%be%d1%87%d0%bd%d0%b0%d1%8f-%d1%85%d0%bb%d0%be%d0%bf%d0%ba%d0%be%d0%b2%d0%b0%d1%8f-%d1%81%d0%be%d1%80%d0%be%d1%87%d0%ba%d0%b0-14714\/\" \/>\n<meta property=\"og:locale\" content=\"ru_RU\" \/>\n<meta property=\"og:type\" content=\"article\" \/>\n<meta property=\"og:title\" content=\"\u041d\u043e\u0447\u043d\u0430\u044f \u0445\u043b\u043e\u043f\u043a\u043e\u0432\u0430\u044f \u0441\u043e\u0440\u043e\u0447\u043a\u0430 14714\" \/>\n<meta property=\"og:description\" content=\"\u0421\u043e\u0441\u0442\u0430\u0432:\u00a0100% \u0445\u043b\u043e\u043f\u043e\u043a.\u00a0S-4XL. \u0426\u0432\u0435\u0442 \u0442\u043e\u0432\u0430\u0440\u0430 \u043c\u043e\u0436\u0435\u0442 \u043e\u0442\u043b\u0438\u0447\u0430\u0442\u044c\u0441\u044f \u043e\u0442 \u0446\u0432\u0435\u0442\u0430 \u043d\u0430 \u0444\u043e\u0442\u043e\u0433\u0440\u0430\u0444\u0438\u0438. \u041d\u043e\u0447\u043d\u0430\u044f \u0445\u043b\u043e\u043f\u043a\u043e\u0432\u0430\u044f \u0441\u043e\u0440\u043e\u0447\u043a\u0430\" \/>\n<meta property=\"og:url\" content=\"https:\/\/pidzaama.ee\/ru\/product\/%d0%bd%d0%be%d1%87%d0%bd%d0%b0%d1%8f-%d1%85%d0%bb%d0%be%d0%bf%d0%ba%d0%be%d0%b2%d0%b0%d1%8f-%d1%81%d0%be%d1%80%d0%be%d1%87%d0%ba%d0%b0-14714\/\" \/>\n<meta property=\"og:site_name\" content=\"Pidzaama House\" \/>\n<meta property=\"article:modified_time\" content=\"2025-04-04T14:35:50+00:00\" \/>\n<meta property=\"og:image\" content=\"https:\/\/pidzaama.ee\/wp-content\/uploads\/2025\/04\/14714.jpg\" \/>\n\t<meta property=\"og:image:width\" content=\"975\" \/>\n\t<meta property=\"og:image:height\" content=\"1300\" \/>\n\t<meta property=\"og:image:type\" content=\"image\/jpeg\" \/>\n<meta name=\"twitter:card\" content=\"summary_large_image\" \/>\n<meta name=\"twitter:label1\" content=\"\u041f\u0440\u0438\u043c\u0435\u0440\u043d\u043e\u0435 \u0432\u0440\u0435\u043c\u044f \u0434\u043b\u044f \u0447\u0442\u0435\u043d\u0438\u044f\" \/>\n\t<meta name=\"twitter:data1\" content=\"1 \u043c\u0438\u043d\u0443\u0442\u0430\" \/>\n<script type=\"application\/ld+json\" class=\"yoast-schema-graph\">{\"@context\":\"https:\\\/\\\/schema.org\",\"@graph\":[{\"@type\":\"WebPage\",\"@id\":\"https:\\\/\\\/pidzaama.ee\\\/ru\\\/product\\\/%d0%bd%d0%be%d1%87%d0%bd%d0%b0%d1%8f-%d1%85%d0%bb%d0%be%d0%bf%d0%ba%d0%be%d0%b2%d0%b0%d1%8f-%d1%81%d0%be%d1%80%d0%be%d1%87%d0%ba%d0%b0-14714\\\/\",\"url\":\"https:\\\/\\\/pidzaama.ee\\\/ru\\\/product\\\/%d0%bd%d0%be%d1%87%d0%bd%d0%b0%d1%8f-%d1%85%d0%bb%d0%be%d0%bf%d0%ba%d0%be%d0%b2%d0%b0%d1%8f-%d1%81%d0%be%d1%80%d0%be%d1%87%d0%ba%d0%b0-14714\\\/\",\"name\":\"\u041d\u043e\u0447\u043d\u0430\u044f \u0445\u043b\u043e\u043f\u043a\u043e\u0432\u0430\u044f \u0441\u043e\u0440\u043e\u0447\u043a\u0430 14714\",\"isPartOf\":{\"@id\":\"https:\\\/\\\/pidzaama.ee\\\/ru\\\/#website\"},\"primaryImageOfPage\":{\"@id\":\"https:\\\/\\\/pidzaama.ee\\\/ru\\\/product\\\/%d0%bd%d0%be%d1%87%d0%bd%d0%b0%d1%8f-%d1%85%d0%bb%d0%be%d0%bf%d0%ba%d0%be%d0%b2%d0%b0%d1%8f-%d1%81%d0%be%d1%80%d0%be%d1%87%d0%ba%d0%b0-14714\\\/#primaryimage\"},\"image\":{\"@id\":\"https:\\\/\\\/pidzaama.ee\\\/ru\\\/product\\\/%d0%bd%d0%be%d1%87%d0%bd%d0%b0%d1%8f-%d1%85%d0%bb%d0%be%d0%bf%d0%ba%d0%be%d0%b2%d0%b0%d1%8f-%d1%81%d0%be%d1%80%d0%be%d1%87%d0%ba%d0%b0-14714\\\/#primaryimage\"},\"thumbnailUrl\":\"https:\\\/\\\/pidzaama.ee\\\/wp-content\\\/uploads\\\/2025\\\/04\\\/14714.jpg\",\"datePublished\":\"2025-04-04T14:10:57+00:00\",\"dateModified\":\"2025-04-04T14:35:50+00:00\",\"description\":\"\u0421\u043e\u0441\u0442\u0430\u0432:\u00a0100% \u0445\u043b\u043e\u043f\u043e\u043a.\u00a0S-4XL. \u0426\u0432\u0435\u0442 \u0442\u043e\u0432\u0430\u0440\u0430 \u043c\u043e\u0436\u0435\u0442 \u043e\u0442\u043b\u0438\u0447\u0430\u0442\u044c\u0441\u044f \u043e\u0442 \u0446\u0432\u0435\u0442\u0430 \u043d\u0430 \u0444\u043e\u0442\u043e\u0433\u0440\u0430\u0444\u0438\u0438. \u041d\u043e\u0447\u043d\u0430\u044f \u0445\u043b\u043e\u043f\u043a\u043e\u0432\u0430\u044f \u0441\u043e\u0440\u043e\u0447\u043a\u0430\",\"breadcrumb\":{\"@id\":\"https:\\\/\\\/pidzaama.ee\\\/ru\\\/product\\\/%d0%bd%d0%be%d1%87%d0%bd%d0%b0%d1%8f-%d1%85%d0%bb%d0%be%d0%bf%d0%ba%d0%be%d0%b2%d0%b0%d1%8f-%d1%81%d0%be%d1%80%d0%be%d1%87%d0%ba%d0%b0-14714\\\/#breadcrumb\"},\"inLanguage\":\"ru-RU\",\"potentialAction\":[{\"@type\":\"ReadAction\",\"target\":[\"https:\\\/\\\/pidzaama.ee\\\/ru\\\/product\\\/%d0%bd%d0%be%d1%87%d0%bd%d0%b0%d1%8f-%d1%85%d0%bb%d0%be%d0%bf%d0%ba%d0%be%d0%b2%d0%b0%d1%8f-%d1%81%d0%be%d1%80%d0%be%d1%87%d0%ba%d0%b0-14714\\\/\"]}]},{\"@type\":\"ImageObject\",\"inLanguage\":\"ru-RU\",\"@id\":\"https:\\\/\\\/pidzaama.ee\\\/ru\\\/product\\\/%d0%bd%d0%be%d1%87%d0%bd%d0%b0%d1%8f-%d1%85%d0%bb%d0%be%d0%bf%d0%ba%d0%be%d0%b2%d0%b0%d1%8f-%d1%81%d0%be%d1%80%d0%be%d1%87%d0%ba%d0%b0-14714\\\/#primaryimage\",\"url\":\"https:\\\/\\\/pidzaama.ee\\\/wp-content\\\/uploads\\\/2025\\\/04\\\/14714.jpg\",\"contentUrl\":\"https:\\\/\\\/pidzaama.ee\\\/wp-content\\\/uploads\\\/2025\\\/04\\\/14714.jpg\",\"width\":975,\"height\":1300},{\"@type\":\"BreadcrumbList\",\"@id\":\"https:\\\/\\\/pidzaama.ee\\\/ru\\\/product\\\/%d0%bd%d0%be%d1%87%d0%bd%d0%b0%d1%8f-%d1%85%d0%bb%d0%be%d0%bf%d0%ba%d0%be%d0%b2%d0%b0%d1%8f-%d1%81%d0%be%d1%80%d0%be%d1%87%d0%ba%d0%b0-14714\\\/#breadcrumb\",\"itemListElement\":[{\"@type\":\"ListItem\",\"position\":1,\"name\":\"Home\",\"item\":\"https:\\\/\\\/pidzaama.ee\\\/ru\\\/esileht\\\/\"},{\"@type\":\"ListItem\",\"position\":2,\"name\":\"\u041e \u041d\u0410\u0421\",\"item\":\"https:\\\/\\\/pidzaama.ee\\\/ru\\\/o-nas\\\/\"},{\"@type\":\"ListItem\",\"position\":3,\"name\":\"\u041d\u043e\u0447\u043d\u0430\u044f \u0445\u043b\u043e\u043f\u043a\u043e\u0432\u0430\u044f \u0441\u043e\u0440\u043e\u0447\u043a\u0430 14714\"}]},{\"@type\":\"WebSite\",\"@id\":\"https:\\\/\\\/pidzaama.ee\\\/ru\\\/#website\",\"url\":\"https:\\\/\\\/pidzaama.ee\\\/ru\\\/\",\"name\":\"Pidzaama House\",\"description\":\"T\u00e4iendame pidevalt meie sortimendi ning suurusi!\",\"potentialAction\":[{\"@type\":\"SearchAction\",\"target\":{\"@type\":\"EntryPoint\",\"urlTemplate\":\"https:\\\/\\\/pidzaama.ee\\\/ru\\\/?s={search_term_string}\"},\"query-input\":{\"@type\":\"PropertyValueSpecification\",\"valueRequired\":true,\"valueName\":\"search_term_string\"}}],\"inLanguage\":\"ru-RU\"}]}<\/script>\n<!-- \/ Yoast SEO plugin. -->","yoast_head_json":{"title":"\u041d\u043e\u0447\u043d\u0430\u044f \u0445\u043b\u043e\u043f\u043a\u043e\u0432\u0430\u044f \u0441\u043e\u0440\u043e\u0447\u043a\u0430 14714","description":"\u0421\u043e\u0441\u0442\u0430\u0432:\u00a0100% \u0445\u043b\u043e\u043f\u043e\u043a.\u00a0S-4XL. \u0426\u0432\u0435\u0442 \u0442\u043e\u0432\u0430\u0440\u0430 \u043c\u043e\u0436\u0435\u0442 \u043e\u0442\u043b\u0438\u0447\u0430\u0442\u044c\u0441\u044f \u043e\u0442 \u0446\u0432\u0435\u0442\u0430 \u043d\u0430 \u0444\u043e\u0442\u043e\u0433\u0440\u0430\u0444\u0438\u0438. \u041d\u043e\u0447\u043d\u0430\u044f \u0445\u043b\u043e\u043f\u043a\u043e\u0432\u0430\u044f \u0441\u043e\u0440\u043e\u0447\u043a\u0430","robots":{"index":"index","follow":"follow","max-snippet":"max-snippet:-1","max-image-preview":"max-image-preview:large","max-video-preview":"max-video-preview:-1"},"canonical":"https:\/\/pidzaama.ee\/ru\/product\/%d0%bd%d0%be%d1%87%d0%bd%d0%b0%d1%8f-%d1%85%d0%bb%d0%be%d0%bf%d0%ba%d0%be%d0%b2%d0%b0%d1%8f-%d1%81%d0%be%d1%80%d0%be%d1%87%d0%ba%d0%b0-14714\/","og_locale":"ru_RU","og_type":"article","og_title":"\u041d\u043e\u0447\u043d\u0430\u044f \u0445\u043b\u043e\u043f\u043a\u043e\u0432\u0430\u044f \u0441\u043e\u0440\u043e\u0447\u043a\u0430 14714","og_description":"\u0421\u043e\u0441\u0442\u0430\u0432:\u00a0100% \u0445\u043b\u043e\u043f\u043e\u043a.\u00a0S-4XL. \u0426\u0432\u0435\u0442 \u0442\u043e\u0432\u0430\u0440\u0430 \u043c\u043e\u0436\u0435\u0442 \u043e\u0442\u043b\u0438\u0447\u0430\u0442\u044c\u0441\u044f \u043e\u0442 \u0446\u0432\u0435\u0442\u0430 \u043d\u0430 \u0444\u043e\u0442\u043e\u0433\u0440\u0430\u0444\u0438\u0438. \u041d\u043e\u0447\u043d\u0430\u044f \u0445\u043b\u043e\u043f\u043a\u043e\u0432\u0430\u044f \u0441\u043e\u0440\u043e\u0447\u043a\u0430","og_url":"https:\/\/pidzaama.ee\/ru\/product\/%d0%bd%d0%be%d1%87%d0%bd%d0%b0%d1%8f-%d1%85%d0%bb%d0%be%d0%bf%d0%ba%d0%be%d0%b2%d0%b0%d1%8f-%d1%81%d0%be%d1%80%d0%be%d1%87%d0%ba%d0%b0-14714\/","og_site_name":"Pidzaama House","article_modified_time":"2025-04-04T14:35:50+00:00","og_image":[{"width":975,"height":1300,"url":"https:\/\/pidzaama.ee\/wp-content\/uploads\/2025\/04\/14714.jpg","type":"image\/jpeg"}],"twitter_card":"summary_large_image","twitter_misc":{"\u041f\u0440\u0438\u043c\u0435\u0440\u043d\u043e\u0435 \u0432\u0440\u0435\u043c\u044f \u0434\u043b\u044f \u0447\u0442\u0435\u043d\u0438\u044f":"1 \u043c\u0438\u043d\u0443\u0442\u0430"},"schema":{"@context":"https:\/\/schema.org","@graph":[{"@type":"WebPage","@id":"https:\/\/pidzaama.ee\/ru\/product\/%d0%bd%d0%be%d1%87%d0%bd%d0%b0%d1%8f-%d1%85%d0%bb%d0%be%d0%bf%d0%ba%d0%be%d0%b2%d0%b0%d1%8f-%d1%81%d0%be%d1%80%d0%be%d1%87%d0%ba%d0%b0-14714\/","url":"https:\/\/pidzaama.ee\/ru\/product\/%d0%bd%d0%be%d1%87%d0%bd%d0%b0%d1%8f-%d1%85%d0%bb%d0%be%d0%bf%d0%ba%d0%be%d0%b2%d0%b0%d1%8f-%d1%81%d0%be%d1%80%d0%be%d1%87%d0%ba%d0%b0-14714\/","name":"\u041d\u043e\u0447\u043d\u0430\u044f \u0445\u043b\u043e\u043f\u043a\u043e\u0432\u0430\u044f \u0441\u043e\u0440\u043e\u0447\u043a\u0430 14714","isPartOf":{"@id":"https:\/\/pidzaama.ee\/ru\/#website"},"primaryImageOfPage":{"@id":"https:\/\/pidzaama.ee\/ru\/product\/%d0%bd%d0%be%d1%87%d0%bd%d0%b0%d1%8f-%d1%85%d0%bb%d0%be%d0%bf%d0%ba%d0%be%d0%b2%d0%b0%d1%8f-%d1%81%d0%be%d1%80%d0%be%d1%87%d0%ba%d0%b0-14714\/#primaryimage"},"image":{"@id":"https:\/\/pidzaama.ee\/ru\/product\/%d0%bd%d0%be%d1%87%d0%bd%d0%b0%d1%8f-%d1%85%d0%bb%d0%be%d0%bf%d0%ba%d0%be%d0%b2%d0%b0%d1%8f-%d1%81%d0%be%d1%80%d0%be%d1%87%d0%ba%d0%b0-14714\/#primaryimage"},"thumbnailUrl":"https:\/\/pidzaama.ee\/wp-content\/uploads\/2025\/04\/14714.jpg","datePublished":"2025-04-04T14:10:57+00:00","dateModified":"2025-04-04T14:35:50+00:00","description":"\u0421\u043e\u0441\u0442\u0430\u0432:\u00a0100% \u0445\u043b\u043e\u043f\u043e\u043a.\u00a0S-4XL. \u0426\u0432\u0435\u0442 \u0442\u043e\u0432\u0430\u0440\u0430 \u043c\u043e\u0436\u0435\u0442 \u043e\u0442\u043b\u0438\u0447\u0430\u0442\u044c\u0441\u044f \u043e\u0442 \u0446\u0432\u0435\u0442\u0430 \u043d\u0430 \u0444\u043e\u0442\u043e\u0433\u0440\u0430\u0444\u0438\u0438. \u041d\u043e\u0447\u043d\u0430\u044f \u0445\u043b\u043e\u043f\u043a\u043e\u0432\u0430\u044f \u0441\u043e\u0440\u043e\u0447\u043a\u0430","breadcrumb":{"@id":"https:\/\/pidzaama.ee\/ru\/product\/%d0%bd%d0%be%d1%87%d0%bd%d0%b0%d1%8f-%d1%85%d0%bb%d0%be%d0%bf%d0%ba%d0%be%d0%b2%d0%b0%d1%8f-%d1%81%d0%be%d1%80%d0%be%d1%87%d0%ba%d0%b0-14714\/#breadcrumb"},"inLanguage":"ru-RU","potentialAction":[{"@type":"ReadAction","target":["https:\/\/pidzaama.ee\/ru\/product\/%d0%bd%d0%be%d1%87%d0%bd%d0%b0%d1%8f-%d1%85%d0%bb%d0%be%d0%bf%d0%ba%d0%be%d0%b2%d0%b0%d1%8f-%d1%81%d0%be%d1%80%d0%be%d1%87%d0%ba%d0%b0-14714\/"]}]},{"@type":"ImageObject","inLanguage":"ru-RU","@id":"https:\/\/pidzaama.ee\/ru\/product\/%d0%bd%d0%be%d1%87%d0%bd%d0%b0%d1%8f-%d1%85%d0%bb%d0%be%d0%bf%d0%ba%d0%be%d0%b2%d0%b0%d1%8f-%d1%81%d0%be%d1%80%d0%be%d1%87%d0%ba%d0%b0-14714\/#primaryimage","url":"https:\/\/pidzaama.ee\/wp-content\/uploads\/2025\/04\/14714.jpg","contentUrl":"https:\/\/pidzaama.ee\/wp-content\/uploads\/2025\/04\/14714.jpg","width":975,"height":1300},{"@type":"BreadcrumbList","@id":"https:\/\/pidzaama.ee\/ru\/product\/%d0%bd%d0%be%d1%87%d0%bd%d0%b0%d1%8f-%d1%85%d0%bb%d0%be%d0%bf%d0%ba%d0%be%d0%b2%d0%b0%d1%8f-%d1%81%d0%be%d1%80%d0%be%d1%87%d0%ba%d0%b0-14714\/#breadcrumb","itemListElement":[{"@type":"ListItem","position":1,"name":"Home","item":"https:\/\/pidzaama.ee\/ru\/esileht\/"},{"@type":"ListItem","position":2,"name":"\u041e \u041d\u0410\u0421","item":"https:\/\/pidzaama.ee\/ru\/o-nas\/"},{"@type":"ListItem","position":3,"name":"\u041d\u043e\u0447\u043d\u0430\u044f \u0445\u043b\u043e\u043f\u043a\u043e\u0432\u0430\u044f \u0441\u043e\u0440\u043e\u0447\u043a\u0430 14714"}]},{"@type":"WebSite","@id":"https:\/\/pidzaama.ee\/ru\/#website","url":"https:\/\/pidzaama.ee\/ru\/","name":"Pidzaama House","description":"T\u00e4iendame pidevalt meie sortimendi ning suurusi!","potentialAction":[{"@type":"SearchAction","target":{"@type":"EntryPoint","urlTemplate":"https:\/\/pidzaama.ee\/ru\/?s={search_term_string}"},"query-input":{"@type":"PropertyValueSpecification","valueRequired":true,"valueName":"search_term_string"}}],"inLanguage":"ru-RU"}]}},"_links":{"self":[{"href":"https:\/\/pidzaama.ee\/ru\/wp-json\/wp\/v2\/product\/17892","targetHints":{"allow":["GET"]}}],"collection":[{"href":"https:\/\/pidzaama.ee\/ru\/wp-json\/wp\/v2\/product"}],"about":[{"href":"https:\/\/pidzaama.ee\/ru\/wp-json\/wp\/v2\/types\/product"}],"wp:featuredmedia":[{"embeddable":true,"href":"https:\/\/pidzaama.ee\/ru\/wp-json\/wp\/v2\/media\/17922"}],"wp:attachment":[{"href":"https:\/\/pidzaama.ee\/ru\/wp-json\/wp\/v2\/media?parent=17892"}],"wp:term":[{"taxonomy":"product_brand","embeddable":true,"href":"https:\/\/pidzaama.ee\/ru\/wp-json\/wp\/v2\/product_brand?post=17892"},{"taxonomy":"product_cat","embeddable":true,"href":"https:\/\/pidzaama.ee\/ru\/wp-json\/wp\/v2\/product_cat?post=17892"},{"taxonomy":"product_tag","embeddable":true,"href":"https:\/\/pidzaama.ee\/ru\/wp-json\/wp\/v2\/product_tag?post=17892"}],"curies":[{"name":"wp","href":"https:\/\/api.w.org\/{rel}","templated":true}]}}