{"id":1980,"date":"2020-10-08T14:33:41","date_gmt":"2020-10-08T14:33:41","guid":{"rendered":"https:\/\/pidzaama-ee.vserver.zonevs.eu\/?product=%d0%b6%d0%b5%d0%bd%d1%81%d0%ba%d0%b8%d0%b9-%d1%85%d0%b0%d0%bb%d0%b0%d1%82-71543a"},"modified":"2025-10-28T12:58:44","modified_gmt":"2025-10-28T12:58:44","slug":"%d0%b6%d0%b5%d0%bd%d1%81%d0%ba%d0%b8%d0%b9-%d1%85%d0%b0%d0%bb%d0%b0%d1%82-71543a","status":"publish","type":"product","link":"https:\/\/pidzaama.ee\/ru\/product\/%d0%b6%d0%b5%d0%bd%d1%81%d0%ba%d0%b8%d0%b9-%d1%85%d0%b0%d0%bb%d0%b0%d1%82-71543a\/","title":{"rendered":"\u0416\u0435\u043d\u0441\u043a\u0438\u0439 \u0445\u0430\u043b\u0430\u0442 71543A"},"content":{"rendered":"<p class=\"MsoNormal\" style=\"margin-bottom: 1rem\"><span style=\"color: #777777;font-size: 15px;font-family: Times New Roman\"><span style=\"font-size: 18px\">\u0421\u043e\u0441\u0442\u0430\u0432:\u00a0<\/span><\/span><span style=\"color: #777777;font-family: Times New Roman\"><span style=\"font-size: 18px\">70% \u0445\u043b\u043e\u043f\u043e\u043a, 30% \u043f\u043b\u044e\u0448<\/span><\/span><\/p>\n<p style=\"margin-bottom: 1rem\"><span style=\"color: #777777;font-family: Times New Roman\"><span style=\"font-size: 18px\"><b>M-4XL<\/b><\/span><\/span><\/p>\n<p class=\"MsoNormal\" style=\"margin-bottom: 1rem;font-size: 15px;color: #777777;line-height: normal\"><span style=\"font-size: 18px\"><span style=\"font-family: Times New Roman\">\u0426\u0432\u0435\u0442 \u0442\u043e\u0432\u0430\u0440\u0430 \u043c\u043e\u0436\u0435\u0442 \u043e\u0442\u043b\u0438\u0447\u0430\u0442\u044c\u0441\u044f \u043e\u0442 \u0446\u0432\u0435\u0442\u0430 \u043d\u0430 \u0444\u043e\u0442\u043e\u0433\u0440\u0430\u0444\u0438\u0438<\/span><\/span><\/p>\n<p class=\"MsoNormal\" style=\"margin-bottom: 1rem;font-size: 15px;color: #777777;line-height: normal\"><span style=\"font-size: 18px\"><span style=\"font-family: Times New Roman\">\u0412\u043d\u0438\u043c\u0430\u0442\u0435\u043b\u044c\u043d\u043e \u0438\u0437\u0443\u0447\u0438\u0442\u0435 \u0442\u0430\u0431\u043b\u0438\u0446\u0443 \u0440\u0430\u0437\u043c\u0435\u0440\u043e\u0432<\/span><\/span><\/p>\n<table width=\"604\">\n<tbody>\n<tr>\n<td width=\"151\"><\/td>\n<td width=\"151\">Rinna\u00fcmberm\u00f5\u00f5t<\/td>\n<td width=\"151\">Puusa\u00fcmberm\u00f5\u00f5t<\/td>\n<td width=\"151\">P\u00fckste pikkus<\/td>\n<\/tr>\n<tr>\n<td><\/td>\n<td>\u041e\u0431\u044a\u0435\u043c \u0433\u0440\u0443\u0434\u0438<\/td>\n<td>\u041e\u0431\u044a\u0435\u043c \u0431\u0435\u0434\u0435\u0440<\/td>\n<td>\u0414\u043b\u0438\u043d\u0430<\/td>\n<\/tr>\n<tr>\n<td><\/td>\n<td>Chest<\/td>\n<td>Hips<\/td>\n<td>Outside leg<\/td>\n<\/tr>\n<tr>\n<td>M<\/td>\n<td width=\"151\">112<\/td>\n<td><\/td>\n<td>90<\/td>\n<\/tr>\n<tr>\n<td>L<\/td>\n<td>116<\/td>\n<td><\/td>\n<td>90<\/td>\n<\/tr>\n<tr>\n<td>XL<\/td>\n<td>116<\/td>\n<td><\/td>\n<td>94<\/td>\n<\/tr>\n<tr>\n<td>2XL<\/td>\n<td>120<\/td>\n<td><\/td>\n<td>96<\/td>\n<\/tr>\n<tr>\n<td>4XL<\/td>\n<td>140<\/td>\n<td><\/td>\n<td>106<\/td>\n<\/tr>\n<\/tbody>\n<\/table>\n<p class=\"MsoNormal\" style=\"margin-bottom: 1rem;font-size: 15px;color: #777777;line-height: normal\"><span style=\"font-size: 18px\"><span style=\"font-family: Times New Roman\">\u00a0<\/span><\/span><\/p>\n<p class=\"MsoNormal\" style=\"margin-bottom: 1rem;font-size: 15px;color: #777777;line-height: normal\">\n","protected":false},"excerpt":{"rendered":"<p>\u0421\u043e\u0441\u0442\u0430\u0432:\u00a070% \u0445\u043b\u043e\u043f\u043e\u043a, 30% \u043f\u043b\u044e\u0448 M-4XL \u0426\u0432\u0435\u0442 \u0442\u043e\u0432\u0430\u0440\u0430 \u043c\u043e\u0436\u0435\u0442 \u043e\u0442\u043b\u0438\u0447\u0430\u0442\u044c\u0441\u044f \u043e\u0442 \u0446\u0432\u0435\u0442\u0430 \u043d\u0430 \u0444\u043e\u0442\u043e\u0433\u0440\u0430\u0444\u0438\u0438 \u0412\u043d\u0438\u043c\u0430\u0442\u0435\u043b\u044c\u043d\u043e \u0438\u0437\u0443\u0447\u0438\u0442\u0435 \u0442\u0430\u0431\u043b\u0438\u0446\u0443 \u0440\u0430\u0437\u043c\u0435\u0440\u043e\u0432 Rinna\u00fcmberm\u00f5\u00f5t Puusa\u00fcmberm\u00f5\u00f5t P\u00fckste pikkus \u041e\u0431\u044a\u0435\u043c \u0433\u0440\u0443\u0434\u0438 \u041e\u0431\u044a\u0435\u043c \u0431\u0435\u0434\u0435\u0440 \u0414\u043b\u0438\u043d\u0430 Chest Hips Outside leg M 112 90 L 116 90 XL 116 94 2XL 120 96 4XL 140 106 \u00a0<\/p>\n","protected":false},"featured_media":1973,"template":"","meta":[],"product_brand":[],"product_cat":[81,95],"product_tag":[],"class_list":{"0":"post-1980","1":"product","2":"type-product","3":"status-publish","4":"has-post-thumbnail","6":"product_cat-81","7":"product_cat-95","9":"first","10":"instock","11":"sale","12":"taxable","13":"shipping-taxable","14":"purchasable","15":"product-type-variable"},"yoast_head":"<!-- This site is optimized with the Yoast SEO plugin v27.3 - https:\/\/yoast.com\/product\/yoast-seo-wordpress\/ -->\n<title>\u0416\u0435\u043d\u0441\u043a\u0438\u0439 \u0445\u0430\u043b\u0430\u0442 71543A<\/title>\n<meta name=\"robots\" content=\"index, follow, max-snippet:-1, max-image-preview:large, max-video-preview:-1\" \/>\n<link rel=\"canonical\" href=\"https:\/\/pidzaama.ee\/ru\/product\/%d0%b6%d0%b5%d0%bd%d1%81%d0%ba%d0%b8%d0%b9-%d1%85%d0%b0%d0%bb%d0%b0%d1%82-71543a\/\" \/>\n<meta property=\"og:locale\" content=\"ru_RU\" \/>\n<meta property=\"og:type\" content=\"article\" \/>\n<meta property=\"og:title\" content=\"\u0416\u0435\u043d\u0441\u043a\u0438\u0439 \u0445\u0430\u043b\u0430\u0442 71543A\" \/>\n<meta property=\"og:description\" content=\"\u0421\u043e\u0441\u0442\u0430\u0432:\u00a070% \u0445\u043b\u043e\u043f\u043e\u043a, 30% \u043f\u043b\u044e\u0448 M-4XL \u0426\u0432\u0435\u0442 \u0442\u043e\u0432\u0430\u0440\u0430 \u043c\u043e\u0436\u0435\u0442 \u043e\u0442\u043b\u0438\u0447\u0430\u0442\u044c\u0441\u044f \u043e\u0442 \u0446\u0432\u0435\u0442\u0430 \u043d\u0430 \u0444\u043e\u0442\u043e\u0433\u0440\u0430\u0444\u0438\u0438 \u0412\u043d\u0438\u043c\u0430\u0442\u0435\u043b\u044c\u043d\u043e \u0438\u0437\u0443\u0447\u0438\u0442\u0435 \u0442\u0430\u0431\u043b\u0438\u0446\u0443 \u0440\u0430\u0437\u043c\u0435\u0440\u043e\u0432 Rinna\u00fcmberm\u00f5\u00f5t Puusa\u00fcmberm\u00f5\u00f5t P\u00fckste pikkus \u041e\u0431\u044a\u0435\u043c \u0433\u0440\u0443\u0434\u0438 \u041e\u0431\u044a\u0435\u043c \u0431\u0435\u0434\u0435\u0440 \u0414\u043b\u0438\u043d\u0430 Chest Hips Outside leg M 112 90 L 116 90 XL 116 94 2XL 120 96 4XL 140 106 \u00a0\" \/>\n<meta property=\"og:url\" content=\"https:\/\/pidzaama.ee\/ru\/product\/%d0%b6%d0%b5%d0%bd%d1%81%d0%ba%d0%b8%d0%b9-%d1%85%d0%b0%d0%bb%d0%b0%d1%82-71543a\/\" \/>\n<meta property=\"og:site_name\" content=\"Pidzaama House\" \/>\n<meta property=\"article:modified_time\" content=\"2025-10-28T12:58:44+00:00\" \/>\n<meta property=\"og:image\" content=\"https:\/\/pidzaama.ee\/wp-content\/uploads\/2021\/05\/71543A2.jpg\" \/>\n\t<meta property=\"og:image:width\" content=\"1200\" \/>\n\t<meta property=\"og:image:height\" content=\"1600\" \/>\n\t<meta property=\"og:image:type\" content=\"image\/jpeg\" \/>\n<meta name=\"twitter:card\" content=\"summary_large_image\" \/>\n<meta name=\"twitter:label1\" content=\"\u041f\u0440\u0438\u043c\u0435\u0440\u043d\u043e\u0435 \u0432\u0440\u0435\u043c\u044f \u0434\u043b\u044f \u0447\u0442\u0435\u043d\u0438\u044f\" \/>\n\t<meta name=\"twitter:data1\" content=\"1 \u043c\u0438\u043d\u0443\u0442\u0430\" \/>\n<script type=\"application\/ld+json\" class=\"yoast-schema-graph\">{\"@context\":\"https:\\\/\\\/schema.org\",\"@graph\":[{\"@type\":\"WebPage\",\"@id\":\"https:\\\/\\\/pidzaama.ee\\\/ru\\\/product\\\/%d0%b6%d0%b5%d0%bd%d1%81%d0%ba%d0%b8%d0%b9-%d1%85%d0%b0%d0%bb%d0%b0%d1%82-71543a\\\/\",\"url\":\"https:\\\/\\\/pidzaama.ee\\\/ru\\\/product\\\/%d0%b6%d0%b5%d0%bd%d1%81%d0%ba%d0%b8%d0%b9-%d1%85%d0%b0%d0%bb%d0%b0%d1%82-71543a\\\/\",\"name\":\"\u0416\u0435\u043d\u0441\u043a\u0438\u0439 \u0445\u0430\u043b\u0430\u0442 71543A\",\"isPartOf\":{\"@id\":\"https:\\\/\\\/pidzaama.ee\\\/ru\\\/#website\"},\"primaryImageOfPage\":{\"@id\":\"https:\\\/\\\/pidzaama.ee\\\/ru\\\/product\\\/%d0%b6%d0%b5%d0%bd%d1%81%d0%ba%d0%b8%d0%b9-%d1%85%d0%b0%d0%bb%d0%b0%d1%82-71543a\\\/#primaryimage\"},\"image\":{\"@id\":\"https:\\\/\\\/pidzaama.ee\\\/ru\\\/product\\\/%d0%b6%d0%b5%d0%bd%d1%81%d0%ba%d0%b8%d0%b9-%d1%85%d0%b0%d0%bb%d0%b0%d1%82-71543a\\\/#primaryimage\"},\"thumbnailUrl\":\"https:\\\/\\\/pidzaama.ee\\\/wp-content\\\/uploads\\\/2021\\\/05\\\/71543A2.jpg\",\"datePublished\":\"2020-10-08T14:33:41+00:00\",\"dateModified\":\"2025-10-28T12:58:44+00:00\",\"breadcrumb\":{\"@id\":\"https:\\\/\\\/pidzaama.ee\\\/ru\\\/product\\\/%d0%b6%d0%b5%d0%bd%d1%81%d0%ba%d0%b8%d0%b9-%d1%85%d0%b0%d0%bb%d0%b0%d1%82-71543a\\\/#breadcrumb\"},\"inLanguage\":\"ru-RU\",\"potentialAction\":[{\"@type\":\"ReadAction\",\"target\":[\"https:\\\/\\\/pidzaama.ee\\\/ru\\\/product\\\/%d0%b6%d0%b5%d0%bd%d1%81%d0%ba%d0%b8%d0%b9-%d1%85%d0%b0%d0%bb%d0%b0%d1%82-71543a\\\/\"]}]},{\"@type\":\"ImageObject\",\"inLanguage\":\"ru-RU\",\"@id\":\"https:\\\/\\\/pidzaama.ee\\\/ru\\\/product\\\/%d0%b6%d0%b5%d0%bd%d1%81%d0%ba%d0%b8%d0%b9-%d1%85%d0%b0%d0%bb%d0%b0%d1%82-71543a\\\/#primaryimage\",\"url\":\"https:\\\/\\\/pidzaama.ee\\\/wp-content\\\/uploads\\\/2021\\\/05\\\/71543A2.jpg\",\"contentUrl\":\"https:\\\/\\\/pidzaama.ee\\\/wp-content\\\/uploads\\\/2021\\\/05\\\/71543A2.jpg\",\"width\":1200,\"height\":1600},{\"@type\":\"BreadcrumbList\",\"@id\":\"https:\\\/\\\/pidzaama.ee\\\/ru\\\/product\\\/%d0%b6%d0%b5%d0%bd%d1%81%d0%ba%d0%b8%d0%b9-%d1%85%d0%b0%d0%bb%d0%b0%d1%82-71543a\\\/#breadcrumb\",\"itemListElement\":[{\"@type\":\"ListItem\",\"position\":1,\"name\":\"Home\",\"item\":\"https:\\\/\\\/pidzaama.ee\\\/ru\\\/esileht\\\/\"},{\"@type\":\"ListItem\",\"position\":2,\"name\":\"\u041e \u041d\u0410\u0421\",\"item\":\"https:\\\/\\\/pidzaama.ee\\\/ru\\\/o-nas\\\/\"},{\"@type\":\"ListItem\",\"position\":3,\"name\":\"\u0416\u0435\u043d\u0441\u043a\u0438\u0439 \u0445\u0430\u043b\u0430\u0442 71543A\"}]},{\"@type\":\"WebSite\",\"@id\":\"https:\\\/\\\/pidzaama.ee\\\/ru\\\/#website\",\"url\":\"https:\\\/\\\/pidzaama.ee\\\/ru\\\/\",\"name\":\"Pidzaama House\",\"description\":\"T\u00e4iendame pidevalt meie sortimendi ning suurusi!\",\"potentialAction\":[{\"@type\":\"SearchAction\",\"target\":{\"@type\":\"EntryPoint\",\"urlTemplate\":\"https:\\\/\\\/pidzaama.ee\\\/ru\\\/?s={search_term_string}\"},\"query-input\":{\"@type\":\"PropertyValueSpecification\",\"valueRequired\":true,\"valueName\":\"search_term_string\"}}],\"inLanguage\":\"ru-RU\"}]}<\/script>\n<!-- \/ Yoast SEO plugin. -->","yoast_head_json":{"title":"\u0416\u0435\u043d\u0441\u043a\u0438\u0439 \u0445\u0430\u043b\u0430\u0442 71543A","robots":{"index":"index","follow":"follow","max-snippet":"max-snippet:-1","max-image-preview":"max-image-preview:large","max-video-preview":"max-video-preview:-1"},"canonical":"https:\/\/pidzaama.ee\/ru\/product\/%d0%b6%d0%b5%d0%bd%d1%81%d0%ba%d0%b8%d0%b9-%d1%85%d0%b0%d0%bb%d0%b0%d1%82-71543a\/","og_locale":"ru_RU","og_type":"article","og_title":"\u0416\u0435\u043d\u0441\u043a\u0438\u0439 \u0445\u0430\u043b\u0430\u0442 71543A","og_description":"\u0421\u043e\u0441\u0442\u0430\u0432:\u00a070% \u0445\u043b\u043e\u043f\u043e\u043a, 30% \u043f\u043b\u044e\u0448 M-4XL \u0426\u0432\u0435\u0442 \u0442\u043e\u0432\u0430\u0440\u0430 \u043c\u043e\u0436\u0435\u0442 \u043e\u0442\u043b\u0438\u0447\u0430\u0442\u044c\u0441\u044f \u043e\u0442 \u0446\u0432\u0435\u0442\u0430 \u043d\u0430 \u0444\u043e\u0442\u043e\u0433\u0440\u0430\u0444\u0438\u0438 \u0412\u043d\u0438\u043c\u0430\u0442\u0435\u043b\u044c\u043d\u043e \u0438\u0437\u0443\u0447\u0438\u0442\u0435 \u0442\u0430\u0431\u043b\u0438\u0446\u0443 \u0440\u0430\u0437\u043c\u0435\u0440\u043e\u0432 Rinna\u00fcmberm\u00f5\u00f5t Puusa\u00fcmberm\u00f5\u00f5t P\u00fckste pikkus \u041e\u0431\u044a\u0435\u043c \u0433\u0440\u0443\u0434\u0438 \u041e\u0431\u044a\u0435\u043c \u0431\u0435\u0434\u0435\u0440 \u0414\u043b\u0438\u043d\u0430 Chest Hips Outside leg M 112 90 L 116 90 XL 116 94 2XL 120 96 4XL 140 106 \u00a0","og_url":"https:\/\/pidzaama.ee\/ru\/product\/%d0%b6%d0%b5%d0%bd%d1%81%d0%ba%d0%b8%d0%b9-%d1%85%d0%b0%d0%bb%d0%b0%d1%82-71543a\/","og_site_name":"Pidzaama House","article_modified_time":"2025-10-28T12:58:44+00:00","og_image":[{"width":1200,"height":1600,"url":"https:\/\/pidzaama.ee\/wp-content\/uploads\/2021\/05\/71543A2.jpg","type":"image\/jpeg"}],"twitter_card":"summary_large_image","twitter_misc":{"\u041f\u0440\u0438\u043c\u0435\u0440\u043d\u043e\u0435 \u0432\u0440\u0435\u043c\u044f \u0434\u043b\u044f \u0447\u0442\u0435\u043d\u0438\u044f":"1 \u043c\u0438\u043d\u0443\u0442\u0430"},"schema":{"@context":"https:\/\/schema.org","@graph":[{"@type":"WebPage","@id":"https:\/\/pidzaama.ee\/ru\/product\/%d0%b6%d0%b5%d0%bd%d1%81%d0%ba%d0%b8%d0%b9-%d1%85%d0%b0%d0%bb%d0%b0%d1%82-71543a\/","url":"https:\/\/pidzaama.ee\/ru\/product\/%d0%b6%d0%b5%d0%bd%d1%81%d0%ba%d0%b8%d0%b9-%d1%85%d0%b0%d0%bb%d0%b0%d1%82-71543a\/","name":"\u0416\u0435\u043d\u0441\u043a\u0438\u0439 \u0445\u0430\u043b\u0430\u0442 71543A","isPartOf":{"@id":"https:\/\/pidzaama.ee\/ru\/#website"},"primaryImageOfPage":{"@id":"https:\/\/pidzaama.ee\/ru\/product\/%d0%b6%d0%b5%d0%bd%d1%81%d0%ba%d0%b8%d0%b9-%d1%85%d0%b0%d0%bb%d0%b0%d1%82-71543a\/#primaryimage"},"image":{"@id":"https:\/\/pidzaama.ee\/ru\/product\/%d0%b6%d0%b5%d0%bd%d1%81%d0%ba%d0%b8%d0%b9-%d1%85%d0%b0%d0%bb%d0%b0%d1%82-71543a\/#primaryimage"},"thumbnailUrl":"https:\/\/pidzaama.ee\/wp-content\/uploads\/2021\/05\/71543A2.jpg","datePublished":"2020-10-08T14:33:41+00:00","dateModified":"2025-10-28T12:58:44+00:00","breadcrumb":{"@id":"https:\/\/pidzaama.ee\/ru\/product\/%d0%b6%d0%b5%d0%bd%d1%81%d0%ba%d0%b8%d0%b9-%d1%85%d0%b0%d0%bb%d0%b0%d1%82-71543a\/#breadcrumb"},"inLanguage":"ru-RU","potentialAction":[{"@type":"ReadAction","target":["https:\/\/pidzaama.ee\/ru\/product\/%d0%b6%d0%b5%d0%bd%d1%81%d0%ba%d0%b8%d0%b9-%d1%85%d0%b0%d0%bb%d0%b0%d1%82-71543a\/"]}]},{"@type":"ImageObject","inLanguage":"ru-RU","@id":"https:\/\/pidzaama.ee\/ru\/product\/%d0%b6%d0%b5%d0%bd%d1%81%d0%ba%d0%b8%d0%b9-%d1%85%d0%b0%d0%bb%d0%b0%d1%82-71543a\/#primaryimage","url":"https:\/\/pidzaama.ee\/wp-content\/uploads\/2021\/05\/71543A2.jpg","contentUrl":"https:\/\/pidzaama.ee\/wp-content\/uploads\/2021\/05\/71543A2.jpg","width":1200,"height":1600},{"@type":"BreadcrumbList","@id":"https:\/\/pidzaama.ee\/ru\/product\/%d0%b6%d0%b5%d0%bd%d1%81%d0%ba%d0%b8%d0%b9-%d1%85%d0%b0%d0%bb%d0%b0%d1%82-71543a\/#breadcrumb","itemListElement":[{"@type":"ListItem","position":1,"name":"Home","item":"https:\/\/pidzaama.ee\/ru\/esileht\/"},{"@type":"ListItem","position":2,"name":"\u041e \u041d\u0410\u0421","item":"https:\/\/pidzaama.ee\/ru\/o-nas\/"},{"@type":"ListItem","position":3,"name":"\u0416\u0435\u043d\u0441\u043a\u0438\u0439 \u0445\u0430\u043b\u0430\u0442 71543A"}]},{"@type":"WebSite","@id":"https:\/\/pidzaama.ee\/ru\/#website","url":"https:\/\/pidzaama.ee\/ru\/","name":"Pidzaama House","description":"T\u00e4iendame pidevalt meie sortimendi ning suurusi!","potentialAction":[{"@type":"SearchAction","target":{"@type":"EntryPoint","urlTemplate":"https:\/\/pidzaama.ee\/ru\/?s={search_term_string}"},"query-input":{"@type":"PropertyValueSpecification","valueRequired":true,"valueName":"search_term_string"}}],"inLanguage":"ru-RU"}]}},"_links":{"self":[{"href":"https:\/\/pidzaama.ee\/ru\/wp-json\/wp\/v2\/product\/1980","targetHints":{"allow":["GET"]}}],"collection":[{"href":"https:\/\/pidzaama.ee\/ru\/wp-json\/wp\/v2\/product"}],"about":[{"href":"https:\/\/pidzaama.ee\/ru\/wp-json\/wp\/v2\/types\/product"}],"wp:featuredmedia":[{"embeddable":true,"href":"https:\/\/pidzaama.ee\/ru\/wp-json\/wp\/v2\/media\/1973"}],"wp:attachment":[{"href":"https:\/\/pidzaama.ee\/ru\/wp-json\/wp\/v2\/media?parent=1980"}],"wp:term":[{"taxonomy":"product_brand","embeddable":true,"href":"https:\/\/pidzaama.ee\/ru\/wp-json\/wp\/v2\/product_brand?post=1980"},{"taxonomy":"product_cat","embeddable":true,"href":"https:\/\/pidzaama.ee\/ru\/wp-json\/wp\/v2\/product_cat?post=1980"},{"taxonomy":"product_tag","embeddable":true,"href":"https:\/\/pidzaama.ee\/ru\/wp-json\/wp\/v2\/product_tag?post=1980"}],"curies":[{"name":"wp","href":"https:\/\/api.w.org\/{rel}","templated":true}]}}