{"id":2683,"date":"2021-04-14T19:53:38","date_gmt":"2021-04-14T19:53:38","guid":{"rendered":"https:\/\/pidzaama-ee.vserver.zonevs.eu\/?product=%d0%b6%d0%b5%d0%bd%d1%81%d0%ba%d0%b0%d1%8f-%d0%bf%d0%b8%d0%b6%d0%b0%d0%bc%d0%b0-12649k"},"modified":"2024-03-06T18:15:21","modified_gmt":"2024-03-06T18:15:21","slug":"%d0%b6%d0%b5%d0%bd%d1%81%d0%ba%d0%b0%d1%8f-%d0%bf%d0%b8%d0%b6%d0%b0%d0%bc%d0%b0-12649k","status":"publish","type":"product","link":"https:\/\/pidzaama.ee\/ru\/product\/%d0%b6%d0%b5%d0%bd%d1%81%d0%ba%d0%b0%d1%8f-%d0%bf%d0%b8%d0%b6%d0%b0%d0%bc%d0%b0-12649k\/","title":{"rendered":"\u0416\u0435\u043d\u0441\u043a\u0430\u044f \u0445\u043b\u043e\u043f\u043a\u043e\u0432\u0430\u044f \u043f\u0438\u0436\u0430\u043c\u0430 12649K"},"content":{"rendered":"<p class=\"MsoNormal\" style=\"box-sizing: inherit; margin-bottom: 1rem; color: #777777; font-size: 15px;\"><span style=\"font-family: Times New Roman;\"><span style=\"font-size: 18px;\">\u0421\u043e\u0441\u0442\u0430\u0432: 100% \u0445\u043b\u043e\u043f\u043e\u043a<\/span><\/span><\/p>\n<p class=\"MsoNormal\" style=\"box-sizing: inherit; margin-bottom: 1rem; color: #777777; font-size: 15px;\"><span style=\"font-family: Times New Roman;\"><span style=\"font-size: 18px;\">\u0422\u043e\u043d\u043a\u0430\u044f \u0445\u043b\u043e\u043f\u043a\u043e\u0432\u0430\u044f \u0442\u043a\u0430\u043d\u044c.<\/span><\/span><\/p>\n<p class=\"MsoNormal\" style=\"box-sizing: inherit; margin-bottom: 1rem; color: #777777; font-size: 15px;\"><span style=\"box-sizing: inherit; font-weight: bolder; font-size: 18px;\"><span style=\"font-family: Times New Roman;\">S-2XL<\/span><\/span><\/p>\n<p class=\"MsoNormal\" style=\"box-sizing: inherit; margin-bottom: 1rem; color: #777777; font-size: 15px; line-height: normal;\"><span style=\"box-sizing: inherit; font-size: 18px;\"><span style=\"font-family: Times New Roman;\">\u0426\u0432\u0435\u0442 \u0442\u043e\u0432\u0430\u0440\u0430 \u043c\u043e\u0436\u0435\u0442 \u043e\u0442\u043b\u0438\u0447\u0430\u0442\u044c\u0441\u044f \u043e\u0442 \u0446\u0432\u0435\u0442\u0430 \u043d\u0430 \u0444\u043e\u0442\u043e\u0433\u0440\u0430\u0444\u0438\u0438<\/span><\/span><\/p>\n<p class=\"MsoNormal\" style=\"box-sizing: inherit; margin-bottom: 1rem; color: #777777; font-size: 15px; line-height: normal;\"><span style=\"box-sizing: inherit; font-size: 12pt;\"><span style=\"font-size: 18px;\"><span style=\"font-family: Times New Roman;\">\u0412\u043d\u0438\u043c\u0430\u0442\u0435\u043b\u044c\u043d\u043e \u0438\u0437\u0443\u0447\u0438\u0442\u0435 \u0442\u0430\u0431\u043b\u0438\u0446\u0443 \u0440\u0430\u0437\u043c\u0435\u0440\u043e\u0432<\/span><\/span><br \/>\n<\/span><\/p>\n<div  class='flex_column av-2auqm3-cdf85afb88cf81f2e796ee0a63637772 av_three_fifth  avia-builder-el-0  avia-builder-el-no-sibling  first flex_column_div  '     ><table border=\"0\" width=\"604\" cellspacing=\"0\" cellpadding=\"0\">\n<colgroup>\n<col span=\"2\" width=\"151\" \/>\n<col span=\"2\" width=\"151\" \/><\/colgroup>\n<tbody>\n<tr>\n<td class=\"xl66\" width=\"151\" height=\"24\"><\/td>\n<td class=\"xl69\" width=\"151\">Rinna\u00fcmberm\u00f5\u00f5t<\/td>\n<td class=\"xl69\" width=\"151\">Puusa\u00fcmberm\u00f5\u00f5t<\/td>\n<td class=\"xl69\" width=\"151\">P\u00fckste pikkus<\/td>\n<\/tr>\n<tr>\n<td class=\"xl66\" height=\"21\"><\/td>\n<td class=\"xl69\">\u041e\u0431\u044a\u0435\u043c \u0433\u0440\u0443\u0434\u0438<\/td>\n<td class=\"xl69\">\u041e\u0431\u044a\u0435\u043c \u0431\u0435\u0434\u0435\u0440<\/td>\n<td class=\"xl69\">\u0414\u043b\u0438\u043d\u0430 \u0448\u0442\u0430\u043d\u043e\u0432<\/td>\n<\/tr>\n<tr>\n<td class=\"xl66\" height=\"21\"><\/td>\n<td class=\"xl69\">Chest<\/td>\n<td class=\"xl69\">Hips<\/td>\n<td class=\"xl69\">Outside leg<\/td>\n<\/tr>\n<tr>\n<td class=\"xl67\" height=\"21\">S<\/td>\n<td class=\"xl65\" width=\"151\">84<\/td>\n<td class=\"xl68\">88<\/td>\n<td class=\"xl68\">35<\/td>\n<\/tr>\n<tr>\n<td class=\"xl67\" height=\"21\">M<\/td>\n<td class=\"xl65\" width=\"151\">88<\/td>\n<td class=\"xl68\">94<\/td>\n<td class=\"xl68\">36<\/td>\n<\/tr>\n<tr>\n<td class=\"xl67\" height=\"21\">L<\/td>\n<td class=\"xl68\">96<\/td>\n<td class=\"xl68\">100<\/td>\n<td class=\"xl68\">37<\/td>\n<\/tr>\n<tr>\n<td class=\"xl67\" height=\"21\">XL<\/td>\n<td class=\"xl68\">100<\/td>\n<td class=\"xl68\">108<\/td>\n<td class=\"xl68\">40<\/td>\n<\/tr>\n<tr>\n<td class=\"xl67\" height=\"21\">2XL<\/td>\n<td class=\"xl68\">104<\/td>\n<td class=\"xl68\">112<\/td>\n<td class=\"xl68\">41<\/td>\n<\/tr>\n<\/tbody>\n<\/table><\/div>\n<p>&nbsp;<\/p>\n","protected":false},"excerpt":{"rendered":"<p>\u0421\u043e\u0441\u0442\u0430\u0432: 100% \u0445\u043b\u043e\u043f\u043e\u043a \u0422\u043e\u043d\u043a\u0430\u044f \u0445\u043b\u043e\u043f\u043a\u043e\u0432\u0430\u044f \u0442\u043a\u0430\u043d\u044c. S-2XL \u0426\u0432\u0435\u0442 \u0442\u043e\u0432\u0430\u0440\u0430 \u043c\u043e\u0436\u0435\u0442 \u043e\u0442\u043b\u0438\u0447\u0430\u0442\u044c\u0441\u044f \u043e\u0442 \u0446\u0432\u0435\u0442\u0430 \u043d\u0430 \u0444\u043e\u0442\u043e\u0433\u0440\u0430\u0444\u0438\u0438 \u0412\u043d\u0438\u043c\u0430\u0442\u0435\u043b\u044c\u043d\u043e \u0438\u0437\u0443\u0447\u0438\u0442\u0435 \u0442\u0430\u0431\u043b\u0438\u0446\u0443 \u0440\u0430\u0437\u043c\u0435\u0440\u043e\u0432 &nbsp;<\/p>\n","protected":false},"featured_media":2676,"template":"","meta":[],"product_brand":[],"product_cat":[192,81,83,113],"product_tag":[],"class_list":{"0":"post-2683","1":"product","2":"type-product","3":"status-publish","4":"has-post-thumbnail","6":"product_cat-outlet-ru","7":"product_cat-81","8":"product_cat-83","9":"product_cat-113","11":"first","12":"outofstock","13":"taxable","14":"shipping-taxable","15":"product-type-variable"},"yoast_head":"<!-- This site is optimized with the Yoast SEO plugin v27.3 - https:\/\/yoast.com\/product\/yoast-seo-wordpress\/ -->\n<title>\u0416\u0435\u043d\u0441\u043a\u0430\u044f \u043f\u0438\u0436\u0430\u043c\u0430 12649K<\/title>\n<meta name=\"robots\" content=\"index, follow, max-snippet:-1, max-image-preview:large, max-video-preview:-1\" \/>\n<link rel=\"canonical\" href=\"https:\/\/pidzaama.ee\/ru\/product\/%d0%b6%d0%b5%d0%bd%d1%81%d0%ba%d0%b0%d1%8f-%d0%bf%d0%b8%d0%b6%d0%b0%d0%bc%d0%b0-12649k\/\" \/>\n<meta property=\"og:locale\" content=\"ru_RU\" \/>\n<meta property=\"og:type\" content=\"article\" \/>\n<meta property=\"og:title\" content=\"\u0416\u0435\u043d\u0441\u043a\u0430\u044f \u043f\u0438\u0436\u0430\u043c\u0430 12649K\" \/>\n<meta property=\"og:description\" content=\"\u0421\u043e\u0441\u0442\u0430\u0432: 100% \u0445\u043b\u043e\u043f\u043e\u043a \u0422\u043e\u043d\u043a\u0430\u044f \u0445\u043b\u043e\u043f\u043a\u043e\u0432\u0430\u044f \u0442\u043a\u0430\u043d\u044c. S-2XL \u0426\u0432\u0435\u0442 \u0442\u043e\u0432\u0430\u0440\u0430 \u043c\u043e\u0436\u0435\u0442 \u043e\u0442\u043b\u0438\u0447\u0430\u0442\u044c\u0441\u044f \u043e\u0442 \u0446\u0432\u0435\u0442\u0430 \u043d\u0430 \u0444\u043e\u0442\u043e\u0433\u0440\u0430\u0444\u0438\u0438 \u0412\u043d\u0438\u043c\u0430\u0442\u0435\u043b\u044c\u043d\u043e \u0438\u0437\u0443\u0447\u0438\u0442\u0435 \u0442\u0430\u0431\u043b\u0438\u0446\u0443 \u0440\u0430\u0437\u043c\u0435\u0440\u043e\u0432 &nbsp;\" \/>\n<meta property=\"og:url\" content=\"https:\/\/pidzaama.ee\/ru\/product\/%d0%b6%d0%b5%d0%bd%d1%81%d0%ba%d0%b0%d1%8f-%d0%bf%d0%b8%d0%b6%d0%b0%d0%bc%d0%b0-12649k\/\" \/>\n<meta property=\"og:site_name\" content=\"Pidzaama House\" \/>\n<meta property=\"article:modified_time\" content=\"2024-03-06T18:15:21+00:00\" \/>\n<meta property=\"og:image\" content=\"https:\/\/pidzaama.ee\/wp-content\/uploads\/2021\/05\/12649K.JPG\" \/>\n\t<meta property=\"og:image:width\" content=\"1200\" \/>\n\t<meta property=\"og:image:height\" content=\"1800\" \/>\n\t<meta property=\"og:image:type\" content=\"image\/jpeg\" \/>\n<meta name=\"twitter:card\" content=\"summary_large_image\" \/>\n<meta name=\"twitter:label1\" content=\"\u041f\u0440\u0438\u043c\u0435\u0440\u043d\u043e\u0435 \u0432\u0440\u0435\u043c\u044f \u0434\u043b\u044f \u0447\u0442\u0435\u043d\u0438\u044f\" \/>\n\t<meta name=\"twitter:data1\" content=\"1 \u043c\u0438\u043d\u0443\u0442\u0430\" \/>\n<script type=\"application\/ld+json\" class=\"yoast-schema-graph\">{\"@context\":\"https:\\\/\\\/schema.org\",\"@graph\":[{\"@type\":\"WebPage\",\"@id\":\"https:\\\/\\\/pidzaama.ee\\\/ru\\\/product\\\/%d0%b6%d0%b5%d0%bd%d1%81%d0%ba%d0%b0%d1%8f-%d0%bf%d0%b8%d0%b6%d0%b0%d0%bc%d0%b0-12649k\\\/\",\"url\":\"https:\\\/\\\/pidzaama.ee\\\/ru\\\/product\\\/%d0%b6%d0%b5%d0%bd%d1%81%d0%ba%d0%b0%d1%8f-%d0%bf%d0%b8%d0%b6%d0%b0%d0%bc%d0%b0-12649k\\\/\",\"name\":\"\u0416\u0435\u043d\u0441\u043a\u0430\u044f \u043f\u0438\u0436\u0430\u043c\u0430 12649K\",\"isPartOf\":{\"@id\":\"https:\\\/\\\/pidzaama.ee\\\/ru\\\/#website\"},\"primaryImageOfPage\":{\"@id\":\"https:\\\/\\\/pidzaama.ee\\\/ru\\\/product\\\/%d0%b6%d0%b5%d0%bd%d1%81%d0%ba%d0%b0%d1%8f-%d0%bf%d0%b8%d0%b6%d0%b0%d0%bc%d0%b0-12649k\\\/#primaryimage\"},\"image\":{\"@id\":\"https:\\\/\\\/pidzaama.ee\\\/ru\\\/product\\\/%d0%b6%d0%b5%d0%bd%d1%81%d0%ba%d0%b0%d1%8f-%d0%bf%d0%b8%d0%b6%d0%b0%d0%bc%d0%b0-12649k\\\/#primaryimage\"},\"thumbnailUrl\":\"https:\\\/\\\/pidzaama.ee\\\/wp-content\\\/uploads\\\/2021\\\/05\\\/12649K.JPG\",\"datePublished\":\"2021-04-14T19:53:38+00:00\",\"dateModified\":\"2024-03-06T18:15:21+00:00\",\"breadcrumb\":{\"@id\":\"https:\\\/\\\/pidzaama.ee\\\/ru\\\/product\\\/%d0%b6%d0%b5%d0%bd%d1%81%d0%ba%d0%b0%d1%8f-%d0%bf%d0%b8%d0%b6%d0%b0%d0%bc%d0%b0-12649k\\\/#breadcrumb\"},\"inLanguage\":\"ru-RU\",\"potentialAction\":[{\"@type\":\"ReadAction\",\"target\":[\"https:\\\/\\\/pidzaama.ee\\\/ru\\\/product\\\/%d0%b6%d0%b5%d0%bd%d1%81%d0%ba%d0%b0%d1%8f-%d0%bf%d0%b8%d0%b6%d0%b0%d0%bc%d0%b0-12649k\\\/\"]}]},{\"@type\":\"ImageObject\",\"inLanguage\":\"ru-RU\",\"@id\":\"https:\\\/\\\/pidzaama.ee\\\/ru\\\/product\\\/%d0%b6%d0%b5%d0%bd%d1%81%d0%ba%d0%b0%d1%8f-%d0%bf%d0%b8%d0%b6%d0%b0%d0%bc%d0%b0-12649k\\\/#primaryimage\",\"url\":\"https:\\\/\\\/pidzaama.ee\\\/wp-content\\\/uploads\\\/2021\\\/05\\\/12649K.JPG\",\"contentUrl\":\"https:\\\/\\\/pidzaama.ee\\\/wp-content\\\/uploads\\\/2021\\\/05\\\/12649K.JPG\",\"width\":1200,\"height\":1800},{\"@type\":\"BreadcrumbList\",\"@id\":\"https:\\\/\\\/pidzaama.ee\\\/ru\\\/product\\\/%d0%b6%d0%b5%d0%bd%d1%81%d0%ba%d0%b0%d1%8f-%d0%bf%d0%b8%d0%b6%d0%b0%d0%bc%d0%b0-12649k\\\/#breadcrumb\",\"itemListElement\":[{\"@type\":\"ListItem\",\"position\":1,\"name\":\"Home\",\"item\":\"https:\\\/\\\/pidzaama.ee\\\/ru\\\/esileht\\\/\"},{\"@type\":\"ListItem\",\"position\":2,\"name\":\"\u041e \u041d\u0410\u0421\",\"item\":\"https:\\\/\\\/pidzaama.ee\\\/ru\\\/o-nas\\\/\"},{\"@type\":\"ListItem\",\"position\":3,\"name\":\"\u0416\u0435\u043d\u0441\u043a\u0430\u044f \u0445\u043b\u043e\u043f\u043a\u043e\u0432\u0430\u044f \u043f\u0438\u0436\u0430\u043c\u0430 12649K\"}]},{\"@type\":\"WebSite\",\"@id\":\"https:\\\/\\\/pidzaama.ee\\\/ru\\\/#website\",\"url\":\"https:\\\/\\\/pidzaama.ee\\\/ru\\\/\",\"name\":\"Pidzaama House\",\"description\":\"T\u00e4iendame pidevalt meie sortimendi ning suurusi!\",\"potentialAction\":[{\"@type\":\"SearchAction\",\"target\":{\"@type\":\"EntryPoint\",\"urlTemplate\":\"https:\\\/\\\/pidzaama.ee\\\/ru\\\/?s={search_term_string}\"},\"query-input\":{\"@type\":\"PropertyValueSpecification\",\"valueRequired\":true,\"valueName\":\"search_term_string\"}}],\"inLanguage\":\"ru-RU\"}]}<\/script>\n<!-- \/ Yoast SEO plugin. -->","yoast_head_json":{"title":"\u0416\u0435\u043d\u0441\u043a\u0430\u044f \u043f\u0438\u0436\u0430\u043c\u0430 12649K","robots":{"index":"index","follow":"follow","max-snippet":"max-snippet:-1","max-image-preview":"max-image-preview:large","max-video-preview":"max-video-preview:-1"},"canonical":"https:\/\/pidzaama.ee\/ru\/product\/%d0%b6%d0%b5%d0%bd%d1%81%d0%ba%d0%b0%d1%8f-%d0%bf%d0%b8%d0%b6%d0%b0%d0%bc%d0%b0-12649k\/","og_locale":"ru_RU","og_type":"article","og_title":"\u0416\u0435\u043d\u0441\u043a\u0430\u044f \u043f\u0438\u0436\u0430\u043c\u0430 12649K","og_description":"\u0421\u043e\u0441\u0442\u0430\u0432: 100% \u0445\u043b\u043e\u043f\u043e\u043a \u0422\u043e\u043d\u043a\u0430\u044f \u0445\u043b\u043e\u043f\u043a\u043e\u0432\u0430\u044f \u0442\u043a\u0430\u043d\u044c. S-2XL \u0426\u0432\u0435\u0442 \u0442\u043e\u0432\u0430\u0440\u0430 \u043c\u043e\u0436\u0435\u0442 \u043e\u0442\u043b\u0438\u0447\u0430\u0442\u044c\u0441\u044f \u043e\u0442 \u0446\u0432\u0435\u0442\u0430 \u043d\u0430 \u0444\u043e\u0442\u043e\u0433\u0440\u0430\u0444\u0438\u0438 \u0412\u043d\u0438\u043c\u0430\u0442\u0435\u043b\u044c\u043d\u043e \u0438\u0437\u0443\u0447\u0438\u0442\u0435 \u0442\u0430\u0431\u043b\u0438\u0446\u0443 \u0440\u0430\u0437\u043c\u0435\u0440\u043e\u0432 &nbsp;","og_url":"https:\/\/pidzaama.ee\/ru\/product\/%d0%b6%d0%b5%d0%bd%d1%81%d0%ba%d0%b0%d1%8f-%d0%bf%d0%b8%d0%b6%d0%b0%d0%bc%d0%b0-12649k\/","og_site_name":"Pidzaama House","article_modified_time":"2024-03-06T18:15:21+00:00","og_image":[{"width":1200,"height":1800,"url":"https:\/\/pidzaama.ee\/wp-content\/uploads\/2021\/05\/12649K.JPG","type":"image\/jpeg"}],"twitter_card":"summary_large_image","twitter_misc":{"\u041f\u0440\u0438\u043c\u0435\u0440\u043d\u043e\u0435 \u0432\u0440\u0435\u043c\u044f \u0434\u043b\u044f \u0447\u0442\u0435\u043d\u0438\u044f":"1 \u043c\u0438\u043d\u0443\u0442\u0430"},"schema":{"@context":"https:\/\/schema.org","@graph":[{"@type":"WebPage","@id":"https:\/\/pidzaama.ee\/ru\/product\/%d0%b6%d0%b5%d0%bd%d1%81%d0%ba%d0%b0%d1%8f-%d0%bf%d0%b8%d0%b6%d0%b0%d0%bc%d0%b0-12649k\/","url":"https:\/\/pidzaama.ee\/ru\/product\/%d0%b6%d0%b5%d0%bd%d1%81%d0%ba%d0%b0%d1%8f-%d0%bf%d0%b8%d0%b6%d0%b0%d0%bc%d0%b0-12649k\/","name":"\u0416\u0435\u043d\u0441\u043a\u0430\u044f \u043f\u0438\u0436\u0430\u043c\u0430 12649K","isPartOf":{"@id":"https:\/\/pidzaama.ee\/ru\/#website"},"primaryImageOfPage":{"@id":"https:\/\/pidzaama.ee\/ru\/product\/%d0%b6%d0%b5%d0%bd%d1%81%d0%ba%d0%b0%d1%8f-%d0%bf%d0%b8%d0%b6%d0%b0%d0%bc%d0%b0-12649k\/#primaryimage"},"image":{"@id":"https:\/\/pidzaama.ee\/ru\/product\/%d0%b6%d0%b5%d0%bd%d1%81%d0%ba%d0%b0%d1%8f-%d0%bf%d0%b8%d0%b6%d0%b0%d0%bc%d0%b0-12649k\/#primaryimage"},"thumbnailUrl":"https:\/\/pidzaama.ee\/wp-content\/uploads\/2021\/05\/12649K.JPG","datePublished":"2021-04-14T19:53:38+00:00","dateModified":"2024-03-06T18:15:21+00:00","breadcrumb":{"@id":"https:\/\/pidzaama.ee\/ru\/product\/%d0%b6%d0%b5%d0%bd%d1%81%d0%ba%d0%b0%d1%8f-%d0%bf%d0%b8%d0%b6%d0%b0%d0%bc%d0%b0-12649k\/#breadcrumb"},"inLanguage":"ru-RU","potentialAction":[{"@type":"ReadAction","target":["https:\/\/pidzaama.ee\/ru\/product\/%d0%b6%d0%b5%d0%bd%d1%81%d0%ba%d0%b0%d1%8f-%d0%bf%d0%b8%d0%b6%d0%b0%d0%bc%d0%b0-12649k\/"]}]},{"@type":"ImageObject","inLanguage":"ru-RU","@id":"https:\/\/pidzaama.ee\/ru\/product\/%d0%b6%d0%b5%d0%bd%d1%81%d0%ba%d0%b0%d1%8f-%d0%bf%d0%b8%d0%b6%d0%b0%d0%bc%d0%b0-12649k\/#primaryimage","url":"https:\/\/pidzaama.ee\/wp-content\/uploads\/2021\/05\/12649K.JPG","contentUrl":"https:\/\/pidzaama.ee\/wp-content\/uploads\/2021\/05\/12649K.JPG","width":1200,"height":1800},{"@type":"BreadcrumbList","@id":"https:\/\/pidzaama.ee\/ru\/product\/%d0%b6%d0%b5%d0%bd%d1%81%d0%ba%d0%b0%d1%8f-%d0%bf%d0%b8%d0%b6%d0%b0%d0%bc%d0%b0-12649k\/#breadcrumb","itemListElement":[{"@type":"ListItem","position":1,"name":"Home","item":"https:\/\/pidzaama.ee\/ru\/esileht\/"},{"@type":"ListItem","position":2,"name":"\u041e \u041d\u0410\u0421","item":"https:\/\/pidzaama.ee\/ru\/o-nas\/"},{"@type":"ListItem","position":3,"name":"\u0416\u0435\u043d\u0441\u043a\u0430\u044f \u0445\u043b\u043e\u043f\u043a\u043e\u0432\u0430\u044f \u043f\u0438\u0436\u0430\u043c\u0430 12649K"}]},{"@type":"WebSite","@id":"https:\/\/pidzaama.ee\/ru\/#website","url":"https:\/\/pidzaama.ee\/ru\/","name":"Pidzaama House","description":"T\u00e4iendame pidevalt meie sortimendi ning suurusi!","potentialAction":[{"@type":"SearchAction","target":{"@type":"EntryPoint","urlTemplate":"https:\/\/pidzaama.ee\/ru\/?s={search_term_string}"},"query-input":{"@type":"PropertyValueSpecification","valueRequired":true,"valueName":"search_term_string"}}],"inLanguage":"ru-RU"}]}},"_links":{"self":[{"href":"https:\/\/pidzaama.ee\/ru\/wp-json\/wp\/v2\/product\/2683","targetHints":{"allow":["GET"]}}],"collection":[{"href":"https:\/\/pidzaama.ee\/ru\/wp-json\/wp\/v2\/product"}],"about":[{"href":"https:\/\/pidzaama.ee\/ru\/wp-json\/wp\/v2\/types\/product"}],"wp:featuredmedia":[{"embeddable":true,"href":"https:\/\/pidzaama.ee\/ru\/wp-json\/wp\/v2\/media\/2676"}],"wp:attachment":[{"href":"https:\/\/pidzaama.ee\/ru\/wp-json\/wp\/v2\/media?parent=2683"}],"wp:term":[{"taxonomy":"product_brand","embeddable":true,"href":"https:\/\/pidzaama.ee\/ru\/wp-json\/wp\/v2\/product_brand?post=2683"},{"taxonomy":"product_cat","embeddable":true,"href":"https:\/\/pidzaama.ee\/ru\/wp-json\/wp\/v2\/product_cat?post=2683"},{"taxonomy":"product_tag","embeddable":true,"href":"https:\/\/pidzaama.ee\/ru\/wp-json\/wp\/v2\/product_tag?post=2683"}],"curies":[{"name":"wp","href":"https:\/\/api.w.org\/{rel}","templated":true}]}}