{"id":2715,"date":"2021-04-14T20:24:52","date_gmt":"2021-04-14T20:24:52","guid":{"rendered":"https:\/\/pidzaama-ee.vserver.zonevs.eu\/?product=%d0%b4%d0%be%d0%bc%d0%b0%d1%88%d0%bd%d0%b5%d0%b5-%d0%bf%d0%bb%d0%b0%d1%82%d1%8c%d0%b5-12651s"},"modified":"2024-03-06T18:12:21","modified_gmt":"2024-03-06T18:12:21","slug":"%d0%b4%d0%be%d0%bc%d0%b0%d1%88%d0%bd%d0%b5%d0%b5-%d0%bf%d0%bb%d0%b0%d1%82%d1%8c%d0%b5-12651s","status":"publish","type":"product","link":"https:\/\/pidzaama.ee\/ru\/product\/%d0%b4%d0%be%d0%bc%d0%b0%d1%88%d0%bd%d0%b5%d0%b5-%d0%bf%d0%bb%d0%b0%d1%82%d1%8c%d0%b5-12651s\/","title":{"rendered":"\u0414\u043e\u043c\u0430\u0448\u043d\u0435\u0435 \u0445\u043b\u043e\u043f\u043a\u043e\u0432\u043e\u0435 \u043f\u043b\u0430\u0442\u044c\u0435 12651S"},"content":{"rendered":"<p class=\"MsoNormal\" style=\"margin: 0cm; font-size: medium; font-family: Calibri, sans-serif;\"><span style=\"font-size: 13.5pt; font-family: 'Times New Roman', serif; color: #777777;\">\u0421\u043e\u0441\u0442\u0430\u0432: 100% \u0445\u043b\u043e\u043f\u043e\u043a<\/span><\/p>\n<p class=\"MsoNormal\" style=\"margin: 0cm; font-size: medium; font-family: Calibri, sans-serif;\"><span style=\"font-size: 13.5pt; font-family: 'Times New Roman', serif; color: #777777;\">\u0422\u043e\u043d\u043a\u0430\u044f \u0445\u043b\u043e\u043f\u043a\u043e\u0432\u0430\u044f \u0442\u043a\u0430\u043d\u044c.<\/span><\/p>\n<p class=\"MsoNormal\" style=\"margin: 0cm; font-size: medium; font-family: Calibri, sans-serif;\"><b><span style=\"font-size: 13.5pt; font-family: 'Times New Roman', serif; color: #777777;\">S-4XL<\/span><\/b><\/p>\n<p class=\"MsoNormal\" style=\"margin: 0cm; font-size: medium; font-family: Calibri, sans-serif;\"><span style=\"font-size: 13.5pt; font-family: 'Times New Roman', serif; color: #777777;\">\u0426\u0432\u0435\u0442 \u0442\u043e\u0432\u0430\u0440\u0430 \u043c\u043e\u0436\u0435\u0442 \u043e\u0442\u043b\u0438\u0447\u0430\u0442\u044c\u0441\u044f \u043e\u0442 \u0446\u0432\u0435\u0442\u0430 \u043d\u0430 \u0444\u043e\u0442\u043e\u0433\u0440\u0430\u0444\u0438\u0438<\/span><\/p>\n<p class=\"MsoNormal\" style=\"margin: 0cm; font-size: medium; font-family: Calibri, sans-serif;\"><span style=\"font-size: 13.5pt; font-family: 'Times New Roman', serif; color: #777777;\">\u0412\u043d\u0438\u043c\u0430\u0442\u0435\u043b\u044c\u043d\u043e \u0438\u0437\u0443\u0447\u0438\u0442\u0435 \u0442\u0430\u0431\u043b\u0438\u0446\u0443 \u0440\u0430\u0437\u043c\u0435\u0440\u043e\u0432<\/span><\/p>\n<div  class='flex_column av-26ox4b-85afd869d7ccd85ff476b611189ffd8e av_three_fifth  avia-builder-el-0  avia-builder-el-no-sibling  first flex_column_div  '     ><table border=\"0\" width=\"604\" cellspacing=\"0\" cellpadding=\"0\">\n<colgroup>\n<col width=\"151\" \/>\n<col span=\"3\" width=\"151\" \/><\/colgroup>\n<tbody>\n<tr>\n<td class=\"xl68\" width=\"151\" height=\"29\">Suurus<\/td>\n<td class=\"xl69\" width=\"151\">Rinna\u00fcmberm\u00f5\u00f5t<\/td>\n<td class=\"xl69\" width=\"151\">Puusa\u00fcmberm\u00f5\u00f5t<\/td>\n<td class=\"xl68\" width=\"151\">Pikkus<\/td>\n<\/tr>\n<tr>\n<td class=\"xl68\" height=\"29\">\u0420\u0430\u0437\u043c\u0435\u0440<\/td>\n<td class=\"xl70\" width=\"151\">\u041e\u0431\u044a\u0435\u043c \u0433\u0440\u0443\u0434\u0438<\/td>\n<td class=\"xl68\">\u041e\u0431\u044a\u0435\u043c \u0431\u0435\u0434\u0435\u0440<\/td>\n<td class=\"xl68\">\u0414\u043b\u0438\u043d\u0430<\/td>\n<\/tr>\n<tr>\n<td class=\"xl68\" height=\"29\">Size<\/td>\n<td class=\"xl70\" width=\"151\">Chest<\/td>\n<td class=\"xl68\">Hips<\/td>\n<td class=\"xl68\">Length<\/td>\n<\/tr>\n<tr>\n<td class=\"xl66\" height=\"21\">S<\/td>\n<td class=\"xl71\" width=\"151\">84<\/td>\n<td class=\"xl72\">88<\/td>\n<td class=\"xl72\">86<\/td>\n<\/tr>\n<tr>\n<td class=\"xl66\" height=\"21\">M<\/td>\n<td class=\"xl71\" width=\"151\">88<\/td>\n<td class=\"xl72\">94<\/td>\n<td class=\"xl72\">88<\/td>\n<\/tr>\n<tr>\n<td class=\"xl66\" height=\"21\">L<\/td>\n<td class=\"xl72\">96<\/td>\n<td class=\"xl72\">100<\/td>\n<td class=\"xl72\">90<\/td>\n<\/tr>\n<tr>\n<td class=\"xl66\" height=\"21\">XL<\/td>\n<td class=\"xl72\">100<\/td>\n<td class=\"xl72\">108<\/td>\n<td class=\"xl72\">92<\/td>\n<\/tr>\n<tr>\n<td class=\"xl66\" height=\"21\">2XL<\/td>\n<td class=\"xl72\">104<\/td>\n<td class=\"xl72\">112<\/td>\n<td class=\"xl72\">93<\/td>\n<\/tr>\n<tr>\n<td class=\"xl66\" height=\"21\">3XL<\/td>\n<td class=\"xl72\">108<\/td>\n<td class=\"xl72\">116<\/td>\n<td class=\"xl72\">93<\/td>\n<\/tr>\n<tr>\n<td class=\"xl66\" height=\"21\">4XL<\/td>\n<td class=\"xl72\">114<\/td>\n<td class=\"xl72\">122<\/td>\n<td class=\"xl72\">93<\/td>\n<\/tr>\n<\/tbody>\n<\/table><\/div>\n<p class=\"MsoNormal\" style=\"box-sizing: inherit; margin-bottom: 1rem; font-size: 15px; color: #777777; line-height: normal;\"><span style=\"box-sizing: inherit; font-size: 18px;\"><span style=\"font-family: Times New Roman;\">\u00a0<\/span><\/span><\/p>\n<p>&nbsp;<\/p>\n","protected":false},"excerpt":{"rendered":"<p>\u0421\u043e\u0441\u0442\u0430\u0432: 100% \u0445\u043b\u043e\u043f\u043e\u043a \u0422\u043e\u043d\u043a\u0430\u044f \u0445\u043b\u043e\u043f\u043a\u043e\u0432\u0430\u044f \u0442\u043a\u0430\u043d\u044c. S-4XL \u0426\u0432\u0435\u0442 \u0442\u043e\u0432\u0430\u0440\u0430 \u043c\u043e\u0436\u0435\u0442 \u043e\u0442\u043b\u0438\u0447\u0430\u0442\u044c\u0441\u044f \u043e\u0442 \u0446\u0432\u0435\u0442\u0430 \u043d\u0430 \u0444\u043e\u0442\u043e\u0433\u0440\u0430\u0444\u0438\u0438 \u0412\u043d\u0438\u043c\u0430\u0442\u0435\u043b\u044c\u043d\u043e \u0438\u0437\u0443\u0447\u0438\u0442\u0435 \u0442\u0430\u0431\u043b\u0438\u0446\u0443 \u0440\u0430\u0437\u043c\u0435\u0440\u043e\u0432 \u00a0 &nbsp;<\/p>\n","protected":false},"featured_media":2707,"template":"","meta":[],"product_brand":[],"product_cat":[81,93,101],"product_tag":[],"class_list":{"0":"post-2715","1":"product","2":"type-product","3":"status-publish","4":"has-post-thumbnail","6":"product_cat-81","7":"product_cat-93","8":"product_cat-101","10":"first","11":"outofstock","12":"taxable","13":"shipping-taxable","14":"product-type-variable"},"yoast_head":"<!-- This site is optimized with the Yoast SEO plugin v27.3 - https:\/\/yoast.com\/product\/yoast-seo-wordpress\/ -->\n<title>\u0414\u043e\u043c\u0430\u0448\u043d\u0435\u0435 \u043f\u043b\u0430\u0442\u044c\u0435 12651SN<\/title>\n<meta name=\"robots\" content=\"index, follow, max-snippet:-1, max-image-preview:large, max-video-preview:-1\" \/>\n<link rel=\"canonical\" href=\"https:\/\/pidzaama.ee\/ru\/product\/%d0%b4%d0%be%d0%bc%d0%b0%d1%88%d0%bd%d0%b5%d0%b5-%d0%bf%d0%bb%d0%b0%d1%82%d1%8c%d0%b5-12651s\/\" \/>\n<meta property=\"og:locale\" content=\"ru_RU\" \/>\n<meta property=\"og:type\" content=\"article\" \/>\n<meta property=\"og:title\" content=\"\u0414\u043e\u043c\u0430\u0448\u043d\u0435\u0435 \u043f\u043b\u0430\u0442\u044c\u0435 12651SN\" \/>\n<meta property=\"og:description\" content=\"\u0421\u043e\u0441\u0442\u0430\u0432: 100% \u0445\u043b\u043e\u043f\u043e\u043a \u0422\u043e\u043d\u043a\u0430\u044f \u0445\u043b\u043e\u043f\u043a\u043e\u0432\u0430\u044f \u0442\u043a\u0430\u043d\u044c. S-4XL \u0426\u0432\u0435\u0442 \u0442\u043e\u0432\u0430\u0440\u0430 \u043c\u043e\u0436\u0435\u0442 \u043e\u0442\u043b\u0438\u0447\u0430\u0442\u044c\u0441\u044f \u043e\u0442 \u0446\u0432\u0435\u0442\u0430 \u043d\u0430 \u0444\u043e\u0442\u043e\u0433\u0440\u0430\u0444\u0438\u0438 \u0412\u043d\u0438\u043c\u0430\u0442\u0435\u043b\u044c\u043d\u043e \u0438\u0437\u0443\u0447\u0438\u0442\u0435 \u0442\u0430\u0431\u043b\u0438\u0446\u0443 \u0440\u0430\u0437\u043c\u0435\u0440\u043e\u0432 \u00a0 &nbsp;\" \/>\n<meta property=\"og:url\" content=\"https:\/\/pidzaama.ee\/ru\/product\/%d0%b4%d0%be%d0%bc%d0%b0%d1%88%d0%bd%d0%b5%d0%b5-%d0%bf%d0%bb%d0%b0%d1%82%d1%8c%d0%b5-12651s\/\" \/>\n<meta property=\"og:site_name\" content=\"Pidzaama House\" \/>\n<meta property=\"article:modified_time\" content=\"2024-03-06T18:12:21+00:00\" \/>\n<meta property=\"og:image\" content=\"https:\/\/pidzaama.ee\/wp-content\/uploads\/2021\/05\/12651S.jpg\" \/>\n\t<meta property=\"og:image:width\" content=\"1200\" \/>\n\t<meta property=\"og:image:height\" content=\"1600\" \/>\n\t<meta property=\"og:image:type\" content=\"image\/jpeg\" \/>\n<meta name=\"twitter:card\" content=\"summary_large_image\" \/>\n<meta name=\"twitter:label1\" content=\"\u041f\u0440\u0438\u043c\u0435\u0440\u043d\u043e\u0435 \u0432\u0440\u0435\u043c\u044f \u0434\u043b\u044f \u0447\u0442\u0435\u043d\u0438\u044f\" \/>\n\t<meta name=\"twitter:data1\" content=\"1 \u043c\u0438\u043d\u0443\u0442\u0430\" \/>\n<script type=\"application\/ld+json\" class=\"yoast-schema-graph\">{\"@context\":\"https:\\\/\\\/schema.org\",\"@graph\":[{\"@type\":\"WebPage\",\"@id\":\"https:\\\/\\\/pidzaama.ee\\\/ru\\\/product\\\/%d0%b4%d0%be%d0%bc%d0%b0%d1%88%d0%bd%d0%b5%d0%b5-%d0%bf%d0%bb%d0%b0%d1%82%d1%8c%d0%b5-12651s\\\/\",\"url\":\"https:\\\/\\\/pidzaama.ee\\\/ru\\\/product\\\/%d0%b4%d0%be%d0%bc%d0%b0%d1%88%d0%bd%d0%b5%d0%b5-%d0%bf%d0%bb%d0%b0%d1%82%d1%8c%d0%b5-12651s\\\/\",\"name\":\"\u0414\u043e\u043c\u0430\u0448\u043d\u0435\u0435 \u043f\u043b\u0430\u0442\u044c\u0435 12651SN\",\"isPartOf\":{\"@id\":\"https:\\\/\\\/pidzaama.ee\\\/ru\\\/#website\"},\"primaryImageOfPage\":{\"@id\":\"https:\\\/\\\/pidzaama.ee\\\/ru\\\/product\\\/%d0%b4%d0%be%d0%bc%d0%b0%d1%88%d0%bd%d0%b5%d0%b5-%d0%bf%d0%bb%d0%b0%d1%82%d1%8c%d0%b5-12651s\\\/#primaryimage\"},\"image\":{\"@id\":\"https:\\\/\\\/pidzaama.ee\\\/ru\\\/product\\\/%d0%b4%d0%be%d0%bc%d0%b0%d1%88%d0%bd%d0%b5%d0%b5-%d0%bf%d0%bb%d0%b0%d1%82%d1%8c%d0%b5-12651s\\\/#primaryimage\"},\"thumbnailUrl\":\"https:\\\/\\\/pidzaama.ee\\\/wp-content\\\/uploads\\\/2021\\\/05\\\/12651S.jpg\",\"datePublished\":\"2021-04-14T20:24:52+00:00\",\"dateModified\":\"2024-03-06T18:12:21+00:00\",\"breadcrumb\":{\"@id\":\"https:\\\/\\\/pidzaama.ee\\\/ru\\\/product\\\/%d0%b4%d0%be%d0%bc%d0%b0%d1%88%d0%bd%d0%b5%d0%b5-%d0%bf%d0%bb%d0%b0%d1%82%d1%8c%d0%b5-12651s\\\/#breadcrumb\"},\"inLanguage\":\"ru-RU\",\"potentialAction\":[{\"@type\":\"ReadAction\",\"target\":[\"https:\\\/\\\/pidzaama.ee\\\/ru\\\/product\\\/%d0%b4%d0%be%d0%bc%d0%b0%d1%88%d0%bd%d0%b5%d0%b5-%d0%bf%d0%bb%d0%b0%d1%82%d1%8c%d0%b5-12651s\\\/\"]}]},{\"@type\":\"ImageObject\",\"inLanguage\":\"ru-RU\",\"@id\":\"https:\\\/\\\/pidzaama.ee\\\/ru\\\/product\\\/%d0%b4%d0%be%d0%bc%d0%b0%d1%88%d0%bd%d0%b5%d0%b5-%d0%bf%d0%bb%d0%b0%d1%82%d1%8c%d0%b5-12651s\\\/#primaryimage\",\"url\":\"https:\\\/\\\/pidzaama.ee\\\/wp-content\\\/uploads\\\/2021\\\/05\\\/12651S.jpg\",\"contentUrl\":\"https:\\\/\\\/pidzaama.ee\\\/wp-content\\\/uploads\\\/2021\\\/05\\\/12651S.jpg\",\"width\":1200,\"height\":1600},{\"@type\":\"BreadcrumbList\",\"@id\":\"https:\\\/\\\/pidzaama.ee\\\/ru\\\/product\\\/%d0%b4%d0%be%d0%bc%d0%b0%d1%88%d0%bd%d0%b5%d0%b5-%d0%bf%d0%bb%d0%b0%d1%82%d1%8c%d0%b5-12651s\\\/#breadcrumb\",\"itemListElement\":[{\"@type\":\"ListItem\",\"position\":1,\"name\":\"Home\",\"item\":\"https:\\\/\\\/pidzaama.ee\\\/ru\\\/esileht\\\/\"},{\"@type\":\"ListItem\",\"position\":2,\"name\":\"\u041e \u041d\u0410\u0421\",\"item\":\"https:\\\/\\\/pidzaama.ee\\\/ru\\\/o-nas\\\/\"},{\"@type\":\"ListItem\",\"position\":3,\"name\":\"\u0414\u043e\u043c\u0430\u0448\u043d\u0435\u0435 \u0445\u043b\u043e\u043f\u043a\u043e\u0432\u043e\u0435 \u043f\u043b\u0430\u0442\u044c\u0435 12651S\"}]},{\"@type\":\"WebSite\",\"@id\":\"https:\\\/\\\/pidzaama.ee\\\/ru\\\/#website\",\"url\":\"https:\\\/\\\/pidzaama.ee\\\/ru\\\/\",\"name\":\"Pidzaama House\",\"description\":\"T\u00e4iendame pidevalt meie sortimendi ning suurusi!\",\"potentialAction\":[{\"@type\":\"SearchAction\",\"target\":{\"@type\":\"EntryPoint\",\"urlTemplate\":\"https:\\\/\\\/pidzaama.ee\\\/ru\\\/?s={search_term_string}\"},\"query-input\":{\"@type\":\"PropertyValueSpecification\",\"valueRequired\":true,\"valueName\":\"search_term_string\"}}],\"inLanguage\":\"ru-RU\"}]}<\/script>\n<!-- \/ Yoast SEO plugin. -->","yoast_head_json":{"title":"\u0414\u043e\u043c\u0430\u0448\u043d\u0435\u0435 \u043f\u043b\u0430\u0442\u044c\u0435 12651SN","robots":{"index":"index","follow":"follow","max-snippet":"max-snippet:-1","max-image-preview":"max-image-preview:large","max-video-preview":"max-video-preview:-1"},"canonical":"https:\/\/pidzaama.ee\/ru\/product\/%d0%b4%d0%be%d0%bc%d0%b0%d1%88%d0%bd%d0%b5%d0%b5-%d0%bf%d0%bb%d0%b0%d1%82%d1%8c%d0%b5-12651s\/","og_locale":"ru_RU","og_type":"article","og_title":"\u0414\u043e\u043c\u0430\u0448\u043d\u0435\u0435 \u043f\u043b\u0430\u0442\u044c\u0435 12651SN","og_description":"\u0421\u043e\u0441\u0442\u0430\u0432: 100% \u0445\u043b\u043e\u043f\u043e\u043a \u0422\u043e\u043d\u043a\u0430\u044f \u0445\u043b\u043e\u043f\u043a\u043e\u0432\u0430\u044f \u0442\u043a\u0430\u043d\u044c. S-4XL \u0426\u0432\u0435\u0442 \u0442\u043e\u0432\u0430\u0440\u0430 \u043c\u043e\u0436\u0435\u0442 \u043e\u0442\u043b\u0438\u0447\u0430\u0442\u044c\u0441\u044f \u043e\u0442 \u0446\u0432\u0435\u0442\u0430 \u043d\u0430 \u0444\u043e\u0442\u043e\u0433\u0440\u0430\u0444\u0438\u0438 \u0412\u043d\u0438\u043c\u0430\u0442\u0435\u043b\u044c\u043d\u043e \u0438\u0437\u0443\u0447\u0438\u0442\u0435 \u0442\u0430\u0431\u043b\u0438\u0446\u0443 \u0440\u0430\u0437\u043c\u0435\u0440\u043e\u0432 \u00a0 &nbsp;","og_url":"https:\/\/pidzaama.ee\/ru\/product\/%d0%b4%d0%be%d0%bc%d0%b0%d1%88%d0%bd%d0%b5%d0%b5-%d0%bf%d0%bb%d0%b0%d1%82%d1%8c%d0%b5-12651s\/","og_site_name":"Pidzaama House","article_modified_time":"2024-03-06T18:12:21+00:00","og_image":[{"width":1200,"height":1600,"url":"https:\/\/pidzaama.ee\/wp-content\/uploads\/2021\/05\/12651S.jpg","type":"image\/jpeg"}],"twitter_card":"summary_large_image","twitter_misc":{"\u041f\u0440\u0438\u043c\u0435\u0440\u043d\u043e\u0435 \u0432\u0440\u0435\u043c\u044f \u0434\u043b\u044f \u0447\u0442\u0435\u043d\u0438\u044f":"1 \u043c\u0438\u043d\u0443\u0442\u0430"},"schema":{"@context":"https:\/\/schema.org","@graph":[{"@type":"WebPage","@id":"https:\/\/pidzaama.ee\/ru\/product\/%d0%b4%d0%be%d0%bc%d0%b0%d1%88%d0%bd%d0%b5%d0%b5-%d0%bf%d0%bb%d0%b0%d1%82%d1%8c%d0%b5-12651s\/","url":"https:\/\/pidzaama.ee\/ru\/product\/%d0%b4%d0%be%d0%bc%d0%b0%d1%88%d0%bd%d0%b5%d0%b5-%d0%bf%d0%bb%d0%b0%d1%82%d1%8c%d0%b5-12651s\/","name":"\u0414\u043e\u043c\u0430\u0448\u043d\u0435\u0435 \u043f\u043b\u0430\u0442\u044c\u0435 12651SN","isPartOf":{"@id":"https:\/\/pidzaama.ee\/ru\/#website"},"primaryImageOfPage":{"@id":"https:\/\/pidzaama.ee\/ru\/product\/%d0%b4%d0%be%d0%bc%d0%b0%d1%88%d0%bd%d0%b5%d0%b5-%d0%bf%d0%bb%d0%b0%d1%82%d1%8c%d0%b5-12651s\/#primaryimage"},"image":{"@id":"https:\/\/pidzaama.ee\/ru\/product\/%d0%b4%d0%be%d0%bc%d0%b0%d1%88%d0%bd%d0%b5%d0%b5-%d0%bf%d0%bb%d0%b0%d1%82%d1%8c%d0%b5-12651s\/#primaryimage"},"thumbnailUrl":"https:\/\/pidzaama.ee\/wp-content\/uploads\/2021\/05\/12651S.jpg","datePublished":"2021-04-14T20:24:52+00:00","dateModified":"2024-03-06T18:12:21+00:00","breadcrumb":{"@id":"https:\/\/pidzaama.ee\/ru\/product\/%d0%b4%d0%be%d0%bc%d0%b0%d1%88%d0%bd%d0%b5%d0%b5-%d0%bf%d0%bb%d0%b0%d1%82%d1%8c%d0%b5-12651s\/#breadcrumb"},"inLanguage":"ru-RU","potentialAction":[{"@type":"ReadAction","target":["https:\/\/pidzaama.ee\/ru\/product\/%d0%b4%d0%be%d0%bc%d0%b0%d1%88%d0%bd%d0%b5%d0%b5-%d0%bf%d0%bb%d0%b0%d1%82%d1%8c%d0%b5-12651s\/"]}]},{"@type":"ImageObject","inLanguage":"ru-RU","@id":"https:\/\/pidzaama.ee\/ru\/product\/%d0%b4%d0%be%d0%bc%d0%b0%d1%88%d0%bd%d0%b5%d0%b5-%d0%bf%d0%bb%d0%b0%d1%82%d1%8c%d0%b5-12651s\/#primaryimage","url":"https:\/\/pidzaama.ee\/wp-content\/uploads\/2021\/05\/12651S.jpg","contentUrl":"https:\/\/pidzaama.ee\/wp-content\/uploads\/2021\/05\/12651S.jpg","width":1200,"height":1600},{"@type":"BreadcrumbList","@id":"https:\/\/pidzaama.ee\/ru\/product\/%d0%b4%d0%be%d0%bc%d0%b0%d1%88%d0%bd%d0%b5%d0%b5-%d0%bf%d0%bb%d0%b0%d1%82%d1%8c%d0%b5-12651s\/#breadcrumb","itemListElement":[{"@type":"ListItem","position":1,"name":"Home","item":"https:\/\/pidzaama.ee\/ru\/esileht\/"},{"@type":"ListItem","position":2,"name":"\u041e \u041d\u0410\u0421","item":"https:\/\/pidzaama.ee\/ru\/o-nas\/"},{"@type":"ListItem","position":3,"name":"\u0414\u043e\u043c\u0430\u0448\u043d\u0435\u0435 \u0445\u043b\u043e\u043f\u043a\u043e\u0432\u043e\u0435 \u043f\u043b\u0430\u0442\u044c\u0435 12651S"}]},{"@type":"WebSite","@id":"https:\/\/pidzaama.ee\/ru\/#website","url":"https:\/\/pidzaama.ee\/ru\/","name":"Pidzaama House","description":"T\u00e4iendame pidevalt meie sortimendi ning suurusi!","potentialAction":[{"@type":"SearchAction","target":{"@type":"EntryPoint","urlTemplate":"https:\/\/pidzaama.ee\/ru\/?s={search_term_string}"},"query-input":{"@type":"PropertyValueSpecification","valueRequired":true,"valueName":"search_term_string"}}],"inLanguage":"ru-RU"}]}},"_links":{"self":[{"href":"https:\/\/pidzaama.ee\/ru\/wp-json\/wp\/v2\/product\/2715","targetHints":{"allow":["GET"]}}],"collection":[{"href":"https:\/\/pidzaama.ee\/ru\/wp-json\/wp\/v2\/product"}],"about":[{"href":"https:\/\/pidzaama.ee\/ru\/wp-json\/wp\/v2\/types\/product"}],"wp:featuredmedia":[{"embeddable":true,"href":"https:\/\/pidzaama.ee\/ru\/wp-json\/wp\/v2\/media\/2707"}],"wp:attachment":[{"href":"https:\/\/pidzaama.ee\/ru\/wp-json\/wp\/v2\/media?parent=2715"}],"wp:term":[{"taxonomy":"product_brand","embeddable":true,"href":"https:\/\/pidzaama.ee\/ru\/wp-json\/wp\/v2\/product_brand?post=2715"},{"taxonomy":"product_cat","embeddable":true,"href":"https:\/\/pidzaama.ee\/ru\/wp-json\/wp\/v2\/product_cat?post=2715"},{"taxonomy":"product_tag","embeddable":true,"href":"https:\/\/pidzaama.ee\/ru\/wp-json\/wp\/v2\/product_tag?post=2715"}],"curies":[{"name":"wp","href":"https:\/\/api.w.org\/{rel}","templated":true}]}}