{"id":8489,"date":"2022-05-22T09:41:10","date_gmt":"2022-05-22T09:41:11","guid":{"rendered":"https:\/\/pidzaama.ee\/?post_type=product&#038;p=8489"},"modified":"2025-02-09T16:43:54","modified_gmt":"2025-02-09T16:43:54","slug":"%d1%85%d0%bb%d0%be%d0%bf%d0%ba%d0%be%d0%b2%d0%be%d0%b5-%d0%bb%d0%b5%d1%82%d0%bd%d0%b5%d0%b5-%d0%bf%d0%bb%d0%b0%d1%82%d1%8c%d0%b5-%d1%81-%d0%ba%d0%b0%d1%80%d0%bc%d0%b0%d0%bd%d0%b0%d0%bc%d0%b8-92521","status":"publish","type":"product","link":"https:\/\/pidzaama.ee\/ru\/product\/%d1%85%d0%bb%d0%be%d0%bf%d0%ba%d0%be%d0%b2%d0%be%d0%b5-%d0%bb%d0%b5%d1%82%d0%bd%d0%b5%d0%b5-%d0%bf%d0%bb%d0%b0%d1%82%d1%8c%d0%b5-%d1%81-%d0%ba%d0%b0%d1%80%d0%bc%d0%b0%d0%bd%d0%b0%d0%bc%d0%b8-92521\/","title":{"rendered":"\u0425\u043b\u043e\u043f\u043a\u043e\u0432\u043e\u0435 \u043b\u0435\u0442\u043d\u0435\u0435 \u043f\u043b\u0430\u0442\u044c\u0435 c \u043a\u0430\u0440\u043c\u0430\u043d\u0430\u043c\u0438 92521"},"content":{"rendered":"<p class=\"MsoNormal\" style=\"margin: 0cm; font-size: medium; font-family: Calibri, sans-serif;\"><span style=\"font-size: 13.5pt; font-family: 'Times New Roman', serif; color: #777777;\">\u0421\u043e\u0441\u0442\u0430\u0432: 95% \u0445\u043b\u043e\u043f\u043e\u043a\/5% \u044d\u043b\u0430\u0441\u0442\u0430\u043d<\/span><\/p>\n<p class=\"MsoNormal\" style=\"margin: 0cm; font-size: medium; font-family: Calibri, sans-serif;\"><span style=\"font-size: 13.5pt; font-family: 'Times New Roman', serif; color: #777777;\">\u0422\u043e\u043d\u043a\u0430\u044f \u0445\u043b\u043e\u043f\u043a\u043e\u0432\u0430\u044f \u0442\u043a\u0430\u043d\u044c.<\/span><\/p>\n<p class=\"MsoNormal\" style=\"margin: 0cm; font-size: medium; font-family: Calibri, sans-serif;\"><b><span style=\"font-size: 13.5pt; font-family: 'Times New Roman', serif; color: #777777;\">S-4XL<\/span><\/b><\/p>\n<p class=\"MsoNormal\" style=\"margin: 0cm; font-size: medium; font-family: Calibri, sans-serif;\"><span style=\"font-size: 13.5pt; font-family: 'Times New Roman', serif; color: #777777;\">\u0426\u0432\u0435\u0442 \u0442\u043e\u0432\u0430\u0440\u0430 \u043c\u043e\u0436\u0435\u0442 \u043e\u0442\u043b\u0438\u0447\u0430\u0442\u044c\u0441\u044f \u043e\u0442 \u0446\u0432\u0435\u0442\u0430 \u043d\u0430 \u0444\u043e\u0442\u043e\u0433\u0440\u0430\u0444\u0438\u0438<\/span><\/p>\n<p class=\"MsoNormal\" style=\"margin: 0cm; font-size: medium; font-family: Calibri, sans-serif;\"><span style=\"font-size: 13.5pt; font-family: 'Times New Roman', serif; color: #777777;\">\u0412\u043d\u0438\u043c\u0430\u0442\u0435\u043b\u044c\u043d\u043e \u0438\u0437\u0443\u0447\u0438\u0442\u0435 \u0442\u0430\u0431\u043b\u0438\u0446\u0443 \u0440\u0430\u0437\u043c\u0435\u0440\u043e\u0432<\/span><\/p>\n<table border=\"0\" width=\"604\" cellspacing=\"0\" cellpadding=\"0\">\n<tbody>\n<tr>\n<td class=\"xl66\" width=\"151\" height=\"29\">Suurus<\/td>\n<td class=\"xl64\" width=\"151\">Rinna\u00fcmberm\u00f5\u00f5t<\/td>\n<td class=\"xl66\" width=\"151\">Puusa\u00fcmberm\u00f5\u00f5t<\/td>\n<td class=\"xl66\" width=\"151\">Pikkus<\/td>\n<\/tr>\n<tr>\n<td class=\"xl66\" height=\"29\">\u0420\u0430\u0437\u043c\u0435\u0440<\/td>\n<td class=\"xl68\" width=\"151\">\u041e\u0431\u044a\u0435\u043c \u0433\u0440\u0443\u0434\u0438<\/td>\n<td class=\"xl66\">\u041e\u0431\u044a\u0435\u043c \u0431\u0435\u0434\u0435\u0440<\/td>\n<td class=\"xl66\">\u0414\u043b\u0438\u043d\u0430<\/td>\n<\/tr>\n<tr>\n<td class=\"xl66\" height=\"29\">Size<\/td>\n<td class=\"xl68\" width=\"151\">Chest<\/td>\n<td class=\"xl66\">Hips<\/td>\n<td class=\"xl66\">Length<\/td>\n<\/tr>\n<tr>\n<td class=\"xl64\" height=\"21\">S<\/td>\n<td class=\"xl69\" width=\"151\">96<\/td>\n<td class=\"xl67\">96<\/td>\n<td class=\"xl67\">82<\/td>\n<\/tr>\n<tr>\n<td class=\"xl64\" height=\"21\">M<\/td>\n<td class=\"xl69\" width=\"151\">100<\/td>\n<td class=\"xl67\">100<\/td>\n<td class=\"xl67\">83<\/td>\n<\/tr>\n<tr>\n<td class=\"xl64\" height=\"21\">L<\/td>\n<td class=\"xl70\">104<\/td>\n<td class=\"xl67\">104<\/td>\n<td class=\"xl67\">83<\/td>\n<\/tr>\n<tr>\n<td class=\"xl64\" height=\"21\">XL<\/td>\n<td class=\"xl70\">106<\/td>\n<td class=\"xl67\">106<\/td>\n<td class=\"xl67\">87<\/td>\n<\/tr>\n<tr>\n<td class=\"xl64\" height=\"21\">2XL<\/td>\n<td class=\"xl70\">108<\/td>\n<td class=\"xl67\">106<\/td>\n<td class=\"xl67\">87<\/td>\n<\/tr>\n<tr>\n<td class=\"xl64\" height=\"21\">3XL<\/td>\n<td class=\"xl70\">110<\/td>\n<td class=\"xl67\">110<\/td>\n<td class=\"xl67\">90<\/td>\n<\/tr>\n<tr>\n<td class=\"xl64\" height=\"21\">4XL<\/td>\n<td class=\"xl70\">116<\/td>\n<td class=\"xl67\">116<\/td>\n<td class=\"xl67\">92<\/td>\n<\/tr>\n<\/tbody>\n<\/table>\n<p class=\"MsoNormal\" style=\"box-sizing: inherit; margin-bottom: 1rem; font-size: 15px; color: #777777; line-height: normal;\"><span style=\"box-sizing: inherit; font-size: 18px;\"><span style=\"font-family: Times New Roman;\">\u00a0<\/span><\/span><\/p>\n<p>&nbsp;<\/p>\n","protected":false},"excerpt":{"rendered":"<p>\u0421\u043e\u0441\u0442\u0430\u0432: 95% \u0445\u043b\u043e\u043f\u043e\u043a\/5% \u044d\u043b\u0430\u0441\u0442\u0430\u043d \u0422\u043e\u043d\u043a\u0430\u044f \u0445\u043b\u043e\u043f\u043a\u043e\u0432\u0430\u044f \u0442\u043a\u0430\u043d\u044c. S-4XL \u0426\u0432\u0435\u0442 \u0442\u043e\u0432\u0430\u0440\u0430 \u043c\u043e\u0436\u0435\u0442 \u043e\u0442\u043b\u0438\u0447\u0430\u0442\u044c\u0441\u044f \u043e\u0442 \u0446\u0432\u0435\u0442\u0430 \u043d\u0430 \u0444\u043e\u0442\u043e\u0433\u0440\u0430\u0444\u0438\u0438 \u0412\u043d\u0438\u043c\u0430\u0442\u0435\u043b\u044c\u043d\u043e \u0438\u0437\u0443\u0447\u0438\u0442\u0435 \u0442\u0430\u0431\u043b\u0438\u0446\u0443 \u0440\u0430\u0437\u043c\u0435\u0440\u043e\u0432 Suurus Rinna\u00fcmberm\u00f5\u00f5t Puusa\u00fcmberm\u00f5\u00f5t Pikkus \u0420\u0430\u0437\u043c\u0435\u0440 \u041e\u0431\u044a\u0435\u043c \u0433\u0440\u0443\u0434\u0438 \u041e\u0431\u044a\u0435\u043c \u0431\u0435\u0434\u0435\u0440 \u0414\u043b\u0438\u043d\u0430 Size Chest Hips Length S 96 96 82 M 100 100 83 L 104 104 83 XL 106 106 87 2XL 108 106 87 3XL [&hellip;]<\/p>\n","protected":false},"featured_media":8644,"template":"","meta":[],"product_brand":[],"product_cat":[81,93,101,154],"product_tag":[],"class_list":{"0":"post-8489","1":"product","2":"type-product","3":"status-publish","4":"has-post-thumbnail","6":"product_cat-81","7":"product_cat-93","8":"product_cat-101","9":"product_cat---ru","11":"first","12":"instock","13":"sale","14":"taxable","15":"shipping-taxable","16":"purchasable","17":"product-type-variable"},"yoast_head":"<!-- This site is optimized with the Yoast SEO plugin v27.3 - https:\/\/yoast.com\/product\/yoast-seo-wordpress\/ -->\n<title>\u0414\u043e\u043c\u0430\u0448\u043d\u0435\u0435 \u043f\u043b\u0430\u0442\u044c\u0435 92521<\/title>\n<meta name=\"robots\" content=\"index, follow, max-snippet:-1, max-image-preview:large, max-video-preview:-1\" \/>\n<link rel=\"canonical\" href=\"https:\/\/pidzaama.ee\/ru\/product\/%d1%85%d0%bb%d0%be%d0%bf%d0%ba%d0%be%d0%b2%d0%be%d0%b5-%d0%bb%d0%b5%d1%82%d0%bd%d0%b5%d0%b5-%d0%bf%d0%bb%d0%b0%d1%82%d1%8c%d0%b5-%d1%81-%d0%ba%d0%b0%d1%80%d0%bc%d0%b0%d0%bd%d0%b0%d0%bc%d0%b8-92521\/\" \/>\n<meta property=\"og:locale\" content=\"ru_RU\" \/>\n<meta property=\"og:type\" content=\"article\" \/>\n<meta property=\"og:title\" content=\"\u0414\u043e\u043c\u0430\u0448\u043d\u0435\u0435 \u043f\u043b\u0430\u0442\u044c\u0435 92521\" \/>\n<meta property=\"og:description\" content=\"\u0421\u043e\u0441\u0442\u0430\u0432: 95% \u0445\u043b\u043e\u043f\u043e\u043a\/5% \u044d\u043b\u0430\u0441\u0442\u0430\u043d \u0422\u043e\u043d\u043a\u0430\u044f \u0445\u043b\u043e\u043f\u043a\u043e\u0432\u0430\u044f \u0442\u043a\u0430\u043d\u044c. S-4XL \u0426\u0432\u0435\u0442 \u0442\u043e\u0432\u0430\u0440\u0430 \u043c\u043e\u0436\u0435\u0442 \u043e\u0442\u043b\u0438\u0447\u0430\u0442\u044c\u0441\u044f \u043e\u0442 \u0446\u0432\u0435\u0442\u0430 \u043d\u0430 \u0444\u043e\u0442\u043e\u0433\u0440\u0430\u0444\u0438\u0438 \u0412\u043d\u0438\u043c\u0430\u0442\u0435\u043b\u044c\u043d\u043e \u0438\u0437\u0443\u0447\u0438\u0442\u0435 \u0442\u0430\u0431\u043b\u0438\u0446\u0443 \u0440\u0430\u0437\u043c\u0435\u0440\u043e\u0432 Suurus Rinna\u00fcmberm\u00f5\u00f5t Puusa\u00fcmberm\u00f5\u00f5t Pikkus \u0420\u0430\u0437\u043c\u0435\u0440 \u041e\u0431\u044a\u0435\u043c \u0433\u0440\u0443\u0434\u0438 \u041e\u0431\u044a\u0435\u043c \u0431\u0435\u0434\u0435\u0440 \u0414\u043b\u0438\u043d\u0430 Size Chest Hips Length S 96 96 82 M 100 100 83 L 104 104 83 XL 106 106 87 2XL 108 106 87 3XL [&hellip;]\" \/>\n<meta property=\"og:url\" content=\"https:\/\/pidzaama.ee\/ru\/product\/%d1%85%d0%bb%d0%be%d0%bf%d0%ba%d0%be%d0%b2%d0%be%d0%b5-%d0%bb%d0%b5%d1%82%d0%bd%d0%b5%d0%b5-%d0%bf%d0%bb%d0%b0%d1%82%d1%8c%d0%b5-%d1%81-%d0%ba%d0%b0%d1%80%d0%bc%d0%b0%d0%bd%d0%b0%d0%bc%d0%b8-92521\/\" \/>\n<meta property=\"og:site_name\" content=\"Pidzaama House\" \/>\n<meta property=\"article:modified_time\" content=\"2025-02-09T16:43:54+00:00\" \/>\n<meta property=\"og:image\" content=\"https:\/\/pidzaama.ee\/wp-content\/uploads\/2022\/05\/92521-3.jpg\" \/>\n\t<meta property=\"og:image:width\" content=\"1200\" \/>\n\t<meta property=\"og:image:height\" content=\"1600\" \/>\n\t<meta property=\"og:image:type\" content=\"image\/jpeg\" \/>\n<meta name=\"twitter:card\" content=\"summary_large_image\" \/>\n<meta name=\"twitter:label1\" content=\"\u041f\u0440\u0438\u043c\u0435\u0440\u043d\u043e\u0435 \u0432\u0440\u0435\u043c\u044f \u0434\u043b\u044f \u0447\u0442\u0435\u043d\u0438\u044f\" \/>\n\t<meta name=\"twitter:data1\" content=\"1 \u043c\u0438\u043d\u0443\u0442\u0430\" \/>\n<script type=\"application\/ld+json\" class=\"yoast-schema-graph\">{\"@context\":\"https:\\\/\\\/schema.org\",\"@graph\":[{\"@type\":\"WebPage\",\"@id\":\"https:\\\/\\\/pidzaama.ee\\\/ru\\\/product\\\/%d1%85%d0%bb%d0%be%d0%bf%d0%ba%d0%be%d0%b2%d0%be%d0%b5-%d0%bb%d0%b5%d1%82%d0%bd%d0%b5%d0%b5-%d0%bf%d0%bb%d0%b0%d1%82%d1%8c%d0%b5-%d1%81-%d0%ba%d0%b0%d1%80%d0%bc%d0%b0%d0%bd%d0%b0%d0%bc%d0%b8-92521\\\/\",\"url\":\"https:\\\/\\\/pidzaama.ee\\\/ru\\\/product\\\/%d1%85%d0%bb%d0%be%d0%bf%d0%ba%d0%be%d0%b2%d0%be%d0%b5-%d0%bb%d0%b5%d1%82%d0%bd%d0%b5%d0%b5-%d0%bf%d0%bb%d0%b0%d1%82%d1%8c%d0%b5-%d1%81-%d0%ba%d0%b0%d1%80%d0%bc%d0%b0%d0%bd%d0%b0%d0%bc%d0%b8-92521\\\/\",\"name\":\"\u0414\u043e\u043c\u0430\u0448\u043d\u0435\u0435 \u043f\u043b\u0430\u0442\u044c\u0435 92521\",\"isPartOf\":{\"@id\":\"https:\\\/\\\/pidzaama.ee\\\/ru\\\/#website\"},\"primaryImageOfPage\":{\"@id\":\"https:\\\/\\\/pidzaama.ee\\\/ru\\\/product\\\/%d1%85%d0%bb%d0%be%d0%bf%d0%ba%d0%be%d0%b2%d0%be%d0%b5-%d0%bb%d0%b5%d1%82%d0%bd%d0%b5%d0%b5-%d0%bf%d0%bb%d0%b0%d1%82%d1%8c%d0%b5-%d1%81-%d0%ba%d0%b0%d1%80%d0%bc%d0%b0%d0%bd%d0%b0%d0%bc%d0%b8-92521\\\/#primaryimage\"},\"image\":{\"@id\":\"https:\\\/\\\/pidzaama.ee\\\/ru\\\/product\\\/%d1%85%d0%bb%d0%be%d0%bf%d0%ba%d0%be%d0%b2%d0%be%d0%b5-%d0%bb%d0%b5%d1%82%d0%bd%d0%b5%d0%b5-%d0%bf%d0%bb%d0%b0%d1%82%d1%8c%d0%b5-%d1%81-%d0%ba%d0%b0%d1%80%d0%bc%d0%b0%d0%bd%d0%b0%d0%bc%d0%b8-92521\\\/#primaryimage\"},\"thumbnailUrl\":\"https:\\\/\\\/pidzaama.ee\\\/wp-content\\\/uploads\\\/2022\\\/05\\\/92521-3.jpg\",\"datePublished\":\"2022-05-22T09:41:11+00:00\",\"dateModified\":\"2025-02-09T16:43:54+00:00\",\"breadcrumb\":{\"@id\":\"https:\\\/\\\/pidzaama.ee\\\/ru\\\/product\\\/%d1%85%d0%bb%d0%be%d0%bf%d0%ba%d0%be%d0%b2%d0%be%d0%b5-%d0%bb%d0%b5%d1%82%d0%bd%d0%b5%d0%b5-%d0%bf%d0%bb%d0%b0%d1%82%d1%8c%d0%b5-%d1%81-%d0%ba%d0%b0%d1%80%d0%bc%d0%b0%d0%bd%d0%b0%d0%bc%d0%b8-92521\\\/#breadcrumb\"},\"inLanguage\":\"ru-RU\",\"potentialAction\":[{\"@type\":\"ReadAction\",\"target\":[\"https:\\\/\\\/pidzaama.ee\\\/ru\\\/product\\\/%d1%85%d0%bb%d0%be%d0%bf%d0%ba%d0%be%d0%b2%d0%be%d0%b5-%d0%bb%d0%b5%d1%82%d0%bd%d0%b5%d0%b5-%d0%bf%d0%bb%d0%b0%d1%82%d1%8c%d0%b5-%d1%81-%d0%ba%d0%b0%d1%80%d0%bc%d0%b0%d0%bd%d0%b0%d0%bc%d0%b8-92521\\\/\"]}]},{\"@type\":\"ImageObject\",\"inLanguage\":\"ru-RU\",\"@id\":\"https:\\\/\\\/pidzaama.ee\\\/ru\\\/product\\\/%d1%85%d0%bb%d0%be%d0%bf%d0%ba%d0%be%d0%b2%d0%be%d0%b5-%d0%bb%d0%b5%d1%82%d0%bd%d0%b5%d0%b5-%d0%bf%d0%bb%d0%b0%d1%82%d1%8c%d0%b5-%d1%81-%d0%ba%d0%b0%d1%80%d0%bc%d0%b0%d0%bd%d0%b0%d0%bc%d0%b8-92521\\\/#primaryimage\",\"url\":\"https:\\\/\\\/pidzaama.ee\\\/wp-content\\\/uploads\\\/2022\\\/05\\\/92521-3.jpg\",\"contentUrl\":\"https:\\\/\\\/pidzaama.ee\\\/wp-content\\\/uploads\\\/2022\\\/05\\\/92521-3.jpg\",\"width\":1200,\"height\":1600},{\"@type\":\"BreadcrumbList\",\"@id\":\"https:\\\/\\\/pidzaama.ee\\\/ru\\\/product\\\/%d1%85%d0%bb%d0%be%d0%bf%d0%ba%d0%be%d0%b2%d0%be%d0%b5-%d0%bb%d0%b5%d1%82%d0%bd%d0%b5%d0%b5-%d0%bf%d0%bb%d0%b0%d1%82%d1%8c%d0%b5-%d1%81-%d0%ba%d0%b0%d1%80%d0%bc%d0%b0%d0%bd%d0%b0%d0%bc%d0%b8-92521\\\/#breadcrumb\",\"itemListElement\":[{\"@type\":\"ListItem\",\"position\":1,\"name\":\"Home\",\"item\":\"https:\\\/\\\/pidzaama.ee\\\/ru\\\/esileht\\\/\"},{\"@type\":\"ListItem\",\"position\":2,\"name\":\"\u041e \u041d\u0410\u0421\",\"item\":\"https:\\\/\\\/pidzaama.ee\\\/ru\\\/o-nas\\\/\"},{\"@type\":\"ListItem\",\"position\":3,\"name\":\"\u0425\u043b\u043e\u043f\u043a\u043e\u0432\u043e\u0435 \u043b\u0435\u0442\u043d\u0435\u0435 \u043f\u043b\u0430\u0442\u044c\u0435 c \u043a\u0430\u0440\u043c\u0430\u043d\u0430\u043c\u0438 92521\"}]},{\"@type\":\"WebSite\",\"@id\":\"https:\\\/\\\/pidzaama.ee\\\/ru\\\/#website\",\"url\":\"https:\\\/\\\/pidzaama.ee\\\/ru\\\/\",\"name\":\"Pidzaama House\",\"description\":\"T\u00e4iendame pidevalt meie sortimendi ning suurusi!\",\"potentialAction\":[{\"@type\":\"SearchAction\",\"target\":{\"@type\":\"EntryPoint\",\"urlTemplate\":\"https:\\\/\\\/pidzaama.ee\\\/ru\\\/?s={search_term_string}\"},\"query-input\":{\"@type\":\"PropertyValueSpecification\",\"valueRequired\":true,\"valueName\":\"search_term_string\"}}],\"inLanguage\":\"ru-RU\"}]}<\/script>\n<!-- \/ Yoast SEO plugin. -->","yoast_head_json":{"title":"\u0414\u043e\u043c\u0430\u0448\u043d\u0435\u0435 \u043f\u043b\u0430\u0442\u044c\u0435 92521","robots":{"index":"index","follow":"follow","max-snippet":"max-snippet:-1","max-image-preview":"max-image-preview:large","max-video-preview":"max-video-preview:-1"},"canonical":"https:\/\/pidzaama.ee\/ru\/product\/%d1%85%d0%bb%d0%be%d0%bf%d0%ba%d0%be%d0%b2%d0%be%d0%b5-%d0%bb%d0%b5%d1%82%d0%bd%d0%b5%d0%b5-%d0%bf%d0%bb%d0%b0%d1%82%d1%8c%d0%b5-%d1%81-%d0%ba%d0%b0%d1%80%d0%bc%d0%b0%d0%bd%d0%b0%d0%bc%d0%b8-92521\/","og_locale":"ru_RU","og_type":"article","og_title":"\u0414\u043e\u043c\u0430\u0448\u043d\u0435\u0435 \u043f\u043b\u0430\u0442\u044c\u0435 92521","og_description":"\u0421\u043e\u0441\u0442\u0430\u0432: 95% \u0445\u043b\u043e\u043f\u043e\u043a\/5% \u044d\u043b\u0430\u0441\u0442\u0430\u043d \u0422\u043e\u043d\u043a\u0430\u044f \u0445\u043b\u043e\u043f\u043a\u043e\u0432\u0430\u044f \u0442\u043a\u0430\u043d\u044c. S-4XL \u0426\u0432\u0435\u0442 \u0442\u043e\u0432\u0430\u0440\u0430 \u043c\u043e\u0436\u0435\u0442 \u043e\u0442\u043b\u0438\u0447\u0430\u0442\u044c\u0441\u044f \u043e\u0442 \u0446\u0432\u0435\u0442\u0430 \u043d\u0430 \u0444\u043e\u0442\u043e\u0433\u0440\u0430\u0444\u0438\u0438 \u0412\u043d\u0438\u043c\u0430\u0442\u0435\u043b\u044c\u043d\u043e \u0438\u0437\u0443\u0447\u0438\u0442\u0435 \u0442\u0430\u0431\u043b\u0438\u0446\u0443 \u0440\u0430\u0437\u043c\u0435\u0440\u043e\u0432 Suurus Rinna\u00fcmberm\u00f5\u00f5t Puusa\u00fcmberm\u00f5\u00f5t Pikkus \u0420\u0430\u0437\u043c\u0435\u0440 \u041e\u0431\u044a\u0435\u043c \u0433\u0440\u0443\u0434\u0438 \u041e\u0431\u044a\u0435\u043c \u0431\u0435\u0434\u0435\u0440 \u0414\u043b\u0438\u043d\u0430 Size Chest Hips Length S 96 96 82 M 100 100 83 L 104 104 83 XL 106 106 87 2XL 108 106 87 3XL [&hellip;]","og_url":"https:\/\/pidzaama.ee\/ru\/product\/%d1%85%d0%bb%d0%be%d0%bf%d0%ba%d0%be%d0%b2%d0%be%d0%b5-%d0%bb%d0%b5%d1%82%d0%bd%d0%b5%d0%b5-%d0%bf%d0%bb%d0%b0%d1%82%d1%8c%d0%b5-%d1%81-%d0%ba%d0%b0%d1%80%d0%bc%d0%b0%d0%bd%d0%b0%d0%bc%d0%b8-92521\/","og_site_name":"Pidzaama House","article_modified_time":"2025-02-09T16:43:54+00:00","og_image":[{"width":1200,"height":1600,"url":"https:\/\/pidzaama.ee\/wp-content\/uploads\/2022\/05\/92521-3.jpg","type":"image\/jpeg"}],"twitter_card":"summary_large_image","twitter_misc":{"\u041f\u0440\u0438\u043c\u0435\u0440\u043d\u043e\u0435 \u0432\u0440\u0435\u043c\u044f \u0434\u043b\u044f \u0447\u0442\u0435\u043d\u0438\u044f":"1 \u043c\u0438\u043d\u0443\u0442\u0430"},"schema":{"@context":"https:\/\/schema.org","@graph":[{"@type":"WebPage","@id":"https:\/\/pidzaama.ee\/ru\/product\/%d1%85%d0%bb%d0%be%d0%bf%d0%ba%d0%be%d0%b2%d0%be%d0%b5-%d0%bb%d0%b5%d1%82%d0%bd%d0%b5%d0%b5-%d0%bf%d0%bb%d0%b0%d1%82%d1%8c%d0%b5-%d1%81-%d0%ba%d0%b0%d1%80%d0%bc%d0%b0%d0%bd%d0%b0%d0%bc%d0%b8-92521\/","url":"https:\/\/pidzaama.ee\/ru\/product\/%d1%85%d0%bb%d0%be%d0%bf%d0%ba%d0%be%d0%b2%d0%be%d0%b5-%d0%bb%d0%b5%d1%82%d0%bd%d0%b5%d0%b5-%d0%bf%d0%bb%d0%b0%d1%82%d1%8c%d0%b5-%d1%81-%d0%ba%d0%b0%d1%80%d0%bc%d0%b0%d0%bd%d0%b0%d0%bc%d0%b8-92521\/","name":"\u0414\u043e\u043c\u0430\u0448\u043d\u0435\u0435 \u043f\u043b\u0430\u0442\u044c\u0435 92521","isPartOf":{"@id":"https:\/\/pidzaama.ee\/ru\/#website"},"primaryImageOfPage":{"@id":"https:\/\/pidzaama.ee\/ru\/product\/%d1%85%d0%bb%d0%be%d0%bf%d0%ba%d0%be%d0%b2%d0%be%d0%b5-%d0%bb%d0%b5%d1%82%d0%bd%d0%b5%d0%b5-%d0%bf%d0%bb%d0%b0%d1%82%d1%8c%d0%b5-%d1%81-%d0%ba%d0%b0%d1%80%d0%bc%d0%b0%d0%bd%d0%b0%d0%bc%d0%b8-92521\/#primaryimage"},"image":{"@id":"https:\/\/pidzaama.ee\/ru\/product\/%d1%85%d0%bb%d0%be%d0%bf%d0%ba%d0%be%d0%b2%d0%be%d0%b5-%d0%bb%d0%b5%d1%82%d0%bd%d0%b5%d0%b5-%d0%bf%d0%bb%d0%b0%d1%82%d1%8c%d0%b5-%d1%81-%d0%ba%d0%b0%d1%80%d0%bc%d0%b0%d0%bd%d0%b0%d0%bc%d0%b8-92521\/#primaryimage"},"thumbnailUrl":"https:\/\/pidzaama.ee\/wp-content\/uploads\/2022\/05\/92521-3.jpg","datePublished":"2022-05-22T09:41:11+00:00","dateModified":"2025-02-09T16:43:54+00:00","breadcrumb":{"@id":"https:\/\/pidzaama.ee\/ru\/product\/%d1%85%d0%bb%d0%be%d0%bf%d0%ba%d0%be%d0%b2%d0%be%d0%b5-%d0%bb%d0%b5%d1%82%d0%bd%d0%b5%d0%b5-%d0%bf%d0%bb%d0%b0%d1%82%d1%8c%d0%b5-%d1%81-%d0%ba%d0%b0%d1%80%d0%bc%d0%b0%d0%bd%d0%b0%d0%bc%d0%b8-92521\/#breadcrumb"},"inLanguage":"ru-RU","potentialAction":[{"@type":"ReadAction","target":["https:\/\/pidzaama.ee\/ru\/product\/%d1%85%d0%bb%d0%be%d0%bf%d0%ba%d0%be%d0%b2%d0%be%d0%b5-%d0%bb%d0%b5%d1%82%d0%bd%d0%b5%d0%b5-%d0%bf%d0%bb%d0%b0%d1%82%d1%8c%d0%b5-%d1%81-%d0%ba%d0%b0%d1%80%d0%bc%d0%b0%d0%bd%d0%b0%d0%bc%d0%b8-92521\/"]}]},{"@type":"ImageObject","inLanguage":"ru-RU","@id":"https:\/\/pidzaama.ee\/ru\/product\/%d1%85%d0%bb%d0%be%d0%bf%d0%ba%d0%be%d0%b2%d0%be%d0%b5-%d0%bb%d0%b5%d1%82%d0%bd%d0%b5%d0%b5-%d0%bf%d0%bb%d0%b0%d1%82%d1%8c%d0%b5-%d1%81-%d0%ba%d0%b0%d1%80%d0%bc%d0%b0%d0%bd%d0%b0%d0%bc%d0%b8-92521\/#primaryimage","url":"https:\/\/pidzaama.ee\/wp-content\/uploads\/2022\/05\/92521-3.jpg","contentUrl":"https:\/\/pidzaama.ee\/wp-content\/uploads\/2022\/05\/92521-3.jpg","width":1200,"height":1600},{"@type":"BreadcrumbList","@id":"https:\/\/pidzaama.ee\/ru\/product\/%d1%85%d0%bb%d0%be%d0%bf%d0%ba%d0%be%d0%b2%d0%be%d0%b5-%d0%bb%d0%b5%d1%82%d0%bd%d0%b5%d0%b5-%d0%bf%d0%bb%d0%b0%d1%82%d1%8c%d0%b5-%d1%81-%d0%ba%d0%b0%d1%80%d0%bc%d0%b0%d0%bd%d0%b0%d0%bc%d0%b8-92521\/#breadcrumb","itemListElement":[{"@type":"ListItem","position":1,"name":"Home","item":"https:\/\/pidzaama.ee\/ru\/esileht\/"},{"@type":"ListItem","position":2,"name":"\u041e \u041d\u0410\u0421","item":"https:\/\/pidzaama.ee\/ru\/o-nas\/"},{"@type":"ListItem","position":3,"name":"\u0425\u043b\u043e\u043f\u043a\u043e\u0432\u043e\u0435 \u043b\u0435\u0442\u043d\u0435\u0435 \u043f\u043b\u0430\u0442\u044c\u0435 c \u043a\u0430\u0440\u043c\u0430\u043d\u0430\u043c\u0438 92521"}]},{"@type":"WebSite","@id":"https:\/\/pidzaama.ee\/ru\/#website","url":"https:\/\/pidzaama.ee\/ru\/","name":"Pidzaama House","description":"T\u00e4iendame pidevalt meie sortimendi ning suurusi!","potentialAction":[{"@type":"SearchAction","target":{"@type":"EntryPoint","urlTemplate":"https:\/\/pidzaama.ee\/ru\/?s={search_term_string}"},"query-input":{"@type":"PropertyValueSpecification","valueRequired":true,"valueName":"search_term_string"}}],"inLanguage":"ru-RU"}]}},"_links":{"self":[{"href":"https:\/\/pidzaama.ee\/ru\/wp-json\/wp\/v2\/product\/8489","targetHints":{"allow":["GET"]}}],"collection":[{"href":"https:\/\/pidzaama.ee\/ru\/wp-json\/wp\/v2\/product"}],"about":[{"href":"https:\/\/pidzaama.ee\/ru\/wp-json\/wp\/v2\/types\/product"}],"wp:featuredmedia":[{"embeddable":true,"href":"https:\/\/pidzaama.ee\/ru\/wp-json\/wp\/v2\/media\/8644"}],"wp:attachment":[{"href":"https:\/\/pidzaama.ee\/ru\/wp-json\/wp\/v2\/media?parent=8489"}],"wp:term":[{"taxonomy":"product_brand","embeddable":true,"href":"https:\/\/pidzaama.ee\/ru\/wp-json\/wp\/v2\/product_brand?post=8489"},{"taxonomy":"product_cat","embeddable":true,"href":"https:\/\/pidzaama.ee\/ru\/wp-json\/wp\/v2\/product_cat?post=8489"},{"taxonomy":"product_tag","embeddable":true,"href":"https:\/\/pidzaama.ee\/ru\/wp-json\/wp\/v2\/product_tag?post=8489"}],"curies":[{"name":"wp","href":"https:\/\/api.w.org\/{rel}","templated":true}]}}